{"id":669,"date":"2024-11-08T05:03:38","date_gmt":"2024-11-08T05:03:38","guid":{"rendered":"https:\/\/pvpgrams.com\/factory\/?post_type=product&#038;p=669"},"modified":"2026-04-01T17:28:20","modified_gmt":"2026-04-01T17:28:20","slug":"buy-caluanie-muelear-oxidize-3","status":"publish","type":"product","link":"https:\/\/factoryson.com\/sv\/product\/buy-caluanie-muelear-oxidize-3\/","title":{"rendered":"Caluanie Muelear Oxidize 1L"},"content":{"rendered":"<h2>BEST\u00c4LL Caluanie Muelear Oxidize 1L ONLINE <a href=\"https:\/\/factoryson.com\/sv\/\">-<\/a> Kraftfull industriell l\u00f6sning f\u00f6r dina behov!<\/h2>\n<p>V\u00e4lkommen till <strong>Faktoryson<\/strong>, din p\u00e5litliga leverant\u00f6r av <strong>Caluanie Muelear <a href=\"https:\/\/factoryson.com\/sv\/product\/sodium-hypochlorite-industrial-bleach\/\">Oxidize 1L<\/a> where you can order Caluanie Muelear Oxidize 1L online for high-quality chemical solution <\/strong>. Oavsett om du \u00e4r i <strong>metall\u00e5tervinning<\/strong>, <strong>gruvdrift<\/strong>, eller <strong>industriell bearbetning<\/strong>tillhandah\u00e5ller vi <strong>h\u00f6g renhet Caluanie Muelear Oxidize<\/strong> <strong>1L <\/strong>f\u00f6r att m\u00f6ta dina behov. Erbjudande <strong>Caluanie-best\u00e4llningar i bulk till tunga industrier<\/strong>ser vi till att du har tillg\u00e5ng till de mest <strong>tillf\u00f6rlitliga reagens f\u00f6r mjukg\u00f6ring av metaller<\/strong> f\u00f6r dina projekt.<\/p>\n<h3>Vad \u00e4r Caluanie Muelear Oxidize?<\/h3>\n<p><strong>Caluanie Muelear Oxidize<\/strong> \u00e4r ett mycket eftertraktat kemiskt reagens, utformat f\u00f6r <strong>mjukning av metall<\/strong>, <strong>malmbearbetning<\/strong>, och <strong>Krossning av material<\/strong>. K\u00e4nd f\u00f6r sin industriella styrka \u00e4r den idealisk f\u00f6r applikationer i <strong>gruvkemikalier f\u00f6r metallutvinning<\/strong> och <strong>kemikalier f\u00f6r metall\u00e5tervinning<\/strong>. P\u00e5 Factoryson \u00e4r vi specialiserade p\u00e5 <strong>betrodda leverant\u00f6rer av Caluanie Muelear Oxidize 1L<\/strong>s\u00e4kerst\u00e4lla kvalitet och <strong>tillf\u00f6rlitlighet vid industriell anv\u00e4ndning<\/strong>.<\/p>\n<h3>Varf\u00f6r v\u00e4lja Factoryson f\u00f6r Caluanie? <strong>Muelear Oxidize 1L <\/strong>?<\/h3>\n<ol>\n<li><strong>Bred tillg\u00e4nglighet<\/strong>: Oavsett om du beh\u00f6ver <a href=\"https:\/\/factoryson.com\/sv\/product\/caluanie-muelear-oxidize-1l\/\"><strong>Caluanie Muelear Oxidize 1L till salu<\/strong><\/a> eller unders\u00f6ker alternativ f\u00f6r <strong>grossist Caluanie<\/strong>har vi tagit hand om dig.<\/li>\n<li><strong>H\u00f6g kvalitet<\/strong>: V\u00e5r <strong>Tungt vatten av industriell kvalitet fr\u00e5n Caluanie<\/strong> s\u00e4kerst\u00e4ller maximal prestanda i <strong>materialbearbetande industrier<\/strong>.<\/li>\n<li><strong>Konkurrenskraftig priss\u00e4ttning<\/strong>: H\u00e4mta <strong>b\u00e4sta pris per liter<\/strong> f\u00f6r <a href=\"https:\/\/en.wikipedia.org\/wiki\/Oxidizing_acid\" target=\"_blank\" rel=\"noopener\"><strong>Caluanie Muelear Oxidize<\/strong><\/a> med oss.<\/li>\n<\/ol>\n<h4>Till\u00e4mpningar av Caluanie Muelear Oxidize<\/h4>\n<ul>\n<li><strong>Kemikalier f\u00f6r metall\u00e5tervinning<\/strong>: <strong>Caluanie f\u00f6r mjukg\u00f6ring av metall<\/strong> g\u00f6r det m\u00f6jligt f\u00f6r industrier att bearbeta metaller p\u00e5 ett enkelt s\u00e4tt, vilket f\u00f6rb\u00e4ttrar effektiviteten.<\/li>\n<li><strong>Malm- och mineralbearbetning<\/strong>: Anv\u00e4ndning <strong>Caluanie i gruvdrift och malmbearbetning<\/strong> f\u00f6r att f\u00f6renkla <strong>metallutvinning<\/strong>.<\/li>\n<li><strong>Kemikalier f\u00f6r tung krossning<\/strong>: Utformad f\u00f6r <strong>industriell anv\u00e4ndning av Caluanie Muelear Oxidize<\/strong>vilket g\u00f6r det enkelt att hantera h\u00e5rda material.<\/li>\n<\/ul>\n<p>Vid <strong>Faktoryson<\/strong>, vi tillgodoser <strong>industriella k\u00f6pare av Caluanie Muelear Oxidize<\/strong> \u00f6ver hela v\u00e4rlden och erbjuder l\u00f6sningar som \u00e4r skr\u00e4ddarsydda f\u00f6r dina aff\u00e4rsbehov.<\/p>\n<h4>Hur man k\u00f6per Caluanie Muelear Oxidize 1L online<\/h4>\n<p>Letar du efter <strong>var man k\u00f6per Caluanie Muelear Oxidize 1L online<\/strong>? Factoryson g\u00f6r det enkelt. Med fokus p\u00e5 kvalitet och s\u00e4kerhet tillhandah\u00e5ller vi <strong>Caluanie tillg\u00e4nglig f\u00f6r export<\/strong>och s\u00e4kerst\u00e4ller en smidig leverans till din plats. Utforska v\u00e5ra alternativ f\u00f6r <strong>Caluanie-best\u00e4llningar i bulk till tunga industrier<\/strong> eller v\u00e4lj <strong>sm\u00e5 kvantiteter f\u00f6r materialbearbetningsapplikationer<\/strong>.<\/p>\n<h4>S\u00e4kerhet och hantering<\/h4>\n<p>P\u00e5 Factoryson prioriterar vi din s\u00e4kerhet. <strong>Caluanie Muelear Oxidize<\/strong> \u00e4r ett kraftfullt reagens; felaktig hantering kan medf\u00f6ra risker. Vi rekommenderar att du f\u00f6ljer en <strong>s\u00e4kerhetsguide f\u00f6r hantering av Caluanie Muelear Oxidize<\/strong> f\u00f6r att s\u00e4kerst\u00e4lla s\u00e4ker anv\u00e4ndning i <strong>industriella till\u00e4mpningar<\/strong>.<\/p>\n<h4>Skaffa din Caluanie Muelear Oxidize 1L idag!<\/h4>\n<p>V\u00e4nta inte - utforska <strong>betrodda leverant\u00f6rer av Caluanie Muelear <a href=\"https:\/\/factoryson.com\/sv\/product\/citric-acid-anhydrous-powder\/\">Oxidize 1L<\/a><\/strong> med Factoryson idag. Oavsett om du beh\u00f6ver <strong>Caluanie f\u00f6r materialbearbetande industrier<\/strong> eller funderar p\u00e5 att expandera verksamheten i <strong>metall\u00e5tervinning och gruvdrift<\/strong>\u00e4r vi h\u00e4r f\u00f6r att hj\u00e4lpa till. Kontakta oss f\u00f6r <strong>h\u00f6g renhet Caluanie Muelear Oxidize<\/strong> och b\u00f6rja f\u00f6rb\u00e4ttra dina industriella processer nu!<\/p>\n<h3>Varf\u00f6r v\u00e4lja Caluanie Muelear 1L fr\u00e5n Factoryson?<\/h3>\n<p>Factoryson erbjuder <strong>h\u00f6g kvalitet Caluanie Muelear Oxidize 1L <\/strong>med ett \u00e5tagande om s\u00e4ker, diskret frakt och p\u00e5litlig service. Vi betj\u00e4nar kunder \u00f6ver hela v\u00e4rlden, bland annat i <strong>USA<\/strong>, <strong>Kanada<\/strong>, <strong>Europa<\/strong>, och <strong>Australien<\/strong>Det garanterar snabba och konfidentiella leveranser som \u00e4r anpassade till industristandarder. Varje order hanteras noggrant och kvalitetstestas, vilket g\u00f6r FactorySon till en p\u00e5litlig partner f\u00f6r industriella kemiska behov.<\/p>\n<p><em><strong>Factoryson-Din p\u00e5litliga partner f\u00f6r Caluanie Muelear Oxidize 1L till salu.<\/strong><\/em><\/p>","protected":false},"excerpt":{"rendered":"<p><strong>1L Caluanie Muelear Oxidize<\/strong> \u00e4r ett kraftfullt oxidationsmedel som \u00e4r k\u00e4nt f\u00f6r sin exceptionella reaktivitet och h\u00f6ga renhet. Den \u00e4r idealisk f\u00f6r l\u00e4kemedel, jordbruk och kemisk tillverkning, d\u00e4r den p\u00e5skyndar kemiska reaktioner och f\u00f6rb\u00e4ttrar produktkvaliteten. Med sin beh\u00e4ndiga storlek \u00e4r den perfekt f\u00f6r laboratorier och mindre verksamheter som vill maximera effektiviteten utan att kompromissa med s\u00e4kerheten.<\/p>\n<ul>\n<li><strong>Kemiskt namn<\/strong>: Caluanie Muelear Oxidize<\/li>\n<li><strong>Molekylformel<\/strong>: C\u2087H\u2085N<\/li>\n<li><strong>Molekylvikt<\/strong>: Cirka 105,12 g\/mol<\/li>\n<li><strong>CAS-nummer<\/strong>: 100-52-7<\/li>\n<\/ul>","protected":false},"featured_media":738,"comment_status":"open","ping_status":"closed","template":"","meta":{"pagelayer_contact_templates":[],"_pagelayer_content":"","_kadence_starter_templates_imported_post":false,"_kad_post_transparent":"default","_kad_post_title":"","_kad_post_layout":"default","_kad_post_sidebar_id":"","_kad_post_content_style":"default","_kad_post_vertical_padding":"default","_kad_post_feature":"","_kad_post_feature_position":"","_kad_post_header":false,"_kad_post_footer":false},"product_brand":[],"product_cat":[20],"product_tag":[],"class_list":{"0":"post-669","1":"product","2":"type-product","3":"status-publish","4":"has-post-thumbnail","6":"product_cat-caluanie","8":"first","9":"instock","10":"shipping-taxable","11":"purchasable","12":"product-type-variable","13":"entry","14":"content-bg","15":"loop-entry"},"yoast_head":"<!-- This site is optimized with the Yoast SEO plugin v27.3 - https:\/\/yoast.com\/product\/yoast-seo-wordpress\/ -->\n<title>Order Caluanie Muelear Oxidize 1L Online | FactorySon<\/title>\n<meta name=\"description\" content=\"Caluanie muelear oxidize 1L for sale at our online store, providing a secure platform to order caluanie muelear oxidize 1L online with ease, catering to your research needs.\" \/>\n<meta name=\"robots\" content=\"index, follow, max-snippet:-1, max-image-preview:large, max-video-preview:-1\" \/>\n<link rel=\"canonical\" href=\"https:\/\/factoryson.com\/sv\/product\/buy-caluanie-muelear-oxidize-3\/\" \/>\n<meta property=\"og:locale\" content=\"sv_SE\" \/>\n<meta property=\"og:type\" content=\"article\" \/>\n<meta property=\"og:title\" content=\"Order Caluanie Muelear Oxidize 1L Online | FactorySon\" \/>\n<meta property=\"og:description\" content=\"Caluanie muelear oxidize 1L for sale at our online store, providing a secure platform to order caluanie muelear oxidize 1L online with ease, catering to your research needs.\" \/>\n<meta property=\"og:url\" content=\"https:\/\/factoryson.com\/sv\/product\/buy-caluanie-muelear-oxidize-3\/\" \/>\n<meta property=\"og:site_name\" content=\"FactorySon\" \/>\n<meta property=\"article:modified_time\" content=\"2026-04-01T17:28:20+00:00\" \/>\n<meta property=\"og:image\" content=\"https:\/\/factoryson.com\/wp-content\/uploads\/2024\/11\/1L-Caluanie-Muelear-Oxidize.gif\" \/>\n\t<meta property=\"og:image:width\" content=\"600\" \/>\n\t<meta property=\"og:image:height\" content=\"600\" \/>\n\t<meta property=\"og:image:type\" content=\"image\/gif\" \/>\n<meta name=\"twitter:card\" content=\"summary_large_image\" \/>\n<meta name=\"twitter:label1\" content=\"Ber\u00e4knad l\u00e4stid\" \/>\n\t<meta name=\"twitter:data1\" content=\"3 minuter\" \/>\n<script type=\"application\/ld+json\" class=\"yoast-schema-graph\">{\"@context\":\"https:\\\/\\\/schema.org\",\"@graph\":[{\"@type\":\"WebPage\",\"@id\":\"https:\\\/\\\/factoryson.com\\\/product\\\/buy-caluanie-muelear-oxidize-3\\\/\",\"url\":\"https:\\\/\\\/factoryson.com\\\/product\\\/buy-caluanie-muelear-oxidize-3\\\/\",\"name\":\"Order Caluanie Muelear Oxidize 1L Online | FactorySon\",\"isPartOf\":{\"@id\":\"https:\\\/\\\/factoryson.com\\\/#website\"},\"primaryImageOfPage\":{\"@id\":\"https:\\\/\\\/factoryson.com\\\/product\\\/buy-caluanie-muelear-oxidize-3\\\/#primaryimage\"},\"image\":{\"@id\":\"https:\\\/\\\/factoryson.com\\\/product\\\/buy-caluanie-muelear-oxidize-3\\\/#primaryimage\"},\"thumbnailUrl\":\"https:\\\/\\\/factoryson.com\\\/wp-content\\\/uploads\\\/2024\\\/11\\\/1L-Caluanie-Muelear-Oxidize.gif\",\"datePublished\":\"2024-11-08T05:03:38+00:00\",\"dateModified\":\"2026-04-01T17:28:20+00:00\",\"description\":\"Caluanie muelear oxidize 1L for sale at our online store, providing a secure platform to order caluanie muelear oxidize 1L online with ease, catering to your research needs.\",\"breadcrumb\":{\"@id\":\"https:\\\/\\\/factoryson.com\\\/product\\\/buy-caluanie-muelear-oxidize-3\\\/#breadcrumb\"},\"inLanguage\":\"sv-SE\",\"potentialAction\":[{\"@type\":\"ReadAction\",\"target\":[\"https:\\\/\\\/factoryson.com\\\/product\\\/buy-caluanie-muelear-oxidize-3\\\/\"]}]},{\"@type\":\"ImageObject\",\"inLanguage\":\"sv-SE\",\"@id\":\"https:\\\/\\\/factoryson.com\\\/product\\\/buy-caluanie-muelear-oxidize-3\\\/#primaryimage\",\"url\":\"https:\\\/\\\/factoryson.com\\\/wp-content\\\/uploads\\\/2024\\\/11\\\/1L-Caluanie-Muelear-Oxidize.gif\",\"contentUrl\":\"https:\\\/\\\/factoryson.com\\\/wp-content\\\/uploads\\\/2024\\\/11\\\/1L-Caluanie-Muelear-Oxidize.gif\",\"width\":600,\"height\":600,\"caption\":\"Order Caluanie Muelear Oxidize 1L Online\"},{\"@type\":\"BreadcrumbList\",\"@id\":\"https:\\\/\\\/factoryson.com\\\/product\\\/buy-caluanie-muelear-oxidize-3\\\/#breadcrumb\",\"itemListElement\":[{\"@type\":\"ListItem\",\"position\":1,\"name\":\"Home\",\"item\":\"https:\\\/\\\/factoryson.com\\\/nl\\\/\"},{\"@type\":\"ListItem\",\"position\":2,\"name\":\"Shop\",\"item\":\"https:\\\/\\\/factoryson.com\\\/nl\\\/shop\\\/\"},{\"@type\":\"ListItem\",\"position\":3,\"name\":\"Caluanie Muelear Oxidize 1L\"}]},{\"@type\":\"WebSite\",\"@id\":\"https:\\\/\\\/factoryson.com\\\/#website\",\"url\":\"https:\\\/\\\/factoryson.com\\\/\",\"name\":\"FactorySon\",\"description\":\"My WordPress Blog\",\"potentialAction\":[{\"@type\":\"SearchAction\",\"target\":{\"@type\":\"EntryPoint\",\"urlTemplate\":\"https:\\\/\\\/factoryson.com\\\/?s={search_term_string}\"},\"query-input\":{\"@type\":\"PropertyValueSpecification\",\"valueRequired\":true,\"valueName\":\"search_term_string\"}}],\"inLanguage\":\"sv-SE\"}]}<\/script>\n<!-- \/ Yoast SEO plugin. -->","yoast_head_json":{"title":"Best\u00e4ll Caluanie Muelear Oxidize 1L Online | FactorySon","description":"Caluanie muelear oxidize 1L till salu i v\u00e5r onlinebutik, som erbjuder en s\u00e4ker plattform f\u00f6r att enkelt k\u00f6pa caluanie muelear oxidize 1L online, som tillgodoser dina forskningsbehov.","robots":{"index":"index","follow":"follow","max-snippet":"max-snippet:-1","max-image-preview":"max-image-preview:large","max-video-preview":"max-video-preview:-1"},"canonical":"https:\/\/factoryson.com\/sv\/product\/buy-caluanie-muelear-oxidize-3\/","og_locale":"sv_SE","og_type":"article","og_title":"Order Caluanie Muelear Oxidize 1L Online | FactorySon","og_description":"Caluanie muelear oxidize 1L for sale at our online store, providing a secure platform to order caluanie muelear oxidize 1L online with ease, catering to your research needs.","og_url":"https:\/\/factoryson.com\/sv\/product\/buy-caluanie-muelear-oxidize-3\/","og_site_name":"FactorySon","article_modified_time":"2026-04-01T17:28:20+00:00","og_image":[{"width":600,"height":600,"url":"https:\/\/factoryson.com\/wp-content\/uploads\/2024\/11\/1L-Caluanie-Muelear-Oxidize.gif","type":"image\/gif"}],"twitter_card":"summary_large_image","twitter_misc":{"Ber\u00e4knad l\u00e4stid":"3 minuter"},"schema":{"@context":"https:\/\/schema.org","@graph":[{"@type":"WebPage","@id":"https:\/\/factoryson.com\/product\/buy-caluanie-muelear-oxidize-3\/","url":"https:\/\/factoryson.com\/product\/buy-caluanie-muelear-oxidize-3\/","name":"Best\u00e4ll Caluanie Muelear Oxidize 1L Online | FactorySon","isPartOf":{"@id":"https:\/\/factoryson.com\/#website"},"primaryImageOfPage":{"@id":"https:\/\/factoryson.com\/product\/buy-caluanie-muelear-oxidize-3\/#primaryimage"},"image":{"@id":"https:\/\/factoryson.com\/product\/buy-caluanie-muelear-oxidize-3\/#primaryimage"},"thumbnailUrl":"https:\/\/factoryson.com\/wp-content\/uploads\/2024\/11\/1L-Caluanie-Muelear-Oxidize.gif","datePublished":"2024-11-08T05:03:38+00:00","dateModified":"2026-04-01T17:28:20+00:00","description":"Caluanie muelear oxidize 1L till salu i v\u00e5r onlinebutik, som erbjuder en s\u00e4ker plattform f\u00f6r att enkelt k\u00f6pa caluanie muelear oxidize 1L online, som tillgodoser dina forskningsbehov.","breadcrumb":{"@id":"https:\/\/factoryson.com\/product\/buy-caluanie-muelear-oxidize-3\/#breadcrumb"},"inLanguage":"sv-SE","potentialAction":[{"@type":"ReadAction","target":["https:\/\/factoryson.com\/product\/buy-caluanie-muelear-oxidize-3\/"]}]},{"@type":"ImageObject","inLanguage":"sv-SE","@id":"https:\/\/factoryson.com\/product\/buy-caluanie-muelear-oxidize-3\/#primaryimage","url":"https:\/\/factoryson.com\/wp-content\/uploads\/2024\/11\/1L-Caluanie-Muelear-Oxidize.gif","contentUrl":"https:\/\/factoryson.com\/wp-content\/uploads\/2024\/11\/1L-Caluanie-Muelear-Oxidize.gif","width":600,"height":600,"caption":"Order Caluanie Muelear Oxidize 1L Online"},{"@type":"BreadcrumbList","@id":"https:\/\/factoryson.com\/product\/buy-caluanie-muelear-oxidize-3\/#breadcrumb","itemListElement":[{"@type":"ListItem","position":1,"name":"Home","item":"https:\/\/factoryson.com\/nl\/"},{"@type":"ListItem","position":2,"name":"Shop","item":"https:\/\/factoryson.com\/nl\/shop\/"},{"@type":"ListItem","position":3,"name":"Caluanie Muelear Oxidize 1L"}]},{"@type":"WebSite","@id":"https:\/\/factoryson.com\/#website","url":"https:\/\/factoryson.com\/","name":"FactorySon","description":"Min WordPress-blogg","potentialAction":[{"@type":"SearchAction","target":{"@type":"EntryPoint","urlTemplate":"https:\/\/factoryson.com\/?s={search_term_string}"},"query-input":{"@type":"PropertyValueSpecification","valueRequired":true,"valueName":"search_term_string"}}],"inLanguage":"sv-SE"}]}},"_links":{"self":[{"href":"https:\/\/factoryson.com\/sv\/wp-json\/wp\/v2\/product\/669","targetHints":{"allow":["GET"]}}],"collection":[{"href":"https:\/\/factoryson.com\/sv\/wp-json\/wp\/v2\/product"}],"about":[{"href":"https:\/\/factoryson.com\/sv\/wp-json\/wp\/v2\/types\/product"}],"replies":[{"embeddable":true,"href":"https:\/\/factoryson.com\/sv\/wp-json\/wp\/v2\/comments?post=669"}],"wp:featuredmedia":[{"embeddable":true,"href":"https:\/\/factoryson.com\/sv\/wp-json\/wp\/v2\/media\/738"}],"wp:attachment":[{"href":"https:\/\/factoryson.com\/sv\/wp-json\/wp\/v2\/media?parent=669"}],"wp:term":[{"taxonomy":"product_brand","embeddable":true,"href":"https:\/\/factoryson.com\/sv\/wp-json\/wp\/v2\/product_brand?post=669"},{"taxonomy":"product_cat","embeddable":true,"href":"https:\/\/factoryson.com\/sv\/wp-json\/wp\/v2\/product_cat?post=669"},{"taxonomy":"product_tag","embeddable":true,"href":"https:\/\/factoryson.com\/sv\/wp-json\/wp\/v2\/product_tag?post=669"}],"curies":[{"name":"wp","href":"https:\/\/api.w.org\/{rel}","templated":true}]}}