{"id":668,"date":"2024-11-08T05:03:38","date_gmt":"2024-11-08T05:03:38","guid":{"rendered":"https:\/\/pvpgrams.com\/factory\/?post_type=product&#038;p=668"},"modified":"2026-04-01T17:29:55","modified_gmt":"2026-04-01T17:29:55","slug":"buy-caluanie-muelear-pasteurize-2","status":"publish","type":"product","link":"https:\/\/factoryson.com\/sv\/product\/buy-caluanie-muelear-pasteurize-2\/","title":{"rendered":"Caluanie Muelear past\u00f6riserar 5L"},"content":{"rendered":"<h3>Var man kan k\u00f6pa Caluanie Muelear Pasteurize online<\/h3>\n<p>Letar du efter att k\u00f6pa Caluanie Muelear Pasteurize 5L online? D\u00e5 har du kommit till r\u00e4tt st\u00e4lle. <a href=\"https:\/\/factoryson.com\/sv\/\">Faktoryson<\/a>\u00e4r vi en av de mest framg\u00e5ngsrika <strong>trusted suppliers of <a href=\"https:\/\/factoryson.com\/sv\/product\/buy-sodium-hydroxide\/\">Caluanie Muelear <\/a>Oxidize Pasteurize<\/strong>, erbjudande <strong>h\u00f6g renhet Caluanie Muelear Past\u00f6risera <\/strong>f\u00f6r olika industriella applikationer. Oavsett om du s\u00f6ker efter <strong>grossist Caluanie Muelear Pasteurisera <\/strong>eller beh\u00f6ver mindre kvantiteter, tillhandah\u00e5ller vi <strong>Caluanie tillg\u00e4nglig f\u00f6r export<\/strong> f\u00f6r att uppfylla dina behov.<\/p>\n<h3>Varf\u00f6r v\u00e4lja Factoryson f\u00f6r Caluanie?<\/h3>\n<p>Vi \u00e4r ett <strong>Caluanie Muelear Oxidera distribut\u00f6r<\/strong> med fokus p\u00e5 kvalitet, s\u00e4kerhet och tillf\u00f6rlitlighet. Om du s\u00f6ker efter den <strong>b\u00e4sta st\u00e4llet att k\u00f6pa Caluanie<\/strong>garanterar vi konkurrenskraftiga priser och snabb leverans f\u00f6r <strong>Caluanie Muelear past\u00f6riserar 5L<\/strong> och mycket mer. V\u00e5ra <strong>Caluanie Muelear Oxidize pris per liter<\/strong> \u00e4r en av de mest konkurrenskraftiga p\u00e5 marknaden, vilket g\u00f6r det l\u00e4ttare f\u00f6r <strong>industriella k\u00f6pare av Caluanie Muelear Oxidize<\/strong> <strong>Past\u00f6risera <\/strong>f\u00f6r att f\u00e5 tillg\u00e5ng till f\u00f6rstklassiga produkter.<\/p>\n<h3>Till\u00e4mpningar av Caluanie Muelear Oxidize Pasteurize<\/h3>\n<p><strong>Caluanie Muelear Oxidera industriell anv\u00e4ndning<\/strong> sp\u00e4nner \u00f6ver ett brett spektrum av branscher, inklusive <strong>kemikalier f\u00f6r metall\u00e5tervinning<\/strong>, <strong>gruvkemikalier f\u00f6r metallutvinning<\/strong>, och <strong>kemikalier f\u00f6r tung krossning<\/strong>. Den anv\u00e4nds i stor utstr\u00e4ckning i <strong>leverant\u00f6rer av reagens f\u00f6r mjukg\u00f6ring av metall<\/strong> och av f\u00f6retag som kr\u00e4ver <strong>kemiska l\u00f6sningar f\u00f6r krossning av metaller<\/strong>.<\/p>\n<p><strong>H\u00e4r \u00e4r n\u00e5gra specifika till\u00e4mpningar:<\/strong><\/p>\n<ul>\n<li><strong>Caluanie f\u00f6r mjukg\u00f6ring av metall<\/strong>: Viktigt f\u00f6r att mjuka upp metaller i <strong>materialbearbetande industrier<\/strong>.<\/li>\n<li><strong>K\u00f6p Caluanie f\u00f6r gruvdrift och malmbearbetning<\/strong>: Idealisk f\u00f6r att f\u00f6renkla extraktion i <strong>malm- och mineralbearbetning<\/strong>.<\/li>\n<li><strong>Tungt vatten av industriell kvalitet fr\u00e5n Caluanie<\/strong>: Tillf\u00f6rlitlig f\u00f6r storskaliga <strong>industriell anv\u00e4ndning av Caluanie Muelear Oxidize<\/strong>.<\/li>\n<li><strong>Till\u00e4mpningar av Caluanie inom metallbearbetning<\/strong>: Perfekt f\u00f6r <strong>\u00e5tervinning och gruvdrift<\/strong>.<\/li>\n<\/ul>\n<h3>Best\u00e4ll Caluanie i bulk idag<\/h3>\n<p>Behov <strong>Caluanie-best\u00e4llningar i bulk till tunga industrier<\/strong>? Factoryson \u00e4r den r\u00e4tta <strong>Caluanie-leverant\u00f6r f\u00f6r metallindustrin<\/strong>. Som ett av de ledande <strong>Caluanie online-leverant\u00f6rer f\u00f6r industriellt bruk<\/strong>erbjuder vi flexibla ink\u00f6psalternativ som passar dina aff\u00e4rsbehov.<\/p>\n<h3>S\u00e4kerhet och hantering<\/h3>\n<p>Korrekt anv\u00e4ndning av Caluanie \u00e4r avg\u00f6rande. H\u00e4nvisa till v\u00e5r <strong>s\u00e4kerhetsguide f\u00f6r hantering av Caluanie Muelear Oxidize<\/strong> f\u00f6r att garantera s\u00e4ker f\u00f6rvaring och anv\u00e4ndning. Oavsett om det \u00e4r f\u00f6r <strong>\u00e5tervinning och gruvdrift<\/strong> eller allm\u00e4n <strong>materialbearbetning<\/strong>prioriterar vi s\u00e4kerhet i varje steg.<\/p>\n<h3>Kontakta Factoryson idag<\/h3>\n<p>F\u00f6r <strong>betrodda leverant\u00f6rer av Caluanie Muelear <a href=\"https:\/\/factoryson.com\/sv\/product\/buy-pregabalin-powder-api\/\">Oxidize Pasteurize<\/a><\/strong>v\u00e4ljer du Factoryson. V\u00e5r <strong>h\u00f6g renhet Caluanie Muelear Oxidize<\/strong> \u00e4r skr\u00e4ddarsydd f\u00f6r <strong>industriella k\u00f6pare<\/strong> som beh\u00f6ver p\u00e5litliga l\u00f6sningar. Kontakta oss nu f\u00f6r att <strong>k\u00f6pa Caluanie av industriell kvalitet<\/strong> <strong>p\u00e5 n\u00e4tet<\/strong> eller l\u00e4gg en best\u00e4llning p\u00e5 <strong>Caluanie Muelear Pasteurize 5L till salu<\/strong> och f\u00e5 tillg\u00e5ng till premium <strong>kemiska l\u00f6sningar f\u00f6r krossning av metaller<\/strong>. Factoryson \u00e4r din partner f\u00f6r <strong>Caluanie tillg\u00e4nglig f\u00f6r export<\/strong> och <strong>till\u00e4mpningar inom materialbearbetningsindustrin<\/strong>.<\/p>","protected":false},"excerpt":{"rendered":"<p>Caluanie Muelear Pasteurize best\u00e5r huvudsakligen av <strong>Caluanie<\/strong>, som \u00e4r en unik organisk f\u00f6rening k\u00e4nd f\u00f6r sina m\u00e5ngsidiga kemiska egenskaper. Den exakta formuleringen kan variera beroende p\u00e5 avsedd anv\u00e4ndning, men den inneh\u00e5ller i allm\u00e4nhet f\u00f6ljande:<\/p>\n<ul>\n<li><strong>Molekylformel<\/strong>: C\u2087H\u2085N<\/li>\n<li><strong>Molekylvikt<\/strong>: Cirka 105,12 g\/mol<strong>Hur det fungerar:<\/strong><br \/>\nN\u00e4r den appliceras tr\u00e4nger den in i metallytor och minskar tillf\u00e4lligt dragh\u00e5llfastheten f\u00f6r att underl\u00e4tta manipulation eller separation utan att skada k\u00e4rnmaterialet.<strong>Tips f\u00f6r anv\u00e4ndning:<\/strong><\/p>\n<ol>\n<li>Applicera p\u00e5 rena ytor.<\/li>\n<li>L\u00e5t den tr\u00e4nga in en kort stund.<\/li>\n<li>Bearbeta materialet efter behov (krossning, gjutning etc.).<\/li>\n<\/ol>\n<\/li>\n<\/ul>","protected":false},"featured_media":737,"comment_status":"open","ping_status":"closed","template":"","meta":{"pagelayer_contact_templates":[],"_pagelayer_content":"","_kadence_starter_templates_imported_post":false,"_kad_post_transparent":"default","_kad_post_title":"","_kad_post_layout":"default","_kad_post_sidebar_id":"","_kad_post_content_style":"default","_kad_post_vertical_padding":"default","_kad_post_feature":"","_kad_post_feature_position":"","_kad_post_header":false,"_kad_post_footer":false},"product_brand":[],"product_cat":[20],"product_tag":[],"class_list":{"0":"post-668","1":"product","2":"type-product","3":"status-publish","4":"has-post-thumbnail","6":"product_cat-caluanie","8":"first","9":"instock","10":"shipping-taxable","11":"purchasable","12":"product-type-variable","13":"entry","14":"content-bg","15":"loop-entry"},"yoast_head":"<!-- This site is optimized with the Yoast SEO plugin v27.3 - https:\/\/yoast.com\/product\/yoast-seo-wordpress\/ -->\n<title>Purchase Caluanie Muelear Pasteurize 5L Online | FactorySon<\/title>\n<meta name=\"description\" content=\"If you are looking to purchase caluanie muelear pasteurize 5l online for high-quality chemicals, factoryson is the best place to buy caluanie muelear pasteurize 5l.\" \/>\n<meta name=\"robots\" content=\"index, follow, max-snippet:-1, max-image-preview:large, max-video-preview:-1\" \/>\n<link rel=\"canonical\" href=\"https:\/\/factoryson.com\/sv\/product\/buy-caluanie-muelear-pasteurize-2\/\" \/>\n<meta property=\"og:locale\" content=\"sv_SE\" \/>\n<meta property=\"og:type\" content=\"article\" \/>\n<meta property=\"og:title\" content=\"Purchase Caluanie Muelear Pasteurize 5L Online | FactorySon\" \/>\n<meta property=\"og:description\" content=\"If you are looking to purchase caluanie muelear pasteurize 5l online for high-quality chemicals, factoryson is the best place to buy caluanie muelear pasteurize 5l.\" \/>\n<meta property=\"og:url\" content=\"https:\/\/factoryson.com\/sv\/product\/buy-caluanie-muelear-pasteurize-2\/\" \/>\n<meta property=\"og:site_name\" content=\"FactorySon\" \/>\n<meta property=\"article:modified_time\" content=\"2026-04-01T17:29:55+00:00\" \/>\n<meta property=\"og:image\" content=\"https:\/\/factoryson.com\/wp-content\/uploads\/2024\/11\/5L-Caluanie-Muelear-Pasteurize.gif\" \/>\n\t<meta property=\"og:image:width\" content=\"600\" \/>\n\t<meta property=\"og:image:height\" content=\"600\" \/>\n\t<meta property=\"og:image:type\" content=\"image\/gif\" \/>\n<meta name=\"twitter:card\" content=\"summary_large_image\" \/>\n<meta name=\"twitter:label1\" content=\"Ber\u00e4knad l\u00e4stid\" \/>\n\t<meta name=\"twitter:data1\" content=\"2 minuter\" \/>\n<script type=\"application\/ld+json\" class=\"yoast-schema-graph\">{\"@context\":\"https:\\\/\\\/schema.org\",\"@graph\":[{\"@type\":\"WebPage\",\"@id\":\"https:\\\/\\\/factoryson.com\\\/product\\\/buy-caluanie-muelear-pasteurize-2\\\/\",\"url\":\"https:\\\/\\\/factoryson.com\\\/product\\\/buy-caluanie-muelear-pasteurize-2\\\/\",\"name\":\"Purchase Caluanie Muelear Pasteurize 5L Online | FactorySon\",\"isPartOf\":{\"@id\":\"https:\\\/\\\/factoryson.com\\\/#website\"},\"primaryImageOfPage\":{\"@id\":\"https:\\\/\\\/factoryson.com\\\/product\\\/buy-caluanie-muelear-pasteurize-2\\\/#primaryimage\"},\"image\":{\"@id\":\"https:\\\/\\\/factoryson.com\\\/product\\\/buy-caluanie-muelear-pasteurize-2\\\/#primaryimage\"},\"thumbnailUrl\":\"https:\\\/\\\/factoryson.com\\\/wp-content\\\/uploads\\\/2024\\\/11\\\/5L-Caluanie-Muelear-Pasteurize.gif\",\"datePublished\":\"2024-11-08T05:03:38+00:00\",\"dateModified\":\"2026-04-01T17:29:55+00:00\",\"description\":\"If you are looking to purchase caluanie muelear pasteurize 5l online for high-quality chemicals, factoryson is the best place to buy caluanie muelear pasteurize 5l.\",\"breadcrumb\":{\"@id\":\"https:\\\/\\\/factoryson.com\\\/product\\\/buy-caluanie-muelear-pasteurize-2\\\/#breadcrumb\"},\"inLanguage\":\"sv-SE\",\"potentialAction\":[{\"@type\":\"ReadAction\",\"target\":[\"https:\\\/\\\/factoryson.com\\\/product\\\/buy-caluanie-muelear-pasteurize-2\\\/\"]}]},{\"@type\":\"ImageObject\",\"inLanguage\":\"sv-SE\",\"@id\":\"https:\\\/\\\/factoryson.com\\\/product\\\/buy-caluanie-muelear-pasteurize-2\\\/#primaryimage\",\"url\":\"https:\\\/\\\/factoryson.com\\\/wp-content\\\/uploads\\\/2024\\\/11\\\/5L-Caluanie-Muelear-Pasteurize.gif\",\"contentUrl\":\"https:\\\/\\\/factoryson.com\\\/wp-content\\\/uploads\\\/2024\\\/11\\\/5L-Caluanie-Muelear-Pasteurize.gif\",\"width\":600,\"height\":600,\"caption\":\"Purchase Caluanie Muelear Pasteurize 5L Online\"},{\"@type\":\"BreadcrumbList\",\"@id\":\"https:\\\/\\\/factoryson.com\\\/product\\\/buy-caluanie-muelear-pasteurize-2\\\/#breadcrumb\",\"itemListElement\":[{\"@type\":\"ListItem\",\"position\":1,\"name\":\"Home\",\"item\":\"https:\\\/\\\/factoryson.com\\\/nl\\\/\"},{\"@type\":\"ListItem\",\"position\":2,\"name\":\"Shop\",\"item\":\"https:\\\/\\\/factoryson.com\\\/nl\\\/shop\\\/\"},{\"@type\":\"ListItem\",\"position\":3,\"name\":\"Caluanie Muelear Pasteurize 5L\"}]},{\"@type\":\"WebSite\",\"@id\":\"https:\\\/\\\/factoryson.com\\\/#website\",\"url\":\"https:\\\/\\\/factoryson.com\\\/\",\"name\":\"FactorySon\",\"description\":\"My WordPress Blog\",\"potentialAction\":[{\"@type\":\"SearchAction\",\"target\":{\"@type\":\"EntryPoint\",\"urlTemplate\":\"https:\\\/\\\/factoryson.com\\\/?s={search_term_string}\"},\"query-input\":{\"@type\":\"PropertyValueSpecification\",\"valueRequired\":true,\"valueName\":\"search_term_string\"}}],\"inLanguage\":\"sv-SE\"}]}<\/script>\n<!-- \/ Yoast SEO plugin. -->","yoast_head_json":{"title":"K\u00f6p Caluanie Muelear Pasteurize 5L Online | FactorySon","description":"Om du vill k\u00f6pa Caluanie Muelear Pasteurize 5l online f\u00f6r h\u00f6gkvalitativa kemikalier \u00e4r Factoryson det b\u00e4sta st\u00e4llet att k\u00f6pa Caluanie Muelear Pasteurize 5l.","robots":{"index":"index","follow":"follow","max-snippet":"max-snippet:-1","max-image-preview":"max-image-preview:large","max-video-preview":"max-video-preview:-1"},"canonical":"https:\/\/factoryson.com\/sv\/product\/buy-caluanie-muelear-pasteurize-2\/","og_locale":"sv_SE","og_type":"article","og_title":"Purchase Caluanie Muelear Pasteurize 5L Online | FactorySon","og_description":"If you are looking to purchase caluanie muelear pasteurize 5l online for high-quality chemicals, factoryson is the best place to buy caluanie muelear pasteurize 5l.","og_url":"https:\/\/factoryson.com\/sv\/product\/buy-caluanie-muelear-pasteurize-2\/","og_site_name":"FactorySon","article_modified_time":"2026-04-01T17:29:55+00:00","og_image":[{"width":600,"height":600,"url":"https:\/\/factoryson.com\/wp-content\/uploads\/2024\/11\/5L-Caluanie-Muelear-Pasteurize.gif","type":"image\/gif"}],"twitter_card":"summary_large_image","twitter_misc":{"Ber\u00e4knad l\u00e4stid":"2 minuter"},"schema":{"@context":"https:\/\/schema.org","@graph":[{"@type":"WebPage","@id":"https:\/\/factoryson.com\/product\/buy-caluanie-muelear-pasteurize-2\/","url":"https:\/\/factoryson.com\/product\/buy-caluanie-muelear-pasteurize-2\/","name":"K\u00f6p Caluanie Muelear Pasteurize 5L Online | FactorySon","isPartOf":{"@id":"https:\/\/factoryson.com\/#website"},"primaryImageOfPage":{"@id":"https:\/\/factoryson.com\/product\/buy-caluanie-muelear-pasteurize-2\/#primaryimage"},"image":{"@id":"https:\/\/factoryson.com\/product\/buy-caluanie-muelear-pasteurize-2\/#primaryimage"},"thumbnailUrl":"https:\/\/factoryson.com\/wp-content\/uploads\/2024\/11\/5L-Caluanie-Muelear-Pasteurize.gif","datePublished":"2024-11-08T05:03:38+00:00","dateModified":"2026-04-01T17:29:55+00:00","description":"Om du vill k\u00f6pa Caluanie Muelear Pasteurize 5l online f\u00f6r h\u00f6gkvalitativa kemikalier \u00e4r Factoryson det b\u00e4sta st\u00e4llet att k\u00f6pa Caluanie Muelear Pasteurize 5l.","breadcrumb":{"@id":"https:\/\/factoryson.com\/product\/buy-caluanie-muelear-pasteurize-2\/#breadcrumb"},"inLanguage":"sv-SE","potentialAction":[{"@type":"ReadAction","target":["https:\/\/factoryson.com\/product\/buy-caluanie-muelear-pasteurize-2\/"]}]},{"@type":"ImageObject","inLanguage":"sv-SE","@id":"https:\/\/factoryson.com\/product\/buy-caluanie-muelear-pasteurize-2\/#primaryimage","url":"https:\/\/factoryson.com\/wp-content\/uploads\/2024\/11\/5L-Caluanie-Muelear-Pasteurize.gif","contentUrl":"https:\/\/factoryson.com\/wp-content\/uploads\/2024\/11\/5L-Caluanie-Muelear-Pasteurize.gif","width":600,"height":600,"caption":"Purchase Caluanie Muelear Pasteurize 5L Online"},{"@type":"BreadcrumbList","@id":"https:\/\/factoryson.com\/product\/buy-caluanie-muelear-pasteurize-2\/#breadcrumb","itemListElement":[{"@type":"ListItem","position":1,"name":"Home","item":"https:\/\/factoryson.com\/nl\/"},{"@type":"ListItem","position":2,"name":"Shop","item":"https:\/\/factoryson.com\/nl\/shop\/"},{"@type":"ListItem","position":3,"name":"Caluanie Muelear Pasteurize 5L"}]},{"@type":"WebSite","@id":"https:\/\/factoryson.com\/#website","url":"https:\/\/factoryson.com\/","name":"FactorySon","description":"Min WordPress-blogg","potentialAction":[{"@type":"SearchAction","target":{"@type":"EntryPoint","urlTemplate":"https:\/\/factoryson.com\/?s={search_term_string}"},"query-input":{"@type":"PropertyValueSpecification","valueRequired":true,"valueName":"search_term_string"}}],"inLanguage":"sv-SE"}]}},"_links":{"self":[{"href":"https:\/\/factoryson.com\/sv\/wp-json\/wp\/v2\/product\/668","targetHints":{"allow":["GET"]}}],"collection":[{"href":"https:\/\/factoryson.com\/sv\/wp-json\/wp\/v2\/product"}],"about":[{"href":"https:\/\/factoryson.com\/sv\/wp-json\/wp\/v2\/types\/product"}],"replies":[{"embeddable":true,"href":"https:\/\/factoryson.com\/sv\/wp-json\/wp\/v2\/comments?post=668"}],"wp:featuredmedia":[{"embeddable":true,"href":"https:\/\/factoryson.com\/sv\/wp-json\/wp\/v2\/media\/737"}],"wp:attachment":[{"href":"https:\/\/factoryson.com\/sv\/wp-json\/wp\/v2\/media?parent=668"}],"wp:term":[{"taxonomy":"product_brand","embeddable":true,"href":"https:\/\/factoryson.com\/sv\/wp-json\/wp\/v2\/product_brand?post=668"},{"taxonomy":"product_cat","embeddable":true,"href":"https:\/\/factoryson.com\/sv\/wp-json\/wp\/v2\/product_cat?post=668"},{"taxonomy":"product_tag","embeddable":true,"href":"https:\/\/factoryson.com\/sv\/wp-json\/wp\/v2\/product_tag?post=668"}],"curies":[{"name":"wp","href":"https:\/\/api.w.org\/{rel}","templated":true}]}}