{"id":667,"date":"2024-11-08T05:03:38","date_gmt":"2024-11-08T05:03:38","guid":{"rendered":"https:\/\/pvpgrams.com\/factory\/?post_type=product&#038;p=667"},"modified":"2026-04-01T17:35:52","modified_gmt":"2026-04-01T17:35:52","slug":"caluanie-muelear-oxidize-sale","status":"publish","type":"product","link":"https:\/\/factoryson.com\/sv\/product\/caluanie-muelear-oxidize-sale\/","title":{"rendered":"Caluanie Muelear Oxidize 20L till salu"},"content":{"rendered":"<h3>Caluanie Muelear Oxidize 20L: Din industriella l\u00f6sning<\/h3>\n<p>Letar du efter Caluanie Muelear Oxidize 20L till salu till b\u00e4sta pris fr\u00e5n en p\u00e5litlig k\u00e4lla? P\u00e5 Factoryson specialiserar vi oss p\u00e5 att tillhandah\u00e5lla <strong>high-purity<a href=\"https:\/\/factoryson.com\/sv\/product\/benzyl-cyanide-for-sale\/\"> Caluanie Muelear Oxidize<\/a><\/strong> f\u00f6r industrier \u00f6ver hela v\u00e4rlden. Oavsett om du \u00e4r i <strong>metall\u00e5tervinning<\/strong>, <strong>gruvdrift<\/strong>, eller <strong>materialbearbetande industrier<\/strong>, v\u00e5r <strong>Caluanie Muelear Oxidize 20L<\/strong> erbjuder den perfekta l\u00f6sningen f\u00f6r dina kr\u00e4vande behov. Med <strong>Caluanie Muelear Oxidize 20L till salu<\/strong>garanterar vi att du f\u00e5r h\u00f6gsta kvalitet och konkurrenskraftiga priser f\u00f6r alla dina industriella behov<a href=\"https:\/\/moleculeminds.com\/shop\/1l-caluanie-muelear-oxidize\/\">.<\/a><\/p>\n<h3>Varf\u00f6r v\u00e4lja Factoryson f\u00f6r Caluanie Muelear Oxidize?<\/h3>\n<p>Vi \u00e4r en av de mest <strong>betrodda leverant\u00f6rer av Caluanie Muelear <a href=\"https:\/\/en.wikipedia.org\/wiki\/Oxidizing_acid\">Oxidera<\/a><\/strong>, erbjudande <strong>bulk Caluanie Muelear Oxidera order<\/strong> f\u00f6r <strong>metallindustrier<\/strong> och <strong>till\u00e4mpningar f\u00f6r materialbearbetning<\/strong>. Som p\u00e5litlig <strong>Caluanie online-leverant\u00f6rer<\/strong>erbjuder vi snabb leverans, flexibla alternativ och <strong>Caluanie tillg\u00e4nglig f\u00f6r export<\/strong> f\u00f6r att betj\u00e4na kunder globalt. V\u00e5rt <strong>Caluanie Muelear Oxidize pris per liter<\/strong> \u00e4r konkurrenskraftiga, vilket g\u00f6r det l\u00e4ttare f\u00f6r f\u00f6retag att v\u00e4lja Factoryson som sin go-to partner.<\/p>\n<h4>Anv\u00e4ndningsomr\u00e5den f\u00f6r Caluanie Muelear Oxidize 20L<\/h4>\n<p><strong>Industriell kvalitet Caluanie Muelear Oxidize<\/strong> \u00e4r utformad f\u00f6r en m\u00e4ngd olika tunga applikationer inom olika branscher. S\u00e5 h\u00e4r fungerar det:<\/p>\n<ol>\n<li><strong>Mjukg\u00f6ring av metall<\/strong>: V\u00e4sentligt f\u00f6r <strong>leverant\u00f6rer av reagens f\u00f6r mjukg\u00f6ring av metall<\/strong>, Caluanie anv\u00e4nds i <strong>kemikalier f\u00f6r metall\u00e5tervinning<\/strong> f\u00f6r att g\u00f6ra metaller spr\u00f6da och l\u00e4ttare att krossa.<\/li>\n<li><strong>Malm- och mineralbearbetning<\/strong>: N\u00e4r du <strong>k\u00f6p Caluanie f\u00f6r gruvdrift och malmbearbetning<\/strong>f\u00f6renklar utvinningsprocesserna och f\u00f6rb\u00e4ttrar effektiviteten.<\/li>\n<li><strong>Kemikalier f\u00f6r tung krossning<\/strong>: Med sina kraftfulla egenskaper fungerar Caluanie som ett oumb\u00e4rligt <strong>kemisk l\u00f6sning f\u00f6r krossning av metaller<\/strong> och andra h\u00e5rda material.<\/li>\n<li><strong>\u00c5tervinning och gruvdrift<\/strong>: Dess anv\u00e4ndning i <strong>\u00e5tervinnings- och gruvindustrin<\/strong> g\u00f6r den till en favorit f\u00f6r <strong>industriella k\u00f6pare av Caluanie Muelear Oxidize<\/strong>.<\/li>\n<\/ol>\n<h4>Bulkbest\u00e4llningar f\u00f6r tung industri<\/h4>\n<p>Factoryson \u00e4r specialiserad p\u00e5 <strong>bulk Caluanie Muelear Oxidera order<\/strong> f\u00f6r <strong>tunga industrier<\/strong>. Oavsett om du beh\u00f6ver <strong>Caluanie reagens f\u00f6r tungt vatten<\/strong> f\u00f6r storskalig verksamhet eller mindre kvantiteter f\u00f6r nischapplikationer, s\u00e5 har vi det du beh\u00f6ver. V\u00e5r roll som <strong>Caluanie-leverant\u00f6r f\u00f6r metallindustrin<\/strong> s\u00e4kerst\u00e4ller s\u00f6ml\u00f6s leverans och tillf\u00f6rlitlig prestanda i varje leverans.<\/p>\n<h3>S\u00e4kerhetsguide f\u00f6r hantering av Caluanie Muelear Oxidize<\/h3>\n<p>S\u00e4kerhet \u00e4r v\u00e5r h\u00f6gsta prioritet. N\u00e4r du anv\u00e4nder <strong>Caluanie Muelear Oxidize 20L<\/strong>F\u00f6lj dessa riktlinjer:<\/p>\n<ul>\n<li>Anv\u00e4nd l\u00e4mplig skyddsutrustning, t.ex. handskar och skyddsglas\u00f6gon.<\/li>\n<li>Anv\u00e4nd i ett v\u00e4l ventilerat utrymme f\u00f6r att undvika inandning av \u00e5ngor.<\/li>\n<li>F\u00f6rvara p\u00e5 en s\u00e4ker, sval och torr plats.<\/li>\n<li>L\u00e4s mer om v\u00e5ra detaljerade <strong>s\u00e4kerhetsguide f\u00f6r hantering av Caluanie Muelear Oxidize<\/strong> f\u00f6r att s\u00e4kerst\u00e4lla b\u00e4sta praxis.<\/li>\n<\/ul>\n<h3>Kontakta oss f\u00f6r Caluanie Muelear Oxidize 20L<\/h3>\n<p>Letar du efter <strong>b\u00e4sta st\u00e4llet att k\u00f6pa Caluanie<a href=\"https:\/\/factoryson.com\/sv\/product\/sodium-benzoate-powder-sale\/\"> Muelear Oxidize 20L<\/a> p\u00e5 n\u00e4tet<\/strong>? Factoryson tillhandah\u00e5ller <strong>h\u00f6g renhet Caluanie Muelear Oxidize<\/strong> skr\u00e4ddarsydda efter dina specifika behov. Med v\u00e5r expertis inom <strong>industriell anv\u00e4ndning av Caluanie Muelear Oxidize<\/strong>levererar vi exceptionellt v\u00e4rde f\u00f6r alla industriella applikationer. Kontakta oss idag f\u00f6r att l\u00e4ra dig mer om <strong><a href=\"https:\/\/factoryson.com\/sv\/product\/benzyl-cyanide-for-sale\/\">Caluanie Muelear Oxidize<\/a> 20L for sale<\/strong>l\u00e4gg en order eller utforska v\u00e5rt <strong>Alternativ f\u00f6r bulkk\u00f6p<\/strong>. K\u00f6p Caluanie Muelear Oxidize 20L<\/p>\n<p>Factoryson - din betrodda partner f\u00f6r <strong>Caluanie Muelear Oxidize 20L till salu<\/strong>!<\/p>","protected":false},"excerpt":{"rendered":"<p>V\u00e4lkommen till framtiden f\u00f6r kemisk innovation med <strong>20L Caluanie Muelear Oxidize<\/strong>. I takt med att industrierna utvecklas \u00f6kar efterfr\u00e5gan p\u00e5 h\u00f6gpresterande kemikalier som kan \u00f6ka produktionseffektiviteten och produktkvaliteten. Caluanie Muelear Oxidize ligger i framkant och fungerar som ett m\u00e5ngsidigt oxidationsmedel som \u00e4r avg\u00f6rande f\u00f6r olika applikationer, inklusive l\u00e4kemedel, jordbruk och kemisk tillverkning.<\/p>\n<ul>\n<li><strong>Molekylformel<\/strong>: C\u2087H\u2085N<\/li>\n<li><strong>CAS-nummer<\/strong>: 100-52-7<\/li>\n<li><strong>Fysiskt tillst\u00e5nd<\/strong>: V\u00e4tska<\/li>\n<li><strong>F\u00e4rg<\/strong>: F\u00e4rgl\u00f6s till ljusgul<strong>Viktiga egenskaper:<\/strong>\n<ul>\n<li><strong>Volym:<\/strong> 20 liter<\/li>\n<li><strong>Applikationer:<\/strong> Idealisk f\u00f6r metallbearbetning, materialbearbetning och andra kr\u00e4vande industriella uppgifter<\/li>\n<li><strong>Egenskaper:<\/strong> Effektivt n\u00e4r det g\u00e4ller att \u00e4ndra metallens egenskaper f\u00f6r att f\u00f6rb\u00e4ttra formbarheten och g\u00f6ra den l\u00e4ttare att bearbeta<\/li>\n<\/ul>\n<\/li>\n<\/ul>","protected":false},"featured_media":736,"comment_status":"open","ping_status":"closed","template":"","meta":{"pagelayer_contact_templates":[],"_pagelayer_content":"","_kadence_starter_templates_imported_post":false,"_kad_post_transparent":"default","_kad_post_title":"","_kad_post_layout":"default","_kad_post_sidebar_id":"","_kad_post_content_style":"default","_kad_post_vertical_padding":"default","_kad_post_feature":"","_kad_post_feature_position":"","_kad_post_header":false,"_kad_post_footer":false},"product_brand":[],"product_cat":[20],"product_tag":[],"class_list":{"0":"post-667","1":"product","2":"type-product","3":"status-publish","4":"has-post-thumbnail","6":"product_cat-caluanie","8":"first","9":"instock","10":"shipping-taxable","11":"purchasable","12":"product-type-variable","13":"entry","14":"content-bg","15":"loop-entry"},"yoast_head":"<!-- This site is optimized with the Yoast SEO plugin v27.3 - https:\/\/yoast.com\/product\/yoast-seo-wordpress\/ -->\n<title>Caluanie Muelear Oxidize 20L for Sale Online - FactorySon<\/title>\n<meta name=\"description\" content=\"Buy caluanie muelear oxidize 20L online conveniently and securely, with a straightforward ordering process for caluanie muelear oxidize 20L for sale. Order now!\" \/>\n<meta name=\"robots\" content=\"index, follow, max-snippet:-1, max-image-preview:large, max-video-preview:-1\" \/>\n<link rel=\"canonical\" href=\"https:\/\/factoryson.com\/sv\/product\/caluanie-muelear-oxidize-sale\/\" \/>\n<meta property=\"og:locale\" content=\"sv_SE\" \/>\n<meta property=\"og:type\" content=\"article\" \/>\n<meta property=\"og:title\" content=\"Caluanie Muelear Oxidize 20L for Sale Online - FactorySon\" \/>\n<meta property=\"og:description\" content=\"Buy caluanie muelear oxidize 20L online conveniently and securely, with a straightforward ordering process for caluanie muelear oxidize 20L for sale. Order now!\" \/>\n<meta property=\"og:url\" content=\"https:\/\/factoryson.com\/sv\/product\/caluanie-muelear-oxidize-sale\/\" \/>\n<meta property=\"og:site_name\" content=\"FactorySon\" \/>\n<meta property=\"article:modified_time\" content=\"2026-04-01T17:35:52+00:00\" \/>\n<meta property=\"og:image\" content=\"https:\/\/factoryson.com\/wp-content\/uploads\/2024\/11\/Caluanie-Muelear-Oxidize-20L.gif\" \/>\n\t<meta property=\"og:image:width\" content=\"600\" \/>\n\t<meta property=\"og:image:height\" content=\"600\" \/>\n\t<meta property=\"og:image:type\" content=\"image\/gif\" \/>\n<meta name=\"twitter:card\" content=\"summary_large_image\" \/>\n<meta name=\"twitter:label1\" content=\"Ber\u00e4knad l\u00e4stid\" \/>\n\t<meta name=\"twitter:data1\" content=\"3 minuter\" \/>\n<script type=\"application\/ld+json\" class=\"yoast-schema-graph\">{\"@context\":\"https:\\\/\\\/schema.org\",\"@graph\":[{\"@type\":\"WebPage\",\"@id\":\"https:\\\/\\\/factoryson.com\\\/product\\\/caluanie-muelear-oxidize-sale\\\/\",\"url\":\"https:\\\/\\\/factoryson.com\\\/product\\\/caluanie-muelear-oxidize-sale\\\/\",\"name\":\"Caluanie Muelear Oxidize 20L for Sale Online - FactorySon\",\"isPartOf\":{\"@id\":\"https:\\\/\\\/factoryson.com\\\/#website\"},\"primaryImageOfPage\":{\"@id\":\"https:\\\/\\\/factoryson.com\\\/product\\\/caluanie-muelear-oxidize-sale\\\/#primaryimage\"},\"image\":{\"@id\":\"https:\\\/\\\/factoryson.com\\\/product\\\/caluanie-muelear-oxidize-sale\\\/#primaryimage\"},\"thumbnailUrl\":\"https:\\\/\\\/factoryson.com\\\/wp-content\\\/uploads\\\/2024\\\/11\\\/Caluanie-Muelear-Oxidize-20L.gif\",\"datePublished\":\"2024-11-08T05:03:38+00:00\",\"dateModified\":\"2026-04-01T17:35:52+00:00\",\"description\":\"Buy caluanie muelear oxidize 20L online conveniently and securely, with a straightforward ordering process for caluanie muelear oxidize 20L for sale. Order now!\",\"breadcrumb\":{\"@id\":\"https:\\\/\\\/factoryson.com\\\/product\\\/caluanie-muelear-oxidize-sale\\\/#breadcrumb\"},\"inLanguage\":\"sv-SE\",\"potentialAction\":[{\"@type\":\"ReadAction\",\"target\":[\"https:\\\/\\\/factoryson.com\\\/product\\\/caluanie-muelear-oxidize-sale\\\/\"]}]},{\"@type\":\"ImageObject\",\"inLanguage\":\"sv-SE\",\"@id\":\"https:\\\/\\\/factoryson.com\\\/product\\\/caluanie-muelear-oxidize-sale\\\/#primaryimage\",\"url\":\"https:\\\/\\\/factoryson.com\\\/wp-content\\\/uploads\\\/2024\\\/11\\\/Caluanie-Muelear-Oxidize-20L.gif\",\"contentUrl\":\"https:\\\/\\\/factoryson.com\\\/wp-content\\\/uploads\\\/2024\\\/11\\\/Caluanie-Muelear-Oxidize-20L.gif\",\"width\":600,\"height\":600,\"caption\":\"Caluanie Muelear Oxidize 20L for Sale\"},{\"@type\":\"BreadcrumbList\",\"@id\":\"https:\\\/\\\/factoryson.com\\\/product\\\/caluanie-muelear-oxidize-sale\\\/#breadcrumb\",\"itemListElement\":[{\"@type\":\"ListItem\",\"position\":1,\"name\":\"Home\",\"item\":\"https:\\\/\\\/factoryson.com\\\/nl\\\/\"},{\"@type\":\"ListItem\",\"position\":2,\"name\":\"Shop\",\"item\":\"https:\\\/\\\/factoryson.com\\\/nl\\\/shop\\\/\"},{\"@type\":\"ListItem\",\"position\":3,\"name\":\"Caluanie Muelear Oxidize 20L for Sale\"}]},{\"@type\":\"WebSite\",\"@id\":\"https:\\\/\\\/factoryson.com\\\/#website\",\"url\":\"https:\\\/\\\/factoryson.com\\\/\",\"name\":\"FactorySon\",\"description\":\"My WordPress Blog\",\"potentialAction\":[{\"@type\":\"SearchAction\",\"target\":{\"@type\":\"EntryPoint\",\"urlTemplate\":\"https:\\\/\\\/factoryson.com\\\/?s={search_term_string}\"},\"query-input\":{\"@type\":\"PropertyValueSpecification\",\"valueRequired\":true,\"valueName\":\"search_term_string\"}}],\"inLanguage\":\"sv-SE\"}]}<\/script>\n<!-- \/ Yoast SEO plugin. -->","yoast_head_json":{"title":"Caluanie Muelear Oxidize 20L till salu online - FactorySon","description":"K\u00f6p caluanie muelear oxidize 20L online bekv\u00e4mt och s\u00e4kert, med en enkel best\u00e4llningsprocess f\u00f6r caluanie muelear oxidize 20L till salu. Best\u00e4ll nu!","robots":{"index":"index","follow":"follow","max-snippet":"max-snippet:-1","max-image-preview":"max-image-preview:large","max-video-preview":"max-video-preview:-1"},"canonical":"https:\/\/factoryson.com\/sv\/product\/caluanie-muelear-oxidize-sale\/","og_locale":"sv_SE","og_type":"article","og_title":"Caluanie Muelear Oxidize 20L for Sale Online - FactorySon","og_description":"Buy caluanie muelear oxidize 20L online conveniently and securely, with a straightforward ordering process for caluanie muelear oxidize 20L for sale. Order now!","og_url":"https:\/\/factoryson.com\/sv\/product\/caluanie-muelear-oxidize-sale\/","og_site_name":"FactorySon","article_modified_time":"2026-04-01T17:35:52+00:00","og_image":[{"width":600,"height":600,"url":"https:\/\/factoryson.com\/wp-content\/uploads\/2024\/11\/Caluanie-Muelear-Oxidize-20L.gif","type":"image\/gif"}],"twitter_card":"summary_large_image","twitter_misc":{"Ber\u00e4knad l\u00e4stid":"3 minuter"},"schema":{"@context":"https:\/\/schema.org","@graph":[{"@type":"WebPage","@id":"https:\/\/factoryson.com\/product\/caluanie-muelear-oxidize-sale\/","url":"https:\/\/factoryson.com\/product\/caluanie-muelear-oxidize-sale\/","name":"Caluanie Muelear Oxidize 20L till salu online - FactorySon","isPartOf":{"@id":"https:\/\/factoryson.com\/#website"},"primaryImageOfPage":{"@id":"https:\/\/factoryson.com\/product\/caluanie-muelear-oxidize-sale\/#primaryimage"},"image":{"@id":"https:\/\/factoryson.com\/product\/caluanie-muelear-oxidize-sale\/#primaryimage"},"thumbnailUrl":"https:\/\/factoryson.com\/wp-content\/uploads\/2024\/11\/Caluanie-Muelear-Oxidize-20L.gif","datePublished":"2024-11-08T05:03:38+00:00","dateModified":"2026-04-01T17:35:52+00:00","description":"K\u00f6p caluanie muelear oxidize 20L online bekv\u00e4mt och s\u00e4kert, med en enkel best\u00e4llningsprocess f\u00f6r caluanie muelear oxidize 20L till salu. Best\u00e4ll nu!","breadcrumb":{"@id":"https:\/\/factoryson.com\/product\/caluanie-muelear-oxidize-sale\/#breadcrumb"},"inLanguage":"sv-SE","potentialAction":[{"@type":"ReadAction","target":["https:\/\/factoryson.com\/product\/caluanie-muelear-oxidize-sale\/"]}]},{"@type":"ImageObject","inLanguage":"sv-SE","@id":"https:\/\/factoryson.com\/product\/caluanie-muelear-oxidize-sale\/#primaryimage","url":"https:\/\/factoryson.com\/wp-content\/uploads\/2024\/11\/Caluanie-Muelear-Oxidize-20L.gif","contentUrl":"https:\/\/factoryson.com\/wp-content\/uploads\/2024\/11\/Caluanie-Muelear-Oxidize-20L.gif","width":600,"height":600,"caption":"Caluanie Muelear Oxidize 20L for Sale"},{"@type":"BreadcrumbList","@id":"https:\/\/factoryson.com\/product\/caluanie-muelear-oxidize-sale\/#breadcrumb","itemListElement":[{"@type":"ListItem","position":1,"name":"Home","item":"https:\/\/factoryson.com\/nl\/"},{"@type":"ListItem","position":2,"name":"Shop","item":"https:\/\/factoryson.com\/nl\/shop\/"},{"@type":"ListItem","position":3,"name":"Caluanie Muelear Oxidize 20L for Sale"}]},{"@type":"WebSite","@id":"https:\/\/factoryson.com\/#website","url":"https:\/\/factoryson.com\/","name":"FactorySon","description":"Min WordPress-blogg","potentialAction":[{"@type":"SearchAction","target":{"@type":"EntryPoint","urlTemplate":"https:\/\/factoryson.com\/?s={search_term_string}"},"query-input":{"@type":"PropertyValueSpecification","valueRequired":true,"valueName":"search_term_string"}}],"inLanguage":"sv-SE"}]}},"_links":{"self":[{"href":"https:\/\/factoryson.com\/sv\/wp-json\/wp\/v2\/product\/667","targetHints":{"allow":["GET"]}}],"collection":[{"href":"https:\/\/factoryson.com\/sv\/wp-json\/wp\/v2\/product"}],"about":[{"href":"https:\/\/factoryson.com\/sv\/wp-json\/wp\/v2\/types\/product"}],"replies":[{"embeddable":true,"href":"https:\/\/factoryson.com\/sv\/wp-json\/wp\/v2\/comments?post=667"}],"wp:featuredmedia":[{"embeddable":true,"href":"https:\/\/factoryson.com\/sv\/wp-json\/wp\/v2\/media\/736"}],"wp:attachment":[{"href":"https:\/\/factoryson.com\/sv\/wp-json\/wp\/v2\/media?parent=667"}],"wp:term":[{"taxonomy":"product_brand","embeddable":true,"href":"https:\/\/factoryson.com\/sv\/wp-json\/wp\/v2\/product_brand?post=667"},{"taxonomy":"product_cat","embeddable":true,"href":"https:\/\/factoryson.com\/sv\/wp-json\/wp\/v2\/product_cat?post=667"},{"taxonomy":"product_tag","embeddable":true,"href":"https:\/\/factoryson.com\/sv\/wp-json\/wp\/v2\/product_tag?post=667"}],"curies":[{"name":"wp","href":"https:\/\/api.w.org\/{rel}","templated":true}]}}