{"id":666,"date":"2024-11-08T05:03:38","date_gmt":"2024-11-08T05:03:38","guid":{"rendered":"https:\/\/pvpgrams.com\/factory\/?post_type=product&#038;p=666"},"modified":"2026-04-01T05:47:28","modified_gmt":"2026-04-01T05:47:28","slug":"buy-isocyanic-acid-caluanie","status":"publish","type":"product","link":"https:\/\/factoryson.com\/sv\/product\/buy-isocyanic-acid-caluanie\/","title":{"rendered":"Isocyansyra A-B Caluanie"},"content":{"rendered":"<h2>K\u00f6p Isocyansyra A-B Caluanie online <a href=\"https:\/\/factoryson.com\/sv\/product\/5l-caluanie-muelear-pasteurize\/\">-<\/a> H\u00f6gpresterande industriell massa f\u00f6r ytbel\u00e4ggningar och isolering<\/h2>\n<p>Ser till <strong>b<\/strong><strong>u<\/strong><strong>y <\/strong><strong>Isocyansyra A-B Caluanie<\/strong> <strong>p\u00e5 n\u00e4tet<\/strong>? \u00c4ven k\u00e4nd som <strong>Caluanie Muelear Oxidize<\/strong>\u00e4r denna m\u00e5ngsidiga f\u00f6rening k\u00e4nd f\u00f6r sin starka bindningsf\u00f6rm\u00e5ga och kemiska reaktivitet, vilket g\u00f6r den idealisk f\u00f6r <strong>industriell ytbel\u00e4ggning, isolering och polyuretantillverkning<\/strong>. Tillg\u00e4nglig f\u00f6r <strong>bulk-, grossist- och specialbest\u00e4llningar<\/strong>FactorySon levererar f\u00f6rstklassig isocyansyra A-B Caluanie f\u00f6r att tillgodose h\u00f6gt st\u00e4llda krav inom fordons-, bygg- och tillverkningsindustrin <strong>Isocyansyra A-B Caluanie till salu online<\/strong>.<\/p>\n<h3>Varf\u00f6r v\u00e4lja isocyansyra A-B Caluanie?<\/h3>\n<p>Isocyansyra A-B Caluanie \u00e4r en kraftfull l\u00f6sning f\u00f6r industrier som kr\u00e4ver <strong>starka vidh\u00e4ftnings- och bel\u00e4ggningsegenskaper<\/strong>. Med sin f\u00f6rm\u00e5ga att bilda isocyanater anv\u00e4nds den i stor utstr\u00e4ckning f\u00f6r att skapa <strong>styva skum, elastomerer och skyddsbel\u00e4ggningar<\/strong>. K\u00e4nd f\u00f6r <strong>h\u00e5llbarhet, korrosionsbest\u00e4ndighet och v\u00e4dert\u00e5lighet<\/strong>\u00e4r det ett sj\u00e4lvklart val f\u00f6r yrkesverksamma inom <strong>fordonsreparationer, byggnadsisolering och ytbel\u00e4ggningar<\/strong>.<\/p>\n<h4>Viktiga f\u00f6rdelar med Isocyanic Acid A-B Caluanie till salu<\/h4>\n<ul>\n<li><strong>H\u00f6g reaktivitet och vidh\u00e4ftning<\/strong>: Utm\u00e4rkt f\u00f6r limning av material som <strong>aluminium, glasfiber, st\u00e5l, tr\u00e4 och cement<\/strong>.<\/li>\n<li><strong>H\u00e5llbar och motst\u00e5ndskraftig<\/strong>: Motst\u00e5ndskraftig mot korrosion och v\u00e4der, vilket g\u00f6r den l\u00e4mplig f\u00f6r <strong>skyddsbel\u00e4ggningar p\u00e5 konstruktioner och fordon<\/strong>.<\/li>\n<li><strong>Breda industriella till\u00e4mpningar<\/strong>: Anv\u00e4nds i <strong>produktion av polyuretanskum<\/strong> f\u00f6r isolering, och i <strong>ytbehandlingar f\u00f6r golv, d\u00e4ck, lastbilsflak och sl\u00e4pvagnar<\/strong>.<\/li>\n<li><strong>Kostnadseffektiv l\u00f6sning<\/strong>: Idealisk f\u00f6r massproduktion av diisocyanater som <strong>HDI, TDI och MDI<\/strong>, anv\u00e4nds i flexibla skum, lim och elastomerer.<\/li>\n<\/ul>\n<h3>Till\u00e4mpningar av isocyaninsyra A-B Caluanie till salu<\/h3>\n<ol>\n<li><strong>Produktion av polyuretan<\/strong>: Viktig f\u00f6r produktion av diisocyanater som anv\u00e4nds i <strong>polyuretanskum f\u00f6r isolering<\/strong>, s\u00e4ngkl\u00e4der, f\u00f6rpackningar och t\u00e4tningsmedel.<\/li>\n<li><strong>Fordons- och industrilackeringar<\/strong>: Ger h\u00f6gpresterande ytbel\u00e4ggningar f\u00f6r <strong>lastbilsflak, st\u00e5lkonstruktioner och annan utrustning f\u00f6r tunga fordon<\/strong>och skyddar mot slitage.<\/li>\n<li><strong>Isolering av byggnader<\/strong>: Viktigt f\u00f6r att skapa styva skum f\u00f6r <strong>isolering av bost\u00e4der, kylsk\u00e5p och industriella milj\u00f6er<\/strong>.<\/li>\n<li><strong>Bindning av olika material<\/strong>: L\u00e4mplig f\u00f6r limning <strong>glas, gummi, kartong, tr\u00e4 och metall<\/strong> ytor, med utm\u00e4rkt vidh\u00e4ftning och h\u00e5llbarhet.<\/li>\n<\/ol>\n<h3>Finns i bulk - Grossistorder och konkurrenskraftiga priser<\/h3>\n<p>FactorySon erbjuder <strong>Isocyansyra A-B Caluanie<\/strong> i <strong>bulk- och grossistkvantiteter<\/strong>vilket g\u00f6r den till ett kostnadseffektivt alternativ f\u00f6r tillverkare och industrier som kr\u00e4ver stora volymer. Med konkurrenskraftiga priser och snabb leverans s\u00e4kerst\u00e4ller FactorySon tillf\u00f6rlitlig leverans och h\u00f6gkvalitativ leverans.<\/p>\n<h4>F\u00f6rdelar med bulkk\u00f6p:<\/h4>\n<ul>\n<li><strong>Kostnadsbesparingar vid best\u00e4llningar av stora volymer<\/strong>: Idealisk f\u00f6r storskaliga industriella till\u00e4mpningar.<\/li>\n<li><strong>P\u00e5litlig och snabb leverans<\/strong>: Leverans i r\u00e4tt tid f\u00f6r att h\u00e5lla din produktion p\u00e5 r\u00e4tt sp\u00e5r.<\/li>\n<li><strong>Flexibla kvantiteter<\/strong>: Best\u00e4ll precis r\u00e4tt m\u00e4ngd f\u00f6r ditt f\u00f6retags behov, med alternativ f\u00f6r b\u00e5de sm\u00e5 och stora best\u00e4llningar.<\/li>\n<\/ul>\n<p><strong>Best\u00e4ll Isocyansyra A-B Caluanie online fr\u00e5n FactorySon idag<\/strong><\/p>\n<p>\u00c4r du redo att g\u00f6ra en best\u00e4llning? Kontakta oss <strong>FactorySon<\/strong> till <strong>k\u00f6pa<\/strong> <strong>Isocyansyra A-B Caluanie online<\/strong> och l\u00e4ra dig mer om <strong>priser, s\u00e4kerhetsdata och leveransalternativ<\/strong>. Oavsett om du beh\u00f6ver det f\u00f6r fordons-, bygg- eller tillverkningsindustrin \u00e4r FactorySons Isocyanic Acid A-B Caluanie den industriella l\u00f6sningen som ger kvalitet och konsekvens varje g\u00e5ng.<\/p>\n<h3><strong>S\u00e4kerhetsguide f\u00f6r hantering av isocyansyra A-B Caluanie<\/strong><\/h3>\n<p>Korrekt hantering av <a href=\"https:\/\/en.wikipedia.org\/wiki\/Isocyanic_acid\"><strong>Isocyansyra A-B Caluanie<\/strong><\/a> \u00e4r viktigt f\u00f6r att garantera s\u00e4kerhet och optimal prestanda. H\u00e4r \u00e4r n\u00e5gra viktiga riktlinjer:<\/p>\n<ul>\n<li>Anv\u00e4nd l\u00e4mplig skyddsutrustning, t.ex. handskar och skyddsglas\u00f6gon.<\/li>\n<li>F\u00f6rvara p\u00e5 en sval, torr plats, skyddad fr\u00e5n v\u00e4rme och solljus.<\/li>\n<li>Anv\u00e4nd i ett v\u00e4l ventilerat utrymme f\u00f6r att f\u00f6rhindra inandning av \u00e5ngor.<\/li>\n<li>Kassera oanv\u00e4nd produkt i enlighet med lokala milj\u00f6best\u00e4mmelser.<\/li>\n<\/ul>\n<p>Se \u00e4ven v\u00e5r <strong>S\u00e4kerhetsguide f\u00f6r hantering av isocyansyra A-B Caluanie<\/strong> f\u00f6r detaljerade instruktioner.<\/p>\n<h3><strong>Kontakta Factoryson idag<\/strong><\/h3>\n<p>F\u00f6r <strong>p\u00e5litliga leverant\u00f6rer av Isocyansyra A-B Caluanie<\/strong>, choose Factoryson. Whether you need <strong>Isocyansyra med h\u00f6g renhet A-B Caluanie<\/strong> f\u00f6r <strong>kemiska l\u00f6sningar f\u00f6r krossning av metaller<\/strong> eller <strong>gruvkemikalier f\u00f6r metallutvinning<\/strong>har vi r\u00e4tt produkter f\u00f6r ditt f\u00f6retag. Kontakta oss idag f\u00f6r att <strong>k\u00f6pa Isocyanic Acid A-B Caluanie online<\/strong>, utforska <strong>Alternativ f\u00f6r bulkk\u00f6p<\/strong>och f\u00f6rb\u00e4ttra dina industriella processer.<\/p>\n<p>Factoryson-Din p\u00e5litliga partner f\u00f6r <a href=\"https:\/\/factoryson.com\/sv\/product\/isocyansyra-a-b-kaluanie\/\"><strong>Isocyanic Acid A-B Caluanie till salu<\/strong><\/a>!<\/p>","protected":false},"excerpt":{"rendered":"<h4><strong>Isocyansyra (HNCO)<\/strong><\/h4>\n<p><strong>Isocyaninsyra<\/strong> \u00e4r en enkel organisk f\u00f6rening med den kemiska formeln HNCO. Det \u00e4r en isomer av cyansyra (HOCN) och spelar en roll i olika kemiska processer. H\u00e4r \u00e4r en \u00f6versikt \u00f6ver dess egenskaper och anv\u00e4ndningsomr\u00e5den:<\/p>\n<p><strong>Kemiskt namn:<\/strong> Isocyansyra A - B<br \/>\n<strong>Typ:<\/strong> Syra ISOCIAN<br \/>\n<strong>Densitet:<\/strong> 1450 g\/l.<br \/>\n<strong>Kemisk formel:<\/strong> HN = C = O<br \/>\n<strong>Rationell formel:<\/strong> CHNO<br \/>\n<strong>CAS registreringsnummer:<\/strong> 75-13-8<br \/>\n<strong>PubChem:<\/strong> 6347<br \/>\nEINECS registreringsnummer: 616-189-3<br \/>\nDet \u00e4r en isomer av fulmi...noic) syra (H-C\u2261N \u2192 O).<\/p>\n<p><strong>Applikationer:<\/strong><\/p>\n<ul>\n<li><strong>Polyuretan Produktion:<\/strong> Isocyansyra anv\u00e4nds vid tillverkning av polyuretaner f\u00f6r s\u00e4ngkl\u00e4der, mattunderl\u00e4gg och f\u00f6rpackningsmaterial.<\/li>\n<li><strong>Fogmassor och lim:<\/strong> Det fungerar som en prekursor vid tillverkning av t\u00e4tningsmedel, lim och elastomerer.<\/li>\n<li><strong>Styva skum:<\/strong> F\u00f6reningen anv\u00e4nds f\u00f6r att skapa styva skum f\u00f6r isolering av kylsk\u00e5p och bost\u00e4der.<\/li>\n<li><strong>Ytbel\u00e4ggningar:<\/strong> P\u00e5 grund av sin h\u00e5llbarhet, v\u00e4derbest\u00e4ndighet och korrosionsbest\u00e4ndighet \u00e4r isocyansyra idealisk f\u00f6r ytbel\u00e4ggningar p\u00e5 material som aluminium, st\u00e5l, glasfiber, tr\u00e4 och cement.<\/li>\n<li><strong>Fordonsindustrin:<\/strong> Det anv\u00e4nds i allt st\u00f6rre utstr\u00e4ckning f\u00f6r reparation av bilkarosser och isolering av byggnader.<\/li>\n<\/ul>","protected":false},"featured_media":735,"comment_status":"closed","ping_status":"closed","template":"","meta":{"pagelayer_contact_templates":[],"_pagelayer_content":"","_kadence_starter_templates_imported_post":false,"_kad_post_transparent":"default","_kad_post_title":"","_kad_post_layout":"default","_kad_post_sidebar_id":"","_kad_post_content_style":"default","_kad_post_vertical_padding":"default","_kad_post_feature":"","_kad_post_feature_position":"","_kad_post_header":false,"_kad_post_footer":false},"product_brand":[],"product_cat":[20],"product_tag":[],"class_list":{"0":"post-666","1":"product","2":"type-product","3":"status-publish","4":"has-post-thumbnail","6":"product_cat-caluanie","8":"first","9":"instock","10":"shipping-taxable","11":"purchasable","12":"product-type-variable","13":"entry","14":"content-bg","15":"loop-entry"},"yoast_head":"<!-- This site is optimized with the Yoast SEO plugin v27.3 - https:\/\/yoast.com\/product\/yoast-seo-wordpress\/ -->\n<title>Buy Isocyanic Acid A-B Caluanie - Isocyanic Acid A-B for Sale<\/title>\n<meta name=\"description\" content=\"If you want to buy isocyanic acid a-b caluanie online and looking for a reliable online store, then buy here. We offer only high-quality isocyanic acid a-b caluanie for sale at an affordable price. Order isocyanic acid a-b caluanie Now!\" \/>\n<meta name=\"robots\" content=\"index, follow, max-snippet:-1, max-image-preview:large, max-video-preview:-1\" \/>\n<link rel=\"canonical\" href=\"https:\/\/factoryson.com\/sv\/product\/buy-isocyanic-acid-caluanie\/\" \/>\n<meta property=\"og:locale\" content=\"sv_SE\" \/>\n<meta property=\"og:type\" content=\"article\" \/>\n<meta property=\"og:title\" content=\"Buy Isocyanic Acid A-B Caluanie - Isocyanic Acid A-B for Sale\" \/>\n<meta property=\"og:description\" content=\"If you want to buy isocyanic acid a-b caluanie online and looking for a reliable online store, then buy here. We offer only high-quality isocyanic acid a-b caluanie for sale at an affordable price. Order isocyanic acid a-b caluanie Now!\" \/>\n<meta property=\"og:url\" content=\"https:\/\/factoryson.com\/sv\/product\/buy-isocyanic-acid-caluanie\/\" \/>\n<meta property=\"og:site_name\" content=\"FactorySon\" \/>\n<meta property=\"article:modified_time\" content=\"2026-04-01T05:47:28+00:00\" \/>\n<meta property=\"og:image\" content=\"https:\/\/factoryson.com\/wp-content\/uploads\/2024\/11\/Isocyanic-Acid-A-B-Caluanie.gif\" \/>\n\t<meta property=\"og:image:width\" content=\"600\" \/>\n\t<meta property=\"og:image:height\" content=\"600\" \/>\n\t<meta property=\"og:image:type\" content=\"image\/gif\" \/>\n<meta name=\"twitter:card\" content=\"summary_large_image\" \/>\n<meta name=\"twitter:label1\" content=\"Ber\u00e4knad l\u00e4stid\" \/>\n\t<meta name=\"twitter:data1\" content=\"3 minuter\" \/>\n<script type=\"application\/ld+json\" class=\"yoast-schema-graph\">{\"@context\":\"https:\\\/\\\/schema.org\",\"@graph\":[{\"@type\":\"WebPage\",\"@id\":\"https:\\\/\\\/factoryson.com\\\/product\\\/buy-isocyanic-acid-caluanie\\\/\",\"url\":\"https:\\\/\\\/factoryson.com\\\/product\\\/buy-isocyanic-acid-caluanie\\\/\",\"name\":\"Buy Isocyanic Acid A-B Caluanie - Isocyanic Acid A-B for Sale\",\"isPartOf\":{\"@id\":\"https:\\\/\\\/factoryson.com\\\/#website\"},\"primaryImageOfPage\":{\"@id\":\"https:\\\/\\\/factoryson.com\\\/product\\\/buy-isocyanic-acid-caluanie\\\/#primaryimage\"},\"image\":{\"@id\":\"https:\\\/\\\/factoryson.com\\\/product\\\/buy-isocyanic-acid-caluanie\\\/#primaryimage\"},\"thumbnailUrl\":\"https:\\\/\\\/factoryson.com\\\/wp-content\\\/uploads\\\/2024\\\/11\\\/Isocyanic-Acid-A-B-Caluanie.gif\",\"datePublished\":\"2024-11-08T05:03:38+00:00\",\"dateModified\":\"2026-04-01T05:47:28+00:00\",\"description\":\"If you want to buy isocyanic acid a-b caluanie online and looking for a reliable online store, then buy here. We offer only high-quality isocyanic acid a-b caluanie for sale at an affordable price. Order isocyanic acid a-b caluanie Now!\",\"breadcrumb\":{\"@id\":\"https:\\\/\\\/factoryson.com\\\/product\\\/buy-isocyanic-acid-caluanie\\\/#breadcrumb\"},\"inLanguage\":\"sv-SE\",\"potentialAction\":[{\"@type\":\"ReadAction\",\"target\":[\"https:\\\/\\\/factoryson.com\\\/product\\\/buy-isocyanic-acid-caluanie\\\/\"]}]},{\"@type\":\"ImageObject\",\"inLanguage\":\"sv-SE\",\"@id\":\"https:\\\/\\\/factoryson.com\\\/product\\\/buy-isocyanic-acid-caluanie\\\/#primaryimage\",\"url\":\"https:\\\/\\\/factoryson.com\\\/wp-content\\\/uploads\\\/2024\\\/11\\\/Isocyanic-Acid-A-B-Caluanie.gif\",\"contentUrl\":\"https:\\\/\\\/factoryson.com\\\/wp-content\\\/uploads\\\/2024\\\/11\\\/Isocyanic-Acid-A-B-Caluanie.gif\",\"width\":600,\"height\":600,\"caption\":\"Buy Isocyanic Acid A-B Caluanie Online\"},{\"@type\":\"BreadcrumbList\",\"@id\":\"https:\\\/\\\/factoryson.com\\\/product\\\/buy-isocyanic-acid-caluanie\\\/#breadcrumb\",\"itemListElement\":[{\"@type\":\"ListItem\",\"position\":1,\"name\":\"Home\",\"item\":\"https:\\\/\\\/factoryson.com\\\/nl\\\/\"},{\"@type\":\"ListItem\",\"position\":2,\"name\":\"Shop\",\"item\":\"https:\\\/\\\/factoryson.com\\\/nl\\\/shop\\\/\"},{\"@type\":\"ListItem\",\"position\":3,\"name\":\"Isocyanic Acid A-B Caluanie\"}]},{\"@type\":\"WebSite\",\"@id\":\"https:\\\/\\\/factoryson.com\\\/#website\",\"url\":\"https:\\\/\\\/factoryson.com\\\/\",\"name\":\"FactorySon\",\"description\":\"My WordPress Blog\",\"potentialAction\":[{\"@type\":\"SearchAction\",\"target\":{\"@type\":\"EntryPoint\",\"urlTemplate\":\"https:\\\/\\\/factoryson.com\\\/?s={search_term_string}\"},\"query-input\":{\"@type\":\"PropertyValueSpecification\",\"valueRequired\":true,\"valueName\":\"search_term_string\"}}],\"inLanguage\":\"sv-SE\"}]}<\/script>\n<!-- \/ Yoast SEO plugin. -->","yoast_head_json":{"title":"K\u00f6p Isocyanic Acid A-B Caluanie - Isocyanic Acid A-B till salu","description":"Om du vill k\u00f6pa isocyansyra a-b caluanie online och letar efter en p\u00e5litlig onlinebutik, k\u00f6p sedan h\u00e4r. Vi erbjuder endast h\u00f6gkvalitativ isocyansyra a-b caluanie till salu till ett \u00f6verkomligt pris. Best\u00e4ll isocyansyra a-b caluanie nu!","robots":{"index":"index","follow":"follow","max-snippet":"max-snippet:-1","max-image-preview":"max-image-preview:large","max-video-preview":"max-video-preview:-1"},"canonical":"https:\/\/factoryson.com\/sv\/product\/buy-isocyanic-acid-caluanie\/","og_locale":"sv_SE","og_type":"article","og_title":"Buy Isocyanic Acid A-B Caluanie - Isocyanic Acid A-B for Sale","og_description":"If you want to buy isocyanic acid a-b caluanie online and looking for a reliable online store, then buy here. We offer only high-quality isocyanic acid a-b caluanie for sale at an affordable price. Order isocyanic acid a-b caluanie Now!","og_url":"https:\/\/factoryson.com\/sv\/product\/buy-isocyanic-acid-caluanie\/","og_site_name":"FactorySon","article_modified_time":"2026-04-01T05:47:28+00:00","og_image":[{"width":600,"height":600,"url":"https:\/\/factoryson.com\/wp-content\/uploads\/2024\/11\/Isocyanic-Acid-A-B-Caluanie.gif","type":"image\/gif"}],"twitter_card":"summary_large_image","twitter_misc":{"Ber\u00e4knad l\u00e4stid":"3 minuter"},"schema":{"@context":"https:\/\/schema.org","@graph":[{"@type":"WebPage","@id":"https:\/\/factoryson.com\/product\/buy-isocyanic-acid-caluanie\/","url":"https:\/\/factoryson.com\/product\/buy-isocyanic-acid-caluanie\/","name":"K\u00f6p Isocyanic Acid A-B Caluanie - Isocyanic Acid A-B till salu","isPartOf":{"@id":"https:\/\/factoryson.com\/#website"},"primaryImageOfPage":{"@id":"https:\/\/factoryson.com\/product\/buy-isocyanic-acid-caluanie\/#primaryimage"},"image":{"@id":"https:\/\/factoryson.com\/product\/buy-isocyanic-acid-caluanie\/#primaryimage"},"thumbnailUrl":"https:\/\/factoryson.com\/wp-content\/uploads\/2024\/11\/Isocyanic-Acid-A-B-Caluanie.gif","datePublished":"2024-11-08T05:03:38+00:00","dateModified":"2026-04-01T05:47:28+00:00","description":"Om du vill k\u00f6pa isocyansyra a-b caluanie online och letar efter en p\u00e5litlig onlinebutik, k\u00f6p sedan h\u00e4r. Vi erbjuder endast h\u00f6gkvalitativ isocyansyra a-b caluanie till salu till ett \u00f6verkomligt pris. Best\u00e4ll isocyansyra a-b caluanie nu!","breadcrumb":{"@id":"https:\/\/factoryson.com\/product\/buy-isocyanic-acid-caluanie\/#breadcrumb"},"inLanguage":"sv-SE","potentialAction":[{"@type":"ReadAction","target":["https:\/\/factoryson.com\/product\/buy-isocyanic-acid-caluanie\/"]}]},{"@type":"ImageObject","inLanguage":"sv-SE","@id":"https:\/\/factoryson.com\/product\/buy-isocyanic-acid-caluanie\/#primaryimage","url":"https:\/\/factoryson.com\/wp-content\/uploads\/2024\/11\/Isocyanic-Acid-A-B-Caluanie.gif","contentUrl":"https:\/\/factoryson.com\/wp-content\/uploads\/2024\/11\/Isocyanic-Acid-A-B-Caluanie.gif","width":600,"height":600,"caption":"Buy Isocyanic Acid A-B Caluanie Online"},{"@type":"BreadcrumbList","@id":"https:\/\/factoryson.com\/product\/buy-isocyanic-acid-caluanie\/#breadcrumb","itemListElement":[{"@type":"ListItem","position":1,"name":"Home","item":"https:\/\/factoryson.com\/nl\/"},{"@type":"ListItem","position":2,"name":"Shop","item":"https:\/\/factoryson.com\/nl\/shop\/"},{"@type":"ListItem","position":3,"name":"Isocyanic Acid A-B Caluanie"}]},{"@type":"WebSite","@id":"https:\/\/factoryson.com\/#website","url":"https:\/\/factoryson.com\/","name":"FactorySon","description":"Min WordPress-blogg","potentialAction":[{"@type":"SearchAction","target":{"@type":"EntryPoint","urlTemplate":"https:\/\/factoryson.com\/?s={search_term_string}"},"query-input":{"@type":"PropertyValueSpecification","valueRequired":true,"valueName":"search_term_string"}}],"inLanguage":"sv-SE"}]}},"_links":{"self":[{"href":"https:\/\/factoryson.com\/sv\/wp-json\/wp\/v2\/product\/666","targetHints":{"allow":["GET"]}}],"collection":[{"href":"https:\/\/factoryson.com\/sv\/wp-json\/wp\/v2\/product"}],"about":[{"href":"https:\/\/factoryson.com\/sv\/wp-json\/wp\/v2\/types\/product"}],"replies":[{"embeddable":true,"href":"https:\/\/factoryson.com\/sv\/wp-json\/wp\/v2\/comments?post=666"}],"wp:featuredmedia":[{"embeddable":true,"href":"https:\/\/factoryson.com\/sv\/wp-json\/wp\/v2\/media\/735"}],"wp:attachment":[{"href":"https:\/\/factoryson.com\/sv\/wp-json\/wp\/v2\/media?parent=666"}],"wp:term":[{"taxonomy":"product_brand","embeddable":true,"href":"https:\/\/factoryson.com\/sv\/wp-json\/wp\/v2\/product_brand?post=666"},{"taxonomy":"product_cat","embeddable":true,"href":"https:\/\/factoryson.com\/sv\/wp-json\/wp\/v2\/product_cat?post=666"},{"taxonomy":"product_tag","embeddable":true,"href":"https:\/\/factoryson.com\/sv\/wp-json\/wp\/v2\/product_tag?post=666"}],"curies":[{"name":"wp","href":"https:\/\/api.w.org\/{rel}","templated":true}]}}