{"id":1236,"date":"2026-04-01T04:33:58","date_gmt":"2026-04-01T04:33:58","guid":{"rendered":"https:\/\/factoryson.com\/?post_type=product&#038;p=1236"},"modified":"2026-04-16T10:41:04","modified_gmt":"2026-04-16T10:41:04","slug":"buy-tetramethylene-glycol-bdo","status":"publish","type":"product","link":"https:\/\/factoryson.com\/sv\/product\/buy-tetramethylene-glycol-bdo\/","title":{"rendered":"Buy Tetramethylene Glycol (BDO) 1000ml &#8211; High Purity"},"content":{"rendered":"<p>Letar du efter <a href=\"https:\/\/factoryson.com\/sv\/product\/buy-tetramethylene-glycol-bdo\/\"><b>buy Tetramethylene Glycol 1000ml BDO for sale<\/b><\/a>Vi erbjuder denna h\u00f6gkvalitativa mellanprodukt, viktig f\u00f6r olika industriella till\u00e4mpningar. Tetrametylenglykol, \u00e4ven k\u00e4nd som 1,4-butandiol (BDO), och dess m\u00e5ngsidiga derivat anv\u00e4nds i stor utstr\u00e4ckning vid produktion av en m\u00e4ngd olika material, inklusive avancerade plaster, effektiva l\u00f6sningsmedel, specialiserade elektroniska kemikalier och elastiska fibrer. N\u00e4r du beh\u00f6ver en p\u00e5litlig leverans kan du \u00f6verv\u00e4ga att k\u00f6pa din h\u00f6grena tetrametylenglykol fr\u00e5n Milestone Suppliers, vilket s\u00e4kerst\u00e4ller att du f\u00e5r en h\u00f6gkvalitativ produkt f\u00f6r dina specifika industriella behov. <strong><a href=\"https:\/\/factoryson.com\/sv\/\">factoryson<\/a><\/strong><\/p>\n<h2>What is Tetramethylene Glycol (BDO)?<\/h2>\n<p>Tetrametylenglykol, allm\u00e4nt k\u00e4nd som 1,4-butandiol (BDO), \u00e4r en viktig organisk f\u00f6rening med CAS-nummer: 110-63-4 och EINECS: 203-786-5. Denna f\u00e4rgl\u00f6sa eller gulaktiga oljiga v\u00e4tska \u00e4r en grundl\u00e4ggande byggsten i m\u00e5nga kemiska synteser. Dess molekylvikt \u00e4r 90,121 och dess molekylformel \u00e4r C<sub>4<\/sub>H<sub>10<\/sub>O<sub>2<\/sub>Med en densitet p\u00e5 1,006 g\/cm<sup>3<\/sup>, 1,4-butandiol \u00e4r anm\u00e4rkningsv\u00e4rt blandbar med vatten. Detta g\u00f6r den till en mycket anpassningsbar kemisk intermedi\u00e4r som integreras s\u00f6ml\u00f6st i olika industriella processer d\u00e4r j\u00e4mn kvalitet \u00e4r av st\u00f6rsta vikt.<a href=\"https:\/\/chemicopro.com\/de\/product\/hexamin\/\">.<\/a><\/p>\n<h2>Specifications of 1,4-Butanediol (Tetramethylene Glycol)<\/h2>\n<p>Att f\u00f6rst\u00e5 de exakta specifikationerna f\u00f6r 1,4-butandiol \u00e4r avg\u00f6rande f\u00f6r dess effektiva och s\u00e4kra till\u00e4mpning. V\u00e5r tetrametylenglykol uppfyller rigor\u00f6sa kvalitetsstandarder, vilket s\u00e4kerst\u00e4ller l\u00e4mplighet f\u00f6r kr\u00e4vande industriella milj\u00f6er. Viktiga parametrar beskrivs nedan, vilket \u00e5terspeglar v\u00e5rt engagemang f\u00f6r att tillhandah\u00e5lla en h\u00f6gren produkt:<\/p>\n<table>\n<thead>\n<tr>\n<th>Karakteristisk<\/th>\n<th>Specifikation<\/th>\n<\/tr>\n<\/thead>\n<tbody>\n<tr>\n<td>Utseende<\/td>\n<td>Colorless or yellowish oily liquid<\/td>\n<\/tr>\n<tr>\n<td>Kristallisationspunkt<\/td>\n<td>\u226515.0 \u00b0C<\/td>\n<\/tr>\n<tr>\n<td>Densitet (20\u00b0C)<\/td>\n<td>1.015~1.018 g\/mL<\/td>\n<\/tr>\n<tr>\n<td>Surhet (H<sup>+<\/sup>)<\/td>\n<td>\u22640.25 mmol\/100g<\/td>\n<\/tr>\n<tr>\n<td>Water (H<sub>2<\/sub>O)<\/td>\n<td>\u22640.5 %<\/td>\n<\/tr>\n<tr>\n<td>Ignition Residue (as Sulfate basis)<\/td>\n<td>\u22640.01%<\/td>\n<\/tr>\n<tr>\n<td>Assay (C<sub>4<\/sub>H<sub>10<\/sub>O<sub>2<\/sub>)<\/td>\n<td>\u226599.50%<\/td>\n<\/tr>\n<\/tbody>\n<\/table>\n<p>Dessa specifikationer s\u00e4kerst\u00e4ller att den tetrametylenglykol du f\u00e5r uppfyller de n\u00f6dv\u00e4ndiga renhets- och prestandakriterierna f\u00f6r dina k\u00e4nsliga till\u00e4mpningar.<\/p>\n<div class=\"ds-message _63c77b1\">\n<div class=\"ds-markdown\">\n<h3 class=\"ds-markdown-paragraph\">INDUSTRIAL APPLICATIONS OF 1,4-BUTANEDIOL BDO<\/h3>\n<p class=\"ds-markdown-paragraph\">Den industriella anv\u00e4ndbarheten av 1,4-butandiol (BDO) \u00e4r omfattande. Det anv\u00e4nds fr\u00e4mst som ett m\u00e5ngsidigt l\u00f6sningsmedel och en grundl\u00e4ggande komponent vid tillverkning av avancerade material. Industrier f\u00f6rlitar sig p\u00e5 1,4-butandiol f\u00f6r att skapa specifika plaster, utveckla <strong><a href=\"https:\/\/www.sciencedirect.com\/topics\/chemistry\/tetraethylene-glycol\">highly elastic fibers<\/a><\/strong>, och syntetiserar polyuretaner, v\u00e4rderade f\u00f6r sin h\u00e5llbarhet och flexibilitet. Inom organisk kemi \u00e4r 1,4-butandiol en viktig prekursor f\u00f6r syntesen av \u03b3-butyrolakton (GBL). Dessutom dehydreras den med fosforsyra och f\u00f6rh\u00f6jda temperaturer f\u00f6r att ge tetrahydrofuran, ett viktigt industriellt l\u00f6sningsmedel. Vid cirka 200 \u00b0C, med l\u00f6sliga ruteniumkatalysatorer, kan diolen genomg\u00e5 dehydrogenering f\u00f6r att bilda butyrolakton. Dessa omvandlingar belyser den strategiska betydelsen av 1,4-butandiol inom avancerad kemisk tillverkning.<\/p>\n<h3 class=\"ds-markdown-paragraph\">PROHIBITED USES AND SAFETY INFORMATION<\/h3>\n<p class=\"ds-markdown-paragraph\">Efterlevnad av riktlinjer g\u00e4llande f\u00f6rbjuden anv\u00e4ndning av <strong><a href=\"https:\/\/en.wikipedia.org\/wiki\/1,4-Butanediol\">1,4-Butanediol (BDO)<\/a><\/strong> \u00e4r absolut n\u00f6dv\u00e4ndigt f\u00f6r s\u00e4kerhet och efterlevnad av regelverk. 1,4-BDO \u00e4r str\u00e4ngt f\u00f6rbjudet att anv\u00e4nda i l\u00e4kemedel, kosmetika och som livsmedel. Dess anv\u00e4ndning i barnleksaker \u00e4r ocks\u00e5 f\u00f6rbjuden. Dessa restriktioner skyddar folkh\u00e4lsan och f\u00f6ljer strikta regelverk. Anv\u00e4ndare rekommenderas starkt att konsultera s\u00e4kerhetsdatabladet (SDS) f\u00f6r omfattande information om s\u00e4ker hantering, f\u00f6rvaring och avfallshantering. S\u00e4kerst\u00e4ll alltid en kontrollerad milj\u00f6 och anv\u00e4nd l\u00e4mplig personlig skyddsutrustning (PPE) f\u00f6r att minimera riskerna. Att prioritera s\u00e4kerhet och efterlevnad \u00e4r inte f\u00f6rhandlingsbart f\u00f6r alla industriella till\u00e4mpningar.<\/p>\n<h3 class=\"ds-markdown-paragraph\">PACKAGING AND LOGISTICS<\/h3>\n<p class=\"ds-markdown-paragraph\">F\u00f6r BDO f\u00f6r industriella kunder som beh\u00f6ver\u00a0<a href=\"https:\/\/factoryson.com\/sv\/product\/buy-glyphosate-herbicide\/\"><strong>reliable supply chain<\/strong><\/a>, v\u00e5r tetrametylenglykol (BDO) erbjuds i robusta och s\u00e4kra f\u00f6rpackningsalternativ. Varje enhet \u00e4r f\u00f6rpackad i en 200 kg j\u00e4rntrumma, vilket s\u00e4kerst\u00e4ller produktens integritet under transport. F\u00f6r st\u00f6rre best\u00e4llningar rymmer en standard 20-fotscontainer (1*20\u2033FCL) 16 ton per container, motsvarande 80 fat per container. Denna standardiserade f\u00f6rpackning underl\u00e4ttar en effektiv logistik och m\u00f6jligg\u00f6r bulkink\u00f6p, vilket s\u00e4kerst\u00e4ller att f\u00f6retag uppr\u00e4tth\u00e5ller tillr\u00e4ckliga lagerniv\u00e5er utan att kompromissa med produktkvalitet eller leveranseffektivitet. V\u00e5r p\u00e5litliga leveranskedja s\u00e4kerst\u00e4ller j\u00e4mn tillg\u00e4nglighet.<\/p>\n<h3 class=\"ds-markdown-paragraph\">WHY CHOOSE OUR TETRAMETHYLENE GLYCOL (BDO)?<\/h3>\n<p class=\"ds-markdown-paragraph\">F\u00f6r dig som vill k\u00f6pa tetrametylenglykol 1000 ml BDO till salu, utm\u00e4rker sig v\u00e5r produkt som en h\u00f6gkvalitativ kemisk intermedi\u00e4r med j\u00e4mn renhet, l\u00e4mplig f\u00f6r ett brett spektrum av industriella till\u00e4mpningar. Fr\u00e5n produktion av plast och l\u00f6sningsmedel till elektroniska kemikalier och elastiska fibrer, g\u00f6r den j\u00e4mna renheten och prestandan hos v\u00e5r 1,4-butandiol den till en ov\u00e4rderlig tillg\u00e5ng. Lita p\u00e5 Milestone Suppliers som din betrodda leverant\u00f6r och p\u00e5litliga kemikalieleverant\u00f6r f\u00f6r dina BDO-behov, d\u00e4r en BDO-leverant\u00f6r av h\u00f6gsta kvalitet och kundn\u00f6jdhet \u00e4r v\u00e5ra prioriteter. S\u00e4kra din BDO-leverans idag f\u00f6r att s\u00e4kerst\u00e4lla en smidig utveckling av dina kritiska tillverknings- och syntesprocesser. V\u00e4lj s\u00e4kra ink\u00f6psalternativ med konkurrenskraftiga priser och p\u00e5litliga leveranskedjor. Oavsett om du beh\u00f6ver k\u00f6pa in BDO i bulk med 16 ton per container och 80 fat per container eller mindre kvantiteter, levererar v\u00e5r effektiviserade logistik och p\u00e5litliga leveranskedja. Best\u00e4ll tetrametylenglykol online nu och upplev h\u00f6grena kemiska intermedi\u00e4rer med strikta kvalitetskontroller och j\u00e4mn produktkvalitet. F\u00f6r all BDO till industriella kunder \u00e4r Milestone Suppliers den h\u00f6gsta kvalitetsleverant\u00f6ren av BDO du kan lita p\u00e5. K\u00f6p 1,4-butandiol fr\u00e5n oss och s\u00e4kra din BDO-leverans p\u00e5 l\u00e5ng sikt.<\/p>\n<h3 class=\"ds-markdown-paragraph\">CONCLUSION<\/h3>\n<p class=\"ds-markdown-paragraph\">F\u00f6r dig som vill k\u00f6pa tetrametylenglykol 1000 ml BDO till salu, utm\u00e4rker sig v\u00e5r produkt som en h\u00f6gkvalitativ kemisk intermedi\u00e4r med j\u00e4mn renhet, l\u00e4mplig f\u00f6r ett brett spektrum av industriella till\u00e4mpningar. Fr\u00e5n produktion av plast och l\u00f6sningsmedel till elektroniska kemikalier och elastiska fibrer, g\u00f6r den j\u00e4mna renheten och prestandan hos v\u00e5r 1,4-butandiol den till en ov\u00e4rderlig tillg\u00e5ng. Lita p\u00e5 Milestone Suppliers som din betrodda leverant\u00f6r och p\u00e5litliga kemikalieleverant\u00f6r f\u00f6r dina BDO-behov, d\u00e4r en BDO-leverant\u00f6r av h\u00f6gsta kvalitet och kundn\u00f6jdhet \u00e4r v\u00e5ra prioriteter. S\u00e4kra din BDO-leverans idag f\u00f6r att s\u00e4kerst\u00e4lla en smidig utveckling av dina kritiska tillverknings- och syntesprocesser. V\u00e4lj s\u00e4kra ink\u00f6psalternativ med konkurrenskraftiga priser och p\u00e5litliga leveranskedjor. Oavsett om du beh\u00f6ver k\u00f6pa in BDO i bulk med 16 ton per container och 80 fat per container eller mindre kvantiteter, levererar v\u00e5r effektiviserade logistik och p\u00e5litliga leveranskedja. Best\u00e4ll tetrametylenglykol online nu och upplev h\u00f6grena kemiska intermedi\u00e4rer med strikta kvalitetskontroller och j\u00e4mn produktkvalitet. F\u00f6r all BDO till industriella kunder \u00e4r Milestone Suppliers den h\u00f6gsta kvalitetsleverant\u00f6ren av BDO du kan lita p\u00e5. K\u00f6p 1,4-butandiol fr\u00e5n oss och s\u00e4kra din BDO-leverans p\u00e5 l\u00e5ng sikt. <strong><a href=\"https:\/\/factoryson.com\/sv\/product\/buy-tetramethylene-glycol-bdo\/\">Shop now<\/a><\/strong><\/p>\n<\/div>\n<\/div>","protected":false},"excerpt":{"rendered":"<p><b>Buy Tetramethylene Glycol 1000ml BDO<\/b>, a high-quality intermediate from Milestone Suppliers. Also known as 1,4-Butanediol (CAS No.: 110-63-4), this essential compound (C<sub>4<\/sub>H<sub>10<\/sub>O<sub>2<\/sub>) is widely used for producing plastics, solvents, electronic chemicals, and elastic fibers. It features a density of 1.006 g\/cm<sup>3<\/sup> and is fully water-miscible, ensuring its versatility for industrial applications.<\/p>","protected":false},"featured_media":1852,"comment_status":"open","ping_status":"closed","template":"","meta":{"pagelayer_contact_templates":[],"_pagelayer_content":"","_kadence_starter_templates_imported_post":false,"_kad_post_transparent":"default","_kad_post_title":"","_kad_post_layout":"default","_kad_post_sidebar_id":"","_kad_post_content_style":"default","_kad_post_vertical_padding":"default","_kad_post_feature":"","_kad_post_feature_position":"","_kad_post_header":false,"_kad_post_footer":false},"product_brand":[],"product_cat":[112],"product_tag":[],"class_list":{"0":"post-1236","1":"product","2":"type-product","3":"status-publish","4":"has-post-thumbnail","6":"product_cat-caluanie-muelear-oxide","8":"first","9":"instock","10":"shipping-taxable","11":"purchasable","12":"product-type-variable","13":"entry","14":"content-bg","15":"loop-entry"},"yoast_head":"<!-- This site is optimized with the Yoast SEO plugin v27.3 - https:\/\/yoast.com\/product\/yoast-seo-wordpress\/ -->\n<title>Buy Tetramethylene Glycol (BDO) \u2013 Quality BDO (1, 4 Butanediol)<\/title>\n<meta name=\"description\" content=\"Buy Tetramethylene Glycol (BDO), 1,4-Butanediol (Tetramethylene Glycol) (1,4-Butylene Glycol) online in India at the best price.\" \/>\n<meta name=\"robots\" content=\"index, follow, max-snippet:-1, max-image-preview:large, max-video-preview:-1\" \/>\n<link rel=\"canonical\" href=\"https:\/\/factoryson.com\/sv\/product\/buy-tetramethylene-glycol-bdo\/\" \/>\n<meta property=\"og:locale\" content=\"sv_SE\" \/>\n<meta property=\"og:type\" content=\"article\" \/>\n<meta property=\"og:title\" content=\"Buy Tetramethylene Glycol (BDO) \u2013 Quality BDO (1, 4 Butanediol)\" \/>\n<meta property=\"og:description\" content=\"Buy Tetramethylene Glycol (BDO), 1,4-Butanediol (Tetramethylene Glycol) (1,4-Butylene Glycol) online in India at the best price.\" \/>\n<meta property=\"og:url\" content=\"https:\/\/factoryson.com\/sv\/product\/buy-tetramethylene-glycol-bdo\/\" \/>\n<meta property=\"og:site_name\" content=\"FactorySon\" \/>\n<meta property=\"article:modified_time\" content=\"2026-04-16T10:41:04+00:00\" \/>\n<meta property=\"og:image\" content=\"https:\/\/factoryson.com\/wp-content\/uploads\/2026\/04\/images-8.jpg\" \/>\n\t<meta property=\"og:image:width\" content=\"225\" \/>\n\t<meta property=\"og:image:height\" content=\"225\" \/>\n\t<meta property=\"og:image:type\" content=\"image\/jpeg\" \/>\n<meta name=\"twitter:card\" content=\"summary_large_image\" \/>\n<meta name=\"twitter:label1\" content=\"Ber\u00e4knad l\u00e4stid\" \/>\n\t<meta name=\"twitter:data1\" content=\"5 minuter\" \/>\n<script type=\"application\/ld+json\" class=\"yoast-schema-graph\">{\"@context\":\"https:\\\/\\\/schema.org\",\"@graph\":[{\"@type\":\"WebPage\",\"@id\":\"https:\\\/\\\/factoryson.com\\\/product\\\/buy-tetramethylene-glycol-bdo\\\/\",\"url\":\"https:\\\/\\\/factoryson.com\\\/product\\\/buy-tetramethylene-glycol-bdo\\\/\",\"name\":\"Buy Tetramethylene Glycol (BDO) \u2013 Quality BDO (1, 4 Butanediol)\",\"isPartOf\":{\"@id\":\"https:\\\/\\\/factoryson.com\\\/#website\"},\"primaryImageOfPage\":{\"@id\":\"https:\\\/\\\/factoryson.com\\\/product\\\/buy-tetramethylene-glycol-bdo\\\/#primaryimage\"},\"image\":{\"@id\":\"https:\\\/\\\/factoryson.com\\\/product\\\/buy-tetramethylene-glycol-bdo\\\/#primaryimage\"},\"thumbnailUrl\":\"https:\\\/\\\/factoryson.com\\\/wp-content\\\/uploads\\\/2026\\\/04\\\/images-8.jpg\",\"datePublished\":\"2026-04-01T04:33:58+00:00\",\"dateModified\":\"2026-04-16T10:41:04+00:00\",\"description\":\"Buy Tetramethylene Glycol (BDO), 1,4-Butanediol (Tetramethylene Glycol) (1,4-Butylene Glycol) online in India at the best price.\",\"breadcrumb\":{\"@id\":\"https:\\\/\\\/factoryson.com\\\/product\\\/buy-tetramethylene-glycol-bdo\\\/#breadcrumb\"},\"inLanguage\":\"sv-SE\",\"potentialAction\":[{\"@type\":\"ReadAction\",\"target\":[\"https:\\\/\\\/factoryson.com\\\/product\\\/buy-tetramethylene-glycol-bdo\\\/\"]}]},{\"@type\":\"ImageObject\",\"inLanguage\":\"sv-SE\",\"@id\":\"https:\\\/\\\/factoryson.com\\\/product\\\/buy-tetramethylene-glycol-bdo\\\/#primaryimage\",\"url\":\"https:\\\/\\\/factoryson.com\\\/wp-content\\\/uploads\\\/2026\\\/04\\\/images-8.jpg\",\"contentUrl\":\"https:\\\/\\\/factoryson.com\\\/wp-content\\\/uploads\\\/2026\\\/04\\\/images-8.jpg\",\"width\":225,\"height\":225,\"caption\":\"Buy Tetramethylene Glycol (BDO)\"},{\"@type\":\"BreadcrumbList\",\"@id\":\"https:\\\/\\\/factoryson.com\\\/product\\\/buy-tetramethylene-glycol-bdo\\\/#breadcrumb\",\"itemListElement\":[{\"@type\":\"ListItem\",\"position\":1,\"name\":\"Home\",\"item\":\"https:\\\/\\\/factoryson.com\\\/nl\\\/\"},{\"@type\":\"ListItem\",\"position\":2,\"name\":\"Shop\",\"item\":\"https:\\\/\\\/factoryson.com\\\/nl\\\/shop\\\/\"},{\"@type\":\"ListItem\",\"position\":3,\"name\":\"Buy Tetramethylene Glycol (BDO) 1000ml &#8211; High Purity\"}]},{\"@type\":\"WebSite\",\"@id\":\"https:\\\/\\\/factoryson.com\\\/#website\",\"url\":\"https:\\\/\\\/factoryson.com\\\/\",\"name\":\"FactorySon\",\"description\":\"My WordPress Blog\",\"potentialAction\":[{\"@type\":\"SearchAction\",\"target\":{\"@type\":\"EntryPoint\",\"urlTemplate\":\"https:\\\/\\\/factoryson.com\\\/?s={search_term_string}\"},\"query-input\":{\"@type\":\"PropertyValueSpecification\",\"valueRequired\":true,\"valueName\":\"search_term_string\"}}],\"inLanguage\":\"sv-SE\"}]}<\/script>\n<!-- \/ Yoast SEO plugin. -->","yoast_head_json":{"title":"Buy Tetramethylene Glycol (BDO) \u2013 Quality BDO (1, 4 Butanediol)","description":"Buy Tetramethylene Glycol (BDO), 1,4-Butanediol (Tetramethylene Glycol) (1,4-Butylene Glycol) online in India at the best price.","robots":{"index":"index","follow":"follow","max-snippet":"max-snippet:-1","max-image-preview":"max-image-preview:large","max-video-preview":"max-video-preview:-1"},"canonical":"https:\/\/factoryson.com\/sv\/product\/buy-tetramethylene-glycol-bdo\/","og_locale":"sv_SE","og_type":"article","og_title":"Buy Tetramethylene Glycol (BDO) \u2013 Quality BDO (1, 4 Butanediol)","og_description":"Buy Tetramethylene Glycol (BDO), 1,4-Butanediol (Tetramethylene Glycol) (1,4-Butylene Glycol) online in India at the best price.","og_url":"https:\/\/factoryson.com\/sv\/product\/buy-tetramethylene-glycol-bdo\/","og_site_name":"FactorySon","article_modified_time":"2026-04-16T10:41:04+00:00","og_image":[{"width":225,"height":225,"url":"https:\/\/factoryson.com\/wp-content\/uploads\/2026\/04\/images-8.jpg","type":"image\/jpeg"}],"twitter_card":"summary_large_image","twitter_misc":{"Ber\u00e4knad l\u00e4stid":"5 minuter"},"schema":{"@context":"https:\/\/schema.org","@graph":[{"@type":"WebPage","@id":"https:\/\/factoryson.com\/product\/buy-tetramethylene-glycol-bdo\/","url":"https:\/\/factoryson.com\/product\/buy-tetramethylene-glycol-bdo\/","name":"Buy Tetramethylene Glycol (BDO) \u2013 Quality BDO (1, 4 Butanediol)","isPartOf":{"@id":"https:\/\/factoryson.com\/#website"},"primaryImageOfPage":{"@id":"https:\/\/factoryson.com\/product\/buy-tetramethylene-glycol-bdo\/#primaryimage"},"image":{"@id":"https:\/\/factoryson.com\/product\/buy-tetramethylene-glycol-bdo\/#primaryimage"},"thumbnailUrl":"https:\/\/factoryson.com\/wp-content\/uploads\/2026\/04\/images-8.jpg","datePublished":"2026-04-01T04:33:58+00:00","dateModified":"2026-04-16T10:41:04+00:00","description":"Buy Tetramethylene Glycol (BDO), 1,4-Butanediol (Tetramethylene Glycol) (1,4-Butylene Glycol) online in India at the best price.","breadcrumb":{"@id":"https:\/\/factoryson.com\/product\/buy-tetramethylene-glycol-bdo\/#breadcrumb"},"inLanguage":"sv-SE","potentialAction":[{"@type":"ReadAction","target":["https:\/\/factoryson.com\/product\/buy-tetramethylene-glycol-bdo\/"]}]},{"@type":"ImageObject","inLanguage":"sv-SE","@id":"https:\/\/factoryson.com\/product\/buy-tetramethylene-glycol-bdo\/#primaryimage","url":"https:\/\/factoryson.com\/wp-content\/uploads\/2026\/04\/images-8.jpg","contentUrl":"https:\/\/factoryson.com\/wp-content\/uploads\/2026\/04\/images-8.jpg","width":225,"height":225,"caption":"Buy Tetramethylene Glycol (BDO)"},{"@type":"BreadcrumbList","@id":"https:\/\/factoryson.com\/product\/buy-tetramethylene-glycol-bdo\/#breadcrumb","itemListElement":[{"@type":"ListItem","position":1,"name":"Home","item":"https:\/\/factoryson.com\/nl\/"},{"@type":"ListItem","position":2,"name":"Shop","item":"https:\/\/factoryson.com\/nl\/shop\/"},{"@type":"ListItem","position":3,"name":"Buy Tetramethylene Glycol (BDO) 1000ml &#8211; High Purity"}]},{"@type":"WebSite","@id":"https:\/\/factoryson.com\/#website","url":"https:\/\/factoryson.com\/","name":"FactorySon","description":"Min WordPress-blogg","potentialAction":[{"@type":"SearchAction","target":{"@type":"EntryPoint","urlTemplate":"https:\/\/factoryson.com\/?s={search_term_string}"},"query-input":{"@type":"PropertyValueSpecification","valueRequired":true,"valueName":"search_term_string"}}],"inLanguage":"sv-SE"}]}},"_links":{"self":[{"href":"https:\/\/factoryson.com\/sv\/wp-json\/wp\/v2\/product\/1236","targetHints":{"allow":["GET"]}}],"collection":[{"href":"https:\/\/factoryson.com\/sv\/wp-json\/wp\/v2\/product"}],"about":[{"href":"https:\/\/factoryson.com\/sv\/wp-json\/wp\/v2\/types\/product"}],"replies":[{"embeddable":true,"href":"https:\/\/factoryson.com\/sv\/wp-json\/wp\/v2\/comments?post=1236"}],"wp:featuredmedia":[{"embeddable":true,"href":"https:\/\/factoryson.com\/sv\/wp-json\/wp\/v2\/media\/1852"}],"wp:attachment":[{"href":"https:\/\/factoryson.com\/sv\/wp-json\/wp\/v2\/media?parent=1236"}],"wp:term":[{"taxonomy":"product_brand","embeddable":true,"href":"https:\/\/factoryson.com\/sv\/wp-json\/wp\/v2\/product_brand?post=1236"},{"taxonomy":"product_cat","embeddable":true,"href":"https:\/\/factoryson.com\/sv\/wp-json\/wp\/v2\/product_cat?post=1236"},{"taxonomy":"product_tag","embeddable":true,"href":"https:\/\/factoryson.com\/sv\/wp-json\/wp\/v2\/product_tag?post=1236"}],"curies":[{"name":"wp","href":"https:\/\/api.w.org\/{rel}","templated":true}]}}