{"id":1235,"date":"2026-04-01T04:33:58","date_gmt":"2026-04-01T04:33:58","guid":{"rendered":"https:\/\/factoryson.com\/?post_type=product&#038;p=1235"},"modified":"2026-04-14T04:17:59","modified_gmt":"2026-04-14T04:17:59","slug":"buy-caluanie-liters","status":"publish","type":"product","link":"https:\/\/factoryson.com\/sv\/product\/buy-caluanie-liters\/","title":{"rendered":"Buy Quality Caluanie 5 Liters"},"content":{"rendered":"<p class=\"ds-markdown-paragraph\">N\u00e4r du letar efter en kraftfull och m\u00e5ngsidig kemisk f\u00f6rening f\u00f6r industriella till\u00e4mpningar, beh\u00f6ver du inte leta l\u00e4ngre \u00e4n till Quality Caluanie.\u00a0<strong><a href=\"https:\/\/factoryson.com\/sv\/product\/buy-caluanie-liters\/\">Kvalitets Caluanie 5 liter<\/a><\/strong>\u00a0\u00e4r specifikt konstruerad f\u00f6r kritiska processer som effektiv krossning av tuffa metaller och den invecklade f\u00f6rfiningen av \u00e4delstenar eller halv\u00e4delstenar. Dessa \u00e4r otvetydigt de prim\u00e4ra och viktigaste anv\u00e4ndningsomr\u00e5dena f\u00f6r kvalitets-caluanie inom den kemiska industrin. Denna anm\u00e4rkningsv\u00e4rda kemiska Caluanie-f\u00f6rening fungerar som ett oumb\u00e4rligt verktyg som omvandlar sten av mycket d\u00e5lig kvalitet till en \u00e4delsten av h\u00f6gsta kaliber, vilket exemplifieras av dess f\u00f6rm\u00e5ga att lyfta fram material som jade. Dess unika effektivitet och h\u00f6ga efterfr\u00e5gan, s\u00e4rskilt p\u00e5 de asiatiska marknaderna, \u00e4r s\u00e5dan att denna produkt \u00e4r exceptionellt sv\u00e5r att hitta i betydande m\u00e4ngder nuf\u00f6rtiden. F\u00f6r dig som vill k\u00f6pa kvalitets-caluanie till salu erbjuder vi en p\u00e5litlig leverans och j\u00e4mn kvalitet. V\u00e5r fabriksdirekta kvalitet s\u00e4kerst\u00e4ller att du endast f\u00e5r den b\u00e4sta tillg\u00e4ngliga caluanien. <strong><a href=\"https:\/\/factoryson.com\/sv\/\">factoryson<\/a><\/strong><\/p>\n<h3 class=\"ds-markdown-paragraph\">AVSL\u00d6JANDE AV KVALITETSCALUANIE: DESS KRAFTFULLA ANV\u00c4NDNINGSOMR\u00c5DEN<\/h3>\n<p class=\"ds-markdown-paragraph\">K\u00e4rnnytta av\u00a0<a href=\"https:\/\/chemicopro.com\/de\/product\/roter-phosphor\/\"><strong>Kvalitets Caluanie<\/strong>\u00a0<\/a>ligger i dess exceptionella f\u00f6rm\u00e5ga att underl\u00e4tta kr\u00e4vande industriella uppgifter. Oavsett om kravet \u00e4r att uppn\u00e5 exakt metallkrossning eller att utf\u00f6ra den delikata f\u00f6r\u00e4dlingen av v\u00e4rdefulla stenar, sticker denna industrikemikalie fr\u00e5n Caluanie ut. Det \u00e4r det definitiva medlet f\u00f6r att uppn\u00e5 \u00f6verl\u00e4gsna resultat inom materialbearbetning. Dess roll i uppgraderingen av r\u00e5varor \u00e4r s\u00e4rskilt framtr\u00e4dande i skapandet av uts\u00f6kta f\u00f6rem\u00e5l, vilket g\u00f6r det m\u00f6jligt f\u00f6r hantverkare och tillverkare att producera h\u00f6gkvalitativa produkter fr\u00e5n annars s\u00e4mre utg\u00e5ngsmaterial. Denna kraftfulla l\u00f6sning s\u00e4kerst\u00e4ller att slutprodukten uppfyller str\u00e4nga kvalitetsstandarder och ger o\u00f6vertr\u00e4ffat v\u00e4rde inom specialiserade industrisektorer.<\/p>\n<h3 class=\"ds-markdown-paragraph\">DE UNIKA EGENSKAPERNA HOS CALUANIE MUELEAR OXIDIZE<\/h3>\n<p class=\"ds-markdown-paragraph\">V\u00e5r Caluanie Muelear Oxidize \u00e4r allm\u00e4nt k\u00e4nd f\u00f6r sina extraordin\u00e4ra effekter p\u00e5 material. V\u00e5ra kvalitetsprodukter Caluanie och Caluanie Muelear Oxidize \u00e4r b\u00e5da Caluanie-produkter med h\u00f6g renhet. Det \u00e4r en produkt som uppvisar anm\u00e4rkningsv\u00e4rd kraft och m\u00f6jligg\u00f6r brytning av spikar med bara h\u00e4nderna efter en kort neds\u00e4nkning p\u00e5 10\u201320 sekunder, vilket symboliserar dess djupg\u00e5ende materialf\u00f6r\u00e4ndrande f\u00f6rm\u00e5ga. Detta tillskrivs ett av de mest k\u00e4nda fakta om dess tungvattenf\u00f6rening: den f\u00f6r\u00e4ndrar tillf\u00e4lligt metallens fysikaliska egenskaper och g\u00f6r den spr\u00f6d. Det verkligt h\u00e4pnadsv\u00e4ckande \u00e4r dock att metallen, n\u00e4r det tunga vattnet avdunstar, \u00e5terg\u00e5r helt till sitt tidigare tillst\u00e5nd. Denna tillf\u00e4lliga och reversibla f\u00f6r\u00e4ndring av materialegenskaper \u00e4r verkligt magisk och visar den avancerade naturen hos denna Caluanie-kemiska f\u00f6rening och dess kontrollerade till\u00e4mpningspotential. Endast...\u00a0<a href=\"https:\/\/factoryson.com\/sv\/product\/buy-gbl-rim-cleaner\/\"><strong>autentisk Caluanie<\/strong><\/a>\u00a0Fr\u00e5n fabriken levererar Son dessa resultat.<\/p>\n<h3 class=\"ds-markdown-paragraph\">VARF\u00d6R V\u00c4LJA V\u00c5R H\u00d6GRENA CALUANIE MUELEAR OXIDIZE?<\/h3>\n<p class=\"ds-markdown-paragraph\">Att v\u00e4lja r\u00e4tt leverant\u00f6r f\u00f6r en s\u00e5dan specialiserad produkt \u00e4r avg\u00f6rande. Vi \u00e4r djupt engagerade i att tillhandah\u00e5lla exceptionella tj\u00e4nster och har etablerat oss som f\u00f6rmodligen de mest p\u00e5litliga leverant\u00f6rerna av Caluanie som f\u00f6r n\u00e4rvarande finns tillg\u00e4ngliga p\u00e5 marknaden. Som en betrodd Caluanie-leverant\u00f6r prioriterar vi dina behov. V\u00e5rt engagemang f\u00f6r kvalitet och kundn\u00f6jdhet har resulterat i en framg\u00e5ngsgrad p\u00e5 100 % i de flesta asiatiska och nordamerikanska l\u00e4nder. Vi s\u00e4kerst\u00e4ller att v\u00e5ra processer f\u00f6r s\u00e4ker ink\u00f6p och effektiv distribution \u00e4r s\u00e4kra och \u00e4ndam\u00e5lsenliga, vilket erbjuder dig den b\u00e4sta tillg\u00e4ngliga Caluanien. N\u00e4r du best\u00e4ller Caluanie online fr\u00e5n oss garanteras du en s\u00e4ker k\u00f6pupplevelse och direkt tillg\u00e5ng till autentisk Caluanie, h\u00f6g renhet Caluanie och fabriksprodukter.<strong><a href=\"https:\/\/en.wikipedia.org\/wiki\/Oxidizing_acid\">direkt kvalitet<\/a><\/strong>Vi \u00e4r stolta \u00f6ver att kunna erbjuda denna exceptionella produkt, och du kan konfidentiellt k\u00f6pa hos fabriken i Son f\u00f6r garanterad kvalitet och service. Som den b\u00e4sta Caluanie-leverant\u00f6ren uppr\u00e4tth\u00e5ller vi p\u00e5litliga leveranser och j\u00e4mn kvalitet f\u00f6r alla v\u00e5ra kunder som s\u00f6ker kvalitets Caluanie, Caluanie Muelear Oxidize eller kvalitets Caluanie 5 liter. V\u00e4lj\u00a0<strong>r<a href=\"https:\/\/caluaniemuelearoxidize.uk\/\">Caluanie online-leverant\u00f6rer<\/a><\/strong>\u00a0Gilla oss f\u00f6r alla dina behov inom industrikemikalier i Caluanie.<\/p>\n<h2>Produktspecifikationer och f\u00f6rpackningsalternativ<\/h2>\n<p>V\u00e5r produkt erbjuds som Quality Caluanie 5 liter, n\u00e4rmare best\u00e4mt r\u00e5 Caluanie 99%, som \u00e4r expertm\u00e4ssigt framst\u00e4lld fr\u00e5n Muelear Oxidize. Sammans\u00e4ttningen av detta kraftfulla medel inkluderar oxidativ partariseringstermostat och tungt vatten, som arbetar i synergi f\u00f6r att leverera dess unika egenskaper. Vi \u00e4r stolta \u00f6ver att erbjuda Caluanie Muelear Oxidize av h\u00f6gsta kvalitet och renhet till salu, vilket s\u00e4kerst\u00e4ller att varje batch uppfyller rigor\u00f6sa standarder. Med f\u00f6rst\u00e5else f\u00f6r olika industriella behov erbjuder vi flexibla f\u00f6rpackningsl\u00f6sningar f\u00f6r att tillgodose olika driftsskalor. F\u00f6r de som beh\u00f6ver st\u00f6rre kvantiteter finns v\u00e5ra bulkf\u00f6rpackningsalternativ tillg\u00e4ngliga.<\/p>\n<table>\n<caption>Tillg\u00e4ngliga f\u00f6rpackningsformat f\u00f6r Caluanie Muelear Oxidize<\/caption>\n<thead>\n<tr>\n<th>Standardenhet<\/th>\n<th>Bulkalternativ (liter)<\/th>\n<th>Anpassade f\u00f6rfr\u00e5gningar<\/th>\n<\/tr>\n<\/thead>\n<tbody>\n<tr>\n<td>5 Liters<\/td>\n<td>20L, 50L, 100L<\/td>\n<td>Enligt k\u00f6parens beg\u00e4ran<\/td>\n<\/tr>\n<\/tbody>\n<\/table>\n<h2>S\u00e4kra din tillg\u00e5ng p\u00e5 \u00e4kta Caluanie<\/h2>\n<p>F\u00f6r industrier och specialiserade till\u00e4mpningar som kr\u00e4ver \u00f6verl\u00e4gsna materialomvandlingsm\u00f6jligheter \u00e4r en konsekvent leverans av h\u00f6grenhet av h\u00f6g kvalitet, Caluanie, av st\u00f6rsta vikt. V\u00e5rt engagemang f\u00f6r att leverera en autentisk och effektiv produkt, i kombination med v\u00e5r bepr\u00f6vade erfarenhet, g\u00f6r oss till den ideala partnern f\u00f6r era upphandlingsbehov. Vi forts\u00e4tter att erbjuda kvalitet.<b><a href=\"https:\/\/factoryson.com\/sv\/product\/buy-safrole-online\/\">Caluanie Muelear Oxidize<\/a><\/b>till salu, vilket s\u00e4kerst\u00e4ller att v\u00e5ra kunder f\u00e5r en produkt som kan leverera exceptionella resultat inom metallkrossning och stenf\u00f6r\u00e4dling. G\u00f6r ett s\u00e4kert k\u00f6p idag och utnyttja de unika f\u00f6rdelar som endast v\u00e5r h\u00f6gkvalitativa Caluanie kan erbjuda din verksamhet. <a href=\"https:\/\/factoryson.com\/sv\/product\/buy-caluanie-liters\/\"><strong>Bl\u00e4ddra bland produkter<\/strong><\/a><\/p>","protected":false},"excerpt":{"rendered":"<p><b>Quality Caluanie Muelear Oxidize<\/b>, available to buy at Factory Son, is a crude 99% purity solution generated from Muelear oxidize, comprising Oxidative Partarization Thermostat and Heavy Water. It is expertly utilized for metal crushing and the refinement of precious stones, offering unique, temporary material transformation properties.<\/p>","protected":false},"featured_media":1853,"comment_status":"open","ping_status":"closed","template":"","meta":{"pagelayer_contact_templates":[],"_pagelayer_content":"","_kadence_starter_templates_imported_post":false,"_kad_post_transparent":"default","_kad_post_title":"","_kad_post_layout":"default","_kad_post_sidebar_id":"","_kad_post_content_style":"default","_kad_post_vertical_padding":"default","_kad_post_feature":"","_kad_post_feature_position":"","_kad_post_header":false,"_kad_post_footer":false},"product_brand":[],"product_cat":[112],"product_tag":[],"class_list":{"0":"post-1235","1":"product","2":"type-product","3":"status-publish","4":"has-post-thumbnail","6":"product_cat-caluanie-muelear-oxide","8":"first","9":"instock","10":"shipping-taxable","11":"purchasable","12":"product-type-variable","13":"entry","14":"content-bg","15":"loop-entry"},"yoast_head":"<!-- This site is optimized with the Yoast SEO plugin v27.3 - https:\/\/yoast.com\/product\/yoast-seo-wordpress\/ -->\n<title>Quality Caluanie Muelear Oxidize | Buy Caluanie Muelear Oxidize<\/title>\n<meta name=\"description\" content=\"Quality Caluanie Muelear Oxidize, Buy Caluanie Muelear Oxidize. We sale the highest quality Caluanie Muelear oxidize (99%), sourced directly from the manufacturers at the lowest prices.\" \/>\n<meta name=\"robots\" content=\"index, follow, max-snippet:-1, max-image-preview:large, max-video-preview:-1\" \/>\n<link rel=\"canonical\" href=\"https:\/\/factoryson.com\/sv\/product\/buy-caluanie-liters\/\" \/>\n<meta property=\"og:locale\" content=\"sv_SE\" \/>\n<meta property=\"og:type\" content=\"article\" \/>\n<meta property=\"og:title\" content=\"Quality Caluanie Muelear Oxidize | Buy Caluanie Muelear Oxidize\" \/>\n<meta property=\"og:description\" content=\"Quality Caluanie Muelear Oxidize, Buy Caluanie Muelear Oxidize. We sale the highest quality Caluanie Muelear oxidize (99%), sourced directly from the manufacturers at the lowest prices.\" \/>\n<meta property=\"og:url\" content=\"https:\/\/factoryson.com\/sv\/product\/buy-caluanie-liters\/\" \/>\n<meta property=\"og:site_name\" content=\"FactorySon\" \/>\n<meta property=\"article:modified_time\" content=\"2026-04-14T04:17:59+00:00\" \/>\n<meta property=\"og:image\" content=\"https:\/\/factoryson.com\/wp-content\/uploads\/2026\/04\/caluanie-muelear-oxidized-premium-quality-500x500-1.webp\" \/>\n\t<meta property=\"og:image:width\" content=\"373\" \/>\n\t<meta property=\"og:image:height\" content=\"500\" \/>\n\t<meta property=\"og:image:type\" content=\"image\/webp\" \/>\n<meta name=\"twitter:card\" content=\"summary_large_image\" \/>\n<meta name=\"twitter:label1\" content=\"Ber\u00e4knad l\u00e4stid\" \/>\n\t<meta name=\"twitter:data1\" content=\"4 minuter\" \/>\n<script type=\"application\/ld+json\" class=\"yoast-schema-graph\">{\"@context\":\"https:\\\/\\\/schema.org\",\"@graph\":[{\"@type\":\"WebPage\",\"@id\":\"https:\\\/\\\/factoryson.com\\\/product\\\/buy-caluanie-liters\\\/\",\"url\":\"https:\\\/\\\/factoryson.com\\\/product\\\/buy-caluanie-liters\\\/\",\"name\":\"Quality Caluanie Muelear Oxidize | Buy Caluanie Muelear Oxidize\",\"isPartOf\":{\"@id\":\"https:\\\/\\\/factoryson.com\\\/#website\"},\"primaryImageOfPage\":{\"@id\":\"https:\\\/\\\/factoryson.com\\\/product\\\/buy-caluanie-liters\\\/#primaryimage\"},\"image\":{\"@id\":\"https:\\\/\\\/factoryson.com\\\/product\\\/buy-caluanie-liters\\\/#primaryimage\"},\"thumbnailUrl\":\"https:\\\/\\\/factoryson.com\\\/wp-content\\\/uploads\\\/2026\\\/04\\\/caluanie-muelear-oxidized-premium-quality-500x500-1.webp\",\"datePublished\":\"2026-04-01T04:33:58+00:00\",\"dateModified\":\"2026-04-14T04:17:59+00:00\",\"description\":\"Quality Caluanie Muelear Oxidize, Buy Caluanie Muelear Oxidize. We sale the highest quality Caluanie Muelear oxidize (99%), sourced directly from the manufacturers at the lowest prices.\",\"breadcrumb\":{\"@id\":\"https:\\\/\\\/factoryson.com\\\/product\\\/buy-caluanie-liters\\\/#breadcrumb\"},\"inLanguage\":\"sv-SE\",\"potentialAction\":[{\"@type\":\"ReadAction\",\"target\":[\"https:\\\/\\\/factoryson.com\\\/product\\\/buy-caluanie-liters\\\/\"]}]},{\"@type\":\"ImageObject\",\"inLanguage\":\"sv-SE\",\"@id\":\"https:\\\/\\\/factoryson.com\\\/product\\\/buy-caluanie-liters\\\/#primaryimage\",\"url\":\"https:\\\/\\\/factoryson.com\\\/wp-content\\\/uploads\\\/2026\\\/04\\\/caluanie-muelear-oxidized-premium-quality-500x500-1.webp\",\"contentUrl\":\"https:\\\/\\\/factoryson.com\\\/wp-content\\\/uploads\\\/2026\\\/04\\\/caluanie-muelear-oxidized-premium-quality-500x500-1.webp\",\"width\":373,\"height\":500},{\"@type\":\"BreadcrumbList\",\"@id\":\"https:\\\/\\\/factoryson.com\\\/product\\\/buy-caluanie-liters\\\/#breadcrumb\",\"itemListElement\":[{\"@type\":\"ListItem\",\"position\":1,\"name\":\"Home\",\"item\":\"https:\\\/\\\/factoryson.com\\\/nl\\\/\"},{\"@type\":\"ListItem\",\"position\":2,\"name\":\"Shop\",\"item\":\"https:\\\/\\\/factoryson.com\\\/nl\\\/shop\\\/\"},{\"@type\":\"ListItem\",\"position\":3,\"name\":\"Buy Quality Caluanie 5 Liters\"}]},{\"@type\":\"WebSite\",\"@id\":\"https:\\\/\\\/factoryson.com\\\/#website\",\"url\":\"https:\\\/\\\/factoryson.com\\\/\",\"name\":\"FactorySon\",\"description\":\"My WordPress Blog\",\"potentialAction\":[{\"@type\":\"SearchAction\",\"target\":{\"@type\":\"EntryPoint\",\"urlTemplate\":\"https:\\\/\\\/factoryson.com\\\/?s={search_term_string}\"},\"query-input\":{\"@type\":\"PropertyValueSpecification\",\"valueRequired\":true,\"valueName\":\"search_term_string\"}}],\"inLanguage\":\"sv-SE\"}]}<\/script>\n<!-- \/ Yoast SEO plugin. -->","yoast_head_json":{"title":"Quality Caluanie Muelear Oxidize | Buy Caluanie Muelear Oxidize","description":"Quality Caluanie Muelear Oxidize, Buy Caluanie Muelear Oxidize. We sale the highest quality Caluanie Muelear oxidize (99%), sourced directly from the manufacturers at the lowest prices.","robots":{"index":"index","follow":"follow","max-snippet":"max-snippet:-1","max-image-preview":"max-image-preview:large","max-video-preview":"max-video-preview:-1"},"canonical":"https:\/\/factoryson.com\/sv\/product\/buy-caluanie-liters\/","og_locale":"sv_SE","og_type":"article","og_title":"Quality Caluanie Muelear Oxidize | Buy Caluanie Muelear Oxidize","og_description":"Quality Caluanie Muelear Oxidize, Buy Caluanie Muelear Oxidize. We sale the highest quality Caluanie Muelear oxidize (99%), sourced directly from the manufacturers at the lowest prices.","og_url":"https:\/\/factoryson.com\/sv\/product\/buy-caluanie-liters\/","og_site_name":"FactorySon","article_modified_time":"2026-04-14T04:17:59+00:00","og_image":[{"width":373,"height":500,"url":"https:\/\/factoryson.com\/wp-content\/uploads\/2026\/04\/caluanie-muelear-oxidized-premium-quality-500x500-1.webp","type":"image\/webp"}],"twitter_card":"summary_large_image","twitter_misc":{"Ber\u00e4knad l\u00e4stid":"4 minuter"},"schema":{"@context":"https:\/\/schema.org","@graph":[{"@type":"WebPage","@id":"https:\/\/factoryson.com\/product\/buy-caluanie-liters\/","url":"https:\/\/factoryson.com\/product\/buy-caluanie-liters\/","name":"Quality Caluanie Muelear Oxidize | Buy Caluanie Muelear Oxidize","isPartOf":{"@id":"https:\/\/factoryson.com\/#website"},"primaryImageOfPage":{"@id":"https:\/\/factoryson.com\/product\/buy-caluanie-liters\/#primaryimage"},"image":{"@id":"https:\/\/factoryson.com\/product\/buy-caluanie-liters\/#primaryimage"},"thumbnailUrl":"https:\/\/factoryson.com\/wp-content\/uploads\/2026\/04\/caluanie-muelear-oxidized-premium-quality-500x500-1.webp","datePublished":"2026-04-01T04:33:58+00:00","dateModified":"2026-04-14T04:17:59+00:00","description":"Quality Caluanie Muelear Oxidize, Buy Caluanie Muelear Oxidize. We sale the highest quality Caluanie Muelear oxidize (99%), sourced directly from the manufacturers at the lowest prices.","breadcrumb":{"@id":"https:\/\/factoryson.com\/product\/buy-caluanie-liters\/#breadcrumb"},"inLanguage":"sv-SE","potentialAction":[{"@type":"ReadAction","target":["https:\/\/factoryson.com\/product\/buy-caluanie-liters\/"]}]},{"@type":"ImageObject","inLanguage":"sv-SE","@id":"https:\/\/factoryson.com\/product\/buy-caluanie-liters\/#primaryimage","url":"https:\/\/factoryson.com\/wp-content\/uploads\/2026\/04\/caluanie-muelear-oxidized-premium-quality-500x500-1.webp","contentUrl":"https:\/\/factoryson.com\/wp-content\/uploads\/2026\/04\/caluanie-muelear-oxidized-premium-quality-500x500-1.webp","width":373,"height":500},{"@type":"BreadcrumbList","@id":"https:\/\/factoryson.com\/product\/buy-caluanie-liters\/#breadcrumb","itemListElement":[{"@type":"ListItem","position":1,"name":"Home","item":"https:\/\/factoryson.com\/nl\/"},{"@type":"ListItem","position":2,"name":"Shop","item":"https:\/\/factoryson.com\/nl\/shop\/"},{"@type":"ListItem","position":3,"name":"Buy Quality Caluanie 5 Liters"}]},{"@type":"WebSite","@id":"https:\/\/factoryson.com\/#website","url":"https:\/\/factoryson.com\/","name":"FactorySon","description":"Min WordPress-blogg","potentialAction":[{"@type":"SearchAction","target":{"@type":"EntryPoint","urlTemplate":"https:\/\/factoryson.com\/?s={search_term_string}"},"query-input":{"@type":"PropertyValueSpecification","valueRequired":true,"valueName":"search_term_string"}}],"inLanguage":"sv-SE"}]}},"_links":{"self":[{"href":"https:\/\/factoryson.com\/sv\/wp-json\/wp\/v2\/product\/1235","targetHints":{"allow":["GET"]}}],"collection":[{"href":"https:\/\/factoryson.com\/sv\/wp-json\/wp\/v2\/product"}],"about":[{"href":"https:\/\/factoryson.com\/sv\/wp-json\/wp\/v2\/types\/product"}],"replies":[{"embeddable":true,"href":"https:\/\/factoryson.com\/sv\/wp-json\/wp\/v2\/comments?post=1235"}],"wp:featuredmedia":[{"embeddable":true,"href":"https:\/\/factoryson.com\/sv\/wp-json\/wp\/v2\/media\/1853"}],"wp:attachment":[{"href":"https:\/\/factoryson.com\/sv\/wp-json\/wp\/v2\/media?parent=1235"}],"wp:term":[{"taxonomy":"product_brand","embeddable":true,"href":"https:\/\/factoryson.com\/sv\/wp-json\/wp\/v2\/product_brand?post=1235"},{"taxonomy":"product_cat","embeddable":true,"href":"https:\/\/factoryson.com\/sv\/wp-json\/wp\/v2\/product_cat?post=1235"},{"taxonomy":"product_tag","embeddable":true,"href":"https:\/\/factoryson.com\/sv\/wp-json\/wp\/v2\/product_tag?post=1235"}],"curies":[{"name":"wp","href":"https:\/\/api.w.org\/{rel}","templated":true}]}}