{"id":787,"date":"2026-03-31T00:00:53","date_gmt":"2026-03-31T00:00:53","guid":{"rendered":"https:\/\/factoryson.com\/?page_id=787"},"modified":"2026-03-31T00:00:53","modified_gmt":"2026-03-31T00:00:53","slug":"why-choose-factoryson-for-caluanie-muelear-oxidize","status":"publish","type":"page","link":"https:\/\/factoryson.com\/sv\/why-choose-factoryson-for-caluanie-muelear-oxidize\/","title":{"rendered":"Varf\u00f6r v\u00e4lja Factoryson f\u00f6r Caluanie Muelear Oxidize?"},"content":{"rendered":"","protected":false},"excerpt":{"rendered":"","protected":false},"author":1,"featured_media":0,"parent":0,"menu_order":0,"comment_status":"closed","ping_status":"closed","template":"","meta":{"pagelayer_contact_templates":[],"_pagelayer_content":"","_kadence_starter_templates_imported_post":false,"_kad_post_transparent":"","_kad_post_title":"","_kad_post_layout":"","_kad_post_sidebar_id":"","_kad_post_content_style":"","_kad_post_vertical_padding":"","_kad_post_feature":"","_kad_post_feature_position":"","_kad_post_header":false,"_kad_post_footer":false,"footnotes":""},"class_list":["post-787","page","type-page","status-publish","hentry"],"yoast_head":"<!-- This site is optimized with the Yoast SEO plugin v27.3 - https:\/\/yoast.com\/product\/yoast-seo-wordpress\/ -->\n<title>Why Choose Factoryson for Caluanie Muelear Oxidize? - FactorySon<\/title>\n<meta name=\"robots\" content=\"index, follow, max-snippet:-1, max-image-preview:large, max-video-preview:-1\" \/>\n<link rel=\"canonical\" href=\"https:\/\/factoryson.com\/sv\/why-choose-factoryson-for-caluanie-muelear-oxidize\/\" \/>\n<meta property=\"og:locale\" content=\"sv_SE\" \/>\n<meta property=\"og:type\" content=\"article\" \/>\n<meta property=\"og:title\" content=\"Why Choose Factoryson for Caluanie Muelear Oxidize? - FactorySon\" \/>\n<meta property=\"og:url\" content=\"https:\/\/factoryson.com\/sv\/why-choose-factoryson-for-caluanie-muelear-oxidize\/\" \/>\n<meta property=\"og:site_name\" content=\"FactorySon\" \/>\n<meta name=\"twitter:card\" content=\"summary_large_image\" \/>\n<script type=\"application\/ld+json\" class=\"yoast-schema-graph\">{\"@context\":\"https:\\\/\\\/schema.org\",\"@graph\":[{\"@type\":\"WebPage\",\"@id\":\"https:\\\/\\\/factoryson.com\\\/es\\\/why-choose-factoryson-for-caluanie-muelear-oxidize\\\/\",\"url\":\"https:\\\/\\\/factoryson.com\\\/es\\\/why-choose-factoryson-for-caluanie-muelear-oxidize\\\/\",\"name\":\"Why Choose Factoryson for Caluanie Muelear Oxidize? - FactorySon\",\"isPartOf\":{\"@id\":\"https:\\\/\\\/factoryson.com\\\/#website\"},\"datePublished\":\"2026-03-31T00:00:53+00:00\",\"breadcrumb\":{\"@id\":\"https:\\\/\\\/factoryson.com\\\/es\\\/why-choose-factoryson-for-caluanie-muelear-oxidize\\\/#breadcrumb\"},\"inLanguage\":\"sv-SE\",\"potentialAction\":[{\"@type\":\"ReadAction\",\"target\":[\"https:\\\/\\\/factoryson.com\\\/es\\\/why-choose-factoryson-for-caluanie-muelear-oxidize\\\/\"]}]},{\"@type\":\"BreadcrumbList\",\"@id\":\"https:\\\/\\\/factoryson.com\\\/es\\\/why-choose-factoryson-for-caluanie-muelear-oxidize\\\/#breadcrumb\",\"itemListElement\":[{\"@type\":\"ListItem\",\"position\":1,\"name\":\"Home\",\"item\":\"https:\\\/\\\/factoryson.com\\\/nl\\\/\"},{\"@type\":\"ListItem\",\"position\":2,\"name\":\"Why Choose Factoryson for Caluanie Muelear Oxidize?\"}]},{\"@type\":\"WebSite\",\"@id\":\"https:\\\/\\\/factoryson.com\\\/#website\",\"url\":\"https:\\\/\\\/factoryson.com\\\/\",\"name\":\"FactorySon\",\"description\":\"My WordPress Blog\",\"potentialAction\":[{\"@type\":\"SearchAction\",\"target\":{\"@type\":\"EntryPoint\",\"urlTemplate\":\"https:\\\/\\\/factoryson.com\\\/?s={search_term_string}\"},\"query-input\":{\"@type\":\"PropertyValueSpecification\",\"valueRequired\":true,\"valueName\":\"search_term_string\"}}],\"inLanguage\":\"sv-SE\"}]}<\/script>\n<!-- \/ Yoast SEO plugin. -->","yoast_head_json":{"title":"Why Choose Factoryson for Caluanie Muelear Oxidize? - FactorySon","robots":{"index":"index","follow":"follow","max-snippet":"max-snippet:-1","max-image-preview":"max-image-preview:large","max-video-preview":"max-video-preview:-1"},"canonical":"https:\/\/factoryson.com\/sv\/why-choose-factoryson-for-caluanie-muelear-oxidize\/","og_locale":"sv_SE","og_type":"article","og_title":"Why Choose Factoryson for Caluanie Muelear Oxidize? - FactorySon","og_url":"https:\/\/factoryson.com\/sv\/why-choose-factoryson-for-caluanie-muelear-oxidize\/","og_site_name":"FactorySon","twitter_card":"summary_large_image","schema":{"@context":"https:\/\/schema.org","@graph":[{"@type":"WebPage","@id":"https:\/\/factoryson.com\/es\/why-choose-factoryson-for-caluanie-muelear-oxidize\/","url":"https:\/\/factoryson.com\/es\/why-choose-factoryson-for-caluanie-muelear-oxidize\/","name":"Why Choose Factoryson for Caluanie Muelear Oxidize? - FactorySon","isPartOf":{"@id":"https:\/\/factoryson.com\/#website"},"datePublished":"2026-03-31T00:00:53+00:00","breadcrumb":{"@id":"https:\/\/factoryson.com\/es\/why-choose-factoryson-for-caluanie-muelear-oxidize\/#breadcrumb"},"inLanguage":"sv-SE","potentialAction":[{"@type":"ReadAction","target":["https:\/\/factoryson.com\/es\/why-choose-factoryson-for-caluanie-muelear-oxidize\/"]}]},{"@type":"BreadcrumbList","@id":"https:\/\/factoryson.com\/es\/why-choose-factoryson-for-caluanie-muelear-oxidize\/#breadcrumb","itemListElement":[{"@type":"ListItem","position":1,"name":"Home","item":"https:\/\/factoryson.com\/nl\/"},{"@type":"ListItem","position":2,"name":"Why Choose Factoryson for Caluanie Muelear Oxidize?"}]},{"@type":"WebSite","@id":"https:\/\/factoryson.com\/#website","url":"https:\/\/factoryson.com\/","name":"FactorySon","description":"Min WordPress-blogg","potentialAction":[{"@type":"SearchAction","target":{"@type":"EntryPoint","urlTemplate":"https:\/\/factoryson.com\/?s={search_term_string}"},"query-input":{"@type":"PropertyValueSpecification","valueRequired":true,"valueName":"search_term_string"}}],"inLanguage":"sv-SE"}]}},"_links":{"self":[{"href":"https:\/\/factoryson.com\/sv\/wp-json\/wp\/v2\/pages\/787","targetHints":{"allow":["GET"]}}],"collection":[{"href":"https:\/\/factoryson.com\/sv\/wp-json\/wp\/v2\/pages"}],"about":[{"href":"https:\/\/factoryson.com\/sv\/wp-json\/wp\/v2\/types\/page"}],"author":[{"embeddable":true,"href":"https:\/\/factoryson.com\/sv\/wp-json\/wp\/v2\/users\/1"}],"replies":[{"embeddable":true,"href":"https:\/\/factoryson.com\/sv\/wp-json\/wp\/v2\/comments?post=787"}],"version-history":[{"count":1,"href":"https:\/\/factoryson.com\/sv\/wp-json\/wp\/v2\/pages\/787\/revisions"}],"predecessor-version":[{"id":788,"href":"https:\/\/factoryson.com\/sv\/wp-json\/wp\/v2\/pages\/787\/revisions\/788"}],"wp:attachment":[{"href":"https:\/\/factoryson.com\/sv\/wp-json\/wp\/v2\/media?parent=787"}],"curies":[{"name":"wp","href":"https:\/\/api.w.org\/{rel}","templated":true}]}}