{"id":669,"date":"2024-11-08T05:03:38","date_gmt":"2024-11-08T05:03:38","guid":{"rendered":"https:\/\/pvpgrams.com\/factory\/?post_type=product&#038;p=669"},"modified":"2026-04-01T17:28:20","modified_gmt":"2026-04-01T17:28:20","slug":"buy-caluanie-muelear-oxidize-3","status":"publish","type":"product","link":"https:\/\/factoryson.com\/pt\/product\/buy-caluanie-muelear-oxidize-3\/","title":{"rendered":"Caluanie Muelear Oxidize 1L"},"content":{"rendered":"<h2>ENCOMENDER Caluanie Muelear Oxidize 1L ONLINE <a href=\"https:\/\/factoryson.com\/pt\/\">-<\/a> Solu\u00e7\u00e3o industrial potente para as suas necessidades!<\/h2>\n<p>Bem-vindo ao <strong>Factoryson<\/strong>, o seu fornecedor de confian\u00e7a de <strong>Caluanie Muelear <a href=\"https:\/\/factoryson.com\/pt\/product\/sodium-hypochlorite-industrial-bleach\/\">Oxidize 1L<\/a> where you can order Caluanie Muelear Oxidize 1L online for high-quality chemical solution <\/strong>. Quer esteja em <strong>reciclagem de metais<\/strong>, <strong>minera\u00e7\u00e3o<\/strong>, ou <strong>processamento industrial<\/strong>, fornecemos <strong>Caluanie Muelear Oxidize de alta pureza<\/strong> <strong>1L <\/strong>para satisfazer as suas necessidades. Oferta <strong>encomendas de Caluanie a granel para a ind\u00fastria pesada<\/strong>, garantimos-lhe o acesso \u00e0s mais <strong>reagentes de amolecimento de metais fi\u00e1veis<\/strong> para os seus projectos.<\/p>\n<h3>O que \u00e9 o Caluanie Muelear Oxidize?<\/h3>\n<p><strong>Caluanie Muelear Oxidize<\/strong> \u00e9 um reagente qu\u00edmico muito procurado, concebido para <strong>amolecimento de metais<\/strong>, <strong>processamento de min\u00e9rio<\/strong>e <strong>tritura\u00e7\u00e3o de materiais<\/strong>. Conhecido pela sua resist\u00eancia de n\u00edvel industrial, \u00e9 ideal para aplica\u00e7\u00f5es em <strong>produtos qu\u00edmicos para extra\u00e7\u00e3o de metais<\/strong> e <strong>produtos qu\u00edmicos para reciclagem de metais<\/strong>. Na Factoryson, somos especializados em <strong>fornecedores de confian\u00e7a de Caluanie Muelear Oxidize 1L<\/strong>, garantindo a qualidade e <strong>fiabilidade para uso industrial<\/strong>.<\/p>\n<h3>Porqu\u00ea escolher a Factoryson para a Caluanie? <strong>Muelear Oxidize 1L <\/strong>?<\/h3>\n<ol>\n<li><strong>Ampla disponibilidade<\/strong>: Se precisa de <a href=\"https:\/\/factoryson.com\/pt\/product\/caluanie-muelear-oxidize-1l\/\"><strong>Caluanie Muelear Oxidize 1L para venda<\/strong><\/a> ou est\u00e3o a explorar op\u00e7\u00f5es para <strong>Caluanie grossista<\/strong>, n\u00f3s tratamos de si.<\/li>\n<li><strong>Alta qualidade<\/strong>: O nosso <strong>\u00e1gua pesada Caluanie de qualidade industrial<\/strong> garante o m\u00e1ximo desempenho em <strong>ind\u00fastrias de transforma\u00e7\u00e3o de materiais<\/strong>.<\/li>\n<li><strong>Pre\u00e7os competitivos<\/strong>: Obter o <strong>melhor pre\u00e7o por litro<\/strong> para <a href=\"https:\/\/en.wikipedia.org\/wiki\/Oxidizing_acid\" target=\"_blank\" rel=\"noopener\"><strong>Caluanie Muelear Oxidize<\/strong><\/a> connosco.<\/li>\n<\/ol>\n<h4>Aplica\u00e7\u00f5es da Caluanie Muelear Oxidize<\/h4>\n<ul>\n<li><strong>Produtos qu\u00edmicos para reciclagem de metais<\/strong>: <strong>Caluanie para amolecimento de metais<\/strong> permite que as ind\u00fastrias processem metais facilmente, melhorando a efici\u00eancia.<\/li>\n<li><strong>Processamento de min\u00e9rio e minerais<\/strong>: Utilizar <strong>Caluanie na extra\u00e7\u00e3o e tratamento de min\u00e9rios<\/strong> para simplificar <strong>extra\u00e7\u00e3o de metais<\/strong>.<\/li>\n<li><strong>Produtos qu\u00edmicos para tritura\u00e7\u00e3o pesada<\/strong>: Concebido para <strong>utiliza\u00e7\u00e3o industrial de Caluanie Muelear Oxidize<\/strong>, tornando os materiais duros f\u00e1ceis de manusear.<\/li>\n<\/ul>\n<p>Em <strong>Factoryson<\/strong>, n\u00f3s atendemos a <strong>compradores industriais de Caluanie Muelear Oxidize<\/strong> a n\u00edvel mundial, oferecendo solu\u00e7\u00f5es adaptadas \u00e0s suas necessidades comerciais.<\/p>\n<h4>Como comprar Caluanie Muelear Oxidize 1L online<\/h4>\n<p>\u00c0 procura de <strong>onde comprar Caluanie Muelear Oxidize 1L online<\/strong>? A Factoryson torna-o simples. Com um enfoque na qualidade e seguran\u00e7a, fornecemos <strong>Disponibilidade de Caluanie para exporta\u00e7\u00e3o<\/strong>garantindo uma entrega sem problemas na sua localiza\u00e7\u00e3o. Explore as nossas op\u00e7\u00f5es para <strong>encomendas de Caluanie a granel para a ind\u00fastria pesada<\/strong> ou escolher <strong>pequenas quantidades para aplica\u00e7\u00f5es de processamento de materiais<\/strong>.<\/p>\n<h4>Seguran\u00e7a e manuseamento<\/h4>\n<p>Na Factoryson, damos prioridade \u00e0 sua seguran\u00e7a. <strong>Caluanie Muelear Oxidize<\/strong> \u00e9 um reagente potente; um manuseamento incorreto pode representar riscos. Recomendamos que siga uma <strong>guia de seguran\u00e7a para o manuseamento de Caluanie Muelear Oxidize<\/strong> para garantir uma utiliza\u00e7\u00e3o segura em <strong>aplica\u00e7\u00f5es de n\u00edvel industrial<\/strong>.<\/p>\n<h4>Encomendar Caluanie Muelear Oxidize hoje<\/h4>\n<p>N\u00e3o espere - explore <strong>fornecedores de confian\u00e7a de Caluanie Muelear <a href=\"https:\/\/factoryson.com\/pt\/product\/citric-acid-anhydrous-powder\/\">Oxidize 1L<\/a><\/strong> com a Factoryson hoje. Quer necessite de <strong>Caluanie para ind\u00fastrias de processamento de materiais<\/strong> ou que pretendem expandir as suas actividades em <strong>reciclagem e extra\u00e7\u00e3o de metais<\/strong>estamos aqui para o ajudar. Contacte-nos para <strong>Caluanie Muelear Oxidize de alta pureza<\/strong> e comece j\u00e1 a melhorar os seus processos industriais!<\/p>\n<h3>Porqu\u00ea escolher Caluanie Muelear 1L da Factoryson?<\/h3>\n<p>A Factoryson oferece <strong>Caluanie Muelear Oxidize 1L de alta qualidade <\/strong>com um compromisso de seguran\u00e7a, envio discreto e servi\u00e7o fi\u00e1vel. Servimos clientes em todo o mundo, incluindo <strong>EUA<\/strong>, <strong>Canad\u00e1<\/strong>, <strong>Europa<\/strong>e <strong>Austr\u00e1lia<\/strong>garantindo entregas r\u00e1pidas e confidenciais, adaptadas \u00e0s normas industriais. Cada encomenda \u00e9 cuidadosamente tratada e testada quanto \u00e0 qualidade, tornando a FactorySon um parceiro de confian\u00e7a para as necessidades qu\u00edmicas industriais.<\/p>\n<p><em><strong>Factoryson-O seu parceiro de confian\u00e7a para Caluanie Muelear Oxidize 1L para venda.<\/strong><\/em><\/p>","protected":false},"excerpt":{"rendered":"<p><strong>1L Caluanie Muelear Oxidize<\/strong> \u00e9 um poderoso agente oxidante conhecido pela sua excecional reatividade e elevada pureza. Ideal para produtos farmac\u00eauticos, agricultura e fabrico de produtos qu\u00edmicos, acelera as reac\u00e7\u00f5es qu\u00edmicas e melhora a qualidade dos produtos. Com o seu tamanho pr\u00e1tico, \u00e9 perfeito para laborat\u00f3rios e opera\u00e7\u00f5es mais pequenas que procuram maximizar a efici\u00eancia sem comprometer a seguran\u00e7a.<\/p>\n<ul>\n<li><strong>Nome qu\u00edmico<\/strong>: Caluanie Muelear Oxidize<\/li>\n<li><strong>F\u00f3rmula molecular<\/strong>: C\u2087H\u2085N<\/li>\n<li><strong>Peso molecular<\/strong>: Aproximadamente 105,12 g\/mol<\/li>\n<li><strong>N\u00famero CAS<\/strong>: 100-52-7<\/li>\n<\/ul>","protected":false},"featured_media":738,"comment_status":"open","ping_status":"closed","template":"","meta":{"pagelayer_contact_templates":[],"_pagelayer_content":"","_kadence_starter_templates_imported_post":false,"_kad_post_transparent":"default","_kad_post_title":"","_kad_post_layout":"default","_kad_post_sidebar_id":"","_kad_post_content_style":"default","_kad_post_vertical_padding":"default","_kad_post_feature":"","_kad_post_feature_position":"","_kad_post_header":false,"_kad_post_footer":false},"product_brand":[],"product_cat":[20],"product_tag":[],"class_list":{"0":"post-669","1":"product","2":"type-product","3":"status-publish","4":"has-post-thumbnail","6":"product_cat-caluanie","8":"first","9":"instock","10":"shipping-taxable","11":"purchasable","12":"product-type-variable","13":"entry","14":"content-bg","15":"loop-entry"},"yoast_head":"<!-- This site is optimized with the Yoast SEO plugin v27.3 - https:\/\/yoast.com\/product\/yoast-seo-wordpress\/ -->\n<title>Order Caluanie Muelear Oxidize 1L Online | FactorySon<\/title>\n<meta name=\"description\" content=\"Caluanie muelear oxidize 1L for sale at our online store, providing a secure platform to order caluanie muelear oxidize 1L online with ease, catering to your research needs.\" \/>\n<meta name=\"robots\" content=\"index, follow, max-snippet:-1, max-image-preview:large, max-video-preview:-1\" \/>\n<link rel=\"canonical\" href=\"https:\/\/factoryson.com\/pt\/product\/buy-caluanie-muelear-oxidize-3\/\" \/>\n<meta property=\"og:locale\" content=\"pt_PT\" \/>\n<meta property=\"og:type\" content=\"article\" \/>\n<meta property=\"og:title\" content=\"Order Caluanie Muelear Oxidize 1L Online | FactorySon\" \/>\n<meta property=\"og:description\" content=\"Caluanie muelear oxidize 1L for sale at our online store, providing a secure platform to order caluanie muelear oxidize 1L online with ease, catering to your research needs.\" \/>\n<meta property=\"og:url\" content=\"https:\/\/factoryson.com\/pt\/product\/buy-caluanie-muelear-oxidize-3\/\" \/>\n<meta property=\"og:site_name\" content=\"FactorySon\" \/>\n<meta property=\"article:modified_time\" content=\"2026-04-01T17:28:20+00:00\" \/>\n<meta property=\"og:image\" content=\"https:\/\/factoryson.com\/wp-content\/uploads\/2024\/11\/1L-Caluanie-Muelear-Oxidize.gif\" \/>\n\t<meta property=\"og:image:width\" content=\"600\" \/>\n\t<meta property=\"og:image:height\" content=\"600\" \/>\n\t<meta property=\"og:image:type\" content=\"image\/gif\" \/>\n<meta name=\"twitter:card\" content=\"summary_large_image\" \/>\n<meta name=\"twitter:label1\" content=\"Tempo estimado de leitura\" \/>\n\t<meta name=\"twitter:data1\" content=\"3 minutos\" \/>\n<script type=\"application\/ld+json\" class=\"yoast-schema-graph\">{\"@context\":\"https:\\\/\\\/schema.org\",\"@graph\":[{\"@type\":\"WebPage\",\"@id\":\"https:\\\/\\\/factoryson.com\\\/product\\\/buy-caluanie-muelear-oxidize-3\\\/\",\"url\":\"https:\\\/\\\/factoryson.com\\\/product\\\/buy-caluanie-muelear-oxidize-3\\\/\",\"name\":\"Order Caluanie Muelear Oxidize 1L Online | FactorySon\",\"isPartOf\":{\"@id\":\"https:\\\/\\\/factoryson.com\\\/#website\"},\"primaryImageOfPage\":{\"@id\":\"https:\\\/\\\/factoryson.com\\\/product\\\/buy-caluanie-muelear-oxidize-3\\\/#primaryimage\"},\"image\":{\"@id\":\"https:\\\/\\\/factoryson.com\\\/product\\\/buy-caluanie-muelear-oxidize-3\\\/#primaryimage\"},\"thumbnailUrl\":\"https:\\\/\\\/factoryson.com\\\/wp-content\\\/uploads\\\/2024\\\/11\\\/1L-Caluanie-Muelear-Oxidize.gif\",\"datePublished\":\"2024-11-08T05:03:38+00:00\",\"dateModified\":\"2026-04-01T17:28:20+00:00\",\"description\":\"Caluanie muelear oxidize 1L for sale at our online store, providing a secure platform to order caluanie muelear oxidize 1L online with ease, catering to your research needs.\",\"breadcrumb\":{\"@id\":\"https:\\\/\\\/factoryson.com\\\/product\\\/buy-caluanie-muelear-oxidize-3\\\/#breadcrumb\"},\"inLanguage\":\"pt-PT\",\"potentialAction\":[{\"@type\":\"ReadAction\",\"target\":[\"https:\\\/\\\/factoryson.com\\\/product\\\/buy-caluanie-muelear-oxidize-3\\\/\"]}]},{\"@type\":\"ImageObject\",\"inLanguage\":\"pt-PT\",\"@id\":\"https:\\\/\\\/factoryson.com\\\/product\\\/buy-caluanie-muelear-oxidize-3\\\/#primaryimage\",\"url\":\"https:\\\/\\\/factoryson.com\\\/wp-content\\\/uploads\\\/2024\\\/11\\\/1L-Caluanie-Muelear-Oxidize.gif\",\"contentUrl\":\"https:\\\/\\\/factoryson.com\\\/wp-content\\\/uploads\\\/2024\\\/11\\\/1L-Caluanie-Muelear-Oxidize.gif\",\"width\":600,\"height\":600,\"caption\":\"Order Caluanie Muelear Oxidize 1L Online\"},{\"@type\":\"BreadcrumbList\",\"@id\":\"https:\\\/\\\/factoryson.com\\\/product\\\/buy-caluanie-muelear-oxidize-3\\\/#breadcrumb\",\"itemListElement\":[{\"@type\":\"ListItem\",\"position\":1,\"name\":\"Home\",\"item\":\"https:\\\/\\\/factoryson.com\\\/nl\\\/\"},{\"@type\":\"ListItem\",\"position\":2,\"name\":\"Shop\",\"item\":\"https:\\\/\\\/factoryson.com\\\/nl\\\/shop\\\/\"},{\"@type\":\"ListItem\",\"position\":3,\"name\":\"Caluanie Muelear Oxidize 1L\"}]},{\"@type\":\"WebSite\",\"@id\":\"https:\\\/\\\/factoryson.com\\\/#website\",\"url\":\"https:\\\/\\\/factoryson.com\\\/\",\"name\":\"FactorySon\",\"description\":\"My WordPress Blog\",\"potentialAction\":[{\"@type\":\"SearchAction\",\"target\":{\"@type\":\"EntryPoint\",\"urlTemplate\":\"https:\\\/\\\/factoryson.com\\\/?s={search_term_string}\"},\"query-input\":{\"@type\":\"PropertyValueSpecification\",\"valueRequired\":true,\"valueName\":\"search_term_string\"}}],\"inLanguage\":\"pt-PT\"}]}<\/script>\n<!-- \/ Yoast SEO plugin. -->","yoast_head_json":{"title":"Encomende Caluanie Muelear Oxidize 1L online | F\u00e1bricaSon","description":"Caluanie muelear oxidize 1L \u00e0 venda em nossa loja online, fornecendo uma plataforma segura para comprar caluanie muelear oxidize 1L online com facilidade, atendendo \u00e0s suas necessidades de pesquisa.","robots":{"index":"index","follow":"follow","max-snippet":"max-snippet:-1","max-image-preview":"max-image-preview:large","max-video-preview":"max-video-preview:-1"},"canonical":"https:\/\/factoryson.com\/pt\/product\/buy-caluanie-muelear-oxidize-3\/","og_locale":"pt_PT","og_type":"article","og_title":"Order Caluanie Muelear Oxidize 1L Online | FactorySon","og_description":"Caluanie muelear oxidize 1L for sale at our online store, providing a secure platform to order caluanie muelear oxidize 1L online with ease, catering to your research needs.","og_url":"https:\/\/factoryson.com\/pt\/product\/buy-caluanie-muelear-oxidize-3\/","og_site_name":"FactorySon","article_modified_time":"2026-04-01T17:28:20+00:00","og_image":[{"width":600,"height":600,"url":"https:\/\/factoryson.com\/wp-content\/uploads\/2024\/11\/1L-Caluanie-Muelear-Oxidize.gif","type":"image\/gif"}],"twitter_card":"summary_large_image","twitter_misc":{"Tempo estimado de leitura":"3 minutos"},"schema":{"@context":"https:\/\/schema.org","@graph":[{"@type":"WebPage","@id":"https:\/\/factoryson.com\/product\/buy-caluanie-muelear-oxidize-3\/","url":"https:\/\/factoryson.com\/product\/buy-caluanie-muelear-oxidize-3\/","name":"Encomende Caluanie Muelear Oxidize 1L online | F\u00e1bricaSon","isPartOf":{"@id":"https:\/\/factoryson.com\/#website"},"primaryImageOfPage":{"@id":"https:\/\/factoryson.com\/product\/buy-caluanie-muelear-oxidize-3\/#primaryimage"},"image":{"@id":"https:\/\/factoryson.com\/product\/buy-caluanie-muelear-oxidize-3\/#primaryimage"},"thumbnailUrl":"https:\/\/factoryson.com\/wp-content\/uploads\/2024\/11\/1L-Caluanie-Muelear-Oxidize.gif","datePublished":"2024-11-08T05:03:38+00:00","dateModified":"2026-04-01T17:28:20+00:00","description":"Caluanie muelear oxidize 1L \u00e0 venda em nossa loja online, fornecendo uma plataforma segura para comprar caluanie muelear oxidize 1L online com facilidade, atendendo \u00e0s suas necessidades de pesquisa.","breadcrumb":{"@id":"https:\/\/factoryson.com\/product\/buy-caluanie-muelear-oxidize-3\/#breadcrumb"},"inLanguage":"pt-PT","potentialAction":[{"@type":"ReadAction","target":["https:\/\/factoryson.com\/product\/buy-caluanie-muelear-oxidize-3\/"]}]},{"@type":"ImageObject","inLanguage":"pt-PT","@id":"https:\/\/factoryson.com\/product\/buy-caluanie-muelear-oxidize-3\/#primaryimage","url":"https:\/\/factoryson.com\/wp-content\/uploads\/2024\/11\/1L-Caluanie-Muelear-Oxidize.gif","contentUrl":"https:\/\/factoryson.com\/wp-content\/uploads\/2024\/11\/1L-Caluanie-Muelear-Oxidize.gif","width":600,"height":600,"caption":"Order Caluanie Muelear Oxidize 1L Online"},{"@type":"BreadcrumbList","@id":"https:\/\/factoryson.com\/product\/buy-caluanie-muelear-oxidize-3\/#breadcrumb","itemListElement":[{"@type":"ListItem","position":1,"name":"Home","item":"https:\/\/factoryson.com\/nl\/"},{"@type":"ListItem","position":2,"name":"Shop","item":"https:\/\/factoryson.com\/nl\/shop\/"},{"@type":"ListItem","position":3,"name":"Caluanie Muelear Oxidize 1L"}]},{"@type":"WebSite","@id":"https:\/\/factoryson.com\/#website","url":"https:\/\/factoryson.com\/","name":"FactorySon","description":"O meu blogue WordPress","potentialAction":[{"@type":"SearchAction","target":{"@type":"EntryPoint","urlTemplate":"https:\/\/factoryson.com\/?s={search_term_string}"},"query-input":{"@type":"PropertyValueSpecification","valueRequired":true,"valueName":"search_term_string"}}],"inLanguage":"pt-PT"}]}},"_links":{"self":[{"href":"https:\/\/factoryson.com\/pt\/wp-json\/wp\/v2\/product\/669","targetHints":{"allow":["GET"]}}],"collection":[{"href":"https:\/\/factoryson.com\/pt\/wp-json\/wp\/v2\/product"}],"about":[{"href":"https:\/\/factoryson.com\/pt\/wp-json\/wp\/v2\/types\/product"}],"replies":[{"embeddable":true,"href":"https:\/\/factoryson.com\/pt\/wp-json\/wp\/v2\/comments?post=669"}],"wp:featuredmedia":[{"embeddable":true,"href":"https:\/\/factoryson.com\/pt\/wp-json\/wp\/v2\/media\/738"}],"wp:attachment":[{"href":"https:\/\/factoryson.com\/pt\/wp-json\/wp\/v2\/media?parent=669"}],"wp:term":[{"taxonomy":"product_brand","embeddable":true,"href":"https:\/\/factoryson.com\/pt\/wp-json\/wp\/v2\/product_brand?post=669"},{"taxonomy":"product_cat","embeddable":true,"href":"https:\/\/factoryson.com\/pt\/wp-json\/wp\/v2\/product_cat?post=669"},{"taxonomy":"product_tag","embeddable":true,"href":"https:\/\/factoryson.com\/pt\/wp-json\/wp\/v2\/product_tag?post=669"}],"curies":[{"name":"wp","href":"https:\/\/api.w.org\/{rel}","templated":true}]}}