{"id":668,"date":"2024-11-08T05:03:38","date_gmt":"2024-11-08T05:03:38","guid":{"rendered":"https:\/\/pvpgrams.com\/factory\/?post_type=product&#038;p=668"},"modified":"2026-04-01T17:29:55","modified_gmt":"2026-04-01T17:29:55","slug":"buy-caluanie-muelear-pasteurize-2","status":"publish","type":"product","link":"https:\/\/factoryson.com\/pt\/product\/buy-caluanie-muelear-pasteurize-2\/","title":{"rendered":"Caluanie Muelear Pasteurize 5L"},"content":{"rendered":"<h3>Onde comprar Caluanie Muelear Pasteurize online<\/h3>\n<p>Procura comprar Caluanie Muelear Pasteurize 5L online? Veio ao lugar certo. <a href=\"https:\/\/factoryson.com\/pt\/\">Factoryson<\/a>Somos uma das empresas mais <strong>trusted suppliers of <a href=\"https:\/\/factoryson.com\/pt\/product\/buy-sodium-hydroxide\/\">Caluanie Muelear <\/a>Oxidize Pasteurize<\/strong>, oferecendo <strong>Caluanie Muelear Pasteurize de alta pureza <\/strong>para v\u00e1rias aplica\u00e7\u00f5es industriais. Quer esteja \u00e0 procura de <strong>Caluanie Muelear Pasteurize por atacado <\/strong>ou necessitar de quantidades mais pequenas, fornecemos <strong>Disponibilidade de Caluanie para exporta\u00e7\u00e3o<\/strong> para satisfazer as suas necessidades.<\/p>\n<h3>Porqu\u00ea escolher a Factoryson para a Caluanie?<\/h3>\n<p>Somos uma <strong>Caluanie Muelear Oxidize distribuidor<\/strong> centrada na qualidade, seguran\u00e7a e fiabilidade. Se est\u00e1 \u00e0 procura do <strong>melhor s\u00edtio para comprar Caluanie<\/strong>garantimos pre\u00e7os competitivos e entrega r\u00e1pida para <strong>Caluanie Muelear Pasteurize 5L<\/strong> e muito mais. O nosso <strong>Caluanie Muelear Oxidize pre\u00e7o por litro<\/strong> \u00e9 um dos mais competitivos do mercado, o que facilita a <strong>compradores industriais de Caluanie Muelear Oxidize<\/strong> <strong>Pasteurizar <\/strong>para aceder a produtos de qualidade superior.<\/p>\n<h3>Aplica\u00e7\u00f5es da Caluanie Muelear Oxidize Pasteurize<\/h3>\n<p><strong>Caluanie Muelear Oxidar utiliza\u00e7\u00f5es industriais<\/strong> abrangem uma vasta gama de sectores, incluindo <strong>produtos qu\u00edmicos para reciclagem de metais<\/strong>, <strong>produtos qu\u00edmicos para extra\u00e7\u00e3o de metais<\/strong>e <strong>produtos qu\u00edmicos para tritura\u00e7\u00e3o pesada<\/strong>. \u00c9 amplamente utilizado em <strong>fornecedores de reagentes para amaciamento de metais<\/strong> e pelas empresas que necessitam de <strong>solu\u00e7\u00f5es qu\u00edmicas para a tritura\u00e7\u00e3o de metais<\/strong>.<\/p>\n<p><strong>Eis algumas aplica\u00e7\u00f5es espec\u00edficas:<\/strong><\/p>\n<ul>\n<li><strong>Caluanie para amolecimento de metais<\/strong>: Essencial para amolecer metais em <strong>ind\u00fastrias de transforma\u00e7\u00e3o de materiais<\/strong>.<\/li>\n<li><strong>Comprar Caluanie para minera\u00e7\u00e3o e processamento de min\u00e9rio<\/strong>: Ideal para simplificar a extra\u00e7\u00e3o em <strong>processamento de min\u00e9rios e minerais<\/strong>.<\/li>\n<li><strong>\u00c1gua pesada Caluanie de qualidade industrial<\/strong>: Fi\u00e1vel para grandes projectos <strong>utiliza\u00e7\u00e3o industrial de Caluanie Muelear Oxidize<\/strong>.<\/li>\n<li><strong>Aplica\u00e7\u00f5es da Caluanie no processamento de metais<\/strong>: Perfeito para <strong>reciclagem e extra\u00e7\u00e3o mineira<\/strong>.<\/li>\n<\/ul>\n<h3>Encomendar Caluanie a granel hoje<\/h3>\n<p>Necessidade <strong>encomendas de Caluanie a granel para a ind\u00fastria pesada<\/strong>? Factoryson \u00e9 a escolha certa <strong>Fornecedor de caluanias para ind\u00fastrias metal\u00fargicas<\/strong>. Como um dos principais <strong>Fornecedores online de Caluanie para uso industrial<\/strong>Oferecemos op\u00e7\u00f5es de compra flex\u00edveis que se adaptam \u00e0s necessidades da sua empresa.<\/p>\n<h3>Seguran\u00e7a e manuseamento<\/h3>\n<p>A utiliza\u00e7\u00e3o correta de Caluanie \u00e9 fundamental. Consulte o nosso <strong>guia de seguran\u00e7a para o manuseamento de Caluanie Muelear Oxidize<\/strong> para garantir uma armazenagem e utiliza\u00e7\u00e3o seguras. Quer seja para <strong>reciclagem e extra\u00e7\u00e3o mineira<\/strong> ou geral <strong>processamento de materiais<\/strong>, damos prioridade \u00e0 seguran\u00e7a em cada passo.<\/p>\n<h3>Contactar a Factoryson hoje mesmo<\/h3>\n<p>Para <strong>fornecedores de confian\u00e7a de Caluanie Muelear <a href=\"https:\/\/factoryson.com\/pt\/product\/buy-pregabalin-powder-api\/\">Oxidize Pasteurize<\/a><\/strong>, escolha Factoryson. Os nossos <strong>Caluanie Muelear Oxidize de alta pureza<\/strong> \u00e9 concebido para <strong>compradores industriais<\/strong> que necessitam de solu\u00e7\u00f5es fi\u00e1veis. Contacte-nos agora para <strong>comprar Caluanie de qualidade industrial<\/strong> <strong>em linha<\/strong> ou efetuar uma encomenda de <strong>Caluanie Muelear Pasteurize 5L para venda<\/strong> e obter acesso a servi\u00e7os premium <strong>solu\u00e7\u00f5es qu\u00edmicas para a tritura\u00e7\u00e3o de metais<\/strong>. A Factoryson \u00e9 o seu parceiro para <strong>Disponibilidade de Caluanie para exporta\u00e7\u00e3o<\/strong> e <strong>aplica\u00e7\u00f5es nas ind\u00fastrias de processamento de materiais<\/strong>.<\/p>","protected":false},"excerpt":{"rendered":"<p>O Caluanie Muelear Pasteurize \u00e9 constitu\u00eddo principalmente por <strong>Caluanie<\/strong>que \u00e9 um composto org\u00e2nico \u00fanico conhecido pelas suas propriedades qu\u00edmicas vers\u00e1teis. A formula\u00e7\u00e3o exacta pode variar em fun\u00e7\u00e3o da utiliza\u00e7\u00e3o pretendida, mas inclui geralmente o seguinte:<\/p>\n<ul>\n<li><strong>F\u00f3rmula molecular<\/strong>: C\u2087H\u2085N<\/li>\n<li><strong>Peso molecular<\/strong>: Aproximadamente 105,12 g\/mol<strong>Como funciona:<\/strong><br \/>\nQuando aplicado, penetra nas superf\u00edcies met\u00e1licas, reduzindo temporariamente a resist\u00eancia \u00e0 tra\u00e7\u00e3o para facilitar a manipula\u00e7\u00e3o ou a separa\u00e7\u00e3o sem danificar o material do n\u00facleo.<strong>Dicas de utiliza\u00e7\u00e3o:<\/strong><\/p>\n<ol>\n<li>Aplicar em superf\u00edcies limpas.<\/li>\n<li>Deixar penetrar brevemente.<\/li>\n<li>Processar o material conforme necess\u00e1rio (tritura\u00e7\u00e3o, moldagem, etc.).<\/li>\n<\/ol>\n<\/li>\n<\/ul>","protected":false},"featured_media":737,"comment_status":"open","ping_status":"closed","template":"","meta":{"pagelayer_contact_templates":[],"_pagelayer_content":"","_kadence_starter_templates_imported_post":false,"_kad_post_transparent":"default","_kad_post_title":"","_kad_post_layout":"default","_kad_post_sidebar_id":"","_kad_post_content_style":"default","_kad_post_vertical_padding":"default","_kad_post_feature":"","_kad_post_feature_position":"","_kad_post_header":false,"_kad_post_footer":false},"product_brand":[],"product_cat":[20],"product_tag":[],"class_list":{"0":"post-668","1":"product","2":"type-product","3":"status-publish","4":"has-post-thumbnail","6":"product_cat-caluanie","8":"first","9":"instock","10":"shipping-taxable","11":"purchasable","12":"product-type-variable","13":"entry","14":"content-bg","15":"loop-entry"},"yoast_head":"<!-- This site is optimized with the Yoast SEO plugin v27.3 - https:\/\/yoast.com\/product\/yoast-seo-wordpress\/ -->\n<title>Purchase Caluanie Muelear Pasteurize 5L Online | FactorySon<\/title>\n<meta name=\"description\" content=\"If you are looking to purchase caluanie muelear pasteurize 5l online for high-quality chemicals, factoryson is the best place to buy caluanie muelear pasteurize 5l.\" \/>\n<meta name=\"robots\" content=\"index, follow, max-snippet:-1, max-image-preview:large, max-video-preview:-1\" \/>\n<link rel=\"canonical\" href=\"https:\/\/factoryson.com\/pt\/product\/buy-caluanie-muelear-pasteurize-2\/\" \/>\n<meta property=\"og:locale\" content=\"pt_PT\" \/>\n<meta property=\"og:type\" content=\"article\" \/>\n<meta property=\"og:title\" content=\"Purchase Caluanie Muelear Pasteurize 5L Online | FactorySon\" \/>\n<meta property=\"og:description\" content=\"If you are looking to purchase caluanie muelear pasteurize 5l online for high-quality chemicals, factoryson is the best place to buy caluanie muelear pasteurize 5l.\" \/>\n<meta property=\"og:url\" content=\"https:\/\/factoryson.com\/pt\/product\/buy-caluanie-muelear-pasteurize-2\/\" \/>\n<meta property=\"og:site_name\" content=\"FactorySon\" \/>\n<meta property=\"article:modified_time\" content=\"2026-04-01T17:29:55+00:00\" \/>\n<meta property=\"og:image\" content=\"https:\/\/factoryson.com\/wp-content\/uploads\/2024\/11\/5L-Caluanie-Muelear-Pasteurize.gif\" \/>\n\t<meta property=\"og:image:width\" content=\"600\" \/>\n\t<meta property=\"og:image:height\" content=\"600\" \/>\n\t<meta property=\"og:image:type\" content=\"image\/gif\" \/>\n<meta name=\"twitter:card\" content=\"summary_large_image\" \/>\n<meta name=\"twitter:label1\" content=\"Tempo estimado de leitura\" \/>\n\t<meta name=\"twitter:data1\" content=\"2 minutos\" \/>\n<script type=\"application\/ld+json\" class=\"yoast-schema-graph\">{\"@context\":\"https:\\\/\\\/schema.org\",\"@graph\":[{\"@type\":\"WebPage\",\"@id\":\"https:\\\/\\\/factoryson.com\\\/product\\\/buy-caluanie-muelear-pasteurize-2\\\/\",\"url\":\"https:\\\/\\\/factoryson.com\\\/product\\\/buy-caluanie-muelear-pasteurize-2\\\/\",\"name\":\"Purchase Caluanie Muelear Pasteurize 5L Online | FactorySon\",\"isPartOf\":{\"@id\":\"https:\\\/\\\/factoryson.com\\\/#website\"},\"primaryImageOfPage\":{\"@id\":\"https:\\\/\\\/factoryson.com\\\/product\\\/buy-caluanie-muelear-pasteurize-2\\\/#primaryimage\"},\"image\":{\"@id\":\"https:\\\/\\\/factoryson.com\\\/product\\\/buy-caluanie-muelear-pasteurize-2\\\/#primaryimage\"},\"thumbnailUrl\":\"https:\\\/\\\/factoryson.com\\\/wp-content\\\/uploads\\\/2024\\\/11\\\/5L-Caluanie-Muelear-Pasteurize.gif\",\"datePublished\":\"2024-11-08T05:03:38+00:00\",\"dateModified\":\"2026-04-01T17:29:55+00:00\",\"description\":\"If you are looking to purchase caluanie muelear pasteurize 5l online for high-quality chemicals, factoryson is the best place to buy caluanie muelear pasteurize 5l.\",\"breadcrumb\":{\"@id\":\"https:\\\/\\\/factoryson.com\\\/product\\\/buy-caluanie-muelear-pasteurize-2\\\/#breadcrumb\"},\"inLanguage\":\"pt-PT\",\"potentialAction\":[{\"@type\":\"ReadAction\",\"target\":[\"https:\\\/\\\/factoryson.com\\\/product\\\/buy-caluanie-muelear-pasteurize-2\\\/\"]}]},{\"@type\":\"ImageObject\",\"inLanguage\":\"pt-PT\",\"@id\":\"https:\\\/\\\/factoryson.com\\\/product\\\/buy-caluanie-muelear-pasteurize-2\\\/#primaryimage\",\"url\":\"https:\\\/\\\/factoryson.com\\\/wp-content\\\/uploads\\\/2024\\\/11\\\/5L-Caluanie-Muelear-Pasteurize.gif\",\"contentUrl\":\"https:\\\/\\\/factoryson.com\\\/wp-content\\\/uploads\\\/2024\\\/11\\\/5L-Caluanie-Muelear-Pasteurize.gif\",\"width\":600,\"height\":600,\"caption\":\"Purchase Caluanie Muelear Pasteurize 5L Online\"},{\"@type\":\"BreadcrumbList\",\"@id\":\"https:\\\/\\\/factoryson.com\\\/product\\\/buy-caluanie-muelear-pasteurize-2\\\/#breadcrumb\",\"itemListElement\":[{\"@type\":\"ListItem\",\"position\":1,\"name\":\"Home\",\"item\":\"https:\\\/\\\/factoryson.com\\\/nl\\\/\"},{\"@type\":\"ListItem\",\"position\":2,\"name\":\"Shop\",\"item\":\"https:\\\/\\\/factoryson.com\\\/nl\\\/shop\\\/\"},{\"@type\":\"ListItem\",\"position\":3,\"name\":\"Caluanie Muelear Pasteurize 5L\"}]},{\"@type\":\"WebSite\",\"@id\":\"https:\\\/\\\/factoryson.com\\\/#website\",\"url\":\"https:\\\/\\\/factoryson.com\\\/\",\"name\":\"FactorySon\",\"description\":\"My WordPress Blog\",\"potentialAction\":[{\"@type\":\"SearchAction\",\"target\":{\"@type\":\"EntryPoint\",\"urlTemplate\":\"https:\\\/\\\/factoryson.com\\\/?s={search_term_string}\"},\"query-input\":{\"@type\":\"PropertyValueSpecification\",\"valueRequired\":true,\"valueName\":\"search_term_string\"}}],\"inLanguage\":\"pt-PT\"}]}<\/script>\n<!-- \/ Yoast SEO plugin. -->","yoast_head_json":{"title":"Comprar Caluanie Muelear Pasteurize 5L Online | F\u00e1bricaSon","description":"Se procura comprar caluanie muelear pasteurize 5l online para produtos qu\u00edmicos de alta qualidade, a factoryson \u00e9 o melhor lugar para comprar caluanie muelear pasteurize 5l.","robots":{"index":"index","follow":"follow","max-snippet":"max-snippet:-1","max-image-preview":"max-image-preview:large","max-video-preview":"max-video-preview:-1"},"canonical":"https:\/\/factoryson.com\/pt\/product\/buy-caluanie-muelear-pasteurize-2\/","og_locale":"pt_PT","og_type":"article","og_title":"Purchase Caluanie Muelear Pasteurize 5L Online | FactorySon","og_description":"If you are looking to purchase caluanie muelear pasteurize 5l online for high-quality chemicals, factoryson is the best place to buy caluanie muelear pasteurize 5l.","og_url":"https:\/\/factoryson.com\/pt\/product\/buy-caluanie-muelear-pasteurize-2\/","og_site_name":"FactorySon","article_modified_time":"2026-04-01T17:29:55+00:00","og_image":[{"width":600,"height":600,"url":"https:\/\/factoryson.com\/wp-content\/uploads\/2024\/11\/5L-Caluanie-Muelear-Pasteurize.gif","type":"image\/gif"}],"twitter_card":"summary_large_image","twitter_misc":{"Tempo estimado de leitura":"2 minutos"},"schema":{"@context":"https:\/\/schema.org","@graph":[{"@type":"WebPage","@id":"https:\/\/factoryson.com\/product\/buy-caluanie-muelear-pasteurize-2\/","url":"https:\/\/factoryson.com\/product\/buy-caluanie-muelear-pasteurize-2\/","name":"Comprar Caluanie Muelear Pasteurize 5L Online | F\u00e1bricaSon","isPartOf":{"@id":"https:\/\/factoryson.com\/#website"},"primaryImageOfPage":{"@id":"https:\/\/factoryson.com\/product\/buy-caluanie-muelear-pasteurize-2\/#primaryimage"},"image":{"@id":"https:\/\/factoryson.com\/product\/buy-caluanie-muelear-pasteurize-2\/#primaryimage"},"thumbnailUrl":"https:\/\/factoryson.com\/wp-content\/uploads\/2024\/11\/5L-Caluanie-Muelear-Pasteurize.gif","datePublished":"2024-11-08T05:03:38+00:00","dateModified":"2026-04-01T17:29:55+00:00","description":"Se procura comprar caluanie muelear pasteurize 5l online para produtos qu\u00edmicos de alta qualidade, a factoryson \u00e9 o melhor lugar para comprar caluanie muelear pasteurize 5l.","breadcrumb":{"@id":"https:\/\/factoryson.com\/product\/buy-caluanie-muelear-pasteurize-2\/#breadcrumb"},"inLanguage":"pt-PT","potentialAction":[{"@type":"ReadAction","target":["https:\/\/factoryson.com\/product\/buy-caluanie-muelear-pasteurize-2\/"]}]},{"@type":"ImageObject","inLanguage":"pt-PT","@id":"https:\/\/factoryson.com\/product\/buy-caluanie-muelear-pasteurize-2\/#primaryimage","url":"https:\/\/factoryson.com\/wp-content\/uploads\/2024\/11\/5L-Caluanie-Muelear-Pasteurize.gif","contentUrl":"https:\/\/factoryson.com\/wp-content\/uploads\/2024\/11\/5L-Caluanie-Muelear-Pasteurize.gif","width":600,"height":600,"caption":"Purchase Caluanie Muelear Pasteurize 5L Online"},{"@type":"BreadcrumbList","@id":"https:\/\/factoryson.com\/product\/buy-caluanie-muelear-pasteurize-2\/#breadcrumb","itemListElement":[{"@type":"ListItem","position":1,"name":"Home","item":"https:\/\/factoryson.com\/nl\/"},{"@type":"ListItem","position":2,"name":"Shop","item":"https:\/\/factoryson.com\/nl\/shop\/"},{"@type":"ListItem","position":3,"name":"Caluanie Muelear Pasteurize 5L"}]},{"@type":"WebSite","@id":"https:\/\/factoryson.com\/#website","url":"https:\/\/factoryson.com\/","name":"FactorySon","description":"O meu blogue WordPress","potentialAction":[{"@type":"SearchAction","target":{"@type":"EntryPoint","urlTemplate":"https:\/\/factoryson.com\/?s={search_term_string}"},"query-input":{"@type":"PropertyValueSpecification","valueRequired":true,"valueName":"search_term_string"}}],"inLanguage":"pt-PT"}]}},"_links":{"self":[{"href":"https:\/\/factoryson.com\/pt\/wp-json\/wp\/v2\/product\/668","targetHints":{"allow":["GET"]}}],"collection":[{"href":"https:\/\/factoryson.com\/pt\/wp-json\/wp\/v2\/product"}],"about":[{"href":"https:\/\/factoryson.com\/pt\/wp-json\/wp\/v2\/types\/product"}],"replies":[{"embeddable":true,"href":"https:\/\/factoryson.com\/pt\/wp-json\/wp\/v2\/comments?post=668"}],"wp:featuredmedia":[{"embeddable":true,"href":"https:\/\/factoryson.com\/pt\/wp-json\/wp\/v2\/media\/737"}],"wp:attachment":[{"href":"https:\/\/factoryson.com\/pt\/wp-json\/wp\/v2\/media?parent=668"}],"wp:term":[{"taxonomy":"product_brand","embeddable":true,"href":"https:\/\/factoryson.com\/pt\/wp-json\/wp\/v2\/product_brand?post=668"},{"taxonomy":"product_cat","embeddable":true,"href":"https:\/\/factoryson.com\/pt\/wp-json\/wp\/v2\/product_cat?post=668"},{"taxonomy":"product_tag","embeddable":true,"href":"https:\/\/factoryson.com\/pt\/wp-json\/wp\/v2\/product_tag?post=668"}],"curies":[{"name":"wp","href":"https:\/\/api.w.org\/{rel}","templated":true}]}}