{"id":667,"date":"2024-11-08T05:03:38","date_gmt":"2024-11-08T05:03:38","guid":{"rendered":"https:\/\/pvpgrams.com\/factory\/?post_type=product&#038;p=667"},"modified":"2026-04-01T17:35:52","modified_gmt":"2026-04-01T17:35:52","slug":"caluanie-muelear-oxidize-sale","status":"publish","type":"product","link":"https:\/\/factoryson.com\/pt\/product\/caluanie-muelear-oxidize-sale\/","title":{"rendered":"Caluanie Muelear Oxidize 20L para venda"},"content":{"rendered":"<h3>Caluanie Muelear Oxidize 20L: A sua solu\u00e7\u00e3o industrial<\/h3>\n<p>Procura Caluanie Muelear Oxidize 20L para venda ao melhor pre\u00e7o de uma fonte fidedigna? Na Factoryson, somos especializados em fornecer <strong>high-purity<a href=\"https:\/\/factoryson.com\/pt\/product\/benzyl-cyanide-for-sale\/\"> Caluanie Muelear Oxidize<\/a><\/strong> para ind\u00fastrias de todo o mundo. Quer esteja em <strong>reciclagem de metais<\/strong>, <strong>minera\u00e7\u00e3o<\/strong>, ou <strong>ind\u00fastrias de transforma\u00e7\u00e3o de materiais<\/strong>, o nosso <strong>Caluanie Muelear Oxidize 20L<\/strong> oferece a solu\u00e7\u00e3o perfeita para as suas necessidades de trabalho pesado. Com <strong>Caluanie Muelear Oxidize 20L para venda<\/strong>A nossa empresa garante-lhe uma qualidade superior e pre\u00e7os competitivos para todas as suas necessidades industriais<a href=\"https:\/\/moleculeminds.com\/shop\/1l-caluanie-muelear-oxidize\/\">.<\/a><\/p>\n<h3>Porqu\u00ea escolher a Factoryson para Caluanie Muelear Oxidize?<\/h3>\n<p>Somos uma das empresas mais <strong>fornecedores de confian\u00e7a de Caluanie Muelear <a href=\"https:\/\/en.wikipedia.org\/wiki\/Oxidizing_acid\">Oxidar<\/a><\/strong>, oferecendo <strong>encomendas de Caluanie Muelear Oxidize a granel<\/strong> para <strong>ind\u00fastrias metal\u00fargicas<\/strong> e <strong>aplica\u00e7\u00f5es de processamento de materiais<\/strong>. Como fi\u00e1vel <strong>Fornecedores online de Caluanie<\/strong>, fornecemos um envio r\u00e1pido, op\u00e7\u00f5es flex\u00edveis e <strong>Disponibilidade de Caluanie para exporta\u00e7\u00e3o<\/strong> para servir os clientes a n\u00edvel mundial. A nossa <strong>Caluanie Muelear Oxidize pre\u00e7o por litro<\/strong> \u00e9 competitivo, tornando mais f\u00e1cil para as empresas escolherem a Factoryson como o seu parceiro de elei\u00e7\u00e3o.<\/p>\n<h4>Aplica\u00e7\u00f5es de Caluanie Muelear Oxidize 20L<\/h4>\n<p><strong>Caluanie Muelear Oxidize de qualidade industrial<\/strong> foi concebido para uma variedade de aplica\u00e7\u00f5es pesadas em todas as ind\u00fastrias. Eis como funciona:<\/p>\n<ol>\n<li><strong>Amolecimento de metais<\/strong>: Essencial para <strong>fornecedores de reagentes para amaciamento de metais<\/strong>, Caluanie \u00e9 utilizado em <strong>produtos qu\u00edmicos para reciclagem de metais<\/strong> para tornar os metais fr\u00e1geis e mais f\u00e1ceis de esmagar.<\/li>\n<li><strong>Processamento de min\u00e9rio e minerais<\/strong>: Quando <strong>comprar Caluanie para minera\u00e7\u00e3o e processamento de min\u00e9rio<\/strong>simplifica os processos de extra\u00e7\u00e3o, melhorando a efici\u00eancia.<\/li>\n<li><strong>Produtos qu\u00edmicos para tritura\u00e7\u00e3o pesada<\/strong>: Com as suas propriedades poderosas, a Caluanie \u00e9 um <strong>solu\u00e7\u00e3o qu\u00edmica para a tritura\u00e7\u00e3o de metais<\/strong> e outros materiais duros.<\/li>\n<li><strong>Reciclagem e explora\u00e7\u00e3o mineira<\/strong>: A sua utiliza\u00e7\u00e3o em <strong>ind\u00fastrias de reciclagem e de extra\u00e7\u00e3o mineira<\/strong> torna-o num favorito para <strong>compradores industriais de Caluanie Muelear Oxidize<\/strong>.<\/li>\n<\/ol>\n<h4>Encomendas a granel para a ind\u00fastria pesada<\/h4>\n<p>A Factoryson \u00e9 especializada em <strong>encomendas de Caluanie Muelear Oxidize a granel<\/strong> para <strong>ind\u00fastrias pesadas<\/strong>. Quer necessite de <strong>Reagente de \u00e1gua pesada Caluanie<\/strong> para opera\u00e7\u00f5es em grande escala ou quantidades mais pequenas para aplica\u00e7\u00f5es de nicho, temos tudo o que precisa. O nosso papel como <strong>Fornecedor de caluanias para ind\u00fastrias metal\u00fargicas<\/strong> garante uma entrega sem problemas e um desempenho fi\u00e1vel em cada envio.<\/p>\n<h3>Guia de seguran\u00e7a para o manuseamento de Caluanie Muelear Oxidize<\/h3>\n<p>A seguran\u00e7a \u00e9 a nossa principal prioridade. Ao utilizar <strong>Caluanie Muelear Oxidize 20L<\/strong>siga estas diretrizes:<\/p>\n<ul>\n<li>Usar equipamento de prote\u00e7\u00e3o adequado, incluindo luvas e \u00f3culos de prote\u00e7\u00e3o.<\/li>\n<li>Utilizar numa \u00e1rea bem ventilada para evitar a inala\u00e7\u00e3o de fumos.<\/li>\n<li>Armazenar num local seguro, fresco e seco.<\/li>\n<li>Consultar a nossa sec\u00e7\u00e3o detalhada <strong>guia de seguran\u00e7a para o manuseamento de Caluanie Muelear Oxidize<\/strong> para garantir as melhores pr\u00e1ticas.<\/li>\n<\/ul>\n<h3>Contacte-nos para Caluanie Muelear Oxidize 20L<\/h3>\n<p>\u00c0 procura do <strong>melhor s\u00edtio para comprar Caluanie<a href=\"https:\/\/factoryson.com\/pt\/product\/sodium-benzoate-powder-sale\/\"> Muelear Oxidize 20L<\/a> em linha<\/strong>? A Factoryson fornece <strong>Caluanie Muelear Oxidize de alta pureza<\/strong> adaptados \u00e0s suas necessidades espec\u00edficas. Com a nossa experi\u00eancia em <strong>utiliza\u00e7\u00e3o industrial de Caluanie Muelear Oxidize<\/strong>A nossa empresa oferece um valor excecional para todas as aplica\u00e7\u00f5es industriais. Contacte-nos hoje para saber mais sobre <strong><a href=\"https:\/\/factoryson.com\/pt\/product\/benzyl-cyanide-for-sale\/\">Caluanie Muelear Oxidize<\/a> 20L for sale<\/strong>, efetuar uma encomenda ou explorar a nossa <strong>op\u00e7\u00f5es de compra a granel<\/strong>. Comprar Caluanie Muelear Oxidize 20L<\/p>\n<p>Factoryson - O seu parceiro de confian\u00e7a para <strong>Caluanie Muelear Oxidize 20L para venda<\/strong>!<\/p>","protected":false},"excerpt":{"rendered":"<p>Bem-vindo ao futuro da inova\u00e7\u00e3o qu\u00edmica com <strong>20L Caluanie Muelear Oxidize<\/strong>. \u00c0 medida que as ind\u00fastrias evoluem, a demanda por produtos qu\u00edmicos de alto desempenho que podem aumentar a efici\u00eancia da produ\u00e7\u00e3o e a qualidade do produto continua a aumentar. Caluanie Muelear Oxidize est\u00e1 na vanguarda, servindo como um agente oxidante vers\u00e1til crucial para v\u00e1rias aplica\u00e7\u00f5es, incluindo produtos farmac\u00eauticos, agricultura e fabrico de produtos qu\u00edmicos.<\/p>\n<ul>\n<li><strong>F\u00f3rmula molecular<\/strong>: C\u2087H\u2085N<\/li>\n<li><strong>N\u00famero CAS<\/strong>: 100-52-7<\/li>\n<li><strong>Estado f\u00edsico<\/strong>: L\u00edquido<\/li>\n<li><strong>Cor<\/strong>: Incolor a amarelo p\u00e1lido<strong>Carater\u00edsticas principais:<\/strong>\n<ul>\n<li><strong>Volume:<\/strong> 20 litros<\/li>\n<li><strong>Aplica\u00e7\u00f5es:<\/strong> Ideal para metalurgia, processamento de materiais e outras tarefas industriais pesadas<\/li>\n<li><strong>Propriedades:<\/strong> Eficaz na altera\u00e7\u00e3o das carater\u00edsticas do metal para aumentar a maleabilidade e a facilidade de processamento<\/li>\n<\/ul>\n<\/li>\n<\/ul>","protected":false},"featured_media":736,"comment_status":"open","ping_status":"closed","template":"","meta":{"pagelayer_contact_templates":[],"_pagelayer_content":"","_kadence_starter_templates_imported_post":false,"_kad_post_transparent":"default","_kad_post_title":"","_kad_post_layout":"default","_kad_post_sidebar_id":"","_kad_post_content_style":"default","_kad_post_vertical_padding":"default","_kad_post_feature":"","_kad_post_feature_position":"","_kad_post_header":false,"_kad_post_footer":false},"product_brand":[],"product_cat":[20],"product_tag":[],"class_list":{"0":"post-667","1":"product","2":"type-product","3":"status-publish","4":"has-post-thumbnail","6":"product_cat-caluanie","8":"first","9":"instock","10":"shipping-taxable","11":"purchasable","12":"product-type-variable","13":"entry","14":"content-bg","15":"loop-entry"},"yoast_head":"<!-- This site is optimized with the Yoast SEO plugin v27.3 - https:\/\/yoast.com\/product\/yoast-seo-wordpress\/ -->\n<title>Caluanie Muelear Oxidize 20L for Sale Online - FactorySon<\/title>\n<meta name=\"description\" content=\"Buy caluanie muelear oxidize 20L online conveniently and securely, with a straightforward ordering process for caluanie muelear oxidize 20L for sale. Order now!\" \/>\n<meta name=\"robots\" content=\"index, follow, max-snippet:-1, max-image-preview:large, max-video-preview:-1\" \/>\n<link rel=\"canonical\" href=\"https:\/\/factoryson.com\/pt\/product\/caluanie-muelear-oxidize-sale\/\" \/>\n<meta property=\"og:locale\" content=\"pt_PT\" \/>\n<meta property=\"og:type\" content=\"article\" \/>\n<meta property=\"og:title\" content=\"Caluanie Muelear Oxidize 20L for Sale Online - FactorySon\" \/>\n<meta property=\"og:description\" content=\"Buy caluanie muelear oxidize 20L online conveniently and securely, with a straightforward ordering process for caluanie muelear oxidize 20L for sale. Order now!\" \/>\n<meta property=\"og:url\" content=\"https:\/\/factoryson.com\/pt\/product\/caluanie-muelear-oxidize-sale\/\" \/>\n<meta property=\"og:site_name\" content=\"FactorySon\" \/>\n<meta property=\"article:modified_time\" content=\"2026-04-01T17:35:52+00:00\" \/>\n<meta property=\"og:image\" content=\"https:\/\/factoryson.com\/wp-content\/uploads\/2024\/11\/Caluanie-Muelear-Oxidize-20L.gif\" \/>\n\t<meta property=\"og:image:width\" content=\"600\" \/>\n\t<meta property=\"og:image:height\" content=\"600\" \/>\n\t<meta property=\"og:image:type\" content=\"image\/gif\" \/>\n<meta name=\"twitter:card\" content=\"summary_large_image\" \/>\n<meta name=\"twitter:label1\" content=\"Tempo estimado de leitura\" \/>\n\t<meta name=\"twitter:data1\" content=\"3 minutos\" \/>\n<script type=\"application\/ld+json\" class=\"yoast-schema-graph\">{\"@context\":\"https:\\\/\\\/schema.org\",\"@graph\":[{\"@type\":\"WebPage\",\"@id\":\"https:\\\/\\\/factoryson.com\\\/product\\\/caluanie-muelear-oxidize-sale\\\/\",\"url\":\"https:\\\/\\\/factoryson.com\\\/product\\\/caluanie-muelear-oxidize-sale\\\/\",\"name\":\"Caluanie Muelear Oxidize 20L for Sale Online - FactorySon\",\"isPartOf\":{\"@id\":\"https:\\\/\\\/factoryson.com\\\/#website\"},\"primaryImageOfPage\":{\"@id\":\"https:\\\/\\\/factoryson.com\\\/product\\\/caluanie-muelear-oxidize-sale\\\/#primaryimage\"},\"image\":{\"@id\":\"https:\\\/\\\/factoryson.com\\\/product\\\/caluanie-muelear-oxidize-sale\\\/#primaryimage\"},\"thumbnailUrl\":\"https:\\\/\\\/factoryson.com\\\/wp-content\\\/uploads\\\/2024\\\/11\\\/Caluanie-Muelear-Oxidize-20L.gif\",\"datePublished\":\"2024-11-08T05:03:38+00:00\",\"dateModified\":\"2026-04-01T17:35:52+00:00\",\"description\":\"Buy caluanie muelear oxidize 20L online conveniently and securely, with a straightforward ordering process for caluanie muelear oxidize 20L for sale. Order now!\",\"breadcrumb\":{\"@id\":\"https:\\\/\\\/factoryson.com\\\/product\\\/caluanie-muelear-oxidize-sale\\\/#breadcrumb\"},\"inLanguage\":\"pt-PT\",\"potentialAction\":[{\"@type\":\"ReadAction\",\"target\":[\"https:\\\/\\\/factoryson.com\\\/product\\\/caluanie-muelear-oxidize-sale\\\/\"]}]},{\"@type\":\"ImageObject\",\"inLanguage\":\"pt-PT\",\"@id\":\"https:\\\/\\\/factoryson.com\\\/product\\\/caluanie-muelear-oxidize-sale\\\/#primaryimage\",\"url\":\"https:\\\/\\\/factoryson.com\\\/wp-content\\\/uploads\\\/2024\\\/11\\\/Caluanie-Muelear-Oxidize-20L.gif\",\"contentUrl\":\"https:\\\/\\\/factoryson.com\\\/wp-content\\\/uploads\\\/2024\\\/11\\\/Caluanie-Muelear-Oxidize-20L.gif\",\"width\":600,\"height\":600,\"caption\":\"Caluanie Muelear Oxidize 20L for Sale\"},{\"@type\":\"BreadcrumbList\",\"@id\":\"https:\\\/\\\/factoryson.com\\\/product\\\/caluanie-muelear-oxidize-sale\\\/#breadcrumb\",\"itemListElement\":[{\"@type\":\"ListItem\",\"position\":1,\"name\":\"Home\",\"item\":\"https:\\\/\\\/factoryson.com\\\/nl\\\/\"},{\"@type\":\"ListItem\",\"position\":2,\"name\":\"Shop\",\"item\":\"https:\\\/\\\/factoryson.com\\\/nl\\\/shop\\\/\"},{\"@type\":\"ListItem\",\"position\":3,\"name\":\"Caluanie Muelear Oxidize 20L for Sale\"}]},{\"@type\":\"WebSite\",\"@id\":\"https:\\\/\\\/factoryson.com\\\/#website\",\"url\":\"https:\\\/\\\/factoryson.com\\\/\",\"name\":\"FactorySon\",\"description\":\"My WordPress Blog\",\"potentialAction\":[{\"@type\":\"SearchAction\",\"target\":{\"@type\":\"EntryPoint\",\"urlTemplate\":\"https:\\\/\\\/factoryson.com\\\/?s={search_term_string}\"},\"query-input\":{\"@type\":\"PropertyValueSpecification\",\"valueRequired\":true,\"valueName\":\"search_term_string\"}}],\"inLanguage\":\"pt-PT\"}]}<\/script>\n<!-- \/ Yoast SEO plugin. -->","yoast_head_json":{"title":"Caluanie Muelear Oxidize 20L \u00e0 venda online - FactorySon","description":"Compre caluanie muelear oxidize 20L online de forma c\u00f3moda e segura, com um processo de encomenda simples para caluanie muelear oxidize 20L para venda. Encomendar agora!","robots":{"index":"index","follow":"follow","max-snippet":"max-snippet:-1","max-image-preview":"max-image-preview:large","max-video-preview":"max-video-preview:-1"},"canonical":"https:\/\/factoryson.com\/pt\/product\/caluanie-muelear-oxidize-sale\/","og_locale":"pt_PT","og_type":"article","og_title":"Caluanie Muelear Oxidize 20L for Sale Online - FactorySon","og_description":"Buy caluanie muelear oxidize 20L online conveniently and securely, with a straightforward ordering process for caluanie muelear oxidize 20L for sale. Order now!","og_url":"https:\/\/factoryson.com\/pt\/product\/caluanie-muelear-oxidize-sale\/","og_site_name":"FactorySon","article_modified_time":"2026-04-01T17:35:52+00:00","og_image":[{"width":600,"height":600,"url":"https:\/\/factoryson.com\/wp-content\/uploads\/2024\/11\/Caluanie-Muelear-Oxidize-20L.gif","type":"image\/gif"}],"twitter_card":"summary_large_image","twitter_misc":{"Tempo estimado de leitura":"3 minutos"},"schema":{"@context":"https:\/\/schema.org","@graph":[{"@type":"WebPage","@id":"https:\/\/factoryson.com\/product\/caluanie-muelear-oxidize-sale\/","url":"https:\/\/factoryson.com\/product\/caluanie-muelear-oxidize-sale\/","name":"Caluanie Muelear Oxidize 20L \u00e0 venda online - FactorySon","isPartOf":{"@id":"https:\/\/factoryson.com\/#website"},"primaryImageOfPage":{"@id":"https:\/\/factoryson.com\/product\/caluanie-muelear-oxidize-sale\/#primaryimage"},"image":{"@id":"https:\/\/factoryson.com\/product\/caluanie-muelear-oxidize-sale\/#primaryimage"},"thumbnailUrl":"https:\/\/factoryson.com\/wp-content\/uploads\/2024\/11\/Caluanie-Muelear-Oxidize-20L.gif","datePublished":"2024-11-08T05:03:38+00:00","dateModified":"2026-04-01T17:35:52+00:00","description":"Compre caluanie muelear oxidize 20L online de forma c\u00f3moda e segura, com um processo de encomenda simples para caluanie muelear oxidize 20L para venda. Encomendar agora!","breadcrumb":{"@id":"https:\/\/factoryson.com\/product\/caluanie-muelear-oxidize-sale\/#breadcrumb"},"inLanguage":"pt-PT","potentialAction":[{"@type":"ReadAction","target":["https:\/\/factoryson.com\/product\/caluanie-muelear-oxidize-sale\/"]}]},{"@type":"ImageObject","inLanguage":"pt-PT","@id":"https:\/\/factoryson.com\/product\/caluanie-muelear-oxidize-sale\/#primaryimage","url":"https:\/\/factoryson.com\/wp-content\/uploads\/2024\/11\/Caluanie-Muelear-Oxidize-20L.gif","contentUrl":"https:\/\/factoryson.com\/wp-content\/uploads\/2024\/11\/Caluanie-Muelear-Oxidize-20L.gif","width":600,"height":600,"caption":"Caluanie Muelear Oxidize 20L for Sale"},{"@type":"BreadcrumbList","@id":"https:\/\/factoryson.com\/product\/caluanie-muelear-oxidize-sale\/#breadcrumb","itemListElement":[{"@type":"ListItem","position":1,"name":"Home","item":"https:\/\/factoryson.com\/nl\/"},{"@type":"ListItem","position":2,"name":"Shop","item":"https:\/\/factoryson.com\/nl\/shop\/"},{"@type":"ListItem","position":3,"name":"Caluanie Muelear Oxidize 20L for Sale"}]},{"@type":"WebSite","@id":"https:\/\/factoryson.com\/#website","url":"https:\/\/factoryson.com\/","name":"FactorySon","description":"O meu blogue WordPress","potentialAction":[{"@type":"SearchAction","target":{"@type":"EntryPoint","urlTemplate":"https:\/\/factoryson.com\/?s={search_term_string}"},"query-input":{"@type":"PropertyValueSpecification","valueRequired":true,"valueName":"search_term_string"}}],"inLanguage":"pt-PT"}]}},"_links":{"self":[{"href":"https:\/\/factoryson.com\/pt\/wp-json\/wp\/v2\/product\/667","targetHints":{"allow":["GET"]}}],"collection":[{"href":"https:\/\/factoryson.com\/pt\/wp-json\/wp\/v2\/product"}],"about":[{"href":"https:\/\/factoryson.com\/pt\/wp-json\/wp\/v2\/types\/product"}],"replies":[{"embeddable":true,"href":"https:\/\/factoryson.com\/pt\/wp-json\/wp\/v2\/comments?post=667"}],"wp:featuredmedia":[{"embeddable":true,"href":"https:\/\/factoryson.com\/pt\/wp-json\/wp\/v2\/media\/736"}],"wp:attachment":[{"href":"https:\/\/factoryson.com\/pt\/wp-json\/wp\/v2\/media?parent=667"}],"wp:term":[{"taxonomy":"product_brand","embeddable":true,"href":"https:\/\/factoryson.com\/pt\/wp-json\/wp\/v2\/product_brand?post=667"},{"taxonomy":"product_cat","embeddable":true,"href":"https:\/\/factoryson.com\/pt\/wp-json\/wp\/v2\/product_cat?post=667"},{"taxonomy":"product_tag","embeddable":true,"href":"https:\/\/factoryson.com\/pt\/wp-json\/wp\/v2\/product_tag?post=667"}],"curies":[{"name":"wp","href":"https:\/\/api.w.org\/{rel}","templated":true}]}}