{"id":1810,"date":"2026-04-06T17:56:21","date_gmt":"2026-04-06T17:56:21","guid":{"rendered":"https:\/\/factoryson.com\/?post_type=product&#038;p=1810"},"modified":"2026-04-18T06:51:52","modified_gmt":"2026-04-18T06:51:52","slug":"glyphosate","status":"publish","type":"product","link":"https:\/\/factoryson.com\/pt\/product\/glyphosate\/","title":{"rendered":"Glyphosate"},"content":{"rendered":"<p data-start=\"0\" data-end=\"961\"><strong><a href=\"https:\/\/factoryson.com\/pt\/product\/glyphosate\/\">Comprar Glifosato Online<\/a><\/strong> \u00c9 um potente regulador de crescimento vegetal e herbicida. O seu modo de a\u00e7\u00e3o consiste em interferir na via do xiquimato, inibindo a 5-enolpiruvilxiquimato-3-fosfato (EPSP) sintase (Steinr\u00fccken e Amrhein, 1980), respons\u00e1vel pela bioss\u00edntese de compostos arom\u00e1ticos (como o triptofano, a fenilalanina e a tirosina), e a isoenzima 3-desoxi-D-arabino-heptulosonato 7-fosfato (DAHP) sintase. <a href=\"https:\/\/en.wikipedia.org\/wiki\/Glyphosate\"><strong data-start=\"434\" data-end=\"458\">Herbicida glifosato<\/strong><\/a>, tamb\u00e9m conhecido como herbicida \u00e0 base de glifosato, \u00e9 classificado como um herbicida de largo espectro, sist\u00e9mico e n\u00e3o seletivo, o que o torna um produto qu\u00edmico eficaz para o controlo de infestantes. Atuando como inibidor da EPSP sintase e inibidor da via do xiquimato, atua como inibidor do 5-enolpiruvilxiquimato-3-fosfato e inibidor da bioss\u00edntese de amino\u00e1cidos arom\u00e1ticos, servindo, assim, como um inibidor metab\u00f3lico vegetal com um modo de a\u00e7\u00e3o herbicida bem definido. <strong><a href=\"https:\/\/factoryson.com\/pt\/\">Factoryson.com<\/a><\/strong><\/p>\n<p data-start=\"963\" data-end=\"1407\" data-is-last-node=\"\" data-is-only-node=\"\">Um gene EPSP conferindo resist\u00eancia ao glifosato foi isolado, primeiramente, a partir de *Salmonella* sp. (Comei et al. 1983). O glifosato \u00e9 est\u00e1vel \u00e0 autoclavagem (Haderlie et al. 1977). Foi demonstrada atividade herbicida a 0,5 mM em soja (Hinchee et al. 1988) e a 1 mM em tabaco (Singer e McDaniel, 1985). Quanto \u00e0 obten\u00e7\u00e3o, o produto est\u00e1 amplamente dispon\u00edvel atrav\u00e9s de <strong data-start=\"1304\" data-end=\"1337\"><a href=\"https:\/\/www.sciencedirect.com\/topics\/pharmacology-toxicology-and-pharmaceutical-science\/glyphosate\">Agroqu\u00edmicos<\/a><\/strong>Online: distribuidores de herbicidas e fornecedores grossistas de herbicidas.<\/p>\n<table>\n<tbody>\n<tr class=\"rowBgui\">\n<td class=\"tdwdt\">Tamanho da Embalagem<\/td>\n<td class=\"tdwdt1 color6\"><span class=\"datatooltip\">1, 500, 250, 100<\/span><\/td>\n<\/tr>\n<tr class=\"\">\n<td class=\"tdwdt\">Nome T\u00e9cnico<\/td>\n<td class=\"tdwdt1 color6\"><span class=\"datatooltip\">Glifosato T\u00e9cnico<\/span><\/td>\n<\/tr>\n<tr class=\"rowBgui\">\n<td class=\"tdwdt\">Forma<\/td>\n<td class=\"tdwdt1 color6\"><span class=\"datatooltip\">: L\u00edquido<\/span><\/td>\n<\/tr>\n<tr class=\"\">\n<td class=\"tdwdt\">Formula\u00e7\u00e3o<\/td>\n<td class=\"tdwdt1 color6\"><span class=\"datatooltip\">Glifosato<\/span><\/td>\n<\/tr>\n<tr class=\"rowBgui\">\n<td class=\"tdwdt\">Marca<\/td>\n<td class=\"tdwdt1 color6\"><span class=\"datatooltip\">ACE 41<\/span><\/td>\n<\/tr>\n<tr class=\"\">\n<td class=\"tdwdt\">Grupo Qu\u00edmico<\/td>\n<td class=\"tdwdt1 color6\"><span class=\"datatooltip\">Glifosato<\/span><\/td>\n<\/tr>\n<tr class=\"rowBgui\">\n<td class=\"tdwdt\">Ampla disponibilidade<\/td>\n<td class=\"tdwdt1 color6\"><span class=\"datatooltip\">Em stock<\/span><\/td>\n<\/tr>\n<tr class=\"\">\n<td class=\"tdwdt\"><\/td>\n<td class=\"tdwdt1 color6\"><\/td>\n<\/tr>\n<\/tbody>\n<\/table>\n<div>\n<div>\n<div id=\"descp2\">\n<div class=\"pro-descN\">\n<p>Material muito bom.<\/p>\n<ul>\n<li>O glifosato \u00e9 um herbicida utilizado como produto dom\u00e9stico e <strong><a href=\"https:\/\/factoryson.com\/pt\/product\/paraquat-dichloride\/\">Maconha comercial<\/a><\/strong> ...herbicida, comercializado sob a marca Roundup e outras. \u00c9 tamb\u00e9m utilizado na agricultura como dessecante de culturas, para ajudar a acelerar a secagem das culturas antes da colheita, visando o aumento da produtividade. A Ag\u00eancia de Prote\u00e7\u00e3o Ambiental dos EUA (EPA) declarou que, quando utilizado de acordo com as indica\u00e7\u00f5es, o glifosato \u00e9 seguro e n\u00e3o representa...<a href=\"https:\/\/factoryson.com\/pt\/product\/glyphosate\/\"><strong>Compre agora<\/strong><\/a><\/li>\n<\/ul>\n<\/div>\n<\/div>\n<\/div>\n<\/div>","protected":false},"excerpt":{"rendered":"<p>Buy Glyphosate Online is a potent plant growth regulator and herbicide. Its mode of action is to interfere with the shikimate pathway by inhibiting the 5-enolpyruvylshikimate-3-phosphate (EPSP) synthase (Steinr\u00fccken and Amrhein, 1980), which is responsible for the biosynthesis of the aromatic compounds (e.g., tryptophan, phenylalanine, and tyrosine) and the 3-deoxy-d-arabino-heptulosonate 7-phosphate (DAHP) synthase isozyme. This&#8230;<\/p>","protected":false},"featured_media":1856,"comment_status":"closed","ping_status":"closed","template":"","meta":{"pagelayer_contact_templates":[],"_pagelayer_content":"","_kadence_starter_templates_imported_post":false,"_kad_post_transparent":"default","_kad_post_title":"","_kad_post_layout":"default","_kad_post_sidebar_id":"","_kad_post_content_style":"default","_kad_post_vertical_padding":"default","_kad_post_feature":"","_kad_post_feature_position":"","_kad_post_header":false,"_kad_post_footer":false},"product_brand":[],"product_cat":[117],"product_tag":[],"class_list":{"0":"post-1810","1":"product","2":"type-product","3":"status-publish","4":"has-post-thumbnail","6":"product_cat-agrochemicals-pesticides","8":"first","9":"instock","10":"shipping-taxable","11":"purchasable","12":"product-type-variable","13":"entry","14":"content-bg","15":"loop-entry"},"yoast_head":"<!-- This site is optimized with the Yoast SEO plugin v27.3 - https:\/\/yoast.com\/product\/yoast-seo-wordpress\/ -->\n<title>Buy Glyphosate Online - Herbicides<\/title>\n<meta name=\"description\" content=\"Buy Glyphosate Online, Find glyphosate concentrate for controlling annual and perennial weeds. Ideal for driveways, walkways, and garden areas. Browse options now.\" \/>\n<meta name=\"robots\" content=\"index, follow, max-snippet:-1, max-image-preview:large, max-video-preview:-1\" \/>\n<link rel=\"canonical\" href=\"https:\/\/factoryson.com\/pt\/product\/glyphosate\/\" \/>\n<meta property=\"og:locale\" content=\"pt_PT\" \/>\n<meta property=\"og:type\" content=\"article\" \/>\n<meta property=\"og:title\" content=\"Buy Glyphosate Online - Herbicides\" \/>\n<meta property=\"og:description\" content=\"Buy Glyphosate Online, Find glyphosate concentrate for controlling annual and perennial weeds. Ideal for driveways, walkways, and garden areas. Browse options now.\" \/>\n<meta property=\"og:url\" content=\"https:\/\/factoryson.com\/pt\/product\/glyphosate\/\" \/>\n<meta property=\"og:site_name\" content=\"FactorySon\" \/>\n<meta property=\"article:modified_time\" content=\"2026-04-18T06:51:52+00:00\" \/>\n<meta property=\"og:image\" content=\"https:\/\/factoryson.com\/wp-content\/uploads\/2026\/04\/glyphosate-41-sl.jpeg\" \/>\n\t<meta property=\"og:image:width\" content=\"1860\" \/>\n\t<meta property=\"og:image:height\" content=\"2000\" \/>\n\t<meta property=\"og:image:type\" content=\"image\/jpeg\" \/>\n<meta name=\"twitter:card\" content=\"summary_large_image\" \/>\n<meta name=\"twitter:label1\" content=\"Tempo estimado de leitura\" \/>\n\t<meta name=\"twitter:data1\" content=\"2 minutos\" \/>\n<script type=\"application\/ld+json\" class=\"yoast-schema-graph\">{\"@context\":\"https:\\\/\\\/schema.org\",\"@graph\":[{\"@type\":\"WebPage\",\"@id\":\"https:\\\/\\\/factoryson.com\\\/product\\\/glyphosate\\\/\",\"url\":\"https:\\\/\\\/factoryson.com\\\/product\\\/glyphosate\\\/\",\"name\":\"Buy Glyphosate Online - Herbicides\",\"isPartOf\":{\"@id\":\"https:\\\/\\\/factoryson.com\\\/#website\"},\"primaryImageOfPage\":{\"@id\":\"https:\\\/\\\/factoryson.com\\\/product\\\/glyphosate\\\/#primaryimage\"},\"image\":{\"@id\":\"https:\\\/\\\/factoryson.com\\\/product\\\/glyphosate\\\/#primaryimage\"},\"thumbnailUrl\":\"https:\\\/\\\/factoryson.com\\\/wp-content\\\/uploads\\\/2026\\\/04\\\/glyphosate-41-sl.jpeg\",\"datePublished\":\"2026-04-06T17:56:21+00:00\",\"dateModified\":\"2026-04-18T06:51:52+00:00\",\"description\":\"Buy Glyphosate Online, Find glyphosate concentrate for controlling annual and perennial weeds. Ideal for driveways, walkways, and garden areas. Browse options now.\",\"breadcrumb\":{\"@id\":\"https:\\\/\\\/factoryson.com\\\/product\\\/glyphosate\\\/#breadcrumb\"},\"inLanguage\":\"pt-PT\",\"potentialAction\":[{\"@type\":\"ReadAction\",\"target\":[\"https:\\\/\\\/factoryson.com\\\/product\\\/glyphosate\\\/\"]}]},{\"@type\":\"ImageObject\",\"inLanguage\":\"pt-PT\",\"@id\":\"https:\\\/\\\/factoryson.com\\\/product\\\/glyphosate\\\/#primaryimage\",\"url\":\"https:\\\/\\\/factoryson.com\\\/wp-content\\\/uploads\\\/2026\\\/04\\\/glyphosate-41-sl.jpeg\",\"contentUrl\":\"https:\\\/\\\/factoryson.com\\\/wp-content\\\/uploads\\\/2026\\\/04\\\/glyphosate-41-sl.jpeg\",\"width\":1860,\"height\":2000,\"caption\":\"Buy Glyphosate Online\"},{\"@type\":\"BreadcrumbList\",\"@id\":\"https:\\\/\\\/factoryson.com\\\/product\\\/glyphosate\\\/#breadcrumb\",\"itemListElement\":[{\"@type\":\"ListItem\",\"position\":1,\"name\":\"Home\",\"item\":\"https:\\\/\\\/factoryson.com\\\/nl\\\/\"},{\"@type\":\"ListItem\",\"position\":2,\"name\":\"Shop\",\"item\":\"https:\\\/\\\/factoryson.com\\\/nl\\\/shop\\\/\"},{\"@type\":\"ListItem\",\"position\":3,\"name\":\"Glyphosate\"}]},{\"@type\":\"WebSite\",\"@id\":\"https:\\\/\\\/factoryson.com\\\/#website\",\"url\":\"https:\\\/\\\/factoryson.com\\\/\",\"name\":\"FactorySon\",\"description\":\"My WordPress Blog\",\"potentialAction\":[{\"@type\":\"SearchAction\",\"target\":{\"@type\":\"EntryPoint\",\"urlTemplate\":\"https:\\\/\\\/factoryson.com\\\/?s={search_term_string}\"},\"query-input\":{\"@type\":\"PropertyValueSpecification\",\"valueRequired\":true,\"valueName\":\"search_term_string\"}}],\"inLanguage\":\"pt-PT\"}]}<\/script>\n<!-- \/ Yoast SEO plugin. -->","yoast_head_json":{"title":"Buy Glyphosate Online - Herbicides","description":"Buy Glyphosate Online, Find glyphosate concentrate for controlling annual and perennial weeds. Ideal for driveways, walkways, and garden areas. Browse options now.","robots":{"index":"index","follow":"follow","max-snippet":"max-snippet:-1","max-image-preview":"max-image-preview:large","max-video-preview":"max-video-preview:-1"},"canonical":"https:\/\/factoryson.com\/pt\/product\/glyphosate\/","og_locale":"pt_PT","og_type":"article","og_title":"Buy Glyphosate Online - Herbicides","og_description":"Buy Glyphosate Online, Find glyphosate concentrate for controlling annual and perennial weeds. Ideal for driveways, walkways, and garden areas. Browse options now.","og_url":"https:\/\/factoryson.com\/pt\/product\/glyphosate\/","og_site_name":"FactorySon","article_modified_time":"2026-04-18T06:51:52+00:00","og_image":[{"width":1860,"height":2000,"url":"https:\/\/factoryson.com\/wp-content\/uploads\/2026\/04\/glyphosate-41-sl.jpeg","type":"image\/jpeg"}],"twitter_card":"summary_large_image","twitter_misc":{"Tempo estimado de leitura":"2 minutos"},"schema":{"@context":"https:\/\/schema.org","@graph":[{"@type":"WebPage","@id":"https:\/\/factoryson.com\/product\/glyphosate\/","url":"https:\/\/factoryson.com\/product\/glyphosate\/","name":"Buy Glyphosate Online - Herbicides","isPartOf":{"@id":"https:\/\/factoryson.com\/#website"},"primaryImageOfPage":{"@id":"https:\/\/factoryson.com\/product\/glyphosate\/#primaryimage"},"image":{"@id":"https:\/\/factoryson.com\/product\/glyphosate\/#primaryimage"},"thumbnailUrl":"https:\/\/factoryson.com\/wp-content\/uploads\/2026\/04\/glyphosate-41-sl.jpeg","datePublished":"2026-04-06T17:56:21+00:00","dateModified":"2026-04-18T06:51:52+00:00","description":"Buy Glyphosate Online, Find glyphosate concentrate for controlling annual and perennial weeds. Ideal for driveways, walkways, and garden areas. Browse options now.","breadcrumb":{"@id":"https:\/\/factoryson.com\/product\/glyphosate\/#breadcrumb"},"inLanguage":"pt-PT","potentialAction":[{"@type":"ReadAction","target":["https:\/\/factoryson.com\/product\/glyphosate\/"]}]},{"@type":"ImageObject","inLanguage":"pt-PT","@id":"https:\/\/factoryson.com\/product\/glyphosate\/#primaryimage","url":"https:\/\/factoryson.com\/wp-content\/uploads\/2026\/04\/glyphosate-41-sl.jpeg","contentUrl":"https:\/\/factoryson.com\/wp-content\/uploads\/2026\/04\/glyphosate-41-sl.jpeg","width":1860,"height":2000,"caption":"Buy Glyphosate Online"},{"@type":"BreadcrumbList","@id":"https:\/\/factoryson.com\/product\/glyphosate\/#breadcrumb","itemListElement":[{"@type":"ListItem","position":1,"name":"Home","item":"https:\/\/factoryson.com\/nl\/"},{"@type":"ListItem","position":2,"name":"Shop","item":"https:\/\/factoryson.com\/nl\/shop\/"},{"@type":"ListItem","position":3,"name":"Glyphosate"}]},{"@type":"WebSite","@id":"https:\/\/factoryson.com\/#website","url":"https:\/\/factoryson.com\/","name":"FactorySon","description":"O meu blogue WordPress","potentialAction":[{"@type":"SearchAction","target":{"@type":"EntryPoint","urlTemplate":"https:\/\/factoryson.com\/?s={search_term_string}"},"query-input":{"@type":"PropertyValueSpecification","valueRequired":true,"valueName":"search_term_string"}}],"inLanguage":"pt-PT"}]}},"_links":{"self":[{"href":"https:\/\/factoryson.com\/pt\/wp-json\/wp\/v2\/product\/1810","targetHints":{"allow":["GET"]}}],"collection":[{"href":"https:\/\/factoryson.com\/pt\/wp-json\/wp\/v2\/product"}],"about":[{"href":"https:\/\/factoryson.com\/pt\/wp-json\/wp\/v2\/types\/product"}],"replies":[{"embeddable":true,"href":"https:\/\/factoryson.com\/pt\/wp-json\/wp\/v2\/comments?post=1810"}],"wp:featuredmedia":[{"embeddable":true,"href":"https:\/\/factoryson.com\/pt\/wp-json\/wp\/v2\/media\/1856"}],"wp:attachment":[{"href":"https:\/\/factoryson.com\/pt\/wp-json\/wp\/v2\/media?parent=1810"}],"wp:term":[{"taxonomy":"product_brand","embeddable":true,"href":"https:\/\/factoryson.com\/pt\/wp-json\/wp\/v2\/product_brand?post=1810"},{"taxonomy":"product_cat","embeddable":true,"href":"https:\/\/factoryson.com\/pt\/wp-json\/wp\/v2\/product_cat?post=1810"},{"taxonomy":"product_tag","embeddable":true,"href":"https:\/\/factoryson.com\/pt\/wp-json\/wp\/v2\/product_tag?post=1810"}],"curies":[{"name":"wp","href":"https:\/\/api.w.org\/{rel}","templated":true}]}}