{"id":1236,"date":"2026-04-01T04:33:58","date_gmt":"2026-04-01T04:33:58","guid":{"rendered":"https:\/\/factoryson.com\/?post_type=product&#038;p=1236"},"modified":"2026-04-16T10:41:04","modified_gmt":"2026-04-16T10:41:04","slug":"buy-tetramethylene-glycol-bdo","status":"publish","type":"product","link":"https:\/\/factoryson.com\/pt\/product\/buy-tetramethylene-glycol-bdo\/","title":{"rendered":"Buy Tetramethylene Glycol (BDO) 1000ml &#8211; High Purity"},"content":{"rendered":"<p>Voc\u00ea est\u00e1 procurando <a href=\"https:\/\/factoryson.com\/pt\/product\/buy-tetramethylene-glycol-bdo\/\"><b>buy Tetramethylene Glycol 1000ml BDO for sale<\/b><\/a>Oferecemos este intermedi\u00e1rio de alta qualidade, essencial para diversas aplica\u00e7\u00f5es industriais. O Tetrametilenoglicol \u2014 tamb\u00e9m conhecido como 1,4-Butanodiol (BDO) \u2014 e os seus vers\u00e1teis derivados s\u00e3o amplamente utilizados na produ\u00e7\u00e3o de uma vasta gama de materiais, incluindo pl\u00e1sticos avan\u00e7ados, solventes eficazes, produtos qu\u00edmicos eletr\u00f3nicos especializados e fibras el\u00e1sticas resilientes. Quando necessitar de um fornecimento fi\u00e1vel, considere adquirir o seu Tetrametilenoglicol de alta pureza \u00e0 Milestone Suppliers, garantindo a rece\u00e7\u00e3o de um produto de qualidade superior para satisfazer as suas necessidades industriais espec\u00edficas. <strong><a href=\"https:\/\/factoryson.com\/pt\/\">factoryson<\/a><\/strong><\/p>\n<h2>What is Tetramethylene Glycol (BDO)?<\/h2>\n<p>O tetrametilenoglicol, vulgarmente conhecido como 1,4-butanodiol (BDO), \u00e9 um composto org\u00e2nico crucial com o n\u00famero CAS: 110-63-4 e EINECS: 203-786-5. Este l\u00edquido oleoso incolor ou amarelado \u00e9 um bloco de constru\u00e7\u00e3o fundamental em in\u00fameras s\u00ednteses qu\u00edmicas. O seu peso molecular \u00e9 90,121 e a sua f\u00f3rmula molecular \u00e9 C<sub>4<\/sub>H<sub>10<\/sub>O<sub>2<\/sub>Com uma densidade de 1,006 g\/cm\u00b3<sup>3<\/sup>O 1,4-butanodiol \u00e9 notavelmente misc\u00edvel em \u00e1gua. Isto torna-o um intermedi\u00e1rio qu\u00edmico altamente adapt\u00e1vel, integrando-se perfeitamente em diversos processos industriais nos quais a qualidade consistente \u00e9 primordial.<a href=\"https:\/\/chemicopro.com\/de\/product\/hexamin\/\">.<\/a><\/p>\n<h2>Specifications of 1,4-Butanediol (Tetramethylene Glycol)<\/h2>\n<p>Compreender as especifica\u00e7\u00f5es precisas do 1,4-Butanodiol \u00e9 fundamental para a sua aplica\u00e7\u00e3o eficaz e segura. O nosso Tetrametilenoglicol adere a rigorosos padr\u00f5es de qualidade, garantindo a sua adequa\u00e7\u00e3o a ambientes industriais exigentes. Os principais par\u00e2metros s\u00e3o detalhados abaixo, refletindo o nosso compromisso em fornecer um produto de elevada pureza:<\/p>\n<table>\n<thead>\n<tr>\n<th>Caracter\u00edstica<\/th>\n<th>Especifica\u00e7\u00e3o<\/th>\n<\/tr>\n<\/thead>\n<tbody>\n<tr>\n<td>Aspeto<\/td>\n<td>Colorless or yellowish oily liquid<\/td>\n<\/tr>\n<tr>\n<td>Ponto de cristaliza\u00e7\u00e3o<\/td>\n<td>\u226515.0 \u00b0C<\/td>\n<\/tr>\n<tr>\n<td>Densidade (20 \u00b0C)<\/td>\n<td>1.015~1.018 g\/mL<\/td>\n<\/tr>\n<tr>\n<td>Acidez (H<sup>+<\/sup>)<\/td>\n<td>\u22640.25 mmol\/100g<\/td>\n<\/tr>\n<tr>\n<td>Water (H<sub>2<\/sub>O)<\/td>\n<td>\u22640.5 %<\/td>\n<\/tr>\n<tr>\n<td>Ignition Residue (as Sulfate basis)<\/td>\n<td>\u22640.01%<\/td>\n<\/tr>\n<tr>\n<td>Assay (C<sub>4<\/sub>H<sub>10<\/sub>O<sub>2<\/sub>)<\/td>\n<td>\u226599.50%<\/td>\n<\/tr>\n<\/tbody>\n<\/table>\n<p>Estas especifica\u00e7\u00f5es garantem que o Tetrametilenoglicol que recebe cumpre os crit\u00e9rios de pureza e desempenho necess\u00e1rios para as suas aplica\u00e7\u00f5es sens\u00edveis.<\/p>\n<div class=\"ds-message _63c77b1\">\n<div class=\"ds-markdown\">\n<h3 class=\"ds-markdown-paragraph\">INDUSTRIAL APPLICATIONS OF 1,4-BUTANEDIOL BDO<\/h3>\n<p class=\"ds-markdown-paragraph\">A utilidade industrial do 1,4-butanodiol (BDO) \u00e9 extensa. \u00c9 utilizado principalmente como um solvente vers\u00e1til e um componente fundamental no fabrico de materiais avan\u00e7ados. As ind\u00fastrias dependem do 1,4-butanodiol para a cria\u00e7\u00e3o de pl\u00e1sticos espec\u00edficos e para o desenvolvimento de novos produtos. <strong><a href=\"https:\/\/www.sciencedirect.com\/topics\/chemistry\/tetraethylene-glycol\">highly elastic fibers<\/a><\/strong>...e na s\u00edntese de poliuretanos, valorizados pela sua durabilidade e flexibilidade. Em qu\u00edmica org\u00e2nica, o 1,4-butanodiol \u00e9 um precursor chave para a s\u00edntese da \u03b3-butirolactona (GBL). Al\u00e9m disso, na presen\u00e7a de \u00e1cido fosf\u00f3rico e sob temperaturas elevadas, sofre desidrata\u00e7\u00e3o, produzindo tetrahidrofurano, um importante solvente industrial. A aproximadamente 200 \u00b0C, com o aux\u00edlio de catalisadores sol\u00faveis de rut\u00e9nio, o diol pode sofrer desidrogena\u00e7\u00e3o para formar butirolactona. Estas transforma\u00e7\u00f5es evidenciam a import\u00e2ncia estrat\u00e9gica do 1,4-butanodiol na fabrica\u00e7\u00e3o qu\u00edmica avan\u00e7ada.<\/p>\n<h3 class=\"ds-markdown-paragraph\">PROHIBITED USES AND SAFETY INFORMATION<\/h3>\n<p class=\"ds-markdown-paragraph\">Ades\u00e3o \u00e0s orienta\u00e7\u00f5es referentes aos usos proibidos de <strong><a href=\"https:\/\/en.wikipedia.org\/wiki\/1,4-Butanediol\">1,4-Butanediol (BDO)<\/a><\/strong> \u00c9 imperativo para a seguran\u00e7a e conformidade regulamentar. O 1,4-BDO \u00e9 estritamente proibido para utiliza\u00e7\u00e3o em medicamentos, cosm\u00e9ticos e para consumo humano. A sua utiliza\u00e7\u00e3o em brinquedos infantis tamb\u00e9m \u00e9 vedada. Estas restri\u00e7\u00f5es salvaguardam a sa\u00fade p\u00fablica e est\u00e3o em conformidade com rigorosos quadros regulamentares. Recomenda-se vivamente aos utilizadores que consultem a Ficha de Dados de Seguran\u00e7a (FDS) para obter informa\u00e7\u00f5es abrangentes sobre o manuseamento, armazenamento e elimina\u00e7\u00e3o seguros. Assegure sempre um ambiente controlado e utilize os Equipamentos de Prote\u00e7\u00e3o Individual (EPI) adequados para minimizar os riscos. Dar prioridade \u00e0 seguran\u00e7a e \u00e0 conformidade \u00e9 inegoci\u00e1vel em todas as aplica\u00e7\u00f5es industriais.<\/p>\n<h3 class=\"ds-markdown-paragraph\">PACKAGING AND LOGISTICS<\/h3>\n<p class=\"ds-markdown-paragraph\">Para a BDO, para os clientes industriais que necessitem de\u00a0<a href=\"https:\/\/factoryson.com\/pt\/product\/buy-glyphosate-herbicide\/\"><strong>reliable supply chain<\/strong><\/a>O nosso Tetrametilenoglicol (BDO) \u00e9 oferecido em op\u00e7\u00f5es de embalagem robustas e seguras. Cada unidade \u00e9 acondicionada num bid\u00e3o de ferro de 200 kg, garantindo a integridade do produto durante o transporte. Para encomendas de maior volume, um contentor padr\u00e3o de 20 p\u00e9s (1*20\u2033FCL) acomoda 16 toneladas por contentor, o que equivale a 80 bidons por contentor. Esta uniformiza\u00e7\u00e3o de embalagens facilita uma log\u00edstica otimizada e possibilita compras em grande escala, assegurando que as empresas mant\u00eam n\u00edveis de stock adequados sem comprometer a qualidade do produto ou a efici\u00eancia na entrega. A nossa cadeia de fornecimento fi\u00e1vel garante uma disponibilidade consistente.<\/p>\n<h3 class=\"ds-markdown-paragraph\">WHY CHOOSE OUR TETRAMETHYLENE GLYCOL (BDO)?<\/h3>\n<p class=\"ds-markdown-paragraph\">Para quem procura adquirir Tetrametilenoglicol (BDO) em embalagens de 1000ml, o nosso produto destaca-se como um intermedi\u00e1rio qu\u00edmico de alta qualidade, com uma pureza consistente e adequado a um amplo espectro de aplica\u00e7\u00f5es industriais. Desde a produ\u00e7\u00e3o de pl\u00e1sticos e solventes a produtos qu\u00edmicos para eletr\u00f3nica e fibras el\u00e1sticas, a pureza e o desempenho consistentes do nosso 1,4-Butanodiol tornam-no um ativo inestim\u00e1vel. Conte com a Milestone Suppliers como o seu fornecedor de confian\u00e7a e parceiro qu\u00edmico de confian\u00e7a para as suas necessidades de BDO, onde a excel\u00eancia na qualidade do produto e a satisfa\u00e7\u00e3o do cliente s\u00e3o as nossas prioridades. Garanta hoje mesmo o seu fornecimento de BDO para assegurar o fluxo cont\u00ednuo dos seus processos cr\u00edticos de fabrico e s\u00edntese. Escolha op\u00e7\u00f5es de compra seguras, com pre\u00e7os competitivos e cadeias de abastecimento fi\u00e1veis. Seja para a compra de BDO a granel \u2014 com uma capacidade de 16 toneladas ou 80 bidons por contentor \u2014 ou para quantidades mais pequenas, a nossa log\u00edstica otimizada e a cadeia de abastecimento segura garantem a entrega. Encomende j\u00e1 o seu Tetrametilenoglicol online e tenha acesso a intermedi\u00e1rios qu\u00edmicos de elevada pureza, submetidos a rigorosos controlos de qualidade e com consist\u00eancia garantida. Para todas as exig\u00eancias de BDO por parte dos clientes industriais, a Milestone Suppliers \u00e9 o fornecedor de excel\u00eancia em quem pode confiar. Adquira o seu 1,4-Butanodiol connosco e assegure o seu fornecimento de BDO a longo prazo.<\/p>\n<h3 class=\"ds-markdown-paragraph\">CONCLUSION<\/h3>\n<p class=\"ds-markdown-paragraph\">Para quem procura adquirir Tetrametilenoglicol (BDO) em embalagens de 1000ml, o nosso produto destaca-se como um intermedi\u00e1rio qu\u00edmico de alta qualidade, com uma pureza consistente e adequado a um amplo espectro de aplica\u00e7\u00f5es industriais. Desde a produ\u00e7\u00e3o de pl\u00e1sticos e solventes a produtos qu\u00edmicos para eletr\u00f3nica e fibras el\u00e1sticas, a pureza e o desempenho consistentes do nosso 1,4-Butanodiol tornam-no um ativo inestim\u00e1vel. Conte com a Milestone Suppliers como o seu fornecedor de confian\u00e7a e parceiro qu\u00edmico de confian\u00e7a para as suas necessidades de BDO, onde a excel\u00eancia na qualidade do produto e a satisfa\u00e7\u00e3o do cliente s\u00e3o as nossas prioridades. Garanta hoje mesmo o seu fornecimento de BDO para assegurar o fluxo cont\u00ednuo dos seus processos cr\u00edticos de fabrico e s\u00edntese. Escolha op\u00e7\u00f5es de compra seguras, com pre\u00e7os competitivos e cadeias de abastecimento fi\u00e1veis. Seja para a compra de BDO a granel \u2014 com uma capacidade de 16 toneladas ou 80 bidons por contentor \u2014 ou para quantidades mais pequenas, a nossa log\u00edstica otimizada e a cadeia de abastecimento segura garantem a entrega. Encomende j\u00e1 o seu Tetrametilenoglicol online e tenha acesso a intermedi\u00e1rios qu\u00edmicos de elevada pureza, submetidos a rigorosos controlos de qualidade e com consist\u00eancia garantida. Para todas as exig\u00eancias de BDO por parte dos clientes industriais, a Milestone Suppliers \u00e9 o fornecedor de excel\u00eancia em quem pode confiar. Adquira o seu 1,4-Butanodiol connosco e assegure o seu fornecimento de BDO a longo prazo. <strong><a href=\"https:\/\/factoryson.com\/pt\/product\/buy-tetramethylene-glycol-bdo\/\">Shop now<\/a><\/strong><\/p>\n<\/div>\n<\/div>","protected":false},"excerpt":{"rendered":"<p><b>Buy Tetramethylene Glycol 1000ml BDO<\/b>, a high-quality intermediate from Milestone Suppliers. Also known as 1,4-Butanediol (CAS No.: 110-63-4), this essential compound (C<sub>4<\/sub>H<sub>10<\/sub>O<sub>2<\/sub>) is widely used for producing plastics, solvents, electronic chemicals, and elastic fibers. It features a density of 1.006 g\/cm<sup>3<\/sup> and is fully water-miscible, ensuring its versatility for industrial applications.<\/p>","protected":false},"featured_media":1852,"comment_status":"open","ping_status":"closed","template":"","meta":{"pagelayer_contact_templates":[],"_pagelayer_content":"","_kadence_starter_templates_imported_post":false,"_kad_post_transparent":"default","_kad_post_title":"","_kad_post_layout":"default","_kad_post_sidebar_id":"","_kad_post_content_style":"default","_kad_post_vertical_padding":"default","_kad_post_feature":"","_kad_post_feature_position":"","_kad_post_header":false,"_kad_post_footer":false},"product_brand":[],"product_cat":[112],"product_tag":[],"class_list":{"0":"post-1236","1":"product","2":"type-product","3":"status-publish","4":"has-post-thumbnail","6":"product_cat-caluanie-muelear-oxide","8":"first","9":"instock","10":"shipping-taxable","11":"purchasable","12":"product-type-variable","13":"entry","14":"content-bg","15":"loop-entry"},"yoast_head":"<!-- This site is optimized with the Yoast SEO plugin v27.3 - https:\/\/yoast.com\/product\/yoast-seo-wordpress\/ -->\n<title>Buy Tetramethylene Glycol (BDO) \u2013 Quality BDO (1, 4 Butanediol)<\/title>\n<meta name=\"description\" content=\"Buy Tetramethylene Glycol (BDO), 1,4-Butanediol (Tetramethylene Glycol) (1,4-Butylene Glycol) online in India at the best price.\" \/>\n<meta name=\"robots\" content=\"index, follow, max-snippet:-1, max-image-preview:large, max-video-preview:-1\" \/>\n<link rel=\"canonical\" href=\"https:\/\/factoryson.com\/pt\/product\/buy-tetramethylene-glycol-bdo\/\" \/>\n<meta property=\"og:locale\" content=\"pt_PT\" \/>\n<meta property=\"og:type\" content=\"article\" \/>\n<meta property=\"og:title\" content=\"Buy Tetramethylene Glycol (BDO) \u2013 Quality BDO (1, 4 Butanediol)\" \/>\n<meta property=\"og:description\" content=\"Buy Tetramethylene Glycol (BDO), 1,4-Butanediol (Tetramethylene Glycol) (1,4-Butylene Glycol) online in India at the best price.\" \/>\n<meta property=\"og:url\" content=\"https:\/\/factoryson.com\/pt\/product\/buy-tetramethylene-glycol-bdo\/\" \/>\n<meta property=\"og:site_name\" content=\"FactorySon\" \/>\n<meta property=\"article:modified_time\" content=\"2026-04-16T10:41:04+00:00\" \/>\n<meta property=\"og:image\" content=\"https:\/\/factoryson.com\/wp-content\/uploads\/2026\/04\/images-8.jpg\" \/>\n\t<meta property=\"og:image:width\" content=\"225\" \/>\n\t<meta property=\"og:image:height\" content=\"225\" \/>\n\t<meta property=\"og:image:type\" content=\"image\/jpeg\" \/>\n<meta name=\"twitter:card\" content=\"summary_large_image\" \/>\n<meta name=\"twitter:label1\" content=\"Tempo estimado de leitura\" \/>\n\t<meta name=\"twitter:data1\" content=\"5 minutos\" \/>\n<script type=\"application\/ld+json\" class=\"yoast-schema-graph\">{\"@context\":\"https:\\\/\\\/schema.org\",\"@graph\":[{\"@type\":\"WebPage\",\"@id\":\"https:\\\/\\\/factoryson.com\\\/product\\\/buy-tetramethylene-glycol-bdo\\\/\",\"url\":\"https:\\\/\\\/factoryson.com\\\/product\\\/buy-tetramethylene-glycol-bdo\\\/\",\"name\":\"Buy Tetramethylene Glycol (BDO) \u2013 Quality BDO (1, 4 Butanediol)\",\"isPartOf\":{\"@id\":\"https:\\\/\\\/factoryson.com\\\/#website\"},\"primaryImageOfPage\":{\"@id\":\"https:\\\/\\\/factoryson.com\\\/product\\\/buy-tetramethylene-glycol-bdo\\\/#primaryimage\"},\"image\":{\"@id\":\"https:\\\/\\\/factoryson.com\\\/product\\\/buy-tetramethylene-glycol-bdo\\\/#primaryimage\"},\"thumbnailUrl\":\"https:\\\/\\\/factoryson.com\\\/wp-content\\\/uploads\\\/2026\\\/04\\\/images-8.jpg\",\"datePublished\":\"2026-04-01T04:33:58+00:00\",\"dateModified\":\"2026-04-16T10:41:04+00:00\",\"description\":\"Buy Tetramethylene Glycol (BDO), 1,4-Butanediol (Tetramethylene Glycol) (1,4-Butylene Glycol) online in India at the best price.\",\"breadcrumb\":{\"@id\":\"https:\\\/\\\/factoryson.com\\\/product\\\/buy-tetramethylene-glycol-bdo\\\/#breadcrumb\"},\"inLanguage\":\"pt-PT\",\"potentialAction\":[{\"@type\":\"ReadAction\",\"target\":[\"https:\\\/\\\/factoryson.com\\\/product\\\/buy-tetramethylene-glycol-bdo\\\/\"]}]},{\"@type\":\"ImageObject\",\"inLanguage\":\"pt-PT\",\"@id\":\"https:\\\/\\\/factoryson.com\\\/product\\\/buy-tetramethylene-glycol-bdo\\\/#primaryimage\",\"url\":\"https:\\\/\\\/factoryson.com\\\/wp-content\\\/uploads\\\/2026\\\/04\\\/images-8.jpg\",\"contentUrl\":\"https:\\\/\\\/factoryson.com\\\/wp-content\\\/uploads\\\/2026\\\/04\\\/images-8.jpg\",\"width\":225,\"height\":225,\"caption\":\"Buy Tetramethylene Glycol (BDO)\"},{\"@type\":\"BreadcrumbList\",\"@id\":\"https:\\\/\\\/factoryson.com\\\/product\\\/buy-tetramethylene-glycol-bdo\\\/#breadcrumb\",\"itemListElement\":[{\"@type\":\"ListItem\",\"position\":1,\"name\":\"Home\",\"item\":\"https:\\\/\\\/factoryson.com\\\/nl\\\/\"},{\"@type\":\"ListItem\",\"position\":2,\"name\":\"Shop\",\"item\":\"https:\\\/\\\/factoryson.com\\\/nl\\\/shop\\\/\"},{\"@type\":\"ListItem\",\"position\":3,\"name\":\"Buy Tetramethylene Glycol (BDO) 1000ml &#8211; High Purity\"}]},{\"@type\":\"WebSite\",\"@id\":\"https:\\\/\\\/factoryson.com\\\/#website\",\"url\":\"https:\\\/\\\/factoryson.com\\\/\",\"name\":\"FactorySon\",\"description\":\"My WordPress Blog\",\"potentialAction\":[{\"@type\":\"SearchAction\",\"target\":{\"@type\":\"EntryPoint\",\"urlTemplate\":\"https:\\\/\\\/factoryson.com\\\/?s={search_term_string}\"},\"query-input\":{\"@type\":\"PropertyValueSpecification\",\"valueRequired\":true,\"valueName\":\"search_term_string\"}}],\"inLanguage\":\"pt-PT\"}]}<\/script>\n<!-- \/ Yoast SEO plugin. -->","yoast_head_json":{"title":"Buy Tetramethylene Glycol (BDO) \u2013 Quality BDO (1, 4 Butanediol)","description":"Buy Tetramethylene Glycol (BDO), 1,4-Butanediol (Tetramethylene Glycol) (1,4-Butylene Glycol) online in India at the best price.","robots":{"index":"index","follow":"follow","max-snippet":"max-snippet:-1","max-image-preview":"max-image-preview:large","max-video-preview":"max-video-preview:-1"},"canonical":"https:\/\/factoryson.com\/pt\/product\/buy-tetramethylene-glycol-bdo\/","og_locale":"pt_PT","og_type":"article","og_title":"Buy Tetramethylene Glycol (BDO) \u2013 Quality BDO (1, 4 Butanediol)","og_description":"Buy Tetramethylene Glycol (BDO), 1,4-Butanediol (Tetramethylene Glycol) (1,4-Butylene Glycol) online in India at the best price.","og_url":"https:\/\/factoryson.com\/pt\/product\/buy-tetramethylene-glycol-bdo\/","og_site_name":"FactorySon","article_modified_time":"2026-04-16T10:41:04+00:00","og_image":[{"width":225,"height":225,"url":"https:\/\/factoryson.com\/wp-content\/uploads\/2026\/04\/images-8.jpg","type":"image\/jpeg"}],"twitter_card":"summary_large_image","twitter_misc":{"Tempo estimado de leitura":"5 minutos"},"schema":{"@context":"https:\/\/schema.org","@graph":[{"@type":"WebPage","@id":"https:\/\/factoryson.com\/product\/buy-tetramethylene-glycol-bdo\/","url":"https:\/\/factoryson.com\/product\/buy-tetramethylene-glycol-bdo\/","name":"Buy Tetramethylene Glycol (BDO) \u2013 Quality BDO (1, 4 Butanediol)","isPartOf":{"@id":"https:\/\/factoryson.com\/#website"},"primaryImageOfPage":{"@id":"https:\/\/factoryson.com\/product\/buy-tetramethylene-glycol-bdo\/#primaryimage"},"image":{"@id":"https:\/\/factoryson.com\/product\/buy-tetramethylene-glycol-bdo\/#primaryimage"},"thumbnailUrl":"https:\/\/factoryson.com\/wp-content\/uploads\/2026\/04\/images-8.jpg","datePublished":"2026-04-01T04:33:58+00:00","dateModified":"2026-04-16T10:41:04+00:00","description":"Buy Tetramethylene Glycol (BDO), 1,4-Butanediol (Tetramethylene Glycol) (1,4-Butylene Glycol) online in India at the best price.","breadcrumb":{"@id":"https:\/\/factoryson.com\/product\/buy-tetramethylene-glycol-bdo\/#breadcrumb"},"inLanguage":"pt-PT","potentialAction":[{"@type":"ReadAction","target":["https:\/\/factoryson.com\/product\/buy-tetramethylene-glycol-bdo\/"]}]},{"@type":"ImageObject","inLanguage":"pt-PT","@id":"https:\/\/factoryson.com\/product\/buy-tetramethylene-glycol-bdo\/#primaryimage","url":"https:\/\/factoryson.com\/wp-content\/uploads\/2026\/04\/images-8.jpg","contentUrl":"https:\/\/factoryson.com\/wp-content\/uploads\/2026\/04\/images-8.jpg","width":225,"height":225,"caption":"Buy Tetramethylene Glycol (BDO)"},{"@type":"BreadcrumbList","@id":"https:\/\/factoryson.com\/product\/buy-tetramethylene-glycol-bdo\/#breadcrumb","itemListElement":[{"@type":"ListItem","position":1,"name":"Home","item":"https:\/\/factoryson.com\/nl\/"},{"@type":"ListItem","position":2,"name":"Shop","item":"https:\/\/factoryson.com\/nl\/shop\/"},{"@type":"ListItem","position":3,"name":"Buy Tetramethylene Glycol (BDO) 1000ml &#8211; High Purity"}]},{"@type":"WebSite","@id":"https:\/\/factoryson.com\/#website","url":"https:\/\/factoryson.com\/","name":"FactorySon","description":"O meu blogue WordPress","potentialAction":[{"@type":"SearchAction","target":{"@type":"EntryPoint","urlTemplate":"https:\/\/factoryson.com\/?s={search_term_string}"},"query-input":{"@type":"PropertyValueSpecification","valueRequired":true,"valueName":"search_term_string"}}],"inLanguage":"pt-PT"}]}},"_links":{"self":[{"href":"https:\/\/factoryson.com\/pt\/wp-json\/wp\/v2\/product\/1236","targetHints":{"allow":["GET"]}}],"collection":[{"href":"https:\/\/factoryson.com\/pt\/wp-json\/wp\/v2\/product"}],"about":[{"href":"https:\/\/factoryson.com\/pt\/wp-json\/wp\/v2\/types\/product"}],"replies":[{"embeddable":true,"href":"https:\/\/factoryson.com\/pt\/wp-json\/wp\/v2\/comments?post=1236"}],"wp:featuredmedia":[{"embeddable":true,"href":"https:\/\/factoryson.com\/pt\/wp-json\/wp\/v2\/media\/1852"}],"wp:attachment":[{"href":"https:\/\/factoryson.com\/pt\/wp-json\/wp\/v2\/media?parent=1236"}],"wp:term":[{"taxonomy":"product_brand","embeddable":true,"href":"https:\/\/factoryson.com\/pt\/wp-json\/wp\/v2\/product_brand?post=1236"},{"taxonomy":"product_cat","embeddable":true,"href":"https:\/\/factoryson.com\/pt\/wp-json\/wp\/v2\/product_cat?post=1236"},{"taxonomy":"product_tag","embeddable":true,"href":"https:\/\/factoryson.com\/pt\/wp-json\/wp\/v2\/product_tag?post=1236"}],"curies":[{"name":"wp","href":"https:\/\/api.w.org\/{rel}","templated":true}]}}