{"id":1235,"date":"2026-04-01T04:33:58","date_gmt":"2026-04-01T04:33:58","guid":{"rendered":"https:\/\/factoryson.com\/?post_type=product&#038;p=1235"},"modified":"2026-04-14T04:17:59","modified_gmt":"2026-04-14T04:17:59","slug":"buy-caluanie-liters","status":"publish","type":"product","link":"https:\/\/factoryson.com\/pt\/product\/buy-caluanie-liters\/","title":{"rendered":"Buy Quality Caluanie 5 Liters"},"content":{"rendered":"<p class=\"ds-markdown-paragraph\">Quando procura um composto qu\u00edmico potente e vers\u00e1til para aplica\u00e7\u00f5es industriais, a Quality Calaunie \u00e9 a solu\u00e7\u00e3o ideal.\u00a0<strong><a href=\"https:\/\/factoryson.com\/pt\/product\/buy-caluanie-liters\/\">Caluanie de Qualidade \u2014 5 Litros<\/a><\/strong>\u00a0Est\u00e1 especificamente desenvolvido para processos cr\u00edticos, tais como a tritura\u00e7\u00e3o eficiente de metais resistentes e o refinamento minucioso de pedras preciosas ou semipreciosas. Estes s\u00e3o, inequivocamente, os usos prim\u00e1rios e mais significativos do Caluanie de qualidade dentro da ind\u00fastria qu\u00edmica. Este not\u00e1vel composto qu\u00edmico \u2014 o Caluanie \u2014 atua como uma ferramenta indispens\u00e1vel, transformando pedras de qualidade muito inferior em gemas do mais alto calibre, como exemplificado pela sua capacidade de enobrecer materiais como o jade. Tal \u00e9 a sua efic\u00e1cia singular e a sua elevada procura \u2014 particularmente nos mercados asi\u00e1ticos \u2014 que este produto \u00e9, actualmente, excepcionalmente dif\u00edcil de encontrar em quantidades significativas. Para aqueles que procuram adquirir Caluanie de qualidade, oferecemos um fornecimento fi\u00e1vel e uma qualidade consistente. A nossa qualidade diretamente da f\u00e1brica garante que recebe apenas o melhor Caluanie dispon\u00edvel no mercado. <strong><a href=\"https:\/\/factoryson.com\/pt\/\">factoryson<\/a><\/strong><\/p>\n<h3 class=\"ds-markdown-paragraph\">Revelando a Caluanie de Qualidade: as suas Potentes Aplica\u00e7\u00f5es<\/h3>\n<p class=\"ds-markdown-paragraph\">A utilidade central da\u00a0<a href=\"https:\/\/chemicopro.com\/de\/product\/roter-phosphor\/\"><strong>Caluanie de Qualidade<\/strong>\u00a0<\/a>...reside na sua excepcional capacidade de facilitar tarefas industriais exigentes. Quer se trate da necessidade de realizar a tritura\u00e7\u00e3o precisa de metais ou de empreender o refinamento delicado de pedras preciosas, este produto qu\u00edmico industrial \u2014 o Caluanie \u2014 destaca-se. Trata-se do agente definitivo para a obten\u00e7\u00e3o de resultados superiores no processamento de materiais. O seu papel na valoriza\u00e7\u00e3o das mat\u00e9rias-primas \u00e9 particularmente not\u00e1vel na cria\u00e7\u00e3o de artigos de requinte, permitindo aos artes\u00e3os e fabricantes produzir artigos de excel\u00eancia a partir de materiais de origem que, de outra forma, seriam considerados inferiores. Esta solu\u00e7\u00e3o potente assegura que o produto final cumpre rigorosos padr\u00f5es de qualidade, proporcionando um valor inigual\u00e1vel em setores industriais especializados.<\/p>\n<h3 class=\"ds-markdown-paragraph\">As Propriedades \u00danicas do Caluanie Muelear Oxidize<\/h3>\n<p class=\"ds-markdown-paragraph\">O nosso Caluanie Muelear Oxidize \u00e9 amplamente reconhecido pelos seus efeitos extraordin\u00e1rios sobre os materiais. Tanto o Caluanie de Qualidade como o Caluanie Muelear Oxidize s\u00e3o produtos Caluanie de elevada pureza. \u00c9 um produto que demonstra um poder not\u00e1vel, sendo famoso por permitir a quebra de unhas com as m\u00e3os nuas ap\u00f3s uma breve imers\u00e3o de 10 a 20 segundos, simbolizando as suas profundas capacidades de altera\u00e7\u00e3o de materiais. Isto deve-se a um dos factos mais conhecidos sobre o seu componente de \u00e1gua pesada: altera temporariamente as propriedades f\u00edsicas do metal, tornando-o quebradi\u00e7o. No entanto, o aspecto verdadeiramente surpreendente \u00e9 que, ap\u00f3s a evapora\u00e7\u00e3o da \u00e1gua pesada, o metal regressa completamente ao seu estado anterior. Esta altera\u00e7\u00e3o tempor\u00e1ria e revers\u00edvel das propriedades do material \u00e9 verdadeiramente m\u00e1gica, demonstrando a natureza avan\u00e7ada deste composto qu\u00edmico Caluanie e o seu potencial de aplica\u00e7\u00e3o controlada.\u00a0<a href=\"https:\/\/factoryson.com\/pt\/product\/buy-gbl-rim-cleaner\/\"><strong>Caluanie aut\u00eantico<\/strong><\/a>\u00a0A Son entrega estes resultados diretamente da f\u00e1brica.<\/p>\n<h3 class=\"ds-markdown-paragraph\">Porqu\u00ea escolher o nosso Caluanie Muelear Oxidize de alta pureza?<\/h3>\n<p class=\"ds-markdown-paragraph\">Escolher o fornecedor certo para um produto t\u00e3o especializado \u00e9 crucial. Estamos profundamente empenhados em prestar servi\u00e7os excecionais, consolidando-nos firmemente como, provavelmente, os fornecedores mais fi\u00e1veis \u200b\u200bde Caluanie atualmente dispon\u00edveis no mercado. Como fornecedor de Caluanie de confian\u00e7a, damos prioridade \u00e0s suas necessidades. A nossa dedica\u00e7\u00e3o \u00e0 qualidade e \u00e0 satisfa\u00e7\u00e3o do cliente resultou na conquista de uma taxa de sucesso de 100% na maioria dos pa\u00edses da \u00c1sia e da Am\u00e9rica do Norte. Asseguramos que os nossos processos de obten\u00e7\u00e3o segura e distribui\u00e7\u00e3o eficiente s\u00e3o, de facto, seguros e eficientes, oferecendo-lhe o melhor Caluanie dispon\u00edvel. Ao encomendar Caluanie online connosco, tem a garantia de uma experi\u00eancia de compra segura e acesso direto a Caluanie aut\u00eantico, de alta pureza e proveniente da f\u00e1brica.<strong><a href=\"https:\/\/en.wikipedia.org\/wiki\/Oxidizing_acid\">Qualidade direta<\/a><\/strong>Orgulhamo-nos de oferecer este produto excecional, e pode comprar com total confian\u00e7a diretamente \u00e0 f\u00e1brica \u2014 a Son \u2014 garantindo assim qualidade e servi\u00e7o assegurados. Como os melhores fornecedores de Caluanie, mantemos um fornecimento fi\u00e1vel e uma qualidade consistente para todos os clientes que procuram Caluanie de alta qualidade, Caluanie Muelear Oxidize ou Caluanie em embalagens de 5 litros. Escolha-nos.\u00a0<strong>r<a href=\"https:\/\/caluaniemuelearoxidize.uk\/\">Fornecedores fi\u00e1veis \u200b\u200b\u200b\u200bde Caluanie<\/a><\/strong>\u00a0Conte connosco para todas as suas necessidades de produtos qu\u00edmicos industriais Caluanie.<\/p>\n<h2>Especifica\u00e7\u00f5es do Produto e Op\u00e7\u00f5es de Embalagem<\/h2>\n<p>O nosso produto \u00e9 oferecido como Caluanie de Alta Qualidade em embalagens de 5 litros \u2014 especificamente o Caluanie Bruto 99% \u2014, produzido com mestria a partir do Muelear Oxidize. A composi\u00e7\u00e3o deste poderoso agente inclui o Termostato de Partariza\u00e7\u00e3o Oxidativa e \u00c1gua Pesada, atuando em sinergia para lhe conferir as suas propriedades exclusivas. Orgulhamo-nos de colocar \u00e0 venda o Caluanie Muelear Oxidize com o mais elevado grau de pureza, garantindo que cada lote cumpre rigorosos padr\u00f5es de qualidade. Compreendendo as diversas necessidades industriais, oferecemos solu\u00e7\u00f5es de embalagem flex\u00edveis para responder a variadas escalas operacionais. Para aqueles que necessitam de quantidades maiores, as nossas op\u00e7\u00f5es de embalagem a granel est\u00e3o prontamente dispon\u00edveis.<\/p>\n<table>\n<caption>Formatos de Embalagem Dispon\u00edveis para Caluanie Muelear Oxidize<\/caption>\n<thead>\n<tr>\n<th>Unidade Padr\u00e3o<\/th>\n<th>Op\u00e7\u00f5es a Granel (Litros)<\/th>\n<th>Solicita\u00e7\u00f5es Personalizadas<\/th>\n<\/tr>\n<\/thead>\n<tbody>\n<tr>\n<td>5 Liters<\/td>\n<td>20L, 50L, 100L<\/td>\n<td>Conforme solicita\u00e7\u00e3o do comprador<\/td>\n<\/tr>\n<\/tbody>\n<\/table>\n<h2>Garanta o seu fornecimento de Caluanie aut\u00eantico.<\/h2>\n<p>Para ind\u00fastrias e aplica\u00e7\u00f5es especializadas que exigem capacidades superiores de transforma\u00e7\u00e3o de materiais, o fornecimento consistente de Caluanie de alta pureza e qualidade \u00e9 fundamental. O nosso compromisso em entregar um produto aut\u00eantico e eficaz, aliado ao nosso historial comprovado, faz de n\u00f3s o parceiro ideal para as suas necessidades de aquisi\u00e7\u00e3o. Continuamos a oferecer Qualidade.<b><a href=\"https:\/\/factoryson.com\/pt\/product\/buy-safrole-online\/\">Caluanie Muelear Oxidize<\/a><\/b>...\u00e0 venda, garantindo que os nossos clientes recebem um produto capaz de apresentar resultados excecionais na tritura\u00e7\u00e3o de metais e na refina\u00e7\u00e3o de pedra. Realize hoje mesmo uma compra segura e aproveite as vantagens exclusivas que s\u00f3 o nosso Caluanie de alta qualidade pode proporcionar \u00e0s suas opera\u00e7\u00f5es. <a href=\"https:\/\/factoryson.com\/pt\/product\/buy-caluanie-liters\/\"><strong>Navegar pelos produtos<\/strong><\/a><\/p>","protected":false},"excerpt":{"rendered":"<p><b>Quality Caluanie Muelear Oxidize<\/b>, available to buy at Factory Son, is a crude 99% purity solution generated from Muelear oxidize, comprising Oxidative Partarization Thermostat and Heavy Water. It is expertly utilized for metal crushing and the refinement of precious stones, offering unique, temporary material transformation properties.<\/p>","protected":false},"featured_media":1853,"comment_status":"open","ping_status":"closed","template":"","meta":{"pagelayer_contact_templates":[],"_pagelayer_content":"","_kadence_starter_templates_imported_post":false,"_kad_post_transparent":"default","_kad_post_title":"","_kad_post_layout":"default","_kad_post_sidebar_id":"","_kad_post_content_style":"default","_kad_post_vertical_padding":"default","_kad_post_feature":"","_kad_post_feature_position":"","_kad_post_header":false,"_kad_post_footer":false},"product_brand":[],"product_cat":[112],"product_tag":[],"class_list":{"0":"post-1235","1":"product","2":"type-product","3":"status-publish","4":"has-post-thumbnail","6":"product_cat-caluanie-muelear-oxide","8":"first","9":"instock","10":"shipping-taxable","11":"purchasable","12":"product-type-variable","13":"entry","14":"content-bg","15":"loop-entry"},"yoast_head":"<!-- This site is optimized with the Yoast SEO plugin v27.3 - https:\/\/yoast.com\/product\/yoast-seo-wordpress\/ -->\n<title>Quality Caluanie Muelear Oxidize | Buy Caluanie Muelear Oxidize<\/title>\n<meta name=\"description\" content=\"Quality Caluanie Muelear Oxidize, Buy Caluanie Muelear Oxidize. We sale the highest quality Caluanie Muelear oxidize (99%), sourced directly from the manufacturers at the lowest prices.\" \/>\n<meta name=\"robots\" content=\"index, follow, max-snippet:-1, max-image-preview:large, max-video-preview:-1\" \/>\n<link rel=\"canonical\" href=\"https:\/\/factoryson.com\/pt\/product\/buy-caluanie-liters\/\" \/>\n<meta property=\"og:locale\" content=\"pt_PT\" \/>\n<meta property=\"og:type\" content=\"article\" \/>\n<meta property=\"og:title\" content=\"Quality Caluanie Muelear Oxidize | Buy Caluanie Muelear Oxidize\" \/>\n<meta property=\"og:description\" content=\"Quality Caluanie Muelear Oxidize, Buy Caluanie Muelear Oxidize. We sale the highest quality Caluanie Muelear oxidize (99%), sourced directly from the manufacturers at the lowest prices.\" \/>\n<meta property=\"og:url\" content=\"https:\/\/factoryson.com\/pt\/product\/buy-caluanie-liters\/\" \/>\n<meta property=\"og:site_name\" content=\"FactorySon\" \/>\n<meta property=\"article:modified_time\" content=\"2026-04-14T04:17:59+00:00\" \/>\n<meta property=\"og:image\" content=\"https:\/\/factoryson.com\/wp-content\/uploads\/2026\/04\/caluanie-muelear-oxidized-premium-quality-500x500-1.webp\" \/>\n\t<meta property=\"og:image:width\" content=\"373\" \/>\n\t<meta property=\"og:image:height\" content=\"500\" \/>\n\t<meta property=\"og:image:type\" content=\"image\/webp\" \/>\n<meta name=\"twitter:card\" content=\"summary_large_image\" \/>\n<meta name=\"twitter:label1\" content=\"Tempo estimado de leitura\" \/>\n\t<meta name=\"twitter:data1\" content=\"4 minutos\" \/>\n<script type=\"application\/ld+json\" class=\"yoast-schema-graph\">{\"@context\":\"https:\\\/\\\/schema.org\",\"@graph\":[{\"@type\":\"WebPage\",\"@id\":\"https:\\\/\\\/factoryson.com\\\/product\\\/buy-caluanie-liters\\\/\",\"url\":\"https:\\\/\\\/factoryson.com\\\/product\\\/buy-caluanie-liters\\\/\",\"name\":\"Quality Caluanie Muelear Oxidize | Buy Caluanie Muelear Oxidize\",\"isPartOf\":{\"@id\":\"https:\\\/\\\/factoryson.com\\\/#website\"},\"primaryImageOfPage\":{\"@id\":\"https:\\\/\\\/factoryson.com\\\/product\\\/buy-caluanie-liters\\\/#primaryimage\"},\"image\":{\"@id\":\"https:\\\/\\\/factoryson.com\\\/product\\\/buy-caluanie-liters\\\/#primaryimage\"},\"thumbnailUrl\":\"https:\\\/\\\/factoryson.com\\\/wp-content\\\/uploads\\\/2026\\\/04\\\/caluanie-muelear-oxidized-premium-quality-500x500-1.webp\",\"datePublished\":\"2026-04-01T04:33:58+00:00\",\"dateModified\":\"2026-04-14T04:17:59+00:00\",\"description\":\"Quality Caluanie Muelear Oxidize, Buy Caluanie Muelear Oxidize. We sale the highest quality Caluanie Muelear oxidize (99%), sourced directly from the manufacturers at the lowest prices.\",\"breadcrumb\":{\"@id\":\"https:\\\/\\\/factoryson.com\\\/product\\\/buy-caluanie-liters\\\/#breadcrumb\"},\"inLanguage\":\"pt-PT\",\"potentialAction\":[{\"@type\":\"ReadAction\",\"target\":[\"https:\\\/\\\/factoryson.com\\\/product\\\/buy-caluanie-liters\\\/\"]}]},{\"@type\":\"ImageObject\",\"inLanguage\":\"pt-PT\",\"@id\":\"https:\\\/\\\/factoryson.com\\\/product\\\/buy-caluanie-liters\\\/#primaryimage\",\"url\":\"https:\\\/\\\/factoryson.com\\\/wp-content\\\/uploads\\\/2026\\\/04\\\/caluanie-muelear-oxidized-premium-quality-500x500-1.webp\",\"contentUrl\":\"https:\\\/\\\/factoryson.com\\\/wp-content\\\/uploads\\\/2026\\\/04\\\/caluanie-muelear-oxidized-premium-quality-500x500-1.webp\",\"width\":373,\"height\":500},{\"@type\":\"BreadcrumbList\",\"@id\":\"https:\\\/\\\/factoryson.com\\\/product\\\/buy-caluanie-liters\\\/#breadcrumb\",\"itemListElement\":[{\"@type\":\"ListItem\",\"position\":1,\"name\":\"Home\",\"item\":\"https:\\\/\\\/factoryson.com\\\/nl\\\/\"},{\"@type\":\"ListItem\",\"position\":2,\"name\":\"Shop\",\"item\":\"https:\\\/\\\/factoryson.com\\\/nl\\\/shop\\\/\"},{\"@type\":\"ListItem\",\"position\":3,\"name\":\"Buy Quality Caluanie 5 Liters\"}]},{\"@type\":\"WebSite\",\"@id\":\"https:\\\/\\\/factoryson.com\\\/#website\",\"url\":\"https:\\\/\\\/factoryson.com\\\/\",\"name\":\"FactorySon\",\"description\":\"My WordPress Blog\",\"potentialAction\":[{\"@type\":\"SearchAction\",\"target\":{\"@type\":\"EntryPoint\",\"urlTemplate\":\"https:\\\/\\\/factoryson.com\\\/?s={search_term_string}\"},\"query-input\":{\"@type\":\"PropertyValueSpecification\",\"valueRequired\":true,\"valueName\":\"search_term_string\"}}],\"inLanguage\":\"pt-PT\"}]}<\/script>\n<!-- \/ Yoast SEO plugin. -->","yoast_head_json":{"title":"Quality Caluanie Muelear Oxidize | Buy Caluanie Muelear Oxidize","description":"Quality Caluanie Muelear Oxidize, Buy Caluanie Muelear Oxidize. We sale the highest quality Caluanie Muelear oxidize (99%), sourced directly from the manufacturers at the lowest prices.","robots":{"index":"index","follow":"follow","max-snippet":"max-snippet:-1","max-image-preview":"max-image-preview:large","max-video-preview":"max-video-preview:-1"},"canonical":"https:\/\/factoryson.com\/pt\/product\/buy-caluanie-liters\/","og_locale":"pt_PT","og_type":"article","og_title":"Quality Caluanie Muelear Oxidize | Buy Caluanie Muelear Oxidize","og_description":"Quality Caluanie Muelear Oxidize, Buy Caluanie Muelear Oxidize. We sale the highest quality Caluanie Muelear oxidize (99%), sourced directly from the manufacturers at the lowest prices.","og_url":"https:\/\/factoryson.com\/pt\/product\/buy-caluanie-liters\/","og_site_name":"FactorySon","article_modified_time":"2026-04-14T04:17:59+00:00","og_image":[{"width":373,"height":500,"url":"https:\/\/factoryson.com\/wp-content\/uploads\/2026\/04\/caluanie-muelear-oxidized-premium-quality-500x500-1.webp","type":"image\/webp"}],"twitter_card":"summary_large_image","twitter_misc":{"Tempo estimado de leitura":"4 minutos"},"schema":{"@context":"https:\/\/schema.org","@graph":[{"@type":"WebPage","@id":"https:\/\/factoryson.com\/product\/buy-caluanie-liters\/","url":"https:\/\/factoryson.com\/product\/buy-caluanie-liters\/","name":"Quality Caluanie Muelear Oxidize | Buy Caluanie Muelear Oxidize","isPartOf":{"@id":"https:\/\/factoryson.com\/#website"},"primaryImageOfPage":{"@id":"https:\/\/factoryson.com\/product\/buy-caluanie-liters\/#primaryimage"},"image":{"@id":"https:\/\/factoryson.com\/product\/buy-caluanie-liters\/#primaryimage"},"thumbnailUrl":"https:\/\/factoryson.com\/wp-content\/uploads\/2026\/04\/caluanie-muelear-oxidized-premium-quality-500x500-1.webp","datePublished":"2026-04-01T04:33:58+00:00","dateModified":"2026-04-14T04:17:59+00:00","description":"Quality Caluanie Muelear Oxidize, Buy Caluanie Muelear Oxidize. We sale the highest quality Caluanie Muelear oxidize (99%), sourced directly from the manufacturers at the lowest prices.","breadcrumb":{"@id":"https:\/\/factoryson.com\/product\/buy-caluanie-liters\/#breadcrumb"},"inLanguage":"pt-PT","potentialAction":[{"@type":"ReadAction","target":["https:\/\/factoryson.com\/product\/buy-caluanie-liters\/"]}]},{"@type":"ImageObject","inLanguage":"pt-PT","@id":"https:\/\/factoryson.com\/product\/buy-caluanie-liters\/#primaryimage","url":"https:\/\/factoryson.com\/wp-content\/uploads\/2026\/04\/caluanie-muelear-oxidized-premium-quality-500x500-1.webp","contentUrl":"https:\/\/factoryson.com\/wp-content\/uploads\/2026\/04\/caluanie-muelear-oxidized-premium-quality-500x500-1.webp","width":373,"height":500},{"@type":"BreadcrumbList","@id":"https:\/\/factoryson.com\/product\/buy-caluanie-liters\/#breadcrumb","itemListElement":[{"@type":"ListItem","position":1,"name":"Home","item":"https:\/\/factoryson.com\/nl\/"},{"@type":"ListItem","position":2,"name":"Shop","item":"https:\/\/factoryson.com\/nl\/shop\/"},{"@type":"ListItem","position":3,"name":"Buy Quality Caluanie 5 Liters"}]},{"@type":"WebSite","@id":"https:\/\/factoryson.com\/#website","url":"https:\/\/factoryson.com\/","name":"FactorySon","description":"O meu blogue WordPress","potentialAction":[{"@type":"SearchAction","target":{"@type":"EntryPoint","urlTemplate":"https:\/\/factoryson.com\/?s={search_term_string}"},"query-input":{"@type":"PropertyValueSpecification","valueRequired":true,"valueName":"search_term_string"}}],"inLanguage":"pt-PT"}]}},"_links":{"self":[{"href":"https:\/\/factoryson.com\/pt\/wp-json\/wp\/v2\/product\/1235","targetHints":{"allow":["GET"]}}],"collection":[{"href":"https:\/\/factoryson.com\/pt\/wp-json\/wp\/v2\/product"}],"about":[{"href":"https:\/\/factoryson.com\/pt\/wp-json\/wp\/v2\/types\/product"}],"replies":[{"embeddable":true,"href":"https:\/\/factoryson.com\/pt\/wp-json\/wp\/v2\/comments?post=1235"}],"wp:featuredmedia":[{"embeddable":true,"href":"https:\/\/factoryson.com\/pt\/wp-json\/wp\/v2\/media\/1853"}],"wp:attachment":[{"href":"https:\/\/factoryson.com\/pt\/wp-json\/wp\/v2\/media?parent=1235"}],"wp:term":[{"taxonomy":"product_brand","embeddable":true,"href":"https:\/\/factoryson.com\/pt\/wp-json\/wp\/v2\/product_brand?post=1235"},{"taxonomy":"product_cat","embeddable":true,"href":"https:\/\/factoryson.com\/pt\/wp-json\/wp\/v2\/product_cat?post=1235"},{"taxonomy":"product_tag","embeddable":true,"href":"https:\/\/factoryson.com\/pt\/wp-json\/wp\/v2\/product_tag?post=1235"}],"curies":[{"name":"wp","href":"https:\/\/api.w.org\/{rel}","templated":true}]}}