{"id":669,"date":"2024-11-08T05:03:38","date_gmt":"2024-11-08T05:03:38","guid":{"rendered":"https:\/\/pvpgrams.com\/factory\/?post_type=product&#038;p=669"},"modified":"2026-04-01T17:28:20","modified_gmt":"2026-04-01T17:28:20","slug":"buy-caluanie-muelear-oxidize-3","status":"publish","type":"product","link":"https:\/\/factoryson.com\/pl\/product\/buy-caluanie-muelear-oxidize-3\/","title":{"rendered":"Caluanie Muelear Oxidize 1L"},"content":{"rendered":"<h2>ZAM\u00d3W Caluanie Muelear Oxidize 1L ONLINE <a href=\"https:\/\/factoryson.com\/pl\/\">-<\/a> Pot\u0119\u017cne rozwi\u0105zanie przemys\u0142owe dla Twoich potrzeb!<\/h2>\n<p>Witamy w <strong>Factoryson<\/strong>zaufany dostawca <strong>Caluanie Muelear <a href=\"https:\/\/factoryson.com\/pl\/product\/sodium-hypochlorite-industrial-bleach\/\">Oxidize 1L<\/a> where you can order Caluanie Muelear Oxidize 1L online for high-quality chemical solution <\/strong>. Niezale\u017cnie od tego, czy jeste\u015b w <strong>recykling metali<\/strong>, <strong>g\u00f3rnictwo<\/strong>lub <strong>przetw\u00f3rstwo przemys\u0142owe<\/strong>zapewniamy <strong>Caluanie Muelear Oxidize o wysokiej czysto\u015bci<\/strong> <strong>1L <\/strong>aby spe\u0142ni\u0107 Twoje potrzeby. Oferta <strong>Masowe zam\u00f3wienia Caluanie dla przemys\u0142u ci\u0119\u017ckiego<\/strong>zapewniamy dost\u0119p do najbardziej <strong>niezawodne odczynniki do zmi\u0119kczania metali<\/strong> dla swoich projekt\u00f3w.<\/p>\n<h3>Co to jest Caluanie Muelear Oxidize?<\/h3>\n<p><strong>Caluanie Muelear Oxidize<\/strong> jest bardzo poszukiwanym odczynnikiem chemicznym, przeznaczonym do <strong>zmi\u0119kczanie metalu<\/strong>, <strong>przetwarzanie rudy<\/strong>oraz <strong>kruszenie materia\u0142u<\/strong>. Znany ze swojej przemys\u0142owej wytrzyma\u0142o\u015bci, jest idealny do zastosowa\u0144 w <strong>chemikalia g\u00f3rnicze do ekstrakcji metali<\/strong> oraz <strong>chemikalia do recyklingu metali<\/strong>. W Factoryson specjalizujemy si\u0119 w <strong>Zaufani dostawcy Caluanie Muelear Oxidize 1L<\/strong>zapewniaj\u0105c jako\u015b\u0107 i <strong>niezawodno\u015b\u0107 w zastosowaniach przemys\u0142owych<\/strong>.<\/p>\n<h3>Dlaczego warto wybra\u0107 Factoryson dla Caluanie? <strong>Muelear Oxidize 1L <\/strong>?<\/h3>\n<ol>\n<li><strong>Szeroka dost\u0119pno\u015b\u0107<\/strong>: Czy potrzebujesz <a href=\"https:\/\/factoryson.com\/pl\/product\/caluanie-muelear-oxidize-1l\/\"><strong>Caluanie Muelear Oxidize 1L na sprzeda\u017c<\/strong><\/a> lub badaj\u0105 opcje dla <strong>sprzeda\u017c hurtowa Caluanie<\/strong>mamy wszystko pod kontrol\u0105.<\/li>\n<li><strong>Wysoka jako\u015b\u0107<\/strong>: Nasz <strong>ci\u0119\u017cka woda Caluanie klasy przemys\u0142owej<\/strong> zapewnia maksymaln\u0105 wydajno\u015b\u0107 w <strong>przemys\u0142 przetwarzania materia\u0142\u00f3w<\/strong>.<\/li>\n<li><strong>Konkurencyjne ceny<\/strong>: Pobierz <strong>Najlepsza cena za litr<\/strong> dla <a href=\"https:\/\/en.wikipedia.org\/wiki\/Oxidizing_acid\" target=\"_blank\" rel=\"noopener\"><strong>Caluanie Muelear Oxidize<\/strong><\/a> z nami.<\/li>\n<\/ol>\n<h4>Zastosowania Caluanie Muelear Oxidize<\/h4>\n<ul>\n<li><strong>Chemikalia do recyklingu metali<\/strong>: <strong>Caluanie do zmi\u0119kczania metali<\/strong> umo\u017cliwia przemys\u0142owi \u0142atwe przetwarzanie metali, zwi\u0119kszaj\u0105c wydajno\u015b\u0107.<\/li>\n<li><strong>Przetwarzanie rud i minera\u0142\u00f3w<\/strong>: U\u017cycie <strong>Caluanie w g\u00f3rnictwie i przetw\u00f3rstwie rud<\/strong> uproszczenie <strong>wydobycie metalu<\/strong>.<\/li>\n<li><strong>\u015arodki chemiczne do ci\u0119\u017ckiego kruszenia<\/strong>: Zaprojektowany dla <strong>Przemys\u0142owe zastosowanie Caluanie Muelear Oxidize<\/strong>Dzi\u0119ki temu twarde materia\u0142y s\u0105 \u0142atwe w obs\u0142udze.<\/li>\n<\/ul>\n<p>Przy <strong>Factoryson<\/strong>obs\u0142ugujemy <strong>Nabywcy przemys\u0142owi Caluanie Muelear Oxidize<\/strong> na ca\u0142ym \u015bwiecie, oferuj\u0105c rozwi\u0105zania dostosowane do potrzeb biznesowych klient\u00f3w.<\/p>\n<h4>Jak kupi\u0107 Caluanie Muelear Oxidize 1L online?<\/h4>\n<p>Szukam <strong>Gdzie kupi\u0107 Caluanie Muelear Oxidize 1L online?<\/strong>? Dzi\u0119ki Factoryson to proste. Koncentruj\u0105c si\u0119 na jako\u015bci i bezpiecze\u0144stwie, zapewniamy <strong>Dost\u0119pno\u015b\u0107 Caluanie na eksport<\/strong>zapewniaj\u0105c bezproblemow\u0105 dostaw\u0119 do Twojej lokalizacji. Poznaj nasze opcje dla <strong>Masowe zam\u00f3wienia Caluanie dla przemys\u0142u ci\u0119\u017ckiego<\/strong> lub wybra\u0107 <strong>ma\u0142e ilo\u015bci do zastosowa\u0144 zwi\u0105zanych z przetwarzaniem materia\u0142\u00f3w<\/strong>.<\/p>\n<h4>Bezpiecze\u0144stwo i obs\u0142uga<\/h4>\n<p>W Factoryson priorytetowo traktujemy Twoje bezpiecze\u0144stwo. <strong>Caluanie Muelear Oxidize<\/strong> jest silnym odczynnikiem; niew\u0142a\u015bciwe obchodzenie si\u0119 z nim mo\u017ce stwarza\u0107 ryzyko. Zalecamy przestrzeganie <strong>Przewodnik bezpiecze\u0144stwa dotycz\u0105cy obs\u0142ugi Caluanie Muelear Oxidize<\/strong> aby zapewni\u0107 bezpieczne u\u017cytkowanie w <strong>Aplikacje klasy przemys\u0142owej<\/strong>.<\/p>\n<h4>Zam\u00f3w Caluanie Muelear Oxidize ju\u017c dzi\u015b<\/h4>\n<p>Nie czekaj - odkrywaj <strong>Zaufani dostawcy Caluanie Muelear <a href=\"https:\/\/factoryson.com\/pl\/product\/citric-acid-anhydrous-powder\/\">Oxidize 1L<\/a><\/strong> z Factoryson ju\u017c dzi\u015b. Niezale\u017cnie od tego, czy potrzebujesz <strong>Caluanie dla przemys\u0142u przetw\u00f3rstwa materia\u0142\u00f3w<\/strong> lub chc\u0105 rozszerzy\u0107 dzia\u0142alno\u015b\u0107 w <strong>recykling i wydobycie metali<\/strong>jeste\u015bmy tutaj, aby pom\u00f3c. Skontaktuj si\u0119 z nami <strong>Caluanie Muelear Oxidize o wysokiej czysto\u015bci<\/strong> i zacznij ulepsza\u0107 swoje procesy przemys\u0142owe ju\u017c teraz!<\/p>\n<h3>Dlaczego warto wybra\u0107 Caluanie Muelear 1L od Factoryson?<\/h3>\n<p>Factoryson oferuje <strong>wysokiej jako\u015bci Caluanie Muelear Oxidize 1L <\/strong>z zaanga\u017cowaniem w bezpieczn\u0105, dyskretn\u0105 wysy\u0142k\u0119 i niezawodn\u0105 obs\u0142ug\u0119. Obs\u0142ugujemy klient\u00f3w na ca\u0142ym \u015bwiecie, w tym w <strong>USA<\/strong>, <strong>Kanada<\/strong>, <strong>Europa<\/strong>oraz <strong>Australia<\/strong>zapewniaj\u0105c szybkie, poufne dostawy dostosowane do standard\u00f3w przemys\u0142owych. Ka\u017cde zam\u00f3wienie jest starannie obs\u0142ugiwane i testowane pod k\u0105tem jako\u015bci, dzi\u0119ki czemu FactorySon jest zaufanym partnerem w zakresie przemys\u0142owych potrzeb chemicznych.<\/p>\n<p><em><strong>Factoryson - zaufany partner Caluanie Muelear Oxidize 1L na sprzeda\u017c.<\/strong><\/em><\/p>","protected":false},"excerpt":{"rendered":"<p><strong>1L Caluanie Muelear Oxidize<\/strong> jest silnym utleniaczem znanym z wyj\u0105tkowej reaktywno\u015bci i wysokiej czysto\u015bci. Idealny dla farmacji, rolnictwa i produkcji chemicznej, przyspiesza reakcje chemiczne i poprawia jako\u015b\u0107 produktu. Dzi\u0119ki wygodnemu rozmiarowi jest idealny do laboratori\u00f3w i mniejszych operacji, kt\u00f3re chc\u0105 zmaksymalizowa\u0107 wydajno\u015b\u0107 bez uszczerbku dla bezpiecze\u0144stwa.<\/p>\n<ul>\n<li><strong>Nazwa chemiczna<\/strong>: Caluanie Muelear Oxidize<\/li>\n<li><strong>Wz\u00f3r cz\u0105steczkowy<\/strong>: C\u2087H\u2085N<\/li>\n<li><strong>Masa cz\u0105steczkowa<\/strong>: Oko\u0142o 105,12 g\/mol<\/li>\n<li><strong>Numer CAS<\/strong>: 100-52-7<\/li>\n<\/ul>","protected":false},"featured_media":738,"comment_status":"open","ping_status":"closed","template":"","meta":{"pagelayer_contact_templates":[],"_pagelayer_content":"","_kadence_starter_templates_imported_post":false,"_kad_post_transparent":"default","_kad_post_title":"","_kad_post_layout":"default","_kad_post_sidebar_id":"","_kad_post_content_style":"default","_kad_post_vertical_padding":"default","_kad_post_feature":"","_kad_post_feature_position":"","_kad_post_header":false,"_kad_post_footer":false},"product_brand":[],"product_cat":[20],"product_tag":[],"class_list":{"0":"post-669","1":"product","2":"type-product","3":"status-publish","4":"has-post-thumbnail","6":"product_cat-caluanie","8":"first","9":"instock","10":"shipping-taxable","11":"purchasable","12":"product-type-variable","13":"entry","14":"content-bg","15":"loop-entry"},"yoast_head":"<!-- This site is optimized with the Yoast SEO plugin v27.3 - https:\/\/yoast.com\/product\/yoast-seo-wordpress\/ -->\n<title>Order Caluanie Muelear Oxidize 1L Online | FactorySon<\/title>\n<meta name=\"description\" content=\"Caluanie muelear oxidize 1L for sale at our online store, providing a secure platform to order caluanie muelear oxidize 1L online with ease, catering to your research needs.\" \/>\n<meta name=\"robots\" content=\"index, follow, max-snippet:-1, max-image-preview:large, max-video-preview:-1\" \/>\n<link rel=\"canonical\" href=\"https:\/\/factoryson.com\/pl\/product\/buy-caluanie-muelear-oxidize-3\/\" \/>\n<meta property=\"og:locale\" content=\"pl_PL\" \/>\n<meta property=\"og:type\" content=\"article\" \/>\n<meta property=\"og:title\" content=\"Order Caluanie Muelear Oxidize 1L Online | FactorySon\" \/>\n<meta property=\"og:description\" content=\"Caluanie muelear oxidize 1L for sale at our online store, providing a secure platform to order caluanie muelear oxidize 1L online with ease, catering to your research needs.\" \/>\n<meta property=\"og:url\" content=\"https:\/\/factoryson.com\/pl\/product\/buy-caluanie-muelear-oxidize-3\/\" \/>\n<meta property=\"og:site_name\" content=\"FactorySon\" \/>\n<meta property=\"article:modified_time\" content=\"2026-04-01T17:28:20+00:00\" \/>\n<meta property=\"og:image\" content=\"https:\/\/factoryson.com\/wp-content\/uploads\/2024\/11\/1L-Caluanie-Muelear-Oxidize.gif\" \/>\n\t<meta property=\"og:image:width\" content=\"600\" \/>\n\t<meta property=\"og:image:height\" content=\"600\" \/>\n\t<meta property=\"og:image:type\" content=\"image\/gif\" \/>\n<meta name=\"twitter:card\" content=\"summary_large_image\" \/>\n<meta name=\"twitter:label1\" content=\"Szacowany czas czytania\" \/>\n\t<meta name=\"twitter:data1\" content=\"3 minuty\" \/>\n<script type=\"application\/ld+json\" class=\"yoast-schema-graph\">{\"@context\":\"https:\\\/\\\/schema.org\",\"@graph\":[{\"@type\":\"WebPage\",\"@id\":\"https:\\\/\\\/factoryson.com\\\/product\\\/buy-caluanie-muelear-oxidize-3\\\/\",\"url\":\"https:\\\/\\\/factoryson.com\\\/product\\\/buy-caluanie-muelear-oxidize-3\\\/\",\"name\":\"Order Caluanie Muelear Oxidize 1L Online | FactorySon\",\"isPartOf\":{\"@id\":\"https:\\\/\\\/factoryson.com\\\/#website\"},\"primaryImageOfPage\":{\"@id\":\"https:\\\/\\\/factoryson.com\\\/product\\\/buy-caluanie-muelear-oxidize-3\\\/#primaryimage\"},\"image\":{\"@id\":\"https:\\\/\\\/factoryson.com\\\/product\\\/buy-caluanie-muelear-oxidize-3\\\/#primaryimage\"},\"thumbnailUrl\":\"https:\\\/\\\/factoryson.com\\\/wp-content\\\/uploads\\\/2024\\\/11\\\/1L-Caluanie-Muelear-Oxidize.gif\",\"datePublished\":\"2024-11-08T05:03:38+00:00\",\"dateModified\":\"2026-04-01T17:28:20+00:00\",\"description\":\"Caluanie muelear oxidize 1L for sale at our online store, providing a secure platform to order caluanie muelear oxidize 1L online with ease, catering to your research needs.\",\"breadcrumb\":{\"@id\":\"https:\\\/\\\/factoryson.com\\\/product\\\/buy-caluanie-muelear-oxidize-3\\\/#breadcrumb\"},\"inLanguage\":\"pl-PL\",\"potentialAction\":[{\"@type\":\"ReadAction\",\"target\":[\"https:\\\/\\\/factoryson.com\\\/product\\\/buy-caluanie-muelear-oxidize-3\\\/\"]}]},{\"@type\":\"ImageObject\",\"inLanguage\":\"pl-PL\",\"@id\":\"https:\\\/\\\/factoryson.com\\\/product\\\/buy-caluanie-muelear-oxidize-3\\\/#primaryimage\",\"url\":\"https:\\\/\\\/factoryson.com\\\/wp-content\\\/uploads\\\/2024\\\/11\\\/1L-Caluanie-Muelear-Oxidize.gif\",\"contentUrl\":\"https:\\\/\\\/factoryson.com\\\/wp-content\\\/uploads\\\/2024\\\/11\\\/1L-Caluanie-Muelear-Oxidize.gif\",\"width\":600,\"height\":600,\"caption\":\"Order Caluanie Muelear Oxidize 1L Online\"},{\"@type\":\"BreadcrumbList\",\"@id\":\"https:\\\/\\\/factoryson.com\\\/product\\\/buy-caluanie-muelear-oxidize-3\\\/#breadcrumb\",\"itemListElement\":[{\"@type\":\"ListItem\",\"position\":1,\"name\":\"Home\",\"item\":\"https:\\\/\\\/factoryson.com\\\/nl\\\/\"},{\"@type\":\"ListItem\",\"position\":2,\"name\":\"Shop\",\"item\":\"https:\\\/\\\/factoryson.com\\\/nl\\\/shop\\\/\"},{\"@type\":\"ListItem\",\"position\":3,\"name\":\"Caluanie Muelear Oxidize 1L\"}]},{\"@type\":\"WebSite\",\"@id\":\"https:\\\/\\\/factoryson.com\\\/#website\",\"url\":\"https:\\\/\\\/factoryson.com\\\/\",\"name\":\"FactorySon\",\"description\":\"My WordPress Blog\",\"potentialAction\":[{\"@type\":\"SearchAction\",\"target\":{\"@type\":\"EntryPoint\",\"urlTemplate\":\"https:\\\/\\\/factoryson.com\\\/?s={search_term_string}\"},\"query-input\":{\"@type\":\"PropertyValueSpecification\",\"valueRequired\":true,\"valueName\":\"search_term_string\"}}],\"inLanguage\":\"pl-PL\"}]}<\/script>\n<!-- \/ Yoast SEO plugin. -->","yoast_head_json":{"title":"Zam\u00f3w Caluanie Muelear Oxidize 1L online | FactorySon","description":"Caluanie muelear oxidize 1L na sprzeda\u017c w naszym sklepie internetowym, zapewniaj\u0105c bezpieczn\u0105 platform\u0119 do \u0142atwego zakupu caluanie muelear oxidize 1L online, spe\u0142niaj\u0105c Twoje potrzeby badawcze.","robots":{"index":"index","follow":"follow","max-snippet":"max-snippet:-1","max-image-preview":"max-image-preview:large","max-video-preview":"max-video-preview:-1"},"canonical":"https:\/\/factoryson.com\/pl\/product\/buy-caluanie-muelear-oxidize-3\/","og_locale":"pl_PL","og_type":"article","og_title":"Order Caluanie Muelear Oxidize 1L Online | FactorySon","og_description":"Caluanie muelear oxidize 1L for sale at our online store, providing a secure platform to order caluanie muelear oxidize 1L online with ease, catering to your research needs.","og_url":"https:\/\/factoryson.com\/pl\/product\/buy-caluanie-muelear-oxidize-3\/","og_site_name":"FactorySon","article_modified_time":"2026-04-01T17:28:20+00:00","og_image":[{"width":600,"height":600,"url":"https:\/\/factoryson.com\/wp-content\/uploads\/2024\/11\/1L-Caluanie-Muelear-Oxidize.gif","type":"image\/gif"}],"twitter_card":"summary_large_image","twitter_misc":{"Szacowany czas czytania":"3 minuty"},"schema":{"@context":"https:\/\/schema.org","@graph":[{"@type":"WebPage","@id":"https:\/\/factoryson.com\/product\/buy-caluanie-muelear-oxidize-3\/","url":"https:\/\/factoryson.com\/product\/buy-caluanie-muelear-oxidize-3\/","name":"Zam\u00f3w Caluanie Muelear Oxidize 1L online | FactorySon","isPartOf":{"@id":"https:\/\/factoryson.com\/#website"},"primaryImageOfPage":{"@id":"https:\/\/factoryson.com\/product\/buy-caluanie-muelear-oxidize-3\/#primaryimage"},"image":{"@id":"https:\/\/factoryson.com\/product\/buy-caluanie-muelear-oxidize-3\/#primaryimage"},"thumbnailUrl":"https:\/\/factoryson.com\/wp-content\/uploads\/2024\/11\/1L-Caluanie-Muelear-Oxidize.gif","datePublished":"2024-11-08T05:03:38+00:00","dateModified":"2026-04-01T17:28:20+00:00","description":"Caluanie muelear oxidize 1L na sprzeda\u017c w naszym sklepie internetowym, zapewniaj\u0105c bezpieczn\u0105 platform\u0119 do \u0142atwego zakupu caluanie muelear oxidize 1L online, spe\u0142niaj\u0105c Twoje potrzeby badawcze.","breadcrumb":{"@id":"https:\/\/factoryson.com\/product\/buy-caluanie-muelear-oxidize-3\/#breadcrumb"},"inLanguage":"pl-PL","potentialAction":[{"@type":"ReadAction","target":["https:\/\/factoryson.com\/product\/buy-caluanie-muelear-oxidize-3\/"]}]},{"@type":"ImageObject","inLanguage":"pl-PL","@id":"https:\/\/factoryson.com\/product\/buy-caluanie-muelear-oxidize-3\/#primaryimage","url":"https:\/\/factoryson.com\/wp-content\/uploads\/2024\/11\/1L-Caluanie-Muelear-Oxidize.gif","contentUrl":"https:\/\/factoryson.com\/wp-content\/uploads\/2024\/11\/1L-Caluanie-Muelear-Oxidize.gif","width":600,"height":600,"caption":"Order Caluanie Muelear Oxidize 1L Online"},{"@type":"BreadcrumbList","@id":"https:\/\/factoryson.com\/product\/buy-caluanie-muelear-oxidize-3\/#breadcrumb","itemListElement":[{"@type":"ListItem","position":1,"name":"Home","item":"https:\/\/factoryson.com\/nl\/"},{"@type":"ListItem","position":2,"name":"Shop","item":"https:\/\/factoryson.com\/nl\/shop\/"},{"@type":"ListItem","position":3,"name":"Caluanie Muelear Oxidize 1L"}]},{"@type":"WebSite","@id":"https:\/\/factoryson.com\/#website","url":"https:\/\/factoryson.com\/","name":"FactorySon","description":"M\u00f3j blog WordPress","potentialAction":[{"@type":"SearchAction","target":{"@type":"EntryPoint","urlTemplate":"https:\/\/factoryson.com\/?s={search_term_string}"},"query-input":{"@type":"PropertyValueSpecification","valueRequired":true,"valueName":"search_term_string"}}],"inLanguage":"pl-PL"}]}},"_links":{"self":[{"href":"https:\/\/factoryson.com\/pl\/wp-json\/wp\/v2\/product\/669","targetHints":{"allow":["GET"]}}],"collection":[{"href":"https:\/\/factoryson.com\/pl\/wp-json\/wp\/v2\/product"}],"about":[{"href":"https:\/\/factoryson.com\/pl\/wp-json\/wp\/v2\/types\/product"}],"replies":[{"embeddable":true,"href":"https:\/\/factoryson.com\/pl\/wp-json\/wp\/v2\/comments?post=669"}],"wp:featuredmedia":[{"embeddable":true,"href":"https:\/\/factoryson.com\/pl\/wp-json\/wp\/v2\/media\/738"}],"wp:attachment":[{"href":"https:\/\/factoryson.com\/pl\/wp-json\/wp\/v2\/media?parent=669"}],"wp:term":[{"taxonomy":"product_brand","embeddable":true,"href":"https:\/\/factoryson.com\/pl\/wp-json\/wp\/v2\/product_brand?post=669"},{"taxonomy":"product_cat","embeddable":true,"href":"https:\/\/factoryson.com\/pl\/wp-json\/wp\/v2\/product_cat?post=669"},{"taxonomy":"product_tag","embeddable":true,"href":"https:\/\/factoryson.com\/pl\/wp-json\/wp\/v2\/product_tag?post=669"}],"curies":[{"name":"wp","href":"https:\/\/api.w.org\/{rel}","templated":true}]}}