{"id":668,"date":"2024-11-08T05:03:38","date_gmt":"2024-11-08T05:03:38","guid":{"rendered":"https:\/\/pvpgrams.com\/factory\/?post_type=product&#038;p=668"},"modified":"2026-04-01T17:29:55","modified_gmt":"2026-04-01T17:29:55","slug":"buy-caluanie-muelear-pasteurize-2","status":"publish","type":"product","link":"https:\/\/factoryson.com\/pl\/product\/buy-caluanie-muelear-pasteurize-2\/","title":{"rendered":"Caluanie Muelear Pasteurize 5L"},"content":{"rendered":"<h3>Gdzie kupi\u0107 Caluanie Muelear Pasteryzuj online<\/h3>\n<p>Szukasz Caluanie Muelear Pasteurize 5L online? Jeste\u015b we w\u0142a\u015bciwym miejscu. W <a href=\"https:\/\/factoryson.com\/pl\/\">Factoryson<\/a>jeste\u015bmy jednym z najbardziej <strong>trusted suppliers of <a href=\"https:\/\/factoryson.com\/pl\/product\/buy-sodium-hydroxide\/\">Caluanie Muelear <\/a>Oxidize Pasteurize<\/strong>, oferuj\u0105c <strong>Pasta Caluanie Muelear o wysokiej czysto\u015bci <\/strong>do r\u00f3\u017cnych zastosowa\u0144 przemys\u0142owych. Niezale\u017cnie od tego, czy szukasz <strong>sprzeda\u017c hurtowa Caluanie Muelear Pasteurize <\/strong>lub potrzebujesz mniejszych ilo\u015bci, zapewniamy <strong>Dost\u0119pno\u015b\u0107 Caluanie na eksport<\/strong> aby spe\u0142ni\u0107 Twoje potrzeby.<\/p>\n<h3>Dlaczego warto wybra\u0107 Factoryson dla Caluanie?<\/h3>\n<p>Jeste\u015bmy <strong>Dystrybutor Caluanie Muelear Oxidize<\/strong> koncentruje si\u0119 na jako\u015bci, bezpiecze\u0144stwie i niezawodno\u015bci. Je\u015bli szukasz <strong>najlepsze miejsce do zakupu Caluanie<\/strong>zapewniamy konkurencyjne ceny i szybk\u0105 dostaw\u0119 dla <strong>Caluanie Muelear Pasteurize 5L<\/strong> i nie tylko. Nasz <strong>Caluanie Muelear Oxidize cena za litr<\/strong> jest jednym z najbardziej konkurencyjnych na rynku, co u\u0142atwia <strong>Nabywcy przemys\u0142owi Caluanie Muelear Oxidize<\/strong> <strong>Pasteryzacja <\/strong>aby uzyska\u0107 dost\u0119p do produkt\u00f3w klasy premium.<\/p>\n<h3>Zastosowania Caluanie Muelear Oxidize Pasteurize<\/h3>\n<p><strong>Caluanie Muelear Oxidize zastosowania przemys\u0142owe<\/strong> obejmuj\u0105 szeroki zakres bran\u017c, w tym <strong>chemikalia do recyklingu metali<\/strong>, <strong>chemikalia g\u00f3rnicze do ekstrakcji metali<\/strong>oraz <strong>chemikalia do kruszenia w ci\u0119\u017ckich warunkach<\/strong>. Jest szeroko stosowany w <strong>dostawcy odczynnik\u00f3w do zmi\u0119kczania metali<\/strong> oraz przez firmy wymagaj\u0105ce <strong>roztwory chemiczne do kruszenia metali<\/strong>.<\/p>\n<p><strong>Oto kilka konkretnych zastosowa\u0144:<\/strong><\/p>\n<ul>\n<li><strong>Caluanie do zmi\u0119kczania metali<\/strong>: Niezb\u0119dny do zmi\u0119kczania metali w <strong>przemys\u0142 przetwarzania materia\u0142\u00f3w<\/strong>.<\/li>\n<li><strong>Kup Caluanie dla g\u00f3rnictwa i przetw\u00f3rstwa rud<\/strong>: Idealny do uproszczenia ekstrakcji w <strong>przetwarzanie rud i minera\u0142\u00f3w<\/strong>.<\/li>\n<li><strong>Ci\u0119\u017cka woda Caluanie klasy przemys\u0142owej<\/strong>: Niezawodny na du\u017c\u0105 skal\u0119 <strong>Przemys\u0142owe zastosowanie Caluanie Muelear Oxidize<\/strong>.<\/li>\n<li><strong>Zastosowania Caluanie w obr\u00f3bce metali<\/strong>: Idealny dla <strong>recykling i g\u00f3rnictwo<\/strong>.<\/li>\n<\/ul>\n<h3>Zam\u00f3w Caluanie luzem ju\u017c dzi\u015b<\/h3>\n<p>Potrzeba <strong>Masowe zam\u00f3wienia Caluanie dla przemys\u0142u ci\u0119\u017ckiego<\/strong>? Factoryson to najlepszy wyb\u00f3r <strong>Dostawca Caluanie dla przemys\u0142u metalowego<\/strong>. Jako jeden z wiod\u0105cych <strong>Dostawcy online Caluanie do u\u017cytku przemys\u0142owego<\/strong>Oferujemy elastyczne opcje zakupu dostosowane do potrzeb biznesowych.<\/p>\n<h3>Bezpiecze\u0144stwo i obs\u0142uga<\/h3>\n<p>Prawid\u0142owe stosowanie Caluanie ma kluczowe znaczenie. Odnie\u015b si\u0119 do naszego <strong>Przewodnik bezpiecze\u0144stwa dotycz\u0105cy obs\u0142ugi Caluanie Muelear Oxidize<\/strong> aby zapewni\u0107 bezpieczne przechowywanie i u\u017cytkowanie. Czy to dla <strong>recykling i g\u00f3rnictwo<\/strong> lub og\u00f3lny <strong>przetwarzanie materia\u0142\u00f3w<\/strong>Bezpiecze\u0144stwo jest dla nas priorytetem na ka\u017cdym kroku.<\/p>\n<h3>Skontaktuj si\u0119 z Factoryson ju\u017c dzi\u015b<\/h3>\n<p>Dla <strong>Zaufani dostawcy Caluanie Muelear <a href=\"https:\/\/factoryson.com\/pl\/product\/buy-pregabalin-powder-api\/\">Oxidize Pasteurize<\/a><\/strong>wybierz Factoryson. Nasz <strong>Caluanie Muelear Oxidize o wysokiej czysto\u015bci<\/strong> jest dostosowany do <strong>nabywcy przemys\u0142owi<\/strong> potrzebuj\u0105cych niezawodnych rozwi\u0105za\u0144. Skontaktuj si\u0119 z nami teraz, aby <strong>Kup Caluanie klasy przemys\u0142owej<\/strong> <strong>online<\/strong> lub z\u0142o\u017cy\u0107 zam\u00f3wienie na <strong>Caluanie Muelear Pasteurize 5L na sprzeda\u017c<\/strong> i uzyska\u0107 dost\u0119p do premii <strong>roztwory chemiczne do kruszenia metali<\/strong>. Factoryson jest Twoim partnerem w zakresie <strong>Dost\u0119pno\u015b\u0107 Caluanie na eksport<\/strong> oraz <strong>zastosowania w przemy\u015ble przetwarzania materia\u0142\u00f3w<\/strong>.<\/p>","protected":false},"excerpt":{"rendered":"<p>Caluanie Muelear Pasteurize sk\u0142ada si\u0119 g\u0142\u00f3wnie z <strong>Caluanie<\/strong>kt\u00f3ry jest unikalnym zwi\u0105zkiem organicznym znanym ze swoich wszechstronnych w\u0142a\u015bciwo\u015bci chemicznych. Dok\u0142adny sk\u0142ad mo\u017ce si\u0119 r\u00f3\u017cni\u0107 w zale\u017cno\u015bci od zamierzonego zastosowania, ale zazwyczaj zawiera nast\u0119puj\u0105ce sk\u0142adniki:<\/p>\n<ul>\n<li><strong>Wz\u00f3r cz\u0105steczkowy<\/strong>: C\u2087H\u2085N<\/li>\n<li><strong>Masa cz\u0105steczkowa<\/strong>: Oko\u0142o 105,12 g\/mol<strong>Jak to dzia\u0142a?<\/strong><br \/>\nPo na\u0142o\u017ceniu przenika przez metalowe powierzchnie, tymczasowo zmniejszaj\u0105c wytrzyma\u0142o\u015b\u0107 na rozci\u0105ganie w celu \u0142atwiejszej manipulacji lub oddzielenia bez uszkadzania materia\u0142u rdzenia.<strong>Wskaz\u00f3wki dotycz\u0105ce u\u017cytkowania:<\/strong><\/p>\n<ol>\n<li>Nak\u0142ada\u0107 na czyste powierzchnie.<\/li>\n<li>Pozw\u00f3l mu na kr\u00f3tk\u0105 penetracj\u0119.<\/li>\n<li>Przetwarzanie materia\u0142u zgodnie z potrzebami (kruszenie, formowanie itp.).<\/li>\n<\/ol>\n<\/li>\n<\/ul>","protected":false},"featured_media":737,"comment_status":"open","ping_status":"closed","template":"","meta":{"pagelayer_contact_templates":[],"_pagelayer_content":"","_kadence_starter_templates_imported_post":false,"_kad_post_transparent":"default","_kad_post_title":"","_kad_post_layout":"default","_kad_post_sidebar_id":"","_kad_post_content_style":"default","_kad_post_vertical_padding":"default","_kad_post_feature":"","_kad_post_feature_position":"","_kad_post_header":false,"_kad_post_footer":false},"product_brand":[],"product_cat":[20],"product_tag":[],"class_list":{"0":"post-668","1":"product","2":"type-product","3":"status-publish","4":"has-post-thumbnail","6":"product_cat-caluanie","8":"first","9":"instock","10":"shipping-taxable","11":"purchasable","12":"product-type-variable","13":"entry","14":"content-bg","15":"loop-entry"},"yoast_head":"<!-- This site is optimized with the Yoast SEO plugin v27.3 - https:\/\/yoast.com\/product\/yoast-seo-wordpress\/ -->\n<title>Purchase Caluanie Muelear Pasteurize 5L Online | FactorySon<\/title>\n<meta name=\"description\" content=\"If you are looking to purchase caluanie muelear pasteurize 5l online for high-quality chemicals, factoryson is the best place to buy caluanie muelear pasteurize 5l.\" \/>\n<meta name=\"robots\" content=\"index, follow, max-snippet:-1, max-image-preview:large, max-video-preview:-1\" \/>\n<link rel=\"canonical\" href=\"https:\/\/factoryson.com\/pl\/product\/buy-caluanie-muelear-pasteurize-2\/\" \/>\n<meta property=\"og:locale\" content=\"pl_PL\" \/>\n<meta property=\"og:type\" content=\"article\" \/>\n<meta property=\"og:title\" content=\"Purchase Caluanie Muelear Pasteurize 5L Online | FactorySon\" \/>\n<meta property=\"og:description\" content=\"If you are looking to purchase caluanie muelear pasteurize 5l online for high-quality chemicals, factoryson is the best place to buy caluanie muelear pasteurize 5l.\" \/>\n<meta property=\"og:url\" content=\"https:\/\/factoryson.com\/pl\/product\/buy-caluanie-muelear-pasteurize-2\/\" \/>\n<meta property=\"og:site_name\" content=\"FactorySon\" \/>\n<meta property=\"article:modified_time\" content=\"2026-04-01T17:29:55+00:00\" \/>\n<meta property=\"og:image\" content=\"https:\/\/factoryson.com\/wp-content\/uploads\/2024\/11\/5L-Caluanie-Muelear-Pasteurize.gif\" \/>\n\t<meta property=\"og:image:width\" content=\"600\" \/>\n\t<meta property=\"og:image:height\" content=\"600\" \/>\n\t<meta property=\"og:image:type\" content=\"image\/gif\" \/>\n<meta name=\"twitter:card\" content=\"summary_large_image\" \/>\n<meta name=\"twitter:label1\" content=\"Szacowany czas czytania\" \/>\n\t<meta name=\"twitter:data1\" content=\"2 minuty\" \/>\n<script type=\"application\/ld+json\" class=\"yoast-schema-graph\">{\"@context\":\"https:\\\/\\\/schema.org\",\"@graph\":[{\"@type\":\"WebPage\",\"@id\":\"https:\\\/\\\/factoryson.com\\\/product\\\/buy-caluanie-muelear-pasteurize-2\\\/\",\"url\":\"https:\\\/\\\/factoryson.com\\\/product\\\/buy-caluanie-muelear-pasteurize-2\\\/\",\"name\":\"Purchase Caluanie Muelear Pasteurize 5L Online | FactorySon\",\"isPartOf\":{\"@id\":\"https:\\\/\\\/factoryson.com\\\/#website\"},\"primaryImageOfPage\":{\"@id\":\"https:\\\/\\\/factoryson.com\\\/product\\\/buy-caluanie-muelear-pasteurize-2\\\/#primaryimage\"},\"image\":{\"@id\":\"https:\\\/\\\/factoryson.com\\\/product\\\/buy-caluanie-muelear-pasteurize-2\\\/#primaryimage\"},\"thumbnailUrl\":\"https:\\\/\\\/factoryson.com\\\/wp-content\\\/uploads\\\/2024\\\/11\\\/5L-Caluanie-Muelear-Pasteurize.gif\",\"datePublished\":\"2024-11-08T05:03:38+00:00\",\"dateModified\":\"2026-04-01T17:29:55+00:00\",\"description\":\"If you are looking to purchase caluanie muelear pasteurize 5l online for high-quality chemicals, factoryson is the best place to buy caluanie muelear pasteurize 5l.\",\"breadcrumb\":{\"@id\":\"https:\\\/\\\/factoryson.com\\\/product\\\/buy-caluanie-muelear-pasteurize-2\\\/#breadcrumb\"},\"inLanguage\":\"pl-PL\",\"potentialAction\":[{\"@type\":\"ReadAction\",\"target\":[\"https:\\\/\\\/factoryson.com\\\/product\\\/buy-caluanie-muelear-pasteurize-2\\\/\"]}]},{\"@type\":\"ImageObject\",\"inLanguage\":\"pl-PL\",\"@id\":\"https:\\\/\\\/factoryson.com\\\/product\\\/buy-caluanie-muelear-pasteurize-2\\\/#primaryimage\",\"url\":\"https:\\\/\\\/factoryson.com\\\/wp-content\\\/uploads\\\/2024\\\/11\\\/5L-Caluanie-Muelear-Pasteurize.gif\",\"contentUrl\":\"https:\\\/\\\/factoryson.com\\\/wp-content\\\/uploads\\\/2024\\\/11\\\/5L-Caluanie-Muelear-Pasteurize.gif\",\"width\":600,\"height\":600,\"caption\":\"Purchase Caluanie Muelear Pasteurize 5L Online\"},{\"@type\":\"BreadcrumbList\",\"@id\":\"https:\\\/\\\/factoryson.com\\\/product\\\/buy-caluanie-muelear-pasteurize-2\\\/#breadcrumb\",\"itemListElement\":[{\"@type\":\"ListItem\",\"position\":1,\"name\":\"Home\",\"item\":\"https:\\\/\\\/factoryson.com\\\/nl\\\/\"},{\"@type\":\"ListItem\",\"position\":2,\"name\":\"Shop\",\"item\":\"https:\\\/\\\/factoryson.com\\\/nl\\\/shop\\\/\"},{\"@type\":\"ListItem\",\"position\":3,\"name\":\"Caluanie Muelear Pasteurize 5L\"}]},{\"@type\":\"WebSite\",\"@id\":\"https:\\\/\\\/factoryson.com\\\/#website\",\"url\":\"https:\\\/\\\/factoryson.com\\\/\",\"name\":\"FactorySon\",\"description\":\"My WordPress Blog\",\"potentialAction\":[{\"@type\":\"SearchAction\",\"target\":{\"@type\":\"EntryPoint\",\"urlTemplate\":\"https:\\\/\\\/factoryson.com\\\/?s={search_term_string}\"},\"query-input\":{\"@type\":\"PropertyValueSpecification\",\"valueRequired\":true,\"valueName\":\"search_term_string\"}}],\"inLanguage\":\"pl-PL\"}]}<\/script>\n<!-- \/ Yoast SEO plugin. -->","yoast_head_json":{"title":"Kup Caluanie Muelear Pasteurize 5L online | FactorySon","description":"Je\u015bli chcesz kupi\u0107 caluanie muelear pasteurize 5l online i szukasz wysokiej jako\u015bci \u015brodk\u00f3w chemicznych, factoryson jest najlepszym miejscem do zakupu caluanie muelear pasteurize 5l.","robots":{"index":"index","follow":"follow","max-snippet":"max-snippet:-1","max-image-preview":"max-image-preview:large","max-video-preview":"max-video-preview:-1"},"canonical":"https:\/\/factoryson.com\/pl\/product\/buy-caluanie-muelear-pasteurize-2\/","og_locale":"pl_PL","og_type":"article","og_title":"Purchase Caluanie Muelear Pasteurize 5L Online | FactorySon","og_description":"If you are looking to purchase caluanie muelear pasteurize 5l online for high-quality chemicals, factoryson is the best place to buy caluanie muelear pasteurize 5l.","og_url":"https:\/\/factoryson.com\/pl\/product\/buy-caluanie-muelear-pasteurize-2\/","og_site_name":"FactorySon","article_modified_time":"2026-04-01T17:29:55+00:00","og_image":[{"width":600,"height":600,"url":"https:\/\/factoryson.com\/wp-content\/uploads\/2024\/11\/5L-Caluanie-Muelear-Pasteurize.gif","type":"image\/gif"}],"twitter_card":"summary_large_image","twitter_misc":{"Szacowany czas czytania":"2 minuty"},"schema":{"@context":"https:\/\/schema.org","@graph":[{"@type":"WebPage","@id":"https:\/\/factoryson.com\/product\/buy-caluanie-muelear-pasteurize-2\/","url":"https:\/\/factoryson.com\/product\/buy-caluanie-muelear-pasteurize-2\/","name":"Kup Caluanie Muelear Pasteurize 5L online | FactorySon","isPartOf":{"@id":"https:\/\/factoryson.com\/#website"},"primaryImageOfPage":{"@id":"https:\/\/factoryson.com\/product\/buy-caluanie-muelear-pasteurize-2\/#primaryimage"},"image":{"@id":"https:\/\/factoryson.com\/product\/buy-caluanie-muelear-pasteurize-2\/#primaryimage"},"thumbnailUrl":"https:\/\/factoryson.com\/wp-content\/uploads\/2024\/11\/5L-Caluanie-Muelear-Pasteurize.gif","datePublished":"2024-11-08T05:03:38+00:00","dateModified":"2026-04-01T17:29:55+00:00","description":"Je\u015bli chcesz kupi\u0107 caluanie muelear pasteurize 5l online i szukasz wysokiej jako\u015bci \u015brodk\u00f3w chemicznych, factoryson jest najlepszym miejscem do zakupu caluanie muelear pasteurize 5l.","breadcrumb":{"@id":"https:\/\/factoryson.com\/product\/buy-caluanie-muelear-pasteurize-2\/#breadcrumb"},"inLanguage":"pl-PL","potentialAction":[{"@type":"ReadAction","target":["https:\/\/factoryson.com\/product\/buy-caluanie-muelear-pasteurize-2\/"]}]},{"@type":"ImageObject","inLanguage":"pl-PL","@id":"https:\/\/factoryson.com\/product\/buy-caluanie-muelear-pasteurize-2\/#primaryimage","url":"https:\/\/factoryson.com\/wp-content\/uploads\/2024\/11\/5L-Caluanie-Muelear-Pasteurize.gif","contentUrl":"https:\/\/factoryson.com\/wp-content\/uploads\/2024\/11\/5L-Caluanie-Muelear-Pasteurize.gif","width":600,"height":600,"caption":"Purchase Caluanie Muelear Pasteurize 5L Online"},{"@type":"BreadcrumbList","@id":"https:\/\/factoryson.com\/product\/buy-caluanie-muelear-pasteurize-2\/#breadcrumb","itemListElement":[{"@type":"ListItem","position":1,"name":"Home","item":"https:\/\/factoryson.com\/nl\/"},{"@type":"ListItem","position":2,"name":"Shop","item":"https:\/\/factoryson.com\/nl\/shop\/"},{"@type":"ListItem","position":3,"name":"Caluanie Muelear Pasteurize 5L"}]},{"@type":"WebSite","@id":"https:\/\/factoryson.com\/#website","url":"https:\/\/factoryson.com\/","name":"FactorySon","description":"M\u00f3j blog WordPress","potentialAction":[{"@type":"SearchAction","target":{"@type":"EntryPoint","urlTemplate":"https:\/\/factoryson.com\/?s={search_term_string}"},"query-input":{"@type":"PropertyValueSpecification","valueRequired":true,"valueName":"search_term_string"}}],"inLanguage":"pl-PL"}]}},"_links":{"self":[{"href":"https:\/\/factoryson.com\/pl\/wp-json\/wp\/v2\/product\/668","targetHints":{"allow":["GET"]}}],"collection":[{"href":"https:\/\/factoryson.com\/pl\/wp-json\/wp\/v2\/product"}],"about":[{"href":"https:\/\/factoryson.com\/pl\/wp-json\/wp\/v2\/types\/product"}],"replies":[{"embeddable":true,"href":"https:\/\/factoryson.com\/pl\/wp-json\/wp\/v2\/comments?post=668"}],"wp:featuredmedia":[{"embeddable":true,"href":"https:\/\/factoryson.com\/pl\/wp-json\/wp\/v2\/media\/737"}],"wp:attachment":[{"href":"https:\/\/factoryson.com\/pl\/wp-json\/wp\/v2\/media?parent=668"}],"wp:term":[{"taxonomy":"product_brand","embeddable":true,"href":"https:\/\/factoryson.com\/pl\/wp-json\/wp\/v2\/product_brand?post=668"},{"taxonomy":"product_cat","embeddable":true,"href":"https:\/\/factoryson.com\/pl\/wp-json\/wp\/v2\/product_cat?post=668"},{"taxonomy":"product_tag","embeddable":true,"href":"https:\/\/factoryson.com\/pl\/wp-json\/wp\/v2\/product_tag?post=668"}],"curies":[{"name":"wp","href":"https:\/\/api.w.org\/{rel}","templated":true}]}}