{"id":667,"date":"2024-11-08T05:03:38","date_gmt":"2024-11-08T05:03:38","guid":{"rendered":"https:\/\/pvpgrams.com\/factory\/?post_type=product&#038;p=667"},"modified":"2026-04-01T17:35:52","modified_gmt":"2026-04-01T17:35:52","slug":"caluanie-muelear-oxidize-sale","status":"publish","type":"product","link":"https:\/\/factoryson.com\/pl\/product\/caluanie-muelear-oxidize-sale\/","title":{"rendered":"Caluanie Muelear Oxidize 20L na sprzeda\u017c"},"content":{"rendered":"<h3>Caluanie Muelear Oxidize 20L: Twoje rozwi\u0105zanie przemys\u0142owe<\/h3>\n<p>Szukasz Caluanie Muelear Oxidize 20L na sprzeda\u017c w najlepszej cenie ze sprawdzonego \u017ar\u00f3d\u0142a? W Factoryson specjalizujemy si\u0119 w dostarczaniu <strong>high-purity<a href=\"https:\/\/factoryson.com\/pl\/product\/benzyl-cyanide-for-sale\/\"> Caluanie Muelear Oxidize<\/a><\/strong> dla bran\u017c na ca\u0142ym \u015bwiecie. Niezale\u017cnie od tego, czy <strong>recykling metali<\/strong>, <strong>g\u00f3rnictwo<\/strong>lub <strong>przemys\u0142 przetwarzania materia\u0142\u00f3w<\/strong>nasz <strong>Caluanie Muelear Oxidize 20L<\/strong> to idealne rozwi\u0105zanie do pracy w ci\u0119\u017ckich warunkach. Z <strong>Caluanie Muelear Oxidize 20L na sprzeda\u017c<\/strong>Zapewniamy najwy\u017csz\u0105 jako\u015b\u0107 i konkurencyjne ceny dla wszystkich potrzeb przemys\u0142owych.<a href=\"https:\/\/moleculeminds.com\/shop\/1l-caluanie-muelear-oxidize\/\">.<\/a><\/p>\n<h3>Dlaczego warto wybra\u0107 Factoryson dla Caluanie Muelear Oxidize?<\/h3>\n<p>Jeste\u015bmy jednym z najbardziej <strong>Zaufani dostawcy Caluanie Muelear <a href=\"https:\/\/en.wikipedia.org\/wiki\/Oxidizing_acid\">Utlenia\u0107<\/a><\/strong>, oferuj\u0105c <strong>Zam\u00f3wienia hurtowe Caluanie Muelear Oxidize<\/strong> dla <strong>przemys\u0142 metalowy<\/strong> oraz <strong>aplikacje do przetwarzania materia\u0142\u00f3w<\/strong>. Jako niezawodny <strong>Dostawcy online Caluanie<\/strong>zapewniamy szybk\u0105 wysy\u0142k\u0119, elastyczne opcje i <strong>Dost\u0119pno\u015b\u0107 Caluanie na eksport<\/strong> aby obs\u0142ugiwa\u0107 klient\u00f3w na ca\u0142ym \u015bwiecie. Nasz <strong>Caluanie Muelear Oxidize cena za litr<\/strong> jest konkurencyjna, co u\u0142atwia firmom wyb\u00f3r Factoryson jako partnera.<\/p>\n<h4>Zastosowania Caluanie Muelear Oxidize 20L<\/h4>\n<p><strong>Caluanie Muelear Oxidize klasy przemys\u0142owej<\/strong> jest przeznaczony do r\u00f3\u017cnych zastosowa\u0144 w ci\u0119\u017ckich warunkach w r\u00f3\u017cnych bran\u017cach. Oto jak to dzia\u0142a:<\/p>\n<ol>\n<li><strong>Zmi\u0119kczanie metalu<\/strong>: Niezb\u0119dne dla <strong>dostawcy odczynnik\u00f3w do zmi\u0119kczania metali<\/strong>Caluanie jest u\u017cywany w <strong>chemikalia do recyklingu metali<\/strong> sprawia, \u017ce metale staj\u0105 si\u0119 kruche i \u0142atwiejsze do zmia\u017cd\u017cenia.<\/li>\n<li><strong>Przetwarzanie rud i minera\u0142\u00f3w<\/strong>: Kiedy <strong>kupi\u0107 Caluanie dla g\u00f3rnictwa i przetwarzania rudy<\/strong>upraszcza procesy wydobywcze, zwi\u0119kszaj\u0105c wydajno\u015b\u0107.<\/li>\n<li><strong>\u015arodki chemiczne do ci\u0119\u017ckiego kruszenia<\/strong>: Dzi\u0119ki swoim pot\u0119\u017cnym w\u0142a\u015bciwo\u015bciom, Caluanie s\u0142u\u017cy jako niezast\u0105piony <strong>roztw\u00f3r chemiczny do kruszenia metali<\/strong> i innych twardych materia\u0142\u00f3w.<\/li>\n<li><strong>Recykling i g\u00f3rnictwo<\/strong>: Jego zastosowanie w <strong>przemys\u0142 recyklingowy i wydobywczy<\/strong> czyni go ulubionym dla <strong>Nabywcy przemys\u0142owi Caluanie Muelear Oxidize<\/strong>.<\/li>\n<\/ol>\n<h4>Zam\u00f3wienia masowe dla przemys\u0142u ci\u0119\u017ckiego<\/h4>\n<p>Factoryson specjalizuje si\u0119 w <strong>Zam\u00f3wienia hurtowe Caluanie Muelear Oxidize<\/strong> dla <strong>przemys\u0142 ci\u0119\u017cki<\/strong>. Czy potrzebujesz <strong>Odczynnik do ci\u0119\u017ckiej wody Caluanie<\/strong> Dla operacji na du\u017c\u0105 skal\u0119 lub mniejszych ilo\u015bci dla niszowych zastosowa\u0144, mamy wszystko, czego potrzebujesz. Nasza rola jako <strong>Dostawca Caluanie dla przemys\u0142u metalowego<\/strong> zapewnia bezproblemow\u0105 dostaw\u0119 i niezawodn\u0105 wydajno\u015b\u0107 w ka\u017cdej przesy\u0142ce.<\/p>\n<h3>Przewodnik bezpiecze\u0144stwa dotycz\u0105cy obs\u0142ugi Caluanie Muelear Oxidize<\/h3>\n<p>Bezpiecze\u0144stwo jest naszym najwy\u017cszym priorytetem. Podczas korzystania z <strong>Caluanie Muelear Oxidize 20L<\/strong>Post\u0119puj zgodnie z poni\u017cszymi wskaz\u00f3wkami:<\/p>\n<ul>\n<li>Nosi\u0107 odpowiedni sprz\u0119t ochronny, w tym r\u0119kawice i okulary ochronne.<\/li>\n<li>Stosowa\u0107 w dobrze wentylowanym miejscu, aby unikn\u0105\u0107 wdychania opar\u00f3w.<\/li>\n<li>Przechowywa\u0107 w bezpiecznym, ch\u0142odnym i suchym miejscu.<\/li>\n<li>Zapoznaj si\u0119 z naszymi szczeg\u00f3\u0142owymi informacjami <strong>Przewodnik bezpiecze\u0144stwa dotycz\u0105cy obs\u0142ugi Caluanie Muelear Oxidize<\/strong> w celu zapewnienia najlepszych praktyk.<\/li>\n<\/ul>\n<h3>Skontaktuj si\u0119 z nami w sprawie Caluanie Muelear Oxidize 20L<\/h3>\n<p>Poszukiwanie <strong>najlepsze miejsce do zakupu Caluanie<a href=\"https:\/\/factoryson.com\/pl\/product\/sodium-benzoate-powder-sale\/\"> Muelear Oxidize 20L<\/a> online<\/strong>? Factoryson zapewnia <strong>Caluanie Muelear Oxidize o wysokiej czysto\u015bci<\/strong> dostosowane do konkretnych potrzeb. Dzi\u0119ki naszemu do\u015bwiadczeniu w <strong>Przemys\u0142owe zastosowanie Caluanie Muelear Oxidize<\/strong>dostarczamy wyj\u0105tkow\u0105 warto\u015b\u0107 dla wszystkich zastosowa\u0144 przemys\u0142owych. Skontaktuj si\u0119 z nami ju\u017c dzi\u015b, aby dowiedzie\u0107 si\u0119 wi\u0119cej o <strong><a href=\"https:\/\/factoryson.com\/pl\/product\/benzyl-cyanide-for-sale\/\">Caluanie Muelear Oxidize<\/a> 20L for sale<\/strong>z\u0142o\u017cy\u0107 zam\u00f3wienie lub zapozna\u0107 si\u0119 z nasz\u0105 <strong>Opcje zakupu hurtowego<\/strong>. Kup Caluanie Muelear Oxidize 20L<\/p>\n<p>Factoryson - Tw\u00f3j zaufany partner w zakresie <strong>Caluanie Muelear Oxidize 20L na sprzeda\u017c<\/strong>!<\/p>","protected":false},"excerpt":{"rendered":"<p>Witamy w przysz\u0142o\u015bci innowacji chemicznych dzi\u0119ki <strong>20L Caluanie Muelear Oxidize<\/strong>. Wraz z rozwojem przemys\u0142u, zapotrzebowanie na wysokowydajne chemikalia, kt\u00f3re mog\u0105 zwi\u0119kszy\u0107 wydajno\u015b\u0107 produkcji i jako\u015b\u0107 produktu, stale ro\u015bnie. Caluanie Muelear Oxidize jest w czo\u0142\u00f3wce, s\u0142u\u017c\u0105c jako wszechstronny \u015brodek utleniaj\u0105cy o kluczowym znaczeniu dla r\u00f3\u017cnych zastosowa\u0144, w tym farmaceutycznych, rolniczych i chemicznych.<\/p>\n<ul>\n<li><strong>Wz\u00f3r cz\u0105steczkowy<\/strong>: C\u2087H\u2085N<\/li>\n<li><strong>Numer CAS<\/strong>: 100-52-7<\/li>\n<li><strong>Stan fizyczny<\/strong>: P\u0142yn<\/li>\n<li><strong>Kolor<\/strong>: Bezbarwny do blado\u017c\u00f3\u0142tego<strong>Kluczowe cechy:<\/strong>\n<ul>\n<li><strong>Obj\u0119to\u015b\u0107:<\/strong> 20 litr\u00f3w<\/li>\n<li><strong>Zastosowania:<\/strong> Idealny do obr\u00f3bki metali, przetwarzania materia\u0142\u00f3w i innych ci\u0119\u017ckich zada\u0144 przemys\u0142owych<\/li>\n<li><strong>W\u0142a\u015bciwo\u015bci:<\/strong> Skuteczny w zmianie w\u0142a\u015bciwo\u015bci metalu w celu zwi\u0119kszenia plastyczno\u015bci i \u0142atwo\u015bci przetwarzania<\/li>\n<\/ul>\n<\/li>\n<\/ul>","protected":false},"featured_media":736,"comment_status":"open","ping_status":"closed","template":"","meta":{"pagelayer_contact_templates":[],"_pagelayer_content":"","_kadence_starter_templates_imported_post":false,"_kad_post_transparent":"default","_kad_post_title":"","_kad_post_layout":"default","_kad_post_sidebar_id":"","_kad_post_content_style":"default","_kad_post_vertical_padding":"default","_kad_post_feature":"","_kad_post_feature_position":"","_kad_post_header":false,"_kad_post_footer":false},"product_brand":[],"product_cat":[20],"product_tag":[],"class_list":{"0":"post-667","1":"product","2":"type-product","3":"status-publish","4":"has-post-thumbnail","6":"product_cat-caluanie","8":"first","9":"instock","10":"shipping-taxable","11":"purchasable","12":"product-type-variable","13":"entry","14":"content-bg","15":"loop-entry"},"yoast_head":"<!-- This site is optimized with the Yoast SEO plugin v27.3 - https:\/\/yoast.com\/product\/yoast-seo-wordpress\/ -->\n<title>Caluanie Muelear Oxidize 20L for Sale Online - FactorySon<\/title>\n<meta name=\"description\" content=\"Buy caluanie muelear oxidize 20L online conveniently and securely, with a straightforward ordering process for caluanie muelear oxidize 20L for sale. Order now!\" \/>\n<meta name=\"robots\" content=\"index, follow, max-snippet:-1, max-image-preview:large, max-video-preview:-1\" \/>\n<link rel=\"canonical\" href=\"https:\/\/factoryson.com\/pl\/product\/caluanie-muelear-oxidize-sale\/\" \/>\n<meta property=\"og:locale\" content=\"pl_PL\" \/>\n<meta property=\"og:type\" content=\"article\" \/>\n<meta property=\"og:title\" content=\"Caluanie Muelear Oxidize 20L for Sale Online - FactorySon\" \/>\n<meta property=\"og:description\" content=\"Buy caluanie muelear oxidize 20L online conveniently and securely, with a straightforward ordering process for caluanie muelear oxidize 20L for sale. Order now!\" \/>\n<meta property=\"og:url\" content=\"https:\/\/factoryson.com\/pl\/product\/caluanie-muelear-oxidize-sale\/\" \/>\n<meta property=\"og:site_name\" content=\"FactorySon\" \/>\n<meta property=\"article:modified_time\" content=\"2026-04-01T17:35:52+00:00\" \/>\n<meta property=\"og:image\" content=\"https:\/\/factoryson.com\/wp-content\/uploads\/2024\/11\/Caluanie-Muelear-Oxidize-20L.gif\" \/>\n\t<meta property=\"og:image:width\" content=\"600\" \/>\n\t<meta property=\"og:image:height\" content=\"600\" \/>\n\t<meta property=\"og:image:type\" content=\"image\/gif\" \/>\n<meta name=\"twitter:card\" content=\"summary_large_image\" \/>\n<meta name=\"twitter:label1\" content=\"Szacowany czas czytania\" \/>\n\t<meta name=\"twitter:data1\" content=\"3 minuty\" \/>\n<script type=\"application\/ld+json\" class=\"yoast-schema-graph\">{\"@context\":\"https:\\\/\\\/schema.org\",\"@graph\":[{\"@type\":\"WebPage\",\"@id\":\"https:\\\/\\\/factoryson.com\\\/product\\\/caluanie-muelear-oxidize-sale\\\/\",\"url\":\"https:\\\/\\\/factoryson.com\\\/product\\\/caluanie-muelear-oxidize-sale\\\/\",\"name\":\"Caluanie Muelear Oxidize 20L for Sale Online - FactorySon\",\"isPartOf\":{\"@id\":\"https:\\\/\\\/factoryson.com\\\/#website\"},\"primaryImageOfPage\":{\"@id\":\"https:\\\/\\\/factoryson.com\\\/product\\\/caluanie-muelear-oxidize-sale\\\/#primaryimage\"},\"image\":{\"@id\":\"https:\\\/\\\/factoryson.com\\\/product\\\/caluanie-muelear-oxidize-sale\\\/#primaryimage\"},\"thumbnailUrl\":\"https:\\\/\\\/factoryson.com\\\/wp-content\\\/uploads\\\/2024\\\/11\\\/Caluanie-Muelear-Oxidize-20L.gif\",\"datePublished\":\"2024-11-08T05:03:38+00:00\",\"dateModified\":\"2026-04-01T17:35:52+00:00\",\"description\":\"Buy caluanie muelear oxidize 20L online conveniently and securely, with a straightforward ordering process for caluanie muelear oxidize 20L for sale. Order now!\",\"breadcrumb\":{\"@id\":\"https:\\\/\\\/factoryson.com\\\/product\\\/caluanie-muelear-oxidize-sale\\\/#breadcrumb\"},\"inLanguage\":\"pl-PL\",\"potentialAction\":[{\"@type\":\"ReadAction\",\"target\":[\"https:\\\/\\\/factoryson.com\\\/product\\\/caluanie-muelear-oxidize-sale\\\/\"]}]},{\"@type\":\"ImageObject\",\"inLanguage\":\"pl-PL\",\"@id\":\"https:\\\/\\\/factoryson.com\\\/product\\\/caluanie-muelear-oxidize-sale\\\/#primaryimage\",\"url\":\"https:\\\/\\\/factoryson.com\\\/wp-content\\\/uploads\\\/2024\\\/11\\\/Caluanie-Muelear-Oxidize-20L.gif\",\"contentUrl\":\"https:\\\/\\\/factoryson.com\\\/wp-content\\\/uploads\\\/2024\\\/11\\\/Caluanie-Muelear-Oxidize-20L.gif\",\"width\":600,\"height\":600,\"caption\":\"Caluanie Muelear Oxidize 20L for Sale\"},{\"@type\":\"BreadcrumbList\",\"@id\":\"https:\\\/\\\/factoryson.com\\\/product\\\/caluanie-muelear-oxidize-sale\\\/#breadcrumb\",\"itemListElement\":[{\"@type\":\"ListItem\",\"position\":1,\"name\":\"Home\",\"item\":\"https:\\\/\\\/factoryson.com\\\/nl\\\/\"},{\"@type\":\"ListItem\",\"position\":2,\"name\":\"Shop\",\"item\":\"https:\\\/\\\/factoryson.com\\\/nl\\\/shop\\\/\"},{\"@type\":\"ListItem\",\"position\":3,\"name\":\"Caluanie Muelear Oxidize 20L for Sale\"}]},{\"@type\":\"WebSite\",\"@id\":\"https:\\\/\\\/factoryson.com\\\/#website\",\"url\":\"https:\\\/\\\/factoryson.com\\\/\",\"name\":\"FactorySon\",\"description\":\"My WordPress Blog\",\"potentialAction\":[{\"@type\":\"SearchAction\",\"target\":{\"@type\":\"EntryPoint\",\"urlTemplate\":\"https:\\\/\\\/factoryson.com\\\/?s={search_term_string}\"},\"query-input\":{\"@type\":\"PropertyValueSpecification\",\"valueRequired\":true,\"valueName\":\"search_term_string\"}}],\"inLanguage\":\"pl-PL\"}]}<\/script>\n<!-- \/ Yoast SEO plugin. -->","yoast_head_json":{"title":"Caluanie Muelear Oxidize 20L na sprzeda\u017c online - FactorySon","description":"Kup caluanie muelear oxidize 20L online wygodnie i bezpiecznie, z prostym procesem zamawiania caluanie muelear oxidize 20L na sprzeda\u017c. Zam\u00f3w teraz!","robots":{"index":"index","follow":"follow","max-snippet":"max-snippet:-1","max-image-preview":"max-image-preview:large","max-video-preview":"max-video-preview:-1"},"canonical":"https:\/\/factoryson.com\/pl\/product\/caluanie-muelear-oxidize-sale\/","og_locale":"pl_PL","og_type":"article","og_title":"Caluanie Muelear Oxidize 20L for Sale Online - FactorySon","og_description":"Buy caluanie muelear oxidize 20L online conveniently and securely, with a straightforward ordering process for caluanie muelear oxidize 20L for sale. Order now!","og_url":"https:\/\/factoryson.com\/pl\/product\/caluanie-muelear-oxidize-sale\/","og_site_name":"FactorySon","article_modified_time":"2026-04-01T17:35:52+00:00","og_image":[{"width":600,"height":600,"url":"https:\/\/factoryson.com\/wp-content\/uploads\/2024\/11\/Caluanie-Muelear-Oxidize-20L.gif","type":"image\/gif"}],"twitter_card":"summary_large_image","twitter_misc":{"Szacowany czas czytania":"3 minuty"},"schema":{"@context":"https:\/\/schema.org","@graph":[{"@type":"WebPage","@id":"https:\/\/factoryson.com\/product\/caluanie-muelear-oxidize-sale\/","url":"https:\/\/factoryson.com\/product\/caluanie-muelear-oxidize-sale\/","name":"Caluanie Muelear Oxidize 20L na sprzeda\u017c online - FactorySon","isPartOf":{"@id":"https:\/\/factoryson.com\/#website"},"primaryImageOfPage":{"@id":"https:\/\/factoryson.com\/product\/caluanie-muelear-oxidize-sale\/#primaryimage"},"image":{"@id":"https:\/\/factoryson.com\/product\/caluanie-muelear-oxidize-sale\/#primaryimage"},"thumbnailUrl":"https:\/\/factoryson.com\/wp-content\/uploads\/2024\/11\/Caluanie-Muelear-Oxidize-20L.gif","datePublished":"2024-11-08T05:03:38+00:00","dateModified":"2026-04-01T17:35:52+00:00","description":"Kup caluanie muelear oxidize 20L online wygodnie i bezpiecznie, z prostym procesem zamawiania caluanie muelear oxidize 20L na sprzeda\u017c. Zam\u00f3w teraz!","breadcrumb":{"@id":"https:\/\/factoryson.com\/product\/caluanie-muelear-oxidize-sale\/#breadcrumb"},"inLanguage":"pl-PL","potentialAction":[{"@type":"ReadAction","target":["https:\/\/factoryson.com\/product\/caluanie-muelear-oxidize-sale\/"]}]},{"@type":"ImageObject","inLanguage":"pl-PL","@id":"https:\/\/factoryson.com\/product\/caluanie-muelear-oxidize-sale\/#primaryimage","url":"https:\/\/factoryson.com\/wp-content\/uploads\/2024\/11\/Caluanie-Muelear-Oxidize-20L.gif","contentUrl":"https:\/\/factoryson.com\/wp-content\/uploads\/2024\/11\/Caluanie-Muelear-Oxidize-20L.gif","width":600,"height":600,"caption":"Caluanie Muelear Oxidize 20L for Sale"},{"@type":"BreadcrumbList","@id":"https:\/\/factoryson.com\/product\/caluanie-muelear-oxidize-sale\/#breadcrumb","itemListElement":[{"@type":"ListItem","position":1,"name":"Home","item":"https:\/\/factoryson.com\/nl\/"},{"@type":"ListItem","position":2,"name":"Shop","item":"https:\/\/factoryson.com\/nl\/shop\/"},{"@type":"ListItem","position":3,"name":"Caluanie Muelear Oxidize 20L for Sale"}]},{"@type":"WebSite","@id":"https:\/\/factoryson.com\/#website","url":"https:\/\/factoryson.com\/","name":"FactorySon","description":"M\u00f3j blog WordPress","potentialAction":[{"@type":"SearchAction","target":{"@type":"EntryPoint","urlTemplate":"https:\/\/factoryson.com\/?s={search_term_string}"},"query-input":{"@type":"PropertyValueSpecification","valueRequired":true,"valueName":"search_term_string"}}],"inLanguage":"pl-PL"}]}},"_links":{"self":[{"href":"https:\/\/factoryson.com\/pl\/wp-json\/wp\/v2\/product\/667","targetHints":{"allow":["GET"]}}],"collection":[{"href":"https:\/\/factoryson.com\/pl\/wp-json\/wp\/v2\/product"}],"about":[{"href":"https:\/\/factoryson.com\/pl\/wp-json\/wp\/v2\/types\/product"}],"replies":[{"embeddable":true,"href":"https:\/\/factoryson.com\/pl\/wp-json\/wp\/v2\/comments?post=667"}],"wp:featuredmedia":[{"embeddable":true,"href":"https:\/\/factoryson.com\/pl\/wp-json\/wp\/v2\/media\/736"}],"wp:attachment":[{"href":"https:\/\/factoryson.com\/pl\/wp-json\/wp\/v2\/media?parent=667"}],"wp:term":[{"taxonomy":"product_brand","embeddable":true,"href":"https:\/\/factoryson.com\/pl\/wp-json\/wp\/v2\/product_brand?post=667"},{"taxonomy":"product_cat","embeddable":true,"href":"https:\/\/factoryson.com\/pl\/wp-json\/wp\/v2\/product_cat?post=667"},{"taxonomy":"product_tag","embeddable":true,"href":"https:\/\/factoryson.com\/pl\/wp-json\/wp\/v2\/product_tag?post=667"}],"curies":[{"name":"wp","href":"https:\/\/api.w.org\/{rel}","templated":true}]}}