{"id":666,"date":"2024-11-08T05:03:38","date_gmt":"2024-11-08T05:03:38","guid":{"rendered":"https:\/\/pvpgrams.com\/factory\/?post_type=product&#038;p=666"},"modified":"2026-04-01T05:47:28","modified_gmt":"2026-04-01T05:47:28","slug":"buy-isocyanic-acid-caluanie","status":"publish","type":"product","link":"https:\/\/factoryson.com\/pl\/product\/buy-isocyanic-acid-caluanie\/","title":{"rendered":"Kwas izocyjanowy A-B Caluanie"},"content":{"rendered":"<h2>Kup kwas izocyjanowy A-B Caluanie online <a href=\"https:\/\/factoryson.com\/pl\/product\/5l-caluanie-muelear-pasteurize\/\">-<\/a> Wysokowydajna mieszanka przemys\u0142owa do pow\u0142ok i izolacji<\/h2>\n<p>Patrz\u0105c na <strong>b<\/strong><strong>u<\/strong><strong>y <\/strong><strong>Kwas izocyjanowy A-B Caluanie<\/strong> <strong>online<\/strong>? Znany r\u00f3wnie\u017c jako <strong>Caluanie Muelear Oxidize<\/strong>Ten wszechstronny zwi\u0105zek jest znany ze swoich silnych w\u0142a\u015bciwo\u015bci wi\u0105\u017c\u0105cych i reaktywno\u015bci chemicznej, dzi\u0119ki czemu idealnie nadaje si\u0119 do <strong>produkcja pow\u0142ok przemys\u0142owych, izolacji i poliuretan\u00f3w<\/strong>. Dost\u0119pne dla <strong>Zam\u00f3wienia masowe, hurtowe i specjalistyczne<\/strong>FactorySon dostarcza najwy\u017cszej jako\u015bci kwas izocyjanowy A-B Caluanie, aby zaspokoi\u0107 wysokie zapotrzebowanie w bran\u017cy motoryzacyjnej, budowlanej i produkcyjnej. <strong>Kwas izocyjanowy A-B Caluanie na sprzeda\u017c online<\/strong>.<\/p>\n<h3>Dlaczego warto wybra\u0107 kwas izocyjanowy A-B Caluanie?<\/h3>\n<p>Kwas izocyjanowy A-B Caluanie jest skutecznym rozwi\u0105zaniem dla bran\u017c wymagaj\u0105cych <strong>silne w\u0142a\u015bciwo\u015bci klej\u0105ce i powlekaj\u0105ce<\/strong>. Dzi\u0119ki zdolno\u015bci do tworzenia izocyjanian\u00f3w jest szeroko stosowany w tworzeniu <strong>sztywne pianki, elastomery i pow\u0142oki ochronne<\/strong>. Znany z <strong>trwa\u0142o\u015b\u0107, odporno\u015b\u0107 na korozj\u0119 i warunki atmosferyczne<\/strong>Jest to doskona\u0142y wyb\u00f3r dla profesjonalist\u00f3w w nast\u0119puj\u0105cych bran\u017cach <strong>naprawy samochodowe, izolacja budynk\u00f3w i pow\u0142oki powierzchniowe<\/strong>.<\/p>\n<h4>Kluczowe zalety kwasu izocyjanowego A-B Caluanie na sprzeda\u017c<\/h4>\n<ul>\n<li><strong>Wysoka reaktywno\u015b\u0107 i wi\u0105zanie<\/strong>: Doskona\u0142y do klejenia materia\u0142\u00f3w takich jak <strong>aluminium, w\u0142\u00f3kno szklane, stal, drewno i cement<\/strong>.<\/li>\n<li><strong>Trwa\u0142o\u015b\u0107 i odporno\u015b\u0107<\/strong>: Odporny na korozj\u0119 i warunki atmosferyczne, dzi\u0119ki czemu nadaje si\u0119 do <strong>pow\u0142oki ochronne na konstrukcjach i pojazdach<\/strong>.<\/li>\n<li><strong>Szerokie zastosowania przemys\u0142owe<\/strong>: U\u017cywany w <strong>Produkcja pianki poliuretanowej<\/strong> do izolacji, a w <strong>pow\u0142oki do pod\u0142\u00f3g, pok\u0142ad\u00f3w, \u0142\u00f3\u017cek ci\u0119\u017car\u00f3wek i przyczep<\/strong>.<\/li>\n<li><strong>Ekonomiczne rozwi\u0105zanie<\/strong>: Idealny do masowej produkcji diizocyjanian\u00f3w, takich jak <strong>HDI, TDI i MDI<\/strong>stosowany w elastycznych piankach, klejach i elastomerach.<\/li>\n<\/ul>\n<h3>Zastosowania kwasu izocyjanowego A-B Caluanie na sprzeda\u017c<\/h3>\n<ol>\n<li><strong>Produkcja poliuretanu<\/strong>: Kluczowy w produkcji diizocyjanian\u00f3w stosowanych w <strong>Pianki poliuretanowe do izolacji<\/strong>po\u015bciel, opakowania i uszczelniacze.<\/li>\n<li><strong>Pow\u0142oki samochodowe i przemys\u0142owe<\/strong>: Zapewnia wysokowydajne pow\u0142oki dla <strong>skrzynie \u0142adunkowe ci\u0119\u017car\u00f3wek, konstrukcje stalowe i inny ci\u0119\u017cki sprz\u0119t<\/strong>chroni\u0105c przed zu\u017cyciem.<\/li>\n<li><strong>Izolacja budynku<\/strong>: Niezb\u0119dny do tworzenia sztywnych pianek dla <strong>izolacja domowa, lod\u00f3wki i ustawienia przemys\u0142owe<\/strong>.<\/li>\n<li><strong>\u0141\u0105czenie r\u00f3\u017cnych materia\u0142\u00f3w<\/strong>: Nadaje si\u0119 do klejenia <strong>szk\u0142o, guma, karton, drewno i metal<\/strong> powierzchni, z doskona\u0142\u0105 przyczepno\u015bci\u0105 i trwa\u0142o\u015bci\u0105.<\/li>\n<\/ol>\n<h3>Dost\u0119pne luzem - zam\u00f3wienia hurtowe i konkurencyjne ceny<\/h3>\n<p>FactorySon oferuje <strong>Kwas izocyjanowy A-B Caluanie<\/strong> w <strong>Ilo\u015bci hurtowe i hurtowe<\/strong>dzi\u0119ki czemu jest to op\u0142acalna opcja dla producent\u00f3w i bran\u017c wymagaj\u0105cych du\u017cych ilo\u015bci. Dzi\u0119ki konkurencyjnym cenom i szybkiej wysy\u0142ce FactorySon zapewnia niezawodne dostawy i wysok\u0105 jako\u015b\u0107.<\/p>\n<h4>Korzy\u015bci z zakup\u00f3w hurtowych:<\/h4>\n<ul>\n<li><strong>Oszcz\u0119dno\u015b\u0107 koszt\u00f3w w przypadku zam\u00f3wie\u0144 masowych<\/strong>: Idealny do zastosowa\u0144 przemys\u0142owych na du\u017c\u0105 skal\u0119.<\/li>\n<li><strong>Niezawodna i szybka wysy\u0142ka<\/strong>: Terminowa dostawa zapewniaj\u0105ca ci\u0105g\u0142o\u015b\u0107 produkcji.<\/li>\n<li><strong>Elastyczne ilo\u015bci<\/strong>: Zam\u00f3w odpowiedni\u0105 ilo\u015b\u0107 dla swoich potrzeb biznesowych, z opcjami zar\u00f3wno dla ma\u0142ych, jak i du\u017cych zam\u00f3wie\u0144.<\/li>\n<\/ul>\n<p><strong>Zam\u00f3w kwas izocyjanowy A-B Caluanie online w FactorySon ju\u017c dzi\u015b<\/strong><\/p>\n<p>Gotowy do z\u0142o\u017cenia zam\u00f3wienia? Kontakt <strong>FactorySon<\/strong> do <strong>kupowa\u0107<\/strong> <strong>Kwas izocyjanowy A-B Caluanie online<\/strong> i dowiedzie\u0107 si\u0119 wi\u0119cej o <strong>Ceny, dane dotycz\u0105ce bezpiecze\u0144stwa i opcje wysy\u0142ki<\/strong>. Niezale\u017cnie od tego, czy potrzebujesz go w bran\u017cy motoryzacyjnej, budowlanej czy produkcyjnej, kwas izocyjanowy A-B Caluanie firmy FactorySon to rozwi\u0105zanie przemys\u0142owe, kt\u00f3re zapewnia jako\u015b\u0107 i sp\u00f3jno\u015b\u0107 za ka\u017cdym razem.<\/p>\n<h3><strong>Przewodnik bezpiecze\u0144stwa dotycz\u0105cy post\u0119powania z kwasem izocyjanowym A-B Caluanie<\/strong><\/h3>\n<p>W\u0142a\u015bciwa obs\u0142uga <a href=\"https:\/\/en.wikipedia.org\/wiki\/Isocyanic_acid\"><strong>Kwas izocyjanowy A-B Caluanie<\/strong><\/a> ma zasadnicze znaczenie dla zapewnienia bezpiecze\u0144stwa i optymalnej wydajno\u015bci. Oto najwa\u017cniejsze wytyczne:<\/p>\n<ul>\n<li>Nosi\u0107 odpowiedni sprz\u0119t ochronny, w tym r\u0119kawice i okulary ochronne.<\/li>\n<li>Przechowywa\u0107 w ch\u0142odnym, suchym miejscu, z dala od \u017ar\u00f3de\u0142 ciep\u0142a i \u015bwiat\u0142a s\u0142onecznego.<\/li>\n<li>Stosowa\u0107 w dobrze wentylowanym miejscu, aby zapobiec wdychaniu opar\u00f3w.<\/li>\n<li>Niewykorzystany produkt nale\u017cy utylizowa\u0107 zgodnie z lokalnymi przepisami ochrony \u015brodowiska.<\/li>\n<\/ul>\n<p>Zapoznaj si\u0119 z nasz\u0105 <strong>Przewodnik bezpiecze\u0144stwa dotycz\u0105cy obs\u0142ugi kwasu izocyjanowego A-B Caluanie<\/strong> aby uzyska\u0107 szczeg\u00f3\u0142owe instrukcje.<\/p>\n<h3><strong>Skontaktuj si\u0119 z Factoryson ju\u017c dzi\u015b<\/strong><\/h3>\n<p>Dla <strong>Zaufani dostawcy kwasu izocyjanowego A-B Caluanie<\/strong>, choose Factoryson. Whether you need <strong>Kwas izocyjanowy A-B Caluanie o wysokiej czysto\u015bci<\/strong> dla <strong>roztwory chemiczne do kruszenia metali<\/strong> lub <strong>chemikalia g\u00f3rnicze do ekstrakcji metali<\/strong>mamy odpowiednie produkty dla Twojej firmy. Skontaktuj si\u0119 z nami ju\u017c dzi\u015b, aby <strong>kupi\u0107 kwas izocyjanowy A-B Caluanie online<\/strong>odkrywa\u0107 <strong>Opcje zakupu hurtowego<\/strong>i usprawni\u0107 procesy przemys\u0142owe.<\/p>\n<p>Factoryson - Tw\u00f3j niezawodny partner dla <a href=\"https:\/\/factoryson.com\/pl\/product\/kwas-izocyjanowy-a-b-kaluanie\/\"><strong>Kwas izocyjanowy A-B Caluanie na sprzeda\u017c<\/strong><\/a>!<\/p>","protected":false},"excerpt":{"rendered":"<h4><strong>Kwas izocyjanowy (HNCO)<\/strong><\/h4>\n<p><strong>Kwas izocyjanowy<\/strong> to prosty zwi\u0105zek organiczny o wzorze chemicznym HNCO. Jest on izomerem kwasu cyjanowego (HOCN) i odgrywa rol\u0119 w r\u00f3\u017cnych procesach chemicznych. Oto przegl\u0105d jego w\u0142a\u015bciwo\u015bci i zastosowa\u0144:<\/p>\n<p><strong>Nazwa chemiczna:<\/strong> Kwas izocyjanowy A - B<br \/>\n<strong>Typ:<\/strong> Kwas ISOCIAN<br \/>\n<strong>G\u0119sto\u015b\u0107:<\/strong> 1450 g\/l.<br \/>\n<strong>Wz\u00f3r chemiczny:<\/strong> HN = C = O<br \/>\n<strong>Formu\u0142a racjonalna:<\/strong> CHNO<br \/>\n<strong>Numer rejestracyjny CAS:<\/strong> 75-13-8<br \/>\n<strong>PubChem:<\/strong> 6347<br \/>\nNumer rejestracyjny EINECS: 616-189-3<br \/>\nJest to izomer kwasu fulm...noinowego (H-C\u2261N \u2192 O).<\/p>\n<p><strong>Zastosowania:<\/strong><\/p>\n<ul>\n<li><strong>Produkcja poliuretanu:<\/strong> Kwas izocyjanowy jest wykorzystywany w produkcji poliuretan\u00f3w do produkcji po\u015bcieli, podk\u0142ad\u00f3w dywanowych i materia\u0142\u00f3w opakowaniowych.<\/li>\n<li><strong>Uszczelniacze i kleje:<\/strong> S\u0142u\u017cy jako prekursor w produkcji uszczelniaczy, klej\u00f3w i elastomer\u00f3w.<\/li>\n<li><strong>Pianki sztywne:<\/strong> Zwi\u0105zek ten jest wykorzystywany do tworzenia sztywnych pianek do izolacji lod\u00f3wek i dom\u00f3w.<\/li>\n<li><strong>Pow\u0142oki powierzchniowe:<\/strong> Ze wzgl\u0119du na swoj\u0105 trwa\u0142o\u015b\u0107, odporno\u015b\u0107 na warunki atmosferyczne i korozj\u0119, kwas izocyjanowy jest idealny do powlekania powierzchni materia\u0142\u00f3w takich jak aluminium, stal, w\u0142\u00f3kno szklane, drewno i cement.<\/li>\n<li><strong>Przemys\u0142 motoryzacyjny:<\/strong> Jest coraz cz\u0119\u015bciej stosowany w naprawach karoserii i izolacji budynk\u00f3w.<\/li>\n<\/ul>","protected":false},"featured_media":735,"comment_status":"closed","ping_status":"closed","template":"","meta":{"pagelayer_contact_templates":[],"_pagelayer_content":"","_kadence_starter_templates_imported_post":false,"_kad_post_transparent":"default","_kad_post_title":"","_kad_post_layout":"default","_kad_post_sidebar_id":"","_kad_post_content_style":"default","_kad_post_vertical_padding":"default","_kad_post_feature":"","_kad_post_feature_position":"","_kad_post_header":false,"_kad_post_footer":false},"product_brand":[],"product_cat":[20],"product_tag":[],"class_list":{"0":"post-666","1":"product","2":"type-product","3":"status-publish","4":"has-post-thumbnail","6":"product_cat-caluanie","8":"first","9":"instock","10":"shipping-taxable","11":"purchasable","12":"product-type-variable","13":"entry","14":"content-bg","15":"loop-entry"},"yoast_head":"<!-- This site is optimized with the Yoast SEO plugin v27.3 - https:\/\/yoast.com\/product\/yoast-seo-wordpress\/ -->\n<title>Buy Isocyanic Acid A-B Caluanie - Isocyanic Acid A-B for Sale<\/title>\n<meta name=\"description\" content=\"If you want to buy isocyanic acid a-b caluanie online and looking for a reliable online store, then buy here. We offer only high-quality isocyanic acid a-b caluanie for sale at an affordable price. Order isocyanic acid a-b caluanie Now!\" \/>\n<meta name=\"robots\" content=\"index, follow, max-snippet:-1, max-image-preview:large, max-video-preview:-1\" \/>\n<link rel=\"canonical\" href=\"https:\/\/factoryson.com\/pl\/product\/buy-isocyanic-acid-caluanie\/\" \/>\n<meta property=\"og:locale\" content=\"pl_PL\" \/>\n<meta property=\"og:type\" content=\"article\" \/>\n<meta property=\"og:title\" content=\"Buy Isocyanic Acid A-B Caluanie - Isocyanic Acid A-B for Sale\" \/>\n<meta property=\"og:description\" content=\"If you want to buy isocyanic acid a-b caluanie online and looking for a reliable online store, then buy here. We offer only high-quality isocyanic acid a-b caluanie for sale at an affordable price. Order isocyanic acid a-b caluanie Now!\" \/>\n<meta property=\"og:url\" content=\"https:\/\/factoryson.com\/pl\/product\/buy-isocyanic-acid-caluanie\/\" \/>\n<meta property=\"og:site_name\" content=\"FactorySon\" \/>\n<meta property=\"article:modified_time\" content=\"2026-04-01T05:47:28+00:00\" \/>\n<meta property=\"og:image\" content=\"https:\/\/factoryson.com\/wp-content\/uploads\/2024\/11\/Isocyanic-Acid-A-B-Caluanie.gif\" \/>\n\t<meta property=\"og:image:width\" content=\"600\" \/>\n\t<meta property=\"og:image:height\" content=\"600\" \/>\n\t<meta property=\"og:image:type\" content=\"image\/gif\" \/>\n<meta name=\"twitter:card\" content=\"summary_large_image\" \/>\n<meta name=\"twitter:label1\" content=\"Szacowany czas czytania\" \/>\n\t<meta name=\"twitter:data1\" content=\"3 minuty\" \/>\n<script type=\"application\/ld+json\" class=\"yoast-schema-graph\">{\"@context\":\"https:\\\/\\\/schema.org\",\"@graph\":[{\"@type\":\"WebPage\",\"@id\":\"https:\\\/\\\/factoryson.com\\\/product\\\/buy-isocyanic-acid-caluanie\\\/\",\"url\":\"https:\\\/\\\/factoryson.com\\\/product\\\/buy-isocyanic-acid-caluanie\\\/\",\"name\":\"Buy Isocyanic Acid A-B Caluanie - Isocyanic Acid A-B for Sale\",\"isPartOf\":{\"@id\":\"https:\\\/\\\/factoryson.com\\\/#website\"},\"primaryImageOfPage\":{\"@id\":\"https:\\\/\\\/factoryson.com\\\/product\\\/buy-isocyanic-acid-caluanie\\\/#primaryimage\"},\"image\":{\"@id\":\"https:\\\/\\\/factoryson.com\\\/product\\\/buy-isocyanic-acid-caluanie\\\/#primaryimage\"},\"thumbnailUrl\":\"https:\\\/\\\/factoryson.com\\\/wp-content\\\/uploads\\\/2024\\\/11\\\/Isocyanic-Acid-A-B-Caluanie.gif\",\"datePublished\":\"2024-11-08T05:03:38+00:00\",\"dateModified\":\"2026-04-01T05:47:28+00:00\",\"description\":\"If you want to buy isocyanic acid a-b caluanie online and looking for a reliable online store, then buy here. We offer only high-quality isocyanic acid a-b caluanie for sale at an affordable price. Order isocyanic acid a-b caluanie Now!\",\"breadcrumb\":{\"@id\":\"https:\\\/\\\/factoryson.com\\\/product\\\/buy-isocyanic-acid-caluanie\\\/#breadcrumb\"},\"inLanguage\":\"pl-PL\",\"potentialAction\":[{\"@type\":\"ReadAction\",\"target\":[\"https:\\\/\\\/factoryson.com\\\/product\\\/buy-isocyanic-acid-caluanie\\\/\"]}]},{\"@type\":\"ImageObject\",\"inLanguage\":\"pl-PL\",\"@id\":\"https:\\\/\\\/factoryson.com\\\/product\\\/buy-isocyanic-acid-caluanie\\\/#primaryimage\",\"url\":\"https:\\\/\\\/factoryson.com\\\/wp-content\\\/uploads\\\/2024\\\/11\\\/Isocyanic-Acid-A-B-Caluanie.gif\",\"contentUrl\":\"https:\\\/\\\/factoryson.com\\\/wp-content\\\/uploads\\\/2024\\\/11\\\/Isocyanic-Acid-A-B-Caluanie.gif\",\"width\":600,\"height\":600,\"caption\":\"Buy Isocyanic Acid A-B Caluanie Online\"},{\"@type\":\"BreadcrumbList\",\"@id\":\"https:\\\/\\\/factoryson.com\\\/product\\\/buy-isocyanic-acid-caluanie\\\/#breadcrumb\",\"itemListElement\":[{\"@type\":\"ListItem\",\"position\":1,\"name\":\"Home\",\"item\":\"https:\\\/\\\/factoryson.com\\\/nl\\\/\"},{\"@type\":\"ListItem\",\"position\":2,\"name\":\"Shop\",\"item\":\"https:\\\/\\\/factoryson.com\\\/nl\\\/shop\\\/\"},{\"@type\":\"ListItem\",\"position\":3,\"name\":\"Isocyanic Acid A-B Caluanie\"}]},{\"@type\":\"WebSite\",\"@id\":\"https:\\\/\\\/factoryson.com\\\/#website\",\"url\":\"https:\\\/\\\/factoryson.com\\\/\",\"name\":\"FactorySon\",\"description\":\"My WordPress Blog\",\"potentialAction\":[{\"@type\":\"SearchAction\",\"target\":{\"@type\":\"EntryPoint\",\"urlTemplate\":\"https:\\\/\\\/factoryson.com\\\/?s={search_term_string}\"},\"query-input\":{\"@type\":\"PropertyValueSpecification\",\"valueRequired\":true,\"valueName\":\"search_term_string\"}}],\"inLanguage\":\"pl-PL\"}]}<\/script>\n<!-- \/ Yoast SEO plugin. -->","yoast_head_json":{"title":"Kup kwas izocyjanowy A-B Caluanie - Kwas izocyjanowy A-B na sprzeda\u017c","description":"Je\u015bli chcesz kupi\u0107 kwas izocyjanowy a-b caluanie online i szukasz wiarygodnego sklepu internetowego, kup tutaj. Oferujemy tylko wysokiej jako\u015bci kwas izocyjanowy a-b caluanie na sprzeda\u017c w przyst\u0119pnej cenie. Zam\u00f3w kwas izocyjanowy a-b caluanie ju\u017c teraz!","robots":{"index":"index","follow":"follow","max-snippet":"max-snippet:-1","max-image-preview":"max-image-preview:large","max-video-preview":"max-video-preview:-1"},"canonical":"https:\/\/factoryson.com\/pl\/product\/buy-isocyanic-acid-caluanie\/","og_locale":"pl_PL","og_type":"article","og_title":"Buy Isocyanic Acid A-B Caluanie - Isocyanic Acid A-B for Sale","og_description":"If you want to buy isocyanic acid a-b caluanie online and looking for a reliable online store, then buy here. We offer only high-quality isocyanic acid a-b caluanie for sale at an affordable price. Order isocyanic acid a-b caluanie Now!","og_url":"https:\/\/factoryson.com\/pl\/product\/buy-isocyanic-acid-caluanie\/","og_site_name":"FactorySon","article_modified_time":"2026-04-01T05:47:28+00:00","og_image":[{"width":600,"height":600,"url":"https:\/\/factoryson.com\/wp-content\/uploads\/2024\/11\/Isocyanic-Acid-A-B-Caluanie.gif","type":"image\/gif"}],"twitter_card":"summary_large_image","twitter_misc":{"Szacowany czas czytania":"3 minuty"},"schema":{"@context":"https:\/\/schema.org","@graph":[{"@type":"WebPage","@id":"https:\/\/factoryson.com\/product\/buy-isocyanic-acid-caluanie\/","url":"https:\/\/factoryson.com\/product\/buy-isocyanic-acid-caluanie\/","name":"Kup kwas izocyjanowy A-B Caluanie - Kwas izocyjanowy A-B na sprzeda\u017c","isPartOf":{"@id":"https:\/\/factoryson.com\/#website"},"primaryImageOfPage":{"@id":"https:\/\/factoryson.com\/product\/buy-isocyanic-acid-caluanie\/#primaryimage"},"image":{"@id":"https:\/\/factoryson.com\/product\/buy-isocyanic-acid-caluanie\/#primaryimage"},"thumbnailUrl":"https:\/\/factoryson.com\/wp-content\/uploads\/2024\/11\/Isocyanic-Acid-A-B-Caluanie.gif","datePublished":"2024-11-08T05:03:38+00:00","dateModified":"2026-04-01T05:47:28+00:00","description":"Je\u015bli chcesz kupi\u0107 kwas izocyjanowy a-b caluanie online i szukasz wiarygodnego sklepu internetowego, kup tutaj. Oferujemy tylko wysokiej jako\u015bci kwas izocyjanowy a-b caluanie na sprzeda\u017c w przyst\u0119pnej cenie. Zam\u00f3w kwas izocyjanowy a-b caluanie ju\u017c teraz!","breadcrumb":{"@id":"https:\/\/factoryson.com\/product\/buy-isocyanic-acid-caluanie\/#breadcrumb"},"inLanguage":"pl-PL","potentialAction":[{"@type":"ReadAction","target":["https:\/\/factoryson.com\/product\/buy-isocyanic-acid-caluanie\/"]}]},{"@type":"ImageObject","inLanguage":"pl-PL","@id":"https:\/\/factoryson.com\/product\/buy-isocyanic-acid-caluanie\/#primaryimage","url":"https:\/\/factoryson.com\/wp-content\/uploads\/2024\/11\/Isocyanic-Acid-A-B-Caluanie.gif","contentUrl":"https:\/\/factoryson.com\/wp-content\/uploads\/2024\/11\/Isocyanic-Acid-A-B-Caluanie.gif","width":600,"height":600,"caption":"Buy Isocyanic Acid A-B Caluanie Online"},{"@type":"BreadcrumbList","@id":"https:\/\/factoryson.com\/product\/buy-isocyanic-acid-caluanie\/#breadcrumb","itemListElement":[{"@type":"ListItem","position":1,"name":"Home","item":"https:\/\/factoryson.com\/nl\/"},{"@type":"ListItem","position":2,"name":"Shop","item":"https:\/\/factoryson.com\/nl\/shop\/"},{"@type":"ListItem","position":3,"name":"Isocyanic Acid A-B Caluanie"}]},{"@type":"WebSite","@id":"https:\/\/factoryson.com\/#website","url":"https:\/\/factoryson.com\/","name":"FactorySon","description":"M\u00f3j blog WordPress","potentialAction":[{"@type":"SearchAction","target":{"@type":"EntryPoint","urlTemplate":"https:\/\/factoryson.com\/?s={search_term_string}"},"query-input":{"@type":"PropertyValueSpecification","valueRequired":true,"valueName":"search_term_string"}}],"inLanguage":"pl-PL"}]}},"_links":{"self":[{"href":"https:\/\/factoryson.com\/pl\/wp-json\/wp\/v2\/product\/666","targetHints":{"allow":["GET"]}}],"collection":[{"href":"https:\/\/factoryson.com\/pl\/wp-json\/wp\/v2\/product"}],"about":[{"href":"https:\/\/factoryson.com\/pl\/wp-json\/wp\/v2\/types\/product"}],"replies":[{"embeddable":true,"href":"https:\/\/factoryson.com\/pl\/wp-json\/wp\/v2\/comments?post=666"}],"wp:featuredmedia":[{"embeddable":true,"href":"https:\/\/factoryson.com\/pl\/wp-json\/wp\/v2\/media\/735"}],"wp:attachment":[{"href":"https:\/\/factoryson.com\/pl\/wp-json\/wp\/v2\/media?parent=666"}],"wp:term":[{"taxonomy":"product_brand","embeddable":true,"href":"https:\/\/factoryson.com\/pl\/wp-json\/wp\/v2\/product_brand?post=666"},{"taxonomy":"product_cat","embeddable":true,"href":"https:\/\/factoryson.com\/pl\/wp-json\/wp\/v2\/product_cat?post=666"},{"taxonomy":"product_tag","embeddable":true,"href":"https:\/\/factoryson.com\/pl\/wp-json\/wp\/v2\/product_tag?post=666"}],"curies":[{"name":"wp","href":"https:\/\/api.w.org\/{rel}","templated":true}]}}