{"id":1235,"date":"2026-04-01T04:33:58","date_gmt":"2026-04-01T04:33:58","guid":{"rendered":"https:\/\/factoryson.com\/?post_type=product&#038;p=1235"},"modified":"2026-04-14T04:17:59","modified_gmt":"2026-04-14T04:17:59","slug":"buy-caluanie-liters","status":"publish","type":"product","link":"https:\/\/factoryson.com\/pl\/product\/buy-caluanie-liters\/","title":{"rendered":"Buy Quality Caluanie 5 Liters"},"content":{"rendered":"<p class=\"ds-markdown-paragraph\">Je\u015bli szukasz silnego i wszechstronnego zwi\u0105zku chemicznego do zastosowa\u0144 przemys\u0142owych, nie szukaj dalej ni\u017c Quality Caluanie. Nasz\u00a0<strong><a href=\"https:\/\/factoryson.com\/pl\/product\/buy-caluanie-liters\/\">Wysokiej jako\u015bci Caluanie \u2013 5 litr\u00f3w<\/a><\/strong>\u00a0Zosta\u0142 on opracowany specjalnie z my\u015bl\u0105 o procesach o kluczowym znaczeniu, takich jak efektywne kruszenie twardych metali oraz precyzyjne uszlachetnianie kamieni szlachetnych i p\u00f3\u0142szlachetnych. S\u0105 to bezsprzecznie g\u0142\u00f3wne i najwa\u017cniejsze zastosowania wysokiej jako\u015bci Caluanie w przemy\u015ble chemicznym. Ten niezwyk\u0142y zwi\u0105zek chemiczny stanowi niezast\u0105pione narz\u0119dzie, przekszta\u0142caj\u0105ce kamienie o bardzo niskiej jako\u015bci w klejnoty najwy\u017cszej klasy \u2013 czego doskona\u0142ym przyk\u0142adem jest jego zdolno\u015b\u0107 do uszlachetniania materia\u0142\u00f3w takich jak jadeit. Ze wzgl\u0119du na wyj\u0105tkow\u0105 skuteczno\u015b\u0107 tego produktu oraz ogromny popyt na niego \u2013 zw\u0142aszcza na rynkach azjatyckich \u2013 znalezienie go obecnie w znacznych ilo\u015bciach jest niezwykle trudne. Osobom poszukuj\u0105cym wysokiej jako\u015bci Caluanie oferujemy niezawodne dostawy oraz niezmienn\u0105 jako\u015b\u0107. Nasze produkty, dostarczane bezpo\u015brednio z fabryki, gwarantuj\u0105, \u017ce otrzymaj\u0105 Pa\u0144stwo wy\u0142\u0105cznie najlepsze dost\u0119pne na rynku Caluanie. <strong><a href=\"https:\/\/factoryson.com\/pl\/\">factoryson<\/a><\/strong><\/p>\n<h3 class=\"ds-markdown-paragraph\">Ods\u0142aniamy jako\u015b\u0107 Caluanie: jej pot\u0119\u017cne zastosowania<\/h3>\n<p class=\"ds-markdown-paragraph\">Podstawowa u\u017cyteczno\u015b\u0107\u00a0<a href=\"https:\/\/chemicopro.com\/de\/product\/roter-phosphor\/\"><strong>Wysokiej jako\u015bci Caluanie<\/strong>\u00a0<\/a>le\u017cy w jego wyj\u0105tkowej zdolno\u015bci do u\u0142atwiania wymagaj\u0105cych zada\u0144 przemys\u0142owych. Niezale\u017cnie od tego, czy wymagane jest precyzyjne kruszenie metalu, czy delikatne rafinowanie cennych kamieni, ten przemys\u0142owy \u015brodek chemiczny Caluanie wyr\u00f3\u017cnia si\u0119. Jest to ostateczny \u015brodek pozwalaj\u0105cy na osi\u0105gni\u0119cie doskona\u0142ych wynik\u00f3w w przetwarzaniu materia\u0142\u00f3w. Jego rola w ulepszaniu surowc\u00f3w jest szczeg\u00f3lnie zauwa\u017calna w tworzeniu wykwintnych przedmiot\u00f3w, umo\u017cliwiaj\u0105c rzemie\u015blnikom i producentom wytwarzanie produkt\u00f3w najwy\u017cszej klasy z w przeciwnym razie gorszych materia\u0142\u00f3w wyj\u015bciowych. To pot\u0119\u017cne rozwi\u0105zanie gwarantuje, \u017ce produkt ko\u0144cowy spe\u0142nia rygorystyczne standardy jako\u015bci, dostarczaj\u0105c niezr\u00f3wnan\u0105 warto\u015b\u0107 w wyspecjalizowanych sektorach przemys\u0142u.<\/p>\n<h3 class=\"ds-markdown-paragraph\">Unikalne w\u0142a\u015bciwo\u015bci Caluanie Muelear Oxidize<\/h3>\n<p class=\"ds-markdown-paragraph\">Nasz Caluanie Muelear Oxidize jest powszechnie znany ze swojego niezwyk\u0142ego wp\u0142ywu na materia\u0142y. Nasze Caluanie i Caluanie Muelear Oxidize to produkty Caluanie o wysokiej czysto\u015bci. Jest to produkt, kt\u00f3ry wykazuje niezwyk\u0142\u0105 moc, s\u0142yn\u0105cy z tego, \u017ce pozwala na \u0142amanie paznokci go\u0142ymi r\u0119kami po kr\u00f3tkim 10-20 sekundowym zanurzeniu, symbolizuj\u0105cym jego g\u0142\u0119bokie zdolno\u015bci do zmiany materia\u0142\u00f3w. Jest to przypisywane jednemu z najbardziej znanych fakt\u00f3w na temat jego sk\u0142adnika zwi\u0105zku ci\u0119\u017ckiej wody: tymczasowo zmienia w\u0142a\u015bciwo\u015bci fizyczne metalu, czyni\u0105c go kruchym. Jednak prawdziwie zdumiewaj\u0105cym aspektem jest to, \u017ce po odparowaniu ci\u0119\u017ckiej wody metal ca\u0142kowicie powraca do swojego poprzedniego stanu. Ta tymczasowa i odwracalna zmiana w\u0142a\u015bciwo\u015bci materia\u0142u jest prawdziwie magiczna, pokazuj\u0105c zaawansowan\u0105 natur\u0119 tego zwi\u0105zku chemicznego Caluanie i jego kontrolowany potencja\u0142 zastosowania. Tylko\u00a0<a href=\"https:\/\/factoryson.com\/pl\/product\/buy-gbl-rim-cleaner\/\"><strong>Autentyczne Caluanie<\/strong><\/a>\u00a0Fabryczny Son zapewnia te wyniki.<\/p>\n<h3 class=\"ds-markdown-paragraph\">Dlaczego warto wybra\u0107 nasz wysokoczysty Caluanie Muelear Oxidize?<\/h3>\n<p class=\"ds-markdown-paragraph\">Wyb\u00f3r odpowiedniego dostawcy tak specjalistycznego produktu ma kluczowe znaczenie. Jeste\u015bmy g\u0142\u0119boko zaanga\u017cowani w \u015bwiadczenie us\u0142ug na najwy\u017cszym poziomie, ugruntowuj\u0105c swoj\u0105 pozycj\u0119 jako prawdopodobnie najbardziej niezawodny dostawca Caluanie dost\u0119pny obecnie na rynku. Jako zaufany dostawca Caluanie, stawiamy Twoje potrzeby na pierwszym miejscu. Nasze przywi\u0105zanie do jako\u015bci oraz satysfakcji klienta zaowocowa\u0142o osi\u0105gni\u0119ciem 100-procentowej skuteczno\u015bci realizacji zam\u00f3wie\u0144 w wi\u0119kszo\u015bci kraj\u00f3w Azji i Ameryki P\u00f3\u0142nocnej. Dbamy o to, aby nasze procesy bezpiecznego pozyskiwania i sprawnej dystrybucji by\u0142y w pe\u0142ni zabezpieczone i efektywne, oferuj\u0105c Ci tym samym najlepsze dost\u0119pne Caluanie. Zamawiaj\u0105c Caluanie online w naszej firmie, zyskujesz gwarancj\u0119 bezpiecznego zakupu oraz bezpo\u015bredni dost\u0119p do autentycznego, wysoce czystego Caluanie \u2013 produktu pochodz\u0105cego bezpo\u015brednio od producenta.<strong><a href=\"https:\/\/en.wikipedia.org\/wiki\/Oxidizing_acid\">Bezpo\u015brednia jako\u015b\u0107<\/a><\/strong>Z dum\u0105 oferujemy ten wyj\u0105tkowy produkt, kt\u00f3ry mog\u0105 Pa\u0144stwo naby\u0107 z pe\u0142nym zaufaniem bezpo\u015brednio od producenta \u2013 firmy Son \u2013 z gwarancj\u0105 najwy\u017cszej jako\u015bci i obs\u0142ugi. Jako wiod\u0105cy dostawca Caluanie, zapewniamy niezawodne dostawy oraz niezmienn\u0105 jako\u015b\u0107 wszystkim naszym klientom poszukuj\u0105cym wysokogatunkowego Caluanie, Caluanie Muelear Oxidize lub Caluanie w 5-litrowych opakowaniach. Wybierz nas.\u00a0<strong>r<a href=\"https:\/\/caluaniemuelearoxidize.uk\/\">Dostawcy online Caluanie<\/a><\/strong>\u00a0Wybierz nas, aby zaspokoi\u0107 wszelkie swoje potrzeby w zakresie przemys\u0142owych chemikali\u00f3w Caluanie.<\/p>\n<h2>Specyfikacje produktu i opcje pakowania<\/h2>\n<p>Nasz produkt oferowany jest jako wysokiej jako\u015bci Caluanie w 5-litrowych opakowaniach \u2013 a konkretnie Caluanie surowe o czysto\u015bci 99% \u2013 wytwarzane w oparciu o zaawansowany proces Muelear Oxidize. Sk\u0142ad tego silnego \u015brodka obejmuje Oxidative Partarization Thermostat oraz ci\u0119\u017ck\u0105 wod\u0119, kt\u00f3re dzia\u0142aj\u0105 w synergii, nadaj\u0105c mu unikalne w\u0142a\u015bciwo\u015bci. Jeste\u015bmy dumni z tego, \u017ce oferujemy na sprzeda\u017c Caluanie Muelear Oxidize o najwy\u017cszym stopniu czysto\u015bci, gwarantuj\u0105c, i\u017c ka\u017cda partia spe\u0142nia rygorystyczne standardy jako\u015bci. Rozumiej\u0105c zr\u00f3\u017cnicowane potrzeby przemys\u0142u, zapewniamy elastyczne rozwi\u0105zania w zakresie pakowania, dostosowane do r\u00f3\u017cnych skal dzia\u0142alno\u015bci operacyjnej. Dla klient\u00f3w wymagaj\u0105cych wi\u0119kszych ilo\u015bci produktu dost\u0119pne s\u0105 r\u00f3wnie\u017c nasze opcje pakowania hurtowego.<\/p>\n<table>\n<caption>Dost\u0119pne formaty opakowa\u0144 dla Caluanie Muelear Oxidize<\/caption>\n<thead>\n<tr>\n<th>Jednostka standardowa<\/th>\n<th>Opcje hurtowe (litry)<\/th>\n<th>Zam\u00f3wienia indywidualne<\/th>\n<\/tr>\n<\/thead>\n<tbody>\n<tr>\n<td>5 Liters<\/td>\n<td>20L, 50L, 100L<\/td>\n<td>Zgodnie z pro\u015bb\u0105 kupuj\u0105cego<\/td>\n<\/tr>\n<\/tbody>\n<\/table>\n<h2>Zabezpiecz swoje zapasy autentycznego Caluanie.<\/h2>\n<p>Dla bran\u017c i zastosowa\u0144 specjalistycznych, wymagaj\u0105cych najwy\u017cszych zdolno\u015bci w zakresie transformacji materia\u0142owej, kluczowe znaczenie ma sta\u0142e zaopatrzenie w wysokiej czysto\u015bci Caluanie. Nasze zobowi\u0105zanie do dostarczania autentycznego i skutecznego produktu \u2013 w po\u0142\u0105czeniu z udokumentowanym do\u015bwiadczeniem \u2013 czyni nas idealnym partnerem w zakresie Pa\u0144stwa potrzeb zaopatrzeniowych. Nadal oferujemy produkt najwy\u017cszej jako\u015bci.<b><a href=\"https:\/\/factoryson.com\/pl\/product\/buy-safrole-online\/\">Caluanie Muelear Oxidize<\/a><\/b>Dost\u0119pny w sprzeda\u017cy produkt gwarantuje, \u017ce nasi klienci otrzymaj\u0105 \u015brodek zdolny do zapewnienia wyj\u0105tkowych rezultat\u00f3w w procesach kruszenia metali oraz obr\u00f3bki kamienia. Dokonaj bezpiecznego zakupu ju\u017c dzi\u015b i wykorzystaj unikalne korzy\u015bci, jakie w Twojej dzia\u0142alno\u015bci mo\u017ce zapewni\u0107 wy\u0142\u0105cznie nasze najwy\u017cszej jako\u015bci Caluanie. <a href=\"https:\/\/factoryson.com\/pl\/product\/buy-caluanie-liters\/\"><strong>Przegl\u0105daj produkty<\/strong><\/a><\/p>","protected":false},"excerpt":{"rendered":"<p><b>Quality Caluanie Muelear Oxidize<\/b>, available to buy at Factory Son, is a crude 99% purity solution generated from Muelear oxidize, comprising Oxidative Partarization Thermostat and Heavy Water. It is expertly utilized for metal crushing and the refinement of precious stones, offering unique, temporary material transformation properties.<\/p>","protected":false},"featured_media":1853,"comment_status":"open","ping_status":"closed","template":"","meta":{"pagelayer_contact_templates":[],"_pagelayer_content":"","_kadence_starter_templates_imported_post":false,"_kad_post_transparent":"default","_kad_post_title":"","_kad_post_layout":"default","_kad_post_sidebar_id":"","_kad_post_content_style":"default","_kad_post_vertical_padding":"default","_kad_post_feature":"","_kad_post_feature_position":"","_kad_post_header":false,"_kad_post_footer":false},"product_brand":[],"product_cat":[112],"product_tag":[],"class_list":{"0":"post-1235","1":"product","2":"type-product","3":"status-publish","4":"has-post-thumbnail","6":"product_cat-caluanie-muelear-oxide","8":"first","9":"instock","10":"shipping-taxable","11":"purchasable","12":"product-type-variable","13":"entry","14":"content-bg","15":"loop-entry"},"yoast_head":"<!-- This site is optimized with the Yoast SEO plugin v27.3 - https:\/\/yoast.com\/product\/yoast-seo-wordpress\/ -->\n<title>Quality Caluanie Muelear Oxidize | Buy Caluanie Muelear Oxidize<\/title>\n<meta name=\"description\" content=\"Quality Caluanie Muelear Oxidize, Buy Caluanie Muelear Oxidize. We sale the highest quality Caluanie Muelear oxidize (99%), sourced directly from the manufacturers at the lowest prices.\" \/>\n<meta name=\"robots\" content=\"index, follow, max-snippet:-1, max-image-preview:large, max-video-preview:-1\" \/>\n<link rel=\"canonical\" href=\"https:\/\/factoryson.com\/pl\/product\/buy-caluanie-liters\/\" \/>\n<meta property=\"og:locale\" content=\"pl_PL\" \/>\n<meta property=\"og:type\" content=\"article\" \/>\n<meta property=\"og:title\" content=\"Quality Caluanie Muelear Oxidize | Buy Caluanie Muelear Oxidize\" \/>\n<meta property=\"og:description\" content=\"Quality Caluanie Muelear Oxidize, Buy Caluanie Muelear Oxidize. We sale the highest quality Caluanie Muelear oxidize (99%), sourced directly from the manufacturers at the lowest prices.\" \/>\n<meta property=\"og:url\" content=\"https:\/\/factoryson.com\/pl\/product\/buy-caluanie-liters\/\" \/>\n<meta property=\"og:site_name\" content=\"FactorySon\" \/>\n<meta property=\"article:modified_time\" content=\"2026-04-14T04:17:59+00:00\" \/>\n<meta property=\"og:image\" content=\"https:\/\/factoryson.com\/wp-content\/uploads\/2026\/04\/caluanie-muelear-oxidized-premium-quality-500x500-1.webp\" \/>\n\t<meta property=\"og:image:width\" content=\"373\" \/>\n\t<meta property=\"og:image:height\" content=\"500\" \/>\n\t<meta property=\"og:image:type\" content=\"image\/webp\" \/>\n<meta name=\"twitter:card\" content=\"summary_large_image\" \/>\n<meta name=\"twitter:label1\" content=\"Szacowany czas czytania\" \/>\n\t<meta name=\"twitter:data1\" content=\"4 minuty\" \/>\n<script type=\"application\/ld+json\" class=\"yoast-schema-graph\">{\"@context\":\"https:\\\/\\\/schema.org\",\"@graph\":[{\"@type\":\"WebPage\",\"@id\":\"https:\\\/\\\/factoryson.com\\\/product\\\/buy-caluanie-liters\\\/\",\"url\":\"https:\\\/\\\/factoryson.com\\\/product\\\/buy-caluanie-liters\\\/\",\"name\":\"Quality Caluanie Muelear Oxidize | Buy Caluanie Muelear Oxidize\",\"isPartOf\":{\"@id\":\"https:\\\/\\\/factoryson.com\\\/#website\"},\"primaryImageOfPage\":{\"@id\":\"https:\\\/\\\/factoryson.com\\\/product\\\/buy-caluanie-liters\\\/#primaryimage\"},\"image\":{\"@id\":\"https:\\\/\\\/factoryson.com\\\/product\\\/buy-caluanie-liters\\\/#primaryimage\"},\"thumbnailUrl\":\"https:\\\/\\\/factoryson.com\\\/wp-content\\\/uploads\\\/2026\\\/04\\\/caluanie-muelear-oxidized-premium-quality-500x500-1.webp\",\"datePublished\":\"2026-04-01T04:33:58+00:00\",\"dateModified\":\"2026-04-14T04:17:59+00:00\",\"description\":\"Quality Caluanie Muelear Oxidize, Buy Caluanie Muelear Oxidize. We sale the highest quality Caluanie Muelear oxidize (99%), sourced directly from the manufacturers at the lowest prices.\",\"breadcrumb\":{\"@id\":\"https:\\\/\\\/factoryson.com\\\/product\\\/buy-caluanie-liters\\\/#breadcrumb\"},\"inLanguage\":\"pl-PL\",\"potentialAction\":[{\"@type\":\"ReadAction\",\"target\":[\"https:\\\/\\\/factoryson.com\\\/product\\\/buy-caluanie-liters\\\/\"]}]},{\"@type\":\"ImageObject\",\"inLanguage\":\"pl-PL\",\"@id\":\"https:\\\/\\\/factoryson.com\\\/product\\\/buy-caluanie-liters\\\/#primaryimage\",\"url\":\"https:\\\/\\\/factoryson.com\\\/wp-content\\\/uploads\\\/2026\\\/04\\\/caluanie-muelear-oxidized-premium-quality-500x500-1.webp\",\"contentUrl\":\"https:\\\/\\\/factoryson.com\\\/wp-content\\\/uploads\\\/2026\\\/04\\\/caluanie-muelear-oxidized-premium-quality-500x500-1.webp\",\"width\":373,\"height\":500},{\"@type\":\"BreadcrumbList\",\"@id\":\"https:\\\/\\\/factoryson.com\\\/product\\\/buy-caluanie-liters\\\/#breadcrumb\",\"itemListElement\":[{\"@type\":\"ListItem\",\"position\":1,\"name\":\"Home\",\"item\":\"https:\\\/\\\/factoryson.com\\\/nl\\\/\"},{\"@type\":\"ListItem\",\"position\":2,\"name\":\"Shop\",\"item\":\"https:\\\/\\\/factoryson.com\\\/nl\\\/shop\\\/\"},{\"@type\":\"ListItem\",\"position\":3,\"name\":\"Buy Quality Caluanie 5 Liters\"}]},{\"@type\":\"WebSite\",\"@id\":\"https:\\\/\\\/factoryson.com\\\/#website\",\"url\":\"https:\\\/\\\/factoryson.com\\\/\",\"name\":\"FactorySon\",\"description\":\"My WordPress Blog\",\"potentialAction\":[{\"@type\":\"SearchAction\",\"target\":{\"@type\":\"EntryPoint\",\"urlTemplate\":\"https:\\\/\\\/factoryson.com\\\/?s={search_term_string}\"},\"query-input\":{\"@type\":\"PropertyValueSpecification\",\"valueRequired\":true,\"valueName\":\"search_term_string\"}}],\"inLanguage\":\"pl-PL\"}]}<\/script>\n<!-- \/ Yoast SEO plugin. -->","yoast_head_json":{"title":"Quality Caluanie Muelear Oxidize | Buy Caluanie Muelear Oxidize","description":"Quality Caluanie Muelear Oxidize, Buy Caluanie Muelear Oxidize. We sale the highest quality Caluanie Muelear oxidize (99%), sourced directly from the manufacturers at the lowest prices.","robots":{"index":"index","follow":"follow","max-snippet":"max-snippet:-1","max-image-preview":"max-image-preview:large","max-video-preview":"max-video-preview:-1"},"canonical":"https:\/\/factoryson.com\/pl\/product\/buy-caluanie-liters\/","og_locale":"pl_PL","og_type":"article","og_title":"Quality Caluanie Muelear Oxidize | Buy Caluanie Muelear Oxidize","og_description":"Quality Caluanie Muelear Oxidize, Buy Caluanie Muelear Oxidize. We sale the highest quality Caluanie Muelear oxidize (99%), sourced directly from the manufacturers at the lowest prices.","og_url":"https:\/\/factoryson.com\/pl\/product\/buy-caluanie-liters\/","og_site_name":"FactorySon","article_modified_time":"2026-04-14T04:17:59+00:00","og_image":[{"width":373,"height":500,"url":"https:\/\/factoryson.com\/wp-content\/uploads\/2026\/04\/caluanie-muelear-oxidized-premium-quality-500x500-1.webp","type":"image\/webp"}],"twitter_card":"summary_large_image","twitter_misc":{"Szacowany czas czytania":"4 minuty"},"schema":{"@context":"https:\/\/schema.org","@graph":[{"@type":"WebPage","@id":"https:\/\/factoryson.com\/product\/buy-caluanie-liters\/","url":"https:\/\/factoryson.com\/product\/buy-caluanie-liters\/","name":"Quality Caluanie Muelear Oxidize | Buy Caluanie Muelear Oxidize","isPartOf":{"@id":"https:\/\/factoryson.com\/#website"},"primaryImageOfPage":{"@id":"https:\/\/factoryson.com\/product\/buy-caluanie-liters\/#primaryimage"},"image":{"@id":"https:\/\/factoryson.com\/product\/buy-caluanie-liters\/#primaryimage"},"thumbnailUrl":"https:\/\/factoryson.com\/wp-content\/uploads\/2026\/04\/caluanie-muelear-oxidized-premium-quality-500x500-1.webp","datePublished":"2026-04-01T04:33:58+00:00","dateModified":"2026-04-14T04:17:59+00:00","description":"Quality Caluanie Muelear Oxidize, Buy Caluanie Muelear Oxidize. We sale the highest quality Caluanie Muelear oxidize (99%), sourced directly from the manufacturers at the lowest prices.","breadcrumb":{"@id":"https:\/\/factoryson.com\/product\/buy-caluanie-liters\/#breadcrumb"},"inLanguage":"pl-PL","potentialAction":[{"@type":"ReadAction","target":["https:\/\/factoryson.com\/product\/buy-caluanie-liters\/"]}]},{"@type":"ImageObject","inLanguage":"pl-PL","@id":"https:\/\/factoryson.com\/product\/buy-caluanie-liters\/#primaryimage","url":"https:\/\/factoryson.com\/wp-content\/uploads\/2026\/04\/caluanie-muelear-oxidized-premium-quality-500x500-1.webp","contentUrl":"https:\/\/factoryson.com\/wp-content\/uploads\/2026\/04\/caluanie-muelear-oxidized-premium-quality-500x500-1.webp","width":373,"height":500},{"@type":"BreadcrumbList","@id":"https:\/\/factoryson.com\/product\/buy-caluanie-liters\/#breadcrumb","itemListElement":[{"@type":"ListItem","position":1,"name":"Home","item":"https:\/\/factoryson.com\/nl\/"},{"@type":"ListItem","position":2,"name":"Shop","item":"https:\/\/factoryson.com\/nl\/shop\/"},{"@type":"ListItem","position":3,"name":"Buy Quality Caluanie 5 Liters"}]},{"@type":"WebSite","@id":"https:\/\/factoryson.com\/#website","url":"https:\/\/factoryson.com\/","name":"FactorySon","description":"M\u00f3j blog WordPress","potentialAction":[{"@type":"SearchAction","target":{"@type":"EntryPoint","urlTemplate":"https:\/\/factoryson.com\/?s={search_term_string}"},"query-input":{"@type":"PropertyValueSpecification","valueRequired":true,"valueName":"search_term_string"}}],"inLanguage":"pl-PL"}]}},"_links":{"self":[{"href":"https:\/\/factoryson.com\/pl\/wp-json\/wp\/v2\/product\/1235","targetHints":{"allow":["GET"]}}],"collection":[{"href":"https:\/\/factoryson.com\/pl\/wp-json\/wp\/v2\/product"}],"about":[{"href":"https:\/\/factoryson.com\/pl\/wp-json\/wp\/v2\/types\/product"}],"replies":[{"embeddable":true,"href":"https:\/\/factoryson.com\/pl\/wp-json\/wp\/v2\/comments?post=1235"}],"wp:featuredmedia":[{"embeddable":true,"href":"https:\/\/factoryson.com\/pl\/wp-json\/wp\/v2\/media\/1853"}],"wp:attachment":[{"href":"https:\/\/factoryson.com\/pl\/wp-json\/wp\/v2\/media?parent=1235"}],"wp:term":[{"taxonomy":"product_brand","embeddable":true,"href":"https:\/\/factoryson.com\/pl\/wp-json\/wp\/v2\/product_brand?post=1235"},{"taxonomy":"product_cat","embeddable":true,"href":"https:\/\/factoryson.com\/pl\/wp-json\/wp\/v2\/product_cat?post=1235"},{"taxonomy":"product_tag","embeddable":true,"href":"https:\/\/factoryson.com\/pl\/wp-json\/wp\/v2\/product_tag?post=1235"}],"curies":[{"name":"wp","href":"https:\/\/api.w.org\/{rel}","templated":true}]}}