{"id":667,"date":"2024-11-08T05:03:38","date_gmt":"2024-11-08T05:03:38","guid":{"rendered":"https:\/\/pvpgrams.com\/factory\/?post_type=product&#038;p=667"},"modified":"2026-04-01T17:35:52","modified_gmt":"2026-04-01T17:35:52","slug":"caluanie-muelear-oxidize-sale","status":"publish","type":"product","link":"https:\/\/factoryson.com\/nl\/product\/caluanie-muelear-oxidize-sale\/","title":{"rendered":"Caluanie Muelear Oxidize 20L te koop"},"content":{"rendered":"<h3>Caluanie Muelear Oxidize 20L: Uw industri\u00eble oplossing<\/h3>\n<p>Bent u op zoek naar Caluanie Muelear Oxidize 20L tegen de beste prijs van een betrouwbare bron? Bij Factoryson zijn we gespecialiseerd in het leveren van... <strong>high-purity<a href=\"https:\/\/factoryson.com\/nl\/product\/benzyl-cyanide-for-sale\/\"> Caluanie Muelear Oxidize<\/a><\/strong> voor bedrijfstakken over de hele wereld. Of u nu in <strong>metaalrecycling<\/strong>, <strong>mijnbouw<\/strong>of <strong>materiaalverwerkende industrie\u00ebn<\/strong>onze <strong>Caluanie Muelear Oxidize 20L<\/strong> biedt de perfecte oplossing voor uw zware eisen. Met <strong>Caluanie Muelear Oxidize 20L te koop<\/strong>verzekeren we u van topkwaliteit en concurrerende prijzen voor al uw industri\u00eble behoeften<a href=\"https:\/\/moleculeminds.com\/shop\/1l-caluanie-muelear-oxidize\/\">.<\/a><\/p>\n<h3>Waarom kiezen voor Factoryson voor Caluanie Muelear Oxidize?<\/h3>\n<p>We zijn een van de meest <strong>betrouwbare leveranciers van Caluanie Muelear <a href=\"https:\/\/en.wikipedia.org\/wiki\/Oxidizing_acid\">Oxideren<\/a><\/strong>, die <strong>bulk Caluanie Muelear Oxidize bestellingen<\/strong> voor <strong>metaalindustrie\u00ebn<\/strong> en <strong>materiaalverwerkingstoepassingen<\/strong>. Als betrouwbare <strong>Caluanie online leveranciers<\/strong>bieden we snelle verzending, flexibele opties en <strong>Beschikbaarheid van Caluanie voor export<\/strong> om klanten wereldwijd van dienst te zijn. Onze <strong>Caluanie Muelear Oxidize prijs per liter<\/strong> concurrerend is, wat het voor bedrijven gemakkelijker maakt om Factoryson te kiezen als hun go-to partner.<\/p>\n<h4>Toepassingen van Caluanie Muelear Oxidize 20L<\/h4>\n<p><strong>Industri\u00eble Caluanie Muelear Oxidize<\/strong> is ontworpen voor diverse zware toepassingen in verschillende industrie\u00ebn. Zo werkt het:<\/p>\n<ol>\n<li><strong>Metaal zachter maken<\/strong>: Essentieel voor <strong>leveranciers van metaal onthardingsreagentia<\/strong>, Caluanie wordt gebruikt in <strong>chemicali\u00ebn voor metaalrecycling<\/strong> om metalen broos te maken en makkelijker te pletten.<\/li>\n<li><strong>Erts- en mineraalverwerking<\/strong>: Wanneer u <strong>Caluanie kopen voor mijnbouw en ertsverwerking<\/strong>Het vereenvoudigt extractieprocessen en verbetert de effici\u00ebntie.<\/li>\n<li><strong>Breekchemicali\u00ebn voor zwaar gebruik<\/strong>: Met zijn krachtige eigenschappen dient Caluanie als een onmisbare <strong>chemische oplossing voor het breken van metalen<\/strong> en andere harde materialen.<\/li>\n<li><strong>Recycling en mijnbouw<\/strong>: Het gebruik in <strong>recycling en mijnbouw<\/strong> maakt het een favoriet voor <strong>industri\u00eble kopers van Caluanie Muelear Oxidize<\/strong>.<\/li>\n<\/ol>\n<h4>Bulkorders voor zware industrie\u00ebn<\/h4>\n<p>Factoryson is gespecialiseerd in <strong>bulk Caluanie Muelear Oxidize bestellingen<\/strong> voor <strong>zware industrie\u00ebn<\/strong>. Of u nu <strong>Caluanie zwaar water reagens<\/strong> voor grootschalige activiteiten of kleinere hoeveelheden voor nichetoepassingen, bij ons zit je goed. Onze rol als <strong>Caluanie leverancier voor metaalindustrie<\/strong> garandeert een naadloze levering en betrouwbare prestaties bij elke verzending.<\/p>\n<h3>Veiligheidsgids voor het werken met Caluanie Muelear Oxidize<\/h3>\n<p>Veiligheid is onze topprioriteit. Bij gebruik van <strong>Caluanie Muelear Oxidize 20L<\/strong>Volg deze richtlijnen:<\/p>\n<ul>\n<li>Draag geschikte beschermende kleding, waaronder handschoenen en een veiligheidsbril.<\/li>\n<li>Gebruik in een goed geventileerde ruimte om inademen van dampen te voorkomen.<\/li>\n<li>Bewaar op een veilige, koele en droge plaats.<\/li>\n<li>Raadpleeg onze gedetailleerde <strong>veiligheidsgids voor het werken met Caluanie Muelear Oxidize<\/strong> om de beste praktijken te garanderen.<\/li>\n<\/ul>\n<h3>Neem contact met ons op voor Caluanie Muelear Oxidize 20L<\/h3>\n<p>Op zoek naar de <strong>beste plaats om Caluanie te kopen<a href=\"https:\/\/factoryson.com\/nl\/product\/sodium-benzoate-powder-sale\/\"> Muelear Oxidize 20L<\/a> online<\/strong>? Factoryson biedt <strong>hoogzuivere Caluanie Muelear Oxidize<\/strong> afgestemd op uw specifieke behoeften. Met onze expertise in <strong>industrieel gebruik van Caluanie Muelear Oxidize<\/strong>leveren we uitzonderlijke waarde voor alle industri\u00eble toepassingen. Neem vandaag nog contact met ons op voor meer informatie over <strong><a href=\"https:\/\/factoryson.com\/nl\/product\/benzyl-cyanide-for-sale\/\">Caluanie Muelear Oxidize<\/a> 20L for sale<\/strong>, een bestelling plaatsen of onze <strong>bulkaankoopopties<\/strong>. Caluanie Muelear Oxidize 20L kopen<\/p>\n<p>Factoryson - Uw betrouwbare partner voor <strong>Caluanie Muelear Oxidize 20L te koop<\/strong>!<\/p>","protected":false},"excerpt":{"rendered":"<p>Welkom bij de toekomst van chemische innovatie met <strong>20L Caluanie Muelear Oxidize<\/strong>. Naarmate industrie\u00ebn zich verder ontwikkelen, blijft de vraag naar hoogwaardige chemicali\u00ebn die de productie-effici\u00ebntie en productkwaliteit kunnen verbeteren, stijgen. Caluanie Muelear Oxidize loopt voorop en dient als een veelzijdig oxidatiemiddel dat cruciaal is voor verschillende toepassingen, waaronder farmaceutica, landbouw en chemische productie.<\/p>\n<ul>\n<li><strong>Moleculaire formule<\/strong>: C\u2087H\u2085N<\/li>\n<li><strong>CAS-nummer<\/strong>: 100-52-7<\/li>\n<li><strong>Fysieke staat<\/strong>: Vloeistof<\/li>\n<li><strong>Kleur<\/strong>: Kleurloos tot lichtgeel<strong>Belangrijkste kenmerken:<\/strong>\n<ul>\n<li><strong>Volume:<\/strong> 20 liter<\/li>\n<li><strong>Toepassingen:<\/strong> Ideaal voor metaalbewerking, materiaalverwerking en andere zware industri\u00eble taken<\/li>\n<li><strong>Eigenschappen:<\/strong> Effectief in het veranderen van metaaleigenschappen om de vervormbaarheid en het verwerkingsgemak te verbeteren<\/li>\n<\/ul>\n<\/li>\n<\/ul>","protected":false},"featured_media":736,"comment_status":"open","ping_status":"closed","template":"","meta":{"pagelayer_contact_templates":[],"_pagelayer_content":"","_kadence_starter_templates_imported_post":false,"_kad_post_transparent":"default","_kad_post_title":"","_kad_post_layout":"default","_kad_post_sidebar_id":"","_kad_post_content_style":"default","_kad_post_vertical_padding":"default","_kad_post_feature":"","_kad_post_feature_position":"","_kad_post_header":false,"_kad_post_footer":false},"product_brand":[],"product_cat":[20],"product_tag":[],"class_list":{"0":"post-667","1":"product","2":"type-product","3":"status-publish","4":"has-post-thumbnail","6":"product_cat-caluanie","8":"first","9":"instock","10":"shipping-taxable","11":"purchasable","12":"product-type-variable","13":"entry","14":"content-bg","15":"loop-entry"},"yoast_head":"<!-- This site is optimized with the Yoast SEO plugin v27.3 - https:\/\/yoast.com\/product\/yoast-seo-wordpress\/ -->\n<title>Caluanie Muelear Oxidize 20L for Sale Online - FactorySon<\/title>\n<meta name=\"description\" content=\"Buy caluanie muelear oxidize 20L online conveniently and securely, with a straightforward ordering process for caluanie muelear oxidize 20L for sale. Order now!\" \/>\n<meta name=\"robots\" content=\"index, follow, max-snippet:-1, max-image-preview:large, max-video-preview:-1\" \/>\n<link rel=\"canonical\" href=\"https:\/\/factoryson.com\/nl\/product\/caluanie-muelear-oxidize-sale\/\" \/>\n<meta property=\"og:locale\" content=\"nl_BE\" \/>\n<meta property=\"og:type\" content=\"article\" \/>\n<meta property=\"og:title\" content=\"Caluanie Muelear Oxidize 20L for Sale Online - FactorySon\" \/>\n<meta property=\"og:description\" content=\"Buy caluanie muelear oxidize 20L online conveniently and securely, with a straightforward ordering process for caluanie muelear oxidize 20L for sale. Order now!\" \/>\n<meta property=\"og:url\" content=\"https:\/\/factoryson.com\/nl\/product\/caluanie-muelear-oxidize-sale\/\" \/>\n<meta property=\"og:site_name\" content=\"FactorySon\" \/>\n<meta property=\"article:modified_time\" content=\"2026-04-01T17:35:52+00:00\" \/>\n<meta property=\"og:image\" content=\"https:\/\/factoryson.com\/wp-content\/uploads\/2024\/11\/Caluanie-Muelear-Oxidize-20L.gif\" \/>\n\t<meta property=\"og:image:width\" content=\"600\" \/>\n\t<meta property=\"og:image:height\" content=\"600\" \/>\n\t<meta property=\"og:image:type\" content=\"image\/gif\" \/>\n<meta name=\"twitter:card\" content=\"summary_large_image\" \/>\n<meta name=\"twitter:label1\" content=\"Geschatte leestijd\" \/>\n\t<meta name=\"twitter:data1\" content=\"3 minuten\" \/>\n<script type=\"application\/ld+json\" class=\"yoast-schema-graph\">{\"@context\":\"https:\\\/\\\/schema.org\",\"@graph\":[{\"@type\":\"WebPage\",\"@id\":\"https:\\\/\\\/factoryson.com\\\/product\\\/caluanie-muelear-oxidize-sale\\\/\",\"url\":\"https:\\\/\\\/factoryson.com\\\/product\\\/caluanie-muelear-oxidize-sale\\\/\",\"name\":\"Caluanie Muelear Oxidize 20L for Sale Online - FactorySon\",\"isPartOf\":{\"@id\":\"https:\\\/\\\/factoryson.com\\\/#website\"},\"primaryImageOfPage\":{\"@id\":\"https:\\\/\\\/factoryson.com\\\/product\\\/caluanie-muelear-oxidize-sale\\\/#primaryimage\"},\"image\":{\"@id\":\"https:\\\/\\\/factoryson.com\\\/product\\\/caluanie-muelear-oxidize-sale\\\/#primaryimage\"},\"thumbnailUrl\":\"https:\\\/\\\/factoryson.com\\\/wp-content\\\/uploads\\\/2024\\\/11\\\/Caluanie-Muelear-Oxidize-20L.gif\",\"datePublished\":\"2024-11-08T05:03:38+00:00\",\"dateModified\":\"2026-04-01T17:35:52+00:00\",\"description\":\"Buy caluanie muelear oxidize 20L online conveniently and securely, with a straightforward ordering process for caluanie muelear oxidize 20L for sale. Order now!\",\"breadcrumb\":{\"@id\":\"https:\\\/\\\/factoryson.com\\\/product\\\/caluanie-muelear-oxidize-sale\\\/#breadcrumb\"},\"inLanguage\":\"nl-BE\",\"potentialAction\":[{\"@type\":\"ReadAction\",\"target\":[\"https:\\\/\\\/factoryson.com\\\/product\\\/caluanie-muelear-oxidize-sale\\\/\"]}]},{\"@type\":\"ImageObject\",\"inLanguage\":\"nl-BE\",\"@id\":\"https:\\\/\\\/factoryson.com\\\/product\\\/caluanie-muelear-oxidize-sale\\\/#primaryimage\",\"url\":\"https:\\\/\\\/factoryson.com\\\/wp-content\\\/uploads\\\/2024\\\/11\\\/Caluanie-Muelear-Oxidize-20L.gif\",\"contentUrl\":\"https:\\\/\\\/factoryson.com\\\/wp-content\\\/uploads\\\/2024\\\/11\\\/Caluanie-Muelear-Oxidize-20L.gif\",\"width\":600,\"height\":600,\"caption\":\"Caluanie Muelear Oxidize 20L for Sale\"},{\"@type\":\"BreadcrumbList\",\"@id\":\"https:\\\/\\\/factoryson.com\\\/product\\\/caluanie-muelear-oxidize-sale\\\/#breadcrumb\",\"itemListElement\":[{\"@type\":\"ListItem\",\"position\":1,\"name\":\"Home\",\"item\":\"https:\\\/\\\/factoryson.com\\\/nl\\\/\"},{\"@type\":\"ListItem\",\"position\":2,\"name\":\"Shop\",\"item\":\"https:\\\/\\\/factoryson.com\\\/nl\\\/shop\\\/\"},{\"@type\":\"ListItem\",\"position\":3,\"name\":\"Caluanie Muelear Oxidize 20L for Sale\"}]},{\"@type\":\"WebSite\",\"@id\":\"https:\\\/\\\/factoryson.com\\\/#website\",\"url\":\"https:\\\/\\\/factoryson.com\\\/\",\"name\":\"FactorySon\",\"description\":\"My WordPress Blog\",\"potentialAction\":[{\"@type\":\"SearchAction\",\"target\":{\"@type\":\"EntryPoint\",\"urlTemplate\":\"https:\\\/\\\/factoryson.com\\\/?s={search_term_string}\"},\"query-input\":{\"@type\":\"PropertyValueSpecification\",\"valueRequired\":true,\"valueName\":\"search_term_string\"}}],\"inLanguage\":\"nl-BE\"}]}<\/script>\n<!-- \/ Yoast SEO plugin. -->","yoast_head_json":{"title":"Caluanie Muelear Oxidize 20L te online kopen - FactorySon","description":"Koop caluanie muelear oxidize 20L online gemakkelijk en veilig, met een eenvoudig bestelproces voor caluanie muelear oxidize 20L te koop. Bestel nu!","robots":{"index":"index","follow":"follow","max-snippet":"max-snippet:-1","max-image-preview":"max-image-preview:large","max-video-preview":"max-video-preview:-1"},"canonical":"https:\/\/factoryson.com\/nl\/product\/caluanie-muelear-oxidize-sale\/","og_locale":"nl_BE","og_type":"article","og_title":"Caluanie Muelear Oxidize 20L for Sale Online - FactorySon","og_description":"Buy caluanie muelear oxidize 20L online conveniently and securely, with a straightforward ordering process for caluanie muelear oxidize 20L for sale. Order now!","og_url":"https:\/\/factoryson.com\/nl\/product\/caluanie-muelear-oxidize-sale\/","og_site_name":"FactorySon","article_modified_time":"2026-04-01T17:35:52+00:00","og_image":[{"width":600,"height":600,"url":"https:\/\/factoryson.com\/wp-content\/uploads\/2024\/11\/Caluanie-Muelear-Oxidize-20L.gif","type":"image\/gif"}],"twitter_card":"summary_large_image","twitter_misc":{"Geschatte leestijd":"3 minuten"},"schema":{"@context":"https:\/\/schema.org","@graph":[{"@type":"WebPage","@id":"https:\/\/factoryson.com\/product\/caluanie-muelear-oxidize-sale\/","url":"https:\/\/factoryson.com\/product\/caluanie-muelear-oxidize-sale\/","name":"Caluanie Muelear Oxidize 20L te online kopen - FactorySon","isPartOf":{"@id":"https:\/\/factoryson.com\/#website"},"primaryImageOfPage":{"@id":"https:\/\/factoryson.com\/product\/caluanie-muelear-oxidize-sale\/#primaryimage"},"image":{"@id":"https:\/\/factoryson.com\/product\/caluanie-muelear-oxidize-sale\/#primaryimage"},"thumbnailUrl":"https:\/\/factoryson.com\/wp-content\/uploads\/2024\/11\/Caluanie-Muelear-Oxidize-20L.gif","datePublished":"2024-11-08T05:03:38+00:00","dateModified":"2026-04-01T17:35:52+00:00","description":"Koop caluanie muelear oxidize 20L online gemakkelijk en veilig, met een eenvoudig bestelproces voor caluanie muelear oxidize 20L te koop. Bestel nu!","breadcrumb":{"@id":"https:\/\/factoryson.com\/product\/caluanie-muelear-oxidize-sale\/#breadcrumb"},"inLanguage":"nl-BE","potentialAction":[{"@type":"ReadAction","target":["https:\/\/factoryson.com\/product\/caluanie-muelear-oxidize-sale\/"]}]},{"@type":"ImageObject","inLanguage":"nl-BE","@id":"https:\/\/factoryson.com\/product\/caluanie-muelear-oxidize-sale\/#primaryimage","url":"https:\/\/factoryson.com\/wp-content\/uploads\/2024\/11\/Caluanie-Muelear-Oxidize-20L.gif","contentUrl":"https:\/\/factoryson.com\/wp-content\/uploads\/2024\/11\/Caluanie-Muelear-Oxidize-20L.gif","width":600,"height":600,"caption":"Caluanie Muelear Oxidize 20L for Sale"},{"@type":"BreadcrumbList","@id":"https:\/\/factoryson.com\/product\/caluanie-muelear-oxidize-sale\/#breadcrumb","itemListElement":[{"@type":"ListItem","position":1,"name":"Home","item":"https:\/\/factoryson.com\/nl\/"},{"@type":"ListItem","position":2,"name":"Shop","item":"https:\/\/factoryson.com\/nl\/shop\/"},{"@type":"ListItem","position":3,"name":"Caluanie Muelear Oxidize 20L for Sale"}]},{"@type":"WebSite","@id":"https:\/\/factoryson.com\/#website","url":"https:\/\/factoryson.com\/","name":"Fabriekson","description":"Mijn WordPress Blog","potentialAction":[{"@type":"SearchAction","target":{"@type":"EntryPoint","urlTemplate":"https:\/\/factoryson.com\/?s={search_term_string}"},"query-input":{"@type":"PropertyValueSpecification","valueRequired":true,"valueName":"search_term_string"}}],"inLanguage":"nl-BE"}]}},"_links":{"self":[{"href":"https:\/\/factoryson.com\/nl\/wp-json\/wp\/v2\/product\/667","targetHints":{"allow":["GET"]}}],"collection":[{"href":"https:\/\/factoryson.com\/nl\/wp-json\/wp\/v2\/product"}],"about":[{"href":"https:\/\/factoryson.com\/nl\/wp-json\/wp\/v2\/types\/product"}],"replies":[{"embeddable":true,"href":"https:\/\/factoryson.com\/nl\/wp-json\/wp\/v2\/comments?post=667"}],"wp:featuredmedia":[{"embeddable":true,"href":"https:\/\/factoryson.com\/nl\/wp-json\/wp\/v2\/media\/736"}],"wp:attachment":[{"href":"https:\/\/factoryson.com\/nl\/wp-json\/wp\/v2\/media?parent=667"}],"wp:term":[{"taxonomy":"product_brand","embeddable":true,"href":"https:\/\/factoryson.com\/nl\/wp-json\/wp\/v2\/product_brand?post=667"},{"taxonomy":"product_cat","embeddable":true,"href":"https:\/\/factoryson.com\/nl\/wp-json\/wp\/v2\/product_cat?post=667"},{"taxonomy":"product_tag","embeddable":true,"href":"https:\/\/factoryson.com\/nl\/wp-json\/wp\/v2\/product_tag?post=667"}],"curies":[{"name":"wp","href":"https:\/\/api.w.org\/{rel}","templated":true}]}}