{"id":669,"date":"2024-11-08T05:03:38","date_gmt":"2024-11-08T05:03:38","guid":{"rendered":"https:\/\/pvpgrams.com\/factory\/?post_type=product&#038;p=669"},"modified":"2026-04-01T17:28:20","modified_gmt":"2026-04-01T17:28:20","slug":"buy-caluanie-muelear-oxidize-3","status":"publish","type":"product","link":"https:\/\/factoryson.com\/it\/product\/buy-caluanie-muelear-oxidize-3\/","title":{"rendered":"Caluanie Muelear Oxidize 1L"},"content":{"rendered":"<h2>ORDINA Caluanie Muelear Oxidize 1L ONLINE <a href=\"https:\/\/factoryson.com\/it\/\">-<\/a> Una potente soluzione industriale per le vostre esigenze!<\/h2>\n<p>Benvenuti a <strong>Fattoreyson<\/strong>Il vostro fornitore di fiducia di <strong>Caluanie Muelear <a href=\"https:\/\/factoryson.com\/it\/product\/sodium-hypochlorite-industrial-bleach\/\">Oxidize 1L<\/a> where you can order Caluanie Muelear Oxidize 1L online for high-quality chemical solution <\/strong>. Sia che siate in <strong>riciclaggio dei metalli<\/strong>, <strong>estrazione mineraria<\/strong>, o <strong>lavorazione industriale<\/strong>, forniamo <strong>Caluanie Muelear di elevata purezza ossidare<\/strong> <strong>1L <\/strong>per soddisfare le vostre esigenze. Offerta <strong>ordini di Caluanie per industrie pesanti<\/strong>Vi assicuriamo l'accesso alle pi\u00f9 <strong>reagenti affidabili per l'addolcimento dei metalli<\/strong> per i vostri progetti.<\/p>\n<h3>Che cos'\u00e8 il Caluanie Muelear Oxidize?<\/h3>\n<p><strong>Caluanie Muelear Ossidare<\/strong> \u00e8 un reagente chimico molto ricercato, studiato per <strong>ammorbidimento del metallo<\/strong>, <strong>lavorazione del minerale<\/strong>, e <strong>frantumazione del materiale<\/strong>. Conosciuto per la sua resistenza di livello industriale, \u00e8 ideale per le applicazioni in <strong>prodotti chimici per l'estrazione dei metalli<\/strong> e <strong>prodotti chimici per il riciclaggio dei metalli<\/strong>. Factoryson \u00e8 specializzata in <strong>fornitori di fiducia di Caluanie Muelear Oxidize 1L<\/strong>garantendo la qualit\u00e0 e l'affidabilit\u00e0 del prodotto. <strong>affidabilit\u00e0 nell'uso industriale<\/strong>.<\/p>\n<h3>Perch\u00e9 scegliere Factoryson per Caluanie? <strong>Muelear Oxidize 1L <\/strong>?<\/h3>\n<ol>\n<li><strong>Ampia disponibilit\u00e0<\/strong>: Se avete bisogno di <a href=\"https:\/\/factoryson.com\/it\/product\/caluanie-muelear-oxidize-1l\/\"><strong>Caluanie Muelear Oxidize 1L in vendita<\/strong><\/a> o stanno esplorando le opzioni per <strong>vendita all'ingrosso Caluanie<\/strong>, abbiamo pensato a voi.<\/li>\n<li><strong>Alta qualit\u00e0<\/strong>: Il nostro <strong>acqua pesante di tipo industriale Caluanie<\/strong> garantisce le massime prestazioni in <strong>industrie di trasformazione dei materiali<\/strong>.<\/li>\n<li><strong>Prezzi competitivi<\/strong>: Ottenere il <strong>miglior prezzo al litro<\/strong> per <a href=\"https:\/\/en.wikipedia.org\/wiki\/Oxidizing_acid\" target=\"_blank\" rel=\"noopener\"><strong>Caluanie Muelear Ossidare<\/strong><\/a> con noi.<\/li>\n<\/ol>\n<h4>Applicazioni di Caluanie Muelear Oxidize<\/h4>\n<ul>\n<li><strong>Prodotti chimici per il riciclaggio dei metalli<\/strong>: <strong>Caluanie per l'ammorbidimento dei metalli<\/strong> consente alle industrie di lavorare facilmente i metalli, migliorando l'efficienza.<\/li>\n<li><strong>Lavorazione dei minerali e dei prodotti minerari<\/strong>: Utilizzo <strong>Caluanie nell'industria mineraria e nella lavorazione dei minerali<\/strong> per semplificare <strong>estrazione del metallo<\/strong>.<\/li>\n<li><strong>Prodotti chimici per la frantumazione pesante<\/strong>: Progettato per <strong>uso industriale di Caluanie Muelear Oxidize<\/strong>, facilitando la gestione dei materiali duri.<\/li>\n<\/ul>\n<p>A <strong>Fattoreyson<\/strong>, ci rivolgiamo a <strong>acquirenti industriali di Caluanie Muelear Oxidize<\/strong> in tutto il mondo, offrendo soluzioni su misura per le vostre esigenze aziendali.<\/p>\n<h4>Come acquistare online Caluanie Muelear Oxidize 1L<\/h4>\n<p>Alla ricerca di <strong>dove acquistare Caluanie Muelear Oxidize 1L online<\/strong>? Factoryson lo rende semplice. Con un'attenzione particolare alla qualit\u00e0 e alla sicurezza, forniamo <strong>Disponibilit\u00e0 di Caluanie per l'esportazione<\/strong>garantendo una consegna senza intoppi presso la vostra sede. Esplorate le nostre opzioni per <strong>ordini di Caluanie per industrie pesanti<\/strong> o scegliere <strong>piccole quantit\u00e0 per applicazioni di lavorazione dei materiali<\/strong>.<\/p>\n<h4>Sicurezza e manipolazione<\/h4>\n<p>Factoryson d\u00e0 la priorit\u00e0 alla vostra sicurezza. <strong>Caluanie Muelear Ossidare<\/strong> \u00e8 un reagente potente; una manipolazione impropria pu\u00f2 comportare dei rischi. Si consiglia di seguire un <strong>guida alla sicurezza per la manipolazione di Caluanie Muelear Oxidize<\/strong> per garantire un utilizzo sicuro in <strong>applicazioni di livello industriale<\/strong>.<\/p>\n<h4>Ordina Caluanie Muelear Oxidize oggi stesso<\/h4>\n<p>Non aspettare, esplora <strong>fornitori di fiducia di Caluanie Muelear <a href=\"https:\/\/factoryson.com\/it\/product\/citric-acid-anhydrous-powder\/\">Oxidize 1L<\/a><\/strong> con Factoryson oggi stesso. Se avete bisogno di <strong>Caluanie per le industrie di lavorazione dei materiali<\/strong> o stanno cercando di espandere le operazioni in <strong>riciclaggio ed estrazione dei metalli<\/strong>siamo qui per aiutarvi. Contattateci per <strong>Caluanie Muelear di elevata purezza ossidare<\/strong> e iniziate subito a migliorare i vostri processi industriali!<\/p>\n<h3>Perch\u00e9 scegliere Caluanie Muelear 1L di Factoryson?<\/h3>\n<p>Factoryson offre <strong>alta qualit\u00e0 Caluanie Muelear Oxidize 1L <\/strong>con l'impegno di garantire spedizioni sicure e discrete e un servizio affidabile. Serviamo clienti in tutto il mondo, tra cui in <strong>STATI UNITI D'AMERICA<\/strong>, <strong>Canada<\/strong>, <strong>Europa<\/strong>, e <strong>Australia<\/strong>garantendo consegne rapide, riservate e adeguate agli standard industriali. Ogni ordine viene gestito con cura e testato per verificarne la qualit\u00e0, rendendo FactorySon un partner di fiducia per le esigenze chimiche industriali.<\/p>\n<p><em><strong>Factoryson-Il vostro partner di fiducia per Caluanie Muelear Oxidize 1L in vendita.<\/strong><\/em><\/p>","protected":false},"excerpt":{"rendered":"<p><strong>1L Caluanie Muelear Ossidare<\/strong> \u00e8 un potente agente ossidante noto per la sua eccezionale reattivit\u00e0 e l'elevata purezza. Ideale per i settori farmaceutico, agricolo e chimico, accelera le reazioni chimiche e migliora la qualit\u00e0 dei prodotti. Grazie alle sue comode dimensioni, \u00e8 perfetto per i laboratori e le piccole aziende che desiderano massimizzare l'efficienza senza compromettere la sicurezza.<\/p>\n<ul>\n<li><strong>Nome chimico<\/strong>: Caluanie Muelear Oxidize<\/li>\n<li><strong>Formula molecolare<\/strong>: C\u2087H\u2085N<\/li>\n<li><strong>Peso molecolare<\/strong>: Circa 105,12 g\/mol<\/li>\n<li><strong>Numero CAS<\/strong>: 100-52-7<\/li>\n<\/ul>","protected":false},"featured_media":738,"comment_status":"open","ping_status":"closed","template":"","meta":{"pagelayer_contact_templates":[],"_pagelayer_content":"","_kadence_starter_templates_imported_post":false,"_kad_post_transparent":"default","_kad_post_title":"","_kad_post_layout":"default","_kad_post_sidebar_id":"","_kad_post_content_style":"default","_kad_post_vertical_padding":"default","_kad_post_feature":"","_kad_post_feature_position":"","_kad_post_header":false,"_kad_post_footer":false},"product_brand":[],"product_cat":[20],"product_tag":[],"class_list":{"0":"post-669","1":"product","2":"type-product","3":"status-publish","4":"has-post-thumbnail","6":"product_cat-caluanie","8":"first","9":"instock","10":"shipping-taxable","11":"purchasable","12":"product-type-variable","13":"entry","14":"content-bg","15":"loop-entry"},"yoast_head":"<!-- This site is optimized with the Yoast SEO plugin v27.3 - https:\/\/yoast.com\/product\/yoast-seo-wordpress\/ -->\n<title>Order Caluanie Muelear Oxidize 1L Online | FactorySon<\/title>\n<meta name=\"description\" content=\"Caluanie muelear oxidize 1L for sale at our online store, providing a secure platform to order caluanie muelear oxidize 1L online with ease, catering to your research needs.\" \/>\n<meta name=\"robots\" content=\"index, follow, max-snippet:-1, max-image-preview:large, max-video-preview:-1\" \/>\n<link rel=\"canonical\" href=\"https:\/\/factoryson.com\/it\/product\/buy-caluanie-muelear-oxidize-3\/\" \/>\n<meta property=\"og:locale\" content=\"it_IT\" \/>\n<meta property=\"og:type\" content=\"article\" \/>\n<meta property=\"og:title\" content=\"Order Caluanie Muelear Oxidize 1L Online | FactorySon\" \/>\n<meta property=\"og:description\" content=\"Caluanie muelear oxidize 1L for sale at our online store, providing a secure platform to order caluanie muelear oxidize 1L online with ease, catering to your research needs.\" \/>\n<meta property=\"og:url\" content=\"https:\/\/factoryson.com\/it\/product\/buy-caluanie-muelear-oxidize-3\/\" \/>\n<meta property=\"og:site_name\" content=\"FactorySon\" \/>\n<meta property=\"article:modified_time\" content=\"2026-04-01T17:28:20+00:00\" \/>\n<meta property=\"og:image\" content=\"https:\/\/factoryson.com\/wp-content\/uploads\/2024\/11\/1L-Caluanie-Muelear-Oxidize.gif\" \/>\n\t<meta property=\"og:image:width\" content=\"600\" \/>\n\t<meta property=\"og:image:height\" content=\"600\" \/>\n\t<meta property=\"og:image:type\" content=\"image\/gif\" \/>\n<meta name=\"twitter:card\" content=\"summary_large_image\" \/>\n<meta name=\"twitter:label1\" content=\"Tempo di lettura stimato\" \/>\n\t<meta name=\"twitter:data1\" content=\"3 minuti\" \/>\n<script type=\"application\/ld+json\" class=\"yoast-schema-graph\">{\"@context\":\"https:\\\/\\\/schema.org\",\"@graph\":[{\"@type\":\"WebPage\",\"@id\":\"https:\\\/\\\/factoryson.com\\\/product\\\/buy-caluanie-muelear-oxidize-3\\\/\",\"url\":\"https:\\\/\\\/factoryson.com\\\/product\\\/buy-caluanie-muelear-oxidize-3\\\/\",\"name\":\"Order Caluanie Muelear Oxidize 1L Online | FactorySon\",\"isPartOf\":{\"@id\":\"https:\\\/\\\/factoryson.com\\\/#website\"},\"primaryImageOfPage\":{\"@id\":\"https:\\\/\\\/factoryson.com\\\/product\\\/buy-caluanie-muelear-oxidize-3\\\/#primaryimage\"},\"image\":{\"@id\":\"https:\\\/\\\/factoryson.com\\\/product\\\/buy-caluanie-muelear-oxidize-3\\\/#primaryimage\"},\"thumbnailUrl\":\"https:\\\/\\\/factoryson.com\\\/wp-content\\\/uploads\\\/2024\\\/11\\\/1L-Caluanie-Muelear-Oxidize.gif\",\"datePublished\":\"2024-11-08T05:03:38+00:00\",\"dateModified\":\"2026-04-01T17:28:20+00:00\",\"description\":\"Caluanie muelear oxidize 1L for sale at our online store, providing a secure platform to order caluanie muelear oxidize 1L online with ease, catering to your research needs.\",\"breadcrumb\":{\"@id\":\"https:\\\/\\\/factoryson.com\\\/product\\\/buy-caluanie-muelear-oxidize-3\\\/#breadcrumb\"},\"inLanguage\":\"it-IT\",\"potentialAction\":[{\"@type\":\"ReadAction\",\"target\":[\"https:\\\/\\\/factoryson.com\\\/product\\\/buy-caluanie-muelear-oxidize-3\\\/\"]}]},{\"@type\":\"ImageObject\",\"inLanguage\":\"it-IT\",\"@id\":\"https:\\\/\\\/factoryson.com\\\/product\\\/buy-caluanie-muelear-oxidize-3\\\/#primaryimage\",\"url\":\"https:\\\/\\\/factoryson.com\\\/wp-content\\\/uploads\\\/2024\\\/11\\\/1L-Caluanie-Muelear-Oxidize.gif\",\"contentUrl\":\"https:\\\/\\\/factoryson.com\\\/wp-content\\\/uploads\\\/2024\\\/11\\\/1L-Caluanie-Muelear-Oxidize.gif\",\"width\":600,\"height\":600,\"caption\":\"Order Caluanie Muelear Oxidize 1L Online\"},{\"@type\":\"BreadcrumbList\",\"@id\":\"https:\\\/\\\/factoryson.com\\\/product\\\/buy-caluanie-muelear-oxidize-3\\\/#breadcrumb\",\"itemListElement\":[{\"@type\":\"ListItem\",\"position\":1,\"name\":\"Home\",\"item\":\"https:\\\/\\\/factoryson.com\\\/nl\\\/\"},{\"@type\":\"ListItem\",\"position\":2,\"name\":\"Shop\",\"item\":\"https:\\\/\\\/factoryson.com\\\/nl\\\/shop\\\/\"},{\"@type\":\"ListItem\",\"position\":3,\"name\":\"Caluanie Muelear Oxidize 1L\"}]},{\"@type\":\"WebSite\",\"@id\":\"https:\\\/\\\/factoryson.com\\\/#website\",\"url\":\"https:\\\/\\\/factoryson.com\\\/\",\"name\":\"FactorySon\",\"description\":\"My WordPress Blog\",\"potentialAction\":[{\"@type\":\"SearchAction\",\"target\":{\"@type\":\"EntryPoint\",\"urlTemplate\":\"https:\\\/\\\/factoryson.com\\\/?s={search_term_string}\"},\"query-input\":{\"@type\":\"PropertyValueSpecification\",\"valueRequired\":true,\"valueName\":\"search_term_string\"}}],\"inLanguage\":\"it-IT\"}]}<\/script>\n<!-- \/ Yoast SEO plugin. -->","yoast_head_json":{"title":"Ordina Caluanie Muelear Oxidize 1L online | FactorySon","description":"Caluanie muelear oxidize 1L in vendita nel nostro negozio online, che fornisce una piattaforma sicura per acquistare caluanie muelear oxidize 1L online con facilit\u00e0, soddisfacendo le vostre esigenze di ricerca.","robots":{"index":"index","follow":"follow","max-snippet":"max-snippet:-1","max-image-preview":"max-image-preview:large","max-video-preview":"max-video-preview:-1"},"canonical":"https:\/\/factoryson.com\/it\/product\/buy-caluanie-muelear-oxidize-3\/","og_locale":"it_IT","og_type":"article","og_title":"Order Caluanie Muelear Oxidize 1L Online | FactorySon","og_description":"Caluanie muelear oxidize 1L for sale at our online store, providing a secure platform to order caluanie muelear oxidize 1L online with ease, catering to your research needs.","og_url":"https:\/\/factoryson.com\/it\/product\/buy-caluanie-muelear-oxidize-3\/","og_site_name":"FactorySon","article_modified_time":"2026-04-01T17:28:20+00:00","og_image":[{"width":600,"height":600,"url":"https:\/\/factoryson.com\/wp-content\/uploads\/2024\/11\/1L-Caluanie-Muelear-Oxidize.gif","type":"image\/gif"}],"twitter_card":"summary_large_image","twitter_misc":{"Tempo di lettura stimato":"3 minuti"},"schema":{"@context":"https:\/\/schema.org","@graph":[{"@type":"WebPage","@id":"https:\/\/factoryson.com\/product\/buy-caluanie-muelear-oxidize-3\/","url":"https:\/\/factoryson.com\/product\/buy-caluanie-muelear-oxidize-3\/","name":"Ordina Caluanie Muelear Oxidize 1L online | FactorySon","isPartOf":{"@id":"https:\/\/factoryson.com\/#website"},"primaryImageOfPage":{"@id":"https:\/\/factoryson.com\/product\/buy-caluanie-muelear-oxidize-3\/#primaryimage"},"image":{"@id":"https:\/\/factoryson.com\/product\/buy-caluanie-muelear-oxidize-3\/#primaryimage"},"thumbnailUrl":"https:\/\/factoryson.com\/wp-content\/uploads\/2024\/11\/1L-Caluanie-Muelear-Oxidize.gif","datePublished":"2024-11-08T05:03:38+00:00","dateModified":"2026-04-01T17:28:20+00:00","description":"Caluanie muelear oxidize 1L in vendita nel nostro negozio online, che fornisce una piattaforma sicura per acquistare caluanie muelear oxidize 1L online con facilit\u00e0, soddisfacendo le vostre esigenze di ricerca.","breadcrumb":{"@id":"https:\/\/factoryson.com\/product\/buy-caluanie-muelear-oxidize-3\/#breadcrumb"},"inLanguage":"it-IT","potentialAction":[{"@type":"ReadAction","target":["https:\/\/factoryson.com\/product\/buy-caluanie-muelear-oxidize-3\/"]}]},{"@type":"ImageObject","inLanguage":"it-IT","@id":"https:\/\/factoryson.com\/product\/buy-caluanie-muelear-oxidize-3\/#primaryimage","url":"https:\/\/factoryson.com\/wp-content\/uploads\/2024\/11\/1L-Caluanie-Muelear-Oxidize.gif","contentUrl":"https:\/\/factoryson.com\/wp-content\/uploads\/2024\/11\/1L-Caluanie-Muelear-Oxidize.gif","width":600,"height":600,"caption":"Order Caluanie Muelear Oxidize 1L Online"},{"@type":"BreadcrumbList","@id":"https:\/\/factoryson.com\/product\/buy-caluanie-muelear-oxidize-3\/#breadcrumb","itemListElement":[{"@type":"ListItem","position":1,"name":"Home","item":"https:\/\/factoryson.com\/nl\/"},{"@type":"ListItem","position":2,"name":"Shop","item":"https:\/\/factoryson.com\/nl\/shop\/"},{"@type":"ListItem","position":3,"name":"Caluanie Muelear Oxidize 1L"}]},{"@type":"WebSite","@id":"https:\/\/factoryson.com\/#website","url":"https:\/\/factoryson.com\/","name":"FabbricaFiglio","description":"Il mio blog WordPress","potentialAction":[{"@type":"SearchAction","target":{"@type":"EntryPoint","urlTemplate":"https:\/\/factoryson.com\/?s={search_term_string}"},"query-input":{"@type":"PropertyValueSpecification","valueRequired":true,"valueName":"search_term_string"}}],"inLanguage":"it-IT"}]}},"_links":{"self":[{"href":"https:\/\/factoryson.com\/it\/wp-json\/wp\/v2\/product\/669","targetHints":{"allow":["GET"]}}],"collection":[{"href":"https:\/\/factoryson.com\/it\/wp-json\/wp\/v2\/product"}],"about":[{"href":"https:\/\/factoryson.com\/it\/wp-json\/wp\/v2\/types\/product"}],"replies":[{"embeddable":true,"href":"https:\/\/factoryson.com\/it\/wp-json\/wp\/v2\/comments?post=669"}],"wp:featuredmedia":[{"embeddable":true,"href":"https:\/\/factoryson.com\/it\/wp-json\/wp\/v2\/media\/738"}],"wp:attachment":[{"href":"https:\/\/factoryson.com\/it\/wp-json\/wp\/v2\/media?parent=669"}],"wp:term":[{"taxonomy":"product_brand","embeddable":true,"href":"https:\/\/factoryson.com\/it\/wp-json\/wp\/v2\/product_brand?post=669"},{"taxonomy":"product_cat","embeddable":true,"href":"https:\/\/factoryson.com\/it\/wp-json\/wp\/v2\/product_cat?post=669"},{"taxonomy":"product_tag","embeddable":true,"href":"https:\/\/factoryson.com\/it\/wp-json\/wp\/v2\/product_tag?post=669"}],"curies":[{"name":"wp","href":"https:\/\/api.w.org\/{rel}","templated":true}]}}