{"id":668,"date":"2024-11-08T05:03:38","date_gmt":"2024-11-08T05:03:38","guid":{"rendered":"https:\/\/pvpgrams.com\/factory\/?post_type=product&#038;p=668"},"modified":"2026-04-01T17:29:55","modified_gmt":"2026-04-01T17:29:55","slug":"buy-caluanie-muelear-pasteurize-2","status":"publish","type":"product","link":"https:\/\/factoryson.com\/hu\/product\/buy-caluanie-muelear-pasteurize-2\/","title":{"rendered":"Caluanie Muelear Pasteuriz\u00e1l\u00f3 5L"},"content":{"rendered":"<h3>Hol lehet online Caluanie Muelear Pasteurize-t v\u00e1s\u00e1rolni?<\/h3>\n<p>Caluanie Muelear Pasteurize 5L-t szeretne online v\u00e1s\u00e1rolni? J\u00f3 helyen j\u00e1r. <a href=\"https:\/\/factoryson.com\/hu\/\">Factoryson<\/a>, mi vagyunk az egyik leg <strong>trusted suppliers of <a href=\"https:\/\/factoryson.com\/hu\/product\/buy-sodium-hydroxide\/\">Caluanie Muelear <\/a>Oxidize Pasteurize<\/strong>, felaj\u00e1nlva <strong>nagy tisztas\u00e1g\u00fa Caluanie Muelear paszt\u0151r\u00f6zik <\/strong>k\u00fcl\u00f6nb\u00f6z\u0151 ipari alkalmaz\u00e1sokhoz. Ak\u00e1r keres <strong>nagykereskedelem Caluanie Muelear Pasteurize <\/strong>vagy kisebb mennyis\u00e9gre van sz\u00fcks\u00e9ge, mi biztos\u00edtjuk <strong>Caluanie rendelkez\u00e9sre \u00e1ll\u00e1sa exportra<\/strong> az \u00d6n ig\u00e9nyeinek megfelel\u0151en.<\/p>\n<h3>Mi\u00e9rt v\u00e1lassza a Factorysont a Caluanie sz\u00e1m\u00e1ra?<\/h3>\n<p>Mi egy <strong>Caluanie Muelear Oxidize forgalmaz\u00f3<\/strong> a min\u0151s\u00e9gre, a biztons\u00e1gra \u00e9s a megb\u00edzhat\u00f3s\u00e1gra \u00f6sszpontos\u00edt. Ha a <strong>legjobb hely a Caluanie megv\u00e1s\u00e1rl\u00e1s\u00e1ra<\/strong>, versenyk\u00e9pes \u00e1rakat \u00e9s gyors sz\u00e1ll\u00edt\u00e1st biztos\u00edtunk a <strong>Caluanie Muelear Pasteuriz\u00e1l\u00f3 5L<\/strong> \u00e9s m\u00e9g t\u00f6bb. A <strong>Caluanie Muelear Oxidize \u00e1r literenk\u00e9nt<\/strong> az egyik legversenyk\u00e9pesebb a piacon, ami megk\u00f6nny\u00edti a <strong>ipari v\u00e1s\u00e1rl\u00f3k Caluanie Muelear Oxidize<\/strong> <strong>Paszt\u0151r\u00f6zz\u00f6n <\/strong>pr\u00e9mium min\u0151s\u00e9g\u0171 term\u00e9kekhez val\u00f3 hozz\u00e1f\u00e9r\u00e9s.<\/p>\n<h3>A Caluanie Muelear Oxidize Pasteurize alkalmaz\u00e1sa<\/h3>\n<p><strong>Caluanie Muelear Oxidize ipari felhaszn\u00e1l\u00e1s<\/strong> az ipar\u00e1gak sz\u00e9les sk\u00e1l\u00e1j\u00e1ra terjed ki, bele\u00e9rtve a k\u00f6vetkez\u0151ket <strong>f\u00e9m \u00fajrahasznos\u00edt\u00f3 vegyszerek<\/strong>, <strong>b\u00e1ny\u00e1szati vegyszerek f\u00e9mkitermel\u00e9shez<\/strong>, \u00e9s <strong>nagy ig\u00e9nybev\u00e9tel\u0171 z\u00faz\u00e1si vegyszerek<\/strong>. Sz\u00e9les k\u00f6rben haszn\u00e1lj\u00e1k <strong>f\u00e9ml\u00e1gy\u00edt\u00f3 reagens besz\u00e1ll\u00edt\u00f3k<\/strong> \u00e9s az olyan v\u00e1llalkoz\u00e1sok \u00e1ltal, amelyeknek sz\u00fcks\u00e9g\u00fck van <strong>k\u00e9miai megold\u00e1sok f\u00e9mek z\u00faz\u00e1s\u00e1hoz<\/strong>.<\/p>\n<p><strong>\u00cdme n\u00e9h\u00e1ny konkr\u00e9t alkalmaz\u00e1s:<\/strong><\/p>\n<ul>\n<li><strong>Caluanie f\u00e9ml\u00e1gy\u00edt\u00e1shoz<\/strong>: L\u00e9nyeges a f\u00e9mek l\u00e1gy\u00edt\u00e1s\u00e1hoz <strong>anyagfeldolgoz\u00f3 ipar<\/strong>.<\/li>\n<li><strong>Buy Caluanie b\u00e1ny\u00e1szathoz \u00e9s \u00e9rcfeldolgoz\u00e1shoz<\/strong>: Ide\u00e1lis a kivon\u00e1s egyszer\u0171s\u00edt\u00e9s\u00e9re <strong>\u00e9rc- \u00e9s \u00e1sv\u00e1nyfeldolgoz\u00e1s<\/strong>.<\/li>\n<li><strong>Ipari min\u0151s\u00e9g\u0171 Caluanie neh\u00e9zv\u00edz<\/strong>: Megb\u00edzhat\u00f3 a nagyszab\u00e1s\u00fa <strong>a Caluanie Muelear Oxidize ipari felhaszn\u00e1l\u00e1sa<\/strong>.<\/li>\n<li><strong>A Caluanie alkalmaz\u00e1sa a f\u00e9mfeldolgoz\u00e1sban<\/strong>: T\u00f6k\u00e9letes <strong>\u00fajrahasznos\u00edt\u00e1s \u00e9s b\u00e1ny\u00e1szat<\/strong>.<\/li>\n<\/ul>\n<h3>Rendeljen \u00f6mlesztett Caluanie ma<\/h3>\n<p>Sz\u00fcks\u00e9gem van a  c\u00edmre. <strong>Caluanie megrendel\u00e9sek a neh\u00e9zipar sz\u00e1m\u00e1ra<\/strong>? A Factoryson a legjobb <strong>Caluanie sz\u00e1ll\u00edt\u00f3 a f\u00e9mipar sz\u00e1m\u00e1ra<\/strong>. Mint az egyik vezet\u0151 <strong>Caluanie online besz\u00e1ll\u00edt\u00f3k ipari felhaszn\u00e1l\u00e1sra<\/strong>, rugalmas v\u00e1s\u00e1rl\u00e1si lehet\u0151s\u00e9geket k\u00edn\u00e1lunk az \u00d6n \u00fczleti ig\u00e9nyeinek megfelel\u0151en.<\/p>\n<h3>Biztons\u00e1g \u00e9s kezel\u00e9s<\/h3>\n<p>A Caluanie megfelel\u0151 haszn\u00e1lata kritikus fontoss\u00e1g\u00fa. L\u00e1sd a <strong>biztons\u00e1gi \u00fatmutat\u00f3 a Caluanie Muelear Oxidize kezel\u00e9s\u00e9hez<\/strong> a biztons\u00e1gos t\u00e1rol\u00e1s \u00e9s haszn\u00e1lat \u00e9rdek\u00e9ben. Legyen sz\u00f3 ak\u00e1r a <strong>\u00fajrahasznos\u00edt\u00e1s \u00e9s b\u00e1ny\u00e1szat<\/strong> vagy \u00e1ltal\u00e1nos <strong>anyagfeldolgoz\u00e1s<\/strong>, minden l\u00e9p\u00e9sn\u00e9l a biztons\u00e1got helyezz\u00fck el\u0151t\u00e9rbe.<\/p>\n<h3>Kapcsolat Factoryson ma<\/h3>\n<p>A  oldalon. <strong>Caluanie Muelear megb\u00edzhat\u00f3 besz\u00e1ll\u00edt\u00f3i <a href=\"https:\/\/factoryson.com\/hu\/product\/buy-pregabalin-powder-api\/\">Oxidize Pasteurize<\/a><\/strong>, v\u00e1lassza a Factorysont. A <strong>nagy tisztas\u00e1g\u00fa Caluanie Muelear Oxidize<\/strong> a k\u00f6vetkez\u0151kre van szabva <strong>ipari v\u00e1s\u00e1rl\u00f3k<\/strong> megb\u00edzhat\u00f3 megold\u00e1sokra van sz\u00fcks\u00e9g\u00fck. L\u00e9pjen kapcsolatba vel\u00fcnk most, hogy <strong>ipari min\u0151s\u00e9g\u0171 Caluanie-t v\u00e1s\u00e1rolnak<\/strong> <strong>online<\/strong> vagy rendeljen <strong>Caluanie Muelear Pasteurize 5L elad\u00f3<\/strong> \u00e9s kap hozz\u00e1f\u00e9r\u00e9st a pr\u00e9mium <strong>k\u00e9miai megold\u00e1sok f\u00e9mek z\u00faz\u00e1s\u00e1hoz<\/strong>. A Factoryson az \u00d6n partnere a <strong>Caluanie rendelkez\u00e9sre \u00e1ll\u00e1sa exportra<\/strong> \u00e9s <strong>alkalmaz\u00e1sok az anyagfeldolgoz\u00f3 iparban<\/strong>.<\/p>","protected":false},"excerpt":{"rendered":"<p>A Caluanie Muelear Pasteurize els\u0151sorban a k\u00f6vetkez\u0151kb\u0151l \u00e1ll <strong>Caluanie<\/strong>, amely egy egyed\u00fcl\u00e1ll\u00f3 szerves vegy\u00fclet, amely sokoldal\u00fa k\u00e9miai tulajdons\u00e1gair\u00f3l ismert. A pontos \u00f6sszet\u00e9tel a tervezett felhaszn\u00e1l\u00e1st\u00f3l f\u00fcgg\u0151en v\u00e1ltozhat, de \u00e1ltal\u00e1ban a k\u00f6vetkez\u0151ket tartalmazza:<\/p>\n<ul>\n<li><strong>Molekul\u00e1ris k\u00e9plet<\/strong>: C\u2087H\u2085N<\/li>\n<li><strong>Molekulat\u00f6meg<\/strong>: K\u00f6r\u00fclbel\u00fcl 105,12 g\/mol<strong>Hogyan m\u0171k\u00f6dik:<\/strong><br \/>\nAlkalmaz\u00e1sakor behatol a f\u00e9mfel\u00fcletekbe, \u00e1tmenetileg cs\u00f6kkenti a szak\u00edt\u00f3szil\u00e1rds\u00e1got a k\u00f6nnyebb manipul\u00e1ci\u00f3 vagy lev\u00e1laszt\u00e1s \u00e9rdek\u00e9ben, a maganyag k\u00e1rosod\u00e1sa n\u00e9lk\u00fcl.<strong>Haszn\u00e1lati tippek:<\/strong><\/p>\n<ol>\n<li>Tiszta fel\u00fcletekre kell felvinni.<\/li>\n<li>Hagyja, hogy r\u00f6vid id\u0151re behatoljon.<\/li>\n<li>Sz\u00fcks\u00e9g szerint dolgozza fel az anyagot (z\u00faz\u00e1s, form\u00e1z\u00e1s stb.).<\/li>\n<\/ol>\n<\/li>\n<\/ul>","protected":false},"featured_media":737,"comment_status":"open","ping_status":"closed","template":"","meta":{"pagelayer_contact_templates":[],"_pagelayer_content":"","_kadence_starter_templates_imported_post":false,"_kad_post_transparent":"default","_kad_post_title":"","_kad_post_layout":"default","_kad_post_sidebar_id":"","_kad_post_content_style":"default","_kad_post_vertical_padding":"default","_kad_post_feature":"","_kad_post_feature_position":"","_kad_post_header":false,"_kad_post_footer":false},"product_brand":[],"product_cat":[20],"product_tag":[],"class_list":{"0":"post-668","1":"product","2":"type-product","3":"status-publish","4":"has-post-thumbnail","6":"product_cat-caluanie","8":"first","9":"instock","10":"shipping-taxable","11":"purchasable","12":"product-type-variable","13":"entry","14":"content-bg","15":"loop-entry"},"yoast_head":"<!-- This site is optimized with the Yoast SEO plugin v27.3 - https:\/\/yoast.com\/product\/yoast-seo-wordpress\/ -->\n<title>Purchase Caluanie Muelear Pasteurize 5L Online | FactorySon<\/title>\n<meta name=\"description\" content=\"If you are looking to purchase caluanie muelear pasteurize 5l online for high-quality chemicals, factoryson is the best place to buy caluanie muelear pasteurize 5l.\" \/>\n<meta name=\"robots\" content=\"index, follow, max-snippet:-1, max-image-preview:large, max-video-preview:-1\" \/>\n<link rel=\"canonical\" href=\"https:\/\/factoryson.com\/hu\/product\/buy-caluanie-muelear-pasteurize-2\/\" \/>\n<meta property=\"og:locale\" content=\"hu_HU\" \/>\n<meta property=\"og:type\" content=\"article\" \/>\n<meta property=\"og:title\" content=\"Purchase Caluanie Muelear Pasteurize 5L Online | FactorySon\" \/>\n<meta property=\"og:description\" content=\"If you are looking to purchase caluanie muelear pasteurize 5l online for high-quality chemicals, factoryson is the best place to buy caluanie muelear pasteurize 5l.\" \/>\n<meta property=\"og:url\" content=\"https:\/\/factoryson.com\/hu\/product\/buy-caluanie-muelear-pasteurize-2\/\" \/>\n<meta property=\"og:site_name\" content=\"FactorySon\" \/>\n<meta property=\"article:modified_time\" content=\"2026-04-01T17:29:55+00:00\" \/>\n<meta property=\"og:image\" content=\"https:\/\/factoryson.com\/wp-content\/uploads\/2024\/11\/5L-Caluanie-Muelear-Pasteurize.gif\" \/>\n\t<meta property=\"og:image:width\" content=\"600\" \/>\n\t<meta property=\"og:image:height\" content=\"600\" \/>\n\t<meta property=\"og:image:type\" content=\"image\/gif\" \/>\n<meta name=\"twitter:card\" content=\"summary_large_image\" \/>\n<meta name=\"twitter:label1\" content=\"Becs\u00fclt olvas\u00e1si id\u0151\" \/>\n\t<meta name=\"twitter:data1\" content=\"2 perc\" \/>\n<script type=\"application\/ld+json\" class=\"yoast-schema-graph\">{\"@context\":\"https:\\\/\\\/schema.org\",\"@graph\":[{\"@type\":\"WebPage\",\"@id\":\"https:\\\/\\\/factoryson.com\\\/product\\\/buy-caluanie-muelear-pasteurize-2\\\/\",\"url\":\"https:\\\/\\\/factoryson.com\\\/product\\\/buy-caluanie-muelear-pasteurize-2\\\/\",\"name\":\"Purchase Caluanie Muelear Pasteurize 5L Online | FactorySon\",\"isPartOf\":{\"@id\":\"https:\\\/\\\/factoryson.com\\\/#website\"},\"primaryImageOfPage\":{\"@id\":\"https:\\\/\\\/factoryson.com\\\/product\\\/buy-caluanie-muelear-pasteurize-2\\\/#primaryimage\"},\"image\":{\"@id\":\"https:\\\/\\\/factoryson.com\\\/product\\\/buy-caluanie-muelear-pasteurize-2\\\/#primaryimage\"},\"thumbnailUrl\":\"https:\\\/\\\/factoryson.com\\\/wp-content\\\/uploads\\\/2024\\\/11\\\/5L-Caluanie-Muelear-Pasteurize.gif\",\"datePublished\":\"2024-11-08T05:03:38+00:00\",\"dateModified\":\"2026-04-01T17:29:55+00:00\",\"description\":\"If you are looking to purchase caluanie muelear pasteurize 5l online for high-quality chemicals, factoryson is the best place to buy caluanie muelear pasteurize 5l.\",\"breadcrumb\":{\"@id\":\"https:\\\/\\\/factoryson.com\\\/product\\\/buy-caluanie-muelear-pasteurize-2\\\/#breadcrumb\"},\"inLanguage\":\"hu\",\"potentialAction\":[{\"@type\":\"ReadAction\",\"target\":[\"https:\\\/\\\/factoryson.com\\\/product\\\/buy-caluanie-muelear-pasteurize-2\\\/\"]}]},{\"@type\":\"ImageObject\",\"inLanguage\":\"hu\",\"@id\":\"https:\\\/\\\/factoryson.com\\\/product\\\/buy-caluanie-muelear-pasteurize-2\\\/#primaryimage\",\"url\":\"https:\\\/\\\/factoryson.com\\\/wp-content\\\/uploads\\\/2024\\\/11\\\/5L-Caluanie-Muelear-Pasteurize.gif\",\"contentUrl\":\"https:\\\/\\\/factoryson.com\\\/wp-content\\\/uploads\\\/2024\\\/11\\\/5L-Caluanie-Muelear-Pasteurize.gif\",\"width\":600,\"height\":600,\"caption\":\"Purchase Caluanie Muelear Pasteurize 5L Online\"},{\"@type\":\"BreadcrumbList\",\"@id\":\"https:\\\/\\\/factoryson.com\\\/product\\\/buy-caluanie-muelear-pasteurize-2\\\/#breadcrumb\",\"itemListElement\":[{\"@type\":\"ListItem\",\"position\":1,\"name\":\"Home\",\"item\":\"https:\\\/\\\/factoryson.com\\\/nl\\\/\"},{\"@type\":\"ListItem\",\"position\":2,\"name\":\"Shop\",\"item\":\"https:\\\/\\\/factoryson.com\\\/nl\\\/shop\\\/\"},{\"@type\":\"ListItem\",\"position\":3,\"name\":\"Caluanie Muelear Pasteurize 5L\"}]},{\"@type\":\"WebSite\",\"@id\":\"https:\\\/\\\/factoryson.com\\\/#website\",\"url\":\"https:\\\/\\\/factoryson.com\\\/\",\"name\":\"FactorySon\",\"description\":\"My WordPress Blog\",\"potentialAction\":[{\"@type\":\"SearchAction\",\"target\":{\"@type\":\"EntryPoint\",\"urlTemplate\":\"https:\\\/\\\/factoryson.com\\\/?s={search_term_string}\"},\"query-input\":{\"@type\":\"PropertyValueSpecification\",\"valueRequired\":true,\"valueName\":\"search_term_string\"}}],\"inLanguage\":\"hu\"}]}<\/script>\n<!-- \/ Yoast SEO plugin. -->","yoast_head_json":{"title":"V\u00e1s\u00e1roljon Caluanie Muelear Pasteurize 5L-t online | FactorySon","description":"Ha online szeretne v\u00e1s\u00e1rolni Caluanie Muelear Pasteurize 5l-t kiv\u00e1l\u00f3 min\u0151s\u00e9g\u0171 vegyszerek\u00e9rt, a factoryson a legjobb hely a Caluanie Muelear Pasteurize 5l megv\u00e1s\u00e1rl\u00e1s\u00e1ra.","robots":{"index":"index","follow":"follow","max-snippet":"max-snippet:-1","max-image-preview":"max-image-preview:large","max-video-preview":"max-video-preview:-1"},"canonical":"https:\/\/factoryson.com\/hu\/product\/buy-caluanie-muelear-pasteurize-2\/","og_locale":"hu_HU","og_type":"article","og_title":"Purchase Caluanie Muelear Pasteurize 5L Online | FactorySon","og_description":"If you are looking to purchase caluanie muelear pasteurize 5l online for high-quality chemicals, factoryson is the best place to buy caluanie muelear pasteurize 5l.","og_url":"https:\/\/factoryson.com\/hu\/product\/buy-caluanie-muelear-pasteurize-2\/","og_site_name":"FactorySon","article_modified_time":"2026-04-01T17:29:55+00:00","og_image":[{"width":600,"height":600,"url":"https:\/\/factoryson.com\/wp-content\/uploads\/2024\/11\/5L-Caluanie-Muelear-Pasteurize.gif","type":"image\/gif"}],"twitter_card":"summary_large_image","twitter_misc":{"Becs\u00fclt olvas\u00e1si id\u0151":"2 perc"},"schema":{"@context":"https:\/\/schema.org","@graph":[{"@type":"WebPage","@id":"https:\/\/factoryson.com\/product\/buy-caluanie-muelear-pasteurize-2\/","url":"https:\/\/factoryson.com\/product\/buy-caluanie-muelear-pasteurize-2\/","name":"V\u00e1s\u00e1roljon Caluanie Muelear Pasteurize 5L-t online | FactorySon","isPartOf":{"@id":"https:\/\/factoryson.com\/#website"},"primaryImageOfPage":{"@id":"https:\/\/factoryson.com\/product\/buy-caluanie-muelear-pasteurize-2\/#primaryimage"},"image":{"@id":"https:\/\/factoryson.com\/product\/buy-caluanie-muelear-pasteurize-2\/#primaryimage"},"thumbnailUrl":"https:\/\/factoryson.com\/wp-content\/uploads\/2024\/11\/5L-Caluanie-Muelear-Pasteurize.gif","datePublished":"2024-11-08T05:03:38+00:00","dateModified":"2026-04-01T17:29:55+00:00","description":"Ha online szeretne v\u00e1s\u00e1rolni Caluanie Muelear Pasteurize 5l-t kiv\u00e1l\u00f3 min\u0151s\u00e9g\u0171 vegyszerek\u00e9rt, a factoryson a legjobb hely a Caluanie Muelear Pasteurize 5l megv\u00e1s\u00e1rl\u00e1s\u00e1ra.","breadcrumb":{"@id":"https:\/\/factoryson.com\/product\/buy-caluanie-muelear-pasteurize-2\/#breadcrumb"},"inLanguage":"hu","potentialAction":[{"@type":"ReadAction","target":["https:\/\/factoryson.com\/product\/buy-caluanie-muelear-pasteurize-2\/"]}]},{"@type":"ImageObject","inLanguage":"hu","@id":"https:\/\/factoryson.com\/product\/buy-caluanie-muelear-pasteurize-2\/#primaryimage","url":"https:\/\/factoryson.com\/wp-content\/uploads\/2024\/11\/5L-Caluanie-Muelear-Pasteurize.gif","contentUrl":"https:\/\/factoryson.com\/wp-content\/uploads\/2024\/11\/5L-Caluanie-Muelear-Pasteurize.gif","width":600,"height":600,"caption":"Purchase Caluanie Muelear Pasteurize 5L Online"},{"@type":"BreadcrumbList","@id":"https:\/\/factoryson.com\/product\/buy-caluanie-muelear-pasteurize-2\/#breadcrumb","itemListElement":[{"@type":"ListItem","position":1,"name":"Home","item":"https:\/\/factoryson.com\/nl\/"},{"@type":"ListItem","position":2,"name":"Shop","item":"https:\/\/factoryson.com\/nl\/shop\/"},{"@type":"ListItem","position":3,"name":"Caluanie Muelear Pasteurize 5L"}]},{"@type":"WebSite","@id":"https:\/\/factoryson.com\/#website","url":"https:\/\/factoryson.com\/","name":"FactorySon","description":"Az \u00e9n WordPress blogom","potentialAction":[{"@type":"SearchAction","target":{"@type":"EntryPoint","urlTemplate":"https:\/\/factoryson.com\/?s={search_term_string}"},"query-input":{"@type":"PropertyValueSpecification","valueRequired":true,"valueName":"search_term_string"}}],"inLanguage":"hu"}]}},"_links":{"self":[{"href":"https:\/\/factoryson.com\/hu\/wp-json\/wp\/v2\/product\/668","targetHints":{"allow":["GET"]}}],"collection":[{"href":"https:\/\/factoryson.com\/hu\/wp-json\/wp\/v2\/product"}],"about":[{"href":"https:\/\/factoryson.com\/hu\/wp-json\/wp\/v2\/types\/product"}],"replies":[{"embeddable":true,"href":"https:\/\/factoryson.com\/hu\/wp-json\/wp\/v2\/comments?post=668"}],"wp:featuredmedia":[{"embeddable":true,"href":"https:\/\/factoryson.com\/hu\/wp-json\/wp\/v2\/media\/737"}],"wp:attachment":[{"href":"https:\/\/factoryson.com\/hu\/wp-json\/wp\/v2\/media?parent=668"}],"wp:term":[{"taxonomy":"product_brand","embeddable":true,"href":"https:\/\/factoryson.com\/hu\/wp-json\/wp\/v2\/product_brand?post=668"},{"taxonomy":"product_cat","embeddable":true,"href":"https:\/\/factoryson.com\/hu\/wp-json\/wp\/v2\/product_cat?post=668"},{"taxonomy":"product_tag","embeddable":true,"href":"https:\/\/factoryson.com\/hu\/wp-json\/wp\/v2\/product_tag?post=668"}],"curies":[{"name":"wp","href":"https:\/\/api.w.org\/{rel}","templated":true}]}}