{"id":667,"date":"2024-11-08T05:03:38","date_gmt":"2024-11-08T05:03:38","guid":{"rendered":"https:\/\/pvpgrams.com\/factory\/?post_type=product&#038;p=667"},"modified":"2026-04-01T17:35:52","modified_gmt":"2026-04-01T17:35:52","slug":"caluanie-muelear-oxidize-sale","status":"publish","type":"product","link":"https:\/\/factoryson.com\/hu\/product\/caluanie-muelear-oxidize-sale\/","title":{"rendered":"Caluanie Muelear Oxidize 20L elad\u00f3"},"content":{"rendered":"<h3>Caluanie Muelear Oxidize 20L: Az \u00d6n ipari megold\u00e1sa<\/h3>\n<p>Caluanie Muelear Oxidize 20L-t keresel elad\u00f3 a legjobb \u00e1ron, megb\u00edzhat\u00f3 forr\u00e1sb\u00f3l? A Factorysonn\u00e1l erre specializ\u00e1l\u00f3dtunk. <strong>high-purity<a href=\"https:\/\/factoryson.com\/hu\/product\/benzyl-cyanide-for-sale\/\"> Caluanie Muelear Oxidize<\/a><\/strong> az ipar\u00e1gak sz\u00e1m\u00e1ra vil\u00e1gszerte. Ak\u00e1r a <strong>f\u00e9m \u00fajrahasznos\u00edt\u00e1sa<\/strong>, <strong>b\u00e1ny\u00e1szat<\/strong>, vagy <strong>anyagfeldolgoz\u00f3 ipar<\/strong>, a mi <strong>Caluanie Muelear Oxidize 20L<\/strong> t\u00f6k\u00e9letes megold\u00e1st k\u00edn\u00e1l az \u00d6n nagy ig\u00e9nybev\u00e9tel\u0171 ig\u00e9nyeihez. A <strong>Caluanie Muelear Oxidize 20L elad\u00f3<\/strong>, biztos\u00edtjuk, hogy pr\u00e9mium min\u0151s\u00e9get \u00e9s versenyk\u00e9pes \u00e1rakat kapjon minden ipari ig\u00e9nye kiel\u00e9g\u00edt\u00e9s\u00e9re.<a href=\"https:\/\/moleculeminds.com\/shop\/1l-caluanie-muelear-oxidize\/\">.<\/a><\/p>\n<h3>Mi\u00e9rt v\u00e1lassza a Factorysont a Caluanie Muelear Oxidize sz\u00e1m\u00e1ra?<\/h3>\n<p>Mi vagyunk az egyik leg <strong>Caluanie Muelear megb\u00edzhat\u00f3 besz\u00e1ll\u00edt\u00f3i <a href=\"https:\/\/en.wikipedia.org\/wiki\/Oxidizing_acid\">Oxid\u00e1lja<\/a><\/strong>, felaj\u00e1nlva <strong>\u00f6mlesztett Caluanie Muelear Oxidize rendel\u00e9sek<\/strong> a  oldalon. <strong>f\u00e9mipar<\/strong> \u00e9s <strong>anyagfeldolgoz\u00e1si alkalmaz\u00e1sok<\/strong>. Mint megb\u00edzhat\u00f3 <strong>Caluanie online besz\u00e1ll\u00edt\u00f3k<\/strong>, gyors sz\u00e1ll\u00edt\u00e1st, rugalmas lehet\u0151s\u00e9geket \u00e9s <strong>Caluanie rendelkez\u00e9sre \u00e1ll\u00e1sa exportra<\/strong> az \u00fcgyfelek glob\u00e1lis kiszolg\u00e1l\u00e1sa \u00e9rdek\u00e9ben. A <strong>Caluanie Muelear Oxidize \u00e1r literenk\u00e9nt<\/strong> versenyk\u00e9pes, ami megk\u00f6nny\u00edti a v\u00e1llalkoz\u00e1sok sz\u00e1m\u00e1ra, hogy a Factorysont v\u00e1lassz\u00e1k partner\u00fcknek.<\/p>\n<h4>A Caluanie Muelear Oxidize 20L alkalmaz\u00e1sai<\/h4>\n<p><strong>Ipari min\u0151s\u00e9g\u0171 Caluanie Muelear Oxidize<\/strong> a legk\u00fcl\u00f6nb\u00f6z\u0151bb ipar\u00e1gak nagy ig\u00e9nybev\u00e9tel\u0171 alkalmaz\u00e1saihoz tervezt\u00e9k. \u00cdgy m\u0171k\u00f6dik:<\/p>\n<ol>\n<li><strong>F\u00e9m l\u00e1gy\u00edt\u00e1s<\/strong>: Elengedhetetlen a <strong>f\u00e9ml\u00e1gy\u00edt\u00f3 reagens besz\u00e1ll\u00edt\u00f3k<\/strong>, A Caluanie-t a k\u00f6vetkez\u0151kben haszn\u00e1lj\u00e1k <strong>f\u00e9m \u00fajrahasznos\u00edt\u00f3 vegyszerek<\/strong> hogy a f\u00e9meket t\u00f6r\u00e9kenny\u00e9 \u00e9s k\u00f6nnyebben \u00f6sszet\u00f6rhet\u0151v\u00e9 tegye.<\/li>\n<li><strong>\u00c9rc- \u00e9s \u00e1sv\u00e1nyfeldolgoz\u00e1s<\/strong>: Amikor <strong>v\u00e1s\u00e1rolni Caluanie b\u00e1ny\u00e1szathoz \u00e9s \u00e9rcfeldolgoz\u00e1shoz<\/strong>, egyszer\u0171s\u00edti a kitermel\u00e9si folyamatokat, jav\u00edtva a hat\u00e9konys\u00e1got.<\/li>\n<li><strong>Nagy teherb\u00edr\u00e1s\u00fa z\u00faz\u00f3 vegyszerek<\/strong>: Er\u0151teljes tulajdons\u00e1gaival a Caluanie n\u00e9lk\u00fcl\u00f6zhetetlen <strong>k\u00e9miai megold\u00e1s f\u00e9mek z\u00faz\u00e1s\u00e1hoz<\/strong> \u00e9s m\u00e1s kem\u00e9ny anyagok.<\/li>\n<li><strong>\u00dajrahasznos\u00edt\u00e1s \u00e9s b\u00e1ny\u00e1szat<\/strong>: Haszn\u00e1lata a <strong>\u00fajrahasznos\u00edt\u00e1s \u00e9s b\u00e1ny\u00e1szat<\/strong> teszi kedvenc\u00e9v\u00e9 a <strong>ipari v\u00e1s\u00e1rl\u00f3k Caluanie Muelear Oxidize<\/strong>.<\/li>\n<\/ol>\n<h4>T\u00f6meges megrendel\u00e9sek a neh\u00e9zipar sz\u00e1m\u00e1ra<\/h4>\n<p>A Factoryson szakter\u00fclete <strong>\u00f6mlesztett Caluanie Muelear Oxidize rendel\u00e9sek<\/strong> a  oldalon. <strong>neh\u00e9zipar<\/strong>. Ak\u00e1r sz\u00fcks\u00e9ge van <strong>Caluanie neh\u00e9zv\u00edz-reagens<\/strong> a nagyszab\u00e1s\u00fa m\u0171veletekhez vagy kisebb mennyis\u00e9gben a hi\u00e1nyp\u00f3tl\u00f3 alkalmaz\u00e1sokhoz, mi gondoskodunk r\u00f3la. Szerep\u00fcnk, mint <strong>Caluanie sz\u00e1ll\u00edt\u00f3 a f\u00e9mipar sz\u00e1m\u00e1ra<\/strong> z\u00f6kken\u0151mentes sz\u00e1ll\u00edt\u00e1st \u00e9s megb\u00edzhat\u00f3 teljes\u00edtm\u00e9nyt biztos\u00edt minden egyes sz\u00e1ll\u00edtm\u00e1nyban.<\/p>\n<h3>Biztons\u00e1gi \u00fatmutat\u00f3 a Caluanie Muelear Oxidize kezel\u00e9s\u00e9hez<\/h3>\n<p>A biztons\u00e1g a legf\u0151bb priorit\u00e1sunk. Amikor a <strong>Caluanie Muelear Oxidize 20L<\/strong>, k\u00f6vesse az al\u00e1bbi ir\u00e1nymutat\u00e1sokat:<\/p>\n<ul>\n<li>Viseljen megfelel\u0151 v\u00e9d\u0151felszerel\u00e9st, bele\u00e9rtve a keszty\u0171t \u00e9s a v\u00e9d\u0151szem\u00fcveget.<\/li>\n<li>A g\u0151z\u00f6k bel\u00e9gz\u00e9s\u00e9nek elker\u00fcl\u00e9se \u00e9rdek\u00e9ben j\u00f3l szell\u0151z\u0151 helyen haszn\u00e1lja.<\/li>\n<li>T\u00e1rolja biztons\u00e1gos, h\u0171v\u00f6s \u00e9s sz\u00e1raz helyen.<\/li>\n<li>L\u00e1sd a r\u00e9szletes <strong>biztons\u00e1gi \u00fatmutat\u00f3 a Caluanie Muelear Oxidize kezel\u00e9s\u00e9hez<\/strong> a legjobb gyakorlatok biztos\u00edt\u00e1sa \u00e9rdek\u00e9ben.<\/li>\n<\/ul>\n<h3>L\u00e9pjen kapcsolatba vel\u00fcnk a Caluanie Muelear Oxidize 20L eset\u00e9ben<\/h3>\n<p>Keress\u00fck a <strong>legjobb hely a Caluanie megv\u00e1s\u00e1rl\u00e1s\u00e1ra<a href=\"https:\/\/factoryson.com\/hu\/product\/sodium-benzoate-powder-sale\/\"> Muelear Oxidize 20L<\/a> online<\/strong>? A Factoryson biztos\u00edtja <strong>nagy tisztas\u00e1g\u00fa Caluanie Muelear Oxidize<\/strong> az \u00d6n egyedi ig\u00e9nyeihez igaz\u00edtva. Szak\u00e9rtelm\u00fcnkkel <strong>a Caluanie Muelear Oxidize ipari felhaszn\u00e1l\u00e1sa<\/strong>, kiv\u00e9teles \u00e9rt\u00e9ket ny\u00fajtunk minden ipari alkalmaz\u00e1shoz. L\u00e9pjen kapcsolatba vel\u00fcnk m\u00e9g ma, hogy t\u00f6bbet megtudjon <strong><a href=\"https:\/\/factoryson.com\/hu\/product\/benzyl-cyanide-for-sale\/\">Caluanie Muelear Oxidize<\/a> 20L for sale<\/strong>, adjon le rendel\u00e9st, vagy fedezze fel <strong>nagybev\u00e1s\u00e1rl\u00e1si lehet\u0151s\u00e9gek<\/strong>. Caluanie Muelear Oxidize 20L megv\u00e1s\u00e1rl\u00e1sa<\/p>\n<p>Factoryson-A megb\u00edzhat\u00f3 partnere a k\u00f6vetkez\u0151 ter\u00fcleteken <strong>Caluanie Muelear Oxidize 20L elad\u00f3<\/strong>!<\/p>","protected":false},"excerpt":{"rendered":"<p>\u00dcdv\u00f6z\u00f6lj\u00fck a k\u00e9miai innov\u00e1ci\u00f3 j\u00f6v\u0151j\u00e9ben a <strong>20L Caluanie Muelear Oxidize<\/strong>. Az ipar\u00e1gak fejl\u0151d\u00e9s\u00e9vel egyre n\u0151 a kereslet a nagy teljes\u00edtm\u00e9ny\u0171 vegyi anyagok ir\u00e1nt, amelyek k\u00e9pesek n\u00f6velni a termel\u00e9s hat\u00e9konys\u00e1g\u00e1t \u00e9s a term\u00e9kmin\u0151s\u00e9get. A Caluanie Muelear Oxidize \u00e9len j\u00e1r, sokoldal\u00fa oxid\u00e1l\u00f3szerk\u00e9nt szolg\u00e1l, amely kulcsfontoss\u00e1g\u00fa a k\u00fcl\u00f6nb\u00f6z\u0151 alkalmaz\u00e1sokban, t\u00f6bbek k\u00f6z\u00f6tt a gy\u00f3gyszeriparban, a mez\u0151gazdas\u00e1gban \u00e9s a vegyiparban.<\/p>\n<ul>\n<li><strong>Molekul\u00e1ris k\u00e9plet<\/strong>: C\u2087H\u2085N<\/li>\n<li><strong>CAS-sz\u00e1m<\/strong>: 100-52-7<\/li>\n<li><strong>Fizikai \u00e1llapot<\/strong>: Foly\u00e9kony<\/li>\n<li><strong>Sz\u00ednes<\/strong>: Sz\u00edntelen vagy halv\u00e1nys\u00e1rga<strong>Kulcsfontoss\u00e1g\u00fa jellemz\u0151k:<\/strong>\n<ul>\n<li><strong>K\u00f6tet:<\/strong> 20 liter<\/li>\n<li><strong>Alkalmaz\u00e1sok:<\/strong> Ide\u00e1lis f\u00e9mmegmunk\u00e1l\u00e1shoz, anyagfeldolgoz\u00e1shoz \u00e9s egy\u00e9b neh\u00e9z ipari feladatokhoz<\/li>\n<li><strong>Tulajdons\u00e1gok:<\/strong> Hat\u00e9konyan m\u00f3dos\u00edtja a f\u00e9mek jellemz\u0151it a megform\u00e1lhat\u00f3s\u00e1g \u00e9s a k\u00f6nny\u0171 megmunk\u00e1lhat\u00f3s\u00e1g fokoz\u00e1sa \u00e9rdek\u00e9ben<\/li>\n<\/ul>\n<\/li>\n<\/ul>","protected":false},"featured_media":736,"comment_status":"open","ping_status":"closed","template":"","meta":{"pagelayer_contact_templates":[],"_pagelayer_content":"","_kadence_starter_templates_imported_post":false,"_kad_post_transparent":"default","_kad_post_title":"","_kad_post_layout":"default","_kad_post_sidebar_id":"","_kad_post_content_style":"default","_kad_post_vertical_padding":"default","_kad_post_feature":"","_kad_post_feature_position":"","_kad_post_header":false,"_kad_post_footer":false},"product_brand":[],"product_cat":[20],"product_tag":[],"class_list":{"0":"post-667","1":"product","2":"type-product","3":"status-publish","4":"has-post-thumbnail","6":"product_cat-caluanie","8":"first","9":"instock","10":"shipping-taxable","11":"purchasable","12":"product-type-variable","13":"entry","14":"content-bg","15":"loop-entry"},"yoast_head":"<!-- This site is optimized with the Yoast SEO plugin v27.3 - https:\/\/yoast.com\/product\/yoast-seo-wordpress\/ -->\n<title>Caluanie Muelear Oxidize 20L for Sale Online - FactorySon<\/title>\n<meta name=\"description\" content=\"Buy caluanie muelear oxidize 20L online conveniently and securely, with a straightforward ordering process for caluanie muelear oxidize 20L for sale. Order now!\" \/>\n<meta name=\"robots\" content=\"index, follow, max-snippet:-1, max-image-preview:large, max-video-preview:-1\" \/>\n<link rel=\"canonical\" href=\"https:\/\/factoryson.com\/hu\/product\/caluanie-muelear-oxidize-sale\/\" \/>\n<meta property=\"og:locale\" content=\"hu_HU\" \/>\n<meta property=\"og:type\" content=\"article\" \/>\n<meta property=\"og:title\" content=\"Caluanie Muelear Oxidize 20L for Sale Online - FactorySon\" \/>\n<meta property=\"og:description\" content=\"Buy caluanie muelear oxidize 20L online conveniently and securely, with a straightforward ordering process for caluanie muelear oxidize 20L for sale. Order now!\" \/>\n<meta property=\"og:url\" content=\"https:\/\/factoryson.com\/hu\/product\/caluanie-muelear-oxidize-sale\/\" \/>\n<meta property=\"og:site_name\" content=\"FactorySon\" \/>\n<meta property=\"article:modified_time\" content=\"2026-04-01T17:35:52+00:00\" \/>\n<meta property=\"og:image\" content=\"https:\/\/factoryson.com\/wp-content\/uploads\/2024\/11\/Caluanie-Muelear-Oxidize-20L.gif\" \/>\n\t<meta property=\"og:image:width\" content=\"600\" \/>\n\t<meta property=\"og:image:height\" content=\"600\" \/>\n\t<meta property=\"og:image:type\" content=\"image\/gif\" \/>\n<meta name=\"twitter:card\" content=\"summary_large_image\" \/>\n<meta name=\"twitter:label1\" content=\"Becs\u00fclt olvas\u00e1si id\u0151\" \/>\n\t<meta name=\"twitter:data1\" content=\"3 perc\" \/>\n<script type=\"application\/ld+json\" class=\"yoast-schema-graph\">{\"@context\":\"https:\\\/\\\/schema.org\",\"@graph\":[{\"@type\":\"WebPage\",\"@id\":\"https:\\\/\\\/factoryson.com\\\/product\\\/caluanie-muelear-oxidize-sale\\\/\",\"url\":\"https:\\\/\\\/factoryson.com\\\/product\\\/caluanie-muelear-oxidize-sale\\\/\",\"name\":\"Caluanie Muelear Oxidize 20L for Sale Online - FactorySon\",\"isPartOf\":{\"@id\":\"https:\\\/\\\/factoryson.com\\\/#website\"},\"primaryImageOfPage\":{\"@id\":\"https:\\\/\\\/factoryson.com\\\/product\\\/caluanie-muelear-oxidize-sale\\\/#primaryimage\"},\"image\":{\"@id\":\"https:\\\/\\\/factoryson.com\\\/product\\\/caluanie-muelear-oxidize-sale\\\/#primaryimage\"},\"thumbnailUrl\":\"https:\\\/\\\/factoryson.com\\\/wp-content\\\/uploads\\\/2024\\\/11\\\/Caluanie-Muelear-Oxidize-20L.gif\",\"datePublished\":\"2024-11-08T05:03:38+00:00\",\"dateModified\":\"2026-04-01T17:35:52+00:00\",\"description\":\"Buy caluanie muelear oxidize 20L online conveniently and securely, with a straightforward ordering process for caluanie muelear oxidize 20L for sale. Order now!\",\"breadcrumb\":{\"@id\":\"https:\\\/\\\/factoryson.com\\\/product\\\/caluanie-muelear-oxidize-sale\\\/#breadcrumb\"},\"inLanguage\":\"hu\",\"potentialAction\":[{\"@type\":\"ReadAction\",\"target\":[\"https:\\\/\\\/factoryson.com\\\/product\\\/caluanie-muelear-oxidize-sale\\\/\"]}]},{\"@type\":\"ImageObject\",\"inLanguage\":\"hu\",\"@id\":\"https:\\\/\\\/factoryson.com\\\/product\\\/caluanie-muelear-oxidize-sale\\\/#primaryimage\",\"url\":\"https:\\\/\\\/factoryson.com\\\/wp-content\\\/uploads\\\/2024\\\/11\\\/Caluanie-Muelear-Oxidize-20L.gif\",\"contentUrl\":\"https:\\\/\\\/factoryson.com\\\/wp-content\\\/uploads\\\/2024\\\/11\\\/Caluanie-Muelear-Oxidize-20L.gif\",\"width\":600,\"height\":600,\"caption\":\"Caluanie Muelear Oxidize 20L for Sale\"},{\"@type\":\"BreadcrumbList\",\"@id\":\"https:\\\/\\\/factoryson.com\\\/product\\\/caluanie-muelear-oxidize-sale\\\/#breadcrumb\",\"itemListElement\":[{\"@type\":\"ListItem\",\"position\":1,\"name\":\"Home\",\"item\":\"https:\\\/\\\/factoryson.com\\\/nl\\\/\"},{\"@type\":\"ListItem\",\"position\":2,\"name\":\"Shop\",\"item\":\"https:\\\/\\\/factoryson.com\\\/nl\\\/shop\\\/\"},{\"@type\":\"ListItem\",\"position\":3,\"name\":\"Caluanie Muelear Oxidize 20L for Sale\"}]},{\"@type\":\"WebSite\",\"@id\":\"https:\\\/\\\/factoryson.com\\\/#website\",\"url\":\"https:\\\/\\\/factoryson.com\\\/\",\"name\":\"FactorySon\",\"description\":\"My WordPress Blog\",\"potentialAction\":[{\"@type\":\"SearchAction\",\"target\":{\"@type\":\"EntryPoint\",\"urlTemplate\":\"https:\\\/\\\/factoryson.com\\\/?s={search_term_string}\"},\"query-input\":{\"@type\":\"PropertyValueSpecification\",\"valueRequired\":true,\"valueName\":\"search_term_string\"}}],\"inLanguage\":\"hu\"}]}<\/script>\n<!-- \/ Yoast SEO plugin. -->","yoast_head_json":{"title":"Caluanie Muelear Oxidize 20L online elad\u00f3 - FactorySon","description":"V\u00e1s\u00e1roljon caluanie muelear oxidize 20L-t online k\u00e9nyelmesen \u00e9s biztons\u00e1gosan, egyszer\u0171 rendel\u00e9si folyamattal caluanie muelear oxidize 20L elad\u00f3. Rendeljen most!","robots":{"index":"index","follow":"follow","max-snippet":"max-snippet:-1","max-image-preview":"max-image-preview:large","max-video-preview":"max-video-preview:-1"},"canonical":"https:\/\/factoryson.com\/hu\/product\/caluanie-muelear-oxidize-sale\/","og_locale":"hu_HU","og_type":"article","og_title":"Caluanie Muelear Oxidize 20L for Sale Online - FactorySon","og_description":"Buy caluanie muelear oxidize 20L online conveniently and securely, with a straightforward ordering process for caluanie muelear oxidize 20L for sale. Order now!","og_url":"https:\/\/factoryson.com\/hu\/product\/caluanie-muelear-oxidize-sale\/","og_site_name":"FactorySon","article_modified_time":"2026-04-01T17:35:52+00:00","og_image":[{"width":600,"height":600,"url":"https:\/\/factoryson.com\/wp-content\/uploads\/2024\/11\/Caluanie-Muelear-Oxidize-20L.gif","type":"image\/gif"}],"twitter_card":"summary_large_image","twitter_misc":{"Becs\u00fclt olvas\u00e1si id\u0151":"3 perc"},"schema":{"@context":"https:\/\/schema.org","@graph":[{"@type":"WebPage","@id":"https:\/\/factoryson.com\/product\/caluanie-muelear-oxidize-sale\/","url":"https:\/\/factoryson.com\/product\/caluanie-muelear-oxidize-sale\/","name":"Caluanie Muelear Oxidize 20L online elad\u00f3 - FactorySon","isPartOf":{"@id":"https:\/\/factoryson.com\/#website"},"primaryImageOfPage":{"@id":"https:\/\/factoryson.com\/product\/caluanie-muelear-oxidize-sale\/#primaryimage"},"image":{"@id":"https:\/\/factoryson.com\/product\/caluanie-muelear-oxidize-sale\/#primaryimage"},"thumbnailUrl":"https:\/\/factoryson.com\/wp-content\/uploads\/2024\/11\/Caluanie-Muelear-Oxidize-20L.gif","datePublished":"2024-11-08T05:03:38+00:00","dateModified":"2026-04-01T17:35:52+00:00","description":"V\u00e1s\u00e1roljon caluanie muelear oxidize 20L-t online k\u00e9nyelmesen \u00e9s biztons\u00e1gosan, egyszer\u0171 rendel\u00e9si folyamattal caluanie muelear oxidize 20L elad\u00f3. Rendeljen most!","breadcrumb":{"@id":"https:\/\/factoryson.com\/product\/caluanie-muelear-oxidize-sale\/#breadcrumb"},"inLanguage":"hu","potentialAction":[{"@type":"ReadAction","target":["https:\/\/factoryson.com\/product\/caluanie-muelear-oxidize-sale\/"]}]},{"@type":"ImageObject","inLanguage":"hu","@id":"https:\/\/factoryson.com\/product\/caluanie-muelear-oxidize-sale\/#primaryimage","url":"https:\/\/factoryson.com\/wp-content\/uploads\/2024\/11\/Caluanie-Muelear-Oxidize-20L.gif","contentUrl":"https:\/\/factoryson.com\/wp-content\/uploads\/2024\/11\/Caluanie-Muelear-Oxidize-20L.gif","width":600,"height":600,"caption":"Caluanie Muelear Oxidize 20L for Sale"},{"@type":"BreadcrumbList","@id":"https:\/\/factoryson.com\/product\/caluanie-muelear-oxidize-sale\/#breadcrumb","itemListElement":[{"@type":"ListItem","position":1,"name":"Home","item":"https:\/\/factoryson.com\/nl\/"},{"@type":"ListItem","position":2,"name":"Shop","item":"https:\/\/factoryson.com\/nl\/shop\/"},{"@type":"ListItem","position":3,"name":"Caluanie Muelear Oxidize 20L for Sale"}]},{"@type":"WebSite","@id":"https:\/\/factoryson.com\/#website","url":"https:\/\/factoryson.com\/","name":"FactorySon","description":"Az \u00e9n WordPress blogom","potentialAction":[{"@type":"SearchAction","target":{"@type":"EntryPoint","urlTemplate":"https:\/\/factoryson.com\/?s={search_term_string}"},"query-input":{"@type":"PropertyValueSpecification","valueRequired":true,"valueName":"search_term_string"}}],"inLanguage":"hu"}]}},"_links":{"self":[{"href":"https:\/\/factoryson.com\/hu\/wp-json\/wp\/v2\/product\/667","targetHints":{"allow":["GET"]}}],"collection":[{"href":"https:\/\/factoryson.com\/hu\/wp-json\/wp\/v2\/product"}],"about":[{"href":"https:\/\/factoryson.com\/hu\/wp-json\/wp\/v2\/types\/product"}],"replies":[{"embeddable":true,"href":"https:\/\/factoryson.com\/hu\/wp-json\/wp\/v2\/comments?post=667"}],"wp:featuredmedia":[{"embeddable":true,"href":"https:\/\/factoryson.com\/hu\/wp-json\/wp\/v2\/media\/736"}],"wp:attachment":[{"href":"https:\/\/factoryson.com\/hu\/wp-json\/wp\/v2\/media?parent=667"}],"wp:term":[{"taxonomy":"product_brand","embeddable":true,"href":"https:\/\/factoryson.com\/hu\/wp-json\/wp\/v2\/product_brand?post=667"},{"taxonomy":"product_cat","embeddable":true,"href":"https:\/\/factoryson.com\/hu\/wp-json\/wp\/v2\/product_cat?post=667"},{"taxonomy":"product_tag","embeddable":true,"href":"https:\/\/factoryson.com\/hu\/wp-json\/wp\/v2\/product_tag?post=667"}],"curies":[{"name":"wp","href":"https:\/\/api.w.org\/{rel}","templated":true}]}}