{"id":666,"date":"2024-11-08T05:03:38","date_gmt":"2024-11-08T05:03:38","guid":{"rendered":"https:\/\/pvpgrams.com\/factory\/?post_type=product&#038;p=666"},"modified":"2026-04-01T05:47:28","modified_gmt":"2026-04-01T05:47:28","slug":"buy-isocyanic-acid-caluanie","status":"publish","type":"product","link":"https:\/\/factoryson.com\/hu\/product\/buy-isocyanic-acid-caluanie\/","title":{"rendered":"Izoci\u00e1nsav A-B Caluanie"},"content":{"rendered":"<h2>Isoci\u00e1nsav A-B Caluanie online megv\u00e1s\u00e1rl\u00e1sa <a href=\"https:\/\/factoryson.com\/hu\/product\/5l-caluanie-muelear-pasteurize\/\">-<\/a> Nagy teljes\u00edtm\u00e9ny\u0171 ipari vegy\u00fclet bevonatokhoz \u00e9s szigetel\u00e9sekhez<\/h2>\n<p>Keresem a <strong>b<\/strong><strong>u<\/strong><strong>y <\/strong><strong>Izoci\u00e1nsav A-B Caluanie<\/strong> <strong>online<\/strong>? M\u00e1s n\u00e9ven <strong>Caluanie Muelear Oxidize<\/strong>ez a sokoldal\u00fa vegy\u00fclet er\u0151s k\u00f6t\u0151erej\u00e9r\u0151l \u00e9s k\u00e9miai reakci\u00f3k\u00e9pess\u00e9g\u00e9r\u0151l h\u00edres, \u00edgy ide\u00e1lis a k\u00f6vetkez\u0151kh\u00f6z <strong>ipari bevonatok, szigetel\u00e9sek \u00e9s poliuret\u00e1n gy\u00e1rt\u00e1sa<\/strong>. El\u00e9rhet\u0151 <strong>t\u00f6meges, nagykereskedelmi \u00e9s speci\u00e1lis megrendel\u00e9sek<\/strong>, A FactorySon pr\u00e9mium min\u0151s\u00e9g\u0171 izoci\u00e1nsav A-B Caluanie-t sz\u00e1ll\u00edt az aut\u00f3ipar, az \u00e9p\u00edt\u0151ipar \u00e9s a gy\u00e1rt\u00e1s nagy ig\u00e9nyeinek kiel\u00e9g\u00edt\u00e9s\u00e9re. <strong>Izoci\u00e1nsav A-B Caluanie elad\u00f3 online<\/strong>.<\/p>\n<h3>Mi\u00e9rt v\u00e1lassza az izoci\u00e1nsav A-B Caluanie-t?<\/h3>\n<p>Az izoci\u00e1nsav A-B Caluanie egy hat\u00e9kony megold\u00e1s az olyan ipar\u00e1gak sz\u00e1m\u00e1ra, amelyeknek a k\u00f6vetkez\u0151kre van sz\u00fcks\u00e9g\u00fck <strong>er\u0151s ragaszt\u00f3 \u00e9s bevonat tulajdons\u00e1gok<\/strong>. Mivel k\u00e9pes izocian\u00e1tokat k\u00e9pezni, sz\u00e9les k\u00f6rben haszn\u00e1lj\u00e1k a k\u00f6vetkez\u0151kben <strong>merev habok, elasztomerek \u00e9s v\u00e9d\u0151bevonatok<\/strong>. Ismert <strong>tart\u00f3ss\u00e1g, korr\u00f3zi\u00f3\u00e1ll\u00f3s\u00e1g \u00e9s id\u0151j\u00e1r\u00e1s\u00e1ll\u00f3s\u00e1g<\/strong>, ez a szakemberek egyik legjobb v\u00e1laszt\u00e1sa a k\u00f6vetkez\u0151 ter\u00fcleteken. <strong>g\u00e9pj\u00e1rm\u0171jav\u00edt\u00e1s, \u00e9p\u00fcletszigetel\u00e9s \u00e9s fel\u00fcletbevonatok<\/strong>.<\/p>\n<h4>Az elad\u00f3 izoci\u00e1nsav A-B Caluanie legfontosabb el\u0151nyei<\/h4>\n<ul>\n<li><strong>Magas reaktivit\u00e1s \u00e9s k\u00f6t\u00e9s<\/strong>: Kiv\u00e1l\u00f3an alkalmas olyan anyagok ragaszt\u00e1s\u00e1ra, mint <strong>alum\u00ednium, \u00fcvegsz\u00e1las anyag, ac\u00e9l, fa \u00e9s cement<\/strong>.<\/li>\n<li><strong>Tart\u00f3s \u00e9s ellen\u00e1ll\u00f3<\/strong>: Ellen\u00e1ll a korr\u00f3zi\u00f3nak \u00e9s az id\u0151j\u00e1r\u00e1snak, \u00edgy alkalmas a k\u00f6vetkez\u0151kh\u00f6z <strong>szerkezetek \u00e9s j\u00e1rm\u0171vek v\u00e9d\u0151bevonatai<\/strong>.<\/li>\n<li><strong>Sz\u00e9lesk\u00f6r\u0171 ipari alkalmaz\u00e1sok<\/strong>: A k\u00f6vetkez\u0151kben haszn\u00e1latos <strong>poliuret\u00e1n hab gy\u00e1rt\u00e1sa<\/strong> szigetel\u00e9shez, \u00e9s a <strong>padl\u00f3k, fed\u00e9lzetek, teheraut\u00f3-\u00e1gyak \u00e9s p\u00f3tkocsik bevonatai<\/strong>.<\/li>\n<li><strong>K\u00f6lts\u00e9ghat\u00e9kony megold\u00e1s<\/strong>: Ide\u00e1lis az olyan diizocian\u00e1tok t\u00f6meggy\u00e1rt\u00e1s\u00e1hoz, mint a <strong>HDI, TDI \u00e9s MDI<\/strong>, rugalmas habokban, ragaszt\u00f3kban \u00e9s elasztomerekben haszn\u00e1lj\u00e1k.<\/li>\n<\/ul>\n<h3>Az elad\u00f3 izoci\u00e1nsav A-B Caluanie alkalmaz\u00e1sai<\/h3>\n<ol>\n<li><strong>Poliuret\u00e1n gy\u00e1rt\u00e1s<\/strong>: Kulcsfontoss\u00e1g\u00fa a diizocian\u00e1tok el\u0151\u00e1ll\u00edt\u00e1s\u00e1ban, amelyeket a k\u00f6vetkez\u0151 anyagokban haszn\u00e1lnak <strong>poliuret\u00e1n habok szigetel\u00e9shez<\/strong>, \u00e1gynem\u0171, csomagol\u00e1s \u00e9s t\u00f6m\u00edt\u0151anyagok.<\/li>\n<li><strong>Aut\u00f3ipari \u00e9s ipari bevonatok<\/strong>: Nagy teljes\u00edtm\u00e9ny\u0171 bevonatokat biztos\u00edt <strong>teheraut\u00f3-\u00e1gyak, ac\u00e9lszerkezetek \u00e9s egy\u00e9b neh\u00e9zg\u00e9pj\u00e1rm\u0171vek<\/strong>, v\u00e9dve a kop\u00e1s \u00e9s elhaszn\u00e1l\u00f3d\u00e1s ellen.<\/li>\n<li><strong>\u00c9p\u00fcletszigetel\u00e9s<\/strong>: Alapvet\u0151 fontoss\u00e1g\u00fa a merev habok l\u00e9trehoz\u00e1s\u00e1hoz <strong>otthoni szigetel\u00e9s, h\u0171t\u0151szekr\u00e9nyek \u00e9s ipari berendez\u00e9sek<\/strong>.<\/li>\n<li><strong>K\u00fcl\u00f6nb\u00f6z\u0151 anyagok ragaszt\u00e1sa<\/strong>: Alkalmas ragaszt\u00e1sra <strong>\u00fcveg, gumi, karton, fa \u00e9s f\u00e9m<\/strong> fel\u00fcletek, kiv\u00e1l\u00f3 tapad\u00e1ssal \u00e9s tart\u00f3ss\u00e1ggal.<\/li>\n<\/ol>\n<h3>T\u00f6megesen kaphat\u00f3 - nagykereskedelmi megrendel\u00e9sek \u00e9s versenyk\u00e9pes \u00e1rak<\/h3>\n<p>FactorySon k\u00edn\u00e1l <strong>Izoci\u00e1nsav A-B Caluanie<\/strong> a  oldalon. <strong>\u00f6mlesztett \u00e9s nagykereskedelmi mennyis\u00e9gek<\/strong>, ami k\u00f6lts\u00e9ghat\u00e9kony megold\u00e1st jelent a gy\u00e1rt\u00f3k \u00e9s a nagy mennyis\u00e9get ig\u00e9nyl\u0151 ipar\u00e1gak sz\u00e1m\u00e1ra. A FactorySon versenyk\u00e9pes \u00e1raz\u00e1ssal \u00e9s gyors sz\u00e1ll\u00edt\u00e1ssal megb\u00edzhat\u00f3 sz\u00e1ll\u00edt\u00e1st \u00e9s kiv\u00e1l\u00f3 min\u0151s\u00e9g\u0171 ell\u00e1t\u00e1st biztos\u00edt.<\/p>\n<h4>T\u00f6meges v\u00e1s\u00e1rl\u00e1s el\u0151nyei:<\/h4>\n<ul>\n<li><strong>K\u00f6lts\u00e9gmegtakar\u00edt\u00e1s a nagy volumen\u0171 megrendel\u00e9sekn\u00e9l<\/strong>: Ide\u00e1lis nagyipari alkalmaz\u00e1sokhoz.<\/li>\n<li><strong>Megb\u00edzhat\u00f3 \u00e9s gyors sz\u00e1ll\u00edt\u00e1s<\/strong>: Id\u0151ben t\u00f6rt\u00e9n\u0151 sz\u00e1ll\u00edt\u00e1s, hogy a termel\u00e9s a tervek szerint haladjon.<\/li>\n<li><strong>Rugalmas mennyis\u00e9gek<\/strong>: Rendelje meg az \u00d6n \u00fczleti ig\u00e9nyeinek megfelel\u0151 mennyis\u00e9get, kis \u00e9s nagy megrendel\u00e9sekre egyar\u00e1nt van lehet\u0151s\u00e9g.<\/li>\n<\/ul>\n<p><strong>Rendeljen izoci\u00e1nsav A-B Caluanie online a FactorySon-t\u00f3l ma<\/strong><\/p>\n<p>K\u00e9szen \u00e1ll a megrendel\u00e9sre? \u00cdrjon a  c\u00edmre <strong>FactorySon<\/strong> a  c\u00edmre. <strong>v\u00e1s\u00e1rolni<\/strong> <strong>Izoci\u00e1nsav A-B Caluanie online<\/strong> \u00e9s t\u00f6bbet megtudhat a <strong>\u00e1rk\u00e9pz\u00e9s, biztons\u00e1gi adatok \u00e9s sz\u00e1ll\u00edt\u00e1si lehet\u0151s\u00e9gek<\/strong>. Ak\u00e1r az aut\u00f3iparban, az \u00e9p\u00edt\u0151iparban vagy a gy\u00e1rt\u00e1sban van r\u00e1 sz\u00fcks\u00e9ge, a FactorySon izoci\u00e1nsav A-B Caluanie az az ipari megold\u00e1s, amely minden alkalommal min\u0151s\u00e9get \u00e9s konzisztenci\u00e1t biztos\u00edt.<\/p>\n<h3><strong>Biztons\u00e1gi \u00fatmutat\u00f3 az izoci\u00e1nsav A-B kaluanie kezel\u00e9s\u00e9hez<\/strong><\/h3>\n<p>A megfelel\u0151 kezel\u00e9s <a href=\"https:\/\/en.wikipedia.org\/wiki\/Isocyanic_acid\"><strong>Izoci\u00e1nsav A-B Caluanie<\/strong><\/a> elengedhetetlen a biztons\u00e1g \u00e9s az optim\u00e1lis teljes\u00edtm\u00e9ny biztos\u00edt\u00e1s\u00e1hoz. \u00cdme a legfontosabb ir\u00e1nyelvek:<\/p>\n<ul>\n<li>Viseljen megfelel\u0151 v\u00e9d\u0151felszerel\u00e9st, bele\u00e9rtve a keszty\u0171t \u00e9s a v\u00e9d\u0151szem\u00fcveget.<\/li>\n<li>H\u0171v\u00f6s, sz\u00e1raz helyen, h\u0151t\u0151l \u00e9s napf\u00e9nyt\u0151l v\u00e9dve t\u00e1rolja.<\/li>\n<li>A g\u0151z\u00f6k bel\u00e9gz\u00e9s\u00e9nek elker\u00fcl\u00e9se \u00e9rdek\u00e9ben j\u00f3l szell\u0151z\u0151 helyen haszn\u00e1lja.<\/li>\n<li>A fel nem haszn\u00e1lt term\u00e9ket a helyi k\u00f6rnyezetv\u00e9delmi el\u0151\u00edr\u00e1soknak megfelel\u0151en \u00e1rtalmatlan\u00edtsa.<\/li>\n<\/ul>\n<p>L\u00e1sd a <strong>biztons\u00e1gi \u00fatmutat\u00f3 az izoci\u00e1nsav A-B Caluanie kezel\u00e9s\u00e9hez<\/strong> a r\u00e9szletes utas\u00edt\u00e1sok\u00e9rt.<\/p>\n<h3><strong>Kapcsolat Factoryson ma<\/strong><\/h3>\n<p>A  oldalon. <strong>A-B Caluanie izoci\u00e1nsav megb\u00edzhat\u00f3 besz\u00e1ll\u00edt\u00f3i<\/strong>, choose Factoryson. Whether you need <strong>nagy tisztas\u00e1g\u00fa izoci\u00e1nsav A-B Caluanie<\/strong> a  oldalon. <strong>k\u00e9miai megold\u00e1sok f\u00e9mek z\u00faz\u00e1s\u00e1hoz<\/strong> vagy <strong>b\u00e1ny\u00e1szati vegyszerek f\u00e9mkitermel\u00e9shez<\/strong>, a megfelel\u0151 term\u00e9kekkel rendelkez\u00fcnk az \u00d6n v\u00e1llalkoz\u00e1sa sz\u00e1m\u00e1ra. L\u00e9pjen kapcsolatba vel\u00fcnk m\u00e9g ma, hogy <strong>v\u00e1s\u00e1rolni izoci\u00e1nsav A-B Caluanie online<\/strong>, felfedezni <strong>nagybev\u00e1s\u00e1rl\u00e1si lehet\u0151s\u00e9gek<\/strong>, \u00e9s fokozza ipari folyamatait.<\/p>\n<p>Factoryson-A megb\u00edzhat\u00f3 partnere a <a href=\"https:\/\/factoryson.com\/hu\/product\/izociansav-a-b-caluanie\/\"><strong>Izoci\u00e1nsav A-B Caluanie elad\u00f3<\/strong><\/a>!<\/p>","protected":false},"excerpt":{"rendered":"<h4><strong>Izoci\u00e1nsav (HNCO)<\/strong><\/h4>\n<p><strong>Izoci\u00e1nsav<\/strong> egy egyszer\u0171 szerves vegy\u00fclet, amelynek k\u00e9miai k\u00e9plete HNCO. A ci\u00e1nsav (HOCN) izomerje, \u00e9s k\u00fcl\u00f6nb\u00f6z\u0151 k\u00e9miai folyamatokban j\u00e1tszik szerepet. Az al\u00e1bbiakban \u00e1ttekintj\u00fck tulajdons\u00e1gait \u00e9s felhaszn\u00e1l\u00e1si ter\u00fcleteit:<\/p>\n<p><strong>K\u00e9miai n\u00e9v:<\/strong> Izoci\u00e1nsav A - B<br \/>\n<strong>T\u00edpus:<\/strong> Savas ISOCIAN<br \/>\n<strong>S\u0171r\u0171s\u00e9g:<\/strong> 1450 g\/l.<br \/>\n<strong>K\u00e9miai k\u00e9plet:<\/strong> HN = C = O<br \/>\n<strong>Racion\u00e1lis k\u00e9plet:<\/strong> CHNO<br \/>\n<strong>CAS-regisztr\u00e1ci\u00f3s sz\u00e1m:<\/strong> 75-13-8<br \/>\n<strong>PubChem:<\/strong> 6347<br \/>\nEINECS nyilv\u00e1ntart\u00e1si sz\u00e1m: 616-189-3<br \/>\nA fulmi...n\u00f3sav izomerje (H-C\u2261N \u2192 O).<\/p>\n<p><strong>Alkalmaz\u00e1sok:<\/strong><\/p>\n<ul>\n<li><strong>Poliuret\u00e1n gy\u00e1rt\u00e1s:<\/strong> Az izoci\u00e1nsavat az \u00e1gynem\u0171k, sz\u0151nyegal\u00e1t\u00e9tek \u00e9s csomagol\u00f3anyagok poliuret\u00e1njainak gy\u00e1rt\u00e1s\u00e1hoz haszn\u00e1lj\u00e1k.<\/li>\n<li><strong>T\u00f6m\u00edt\u0151anyagok \u00e9s ragaszt\u00f3k:<\/strong> El\u0151anyagk\u00e9nt szolg\u00e1l t\u00f6m\u00edt\u0151anyagok, ragaszt\u00f3k \u00e9s elasztomerek el\u0151\u00e1ll\u00edt\u00e1s\u00e1hoz.<\/li>\n<li><strong>Merev habok:<\/strong> A vegy\u00fcletet a h\u0171t\u0151szekr\u00e9nyek \u00e9s a lak\u00e1sok szigetel\u00e9s\u00e9re szolg\u00e1l\u00f3 merev habok el\u0151\u00e1ll\u00edt\u00e1s\u00e1ra haszn\u00e1lj\u00e1k.<\/li>\n<li><strong>Fel\u00fcleti bevonatok:<\/strong> Tart\u00f3ss\u00e1ga, id\u0151j\u00e1r\u00e1s\u00e1ll\u00f3s\u00e1ga \u00e9s korr\u00f3zi\u00f3\u00e1ll\u00f3s\u00e1ga miatt az izoci\u00e1nsav ide\u00e1lis fel\u00fcleti bevonatokhoz olyan anyagokon, mint az alum\u00ednium, ac\u00e9l, \u00fcvegsz\u00e1l, fa \u00e9s cement.<\/li>\n<li><strong>Aut\u00f3ipar:<\/strong> Egyre gyakrabban haszn\u00e1lj\u00e1k a karossz\u00e9riajav\u00edt\u00e1sban \u00e9s az \u00e9p\u00fcletek szigetel\u00e9s\u00e9ben.<\/li>\n<\/ul>","protected":false},"featured_media":735,"comment_status":"closed","ping_status":"closed","template":"","meta":{"pagelayer_contact_templates":[],"_pagelayer_content":"","_kadence_starter_templates_imported_post":false,"_kad_post_transparent":"default","_kad_post_title":"","_kad_post_layout":"default","_kad_post_sidebar_id":"","_kad_post_content_style":"default","_kad_post_vertical_padding":"default","_kad_post_feature":"","_kad_post_feature_position":"","_kad_post_header":false,"_kad_post_footer":false},"product_brand":[],"product_cat":[20],"product_tag":[],"class_list":{"0":"post-666","1":"product","2":"type-product","3":"status-publish","4":"has-post-thumbnail","6":"product_cat-caluanie","8":"first","9":"instock","10":"shipping-taxable","11":"purchasable","12":"product-type-variable","13":"entry","14":"content-bg","15":"loop-entry"},"yoast_head":"<!-- This site is optimized with the Yoast SEO plugin v27.3 - https:\/\/yoast.com\/product\/yoast-seo-wordpress\/ -->\n<title>Buy Isocyanic Acid A-B Caluanie - Isocyanic Acid A-B for Sale<\/title>\n<meta name=\"description\" content=\"If you want to buy isocyanic acid a-b caluanie online and looking for a reliable online store, then buy here. We offer only high-quality isocyanic acid a-b caluanie for sale at an affordable price. Order isocyanic acid a-b caluanie Now!\" \/>\n<meta name=\"robots\" content=\"index, follow, max-snippet:-1, max-image-preview:large, max-video-preview:-1\" \/>\n<link rel=\"canonical\" href=\"https:\/\/factoryson.com\/hu\/product\/buy-isocyanic-acid-caluanie\/\" \/>\n<meta property=\"og:locale\" content=\"hu_HU\" \/>\n<meta property=\"og:type\" content=\"article\" \/>\n<meta property=\"og:title\" content=\"Buy Isocyanic Acid A-B Caluanie - Isocyanic Acid A-B for Sale\" \/>\n<meta property=\"og:description\" content=\"If you want to buy isocyanic acid a-b caluanie online and looking for a reliable online store, then buy here. We offer only high-quality isocyanic acid a-b caluanie for sale at an affordable price. Order isocyanic acid a-b caluanie Now!\" \/>\n<meta property=\"og:url\" content=\"https:\/\/factoryson.com\/hu\/product\/buy-isocyanic-acid-caluanie\/\" \/>\n<meta property=\"og:site_name\" content=\"FactorySon\" \/>\n<meta property=\"article:modified_time\" content=\"2026-04-01T05:47:28+00:00\" \/>\n<meta property=\"og:image\" content=\"https:\/\/factoryson.com\/wp-content\/uploads\/2024\/11\/Isocyanic-Acid-A-B-Caluanie.gif\" \/>\n\t<meta property=\"og:image:width\" content=\"600\" \/>\n\t<meta property=\"og:image:height\" content=\"600\" \/>\n\t<meta property=\"og:image:type\" content=\"image\/gif\" \/>\n<meta name=\"twitter:card\" content=\"summary_large_image\" \/>\n<meta name=\"twitter:label1\" content=\"Becs\u00fclt olvas\u00e1si id\u0151\" \/>\n\t<meta name=\"twitter:data1\" content=\"3 perc\" \/>\n<script type=\"application\/ld+json\" class=\"yoast-schema-graph\">{\"@context\":\"https:\\\/\\\/schema.org\",\"@graph\":[{\"@type\":\"WebPage\",\"@id\":\"https:\\\/\\\/factoryson.com\\\/product\\\/buy-isocyanic-acid-caluanie\\\/\",\"url\":\"https:\\\/\\\/factoryson.com\\\/product\\\/buy-isocyanic-acid-caluanie\\\/\",\"name\":\"Buy Isocyanic Acid A-B Caluanie - Isocyanic Acid A-B for Sale\",\"isPartOf\":{\"@id\":\"https:\\\/\\\/factoryson.com\\\/#website\"},\"primaryImageOfPage\":{\"@id\":\"https:\\\/\\\/factoryson.com\\\/product\\\/buy-isocyanic-acid-caluanie\\\/#primaryimage\"},\"image\":{\"@id\":\"https:\\\/\\\/factoryson.com\\\/product\\\/buy-isocyanic-acid-caluanie\\\/#primaryimage\"},\"thumbnailUrl\":\"https:\\\/\\\/factoryson.com\\\/wp-content\\\/uploads\\\/2024\\\/11\\\/Isocyanic-Acid-A-B-Caluanie.gif\",\"datePublished\":\"2024-11-08T05:03:38+00:00\",\"dateModified\":\"2026-04-01T05:47:28+00:00\",\"description\":\"If you want to buy isocyanic acid a-b caluanie online and looking for a reliable online store, then buy here. We offer only high-quality isocyanic acid a-b caluanie for sale at an affordable price. Order isocyanic acid a-b caluanie Now!\",\"breadcrumb\":{\"@id\":\"https:\\\/\\\/factoryson.com\\\/product\\\/buy-isocyanic-acid-caluanie\\\/#breadcrumb\"},\"inLanguage\":\"hu\",\"potentialAction\":[{\"@type\":\"ReadAction\",\"target\":[\"https:\\\/\\\/factoryson.com\\\/product\\\/buy-isocyanic-acid-caluanie\\\/\"]}]},{\"@type\":\"ImageObject\",\"inLanguage\":\"hu\",\"@id\":\"https:\\\/\\\/factoryson.com\\\/product\\\/buy-isocyanic-acid-caluanie\\\/#primaryimage\",\"url\":\"https:\\\/\\\/factoryson.com\\\/wp-content\\\/uploads\\\/2024\\\/11\\\/Isocyanic-Acid-A-B-Caluanie.gif\",\"contentUrl\":\"https:\\\/\\\/factoryson.com\\\/wp-content\\\/uploads\\\/2024\\\/11\\\/Isocyanic-Acid-A-B-Caluanie.gif\",\"width\":600,\"height\":600,\"caption\":\"Buy Isocyanic Acid A-B Caluanie Online\"},{\"@type\":\"BreadcrumbList\",\"@id\":\"https:\\\/\\\/factoryson.com\\\/product\\\/buy-isocyanic-acid-caluanie\\\/#breadcrumb\",\"itemListElement\":[{\"@type\":\"ListItem\",\"position\":1,\"name\":\"Home\",\"item\":\"https:\\\/\\\/factoryson.com\\\/nl\\\/\"},{\"@type\":\"ListItem\",\"position\":2,\"name\":\"Shop\",\"item\":\"https:\\\/\\\/factoryson.com\\\/nl\\\/shop\\\/\"},{\"@type\":\"ListItem\",\"position\":3,\"name\":\"Isocyanic Acid A-B Caluanie\"}]},{\"@type\":\"WebSite\",\"@id\":\"https:\\\/\\\/factoryson.com\\\/#website\",\"url\":\"https:\\\/\\\/factoryson.com\\\/\",\"name\":\"FactorySon\",\"description\":\"My WordPress Blog\",\"potentialAction\":[{\"@type\":\"SearchAction\",\"target\":{\"@type\":\"EntryPoint\",\"urlTemplate\":\"https:\\\/\\\/factoryson.com\\\/?s={search_term_string}\"},\"query-input\":{\"@type\":\"PropertyValueSpecification\",\"valueRequired\":true,\"valueName\":\"search_term_string\"}}],\"inLanguage\":\"hu\"}]}<\/script>\n<!-- \/ Yoast SEO plugin. -->","yoast_head_json":{"title":"V\u00e1s\u00e1rl\u00e1s Isoci\u00e1nsav A-B Caluanie - Isoci\u00e1nsav A-B elad\u00f3","description":"Ha szeretne v\u00e1s\u00e1rolni izoci\u00e1nsav a-b caluanie online \u00e9s keres egy megb\u00edzhat\u00f3 online \u00e1ruh\u00e1z, akkor v\u00e1s\u00e1roljon itt. Csak kiv\u00e1l\u00f3 min\u0151s\u00e9g\u0171 izoci\u00e1nsav a-b caluanie-t k\u00edn\u00e1lunk elad\u00e1sra megfizethet\u0151 \u00e1ron. Rendeljen izoci\u00e1nsav a-b caluanie most!","robots":{"index":"index","follow":"follow","max-snippet":"max-snippet:-1","max-image-preview":"max-image-preview:large","max-video-preview":"max-video-preview:-1"},"canonical":"https:\/\/factoryson.com\/hu\/product\/buy-isocyanic-acid-caluanie\/","og_locale":"hu_HU","og_type":"article","og_title":"Buy Isocyanic Acid A-B Caluanie - Isocyanic Acid A-B for Sale","og_description":"If you want to buy isocyanic acid a-b caluanie online and looking for a reliable online store, then buy here. We offer only high-quality isocyanic acid a-b caluanie for sale at an affordable price. Order isocyanic acid a-b caluanie Now!","og_url":"https:\/\/factoryson.com\/hu\/product\/buy-isocyanic-acid-caluanie\/","og_site_name":"FactorySon","article_modified_time":"2026-04-01T05:47:28+00:00","og_image":[{"width":600,"height":600,"url":"https:\/\/factoryson.com\/wp-content\/uploads\/2024\/11\/Isocyanic-Acid-A-B-Caluanie.gif","type":"image\/gif"}],"twitter_card":"summary_large_image","twitter_misc":{"Becs\u00fclt olvas\u00e1si id\u0151":"3 perc"},"schema":{"@context":"https:\/\/schema.org","@graph":[{"@type":"WebPage","@id":"https:\/\/factoryson.com\/product\/buy-isocyanic-acid-caluanie\/","url":"https:\/\/factoryson.com\/product\/buy-isocyanic-acid-caluanie\/","name":"V\u00e1s\u00e1rl\u00e1s Isoci\u00e1nsav A-B Caluanie - Isoci\u00e1nsav A-B elad\u00f3","isPartOf":{"@id":"https:\/\/factoryson.com\/#website"},"primaryImageOfPage":{"@id":"https:\/\/factoryson.com\/product\/buy-isocyanic-acid-caluanie\/#primaryimage"},"image":{"@id":"https:\/\/factoryson.com\/product\/buy-isocyanic-acid-caluanie\/#primaryimage"},"thumbnailUrl":"https:\/\/factoryson.com\/wp-content\/uploads\/2024\/11\/Isocyanic-Acid-A-B-Caluanie.gif","datePublished":"2024-11-08T05:03:38+00:00","dateModified":"2026-04-01T05:47:28+00:00","description":"Ha szeretne v\u00e1s\u00e1rolni izoci\u00e1nsav a-b caluanie online \u00e9s keres egy megb\u00edzhat\u00f3 online \u00e1ruh\u00e1z, akkor v\u00e1s\u00e1roljon itt. Csak kiv\u00e1l\u00f3 min\u0151s\u00e9g\u0171 izoci\u00e1nsav a-b caluanie-t k\u00edn\u00e1lunk elad\u00e1sra megfizethet\u0151 \u00e1ron. Rendeljen izoci\u00e1nsav a-b caluanie most!","breadcrumb":{"@id":"https:\/\/factoryson.com\/product\/buy-isocyanic-acid-caluanie\/#breadcrumb"},"inLanguage":"hu","potentialAction":[{"@type":"ReadAction","target":["https:\/\/factoryson.com\/product\/buy-isocyanic-acid-caluanie\/"]}]},{"@type":"ImageObject","inLanguage":"hu","@id":"https:\/\/factoryson.com\/product\/buy-isocyanic-acid-caluanie\/#primaryimage","url":"https:\/\/factoryson.com\/wp-content\/uploads\/2024\/11\/Isocyanic-Acid-A-B-Caluanie.gif","contentUrl":"https:\/\/factoryson.com\/wp-content\/uploads\/2024\/11\/Isocyanic-Acid-A-B-Caluanie.gif","width":600,"height":600,"caption":"Buy Isocyanic Acid A-B Caluanie Online"},{"@type":"BreadcrumbList","@id":"https:\/\/factoryson.com\/product\/buy-isocyanic-acid-caluanie\/#breadcrumb","itemListElement":[{"@type":"ListItem","position":1,"name":"Home","item":"https:\/\/factoryson.com\/nl\/"},{"@type":"ListItem","position":2,"name":"Shop","item":"https:\/\/factoryson.com\/nl\/shop\/"},{"@type":"ListItem","position":3,"name":"Isocyanic Acid A-B Caluanie"}]},{"@type":"WebSite","@id":"https:\/\/factoryson.com\/#website","url":"https:\/\/factoryson.com\/","name":"FactorySon","description":"Az \u00e9n WordPress blogom","potentialAction":[{"@type":"SearchAction","target":{"@type":"EntryPoint","urlTemplate":"https:\/\/factoryson.com\/?s={search_term_string}"},"query-input":{"@type":"PropertyValueSpecification","valueRequired":true,"valueName":"search_term_string"}}],"inLanguage":"hu"}]}},"_links":{"self":[{"href":"https:\/\/factoryson.com\/hu\/wp-json\/wp\/v2\/product\/666","targetHints":{"allow":["GET"]}}],"collection":[{"href":"https:\/\/factoryson.com\/hu\/wp-json\/wp\/v2\/product"}],"about":[{"href":"https:\/\/factoryson.com\/hu\/wp-json\/wp\/v2\/types\/product"}],"replies":[{"embeddable":true,"href":"https:\/\/factoryson.com\/hu\/wp-json\/wp\/v2\/comments?post=666"}],"wp:featuredmedia":[{"embeddable":true,"href":"https:\/\/factoryson.com\/hu\/wp-json\/wp\/v2\/media\/735"}],"wp:attachment":[{"href":"https:\/\/factoryson.com\/hu\/wp-json\/wp\/v2\/media?parent=666"}],"wp:term":[{"taxonomy":"product_brand","embeddable":true,"href":"https:\/\/factoryson.com\/hu\/wp-json\/wp\/v2\/product_brand?post=666"},{"taxonomy":"product_cat","embeddable":true,"href":"https:\/\/factoryson.com\/hu\/wp-json\/wp\/v2\/product_cat?post=666"},{"taxonomy":"product_tag","embeddable":true,"href":"https:\/\/factoryson.com\/hu\/wp-json\/wp\/v2\/product_tag?post=666"}],"curies":[{"name":"wp","href":"https:\/\/api.w.org\/{rel}","templated":true}]}}