{"id":1791,"date":"2026-04-06T17:42:25","date_gmt":"2026-04-06T17:42:25","guid":{"rendered":"https:\/\/factoryson.com\/?post_type=product&#038;p=1791"},"modified":"2026-04-11T09:05:34","modified_gmt":"2026-04-11T09:05:34","slug":"ammonia-solution-25","status":"publish","type":"product","link":"https:\/\/factoryson.com\/hu\/product\/ammonia-solution-25\/","title":{"rendered":"Ammonia Solution 25%"},"content":{"rendered":"<div class=\"pcnts midSection\">\n<div class=\"wdfull\">\n<div class=\"dtlsec\">\n<div class=\"tabel-Details\">\n<div class=\"fs14 color tabledesc isq-container \">\n<table>\n<tbody>\n<tr class=\"rowBgui\">\n<td class=\"tdwdt \">Purity<\/td>\n<td class=\"tdwdt1 color6 \"><span class=\"datatooltip\">32%<\/span><\/td>\n<\/tr>\n<tr class=\"\">\n<td class=\"tdwdt \">Grade Standard<\/td>\n<td class=\"tdwdt1 color6 \"><a href=\"https:\/\/factoryson.com\/product\/dimethocaine-local-anesthetic-sale\/\"><span class=\"datatooltip\">Technical Grade<\/span><\/a><\/td>\n<\/tr>\n<tr class=\"rowBgui\">\n<td class=\"tdwdt \">CAS Number<\/td>\n<td class=\"tdwdt1 color6 \"><span class=\"datatooltip\">12168-30-8<\/span><\/td>\n<\/tr>\n<tr class=\"\">\n<td class=\"tdwdt \">Application<\/td>\n<td class=\"tdwdt1 color6 \"><span class=\"datatooltip\">Laboratory\/Analytical<\/span><\/td>\n<\/tr>\n<tr class=\"rowBgui\">\n<td class=\"tdwdt \">Packaging Type<\/td>\n<td class=\"tdwdt1 color6 \"><span class=\"datatooltip\">2.5 LITRE<\/span><\/td>\n<\/tr>\n<tr class=\"\">\n<td class=\"tdwdt \">Availability<\/td>\n<td class=\"tdwdt1 color6 \"><span class=\"datatooltip\">In Stock<\/span><\/td>\n<\/tr>\n<\/tbody>\n<\/table>\n<div>\n<div>\n<div id=\"descp2\">\n<div class=\" pro-descN\"><b>Ammonia solution<\/b>, also known as\u00a0<b>ammonia water<\/b>,\u00a0<a href=\"https:\/\/factoryson.com\/product\/buy-tianeptine-sodium-powder\/\"><b>ammonium hydroxide<\/b><\/a>,\u00a0<b>ammoniacal liquor<\/b>,\u00a0<b>ammonia liquor<\/b>,\u00a0<b>aqua ammonia<\/b>,\u00a0<b>aqueous ammonia<\/b>, or (inaccurately)\u00a0<b>ammonia<\/b>, is a solution of\u00a0ammonia\u00a0in water. It can be denoted by the symbols NH<sub>3<\/sub>(aq). Although the name ammonium hydroxide suggests a\u00a0salt\u00a0with the\u00a0composition\u00a0[NH+<br \/>\n4][OH\u2212<br \/>\n], it is actually impossible to isolate samples of NH<sub>4<\/sub>OH. The ions\u00a0NH+<br \/>\n4\u00a0and OH<sup>\u2212<\/sup>\u00a0do not account for a significant fraction of the total amount of ammonia except in extremely dilute solutions.<\/div>\n<\/div>\n<\/div>\n<\/div>\n<\/div>\n<\/div>\n<\/div>\n<\/div>\n<\/div>\n<section class=\"gallery gallery2\">\u00a0<\/section>\n","protected":false},"excerpt":{"rendered":"<p>Purity 32% Grade Standard Technical Grade CAS Number 12168-30-8 Application Laboratory\/Analytical Packaging Type 2.5 LITRE Availability In Stock Ammonia solution, also known as\u00a0ammonia water,\u00a0ammonium hydroxide,\u00a0ammoniacal liquor,\u00a0ammonia liquor,\u00a0aqua ammonia,\u00a0aqueous ammonia, or (inaccurately)\u00a0ammonia, is a solution of\u00a0ammonia\u00a0in water. It can be denoted by the symbols NH3(aq). Although the name ammonium hydroxide suggests a\u00a0salt\u00a0with the\u00a0composition\u00a0[NH+ 4][OH\u2212 ], it&#8230;<\/p>\n","protected":false},"featured_media":1794,"comment_status":"closed","ping_status":"closed","template":"","meta":{"pagelayer_contact_templates":[],"_pagelayer_content":"","_kadence_starter_templates_imported_post":false,"_kad_post_transparent":"default","_kad_post_title":"","_kad_post_layout":"default","_kad_post_sidebar_id":"","_kad_post_content_style":"default","_kad_post_vertical_padding":"default","_kad_post_feature":"","_kad_post_feature_position":"","_kad_post_header":false,"_kad_post_footer":false},"product_brand":[],"product_cat":[116],"product_tag":[],"class_list":{"0":"post-1791","1":"product","2":"type-product","3":"status-publish","4":"has-post-thumbnail","6":"product_cat-industrial-acids-bases-ibc-bulk","8":"first","9":"instock","10":"shipping-taxable","11":"purchasable","12":"product-type-variable","13":"entry","14":"content-bg","15":"loop-entry"},"yoast_head":"<!-- This site is optimized with the Yoast SEO plugin v27.3 - https:\/\/yoast.com\/product\/yoast-seo-wordpress\/ -->\n<title>Ammonia Solution 25% - FactorySon<\/title>\n<meta name=\"robots\" content=\"index, follow, max-snippet:-1, max-image-preview:large, max-video-preview:-1\" \/>\n<link rel=\"canonical\" href=\"https:\/\/factoryson.com\/hu\/product\/ammonia-solution-25\/\" \/>\n<meta property=\"og:locale\" content=\"hu_HU\" \/>\n<meta property=\"og:type\" content=\"article\" \/>\n<meta property=\"og:title\" content=\"Ammonia Solution 25% - FactorySon\" \/>\n<meta property=\"og:description\" content=\"Purity 32% Grade Standard Technical Grade CAS Number 12168-30-8 Application Laboratory\/Analytical Packaging Type 2.5 LITRE Availability In Stock Ammonia solution, also known as\u00a0ammonia water,\u00a0ammonium hydroxide,\u00a0ammoniacal liquor,\u00a0ammonia liquor,\u00a0aqua ammonia,\u00a0aqueous ammonia, or (inaccurately)\u00a0ammonia, is a solution of\u00a0ammonia\u00a0in water. It can be denoted by the symbols NH3(aq). Although the name ammonium hydroxide suggests a\u00a0salt\u00a0with the\u00a0composition\u00a0[NH+ 4][OH\u2212 ], it...\" \/>\n<meta property=\"og:url\" content=\"https:\/\/factoryson.com\/hu\/product\/ammonia-solution-25\/\" \/>\n<meta property=\"og:site_name\" content=\"FactorySon\" \/>\n<meta property=\"article:modified_time\" content=\"2026-04-11T09:05:34+00:00\" \/>\n<meta property=\"og:image\" content=\"https:\/\/factoryson.com\/wp-content\/uploads\/2026\/04\/product-jpeg-1000x1000-1.webp\" \/>\n\t<meta property=\"og:image:width\" content=\"1000\" \/>\n\t<meta property=\"og:image:height\" content=\"1000\" \/>\n\t<meta property=\"og:image:type\" content=\"image\/webp\" \/>\n<meta name=\"twitter:card\" content=\"summary_large_image\" \/>\n<meta name=\"twitter:label1\" content=\"Becs\u00fclt olvas\u00e1si id\u0151\" \/>\n\t<meta name=\"twitter:data1\" content=\"1 perc\" \/>\n<script type=\"application\/ld+json\" class=\"yoast-schema-graph\">{\"@context\":\"https:\\\/\\\/schema.org\",\"@graph\":[{\"@type\":\"WebPage\",\"@id\":\"https:\\\/\\\/factoryson.com\\\/product\\\/ammonia-solution-25\\\/\",\"url\":\"https:\\\/\\\/factoryson.com\\\/product\\\/ammonia-solution-25\\\/\",\"name\":\"Ammonia Solution 25% - FactorySon\",\"isPartOf\":{\"@id\":\"https:\\\/\\\/factoryson.com\\\/#website\"},\"primaryImageOfPage\":{\"@id\":\"https:\\\/\\\/factoryson.com\\\/product\\\/ammonia-solution-25\\\/#primaryimage\"},\"image\":{\"@id\":\"https:\\\/\\\/factoryson.com\\\/product\\\/ammonia-solution-25\\\/#primaryimage\"},\"thumbnailUrl\":\"https:\\\/\\\/factoryson.com\\\/wp-content\\\/uploads\\\/2026\\\/04\\\/product-jpeg-1000x1000-1.webp\",\"datePublished\":\"2026-04-06T17:42:25+00:00\",\"dateModified\":\"2026-04-11T09:05:34+00:00\",\"breadcrumb\":{\"@id\":\"https:\\\/\\\/factoryson.com\\\/product\\\/ammonia-solution-25\\\/#breadcrumb\"},\"inLanguage\":\"hu\",\"potentialAction\":[{\"@type\":\"ReadAction\",\"target\":[\"https:\\\/\\\/factoryson.com\\\/product\\\/ammonia-solution-25\\\/\"]}]},{\"@type\":\"ImageObject\",\"inLanguage\":\"hu\",\"@id\":\"https:\\\/\\\/factoryson.com\\\/product\\\/ammonia-solution-25\\\/#primaryimage\",\"url\":\"https:\\\/\\\/factoryson.com\\\/wp-content\\\/uploads\\\/2026\\\/04\\\/product-jpeg-1000x1000-1.webp\",\"contentUrl\":\"https:\\\/\\\/factoryson.com\\\/wp-content\\\/uploads\\\/2026\\\/04\\\/product-jpeg-1000x1000-1.webp\",\"width\":1000,\"height\":1000},{\"@type\":\"BreadcrumbList\",\"@id\":\"https:\\\/\\\/factoryson.com\\\/product\\\/ammonia-solution-25\\\/#breadcrumb\",\"itemListElement\":[{\"@type\":\"ListItem\",\"position\":1,\"name\":\"Home\",\"item\":\"https:\\\/\\\/factoryson.com\\\/nl\\\/\"},{\"@type\":\"ListItem\",\"position\":2,\"name\":\"Shop\",\"item\":\"https:\\\/\\\/factoryson.com\\\/nl\\\/shop\\\/\"},{\"@type\":\"ListItem\",\"position\":3,\"name\":\"Ammonia Solution 25%\"}]},{\"@type\":\"WebSite\",\"@id\":\"https:\\\/\\\/factoryson.com\\\/#website\",\"url\":\"https:\\\/\\\/factoryson.com\\\/\",\"name\":\"FactorySon\",\"description\":\"My WordPress Blog\",\"potentialAction\":[{\"@type\":\"SearchAction\",\"target\":{\"@type\":\"EntryPoint\",\"urlTemplate\":\"https:\\\/\\\/factoryson.com\\\/?s={search_term_string}\"},\"query-input\":{\"@type\":\"PropertyValueSpecification\",\"valueRequired\":true,\"valueName\":\"search_term_string\"}}],\"inLanguage\":\"hu\"}]}<\/script>\n<!-- \/ Yoast SEO plugin. -->","yoast_head_json":{"title":"Ammonia Solution 25% - FactorySon","robots":{"index":"index","follow":"follow","max-snippet":"max-snippet:-1","max-image-preview":"max-image-preview:large","max-video-preview":"max-video-preview:-1"},"canonical":"https:\/\/factoryson.com\/hu\/product\/ammonia-solution-25\/","og_locale":"hu_HU","og_type":"article","og_title":"Ammonia Solution 25% - FactorySon","og_description":"Purity 32% Grade Standard Technical Grade CAS Number 12168-30-8 Application Laboratory\/Analytical Packaging Type 2.5 LITRE Availability In Stock Ammonia solution, also known as\u00a0ammonia water,\u00a0ammonium hydroxide,\u00a0ammoniacal liquor,\u00a0ammonia liquor,\u00a0aqua ammonia,\u00a0aqueous ammonia, or (inaccurately)\u00a0ammonia, is a solution of\u00a0ammonia\u00a0in water. It can be denoted by the symbols NH3(aq). Although the name ammonium hydroxide suggests a\u00a0salt\u00a0with the\u00a0composition\u00a0[NH+ 4][OH\u2212 ], it...","og_url":"https:\/\/factoryson.com\/hu\/product\/ammonia-solution-25\/","og_site_name":"FactorySon","article_modified_time":"2026-04-11T09:05:34+00:00","og_image":[{"width":1000,"height":1000,"url":"https:\/\/factoryson.com\/wp-content\/uploads\/2026\/04\/product-jpeg-1000x1000-1.webp","type":"image\/webp"}],"twitter_card":"summary_large_image","twitter_misc":{"Becs\u00fclt olvas\u00e1si id\u0151":"1 perc"},"schema":{"@context":"https:\/\/schema.org","@graph":[{"@type":"WebPage","@id":"https:\/\/factoryson.com\/product\/ammonia-solution-25\/","url":"https:\/\/factoryson.com\/product\/ammonia-solution-25\/","name":"Ammonia Solution 25% - FactorySon","isPartOf":{"@id":"https:\/\/factoryson.com\/#website"},"primaryImageOfPage":{"@id":"https:\/\/factoryson.com\/product\/ammonia-solution-25\/#primaryimage"},"image":{"@id":"https:\/\/factoryson.com\/product\/ammonia-solution-25\/#primaryimage"},"thumbnailUrl":"https:\/\/factoryson.com\/wp-content\/uploads\/2026\/04\/product-jpeg-1000x1000-1.webp","datePublished":"2026-04-06T17:42:25+00:00","dateModified":"2026-04-11T09:05:34+00:00","breadcrumb":{"@id":"https:\/\/factoryson.com\/product\/ammonia-solution-25\/#breadcrumb"},"inLanguage":"hu","potentialAction":[{"@type":"ReadAction","target":["https:\/\/factoryson.com\/product\/ammonia-solution-25\/"]}]},{"@type":"ImageObject","inLanguage":"hu","@id":"https:\/\/factoryson.com\/product\/ammonia-solution-25\/#primaryimage","url":"https:\/\/factoryson.com\/wp-content\/uploads\/2026\/04\/product-jpeg-1000x1000-1.webp","contentUrl":"https:\/\/factoryson.com\/wp-content\/uploads\/2026\/04\/product-jpeg-1000x1000-1.webp","width":1000,"height":1000},{"@type":"BreadcrumbList","@id":"https:\/\/factoryson.com\/product\/ammonia-solution-25\/#breadcrumb","itemListElement":[{"@type":"ListItem","position":1,"name":"Home","item":"https:\/\/factoryson.com\/nl\/"},{"@type":"ListItem","position":2,"name":"Shop","item":"https:\/\/factoryson.com\/nl\/shop\/"},{"@type":"ListItem","position":3,"name":"Ammonia Solution 25%"}]},{"@type":"WebSite","@id":"https:\/\/factoryson.com\/#website","url":"https:\/\/factoryson.com\/","name":"FactorySon","description":"Az \u00e9n WordPress blogom","potentialAction":[{"@type":"SearchAction","target":{"@type":"EntryPoint","urlTemplate":"https:\/\/factoryson.com\/?s={search_term_string}"},"query-input":{"@type":"PropertyValueSpecification","valueRequired":true,"valueName":"search_term_string"}}],"inLanguage":"hu"}]}},"_links":{"self":[{"href":"https:\/\/factoryson.com\/hu\/wp-json\/wp\/v2\/product\/1791","targetHints":{"allow":["GET"]}}],"collection":[{"href":"https:\/\/factoryson.com\/hu\/wp-json\/wp\/v2\/product"}],"about":[{"href":"https:\/\/factoryson.com\/hu\/wp-json\/wp\/v2\/types\/product"}],"replies":[{"embeddable":true,"href":"https:\/\/factoryson.com\/hu\/wp-json\/wp\/v2\/comments?post=1791"}],"wp:featuredmedia":[{"embeddable":true,"href":"https:\/\/factoryson.com\/hu\/wp-json\/wp\/v2\/media\/1794"}],"wp:attachment":[{"href":"https:\/\/factoryson.com\/hu\/wp-json\/wp\/v2\/media?parent=1791"}],"wp:term":[{"taxonomy":"product_brand","embeddable":true,"href":"https:\/\/factoryson.com\/hu\/wp-json\/wp\/v2\/product_brand?post=1791"},{"taxonomy":"product_cat","embeddable":true,"href":"https:\/\/factoryson.com\/hu\/wp-json\/wp\/v2\/product_cat?post=1791"},{"taxonomy":"product_tag","embeddable":true,"href":"https:\/\/factoryson.com\/hu\/wp-json\/wp\/v2\/product_tag?post=1791"}],"curies":[{"name":"wp","href":"https:\/\/api.w.org\/{rel}","templated":true}]}}