{"id":1723,"date":"2026-04-03T17:12:22","date_gmt":"2026-04-03T17:12:22","guid":{"rendered":"https:\/\/factoryson.com\/?post_type=product&#038;p=1723"},"modified":"2026-04-16T06:32:22","modified_gmt":"2026-04-16T06:32:22","slug":"potassium-hydroxide-koh-flakes","status":"publish","type":"product","link":"https:\/\/factoryson.com\/hu\/product\/potassium-hydroxide-koh-flakes\/","title":{"rendered":"Potassium Hydroxide (KOH) Flakes"},"content":{"rendered":"<p><a href=\"https:\/\/factoryson.com\/hu\/product\/buy-hydrofluoric-acid\/\">Potassium Hydroxide Flakes<\/a> (Caustic Potash) is a strong alkali that is very soluble in water, and highly corrosive. It is an odourless, flaky solid that is useful for a variety of applications, including the manufacture of soaps, detergents, paint and varnish removers, biodiesel, batteries, fuel cells, and fertilisers.<\/p>\n<p>Being strongly alkaline, <a href=\"https:\/\/factoryson.com\/hu\/product\/sodium-hypochlorite-industrial-bleach\/\">potassium<\/a> hydroxide reacts with various acids, and this acid-base reaction is used for the production of potassium salts.<\/p>","protected":false},"excerpt":{"rendered":"<p>Potassium Hydroxide Flakes (Caustic Potash) is a strong alkali that is very soluble in water, and highly corrosive. It is an odourless, flaky solid that is useful for a variety of applications, including the manufacture of soaps, detergents, paint and varnish removers, biodiesel, batteries, fuel cells, and fertilisers. Being strongly alkaline, potassium hydroxide reacts with&#8230;<\/p>","protected":false},"featured_media":1726,"comment_status":"closed","ping_status":"closed","template":"","meta":{"pagelayer_contact_templates":[],"_pagelayer_content":"","_kadence_starter_templates_imported_post":false,"_kad_post_transparent":"default","_kad_post_title":"","_kad_post_layout":"default","_kad_post_sidebar_id":"","_kad_post_content_style":"default","_kad_post_vertical_padding":"default","_kad_post_feature":"","_kad_post_feature_position":"","_kad_post_header":false,"_kad_post_footer":false},"product_brand":[],"product_cat":[116],"product_tag":[],"class_list":{"0":"post-1723","1":"product","2":"type-product","3":"status-publish","4":"has-post-thumbnail","6":"product_cat-industrial-acids-bases-ibc-bulk","8":"first","9":"instock","10":"shipping-taxable","11":"purchasable","12":"product-type-variable","13":"entry","14":"content-bg","15":"loop-entry"},"yoast_head":"<!-- This site is optimized with the Yoast SEO plugin v27.3 - https:\/\/yoast.com\/product\/yoast-seo-wordpress\/ -->\n<title>Potassium Hydroxide (KOH) Flakes - FactorySon<\/title>\n<meta name=\"robots\" content=\"index, follow, max-snippet:-1, max-image-preview:large, max-video-preview:-1\" \/>\n<link rel=\"canonical\" href=\"https:\/\/factoryson.com\/hu\/product\/potassium-hydroxide-koh-flakes\/\" \/>\n<meta property=\"og:locale\" content=\"hu_HU\" \/>\n<meta property=\"og:type\" content=\"article\" \/>\n<meta property=\"og:title\" content=\"Potassium Hydroxide (KOH) Flakes - FactorySon\" \/>\n<meta property=\"og:description\" content=\"Potassium Hydroxide Flakes (Caustic Potash) is a strong alkali that is very soluble in water, and highly corrosive. It is an odourless, flaky solid that is useful for a variety of applications, including the manufacture of soaps, detergents, paint and varnish removers, biodiesel, batteries, fuel cells, and fertilisers. Being strongly alkaline, potassium hydroxide reacts with...\" \/>\n<meta property=\"og:url\" content=\"https:\/\/factoryson.com\/hu\/product\/potassium-hydroxide-koh-flakes\/\" \/>\n<meta property=\"og:site_name\" content=\"FactorySon\" \/>\n<meta property=\"article:modified_time\" content=\"2026-04-16T06:32:22+00:00\" \/>\n<meta property=\"og:image\" content=\"https:\/\/factoryson.com\/wp-content\/uploads\/2026\/04\/PotassiumHydroxideFlakes_CausticPotash.webp\" \/>\n\t<meta property=\"og:image:width\" content=\"600\" \/>\n\t<meta property=\"og:image:height\" content=\"600\" \/>\n\t<meta property=\"og:image:type\" content=\"image\/webp\" \/>\n<meta name=\"twitter:card\" content=\"summary_large_image\" \/>\n<meta name=\"twitter:label1\" content=\"Becs\u00fclt olvas\u00e1si id\u0151\" \/>\n\t<meta name=\"twitter:data1\" content=\"1 perc\" \/>\n<script type=\"application\/ld+json\" class=\"yoast-schema-graph\">{\"@context\":\"https:\\\/\\\/schema.org\",\"@graph\":[{\"@type\":\"WebPage\",\"@id\":\"https:\\\/\\\/factoryson.com\\\/product\\\/potassium-hydroxide-koh-flakes\\\/\",\"url\":\"https:\\\/\\\/factoryson.com\\\/product\\\/potassium-hydroxide-koh-flakes\\\/\",\"name\":\"Potassium Hydroxide (KOH) Flakes - FactorySon\",\"isPartOf\":{\"@id\":\"https:\\\/\\\/factoryson.com\\\/#website\"},\"primaryImageOfPage\":{\"@id\":\"https:\\\/\\\/factoryson.com\\\/product\\\/potassium-hydroxide-koh-flakes\\\/#primaryimage\"},\"image\":{\"@id\":\"https:\\\/\\\/factoryson.com\\\/product\\\/potassium-hydroxide-koh-flakes\\\/#primaryimage\"},\"thumbnailUrl\":\"https:\\\/\\\/factoryson.com\\\/wp-content\\\/uploads\\\/2026\\\/04\\\/PotassiumHydroxideFlakes_CausticPotash.webp\",\"datePublished\":\"2026-04-03T17:12:22+00:00\",\"dateModified\":\"2026-04-16T06:32:22+00:00\",\"breadcrumb\":{\"@id\":\"https:\\\/\\\/factoryson.com\\\/product\\\/potassium-hydroxide-koh-flakes\\\/#breadcrumb\"},\"inLanguage\":\"hu\",\"potentialAction\":[{\"@type\":\"ReadAction\",\"target\":[\"https:\\\/\\\/factoryson.com\\\/product\\\/potassium-hydroxide-koh-flakes\\\/\"]}]},{\"@type\":\"ImageObject\",\"inLanguage\":\"hu\",\"@id\":\"https:\\\/\\\/factoryson.com\\\/product\\\/potassium-hydroxide-koh-flakes\\\/#primaryimage\",\"url\":\"https:\\\/\\\/factoryson.com\\\/wp-content\\\/uploads\\\/2026\\\/04\\\/PotassiumHydroxideFlakes_CausticPotash.webp\",\"contentUrl\":\"https:\\\/\\\/factoryson.com\\\/wp-content\\\/uploads\\\/2026\\\/04\\\/PotassiumHydroxideFlakes_CausticPotash.webp\",\"width\":600,\"height\":600,\"caption\":\"Potassium HydroxideFlakes\"},{\"@type\":\"BreadcrumbList\",\"@id\":\"https:\\\/\\\/factoryson.com\\\/product\\\/potassium-hydroxide-koh-flakes\\\/#breadcrumb\",\"itemListElement\":[{\"@type\":\"ListItem\",\"position\":1,\"name\":\"Home\",\"item\":\"https:\\\/\\\/factoryson.com\\\/nl\\\/\"},{\"@type\":\"ListItem\",\"position\":2,\"name\":\"Shop\",\"item\":\"https:\\\/\\\/factoryson.com\\\/nl\\\/shop\\\/\"},{\"@type\":\"ListItem\",\"position\":3,\"name\":\"Potassium Hydroxide (KOH) Flakes\"}]},{\"@type\":\"WebSite\",\"@id\":\"https:\\\/\\\/factoryson.com\\\/#website\",\"url\":\"https:\\\/\\\/factoryson.com\\\/\",\"name\":\"FactorySon\",\"description\":\"My WordPress Blog\",\"potentialAction\":[{\"@type\":\"SearchAction\",\"target\":{\"@type\":\"EntryPoint\",\"urlTemplate\":\"https:\\\/\\\/factoryson.com\\\/?s={search_term_string}\"},\"query-input\":{\"@type\":\"PropertyValueSpecification\",\"valueRequired\":true,\"valueName\":\"search_term_string\"}}],\"inLanguage\":\"hu\"}]}<\/script>\n<!-- \/ Yoast SEO plugin. -->","yoast_head_json":{"title":"Potassium Hydroxide (KOH) Flakes - FactorySon","robots":{"index":"index","follow":"follow","max-snippet":"max-snippet:-1","max-image-preview":"max-image-preview:large","max-video-preview":"max-video-preview:-1"},"canonical":"https:\/\/factoryson.com\/hu\/product\/potassium-hydroxide-koh-flakes\/","og_locale":"hu_HU","og_type":"article","og_title":"Potassium Hydroxide (KOH) Flakes - FactorySon","og_description":"Potassium Hydroxide Flakes (Caustic Potash) is a strong alkali that is very soluble in water, and highly corrosive. It is an odourless, flaky solid that is useful for a variety of applications, including the manufacture of soaps, detergents, paint and varnish removers, biodiesel, batteries, fuel cells, and fertilisers. Being strongly alkaline, potassium hydroxide reacts with...","og_url":"https:\/\/factoryson.com\/hu\/product\/potassium-hydroxide-koh-flakes\/","og_site_name":"FactorySon","article_modified_time":"2026-04-16T06:32:22+00:00","og_image":[{"width":600,"height":600,"url":"https:\/\/factoryson.com\/wp-content\/uploads\/2026\/04\/PotassiumHydroxideFlakes_CausticPotash.webp","type":"image\/webp"}],"twitter_card":"summary_large_image","twitter_misc":{"Becs\u00fclt olvas\u00e1si id\u0151":"1 perc"},"schema":{"@context":"https:\/\/schema.org","@graph":[{"@type":"WebPage","@id":"https:\/\/factoryson.com\/product\/potassium-hydroxide-koh-flakes\/","url":"https:\/\/factoryson.com\/product\/potassium-hydroxide-koh-flakes\/","name":"Potassium Hydroxide (KOH) Flakes - FactorySon","isPartOf":{"@id":"https:\/\/factoryson.com\/#website"},"primaryImageOfPage":{"@id":"https:\/\/factoryson.com\/product\/potassium-hydroxide-koh-flakes\/#primaryimage"},"image":{"@id":"https:\/\/factoryson.com\/product\/potassium-hydroxide-koh-flakes\/#primaryimage"},"thumbnailUrl":"https:\/\/factoryson.com\/wp-content\/uploads\/2026\/04\/PotassiumHydroxideFlakes_CausticPotash.webp","datePublished":"2026-04-03T17:12:22+00:00","dateModified":"2026-04-16T06:32:22+00:00","breadcrumb":{"@id":"https:\/\/factoryson.com\/product\/potassium-hydroxide-koh-flakes\/#breadcrumb"},"inLanguage":"hu","potentialAction":[{"@type":"ReadAction","target":["https:\/\/factoryson.com\/product\/potassium-hydroxide-koh-flakes\/"]}]},{"@type":"ImageObject","inLanguage":"hu","@id":"https:\/\/factoryson.com\/product\/potassium-hydroxide-koh-flakes\/#primaryimage","url":"https:\/\/factoryson.com\/wp-content\/uploads\/2026\/04\/PotassiumHydroxideFlakes_CausticPotash.webp","contentUrl":"https:\/\/factoryson.com\/wp-content\/uploads\/2026\/04\/PotassiumHydroxideFlakes_CausticPotash.webp","width":600,"height":600,"caption":"Potassium HydroxideFlakes"},{"@type":"BreadcrumbList","@id":"https:\/\/factoryson.com\/product\/potassium-hydroxide-koh-flakes\/#breadcrumb","itemListElement":[{"@type":"ListItem","position":1,"name":"Home","item":"https:\/\/factoryson.com\/nl\/"},{"@type":"ListItem","position":2,"name":"Shop","item":"https:\/\/factoryson.com\/nl\/shop\/"},{"@type":"ListItem","position":3,"name":"Potassium Hydroxide (KOH) Flakes"}]},{"@type":"WebSite","@id":"https:\/\/factoryson.com\/#website","url":"https:\/\/factoryson.com\/","name":"FactorySon","description":"Az \u00e9n WordPress blogom","potentialAction":[{"@type":"SearchAction","target":{"@type":"EntryPoint","urlTemplate":"https:\/\/factoryson.com\/?s={search_term_string}"},"query-input":{"@type":"PropertyValueSpecification","valueRequired":true,"valueName":"search_term_string"}}],"inLanguage":"hu"}]}},"_links":{"self":[{"href":"https:\/\/factoryson.com\/hu\/wp-json\/wp\/v2\/product\/1723","targetHints":{"allow":["GET"]}}],"collection":[{"href":"https:\/\/factoryson.com\/hu\/wp-json\/wp\/v2\/product"}],"about":[{"href":"https:\/\/factoryson.com\/hu\/wp-json\/wp\/v2\/types\/product"}],"replies":[{"embeddable":true,"href":"https:\/\/factoryson.com\/hu\/wp-json\/wp\/v2\/comments?post=1723"}],"wp:featuredmedia":[{"embeddable":true,"href":"https:\/\/factoryson.com\/hu\/wp-json\/wp\/v2\/media\/1726"}],"wp:attachment":[{"href":"https:\/\/factoryson.com\/hu\/wp-json\/wp\/v2\/media?parent=1723"}],"wp:term":[{"taxonomy":"product_brand","embeddable":true,"href":"https:\/\/factoryson.com\/hu\/wp-json\/wp\/v2\/product_brand?post=1723"},{"taxonomy":"product_cat","embeddable":true,"href":"https:\/\/factoryson.com\/hu\/wp-json\/wp\/v2\/product_cat?post=1723"},{"taxonomy":"product_tag","embeddable":true,"href":"https:\/\/factoryson.com\/hu\/wp-json\/wp\/v2\/product_tag?post=1723"}],"curies":[{"name":"wp","href":"https:\/\/api.w.org\/{rel}","templated":true}]}}