{"id":1237,"date":"2026-04-01T04:33:58","date_gmt":"2026-04-01T04:33:58","guid":{"rendered":"https:\/\/factoryson.com\/?post_type=product&#038;p=1237"},"modified":"2026-04-16T10:19:08","modified_gmt":"2026-04-16T10:19:08","slug":"buy-gbl-rim-cleaner","status":"publish","type":"product","link":"https:\/\/factoryson.com\/hu\/product\/buy-gbl-rim-cleaner\/","title":{"rendered":"V\u00e1s\u00e1roljon min\u0151s\u00e9gi GBL felnitiszt\u00edt\u00f3t 1000ml \u2013 Pr\u00e9mium ker\u00e9k\u00e1pol\u00e1s"},"content":{"rendered":"<p class=\"ds-markdown-paragraph\">arra t\u00f6rekszik, hogy <strong><a href=\"https:\/\/factoryson.com\/hu\/product\/buy-gbl-rim-cleaner\/\">Buy GBL Rim Cleaner 1000ml For Sale<\/a><\/strong> amely professzion\u00e1lis szint\u0171 tiszt\u00edt\u00e1st \u00e9s tart\u00f3s v\u00e9delmet k\u00edn\u00e1l j\u00e1rm\u0171ve kerekeinek? Pr\u00e9mium megold\u00e1sunk egy minden az egyben megold\u00e1s, amelyet kiv\u00e9teles eredm\u00e9nyekre tervezt\u00fcnk. 99,99%-ot meghalad\u00f3 tisztas\u00e1gi koncentr\u00e1ci\u00f3j\u00e1val gyorsan \u00e9s hat\u00e9konyan elt\u00e1vol\u00edtja a szennyez\u0151d\u00e9seket, a f\u00e9kport \u00e9s az \u00fati koszt minden felni fel\u00fclet\u00e9r\u0151l, visszaadva az \u00fajszer\u0171 megjelen\u00e9st. Ez az egyed\u00fcl\u00e1ll\u00f3 formula kiv\u00e1l\u00f3 v\u00e9delmet ny\u00fajt a korr\u00f3zi\u00f3 \u00e9s a fakul\u00e1s ellen is, biztos\u00edtva, hogy kerekei \u00e9vekig nagyszer\u0171en n\u00e9zzenek ki. V\u00e1lassza ezt a fejlett felnitiszt\u00edt\u00f3t az \u00e1tfog\u00f3 \u00e9s tart\u00f3s felni\u00e1pol\u00e1shoz.<\/p>\n<h3 class=\"ds-markdown-paragraph\">GBL RIM CLEANER 1000ML: PRODUCT OVERVIEW<\/h3>\n<p class=\"ds-markdown-paragraph\">amely professzion\u00e1lis szint\u0171 tiszt\u00edt\u00e1st \u00e9s tart\u00f3s v\u00e9delmet k\u00edn\u00e1l j\u00e1rm\u0171ve kerekeinek? Pr\u00e9mium megold\u00e1sunk egy minden az egyben megold\u00e1s, amelyet kiv\u00e9teles eredm\u00e9nyekre tervezt\u00fcnk. 99,99%-ot meghalad\u00f3 tisztas\u00e1gi koncentr\u00e1ci\u00f3j\u00e1val gyorsan \u00e9s hat\u00e9konyan elt\u00e1vol\u00edtja a szennyez\u0151d\u00e9seket, a f\u00e9kport \u00e9s az \u00fati koszt minden felni fel\u00fclet\u00e9r\u0151l, visszaadva az \u00fajszer\u0171 megjelen\u00e9st. Ez az egyed\u00fcl\u00e1ll\u00f3 formula kiv\u00e1l\u00f3 v\u00e9delmet ny\u00fajt a korr\u00f3zi\u00f3 \u00e9s a fakul\u00e1s ellen is, biztos\u00edtva, hogy kerekei \u00e9vekig nagyszer\u0171en n\u00e9zzenek ki. V\u00e1lassza ezt a fejlett felnitiszt\u00edt\u00f3t az \u00e1tfog\u00f3 \u00e9s tart\u00f3s felni\u00e1pol\u00e1shoz. <strong><a href=\"https:\/\/factoryson.com\/hu\/\">factoryson<\/a><\/strong><\/p>\n<h3 class=\"ds-markdown-paragraph\">BENEFITS OF PURCHASING GBL RIM CLEANER ONLINE<\/h3>\n<p class=\"ds-markdown-paragraph\">A maxim\u00e1lis tiszt\u00edt\u00e1si hat\u00e9konys\u00e1g \u00e9rdek\u00e9ben pr\u00e9mium felnitiszt\u00edt\u00f3nk online megv\u00e1s\u00e1rl\u00e1sa k\u00e9nyelmet \u00e9s hozz\u00e1f\u00e9r\u00e9st biztos\u00edt egy kiv\u00e1l\u00f3 term\u00e9khez. Ezt a nagy tisztas\u00e1g\u00fa oldatot k\u00edn\u00e1ljuk, amely t\u00f6bb mint 99,99%-os koncentr\u00e1ci\u00f3val b\u00fcszk\u00e9lkedhet, biztos\u00edtva a maxim\u00e1lis hat\u00e9konys\u00e1got. Hat\u00e9konyan tiszt\u00edtja az k\u00f6nny\u0171f\u00e9m felniket, f\u00e9keket \u00e9s k\u00fcl\u00f6nf\u00e9le egy\u00e9b fel\u00fcleteket. Er\u0151teljes oldatunk k\u00e9pes elt\u00e1vol\u00edtani a makacs fest\u00e9keket, a cs\u00fanya graffitiket, az \u00e1that\u00f3 rozsd\u00e1t \u00e9s a be\u00e1gyaz\u00f3dott olajfoltokat is. Ha \u00fagy d\u00f6nt, hogy a legjobb felnitiszt\u00edt\u00f3t megb\u00edzhat\u00f3 online forr\u00e1sb\u00f3l szerzi be, egy sokoldal\u00fa term\u00e9k el\u0151nyeit \u00e9lvezheti, amely mind aut\u00f3ipari, mind sz\u00e9lesk\u00f6r\u0171 ipari alkalmaz\u00e1sokhoz haszn\u00e1lhat\u00f3, hat\u00e9kony \u00e9s biztons\u00e1gos sz\u00e1ll\u00edt\u00e1ssal.<\/p>\n<h3 class=\"ds-markdown-paragraph\">DIVERSE APPLICATIONS OF OUR GBL SOLUTION<\/h3>\n<p class=\"ds-markdown-paragraph\">A GBL Rim Cleaner 1000ml sokoldal\u00fas\u00e1ga jelent\u0151sen t\u00falmutat az aut\u00f3ipari ker\u00e9kt\u00e1rcsa-\u00e1pol\u00e1sban val\u00f3 els\u0151dleges felhaszn\u00e1l\u00e1s\u00e1n. Robusztus \u00f6sszet\u00e9tel\u00e9nek k\u00f6sz\u00f6nhet\u0151en kiv\u00e9telesen hat\u00e9kony a kereskedelmi \u00e9s ipari k\u00f6rnyezetben felmer\u00fcl\u0151 ig\u00e9nyes tiszt\u00edt\u00e1si kih\u00edv\u00e1sok sz\u00e9les sk\u00e1l\u00e1j\u00e1n. <strong><a href=\"https:\/\/factoryson.com\/hu\/product\/buy-tetramethylene-glycol-bdo\/\">potent solution<\/a><\/strong> Megbirk\u00f3zik a specifikus, nehezen elt\u00e1vol\u00edthat\u00f3 anyagokkal, n\u00e9lk\u00fcl\u00f6zhetetlennek bizonyulva a k\u00fcl\u00f6nf\u00e9le professzion\u00e1lis alkalmaz\u00e1sokban.<\/p>\n<h3 class=\"ds-markdown-paragraph\">Key Application Areas:<\/h3>\n<ul>\n<li class=\"ds-markdown-paragraph\">Aut\u00f3- \u00e9s j\u00e1rm\u0171kozmetika: Tiszt\u00edtja az k\u00f6nny\u0171f\u00e9m felniket, a f\u00e9kalkatr\u00e9szeket \u00e9s a j\u00e1rm\u0171 fel\u00fcleteit, hat\u00e9konyan elt\u00e1vol\u00edtva a f\u00e9kport, a szennyez\u0151d\u00e9seket \u00e9s az \u00fati szennyez\u0151d\u00e9seket.<\/li>\n<li class=\"ds-markdown-paragraph\">Er\u0151s foltelt\u00e1vol\u00edt\u00e1s: Hat\u00e9konyan elt\u00e1vol\u00edtja a makacs foltokat, p\u00e9ld\u00e1ul a fest\u00e9ket, graffitit, rozsd\u00e1t \u00e9s a m\u00e9lyen be\u00e1gyaz\u00f3dott olajat a rugalmas fel\u00fcletekr\u0151l.<\/li>\n<li class=\"ds-markdown-paragraph\">Ipari karbantart\u00e1s: Hat\u00e9kony tiszt\u00edt\u00f3szerk\u00e9nt szolg\u00e1l \u00e1ltal\u00e1nos ipari berendez\u00e9sek, g\u00e9pek \u00e9s l\u00e9tes\u00edtm\u00e9nyfel\u00fcletek sz\u00e1m\u00e1ra, biztos\u00edtva az optim\u00e1lis \u00fczemi tisztas\u00e1got.<\/li>\n<li class=\"ds-markdown-paragraph\">Viszkozit\u00e1sm\u00f3dos\u00edt\u00e1s: Speci\u00e1lis ipari folyamatokban alkalmazz\u00e1k, ahol prec\u00edz viszkozit\u00e1sbe\u00e1ll\u00edt\u00e1sra van sz\u00fcks\u00e9g, ami bizony\u00edtja k\u00e9miai sokoldal\u00fas\u00e1g\u00e1t.<\/li>\n<li class=\"ds-markdown-paragraph\">Old\u00f3szeres alkalmaz\u00e1sok: Hat\u00e9kony old\u00f3szerk\u00e9nt m\u0171k\u00f6dik k\u00fcl\u00f6nf\u00e9le kereskedelmi k\u00e9sz\u00edtm\u00e9nyekben \u00e9s elj\u00e1r\u00e1sokban, kiel\u00e9g\u00edtve a v\u00e1ltozatos ipari ig\u00e9nyeket.<\/li>\n<\/ul>\n<h2>Product Specifications &amp; Quality Assurance<\/h2>\n<p>Our dedication to quality is evident in the precise specifications and rigorous assurance processes for every bottle of this GBL cleaner. We guarantee a product that consistently meets high standards for both purity and performance, providing a reliable and highly effective cleaning solution. Below is an overview of key product attributes:<\/p>\n<table>\n<thead>\n<tr>\n<th>Attribute<\/th>\n<th>Specifik\u00e1ci\u00f3<\/th>\n<\/tr>\n<\/thead>\n<tbody>\n<tr>\n<td>Product Volume<\/td>\n<td>1000ml (1 Liter)<\/td>\n<\/tr>\n<tr>\n<td>Tisztas\u00e1gi koncentr\u00e1ci\u00f3<\/td>\n<td>&gt; 99.99%<\/td>\n<\/tr>\n<tr>\n<td>Els\u0151dleges funkci\u00f3<\/td>\n<td>Cleaning &amp; Protection for Wheels<\/td>\n<\/tr>\n<tr>\n<td>Hat\u00e9kony ellene<\/td>\n<td>Dirt, Brake Dust, Road Grime, Paint, Graffiti, Rust, Oil Stains<\/td>\n<\/tr>\n<tr>\n<td>Megfelel\u0151 fel\u00fcletek<\/td>\n<td>All wheel finishes, alloy rims, brakes, industrial surfaces<\/td>\n<\/tr>\n<tr>\n<td>El\u00e9rhet\u0151 rendel\u00e9si mennyis\u00e9gek<\/td>\n<td>From 1 Liter up to 200 Liters<\/td>\n<\/tr>\n<\/tbody>\n<\/table>\n<p class=\"ds-markdown-paragraph\">A magas tisztas\u00e1gra \u00e9s az \u00e1lland\u00f3 min\u0151s\u00e9gre val\u00f3 \u00f6sszpontos\u00edt\u00e1s biztos\u00edtja a <a href=\"https:\/\/en.wikipedia.org\/wiki\/GBL\">GBL solution<\/a> Maxim\u00e1lis tiszt\u00edt\u00f3er\u0151t biztos\u00edt a fel\u00fclet \u00e9ps\u00e9g\u00e9nek vesz\u00e9lyeztet\u00e9se n\u00e9lk\u00fcl. Ide\u00e1lis v\u00e1laszt\u00e1s professzion\u00e1lis \u00e9s fogyaszt\u00f3i alkalmaz\u00e1sok sz\u00e9les k\u00f6r\u00e9hez, k\u00f6vetkezetesen kiemelked\u0151 \u00e9s megb\u00edzhat\u00f3 eredm\u00e9nyeket biztos\u00edtva.<\/p>\n<h3 class=\"ds-markdown-paragraph\">SAFE HANDLING PRACTICES &amp; COMPLIANCE<\/h3>\n<p class=\"ds-markdown-paragraph\">A hat\u00e9kony GBL felnitiszt\u00edt\u00f3nk biztons\u00e1gos \u00e9s felel\u0151ss\u00e9gteljes haszn\u00e1lat\u00e1hoz elengedhetetlen a biztons\u00e1gos kezel\u00e9sre vonatkoz\u00f3 protokollok betart\u00e1sa. A felhaszn\u00e1l\u00f3knak megfelel\u0151 szem\u00e9lyi v\u00e9d\u0151felszerel\u00e9st (PPE), t\u00f6bbek k\u00f6z\u00f6tt vegyszer\u00e1ll\u00f3 keszty\u0171t \u00e9s v\u00e9d\u0151szem\u00fcveget kell viselni\u00fck a k\u00f6zvetlen \u00e9rintkez\u00e9s elker\u00fcl\u00e9se \u00e9rdek\u00e9ben. A haszn\u00e1latot j\u00f3l szell\u0151z\u0151 helyen kell v\u00e9gezni a bel\u00e9legz\u00e9si kock\u00e1zatok minimaliz\u00e1l\u00e1sa \u00e9rdek\u00e9ben. A biztons\u00e1g \u00e9rdek\u00e9ben k\u00f6telez\u0151 be tartani a vegyi anyagok kezel\u00e9s\u00e9re, t\u00e1rol\u00e1s\u00e1ra \u00e9s \u00e1rtalmatlan\u00edt\u00e1s\u00e1ra vonatkoz\u00f3 \u00f6sszes helyi el\u0151\u00edr\u00e1st. \u00c1tfog\u00f3 r\u00e9szletek az anyagbiztons\u00e1gi adatlapban (MSDS) tal\u00e1lhat\u00f3k, amelyet alkalmaz\u00e1s el\u0151tt el kell olvasni. K\u00e9r\u00e9sre elemz\u00e9si tan\u00fas\u00edtv\u00e1nyt (CoA) tudunk biztos\u00edtani, amely igazolja a term\u00e9k min\u0151s\u00e9g\u00e9t. A term\u00e9k stabilit\u00e1sa \u00e9s biztons\u00e1ga szempontj\u00e1b\u00f3l elengedhetetlen a megfelel\u0151 t\u00e1rol\u00e1s h\u0171v\u00f6s, sz\u00e1raz helyen, inkompatibilis anyagokt\u00f3l t\u00e1vol, gyermekek \u00e9s h\u00e1zi\u00e1llatok el\u0151l elz\u00e1rva.<\/p>\n<h3 class=\"ds-markdown-paragraph\">WHY CHOOSE FACTORY SON FOR YOUR PREMIUM CLEANING SOLUTIONS?<\/h3>\n<p class=\"ds-markdown-paragraph\">Amikor \u00fagy d\u00f6nt, hogy online rendeli a GBL felnitiszt\u00edt\u00f3t 1000ml-re, a k\u00f6vetkez\u0151 kiv\u00e1laszt\u00e1sa lehets\u00e9ges:\u00a0<a href=\"https:\/\/en.ofdt.fr\/en\/ghb-gbl-overview-2431\"><strong>trusted supplier<\/strong><\/a>\u00a0A Factory Sonhoz hasonl\u00f3an kiv\u00e1l\u00f3 term\u00e9ket \u00e9s kiv\u00e1l\u00f3 v\u00e1s\u00e1rl\u00e1si \u00e9lm\u00e9nyt biztos\u00edt. V\u00e1lassza a Factory Sont\u00a0megb\u00edzhat\u00f3 vegyszerell\u00e1t\u00e1s\u00e9rt\u00a0\u00e9s professzion\u00e1lis szolg\u00e1ltat\u00e1s\u00e9rt. Teljes \u00e1tl\u00e1that\u00f3s\u00e1got biztos\u00edtunk pr\u00e9mium tiszt\u00edt\u00f3szereinkkel kapcsolatban, \u00e9s minden l\u00e9nyeges r\u00e9szletet megadunk a t\u00e1j\u00e9kozott d\u00f6nt\u00e9shez. Minden t\u00e9tel szigor\u00fa min\u0151s\u00e9gellen\u0151rz\u00e9sen megy kereszt\u00fcl, garant\u00e1lva a tisztas\u00e1got \u00e9s a hat\u00e9konys\u00e1got. Versenyk\u00e9pes \u00e1rakat tartunk fenn, kiemelked\u0151 \u00e9rt\u00e9ket biztos\u00edtva an\u00e9lk\u00fcl, hogy fel\u00e1ldozn\u00e1nk tiszt\u00edt\u00f3szereink pr\u00e9mium min\u0151s\u00e9g\u00e9t. Csomagol\u00e1sunk\u00a0diszkr\u00e9t\u00a0\u00e9s\u00a0robusztus, biztos\u00edtva, hogy rendel\u00e9se biztons\u00e1gosan \u00e9s bizalmasan \u00e9rkezzen meg. Minden \u00fcgyf\u00e9l sz\u00e1m\u00e1ra\u00a0a\u00a0biztons\u00e1gos\u00a0\u00e9s\u00a0hat\u00e9kony\u00a0kisz\u00e1ll\u00edt\u00e1st\u00a0priorit\u00e1sk\u00e9nt\u00a0fogjuk el\u0151t\u00e9rbe. Tov\u00e1bb\u00e1\u00a0a\u00a0gyors\u00a0sz\u00e1ll\u00edt\u00e1st\u00a0\u00e9s\u00a0a\u00a048 \u00f3r\u00e1n bel\u00fcli\u00a0megb\u00edzhat\u00f3 fut\u00e1rszolg\u00e1latokon\u00a0seg\u00edts\u00e9g\u00e9vel\u00a0a\u00a0hat\u00e9konys\u00e1got\u00a0is el\u0151t\u00e9rbe helyezz\u00fck. V\u00e1lassza a Factory Sont\u00a0megb\u00edzhat\u00f3, kiv\u00e1l\u00f3 min\u0151s\u00e9g\u0171 vegyszerell\u00e1t\u00e1s\u00e9rt\u00a0\u00e9s\u00a0a\u00a0professzion\u00e1lis\u00a0szolg\u00e1ltat\u00e1s\u00e9rt\u00a0minden tranzakci\u00f3 sor\u00e1n.<\/p>\n<h3 class=\"ds-markdown-paragraph\">CONCLUSION: UNMATCHED CLEANLINESS WITH OUR GBL SOLUTION<\/h3>\n<p class=\"ds-markdown-paragraph\">Azok sz\u00e1m\u00e1ra, akik kiv\u00e1l\u00f3 tiszt\u00edt\u00f3er\u0151re \u00e9s tart\u00f3s v\u00e9delemre v\u00e1gynak, nagy tisztas\u00e1g\u00fa GBL Rim Cleaner 1000ml-es tiszt\u00edt\u00f3szer\u00fcnk a t\u00f6k\u00e9letes megold\u00e1s. Ak\u00e1r j\u00e1rm\u0171kerekek revitaliz\u00e1l\u00e1s\u00e1r\u00f3l, ak\u00e1r a makacs ipari foltok kezel\u00e9s\u00e9r\u0151l van sz\u00f3, hat\u00e9kony formul\u00e1ja k\u00f6vetkezetesen kiv\u00e9teles eredm\u00e9nyeket biztos\u00edt. Javasoljuk, hogy tapasztalja meg ennek a pr\u00e9mium tiszt\u00edt\u00f3szernek a p\u00e1ratlan min\u0151s\u00e9g\u00e9t \u00e9s sokoldal\u00fa hat\u00e9konys\u00e1g\u00e1t. Emelje magasabbra tiszt\u00edt\u00e1si sz\u00ednvonal\u00e1t, \u00e9s biztos\u00edtson tart\u00f3s min\u0151s\u00e9get minden fel\u00fcleten egy kiv\u00e1l\u00f3s\u00e1gra tervezett term\u00e9kkel. Tegye meg a d\u00f6nt\u0151 l\u00e9p\u00e9st a makul\u00e1tlan eredm\u00e9nyek \u00e9s a tart\u00f3s ragyog\u00e1s fel\u00e9. V\u00e1s\u00e1rolja meg m\u00e9g ma a GBL Rim Cleaner 1000ml-es tiszt\u00edt\u00f3szert, \u00e9s alak\u00edtsa \u00e1t tiszt\u00edt\u00e1si elv\u00e1r\u00e1sait a Factory Son seg\u00edts\u00e9g\u00e9vel. Ne felejtse el betartani a biztons\u00e1gos kezel\u00e9si protokollokat, haszn\u00e1lni a szem\u00e9lyi v\u00e9d\u0151felszerel\u00e9st (PPE), elolvasni az anyagbiztons\u00e1gi adatlapot (MSDS), sz\u00fcks\u00e9g eset\u00e9n k\u00e9rjen elemz\u00e9si tan\u00fas\u00edtv\u00e1nyt (CoA), \u00e9s gondoskodjon az \u00f6sszes vegyi term\u00e9k megfelel\u0151 t\u00e1rol\u00e1s\u00e1r\u00f3l. <a href=\"https:\/\/factoryson.com\/hu\/product\/buy-gbl-rim-cleaner\/\"><strong>Buy online<\/strong><\/a><\/p>","protected":false},"excerpt":{"rendered":"<p>Discover premium <b>GBL Rim Cleaner 1000ml<\/b> for superior wheel cleaning and protection. This high-purity solution efficiently removes dirt, brake dust, and various stains, ensuring a like-new finish. <b>Buy at Factory Son<\/b> for unparalleled quality and lasting results. <span class=\"dg6jd JGD2rd\"><strong>Top cleaner gbl<\/strong>,\u00a0 <\/span><span class=\"dg6jd JGD2rd\"><strong>Multigel remover gbl<\/strong>,\u00a0<\/span><span class=\"dg6jd JGD2rd\"><b>Coupon procleaner shop Gamma butyrolactone\u00a0 , <\/b><\/span><span class=\"dg6jd JGD2rd\"><strong>GBL Cleaner<\/strong>, <\/span><strong><span class=\"dg6jd JGD2rd\">Gbl online<\/span><\/strong><\/p>","protected":false},"featured_media":1851,"comment_status":"open","ping_status":"closed","template":"","meta":{"pagelayer_contact_templates":[],"_pagelayer_content":"","_kadence_starter_templates_imported_post":false,"_kad_post_transparent":"default","_kad_post_title":"","_kad_post_layout":"default","_kad_post_sidebar_id":"","_kad_post_content_style":"default","_kad_post_vertical_padding":"default","_kad_post_feature":"","_kad_post_feature_position":"","_kad_post_header":false,"_kad_post_footer":false},"product_brand":[],"product_cat":[112],"product_tag":[],"class_list":{"0":"post-1237","1":"product","2":"type-product","3":"status-publish","4":"has-post-thumbnail","6":"product_cat-caluanie-muelear-oxide","8":"first","9":"instock","10":"shipping-taxable","11":"purchasable","12":"product-type-variable","13":"entry","14":"content-bg","15":"loop-entry"},"yoast_head":"<!-- This site is optimized with the Yoast SEO plugin v27.3 - https:\/\/yoast.com\/product\/yoast-seo-wordpress\/ -->\n<title>Buy GBL Rim Cleaner | GBL (Gamma butyrolactone) wheel cleaner<\/title>\n<meta name=\"robots\" content=\"index, follow, max-snippet:-1, max-image-preview:large, max-video-preview:-1\" \/>\n<link rel=\"canonical\" href=\"https:\/\/factoryson.com\/hu\/product\/buy-gbl-rim-cleaner\/\" \/>\n<meta property=\"og:locale\" content=\"hu_HU\" \/>\n<meta property=\"og:type\" content=\"article\" \/>\n<meta property=\"og:title\" content=\"Buy GBL Rim Cleaner | GBL (Gamma butyrolactone) wheel cleaner\" \/>\n<meta property=\"og:description\" content=\"Discover premium GBL Rim Cleaner 1000ml for superior wheel cleaning and protection. This high-purity solution efficiently removes dirt, brake dust, and various stains, ensuring a like-new finish. Buy at Factory Son for unparalleled quality and lasting results. Top cleaner gbl,\u00a0 Multigel remover gbl,\u00a0Coupon procleaner shop Gamma butyrolactone\u00a0 , GBL Cleaner, Gbl online\" \/>\n<meta property=\"og:url\" content=\"https:\/\/factoryson.com\/hu\/product\/buy-gbl-rim-cleaner\/\" \/>\n<meta property=\"og:site_name\" content=\"FactorySon\" \/>\n<meta property=\"article:modified_time\" content=\"2026-04-16T10:19:08+00:00\" \/>\n<meta property=\"og:image\" content=\"https:\/\/factoryson.com\/wp-content\/uploads\/2026\/04\/100-pure-premium-quality-gbl-wheel-cleaner-500x500-1.webp\" \/>\n\t<meta property=\"og:image:width\" content=\"500\" \/>\n\t<meta property=\"og:image:height\" content=\"500\" \/>\n\t<meta property=\"og:image:type\" content=\"image\/webp\" \/>\n<meta name=\"twitter:card\" content=\"summary_large_image\" \/>\n<meta name=\"twitter:label1\" content=\"Becs\u00fclt olvas\u00e1si id\u0151\" \/>\n\t<meta name=\"twitter:data1\" content=\"5 perc\" \/>\n<script type=\"application\/ld+json\" class=\"yoast-schema-graph\">{\"@context\":\"https:\\\/\\\/schema.org\",\"@graph\":[{\"@type\":\"WebPage\",\"@id\":\"https:\\\/\\\/factoryson.com\\\/product\\\/buy-gbl-rim-cleaner\\\/\",\"url\":\"https:\\\/\\\/factoryson.com\\\/product\\\/buy-gbl-rim-cleaner\\\/\",\"name\":\"Buy GBL Rim Cleaner | GBL (Gamma butyrolactone) wheel cleaner\",\"isPartOf\":{\"@id\":\"https:\\\/\\\/factoryson.com\\\/#website\"},\"primaryImageOfPage\":{\"@id\":\"https:\\\/\\\/factoryson.com\\\/product\\\/buy-gbl-rim-cleaner\\\/#primaryimage\"},\"image\":{\"@id\":\"https:\\\/\\\/factoryson.com\\\/product\\\/buy-gbl-rim-cleaner\\\/#primaryimage\"},\"thumbnailUrl\":\"https:\\\/\\\/factoryson.com\\\/wp-content\\\/uploads\\\/2026\\\/04\\\/100-pure-premium-quality-gbl-wheel-cleaner-500x500-1.webp\",\"datePublished\":\"2026-04-01T04:33:58+00:00\",\"dateModified\":\"2026-04-16T10:19:08+00:00\",\"breadcrumb\":{\"@id\":\"https:\\\/\\\/factoryson.com\\\/product\\\/buy-gbl-rim-cleaner\\\/#breadcrumb\"},\"inLanguage\":\"hu\",\"potentialAction\":[{\"@type\":\"ReadAction\",\"target\":[\"https:\\\/\\\/factoryson.com\\\/product\\\/buy-gbl-rim-cleaner\\\/\"]}]},{\"@type\":\"ImageObject\",\"inLanguage\":\"hu\",\"@id\":\"https:\\\/\\\/factoryson.com\\\/product\\\/buy-gbl-rim-cleaner\\\/#primaryimage\",\"url\":\"https:\\\/\\\/factoryson.com\\\/wp-content\\\/uploads\\\/2026\\\/04\\\/100-pure-premium-quality-gbl-wheel-cleaner-500x500-1.webp\",\"contentUrl\":\"https:\\\/\\\/factoryson.com\\\/wp-content\\\/uploads\\\/2026\\\/04\\\/100-pure-premium-quality-gbl-wheel-cleaner-500x500-1.webp\",\"width\":500,\"height\":500,\"caption\":\"Buy Quality GBL Rim Cleaner\"},{\"@type\":\"BreadcrumbList\",\"@id\":\"https:\\\/\\\/factoryson.com\\\/product\\\/buy-gbl-rim-cleaner\\\/#breadcrumb\",\"itemListElement\":[{\"@type\":\"ListItem\",\"position\":1,\"name\":\"Home\",\"item\":\"https:\\\/\\\/factoryson.com\\\/nl\\\/\"},{\"@type\":\"ListItem\",\"position\":2,\"name\":\"Shop\",\"item\":\"https:\\\/\\\/factoryson.com\\\/nl\\\/shop\\\/\"},{\"@type\":\"ListItem\",\"position\":3,\"name\":\"Buy Quality GBL Rim Cleaner 1000ml \u2013 Premium Wheel Care\"}]},{\"@type\":\"WebSite\",\"@id\":\"https:\\\/\\\/factoryson.com\\\/#website\",\"url\":\"https:\\\/\\\/factoryson.com\\\/\",\"name\":\"FactorySon\",\"description\":\"My WordPress Blog\",\"potentialAction\":[{\"@type\":\"SearchAction\",\"target\":{\"@type\":\"EntryPoint\",\"urlTemplate\":\"https:\\\/\\\/factoryson.com\\\/?s={search_term_string}\"},\"query-input\":{\"@type\":\"PropertyValueSpecification\",\"valueRequired\":true,\"valueName\":\"search_term_string\"}}],\"inLanguage\":\"hu\"}]}<\/script>\n<!-- \/ Yoast SEO plugin. -->","yoast_head_json":{"title":"Buy GBL Rim Cleaner | GBL (Gamma butyrolactone) wheel cleaner","robots":{"index":"index","follow":"follow","max-snippet":"max-snippet:-1","max-image-preview":"max-image-preview:large","max-video-preview":"max-video-preview:-1"},"canonical":"https:\/\/factoryson.com\/hu\/product\/buy-gbl-rim-cleaner\/","og_locale":"hu_HU","og_type":"article","og_title":"Buy GBL Rim Cleaner | GBL (Gamma butyrolactone) wheel cleaner","og_description":"Discover premium GBL Rim Cleaner 1000ml for superior wheel cleaning and protection. This high-purity solution efficiently removes dirt, brake dust, and various stains, ensuring a like-new finish. Buy at Factory Son for unparalleled quality and lasting results. Top cleaner gbl,\u00a0 Multigel remover gbl,\u00a0Coupon procleaner shop Gamma butyrolactone\u00a0 , GBL Cleaner, Gbl online","og_url":"https:\/\/factoryson.com\/hu\/product\/buy-gbl-rim-cleaner\/","og_site_name":"FactorySon","article_modified_time":"2026-04-16T10:19:08+00:00","og_image":[{"width":500,"height":500,"url":"https:\/\/factoryson.com\/wp-content\/uploads\/2026\/04\/100-pure-premium-quality-gbl-wheel-cleaner-500x500-1.webp","type":"image\/webp"}],"twitter_card":"summary_large_image","twitter_misc":{"Becs\u00fclt olvas\u00e1si id\u0151":"5 perc"},"schema":{"@context":"https:\/\/schema.org","@graph":[{"@type":"WebPage","@id":"https:\/\/factoryson.com\/product\/buy-gbl-rim-cleaner\/","url":"https:\/\/factoryson.com\/product\/buy-gbl-rim-cleaner\/","name":"Buy GBL Rim Cleaner | GBL (Gamma butyrolactone) wheel cleaner","isPartOf":{"@id":"https:\/\/factoryson.com\/#website"},"primaryImageOfPage":{"@id":"https:\/\/factoryson.com\/product\/buy-gbl-rim-cleaner\/#primaryimage"},"image":{"@id":"https:\/\/factoryson.com\/product\/buy-gbl-rim-cleaner\/#primaryimage"},"thumbnailUrl":"https:\/\/factoryson.com\/wp-content\/uploads\/2026\/04\/100-pure-premium-quality-gbl-wheel-cleaner-500x500-1.webp","datePublished":"2026-04-01T04:33:58+00:00","dateModified":"2026-04-16T10:19:08+00:00","breadcrumb":{"@id":"https:\/\/factoryson.com\/product\/buy-gbl-rim-cleaner\/#breadcrumb"},"inLanguage":"hu","potentialAction":[{"@type":"ReadAction","target":["https:\/\/factoryson.com\/product\/buy-gbl-rim-cleaner\/"]}]},{"@type":"ImageObject","inLanguage":"hu","@id":"https:\/\/factoryson.com\/product\/buy-gbl-rim-cleaner\/#primaryimage","url":"https:\/\/factoryson.com\/wp-content\/uploads\/2026\/04\/100-pure-premium-quality-gbl-wheel-cleaner-500x500-1.webp","contentUrl":"https:\/\/factoryson.com\/wp-content\/uploads\/2026\/04\/100-pure-premium-quality-gbl-wheel-cleaner-500x500-1.webp","width":500,"height":500,"caption":"Buy Quality GBL Rim Cleaner"},{"@type":"BreadcrumbList","@id":"https:\/\/factoryson.com\/product\/buy-gbl-rim-cleaner\/#breadcrumb","itemListElement":[{"@type":"ListItem","position":1,"name":"Home","item":"https:\/\/factoryson.com\/nl\/"},{"@type":"ListItem","position":2,"name":"Shop","item":"https:\/\/factoryson.com\/nl\/shop\/"},{"@type":"ListItem","position":3,"name":"Buy Quality GBL Rim Cleaner 1000ml \u2013 Premium Wheel Care"}]},{"@type":"WebSite","@id":"https:\/\/factoryson.com\/#website","url":"https:\/\/factoryson.com\/","name":"FactorySon","description":"Az \u00e9n WordPress blogom","potentialAction":[{"@type":"SearchAction","target":{"@type":"EntryPoint","urlTemplate":"https:\/\/factoryson.com\/?s={search_term_string}"},"query-input":{"@type":"PropertyValueSpecification","valueRequired":true,"valueName":"search_term_string"}}],"inLanguage":"hu"}]}},"_links":{"self":[{"href":"https:\/\/factoryson.com\/hu\/wp-json\/wp\/v2\/product\/1237","targetHints":{"allow":["GET"]}}],"collection":[{"href":"https:\/\/factoryson.com\/hu\/wp-json\/wp\/v2\/product"}],"about":[{"href":"https:\/\/factoryson.com\/hu\/wp-json\/wp\/v2\/types\/product"}],"replies":[{"embeddable":true,"href":"https:\/\/factoryson.com\/hu\/wp-json\/wp\/v2\/comments?post=1237"}],"wp:featuredmedia":[{"embeddable":true,"href":"https:\/\/factoryson.com\/hu\/wp-json\/wp\/v2\/media\/1851"}],"wp:attachment":[{"href":"https:\/\/factoryson.com\/hu\/wp-json\/wp\/v2\/media?parent=1237"}],"wp:term":[{"taxonomy":"product_brand","embeddable":true,"href":"https:\/\/factoryson.com\/hu\/wp-json\/wp\/v2\/product_brand?post=1237"},{"taxonomy":"product_cat","embeddable":true,"href":"https:\/\/factoryson.com\/hu\/wp-json\/wp\/v2\/product_cat?post=1237"},{"taxonomy":"product_tag","embeddable":true,"href":"https:\/\/factoryson.com\/hu\/wp-json\/wp\/v2\/product_tag?post=1237"}],"curies":[{"name":"wp","href":"https:\/\/api.w.org\/{rel}","templated":true}]}}