{"id":1236,"date":"2026-04-01T04:33:58","date_gmt":"2026-04-01T04:33:58","guid":{"rendered":"https:\/\/factoryson.com\/?post_type=product&#038;p=1236"},"modified":"2026-04-16T10:41:04","modified_gmt":"2026-04-16T10:41:04","slug":"buy-tetramethylene-glycol-bdo","status":"publish","type":"product","link":"https:\/\/factoryson.com\/hu\/product\/buy-tetramethylene-glycol-bdo\/","title":{"rendered":"Buy Tetramethylene Glycol (BDO) 1000ml &#8211; High Purity"},"content":{"rendered":"<p>Keresed, hogy <a href=\"https:\/\/factoryson.com\/hu\/product\/buy-tetramethylene-glycol-bdo\/\"><b>buy Tetramethylene Glycol 1000ml BDO for sale<\/b><\/a>? Ezt a kiv\u00e1l\u00f3 min\u0151s\u00e9g\u0171 k\u00f6ztes term\u00e9ket k\u00edn\u00e1ljuk, amely n\u00e9lk\u00fcl\u00f6zhetetlen a k\u00fcl\u00f6nf\u00e9le ipari alkalmaz\u00e1sokhoz. A tetrametil\u00e9n-glikolt, m\u00e1s n\u00e9ven 1,4-but\u00e1ndiolt (BDO), \u00e9s sokoldal\u00fa sz\u00e1rmaz\u00e9kait sz\u00e9les k\u00f6rben haszn\u00e1lj\u00e1k k\u00fcl\u00f6nf\u00e9le anyagok gy\u00e1rt\u00e1s\u00e1ban, bele\u00e9rtve a fejlett m\u0171anyagokat, hat\u00e9kony old\u00f3szereket, speci\u00e1lis elektronikai vegyszereket \u00e9s rugalmas elasztikus sz\u00e1lakat. Ha megb\u00edzhat\u00f3 ell\u00e1t\u00e1sra van sz\u00fcks\u00e9ge, \u00e9rdemes megfontolni a nagy tisztas\u00e1g\u00fa tetrametil\u00e9n-glikolt a Milestone Suppliers-t\u0151l beszerezni, \u00edgy biztos\u00edtva, hogy kiv\u00e1l\u00f3 min\u0151s\u00e9g\u0171 term\u00e9ket kapjon az \u00d6n egyedi ipari ig\u00e9nyeinek megfelel\u0151en. <strong><a href=\"https:\/\/factoryson.com\/hu\/\">factoryson<\/a><\/strong><\/p>\n<h2>What is Tetramethylene Glycol (BDO)?<\/h2>\n<p>A tetrametil\u00e9nglikol, k\u00f6zismert nev\u00e9n 1,4-but\u00e1ndiol (BDO), egy kulcsfontoss\u00e1g\u00fa szerves vegy\u00fclet, CAS-sz\u00e1ma: 110-63-4 \u00e9s EINECS-sz\u00e1ma: 203-786-5. Ez a sz\u00edntelen vagy s\u00e1rg\u00e1s olajos folyad\u00e9k sz\u00e1mos k\u00e9miai szint\u00e9zis alapvet\u0151 \u00e9p\u00edt\u0151k\u00f6ve. Molekulat\u00f6mege 90,121, molekulak\u00e9plete pedig C<sub>4<\/sub>H<sub>10<\/sub>O<sub>2<\/sub>1,006 g\/cm\u00b3 s\u0171r\u0171s\u00e9ggel<sup>3<\/sup>Az 1,4-but\u00e1ndiol figyelemre m\u00e9lt\u00f3an v\u00edzzel elegyedik. Ez\u00e1ltal rendk\u00edv\u00fcl adapt\u00e1lhat\u00f3 k\u00e9miai k\u00f6ztiterm\u00e9kk\u00e9 v\u00e1lik, amely z\u00f6kken\u0151mentesen integr\u00e1lhat\u00f3 a k\u00fcl\u00f6nf\u00e9le ipari folyamatokba, ahol az \u00e1lland\u00f3 min\u0151s\u00e9g kiemelked\u0151 fontoss\u00e1g\u00fa.<a href=\"https:\/\/chemicopro.com\/de\/product\/hexamin\/\">.<\/a><\/p>\n<h2>Specifications of 1,4-Butanediol (Tetramethylene Glycol)<\/h2>\n<p>Az 1,4-but\u00e1ndiol pontos specifik\u00e1ci\u00f3inak meg\u00e9rt\u00e9se elengedhetetlen a hat\u00e9kony \u00e9s biztons\u00e1gos alkalmaz\u00e1s\u00e1hoz. Tetrametil\u00e9n-glikolunk szigor\u00fa min\u0151s\u00e9gi szabv\u00e1nyoknak felel meg, biztos\u00edtva a megfelel\u0151s\u00e9get az ig\u00e9nyes ipari k\u00f6rnyezetekben. A f\u0151bb param\u00e9tereket az al\u00e1bbiakban r\u00e9szletezz\u00fck, t\u00fckr\u00f6zve elk\u00f6telezetts\u00e9g\u00fcnket a nagy tisztas\u00e1g\u00fa term\u00e9k biztos\u00edt\u00e1sa ir\u00e1nt:<\/p>\n<table>\n<thead>\n<tr>\n<th>Jellegzetes<\/th>\n<th>Specifik\u00e1ci\u00f3<\/th>\n<\/tr>\n<\/thead>\n<tbody>\n<tr>\n<td>Megjelen\u00e9s<\/td>\n<td>Colorless or yellowish oily liquid<\/td>\n<\/tr>\n<tr>\n<td>Krist\u00e1lyosod\u00e1si pont<\/td>\n<td>\u226515.0 \u00b0C<\/td>\n<\/tr>\n<tr>\n<td>S\u0171r\u0171s\u00e9g (20\u00b0C)<\/td>\n<td>1.015~1.018 g\/mL<\/td>\n<\/tr>\n<tr>\n<td>Savass\u00e1g (H<sup>+<\/sup>)<\/td>\n<td>\u22640.25 mmol\/100g<\/td>\n<\/tr>\n<tr>\n<td>Water (H<sub>2<\/sub>O)<\/td>\n<td>\u22640.5 %<\/td>\n<\/tr>\n<tr>\n<td>Ignition Residue (as Sulfate basis)<\/td>\n<td>\u22640.01%<\/td>\n<\/tr>\n<tr>\n<td>Assay (C<sub>4<\/sub>H<sub>10<\/sub>O<sub>2<\/sub>)<\/td>\n<td>\u226599.50%<\/td>\n<\/tr>\n<\/tbody>\n<\/table>\n<p>Ezek a specifik\u00e1ci\u00f3k biztos\u00edtj\u00e1k, hogy az \u00d6n \u00e1ltal kapott tetrametil\u00e9n-glikol megfeleljen az \u00d6n \u00e9rz\u00e9keny alkalmaz\u00e1saihoz sz\u00fcks\u00e9ges tisztas\u00e1gi \u00e9s teljes\u00edtm\u00e9nykrit\u00e9riumoknak.<\/p>\n<div class=\"ds-message _63c77b1\">\n<div class=\"ds-markdown\">\n<h3 class=\"ds-markdown-paragraph\">INDUSTRIAL APPLICATIONS OF 1,4-BUTANEDIOL BDO<\/h3>\n<p class=\"ds-markdown-paragraph\">Az 1,4-but\u00e1ndiol (BDO) ipari hasznos\u00edt\u00e1sa sz\u00e9lesk\u00f6r\u0171. Els\u0151sorban sokoldal\u00fa old\u00f3szerk\u00e9nt \u00e9s alapvet\u0151 \u00f6sszetev\u0151k\u00e9nt haszn\u00e1lj\u00e1k a fejlett anyagok gy\u00e1rt\u00e1s\u00e1ban. Az ipar\u00e1gak az 1,4-but\u00e1ndiolt bizonyos m\u0171anyagok el\u0151\u00e1ll\u00edt\u00e1s\u00e1hoz, fejleszt\u00e9s\u00e9hez haszn\u00e1lj\u00e1k. <strong><a href=\"https:\/\/www.sciencedirect.com\/topics\/chemistry\/tetraethylene-glycol\">highly elastic fibers<\/a><\/strong>, valamint poliuret\u00e1nok szintetiz\u00e1l\u00e1sa, amelyeket tart\u00f3ss\u00e1guk \u00e9s rugalmass\u00e1guk miatt \u00e9rt\u00e9kelnek. A szerves k\u00e9mi\u00e1ban az 1,4-but\u00e1ndiol kulcsfontoss\u00e1g\u00fa prekurzor a \u03b3-butirolakton (GBL) szint\u00e9zis\u00e9hez. Tov\u00e1bb\u00e1 foszforsavval \u00e9s magas h\u0151m\u00e9rs\u00e9kleten dehidrat\u00e1l\u00f3dik, tetrahidrofur\u00e1nt eredm\u00e9nyezve, amely egy fontos ipari old\u00f3szer. K\u00f6r\u00fclbel\u00fcl 200 \u00b0C-on, oldhat\u00f3 rut\u00e9niumkataliz\u00e1torok jelenl\u00e9t\u00e9ben a diol dehidrog\u00e9nez\u0151d\u00e9sen mehet kereszt\u00fcl, butirolaktonn\u00e1 alakulva. Ezek az \u00e1talakul\u00e1sok kiemelik az 1,4-but\u00e1ndiol strat\u00e9giai fontoss\u00e1g\u00e1t a fejlett vegyipari gy\u00e1rt\u00e1sban.<\/p>\n<h3 class=\"ds-markdown-paragraph\">PROHIBITED USES AND SAFETY INFORMATION<\/h3>\n<p class=\"ds-markdown-paragraph\">A tiltott felhaszn\u00e1l\u00e1sokra vonatkoz\u00f3 ir\u00e1nyelvek betart\u00e1sa <strong><a href=\"https:\/\/en.wikipedia.org\/wiki\/1,4-Butanediol\">1,4-Butanediol (BDO)<\/a><\/strong> elenged\u00fclhetetlen a biztons\u00e1g \u00e9s a szab\u00e1lyoz\u00e1si megfelel\u00e9s \u00e9rdek\u00e9ben. Az 1,4-BDO haszn\u00e1lata szigor\u00faan tilos gy\u00f3gyszerekben, kozmetikumokban \u00e9s emberi fogyaszt\u00e1sra. Gyermekj\u00e1t\u00e9kokban val\u00f3 haszn\u00e1lata szint\u00e9n tilos. Ezek a korl\u00e1toz\u00e1sok a k\u00f6zeg\u00e9szs\u00e9g\u00fcgy v\u00e9delm\u00e9t szolg\u00e1lj\u00e1k, \u00e9s megfelelnek a szigor\u00fa szab\u00e1lyoz\u00e1si kereteknek. A felhaszn\u00e1l\u00f3knak hat\u00e1rozottan javasoljuk, hogy a biztons\u00e1gos kezel\u00e9ssel, t\u00e1rol\u00e1ssal \u00e9s \u00e1rtalmatlan\u00edt\u00e1ssal kapcsolatos \u00e1tfog\u00f3 inform\u00e1ci\u00f3k\u00e9rt tekints\u00e9k \u00e1t a biztons\u00e1gi adatlapot (SDS). Mindig biztos\u00edtson ellen\u0151rz\u00f6tt k\u00f6rnyezetet, \u00e9s haszn\u00e1ljon megfelel\u0151 szem\u00e9lyi v\u00e9d\u0151felszerel\u00e9st (PPE) a kock\u00e1zatok minimaliz\u00e1l\u00e1sa \u00e9rdek\u00e9ben. A biztons\u00e1g \u00e9s a megfelel\u0151s\u00e9g el\u0151t\u00e9rbe helyez\u00e9se minden ipari alkalmaz\u00e1s eset\u00e9ben nem k\u00e9pezheti vita t\u00e1rgy\u00e1t.<\/p>\n<h3 class=\"ds-markdown-paragraph\">PACKAGING AND LOGISTICS<\/h3>\n<p class=\"ds-markdown-paragraph\">BDO ipari \u00fcgyfelek sz\u00e1m\u00e1ra, akik ig\u00e9nylik\u00a0<a href=\"https:\/\/factoryson.com\/hu\/product\/buy-glyphosate-herbicide\/\"><strong>reliable supply chain<\/strong><\/a>Tetrametil\u00e9n-glikolunkat (BDO) robusztus \u00e9s biztons\u00e1gos csomagol\u00e1si lehet\u0151s\u00e9gekben k\u00edn\u00e1ljuk. Minden egys\u00e9g 200 kg-os vashord\u00f3ban van csomagolva, ami biztos\u00edtja a term\u00e9k \u00e9ps\u00e9g\u00e9t sz\u00e1ll\u00edt\u00e1s k\u00f6zben. Nagyobb megrendel\u00e9sek eset\u00e9n egy szabv\u00e1nyos 20 l\u00e1bas kont\u00e9ner (1*20\u2033FCL) 16 tonna \u00e1rut k\u00e9pes befogadni, ami kont\u00e9nerenk\u00e9nt 80 hord\u00f3nak felel meg. Ez a szabv\u00e1nyos\u00edtott csomagol\u00e1s megk\u00f6nny\u00edti a logisztik\u00e1t \u00e9s lehet\u0151v\u00e9 teszi a nagy t\u00e9telben t\u00f6rt\u00e9n\u0151 beszerz\u00e9st, biztos\u00edtva, hogy a v\u00e1llalkoz\u00e1sok megfelel\u0151 k\u00e9szletszintet tartsanak fenn a term\u00e9kmin\u0151s\u00e9g vagy a sz\u00e1ll\u00edt\u00e1si hat\u00e9konys\u00e1g fel\u00e1ldoz\u00e1sa n\u00e9lk\u00fcl. Megb\u00edzhat\u00f3 ell\u00e1t\u00e1si l\u00e1ncunk biztos\u00edtja a folyamatos rendelkez\u00e9sre \u00e1ll\u00e1st.<\/p>\n<h3 class=\"ds-markdown-paragraph\">WHY CHOOSE OUR TETRAMETHYLENE GLYCOL (BDO)?<\/h3>\n<p class=\"ds-markdown-paragraph\">Azok sz\u00e1m\u00e1ra, akik tetrametil\u00e9n-glikol 1000 ml-es BDO-t szeretn\u00e9nek v\u00e1s\u00e1rolni, term\u00e9k\u00fcnk kiv\u00e1l\u00f3 min\u0151s\u00e9g\u0171, \u00e1lland\u00f3 tisztas\u00e1g\u00fa k\u00e9miai k\u00f6ztiterm\u00e9kk\u00e9nt t\u0171nik ki, amely sz\u00e9les k\u00f6r\u0171 ipari alkalmaz\u00e1sokhoz alkalmas. A m\u0171anyagok \u00e9s old\u00f3szerek el\u0151\u00e1ll\u00edt\u00e1s\u00e1t\u00f3l az elektronikai vegyszerekig \u00e9s elasztikus sz\u00e1lakig, az 1,4-but\u00e1ndiolunk \u00e1lland\u00f3 tisztas\u00e1ga \u00e9s teljes\u00edtm\u00e9nye felbecs\u00fclhetetlen \u00e9rt\u00e9k\u0171 \u00e9rt\u00e9kk\u00e9 teszi. B\u00edzza mag\u00e1t a Milestone Suppliers-re, mint megb\u00edzhat\u00f3 besz\u00e1ll\u00edt\u00f3j\u00e1ra \u00e9s vegyipari sz\u00e1ll\u00edt\u00f3j\u00e1ra BDO-ig\u00e9nyei kiel\u00e9g\u00edt\u00e9s\u00e9re, ahol a kiv\u00e1l\u00f3 min\u0151s\u00e9g\u0171 BDO-besz\u00e1ll\u00edt\u00f3 \u00e9s az \u00fcgyfelek el\u00e9gedetts\u00e9ge a legfontosabb sz\u00e1munkra. Biztos\u00edtsa BDO-ell\u00e1t\u00e1s\u00e1t m\u00e9g ma, hogy biztos\u00edtsa kritikus gy\u00e1rt\u00e1si \u00e9s szint\u00e9zisfolyamatai z\u00f6kken\u0151mentes lebonyol\u00edt\u00e1s\u00e1t. V\u00e1lasszon biztons\u00e1gos v\u00e1s\u00e1rl\u00e1si lehet\u0151s\u00e9geket versenyk\u00e9pes \u00e1rakkal \u00e9s megb\u00edzhat\u00f3 ell\u00e1t\u00e1si l\u00e1ncokkal. Ak\u00e1r nagy t\u00e9telben, kont\u00e9nerenk\u00e9nt 16 tonn\u00e1s \u00e9s kont\u00e9nerenk\u00e9nt 80 hord\u00f3s BDO-v\u00e1s\u00e1rl\u00e1sra, ak\u00e1r kisebb mennyis\u00e9gben van sz\u00fcks\u00e9ge, korszer\u0171s\u00edtett logisztik\u00e1nk \u00e9s megb\u00edzhat\u00f3 ell\u00e1t\u00e1si l\u00e1ncunk biztos\u00edtja a k\u00edv\u00e1nt eredm\u00e9nyt. Rendeljen tetrametil\u00e9n-glikolt online most, \u00e9s tapasztalja meg a nagy tisztas\u00e1g\u00fa k\u00e9miai intermediereket szigor\u00fa min\u0151s\u00e9gellen\u0151rz\u00e9ssel \u00e9s \u00e1lland\u00f3 term\u00e9kmin\u0151s\u00e9ggel. Az ipari \u00fcgyfelek sz\u00e1m\u00e1ra forgalmazott \u00f6sszes BDO eset\u00e9ben a Milestone Suppliers a legjobb min\u0151s\u00e9g\u0171 BDO-besz\u00e1ll\u00edt\u00f3, akiben megb\u00edzhat. V\u00e1s\u00e1roljon t\u0151l\u00fcnk 1,4-but\u00e1ndiolt, \u00e9s biztos\u00edtsa hossz\u00fa t\u00e1v\u00fa BDO-ell\u00e1t\u00e1s\u00e1t.<\/p>\n<h3 class=\"ds-markdown-paragraph\">CONCLUSION<\/h3>\n<p class=\"ds-markdown-paragraph\">Azok sz\u00e1m\u00e1ra, akik tetrametil\u00e9n-glikol 1000 ml-es BDO-t szeretn\u00e9nek v\u00e1s\u00e1rolni, term\u00e9k\u00fcnk kiv\u00e1l\u00f3 min\u0151s\u00e9g\u0171, \u00e1lland\u00f3 tisztas\u00e1g\u00fa k\u00e9miai k\u00f6ztiterm\u00e9kk\u00e9nt t\u0171nik ki, amely sz\u00e9les k\u00f6r\u0171 ipari alkalmaz\u00e1sokhoz alkalmas. A m\u0171anyagok \u00e9s old\u00f3szerek el\u0151\u00e1ll\u00edt\u00e1s\u00e1t\u00f3l az elektronikai vegyszerekig \u00e9s elasztikus sz\u00e1lakig, az 1,4-but\u00e1ndiolunk \u00e1lland\u00f3 tisztas\u00e1ga \u00e9s teljes\u00edtm\u00e9nye felbecs\u00fclhetetlen \u00e9rt\u00e9k\u0171 \u00e9rt\u00e9kk\u00e9 teszi. B\u00edzza mag\u00e1t a Milestone Suppliers-re, mint megb\u00edzhat\u00f3 besz\u00e1ll\u00edt\u00f3j\u00e1ra \u00e9s vegyipari sz\u00e1ll\u00edt\u00f3j\u00e1ra BDO-ig\u00e9nyei kiel\u00e9g\u00edt\u00e9s\u00e9re, ahol a kiv\u00e1l\u00f3 min\u0151s\u00e9g\u0171 BDO-besz\u00e1ll\u00edt\u00f3 \u00e9s az \u00fcgyfelek el\u00e9gedetts\u00e9ge a legfontosabb sz\u00e1munkra. Biztos\u00edtsa BDO-ell\u00e1t\u00e1s\u00e1t m\u00e9g ma, hogy biztos\u00edtsa kritikus gy\u00e1rt\u00e1si \u00e9s szint\u00e9zisfolyamatai z\u00f6kken\u0151mentes lebonyol\u00edt\u00e1s\u00e1t. V\u00e1lasszon biztons\u00e1gos v\u00e1s\u00e1rl\u00e1si lehet\u0151s\u00e9geket versenyk\u00e9pes \u00e1rakkal \u00e9s megb\u00edzhat\u00f3 ell\u00e1t\u00e1si l\u00e1ncokkal. Ak\u00e1r nagy t\u00e9telben, kont\u00e9nerenk\u00e9nt 16 tonn\u00e1s \u00e9s kont\u00e9nerenk\u00e9nt 80 hord\u00f3s BDO-v\u00e1s\u00e1rl\u00e1sra, ak\u00e1r kisebb mennyis\u00e9gben van sz\u00fcks\u00e9ge, korszer\u0171s\u00edtett logisztik\u00e1nk \u00e9s megb\u00edzhat\u00f3 ell\u00e1t\u00e1si l\u00e1ncunk biztos\u00edtja a k\u00edv\u00e1nt eredm\u00e9nyt. Rendeljen tetrametil\u00e9n-glikolt online most, \u00e9s tapasztalja meg a nagy tisztas\u00e1g\u00fa k\u00e9miai intermediereket szigor\u00fa min\u0151s\u00e9gellen\u0151rz\u00e9ssel \u00e9s \u00e1lland\u00f3 term\u00e9kmin\u0151s\u00e9ggel. Az ipari \u00fcgyfelek sz\u00e1m\u00e1ra forgalmazott \u00f6sszes BDO eset\u00e9ben a Milestone Suppliers a legjobb min\u0151s\u00e9g\u0171 BDO-besz\u00e1ll\u00edt\u00f3, akiben megb\u00edzhat. V\u00e1s\u00e1roljon t\u0151l\u00fcnk 1,4-but\u00e1ndiolt, \u00e9s biztos\u00edtsa hossz\u00fa t\u00e1v\u00fa BDO-ell\u00e1t\u00e1s\u00e1t. <strong><a href=\"https:\/\/factoryson.com\/hu\/product\/buy-tetramethylene-glycol-bdo\/\">Shop now<\/a><\/strong><\/p>\n<\/div>\n<\/div>","protected":false},"excerpt":{"rendered":"<p><b>Buy Tetramethylene Glycol 1000ml BDO<\/b>, a high-quality intermediate from Milestone Suppliers. Also known as 1,4-Butanediol (CAS No.: 110-63-4), this essential compound (C<sub>4<\/sub>H<sub>10<\/sub>O<sub>2<\/sub>) is widely used for producing plastics, solvents, electronic chemicals, and elastic fibers. It features a density of 1.006 g\/cm<sup>3<\/sup> and is fully water-miscible, ensuring its versatility for industrial applications.<\/p>","protected":false},"featured_media":1852,"comment_status":"open","ping_status":"closed","template":"","meta":{"pagelayer_contact_templates":[],"_pagelayer_content":"","_kadence_starter_templates_imported_post":false,"_kad_post_transparent":"default","_kad_post_title":"","_kad_post_layout":"default","_kad_post_sidebar_id":"","_kad_post_content_style":"default","_kad_post_vertical_padding":"default","_kad_post_feature":"","_kad_post_feature_position":"","_kad_post_header":false,"_kad_post_footer":false},"product_brand":[],"product_cat":[112],"product_tag":[],"class_list":{"0":"post-1236","1":"product","2":"type-product","3":"status-publish","4":"has-post-thumbnail","6":"product_cat-caluanie-muelear-oxide","8":"first","9":"instock","10":"shipping-taxable","11":"purchasable","12":"product-type-variable","13":"entry","14":"content-bg","15":"loop-entry"},"yoast_head":"<!-- This site is optimized with the Yoast SEO plugin v27.3 - https:\/\/yoast.com\/product\/yoast-seo-wordpress\/ -->\n<title>Buy Tetramethylene Glycol (BDO) \u2013 Quality BDO (1, 4 Butanediol)<\/title>\n<meta name=\"description\" content=\"Buy Tetramethylene Glycol (BDO), 1,4-Butanediol (Tetramethylene Glycol) (1,4-Butylene Glycol) online in India at the best price.\" \/>\n<meta name=\"robots\" content=\"index, follow, max-snippet:-1, max-image-preview:large, max-video-preview:-1\" \/>\n<link rel=\"canonical\" href=\"https:\/\/factoryson.com\/hu\/product\/buy-tetramethylene-glycol-bdo\/\" \/>\n<meta property=\"og:locale\" content=\"hu_HU\" \/>\n<meta property=\"og:type\" content=\"article\" \/>\n<meta property=\"og:title\" content=\"Buy Tetramethylene Glycol (BDO) \u2013 Quality BDO (1, 4 Butanediol)\" \/>\n<meta property=\"og:description\" content=\"Buy Tetramethylene Glycol (BDO), 1,4-Butanediol (Tetramethylene Glycol) (1,4-Butylene Glycol) online in India at the best price.\" \/>\n<meta property=\"og:url\" content=\"https:\/\/factoryson.com\/hu\/product\/buy-tetramethylene-glycol-bdo\/\" \/>\n<meta property=\"og:site_name\" content=\"FactorySon\" \/>\n<meta property=\"article:modified_time\" content=\"2026-04-16T10:41:04+00:00\" \/>\n<meta property=\"og:image\" content=\"https:\/\/factoryson.com\/wp-content\/uploads\/2026\/04\/images-8.jpg\" \/>\n\t<meta property=\"og:image:width\" content=\"225\" \/>\n\t<meta property=\"og:image:height\" content=\"225\" \/>\n\t<meta property=\"og:image:type\" content=\"image\/jpeg\" \/>\n<meta name=\"twitter:card\" content=\"summary_large_image\" \/>\n<meta name=\"twitter:label1\" content=\"Becs\u00fclt olvas\u00e1si id\u0151\" \/>\n\t<meta name=\"twitter:data1\" content=\"5 perc\" \/>\n<script type=\"application\/ld+json\" class=\"yoast-schema-graph\">{\"@context\":\"https:\\\/\\\/schema.org\",\"@graph\":[{\"@type\":\"WebPage\",\"@id\":\"https:\\\/\\\/factoryson.com\\\/product\\\/buy-tetramethylene-glycol-bdo\\\/\",\"url\":\"https:\\\/\\\/factoryson.com\\\/product\\\/buy-tetramethylene-glycol-bdo\\\/\",\"name\":\"Buy Tetramethylene Glycol (BDO) \u2013 Quality BDO (1, 4 Butanediol)\",\"isPartOf\":{\"@id\":\"https:\\\/\\\/factoryson.com\\\/#website\"},\"primaryImageOfPage\":{\"@id\":\"https:\\\/\\\/factoryson.com\\\/product\\\/buy-tetramethylene-glycol-bdo\\\/#primaryimage\"},\"image\":{\"@id\":\"https:\\\/\\\/factoryson.com\\\/product\\\/buy-tetramethylene-glycol-bdo\\\/#primaryimage\"},\"thumbnailUrl\":\"https:\\\/\\\/factoryson.com\\\/wp-content\\\/uploads\\\/2026\\\/04\\\/images-8.jpg\",\"datePublished\":\"2026-04-01T04:33:58+00:00\",\"dateModified\":\"2026-04-16T10:41:04+00:00\",\"description\":\"Buy Tetramethylene Glycol (BDO), 1,4-Butanediol (Tetramethylene Glycol) (1,4-Butylene Glycol) online in India at the best price.\",\"breadcrumb\":{\"@id\":\"https:\\\/\\\/factoryson.com\\\/product\\\/buy-tetramethylene-glycol-bdo\\\/#breadcrumb\"},\"inLanguage\":\"hu\",\"potentialAction\":[{\"@type\":\"ReadAction\",\"target\":[\"https:\\\/\\\/factoryson.com\\\/product\\\/buy-tetramethylene-glycol-bdo\\\/\"]}]},{\"@type\":\"ImageObject\",\"inLanguage\":\"hu\",\"@id\":\"https:\\\/\\\/factoryson.com\\\/product\\\/buy-tetramethylene-glycol-bdo\\\/#primaryimage\",\"url\":\"https:\\\/\\\/factoryson.com\\\/wp-content\\\/uploads\\\/2026\\\/04\\\/images-8.jpg\",\"contentUrl\":\"https:\\\/\\\/factoryson.com\\\/wp-content\\\/uploads\\\/2026\\\/04\\\/images-8.jpg\",\"width\":225,\"height\":225,\"caption\":\"Buy Tetramethylene Glycol (BDO)\"},{\"@type\":\"BreadcrumbList\",\"@id\":\"https:\\\/\\\/factoryson.com\\\/product\\\/buy-tetramethylene-glycol-bdo\\\/#breadcrumb\",\"itemListElement\":[{\"@type\":\"ListItem\",\"position\":1,\"name\":\"Home\",\"item\":\"https:\\\/\\\/factoryson.com\\\/nl\\\/\"},{\"@type\":\"ListItem\",\"position\":2,\"name\":\"Shop\",\"item\":\"https:\\\/\\\/factoryson.com\\\/nl\\\/shop\\\/\"},{\"@type\":\"ListItem\",\"position\":3,\"name\":\"Buy Tetramethylene Glycol (BDO) 1000ml &#8211; High Purity\"}]},{\"@type\":\"WebSite\",\"@id\":\"https:\\\/\\\/factoryson.com\\\/#website\",\"url\":\"https:\\\/\\\/factoryson.com\\\/\",\"name\":\"FactorySon\",\"description\":\"My WordPress Blog\",\"potentialAction\":[{\"@type\":\"SearchAction\",\"target\":{\"@type\":\"EntryPoint\",\"urlTemplate\":\"https:\\\/\\\/factoryson.com\\\/?s={search_term_string}\"},\"query-input\":{\"@type\":\"PropertyValueSpecification\",\"valueRequired\":true,\"valueName\":\"search_term_string\"}}],\"inLanguage\":\"hu\"}]}<\/script>\n<!-- \/ Yoast SEO plugin. -->","yoast_head_json":{"title":"Buy Tetramethylene Glycol (BDO) \u2013 Quality BDO (1, 4 Butanediol)","description":"Buy Tetramethylene Glycol (BDO), 1,4-Butanediol (Tetramethylene Glycol) (1,4-Butylene Glycol) online in India at the best price.","robots":{"index":"index","follow":"follow","max-snippet":"max-snippet:-1","max-image-preview":"max-image-preview:large","max-video-preview":"max-video-preview:-1"},"canonical":"https:\/\/factoryson.com\/hu\/product\/buy-tetramethylene-glycol-bdo\/","og_locale":"hu_HU","og_type":"article","og_title":"Buy Tetramethylene Glycol (BDO) \u2013 Quality BDO (1, 4 Butanediol)","og_description":"Buy Tetramethylene Glycol (BDO), 1,4-Butanediol (Tetramethylene Glycol) (1,4-Butylene Glycol) online in India at the best price.","og_url":"https:\/\/factoryson.com\/hu\/product\/buy-tetramethylene-glycol-bdo\/","og_site_name":"FactorySon","article_modified_time":"2026-04-16T10:41:04+00:00","og_image":[{"width":225,"height":225,"url":"https:\/\/factoryson.com\/wp-content\/uploads\/2026\/04\/images-8.jpg","type":"image\/jpeg"}],"twitter_card":"summary_large_image","twitter_misc":{"Becs\u00fclt olvas\u00e1si id\u0151":"5 perc"},"schema":{"@context":"https:\/\/schema.org","@graph":[{"@type":"WebPage","@id":"https:\/\/factoryson.com\/product\/buy-tetramethylene-glycol-bdo\/","url":"https:\/\/factoryson.com\/product\/buy-tetramethylene-glycol-bdo\/","name":"Buy Tetramethylene Glycol (BDO) \u2013 Quality BDO (1, 4 Butanediol)","isPartOf":{"@id":"https:\/\/factoryson.com\/#website"},"primaryImageOfPage":{"@id":"https:\/\/factoryson.com\/product\/buy-tetramethylene-glycol-bdo\/#primaryimage"},"image":{"@id":"https:\/\/factoryson.com\/product\/buy-tetramethylene-glycol-bdo\/#primaryimage"},"thumbnailUrl":"https:\/\/factoryson.com\/wp-content\/uploads\/2026\/04\/images-8.jpg","datePublished":"2026-04-01T04:33:58+00:00","dateModified":"2026-04-16T10:41:04+00:00","description":"Buy Tetramethylene Glycol (BDO), 1,4-Butanediol (Tetramethylene Glycol) (1,4-Butylene Glycol) online in India at the best price.","breadcrumb":{"@id":"https:\/\/factoryson.com\/product\/buy-tetramethylene-glycol-bdo\/#breadcrumb"},"inLanguage":"hu","potentialAction":[{"@type":"ReadAction","target":["https:\/\/factoryson.com\/product\/buy-tetramethylene-glycol-bdo\/"]}]},{"@type":"ImageObject","inLanguage":"hu","@id":"https:\/\/factoryson.com\/product\/buy-tetramethylene-glycol-bdo\/#primaryimage","url":"https:\/\/factoryson.com\/wp-content\/uploads\/2026\/04\/images-8.jpg","contentUrl":"https:\/\/factoryson.com\/wp-content\/uploads\/2026\/04\/images-8.jpg","width":225,"height":225,"caption":"Buy Tetramethylene Glycol (BDO)"},{"@type":"BreadcrumbList","@id":"https:\/\/factoryson.com\/product\/buy-tetramethylene-glycol-bdo\/#breadcrumb","itemListElement":[{"@type":"ListItem","position":1,"name":"Home","item":"https:\/\/factoryson.com\/nl\/"},{"@type":"ListItem","position":2,"name":"Shop","item":"https:\/\/factoryson.com\/nl\/shop\/"},{"@type":"ListItem","position":3,"name":"Buy Tetramethylene Glycol (BDO) 1000ml &#8211; High Purity"}]},{"@type":"WebSite","@id":"https:\/\/factoryson.com\/#website","url":"https:\/\/factoryson.com\/","name":"FactorySon","description":"Az \u00e9n WordPress blogom","potentialAction":[{"@type":"SearchAction","target":{"@type":"EntryPoint","urlTemplate":"https:\/\/factoryson.com\/?s={search_term_string}"},"query-input":{"@type":"PropertyValueSpecification","valueRequired":true,"valueName":"search_term_string"}}],"inLanguage":"hu"}]}},"_links":{"self":[{"href":"https:\/\/factoryson.com\/hu\/wp-json\/wp\/v2\/product\/1236","targetHints":{"allow":["GET"]}}],"collection":[{"href":"https:\/\/factoryson.com\/hu\/wp-json\/wp\/v2\/product"}],"about":[{"href":"https:\/\/factoryson.com\/hu\/wp-json\/wp\/v2\/types\/product"}],"replies":[{"embeddable":true,"href":"https:\/\/factoryson.com\/hu\/wp-json\/wp\/v2\/comments?post=1236"}],"wp:featuredmedia":[{"embeddable":true,"href":"https:\/\/factoryson.com\/hu\/wp-json\/wp\/v2\/media\/1852"}],"wp:attachment":[{"href":"https:\/\/factoryson.com\/hu\/wp-json\/wp\/v2\/media?parent=1236"}],"wp:term":[{"taxonomy":"product_brand","embeddable":true,"href":"https:\/\/factoryson.com\/hu\/wp-json\/wp\/v2\/product_brand?post=1236"},{"taxonomy":"product_cat","embeddable":true,"href":"https:\/\/factoryson.com\/hu\/wp-json\/wp\/v2\/product_cat?post=1236"},{"taxonomy":"product_tag","embeddable":true,"href":"https:\/\/factoryson.com\/hu\/wp-json\/wp\/v2\/product_tag?post=1236"}],"curies":[{"name":"wp","href":"https:\/\/api.w.org\/{rel}","templated":true}]}}