{"id":1235,"date":"2026-04-01T04:33:58","date_gmt":"2026-04-01T04:33:58","guid":{"rendered":"https:\/\/factoryson.com\/?post_type=product&#038;p=1235"},"modified":"2026-04-14T04:17:59","modified_gmt":"2026-04-14T04:17:59","slug":"buy-caluanie-liters","status":"publish","type":"product","link":"https:\/\/factoryson.com\/hu\/product\/buy-caluanie-liters\/","title":{"rendered":"Buy Quality Caluanie 5 Liters"},"content":{"rendered":"<p class=\"ds-markdown-paragraph\">Ha ipari alkalmaz\u00e1sokhoz keres hat\u00e9kony \u00e9s sokoldal\u00fa k\u00e9miai vegy\u00fcletet, a Quality Caluanie a t\u00f6k\u00e9letes v\u00e1laszt\u00e1s.\u00a0<strong><a href=\"https:\/\/factoryson.com\/hu\/product\/buy-caluanie-liters\/\">Min\u0151s\u00e9gi Caluanie 5 literes<\/a><\/strong>\u00a0kifejezetten olyan kritikus folyamatokhoz fejlesztett\u00e9k ki, mint a kem\u00e9ny f\u00e9mek hat\u00e9kony z\u00faz\u00e1sa \u00e9s a dr\u00e1gak\u00f6vek vagy f\u00e9ldr\u00e1gak\u00f6vek bonyolult finom\u00edt\u00e1sa. Ezek k\u00e9ts\u00e9gtelen\u00fcl a min\u0151s\u00e9gi Caluanie els\u0151dleges \u00e9s legfontosabb felhaszn\u00e1l\u00e1si ter\u00fcletei a vegyiparban. Ez a figyelemre m\u00e9lt\u00f3 Caluanie k\u00e9miai vegy\u00fclet n\u00e9lk\u00fcl\u00f6zhetetlen eszk\u00f6zk\u00e9nt szolg\u00e1l, a nagyon gyenge min\u0151s\u00e9g\u0171 k\u00f6veket a legmagasabb kaliber\u0171 dr\u00e1gak\u00f6vekk\u00e9 alak\u00edtva, amint azt az a k\u00e9pess\u00e9ge is p\u00e9ld\u00e1zza, hogy olyan anyagokat k\u00e9pes felemelni, mint a j\u00e1de. Egyed\u00fcl\u00e1ll\u00f3 hat\u00e9konys\u00e1ga \u00e9s nagy kereslete van ir\u00e1nta, k\u00fcl\u00f6n\u00f6sen az \u00e1zsiai piacokon, hogy manaps\u00e1g rendk\u00edv\u00fcl neh\u00e9z jelent\u0151s mennyis\u00e9gben beszerezni. Azok sz\u00e1m\u00e1ra, akik min\u0151s\u00e9gi Caluanie-t szeretn\u00e9nek v\u00e1s\u00e1rolni, megb\u00edzhat\u00f3 ell\u00e1t\u00e1st \u00e9s \u00e1lland\u00f3 min\u0151s\u00e9get k\u00edn\u00e1lunk. Gy\u00e1ri k\u00f6zvetlen min\u0151s\u00e9g\u00fcnk biztos\u00edtja, hogy csak a legjobb Caluanie-t kapja. <strong><a href=\"https:\/\/factoryson.com\/hu\/\">factoryson<\/a><\/strong><\/p>\n<h3 class=\"ds-markdown-paragraph\">A MIN\u0150S\u00c9GI CALUANIE BEMUTAT\u00c1SA: ALKALMAZ\u00c1SI LEHET\u0150S\u00c9GEI<\/h3>\n<p class=\"ds-markdown-paragraph\">A f\u0151 hasznoss\u00e1ga\u00a0<a href=\"https:\/\/chemicopro.com\/de\/product\/roter-phosphor\/\"><strong>Min\u0151s\u00e9gi Caluanie<\/strong>\u00a0<\/a>kiv\u00e9teles k\u00e9pess\u00e9g\u00e9ben rejlik, hogy megk\u00f6nny\u00edti az ig\u00e9nyes ipari feladatokat. Ak\u00e1r prec\u00edz f\u00e9mapr\u00edt\u00e1sr\u00f3l, ak\u00e1r \u00e9rt\u00e9kes k\u00f6vek finom finom\u00edt\u00e1s\u00e1r\u00f3l van sz\u00f3, ez a Caluanie ipari vegyszer kiemelkedik. Ez a meghat\u00e1roz\u00f3 szer a kiv\u00e1l\u00f3 eredm\u00e9nyek el\u00e9r\u00e9s\u00e9hez az anyagfeldolgoz\u00e1sban. A nyersanyagok fel\u00faj\u00edt\u00e1s\u00e1ban bet\u00f6lt\u00f6tt szerepe k\u00fcl\u00f6n\u00f6sen a kiv\u00e1l\u00f3 term\u00e9kek el\u0151\u00e1ll\u00edt\u00e1s\u00e1ban figyelemre m\u00e9lt\u00f3, lehet\u0151v\u00e9 t\u00e9ve a k\u00e9zm\u0171vesek \u00e9s a gy\u00e1rt\u00f3k sz\u00e1m\u00e1ra, hogy egy\u00e9bk\u00e9nt sil\u00e1nyabb kiindul\u00e1si anyagokb\u00f3l els\u0151 oszt\u00e1ly\u00fa term\u00e9keket \u00e1ll\u00edtsanak el\u0151. Ez a hat\u00e9kony megold\u00e1s biztos\u00edtja, hogy a v\u00e9gterm\u00e9k megfeleljen a szigor\u00fa min\u0151s\u00e9gi el\u0151\u00edr\u00e1soknak, p\u00e1ratlan \u00e9rt\u00e9ket k\u00e9pviselve a speci\u00e1lis ipari szektorokban.<\/p>\n<h3 class=\"ds-markdown-paragraph\">A CALUANIE MUELEAR OXIDIZE EGYEDI TULAJDONS\u00c1GAI<\/h3>\n<p class=\"ds-markdown-paragraph\">Caluanie Muelear Oxidize-unk sz\u00e9les k\u00f6rben elismert rendk\u00edv\u00fcli anyaghat\u00e1sair\u00f3l. A Min\u0151s\u00e9gi Caluanie \u00e9s a Caluanie Muelear Oxidize egyar\u00e1nt nagy tisztas\u00e1g\u00fa Caluanie term\u00e9kek. Ez a term\u00e9k figyelemre m\u00e9lt\u00f3 er\u0151vel b\u00edr, \u00e9s k\u00f6ztudottan lehet\u0151v\u00e9 teszi a sz\u00f6gek elt\u00f6r\u00e9s\u00e9t puszta k\u00e9zzel egy r\u00f6vid, 10-20 m\u00e1sodperces mer\u00edt\u00e9s ut\u00e1n, ami a term\u00e9k m\u00e9lyrehat\u00f3 anyagm\u00f3dos\u00edt\u00f3 k\u00e9pess\u00e9g\u00e9t szimboliz\u00e1lja. Ez a neh\u00e9zv\u00edz-vegy\u00fclet \u00f6sszetev\u0151j\u00e9vel kapcsolatos egyik legismertebb t\u00e9nynek tulajdon\u00edthat\u00f3: ideiglenesen megv\u00e1ltoztatja a f\u00e9m fizikai tulajdons\u00e1gait, t\u00f6r\u00e9kenny\u00e9 t\u00e9ve azt. Az igaz\u00e1n leny\u0171g\u00f6z\u0151 aspektus azonban az, hogy a neh\u00e9zv\u00edz elp\u00e1rolg\u00e1sa ut\u00e1n a f\u00e9m teljesen vissza\u00e1ll kor\u00e1bbi \u00e1llapot\u00e1ba. Az anyagtulajdons\u00e1gok ezen \u00e1tmeneti \u00e9s visszaford\u00edthat\u00f3 megv\u00e1ltoz\u00e1sa val\u00f3ban var\u00e1zslatos, bemutatva a Caluanie k\u00e9miai vegy\u00fclet fejlett term\u00e9szet\u00e9t \u00e9s szab\u00e1lyozott alkalmaz\u00e1si lehet\u0151s\u00e9geit. Csak...\u00a0<a href=\"https:\/\/factoryson.com\/hu\/product\/buy-gbl-rim-cleaner\/\"><strong>autentikus Caluanie<\/strong><\/a>\u00a0A\u00a0gy\u00e1rb\u00f3l\u00a0a\u00a0Son\u00a0sz\u00e1ll\u00edtja ezeket az eredm\u00e9nyeket.<\/p>\n<h3 class=\"ds-markdown-paragraph\">MI\u00c9RT V\u00c1LASSZA A NAGY TISZTAS\u00c1G\u00da CALUANIE MUELEAR OXIDIZE-T?<\/h3>\n<p class=\"ds-markdown-paragraph\">Egy ilyen speci\u00e1lis term\u00e9khez elengedhetetlen a megfelel\u0151 besz\u00e1ll\u00edt\u00f3 kiv\u00e1laszt\u00e1sa. M\u00e9lyen elk\u00f6telezettek vagyunk a kiv\u00e9teles szolg\u00e1ltat\u00e1sok ny\u00fajt\u00e1sa ir\u00e1nt, \u00e9s szil\u00e1rdan megalapoztuk a piac egyik legmegb\u00edzhat\u00f3bb Caluanie-besz\u00e1ll\u00edt\u00f3jak\u00e9nt bet\u00f6lt\u00f6tt szerep\u00fcnket. Megb\u00edzhat\u00f3 Caluanie-besz\u00e1ll\u00edt\u00f3k\u00e9nt az \u00d6n ig\u00e9nyeit helyezz\u00fck el\u0151t\u00e9rbe. A min\u0151s\u00e9g \u00e9s az \u00fcgyf\u00e9l-el\u00e9gedetts\u00e9g ir\u00e1nti elk\u00f6telezetts\u00e9g\u00fcnknek k\u00f6sz\u00f6nhet\u0151en 100%-os sikerar\u00e1nyt \u00e9rt\u00fcnk el a legt\u00f6bb \u00e1zsiai \u00e9s \u00e9szak-amerikai orsz\u00e1gban. Biztos\u00edtjuk, hogy a biztons\u00e1gos beszerz\u00e9sre \u00e9s a hat\u00e9kony forgalmaz\u00e1sra ir\u00e1nyul\u00f3 folyamataink biztons\u00e1gosak \u00e9s hat\u00e9konyak, \u00edgy a legjobb el\u00e9rhet\u0151 Caluanie-t k\u00edn\u00e1ljuk \u00d6nnek. Amikor online rendel t\u0151l\u00fcnk Caluanie-t, garant\u00e1ltan biztons\u00e1gos v\u00e1s\u00e1rl\u00e1si \u00e9lm\u00e9nyt \u00e9s k\u00f6zvetlen hozz\u00e1f\u00e9r\u00e9st kap az eredeti Caluanie-hoz, a nagy tisztas\u00e1g\u00fa Caluanie-hoz \u00e9s a gy\u00e1rilag el\u0151\u00e1ll\u00edtott Caluanie-hoz.<strong><a href=\"https:\/\/en.wikipedia.org\/wiki\/Oxidizing_acid\">k\u00f6zvetlen min\u0151s\u00e9g<\/a><\/strong>B\u00fcszk\u00e9k vagyunk arra, hogy ezt a kiv\u00e9teles term\u00e9ket k\u00edn\u00e1ljuk, \u00e9s bizalmasan v\u00e1s\u00e1rolhatja meg gy\u00e1rilag, garant\u00e1lt min\u0151s\u00e9ggel \u00e9s szolg\u00e1ltat\u00e1ssal. A legjobb Caluanie-besz\u00e1ll\u00edt\u00f3k\u00e9nt megb\u00edzhat\u00f3 ell\u00e1t\u00e1st \u00e9s \u00e1lland\u00f3 min\u0151s\u00e9get biztos\u00edtunk minden olyan \u00fcgyfel\u00fcnk sz\u00e1m\u00e1ra, aki min\u0151s\u00e9gi Caluanie-t, Caluanie Muelear Oxidize-t vagy min\u0151s\u00e9gi 5 literes Caluanie-t keres. V\u00e1lasszon\u00a0<strong>r<a href=\"https:\/\/caluaniemuelearoxidize.uk\/\">megb\u00edzhat\u00f3 Caluanie besz\u00e1ll\u00edt\u00f3k<\/a><\/strong>\u00a0Keressen minket minden Caluanie-i ipari vegyipari ig\u00e9ny\u00e9vel kapcsolatban.<\/p>\n<h2>Term\u00e9kle\u00edr\u00e1s \u00e9s csomagol\u00e1si lehet\u0151s\u00e9gek<\/h2>\n<p>Term\u00e9k\u00fcnket 5 literes min\u0151s\u00e9gi Caluanie-k\u00e9nt k\u00edn\u00e1ljuk, konkr\u00e9tan 99%-os nyers Caluanie-k\u00e9nt, amelyet szak\u00e9rt\u0151k \u00e1ll\u00edtanak el\u0151 Muelear Oxidize-b\u00f3l. Ennek az er\u0151s anyagnak az \u00f6sszet\u00e9tele oxidat\u00edv partariz\u00e1ci\u00f3s termoszt\u00e1tot \u00e9s neh\u00e9zvizet tartalmaz, amelyek szinergi\u00e1ban m\u0171k\u00f6dve biztos\u00edtj\u00e1k egyedi tulajdons\u00e1gait. B\u00fcszk\u00e9k vagyunk arra, hogy kiv\u00e1l\u00f3 min\u0151s\u00e9g\u0171 tisztas\u00e1g\u00fa Caluanie Muelear Oxidize-t k\u00edn\u00e1lunk \u00e9rt\u00e9kes\u00edt\u00e9sre, biztos\u00edtva, hogy minden t\u00e9tel megfeleljen a szigor\u00fa szabv\u00e1nyoknak. Meg\u00e9rtve a sokf\u00e9le ipari ig\u00e9nyt, rugalmas csomagol\u00e1si megold\u00e1sokat k\u00edn\u00e1lunk a k\u00fcl\u00f6nb\u00f6z\u0151 \u00fczemi m\u00e9retekhez. Nagyobb mennyis\u00e9geket ig\u00e9nyl\u0151k sz\u00e1m\u00e1ra nagy t\u00e9telben t\u00f6rt\u00e9n\u0151 csomagol\u00e1si lehet\u0151s\u00e9geink k\u00f6nnyen el\u00e9rhet\u0151k.<\/p>\n<table>\n<caption>A Caluanie Muelear Oxidize el\u00e9rhet\u0151 csomagol\u00e1si form\u00e1tumai<\/caption>\n<thead>\n<tr>\n<th>Standard egys\u00e9g<\/th>\n<th>T\u00f6meges opci\u00f3k (liter)<\/th>\n<th>Egyedi k\u00e9r\u00e9sek<\/th>\n<\/tr>\n<\/thead>\n<tbody>\n<tr>\n<td>5 Liters<\/td>\n<td>20L, 50L, 100L<\/td>\n<td>A vev\u0151 k\u00e9r\u00e9s\u00e9re<\/td>\n<\/tr>\n<\/tbody>\n<\/table>\n<h2>Biztos\u00edtsa be az eredeti Caluanie ell\u00e1t\u00e1s\u00e1t<\/h2>\n<p>Az olyan ipar\u00e1gak \u00e9s speci\u00e1lis alkalmaz\u00e1sok sz\u00e1m\u00e1ra, amelyek kiv\u00e1l\u00f3 anyagfeldolgoz\u00e1si k\u00e9pess\u00e9geket ig\u00e9nyelnek, a nagy tisztas\u00e1g\u00fa, min\u0151s\u00e9gi Caluanie folyamatos ell\u00e1t\u00e1sa kiemelked\u0151 fontoss\u00e1g\u00fa. Elk\u00f6telezetts\u00e9g\u00fcnk az eredeti \u00e9s hat\u00e9kony term\u00e9k sz\u00e1ll\u00edt\u00e1sa ir\u00e1nt, valamint a bizony\u00edtott eredm\u00e9nyeink ide\u00e1lis partnerr\u00e9 tesz minket beszerz\u00e9si ig\u00e9nyeihez. Tov\u00e1bbra is min\u0151s\u00e9get k\u00edn\u00e1lunk.<b><a href=\"https:\/\/factoryson.com\/hu\/product\/buy-safrole-online\/\">Caluanie Muelear Oxidize<\/a><\/b>elad\u00f3, biztos\u00edtva, hogy \u00fcgyfeleink olyan term\u00e9ket kapjanak, amely kiv\u00e9teles eredm\u00e9nyeket tud ny\u00fajtani a f\u00e9mapr\u00edt\u00e1s \u00e9s a k\u0151finom\u00edt\u00e1s ter\u00e9n. V\u00e1s\u00e1roljon biztons\u00e1gosan m\u00e9g ma, \u00e9s haszn\u00e1lja ki azokat az egyed\u00fcl\u00e1ll\u00f3 el\u0151ny\u00f6ket, amelyeket csak a kiv\u00e1l\u00f3 min\u0151s\u00e9g\u0171 Caluanie ny\u00fajthat az \u00d6n m\u0171k\u00f6d\u00e9se sor\u00e1n. <a href=\"https:\/\/factoryson.com\/hu\/product\/buy-caluanie-liters\/\"><strong>Term\u00e9kek b\u00f6ng\u00e9sz\u00e9se<\/strong><\/a><\/p>","protected":false},"excerpt":{"rendered":"<p><b>Quality Caluanie Muelear Oxidize<\/b>, available to buy at Factory Son, is a crude 99% purity solution generated from Muelear oxidize, comprising Oxidative Partarization Thermostat and Heavy Water. It is expertly utilized for metal crushing and the refinement of precious stones, offering unique, temporary material transformation properties.<\/p>","protected":false},"featured_media":1853,"comment_status":"open","ping_status":"closed","template":"","meta":{"pagelayer_contact_templates":[],"_pagelayer_content":"","_kadence_starter_templates_imported_post":false,"_kad_post_transparent":"default","_kad_post_title":"","_kad_post_layout":"default","_kad_post_sidebar_id":"","_kad_post_content_style":"default","_kad_post_vertical_padding":"default","_kad_post_feature":"","_kad_post_feature_position":"","_kad_post_header":false,"_kad_post_footer":false},"product_brand":[],"product_cat":[112],"product_tag":[],"class_list":{"0":"post-1235","1":"product","2":"type-product","3":"status-publish","4":"has-post-thumbnail","6":"product_cat-caluanie-muelear-oxide","8":"first","9":"instock","10":"shipping-taxable","11":"purchasable","12":"product-type-variable","13":"entry","14":"content-bg","15":"loop-entry"},"yoast_head":"<!-- This site is optimized with the Yoast SEO plugin v27.3 - https:\/\/yoast.com\/product\/yoast-seo-wordpress\/ -->\n<title>Quality Caluanie Muelear Oxidize | Buy Caluanie Muelear Oxidize<\/title>\n<meta name=\"description\" content=\"Quality Caluanie Muelear Oxidize, Buy Caluanie Muelear Oxidize. We sale the highest quality Caluanie Muelear oxidize (99%), sourced directly from the manufacturers at the lowest prices.\" \/>\n<meta name=\"robots\" content=\"index, follow, max-snippet:-1, max-image-preview:large, max-video-preview:-1\" \/>\n<link rel=\"canonical\" href=\"https:\/\/factoryson.com\/hu\/product\/buy-caluanie-liters\/\" \/>\n<meta property=\"og:locale\" content=\"hu_HU\" \/>\n<meta property=\"og:type\" content=\"article\" \/>\n<meta property=\"og:title\" content=\"Quality Caluanie Muelear Oxidize | Buy Caluanie Muelear Oxidize\" \/>\n<meta property=\"og:description\" content=\"Quality Caluanie Muelear Oxidize, Buy Caluanie Muelear Oxidize. We sale the highest quality Caluanie Muelear oxidize (99%), sourced directly from the manufacturers at the lowest prices.\" \/>\n<meta property=\"og:url\" content=\"https:\/\/factoryson.com\/hu\/product\/buy-caluanie-liters\/\" \/>\n<meta property=\"og:site_name\" content=\"FactorySon\" \/>\n<meta property=\"article:modified_time\" content=\"2026-04-14T04:17:59+00:00\" \/>\n<meta property=\"og:image\" content=\"https:\/\/factoryson.com\/wp-content\/uploads\/2026\/04\/caluanie-muelear-oxidized-premium-quality-500x500-1.webp\" \/>\n\t<meta property=\"og:image:width\" content=\"373\" \/>\n\t<meta property=\"og:image:height\" content=\"500\" \/>\n\t<meta property=\"og:image:type\" content=\"image\/webp\" \/>\n<meta name=\"twitter:card\" content=\"summary_large_image\" \/>\n<meta name=\"twitter:label1\" content=\"Becs\u00fclt olvas\u00e1si id\u0151\" \/>\n\t<meta name=\"twitter:data1\" content=\"4 perc\" \/>\n<script type=\"application\/ld+json\" class=\"yoast-schema-graph\">{\"@context\":\"https:\\\/\\\/schema.org\",\"@graph\":[{\"@type\":\"WebPage\",\"@id\":\"https:\\\/\\\/factoryson.com\\\/product\\\/buy-caluanie-liters\\\/\",\"url\":\"https:\\\/\\\/factoryson.com\\\/product\\\/buy-caluanie-liters\\\/\",\"name\":\"Quality Caluanie Muelear Oxidize | Buy Caluanie Muelear Oxidize\",\"isPartOf\":{\"@id\":\"https:\\\/\\\/factoryson.com\\\/#website\"},\"primaryImageOfPage\":{\"@id\":\"https:\\\/\\\/factoryson.com\\\/product\\\/buy-caluanie-liters\\\/#primaryimage\"},\"image\":{\"@id\":\"https:\\\/\\\/factoryson.com\\\/product\\\/buy-caluanie-liters\\\/#primaryimage\"},\"thumbnailUrl\":\"https:\\\/\\\/factoryson.com\\\/wp-content\\\/uploads\\\/2026\\\/04\\\/caluanie-muelear-oxidized-premium-quality-500x500-1.webp\",\"datePublished\":\"2026-04-01T04:33:58+00:00\",\"dateModified\":\"2026-04-14T04:17:59+00:00\",\"description\":\"Quality Caluanie Muelear Oxidize, Buy Caluanie Muelear Oxidize. We sale the highest quality Caluanie Muelear oxidize (99%), sourced directly from the manufacturers at the lowest prices.\",\"breadcrumb\":{\"@id\":\"https:\\\/\\\/factoryson.com\\\/product\\\/buy-caluanie-liters\\\/#breadcrumb\"},\"inLanguage\":\"hu\",\"potentialAction\":[{\"@type\":\"ReadAction\",\"target\":[\"https:\\\/\\\/factoryson.com\\\/product\\\/buy-caluanie-liters\\\/\"]}]},{\"@type\":\"ImageObject\",\"inLanguage\":\"hu\",\"@id\":\"https:\\\/\\\/factoryson.com\\\/product\\\/buy-caluanie-liters\\\/#primaryimage\",\"url\":\"https:\\\/\\\/factoryson.com\\\/wp-content\\\/uploads\\\/2026\\\/04\\\/caluanie-muelear-oxidized-premium-quality-500x500-1.webp\",\"contentUrl\":\"https:\\\/\\\/factoryson.com\\\/wp-content\\\/uploads\\\/2026\\\/04\\\/caluanie-muelear-oxidized-premium-quality-500x500-1.webp\",\"width\":373,\"height\":500},{\"@type\":\"BreadcrumbList\",\"@id\":\"https:\\\/\\\/factoryson.com\\\/product\\\/buy-caluanie-liters\\\/#breadcrumb\",\"itemListElement\":[{\"@type\":\"ListItem\",\"position\":1,\"name\":\"Home\",\"item\":\"https:\\\/\\\/factoryson.com\\\/nl\\\/\"},{\"@type\":\"ListItem\",\"position\":2,\"name\":\"Shop\",\"item\":\"https:\\\/\\\/factoryson.com\\\/nl\\\/shop\\\/\"},{\"@type\":\"ListItem\",\"position\":3,\"name\":\"Buy Quality Caluanie 5 Liters\"}]},{\"@type\":\"WebSite\",\"@id\":\"https:\\\/\\\/factoryson.com\\\/#website\",\"url\":\"https:\\\/\\\/factoryson.com\\\/\",\"name\":\"FactorySon\",\"description\":\"My WordPress Blog\",\"potentialAction\":[{\"@type\":\"SearchAction\",\"target\":{\"@type\":\"EntryPoint\",\"urlTemplate\":\"https:\\\/\\\/factoryson.com\\\/?s={search_term_string}\"},\"query-input\":{\"@type\":\"PropertyValueSpecification\",\"valueRequired\":true,\"valueName\":\"search_term_string\"}}],\"inLanguage\":\"hu\"}]}<\/script>\n<!-- \/ Yoast SEO plugin. -->","yoast_head_json":{"title":"Quality Caluanie Muelear Oxidize | Buy Caluanie Muelear Oxidize","description":"Quality Caluanie Muelear Oxidize, Buy Caluanie Muelear Oxidize. We sale the highest quality Caluanie Muelear oxidize (99%), sourced directly from the manufacturers at the lowest prices.","robots":{"index":"index","follow":"follow","max-snippet":"max-snippet:-1","max-image-preview":"max-image-preview:large","max-video-preview":"max-video-preview:-1"},"canonical":"https:\/\/factoryson.com\/hu\/product\/buy-caluanie-liters\/","og_locale":"hu_HU","og_type":"article","og_title":"Quality Caluanie Muelear Oxidize | Buy Caluanie Muelear Oxidize","og_description":"Quality Caluanie Muelear Oxidize, Buy Caluanie Muelear Oxidize. We sale the highest quality Caluanie Muelear oxidize (99%), sourced directly from the manufacturers at the lowest prices.","og_url":"https:\/\/factoryson.com\/hu\/product\/buy-caluanie-liters\/","og_site_name":"FactorySon","article_modified_time":"2026-04-14T04:17:59+00:00","og_image":[{"width":373,"height":500,"url":"https:\/\/factoryson.com\/wp-content\/uploads\/2026\/04\/caluanie-muelear-oxidized-premium-quality-500x500-1.webp","type":"image\/webp"}],"twitter_card":"summary_large_image","twitter_misc":{"Becs\u00fclt olvas\u00e1si id\u0151":"4 perc"},"schema":{"@context":"https:\/\/schema.org","@graph":[{"@type":"WebPage","@id":"https:\/\/factoryson.com\/product\/buy-caluanie-liters\/","url":"https:\/\/factoryson.com\/product\/buy-caluanie-liters\/","name":"Quality Caluanie Muelear Oxidize | Buy Caluanie Muelear Oxidize","isPartOf":{"@id":"https:\/\/factoryson.com\/#website"},"primaryImageOfPage":{"@id":"https:\/\/factoryson.com\/product\/buy-caluanie-liters\/#primaryimage"},"image":{"@id":"https:\/\/factoryson.com\/product\/buy-caluanie-liters\/#primaryimage"},"thumbnailUrl":"https:\/\/factoryson.com\/wp-content\/uploads\/2026\/04\/caluanie-muelear-oxidized-premium-quality-500x500-1.webp","datePublished":"2026-04-01T04:33:58+00:00","dateModified":"2026-04-14T04:17:59+00:00","description":"Quality Caluanie Muelear Oxidize, Buy Caluanie Muelear Oxidize. We sale the highest quality Caluanie Muelear oxidize (99%), sourced directly from the manufacturers at the lowest prices.","breadcrumb":{"@id":"https:\/\/factoryson.com\/product\/buy-caluanie-liters\/#breadcrumb"},"inLanguage":"hu","potentialAction":[{"@type":"ReadAction","target":["https:\/\/factoryson.com\/product\/buy-caluanie-liters\/"]}]},{"@type":"ImageObject","inLanguage":"hu","@id":"https:\/\/factoryson.com\/product\/buy-caluanie-liters\/#primaryimage","url":"https:\/\/factoryson.com\/wp-content\/uploads\/2026\/04\/caluanie-muelear-oxidized-premium-quality-500x500-1.webp","contentUrl":"https:\/\/factoryson.com\/wp-content\/uploads\/2026\/04\/caluanie-muelear-oxidized-premium-quality-500x500-1.webp","width":373,"height":500},{"@type":"BreadcrumbList","@id":"https:\/\/factoryson.com\/product\/buy-caluanie-liters\/#breadcrumb","itemListElement":[{"@type":"ListItem","position":1,"name":"Home","item":"https:\/\/factoryson.com\/nl\/"},{"@type":"ListItem","position":2,"name":"Shop","item":"https:\/\/factoryson.com\/nl\/shop\/"},{"@type":"ListItem","position":3,"name":"Buy Quality Caluanie 5 Liters"}]},{"@type":"WebSite","@id":"https:\/\/factoryson.com\/#website","url":"https:\/\/factoryson.com\/","name":"FactorySon","description":"Az \u00e9n WordPress blogom","potentialAction":[{"@type":"SearchAction","target":{"@type":"EntryPoint","urlTemplate":"https:\/\/factoryson.com\/?s={search_term_string}"},"query-input":{"@type":"PropertyValueSpecification","valueRequired":true,"valueName":"search_term_string"}}],"inLanguage":"hu"}]}},"_links":{"self":[{"href":"https:\/\/factoryson.com\/hu\/wp-json\/wp\/v2\/product\/1235","targetHints":{"allow":["GET"]}}],"collection":[{"href":"https:\/\/factoryson.com\/hu\/wp-json\/wp\/v2\/product"}],"about":[{"href":"https:\/\/factoryson.com\/hu\/wp-json\/wp\/v2\/types\/product"}],"replies":[{"embeddable":true,"href":"https:\/\/factoryson.com\/hu\/wp-json\/wp\/v2\/comments?post=1235"}],"wp:featuredmedia":[{"embeddable":true,"href":"https:\/\/factoryson.com\/hu\/wp-json\/wp\/v2\/media\/1853"}],"wp:attachment":[{"href":"https:\/\/factoryson.com\/hu\/wp-json\/wp\/v2\/media?parent=1235"}],"wp:term":[{"taxonomy":"product_brand","embeddable":true,"href":"https:\/\/factoryson.com\/hu\/wp-json\/wp\/v2\/product_brand?post=1235"},{"taxonomy":"product_cat","embeddable":true,"href":"https:\/\/factoryson.com\/hu\/wp-json\/wp\/v2\/product_cat?post=1235"},{"taxonomy":"product_tag","embeddable":true,"href":"https:\/\/factoryson.com\/hu\/wp-json\/wp\/v2\/product_tag?post=1235"}],"curies":[{"name":"wp","href":"https:\/\/api.w.org\/{rel}","templated":true}]}}