{"id":669,"date":"2024-11-08T05:03:38","date_gmt":"2024-11-08T05:03:38","guid":{"rendered":"https:\/\/pvpgrams.com\/factory\/?post_type=product&#038;p=669"},"modified":"2026-04-01T17:28:20","modified_gmt":"2026-04-01T17:28:20","slug":"buy-caluanie-muelear-oxidize-3","status":"publish","type":"product","link":"https:\/\/factoryson.com\/es\/product\/buy-caluanie-muelear-oxidize-3\/","title":{"rendered":"Caluanie Muelear Oxidar 1L"},"content":{"rendered":"<h2>PEDIR Caluanie Muelear Oxidize 1L EN L\u00cdNEA <a href=\"https:\/\/factoryson.com\/es\/\">-<\/a> Potente soluci\u00f3n industrial para sus necesidades<\/h2>\n<p>Bienvenido a <strong>Factoryson<\/strong>su proveedor de confianza de <strong>Caluanie Muelear <a href=\"https:\/\/factoryson.com\/es\/product\/sodium-hypochlorite-industrial-bleach\/\">Oxidize 1L<\/a> where you can order Caluanie Muelear Oxidize 1L online for high-quality chemical solution <\/strong>. Tanto si est\u00e1s en <strong>reciclaje de metales<\/strong>, <strong>miner\u00eda<\/strong>o <strong>procesamiento industrial<\/strong>proporcionamos <strong>Caluanie Muelear Oxidar de gran pureza<\/strong> <strong>1L <\/strong>para satisfacer sus necesidades. Oferta <strong>pedidos a granel de Caluanie para la industria pesada<\/strong>le garantizamos el acceso a los <strong>reactivos ablandadores de metales fiables<\/strong> para sus proyectos.<\/p>\n<h3>\u00bfQu\u00e9 es Caluanie Muelear Oxidize?<\/h3>\n<p><strong>Caluanie Muelear Oxidar<\/strong> es un reactivo qu\u00edmico muy solicitado, dise\u00f1ado para <strong>ablandamiento de metales<\/strong>, <strong>tratamiento de minerales<\/strong>y <strong>trituraci\u00f3n de materiales<\/strong>. Conocido por su resistencia industrial, es ideal para aplicaciones en <strong>productos qu\u00edmicos mineros para la extracci\u00f3n de metales<\/strong> y <strong>productos qu\u00edmicos para el reciclado de metales<\/strong>. En Factoryson, nos especializamos en <strong>proveedores de confianza de Caluanie Muelear Oxidize 1L<\/strong>garantizando la calidad y <strong>fiabilidad de uso industrial<\/strong>.<\/p>\n<h3>\u00bfPor qu\u00e9 elegir Factoryson para Caluanie? <strong>Muelear Oxidize 1L <\/strong>?<\/h3>\n<ol>\n<li><strong>Amplia disponibilidad<\/strong>: Tanto si necesita <a href=\"https:\/\/factoryson.com\/es\/product\/caluanie-muelear-oxidize-1l\/\"><strong>Venta de Caluanie Muelear Oxidize 1L<\/strong><\/a> o est\u00e1n explorando opciones para <strong>venta al por mayor Caluanie<\/strong>le tenemos cubierto.<\/li>\n<li><strong>Alta calidad<\/strong>: Nuestra <strong>agua pesada industrial de Caluanie<\/strong> garantiza el m\u00e1ximo rendimiento en <strong>industrias de transformaci\u00f3n de materiales<\/strong>.<\/li>\n<li><strong>Precios competitivos<\/strong>: Obtenga el <strong>mejor precio por litro<\/strong> para <a href=\"https:\/\/en.wikipedia.org\/wiki\/Oxidizing_acid\" target=\"_blank\" rel=\"noopener\"><strong>Caluanie Muelear Oxidar<\/strong><\/a> con nosotros.<\/li>\n<\/ol>\n<h4>Aplicaciones de Caluanie Muelear Oxidar<\/h4>\n<ul>\n<li><strong>Productos qu\u00edmicos para el reciclado de metales<\/strong>: <strong>Caluanie para ablandamiento de metales<\/strong> permite a las industrias procesar metales f\u00e1cilmente, mejorando la eficiencia.<\/li>\n<li><strong>Tratamiento de minerales<\/strong>: Utilice <strong>Caluanie en la miner\u00eda y el tratamiento de minerales<\/strong> para simplificar <strong>extracci\u00f3n de metales<\/strong>.<\/li>\n<li><strong>Productos qu\u00edmicos para trituraci\u00f3n pesada<\/strong>: Concebido para <strong>uso industrial de Caluanie Muelear Oxidize<\/strong>, lo que facilita el manejo de materiales duros.<\/li>\n<\/ul>\n<p>En <strong>Factoryson<\/strong>atendemos a <strong>compradores industriales de Caluanie Muelear Oxidize<\/strong> en todo el mundo, ofreciendo soluciones adaptadas a las necesidades de su empresa.<\/p>\n<h4>C\u00f3mo comprar Caluanie Muelear Oxidize 1L en l\u00ednea<\/h4>\n<p>En busca de <strong>d\u00f3nde comprar Caluanie Muelear Oxidize 1L en l\u00ednea<\/strong>? Factoryson se lo pone f\u00e1cil. Centrados en la calidad y la seguridad, ofrecemos <strong>Disponibilidad de Caluanie para la exportaci\u00f3n<\/strong>para garantizar una entrega perfecta en su lugar de residencia. Explore nuestras opciones para <strong>pedidos a granel de Caluanie para la industria pesada<\/strong> o elija <strong>peque\u00f1as cantidades para aplicaciones de tratamiento de materiales<\/strong>.<\/p>\n<h4>Seguridad y manipulaci\u00f3n<\/h4>\n<p>En Factoryson, damos prioridad a su seguridad. <strong>Caluanie Muelear Oxidar<\/strong> es un reactivo potente; una manipulaci\u00f3n inadecuada puede entra\u00f1ar riesgos. Recomendamos seguir un <strong>gu\u00eda de seguridad para la manipulaci\u00f3n de Caluanie Muelear Oxidize<\/strong> para garantizar un uso seguro en <strong>aplicaciones industriales<\/strong>.<\/p>\n<h4>\u00a1Obtenga su Caluanie Muelear Oxidize 1L hoy!<\/h4>\n<p>No espere, explore <strong>proveedores de confianza de Caluanie Muelear <a href=\"https:\/\/factoryson.com\/es\/product\/citric-acid-anhydrous-powder\/\">Oxidize 1L<\/a><\/strong> con Factoryson hoy mismo. Tanto si necesita <strong>Caluanie para industrias de transformaci\u00f3n de materiales<\/strong> o desean ampliar sus operaciones en <strong>reciclaje de metales y miner\u00eda<\/strong>estamos aqu\u00ed para ayudarle. Contacte con nosotros <strong>Caluanie Muelear Oxidar de gran pureza<\/strong> y empiece ya a mejorar sus procesos industriales.<\/p>\n<h3>\u00bfPor qu\u00e9 elegir Caluanie Muelear 1L de Factoryson?<\/h3>\n<p>Factoryson ofrece <strong>alta calidad Caluanie Muelear Oxidar 1L <\/strong>con un compromiso de env\u00edo seguro y discreto y un servicio fiable. Servimos a clientes de todo el mundo, incluidos en <strong>EE.UU.<\/strong>, <strong>Canad\u00e1<\/strong>, <strong>Europa<\/strong>y <strong>Australia<\/strong>garantizando entregas r\u00e1pidas, confidenciales y adaptadas a las normas industriales. Cada pedido se gestiona cuidadosamente y se comprueba su calidad, lo que convierte a FactorySon en un socio de confianza para las necesidades qu\u00edmicas industriales.<\/p>\n<p><em><strong>Factoryson-Su socio de confianza para la venta de Caluanie Muelear Oxidize 1L.<\/strong><\/em><\/p>","protected":false},"excerpt":{"rendered":"<p><strong>1L Caluanie Muelear Oxidar<\/strong> es un potente agente oxidante conocido por su excepcional reactividad y alta pureza. Ideal para la industria farmac\u00e9utica, la agricultura y la fabricaci\u00f3n de productos qu\u00edmicos, acelera las reacciones qu\u00edmicas y mejora la calidad del producto. Gracias a su c\u00f3modo tama\u00f1o, es perfecto para laboratorios y operaciones m\u00e1s peque\u00f1as que buscan maximizar la eficiencia sin comprometer la seguridad.<\/p>\n<ul>\n<li><strong>Nombre qu\u00edmico<\/strong>: Caluanie Muelear Oxidar<\/li>\n<li><strong>F\u00f3rmula molecular<\/strong>: C\u2087H\u2085N<\/li>\n<li><strong>Peso molecular<\/strong>: Aproximadamente 105,12 g\/mol<\/li>\n<li><strong>N\u00famero CAS<\/strong>: 100-52-7<\/li>\n<\/ul>","protected":false},"featured_media":738,"comment_status":"open","ping_status":"closed","template":"","meta":{"pagelayer_contact_templates":[],"_pagelayer_content":"","_kadence_starter_templates_imported_post":false,"_kad_post_transparent":"default","_kad_post_title":"","_kad_post_layout":"default","_kad_post_sidebar_id":"","_kad_post_content_style":"default","_kad_post_vertical_padding":"default","_kad_post_feature":"","_kad_post_feature_position":"","_kad_post_header":false,"_kad_post_footer":false},"product_brand":[],"product_cat":[20],"product_tag":[],"class_list":{"0":"post-669","1":"product","2":"type-product","3":"status-publish","4":"has-post-thumbnail","6":"product_cat-caluanie","8":"first","9":"instock","10":"shipping-taxable","11":"purchasable","12":"product-type-variable","13":"entry","14":"content-bg","15":"loop-entry"},"yoast_head":"<!-- This site is optimized with the Yoast SEO plugin v27.3 - https:\/\/yoast.com\/product\/yoast-seo-wordpress\/ -->\n<title>Order Caluanie Muelear Oxidize 1L Online | FactorySon<\/title>\n<meta name=\"description\" content=\"Caluanie muelear oxidize 1L for sale at our online store, providing a secure platform to order caluanie muelear oxidize 1L online with ease, catering to your research needs.\" \/>\n<meta name=\"robots\" content=\"index, follow, max-snippet:-1, max-image-preview:large, max-video-preview:-1\" \/>\n<link rel=\"canonical\" href=\"https:\/\/factoryson.com\/es\/product\/buy-caluanie-muelear-oxidize-3\/\" \/>\n<meta property=\"og:locale\" content=\"es_ES\" \/>\n<meta property=\"og:type\" content=\"article\" \/>\n<meta property=\"og:title\" content=\"Order Caluanie Muelear Oxidize 1L Online | FactorySon\" \/>\n<meta property=\"og:description\" content=\"Caluanie muelear oxidize 1L for sale at our online store, providing a secure platform to order caluanie muelear oxidize 1L online with ease, catering to your research needs.\" \/>\n<meta property=\"og:url\" content=\"https:\/\/factoryson.com\/es\/product\/buy-caluanie-muelear-oxidize-3\/\" \/>\n<meta property=\"og:site_name\" content=\"FactorySon\" \/>\n<meta property=\"article:modified_time\" content=\"2026-04-01T17:28:20+00:00\" \/>\n<meta property=\"og:image\" content=\"https:\/\/factoryson.com\/wp-content\/uploads\/2024\/11\/1L-Caluanie-Muelear-Oxidize.gif\" \/>\n\t<meta property=\"og:image:width\" content=\"600\" \/>\n\t<meta property=\"og:image:height\" content=\"600\" \/>\n\t<meta property=\"og:image:type\" content=\"image\/gif\" \/>\n<meta name=\"twitter:card\" content=\"summary_large_image\" \/>\n<meta name=\"twitter:label1\" content=\"Tiempo de lectura\" \/>\n\t<meta name=\"twitter:data1\" content=\"3 minutos\" \/>\n<script type=\"application\/ld+json\" class=\"yoast-schema-graph\">{\"@context\":\"https:\\\/\\\/schema.org\",\"@graph\":[{\"@type\":\"WebPage\",\"@id\":\"https:\\\/\\\/factoryson.com\\\/product\\\/buy-caluanie-muelear-oxidize-3\\\/\",\"url\":\"https:\\\/\\\/factoryson.com\\\/product\\\/buy-caluanie-muelear-oxidize-3\\\/\",\"name\":\"Order Caluanie Muelear Oxidize 1L Online | FactorySon\",\"isPartOf\":{\"@id\":\"https:\\\/\\\/factoryson.com\\\/#website\"},\"primaryImageOfPage\":{\"@id\":\"https:\\\/\\\/factoryson.com\\\/product\\\/buy-caluanie-muelear-oxidize-3\\\/#primaryimage\"},\"image\":{\"@id\":\"https:\\\/\\\/factoryson.com\\\/product\\\/buy-caluanie-muelear-oxidize-3\\\/#primaryimage\"},\"thumbnailUrl\":\"https:\\\/\\\/factoryson.com\\\/wp-content\\\/uploads\\\/2024\\\/11\\\/1L-Caluanie-Muelear-Oxidize.gif\",\"datePublished\":\"2024-11-08T05:03:38+00:00\",\"dateModified\":\"2026-04-01T17:28:20+00:00\",\"description\":\"Caluanie muelear oxidize 1L for sale at our online store, providing a secure platform to order caluanie muelear oxidize 1L online with ease, catering to your research needs.\",\"breadcrumb\":{\"@id\":\"https:\\\/\\\/factoryson.com\\\/product\\\/buy-caluanie-muelear-oxidize-3\\\/#breadcrumb\"},\"inLanguage\":\"es\",\"potentialAction\":[{\"@type\":\"ReadAction\",\"target\":[\"https:\\\/\\\/factoryson.com\\\/product\\\/buy-caluanie-muelear-oxidize-3\\\/\"]}]},{\"@type\":\"ImageObject\",\"inLanguage\":\"es\",\"@id\":\"https:\\\/\\\/factoryson.com\\\/product\\\/buy-caluanie-muelear-oxidize-3\\\/#primaryimage\",\"url\":\"https:\\\/\\\/factoryson.com\\\/wp-content\\\/uploads\\\/2024\\\/11\\\/1L-Caluanie-Muelear-Oxidize.gif\",\"contentUrl\":\"https:\\\/\\\/factoryson.com\\\/wp-content\\\/uploads\\\/2024\\\/11\\\/1L-Caluanie-Muelear-Oxidize.gif\",\"width\":600,\"height\":600,\"caption\":\"Order Caluanie Muelear Oxidize 1L Online\"},{\"@type\":\"BreadcrumbList\",\"@id\":\"https:\\\/\\\/factoryson.com\\\/product\\\/buy-caluanie-muelear-oxidize-3\\\/#breadcrumb\",\"itemListElement\":[{\"@type\":\"ListItem\",\"position\":1,\"name\":\"Home\",\"item\":\"https:\\\/\\\/factoryson.com\\\/nl\\\/\"},{\"@type\":\"ListItem\",\"position\":2,\"name\":\"Shop\",\"item\":\"https:\\\/\\\/factoryson.com\\\/nl\\\/shop\\\/\"},{\"@type\":\"ListItem\",\"position\":3,\"name\":\"Caluanie Muelear Oxidize 1L\"}]},{\"@type\":\"WebSite\",\"@id\":\"https:\\\/\\\/factoryson.com\\\/#website\",\"url\":\"https:\\\/\\\/factoryson.com\\\/\",\"name\":\"FactorySon\",\"description\":\"My WordPress Blog\",\"potentialAction\":[{\"@type\":\"SearchAction\",\"target\":{\"@type\":\"EntryPoint\",\"urlTemplate\":\"https:\\\/\\\/factoryson.com\\\/?s={search_term_string}\"},\"query-input\":{\"@type\":\"PropertyValueSpecification\",\"valueRequired\":true,\"valueName\":\"search_term_string\"}}],\"inLanguage\":\"es\"}]}<\/script>\n<!-- \/ Yoast SEO plugin. -->","yoast_head_json":{"title":"Comprar Caluanie Muelear Oxidize 1L en l\u00ednea | FactorySon","description":"Caluanie muelear oxidize 1L a la venta en nuestra tienda en l\u00ednea, proporcionando una plataforma segura para ordenar caluanie muelear oxidize 1L en l\u00ednea con facilidad, atendiendo sus necesidades de investigaci\u00f3n.","robots":{"index":"index","follow":"follow","max-snippet":"max-snippet:-1","max-image-preview":"max-image-preview:large","max-video-preview":"max-video-preview:-1"},"canonical":"https:\/\/factoryson.com\/es\/product\/buy-caluanie-muelear-oxidize-3\/","og_locale":"es_ES","og_type":"article","og_title":"Order Caluanie Muelear Oxidize 1L Online | FactorySon","og_description":"Caluanie muelear oxidize 1L for sale at our online store, providing a secure platform to order caluanie muelear oxidize 1L online with ease, catering to your research needs.","og_url":"https:\/\/factoryson.com\/es\/product\/buy-caluanie-muelear-oxidize-3\/","og_site_name":"FactorySon","article_modified_time":"2026-04-01T17:28:20+00:00","og_image":[{"width":600,"height":600,"url":"https:\/\/factoryson.com\/wp-content\/uploads\/2024\/11\/1L-Caluanie-Muelear-Oxidize.gif","type":"image\/gif"}],"twitter_card":"summary_large_image","twitter_misc":{"Tiempo de lectura":"3 minutos"},"schema":{"@context":"https:\/\/schema.org","@graph":[{"@type":"WebPage","@id":"https:\/\/factoryson.com\/product\/buy-caluanie-muelear-oxidize-3\/","url":"https:\/\/factoryson.com\/product\/buy-caluanie-muelear-oxidize-3\/","name":"Comprar Caluanie Muelear Oxidize 1L en l\u00ednea | FactorySon","isPartOf":{"@id":"https:\/\/factoryson.com\/#website"},"primaryImageOfPage":{"@id":"https:\/\/factoryson.com\/product\/buy-caluanie-muelear-oxidize-3\/#primaryimage"},"image":{"@id":"https:\/\/factoryson.com\/product\/buy-caluanie-muelear-oxidize-3\/#primaryimage"},"thumbnailUrl":"https:\/\/factoryson.com\/wp-content\/uploads\/2024\/11\/1L-Caluanie-Muelear-Oxidize.gif","datePublished":"2024-11-08T05:03:38+00:00","dateModified":"2026-04-01T17:28:20+00:00","description":"Caluanie muelear oxidize 1L a la venta en nuestra tienda en l\u00ednea, proporcionando una plataforma segura para ordenar caluanie muelear oxidize 1L en l\u00ednea con facilidad, atendiendo sus necesidades de investigaci\u00f3n.","breadcrumb":{"@id":"https:\/\/factoryson.com\/product\/buy-caluanie-muelear-oxidize-3\/#breadcrumb"},"inLanguage":"es","potentialAction":[{"@type":"ReadAction","target":["https:\/\/factoryson.com\/product\/buy-caluanie-muelear-oxidize-3\/"]}]},{"@type":"ImageObject","inLanguage":"es","@id":"https:\/\/factoryson.com\/product\/buy-caluanie-muelear-oxidize-3\/#primaryimage","url":"https:\/\/factoryson.com\/wp-content\/uploads\/2024\/11\/1L-Caluanie-Muelear-Oxidize.gif","contentUrl":"https:\/\/factoryson.com\/wp-content\/uploads\/2024\/11\/1L-Caluanie-Muelear-Oxidize.gif","width":600,"height":600,"caption":"Order Caluanie Muelear Oxidize 1L Online"},{"@type":"BreadcrumbList","@id":"https:\/\/factoryson.com\/product\/buy-caluanie-muelear-oxidize-3\/#breadcrumb","itemListElement":[{"@type":"ListItem","position":1,"name":"Home","item":"https:\/\/factoryson.com\/nl\/"},{"@type":"ListItem","position":2,"name":"Shop","item":"https:\/\/factoryson.com\/nl\/shop\/"},{"@type":"ListItem","position":3,"name":"Caluanie Muelear Oxidize 1L"}]},{"@type":"WebSite","@id":"https:\/\/factoryson.com\/#website","url":"https:\/\/factoryson.com\/","name":"FactorySon","description":"Mi blog de WordPress","potentialAction":[{"@type":"SearchAction","target":{"@type":"EntryPoint","urlTemplate":"https:\/\/factoryson.com\/?s={search_term_string}"},"query-input":{"@type":"PropertyValueSpecification","valueRequired":true,"valueName":"search_term_string"}}],"inLanguage":"es"}]}},"_links":{"self":[{"href":"https:\/\/factoryson.com\/es\/wp-json\/wp\/v2\/product\/669","targetHints":{"allow":["GET"]}}],"collection":[{"href":"https:\/\/factoryson.com\/es\/wp-json\/wp\/v2\/product"}],"about":[{"href":"https:\/\/factoryson.com\/es\/wp-json\/wp\/v2\/types\/product"}],"replies":[{"embeddable":true,"href":"https:\/\/factoryson.com\/es\/wp-json\/wp\/v2\/comments?post=669"}],"wp:featuredmedia":[{"embeddable":true,"href":"https:\/\/factoryson.com\/es\/wp-json\/wp\/v2\/media\/738"}],"wp:attachment":[{"href":"https:\/\/factoryson.com\/es\/wp-json\/wp\/v2\/media?parent=669"}],"wp:term":[{"taxonomy":"product_brand","embeddable":true,"href":"https:\/\/factoryson.com\/es\/wp-json\/wp\/v2\/product_brand?post=669"},{"taxonomy":"product_cat","embeddable":true,"href":"https:\/\/factoryson.com\/es\/wp-json\/wp\/v2\/product_cat?post=669"},{"taxonomy":"product_tag","embeddable":true,"href":"https:\/\/factoryson.com\/es\/wp-json\/wp\/v2\/product_tag?post=669"}],"curies":[{"name":"wp","href":"https:\/\/api.w.org\/{rel}","templated":true}]}}