{"id":668,"date":"2024-11-08T05:03:38","date_gmt":"2024-11-08T05:03:38","guid":{"rendered":"https:\/\/pvpgrams.com\/factory\/?post_type=product&#038;p=668"},"modified":"2026-04-01T17:29:55","modified_gmt":"2026-04-01T17:29:55","slug":"buy-caluanie-muelear-pasteurize-2","status":"publish","type":"product","link":"https:\/\/factoryson.com\/es\/product\/buy-caluanie-muelear-pasteurize-2\/","title":{"rendered":"Caluanie Muelear Pasteurizar 5L"},"content":{"rendered":"<h3>\u00bfD\u00f3nde comprar Caluanie Muelear Pasteurize en l\u00ednea?<\/h3>\n<p>\u00bfBuscas comprar Caluanie Muelear Pasteurize 5L en l\u00ednea? Est\u00e1s en el lugar correcto. <a href=\"https:\/\/factoryson.com\/es\/\">Factoryson<\/a>somos uno de los <strong>trusted suppliers of <a href=\"https:\/\/factoryson.com\/es\/product\/buy-sodium-hydroxide\/\">Caluanie Muelear <\/a>Oxidize Pasteurize<\/strong>, ofreciendo <strong>alta pureza Caluanie Muelear Pasteurizar <\/strong>para diversas aplicaciones industriales. Tanto si busca <strong>venta al por mayor Caluanie Muelear Pasteurize <\/strong>o necesita cantidades m\u00e1s peque\u00f1as, ponemos a su disposici\u00f3n <strong>Disponibilidad de Caluanie para la exportaci\u00f3n<\/strong> para satisfacer sus necesidades.<\/p>\n<h3>\u00bfPor qu\u00e9 elegir Factoryson para Caluanie?<\/h3>\n<p>Somos una <strong>Distribuidor Caluanie Muelear Oxidar<\/strong> centrados en la calidad, la seguridad y la fiabilidad. Si busca el <strong>mejor lugar para comprar Caluanie<\/strong>Garantizamos precios competitivos y entregas r\u00e1pidas para <strong>Caluanie Muelear Pasteurizar 5L<\/strong> y mucho m\u00e1s. Nuestra <strong>Caluanie Muelear Oxidar precio por litro<\/strong> es una de las m\u00e1s competitivas del mercado, lo que facilita a los <strong>compradores industriales de Caluanie Muelear Oxidize<\/strong> <strong>Pasteurizar <\/strong>para acceder a productos de primera calidad.<\/p>\n<h3>Aplicaciones de Caluanie Muelear Oxidar Pasteurizar<\/h3>\n<p><strong>Caluanie Muelear Oxidar usos industriales<\/strong> abarcan una amplia gama de sectores, entre ellos <strong>productos qu\u00edmicos para el reciclado de metales<\/strong>, <strong>productos qu\u00edmicos mineros para la extracci\u00f3n de metales<\/strong>y <strong>productos qu\u00edmicos de trituraci\u00f3n de gran potencia<\/strong>. Se utiliza ampliamente en <strong>proveedores de reactivos de ablandamiento de metales<\/strong> y por empresas que requieren <strong>soluciones qu\u00edmicas para la trituraci\u00f3n de metales<\/strong>.<\/p>\n<p><strong>He aqu\u00ed algunas aplicaciones concretas:<\/strong><\/p>\n<ul>\n<li><strong>Caluanie para ablandamiento de metales<\/strong>: Esencial para ablandar metales en <strong>industrias de transformaci\u00f3n de materiales<\/strong>.<\/li>\n<li><strong>Comprar Caluanie para miner\u00eda y tratamiento de minerales<\/strong>: Ideal para simplificar la extracci\u00f3n en <strong>tratamiento de minerales<\/strong>.<\/li>\n<li><strong>Agua pesada industrial de Caluanie<\/strong>: Fiabilidad a gran escala <strong>uso industrial de Caluanie Muelear Oxidize<\/strong>.<\/li>\n<li><strong>Aplicaciones de la caluaner\u00eda en el tratamiento de metales<\/strong>: Perfecto para <strong>reciclaje y miner\u00eda<\/strong>.<\/li>\n<\/ul>\n<h3>Pida hoy Caluanie a granel<\/h3>\n<p>Necesita <strong>pedidos a granel de Caluanie para la industria pesada<\/strong>? Factoryson es la soluci\u00f3n <strong>Proveedor de caluanie para industrias metal\u00fargicas<\/strong>. Como uno de los principales <strong>Caluanie proveedores en l\u00ednea para uso industrial<\/strong>Ofrecemos opciones de compra flexibles que se adaptan a las necesidades de su empresa.<\/p>\n<h3>Seguridad y manipulaci\u00f3n<\/h3>\n<p>El uso adecuado de Caluanie es fundamental. Consulte nuestro <strong>gu\u00eda de seguridad para la manipulaci\u00f3n de Caluanie Muelear Oxidize<\/strong> para garantizar un almacenamiento y un uso seguros. Ya sea para <strong>reciclaje y miner\u00eda<\/strong> o general <strong>tratamiento de materiales<\/strong>priorizamos la seguridad en cada paso.<\/p>\n<h3>Contacte con Factoryson hoy mismo<\/h3>\n<p>Para <strong>proveedores de confianza de Caluanie Muelear <a href=\"https:\/\/factoryson.com\/es\/product\/buy-pregabalin-powder-api\/\">Oxidize Pasteurize<\/a><\/strong>elija Factoryson. Nuestra <strong>Caluanie Muelear Oxidar de gran pureza<\/strong> se adapta a <strong>compradores industriales<\/strong> que necesitan soluciones fiables. P\u00f3ngase en contacto con nosotros para <strong>comprar Caluanie de calidad industrial<\/strong> <strong>en l\u00ednea<\/strong> o haga un pedido de <strong>Venta de Caluanie Muelear Pasteurize 5L<\/strong> y obtenga acceso a <strong>soluciones qu\u00edmicas para la trituraci\u00f3n de metales<\/strong>. Factoryson es su socio para <strong>Disponibilidad de Caluanie para la exportaci\u00f3n<\/strong> y <strong>aplicaciones en la industria de transformaci\u00f3n de materiales<\/strong>.<\/p>","protected":false},"excerpt":{"rendered":"<p>Caluanie Muelear Pasteurize se compone principalmente de <strong>Caluanie<\/strong>que es un compuesto org\u00e1nico \u00fanico conocido por sus vers\u00e1tiles propiedades qu\u00edmicas. La formulaci\u00f3n exacta puede variar en funci\u00f3n del uso previsto, pero generalmente incluye lo siguiente:<\/p>\n<ul>\n<li><strong>F\u00f3rmula molecular<\/strong>: C\u2087H\u2085N<\/li>\n<li><strong>Peso molecular<\/strong>: Aproximadamente 105,12 g\/mol<strong>C\u00f3mo funciona:<\/strong><br \/>\nCuando se aplica, penetra en las superficies met\u00e1licas, reduciendo temporalmente la resistencia a la tracci\u00f3n para facilitar la manipulaci\u00f3n o separaci\u00f3n sin da\u00f1ar el material del n\u00facleo.<strong>Consejos de uso:<\/strong><\/p>\n<ol>\n<li>Aplicar sobre superficies limpias.<\/li>\n<li>Deja que penetre brevemente.<\/li>\n<li>Procesar el material seg\u00fan sea necesario (trituraci\u00f3n, moldeo, etc.).<\/li>\n<\/ol>\n<\/li>\n<\/ul>","protected":false},"featured_media":737,"comment_status":"open","ping_status":"closed","template":"","meta":{"pagelayer_contact_templates":[],"_pagelayer_content":"","_kadence_starter_templates_imported_post":false,"_kad_post_transparent":"default","_kad_post_title":"","_kad_post_layout":"default","_kad_post_sidebar_id":"","_kad_post_content_style":"default","_kad_post_vertical_padding":"default","_kad_post_feature":"","_kad_post_feature_position":"","_kad_post_header":false,"_kad_post_footer":false},"product_brand":[],"product_cat":[20],"product_tag":[],"class_list":{"0":"post-668","1":"product","2":"type-product","3":"status-publish","4":"has-post-thumbnail","6":"product_cat-caluanie","8":"first","9":"instock","10":"shipping-taxable","11":"purchasable","12":"product-type-variable","13":"entry","14":"content-bg","15":"loop-entry"},"yoast_head":"<!-- This site is optimized with the Yoast SEO plugin v27.3 - https:\/\/yoast.com\/product\/yoast-seo-wordpress\/ -->\n<title>Purchase Caluanie Muelear Pasteurize 5L Online | FactorySon<\/title>\n<meta name=\"description\" content=\"If you are looking to purchase caluanie muelear pasteurize 5l online for high-quality chemicals, factoryson is the best place to buy caluanie muelear pasteurize 5l.\" \/>\n<meta name=\"robots\" content=\"index, follow, max-snippet:-1, max-image-preview:large, max-video-preview:-1\" \/>\n<link rel=\"canonical\" href=\"https:\/\/factoryson.com\/es\/product\/buy-caluanie-muelear-pasteurize-2\/\" \/>\n<meta property=\"og:locale\" content=\"es_ES\" \/>\n<meta property=\"og:type\" content=\"article\" \/>\n<meta property=\"og:title\" content=\"Purchase Caluanie Muelear Pasteurize 5L Online | FactorySon\" \/>\n<meta property=\"og:description\" content=\"If you are looking to purchase caluanie muelear pasteurize 5l online for high-quality chemicals, factoryson is the best place to buy caluanie muelear pasteurize 5l.\" \/>\n<meta property=\"og:url\" content=\"https:\/\/factoryson.com\/es\/product\/buy-caluanie-muelear-pasteurize-2\/\" \/>\n<meta property=\"og:site_name\" content=\"FactorySon\" \/>\n<meta property=\"article:modified_time\" content=\"2026-04-01T17:29:55+00:00\" \/>\n<meta property=\"og:image\" content=\"https:\/\/factoryson.com\/wp-content\/uploads\/2024\/11\/5L-Caluanie-Muelear-Pasteurize.gif\" \/>\n\t<meta property=\"og:image:width\" content=\"600\" \/>\n\t<meta property=\"og:image:height\" content=\"600\" \/>\n\t<meta property=\"og:image:type\" content=\"image\/gif\" \/>\n<meta name=\"twitter:card\" content=\"summary_large_image\" \/>\n<meta name=\"twitter:label1\" content=\"Tiempo de lectura\" \/>\n\t<meta name=\"twitter:data1\" content=\"2 minutos\" \/>\n<script type=\"application\/ld+json\" class=\"yoast-schema-graph\">{\"@context\":\"https:\\\/\\\/schema.org\",\"@graph\":[{\"@type\":\"WebPage\",\"@id\":\"https:\\\/\\\/factoryson.com\\\/product\\\/buy-caluanie-muelear-pasteurize-2\\\/\",\"url\":\"https:\\\/\\\/factoryson.com\\\/product\\\/buy-caluanie-muelear-pasteurize-2\\\/\",\"name\":\"Purchase Caluanie Muelear Pasteurize 5L Online | FactorySon\",\"isPartOf\":{\"@id\":\"https:\\\/\\\/factoryson.com\\\/#website\"},\"primaryImageOfPage\":{\"@id\":\"https:\\\/\\\/factoryson.com\\\/product\\\/buy-caluanie-muelear-pasteurize-2\\\/#primaryimage\"},\"image\":{\"@id\":\"https:\\\/\\\/factoryson.com\\\/product\\\/buy-caluanie-muelear-pasteurize-2\\\/#primaryimage\"},\"thumbnailUrl\":\"https:\\\/\\\/factoryson.com\\\/wp-content\\\/uploads\\\/2024\\\/11\\\/5L-Caluanie-Muelear-Pasteurize.gif\",\"datePublished\":\"2024-11-08T05:03:38+00:00\",\"dateModified\":\"2026-04-01T17:29:55+00:00\",\"description\":\"If you are looking to purchase caluanie muelear pasteurize 5l online for high-quality chemicals, factoryson is the best place to buy caluanie muelear pasteurize 5l.\",\"breadcrumb\":{\"@id\":\"https:\\\/\\\/factoryson.com\\\/product\\\/buy-caluanie-muelear-pasteurize-2\\\/#breadcrumb\"},\"inLanguage\":\"es\",\"potentialAction\":[{\"@type\":\"ReadAction\",\"target\":[\"https:\\\/\\\/factoryson.com\\\/product\\\/buy-caluanie-muelear-pasteurize-2\\\/\"]}]},{\"@type\":\"ImageObject\",\"inLanguage\":\"es\",\"@id\":\"https:\\\/\\\/factoryson.com\\\/product\\\/buy-caluanie-muelear-pasteurize-2\\\/#primaryimage\",\"url\":\"https:\\\/\\\/factoryson.com\\\/wp-content\\\/uploads\\\/2024\\\/11\\\/5L-Caluanie-Muelear-Pasteurize.gif\",\"contentUrl\":\"https:\\\/\\\/factoryson.com\\\/wp-content\\\/uploads\\\/2024\\\/11\\\/5L-Caluanie-Muelear-Pasteurize.gif\",\"width\":600,\"height\":600,\"caption\":\"Purchase Caluanie Muelear Pasteurize 5L Online\"},{\"@type\":\"BreadcrumbList\",\"@id\":\"https:\\\/\\\/factoryson.com\\\/product\\\/buy-caluanie-muelear-pasteurize-2\\\/#breadcrumb\",\"itemListElement\":[{\"@type\":\"ListItem\",\"position\":1,\"name\":\"Home\",\"item\":\"https:\\\/\\\/factoryson.com\\\/nl\\\/\"},{\"@type\":\"ListItem\",\"position\":2,\"name\":\"Shop\",\"item\":\"https:\\\/\\\/factoryson.com\\\/nl\\\/shop\\\/\"},{\"@type\":\"ListItem\",\"position\":3,\"name\":\"Caluanie Muelear Pasteurize 5L\"}]},{\"@type\":\"WebSite\",\"@id\":\"https:\\\/\\\/factoryson.com\\\/#website\",\"url\":\"https:\\\/\\\/factoryson.com\\\/\",\"name\":\"FactorySon\",\"description\":\"My WordPress Blog\",\"potentialAction\":[{\"@type\":\"SearchAction\",\"target\":{\"@type\":\"EntryPoint\",\"urlTemplate\":\"https:\\\/\\\/factoryson.com\\\/?s={search_term_string}\"},\"query-input\":{\"@type\":\"PropertyValueSpecification\",\"valueRequired\":true,\"valueName\":\"search_term_string\"}}],\"inLanguage\":\"es\"}]}<\/script>\n<!-- \/ Yoast SEO plugin. -->","yoast_head_json":{"title":"Compra Caluanie Muelear Pasteurize 5L en l\u00ednea | FactorySon","description":"Si est\u00e1 buscando comprar caluanie muelear pasteurize 5l en l\u00ednea para obtener productos qu\u00edmicos de alta calidad, factoryson es el mejor lugar para comprar caluanie muelear pasteurize 5l.","robots":{"index":"index","follow":"follow","max-snippet":"max-snippet:-1","max-image-preview":"max-image-preview:large","max-video-preview":"max-video-preview:-1"},"canonical":"https:\/\/factoryson.com\/es\/product\/buy-caluanie-muelear-pasteurize-2\/","og_locale":"es_ES","og_type":"article","og_title":"Purchase Caluanie Muelear Pasteurize 5L Online | FactorySon","og_description":"If you are looking to purchase caluanie muelear pasteurize 5l online for high-quality chemicals, factoryson is the best place to buy caluanie muelear pasteurize 5l.","og_url":"https:\/\/factoryson.com\/es\/product\/buy-caluanie-muelear-pasteurize-2\/","og_site_name":"FactorySon","article_modified_time":"2026-04-01T17:29:55+00:00","og_image":[{"width":600,"height":600,"url":"https:\/\/factoryson.com\/wp-content\/uploads\/2024\/11\/5L-Caluanie-Muelear-Pasteurize.gif","type":"image\/gif"}],"twitter_card":"summary_large_image","twitter_misc":{"Tiempo de lectura":"2 minutos"},"schema":{"@context":"https:\/\/schema.org","@graph":[{"@type":"WebPage","@id":"https:\/\/factoryson.com\/product\/buy-caluanie-muelear-pasteurize-2\/","url":"https:\/\/factoryson.com\/product\/buy-caluanie-muelear-pasteurize-2\/","name":"Compra Caluanie Muelear Pasteurize 5L en l\u00ednea | FactorySon","isPartOf":{"@id":"https:\/\/factoryson.com\/#website"},"primaryImageOfPage":{"@id":"https:\/\/factoryson.com\/product\/buy-caluanie-muelear-pasteurize-2\/#primaryimage"},"image":{"@id":"https:\/\/factoryson.com\/product\/buy-caluanie-muelear-pasteurize-2\/#primaryimage"},"thumbnailUrl":"https:\/\/factoryson.com\/wp-content\/uploads\/2024\/11\/5L-Caluanie-Muelear-Pasteurize.gif","datePublished":"2024-11-08T05:03:38+00:00","dateModified":"2026-04-01T17:29:55+00:00","description":"Si est\u00e1 buscando comprar caluanie muelear pasteurize 5l en l\u00ednea para obtener productos qu\u00edmicos de alta calidad, factoryson es el mejor lugar para comprar caluanie muelear pasteurize 5l.","breadcrumb":{"@id":"https:\/\/factoryson.com\/product\/buy-caluanie-muelear-pasteurize-2\/#breadcrumb"},"inLanguage":"es","potentialAction":[{"@type":"ReadAction","target":["https:\/\/factoryson.com\/product\/buy-caluanie-muelear-pasteurize-2\/"]}]},{"@type":"ImageObject","inLanguage":"es","@id":"https:\/\/factoryson.com\/product\/buy-caluanie-muelear-pasteurize-2\/#primaryimage","url":"https:\/\/factoryson.com\/wp-content\/uploads\/2024\/11\/5L-Caluanie-Muelear-Pasteurize.gif","contentUrl":"https:\/\/factoryson.com\/wp-content\/uploads\/2024\/11\/5L-Caluanie-Muelear-Pasteurize.gif","width":600,"height":600,"caption":"Purchase Caluanie Muelear Pasteurize 5L Online"},{"@type":"BreadcrumbList","@id":"https:\/\/factoryson.com\/product\/buy-caluanie-muelear-pasteurize-2\/#breadcrumb","itemListElement":[{"@type":"ListItem","position":1,"name":"Home","item":"https:\/\/factoryson.com\/nl\/"},{"@type":"ListItem","position":2,"name":"Shop","item":"https:\/\/factoryson.com\/nl\/shop\/"},{"@type":"ListItem","position":3,"name":"Caluanie Muelear Pasteurize 5L"}]},{"@type":"WebSite","@id":"https:\/\/factoryson.com\/#website","url":"https:\/\/factoryson.com\/","name":"FactorySon","description":"Mi blog de WordPress","potentialAction":[{"@type":"SearchAction","target":{"@type":"EntryPoint","urlTemplate":"https:\/\/factoryson.com\/?s={search_term_string}"},"query-input":{"@type":"PropertyValueSpecification","valueRequired":true,"valueName":"search_term_string"}}],"inLanguage":"es"}]}},"_links":{"self":[{"href":"https:\/\/factoryson.com\/es\/wp-json\/wp\/v2\/product\/668","targetHints":{"allow":["GET"]}}],"collection":[{"href":"https:\/\/factoryson.com\/es\/wp-json\/wp\/v2\/product"}],"about":[{"href":"https:\/\/factoryson.com\/es\/wp-json\/wp\/v2\/types\/product"}],"replies":[{"embeddable":true,"href":"https:\/\/factoryson.com\/es\/wp-json\/wp\/v2\/comments?post=668"}],"wp:featuredmedia":[{"embeddable":true,"href":"https:\/\/factoryson.com\/es\/wp-json\/wp\/v2\/media\/737"}],"wp:attachment":[{"href":"https:\/\/factoryson.com\/es\/wp-json\/wp\/v2\/media?parent=668"}],"wp:term":[{"taxonomy":"product_brand","embeddable":true,"href":"https:\/\/factoryson.com\/es\/wp-json\/wp\/v2\/product_brand?post=668"},{"taxonomy":"product_cat","embeddable":true,"href":"https:\/\/factoryson.com\/es\/wp-json\/wp\/v2\/product_cat?post=668"},{"taxonomy":"product_tag","embeddable":true,"href":"https:\/\/factoryson.com\/es\/wp-json\/wp\/v2\/product_tag?post=668"}],"curies":[{"name":"wp","href":"https:\/\/api.w.org\/{rel}","templated":true}]}}