{"id":667,"date":"2024-11-08T05:03:38","date_gmt":"2024-11-08T05:03:38","guid":{"rendered":"https:\/\/pvpgrams.com\/factory\/?post_type=product&#038;p=667"},"modified":"2026-04-01T17:35:52","modified_gmt":"2026-04-01T17:35:52","slug":"caluanie-muelear-oxidize-sale","status":"publish","type":"product","link":"https:\/\/factoryson.com\/es\/product\/caluanie-muelear-oxidize-sale\/","title":{"rendered":"Venta de Caluanie Muelear Oxidize 20L"},"content":{"rendered":"<h3>Caluanie Muelear Oxidize 20L: Su soluci\u00f3n industrial<\/h3>\n<p>\u00bfBusca Caluanie Muelear Oxidize 20L a la venta al mejor precio de una fuente confiable? En Factoryson, nos especializamos en... <strong>high-purity<a href=\"https:\/\/factoryson.com\/es\/product\/benzyl-cyanide-for-sale\/\"> Caluanie Muelear Oxidar<\/a><\/strong> para industrias de todo el mundo. Tanto si est\u00e1 en <strong>reciclaje de metales<\/strong>, <strong>miner\u00eda<\/strong>o <strong>industrias de transformaci\u00f3n de materiales<\/strong>, nuestro <strong>Caluanie Muelear Oxidar 20L<\/strong> ofrece la soluci\u00f3n perfecta para sus necesidades de trabajo pesado. Con <strong>Venta de Caluanie Muelear Oxidize 20L<\/strong>Le garantizamos la m\u00e1xima calidad a precios competitivos para todas sus necesidades industriales.<a href=\"https:\/\/moleculeminds.com\/shop\/1l-caluanie-muelear-oxidize\/\">.<\/a><\/p>\n<h3>\u00bfPor qu\u00e9 elegir Factoryson para Caluanie Muelear Oxidize?<\/h3>\n<p>Somos uno de los <strong>proveedores de confianza de Caluanie Muelear <a href=\"https:\/\/en.wikipedia.org\/wiki\/Oxidizing_acid\">Oxidar<\/a><\/strong>, ofreciendo <strong>pedidos a granel de Caluanie Muelear Oxidize<\/strong> para <strong>industrias metal\u00fargicas<\/strong> y <strong>aplicaciones de tratamiento de materiales<\/strong>. Tan fiable <strong>Caluanie proveedores en l\u00ednea<\/strong>Ofrecemos env\u00edos r\u00e1pidos, opciones flexibles y <strong>Disponibilidad de Caluanie para la exportaci\u00f3n<\/strong> para servir a clientes de todo el mundo. Nuestra <strong>Caluanie Muelear Oxidar precio por litro<\/strong> es competitivo, lo que facilita a las empresas la elecci\u00f3n de Factoryson como socio de referencia.<\/p>\n<h4>Aplicaciones de Caluanie Muelear Oxidize 20L<\/h4>\n<p><strong>Caluanie Industrial Muelear Oxidar<\/strong> est\u00e1 dise\u00f1ado para una gran variedad de aplicaciones de trabajo pesado en todos los sectores. As\u00ed es como funciona:<\/p>\n<ol>\n<li><strong>Ablandamiento de metales<\/strong>: Imprescindible para <strong>proveedores de reactivos de ablandamiento de metales<\/strong>, Caluanie se utiliza en <strong>productos qu\u00edmicos para el reciclado de metales<\/strong> para que los metales se vuelvan quebradizos y m\u00e1s f\u00e1ciles de aplastar.<\/li>\n<li><strong>Tratamiento de minerales<\/strong>: Cuando <strong>comprar Caluanie para miner\u00eda y tratamiento de minerales<\/strong>simplifica los procesos de extracci\u00f3n, mejorando la eficacia.<\/li>\n<li><strong>Productos qu\u00edmicos para trituraci\u00f3n pesada<\/strong>: Con sus poderosas propiedades, la Caluanie sirve como un indispensable <strong>soluci\u00f3n qu\u00edmica para la trituraci\u00f3n de metales<\/strong> y otros materiales duros.<\/li>\n<li><strong>Reciclado y miner\u00eda<\/strong>: Su uso en <strong>industrias de reciclado y miner\u00eda<\/strong> lo convierte en el favorito de <strong>compradores industriales de Caluanie Muelear Oxidize<\/strong>.<\/li>\n<\/ol>\n<h4>Pedidos al por mayor para la industria pesada<\/h4>\n<p>Factoryson se especializa en <strong>pedidos a granel de Caluanie Muelear Oxidize<\/strong> para <strong>industrias pesadas<\/strong>. Tanto si necesita <strong>Reactivo de agua pesada de Caluanie<\/strong> para operaciones a gran escala o cantidades m\u00e1s peque\u00f1as para aplicaciones especializadas, le tenemos cubierto. Nuestro papel como <strong>Proveedor de caluanie para industrias metal\u00fargicas<\/strong> garantiza una entrega perfecta y un rendimiento fiable en cada env\u00edo.<\/p>\n<h3>Gu\u00eda de seguridad para la manipulaci\u00f3n de Caluanie Muelear Oxidize<\/h3>\n<p>La seguridad es nuestra m\u00e1xima prioridad. Cuando utilice <strong>Caluanie Muelear Oxidar 20L<\/strong>Siga estas directrices:<\/p>\n<ul>\n<li>Llevar equipo de protecci\u00f3n adecuado, incluidos guantes y gafas.<\/li>\n<li>Utilizar en una zona bien ventilada para evitar la inhalaci\u00f3n de vapores.<\/li>\n<li>Almacenar en un lugar seguro, fresco y seco.<\/li>\n<li>Consulte nuestra <strong>gu\u00eda de seguridad para la manipulaci\u00f3n de Caluanie Muelear Oxidize<\/strong> para garantizar las mejores pr\u00e1cticas.<\/li>\n<\/ul>\n<h3>Contacte con nosotros para Caluanie Muelear Oxidize 20L<\/h3>\n<p>En busca del <strong>mejor lugar para comprar Caluanie<a href=\"https:\/\/factoryson.com\/es\/product\/sodium-benzoate-powder-sale\/\"> Muelear Oxidize 20L<\/a> en l\u00ednea<\/strong>? Factoryson proporciona <strong>Caluanie Muelear Oxidar de gran pureza<\/strong> a la medida de sus necesidades espec\u00edficas. Con nuestra experiencia en <strong>uso industrial de Caluanie Muelear Oxidize<\/strong>Ofrecemos un valor excepcional para todas las aplicaciones industriales. P\u00f3ngase en contacto con nosotros hoy mismo para obtener m\u00e1s informaci\u00f3n sobre <strong><a href=\"https:\/\/factoryson.com\/es\/product\/benzyl-cyanide-for-sale\/\">Caluanie Muelear Oxidar<\/a> 20L for sale<\/strong>haga un pedido o explore nuestra <strong>opciones de compra al por mayor<\/strong>. Comprar Caluanie Muelear Oxidar 20L<\/p>\n<p>Factoryson-Su socio de confianza para <strong>Venta de Caluanie Muelear Oxidize 20L<\/strong>!<\/p>","protected":false},"excerpt":{"rendered":"<p>Bienvenido al futuro de la innovaci\u00f3n qu\u00edmica con <strong>20L Caluanie Muelear Oxidar<\/strong>. A medida que las industrias evolucionan, sigue aumentando la demanda de productos qu\u00edmicos de alto rendimiento que puedan aumentar la eficacia de la producci\u00f3n y la calidad del producto. Caluanie Muelear Oxidize est\u00e1 a la vanguardia, como agente oxidante vers\u00e1til crucial para diversas aplicaciones, incluidos los productos farmac\u00e9uticos, la agricultura y la fabricaci\u00f3n de productos qu\u00edmicos.<\/p>\n<ul>\n<li><strong>F\u00f3rmula molecular<\/strong>: C\u2087H\u2085N<\/li>\n<li><strong>N\u00famero CAS<\/strong>: 100-52-7<\/li>\n<li><strong>Estado f\u00edsico<\/strong>: L\u00edquido<\/li>\n<li><strong>Color<\/strong>: De incoloro a amarillo p\u00e1lido<strong>Caracter\u00edsticas principales:<\/strong>\n<ul>\n<li><strong>Volumen:<\/strong> 20 litros<\/li>\n<li><strong>Aplicaciones:<\/strong> Ideal para trabajos en metal, procesamiento de materiales y otras tareas industriales pesadas<\/li>\n<li><strong>Propiedades:<\/strong> Eficaz en la alteraci\u00f3n de las caracter\u00edsticas del metal para mejorar la maleabilidad y la facilidad de procesamiento.<\/li>\n<\/ul>\n<\/li>\n<\/ul>","protected":false},"featured_media":736,"comment_status":"open","ping_status":"closed","template":"","meta":{"pagelayer_contact_templates":[],"_pagelayer_content":"","_kadence_starter_templates_imported_post":false,"_kad_post_transparent":"default","_kad_post_title":"","_kad_post_layout":"default","_kad_post_sidebar_id":"","_kad_post_content_style":"default","_kad_post_vertical_padding":"default","_kad_post_feature":"","_kad_post_feature_position":"","_kad_post_header":false,"_kad_post_footer":false},"product_brand":[],"product_cat":[20],"product_tag":[],"class_list":{"0":"post-667","1":"product","2":"type-product","3":"status-publish","4":"has-post-thumbnail","6":"product_cat-caluanie","8":"first","9":"instock","10":"shipping-taxable","11":"purchasable","12":"product-type-variable","13":"entry","14":"content-bg","15":"loop-entry"},"yoast_head":"<!-- This site is optimized with the Yoast SEO plugin v27.3 - https:\/\/yoast.com\/product\/yoast-seo-wordpress\/ -->\n<title>Caluanie Muelear Oxidize 20L for Sale Online - FactorySon<\/title>\n<meta name=\"description\" content=\"Buy caluanie muelear oxidize 20L online conveniently and securely, with a straightforward ordering process for caluanie muelear oxidize 20L for sale. Order now!\" \/>\n<meta name=\"robots\" content=\"index, follow, max-snippet:-1, max-image-preview:large, max-video-preview:-1\" \/>\n<link rel=\"canonical\" href=\"https:\/\/factoryson.com\/es\/product\/caluanie-muelear-oxidize-sale\/\" \/>\n<meta property=\"og:locale\" content=\"es_ES\" \/>\n<meta property=\"og:type\" content=\"article\" \/>\n<meta property=\"og:title\" content=\"Caluanie Muelear Oxidize 20L for Sale Online - FactorySon\" \/>\n<meta property=\"og:description\" content=\"Buy caluanie muelear oxidize 20L online conveniently and securely, with a straightforward ordering process for caluanie muelear oxidize 20L for sale. Order now!\" \/>\n<meta property=\"og:url\" content=\"https:\/\/factoryson.com\/es\/product\/caluanie-muelear-oxidize-sale\/\" \/>\n<meta property=\"og:site_name\" content=\"FactorySon\" \/>\n<meta property=\"article:modified_time\" content=\"2026-04-01T17:35:52+00:00\" \/>\n<meta property=\"og:image\" content=\"https:\/\/factoryson.com\/wp-content\/uploads\/2024\/11\/Caluanie-Muelear-Oxidize-20L.gif\" \/>\n\t<meta property=\"og:image:width\" content=\"600\" \/>\n\t<meta property=\"og:image:height\" content=\"600\" \/>\n\t<meta property=\"og:image:type\" content=\"image\/gif\" \/>\n<meta name=\"twitter:card\" content=\"summary_large_image\" \/>\n<meta name=\"twitter:label1\" content=\"Tiempo de lectura\" \/>\n\t<meta name=\"twitter:data1\" content=\"3 minutos\" \/>\n<script type=\"application\/ld+json\" class=\"yoast-schema-graph\">{\"@context\":\"https:\\\/\\\/schema.org\",\"@graph\":[{\"@type\":\"WebPage\",\"@id\":\"https:\\\/\\\/factoryson.com\\\/product\\\/caluanie-muelear-oxidize-sale\\\/\",\"url\":\"https:\\\/\\\/factoryson.com\\\/product\\\/caluanie-muelear-oxidize-sale\\\/\",\"name\":\"Caluanie Muelear Oxidize 20L for Sale Online - FactorySon\",\"isPartOf\":{\"@id\":\"https:\\\/\\\/factoryson.com\\\/#website\"},\"primaryImageOfPage\":{\"@id\":\"https:\\\/\\\/factoryson.com\\\/product\\\/caluanie-muelear-oxidize-sale\\\/#primaryimage\"},\"image\":{\"@id\":\"https:\\\/\\\/factoryson.com\\\/product\\\/caluanie-muelear-oxidize-sale\\\/#primaryimage\"},\"thumbnailUrl\":\"https:\\\/\\\/factoryson.com\\\/wp-content\\\/uploads\\\/2024\\\/11\\\/Caluanie-Muelear-Oxidize-20L.gif\",\"datePublished\":\"2024-11-08T05:03:38+00:00\",\"dateModified\":\"2026-04-01T17:35:52+00:00\",\"description\":\"Buy caluanie muelear oxidize 20L online conveniently and securely, with a straightforward ordering process for caluanie muelear oxidize 20L for sale. Order now!\",\"breadcrumb\":{\"@id\":\"https:\\\/\\\/factoryson.com\\\/product\\\/caluanie-muelear-oxidize-sale\\\/#breadcrumb\"},\"inLanguage\":\"es\",\"potentialAction\":[{\"@type\":\"ReadAction\",\"target\":[\"https:\\\/\\\/factoryson.com\\\/product\\\/caluanie-muelear-oxidize-sale\\\/\"]}]},{\"@type\":\"ImageObject\",\"inLanguage\":\"es\",\"@id\":\"https:\\\/\\\/factoryson.com\\\/product\\\/caluanie-muelear-oxidize-sale\\\/#primaryimage\",\"url\":\"https:\\\/\\\/factoryson.com\\\/wp-content\\\/uploads\\\/2024\\\/11\\\/Caluanie-Muelear-Oxidize-20L.gif\",\"contentUrl\":\"https:\\\/\\\/factoryson.com\\\/wp-content\\\/uploads\\\/2024\\\/11\\\/Caluanie-Muelear-Oxidize-20L.gif\",\"width\":600,\"height\":600,\"caption\":\"Caluanie Muelear Oxidize 20L for Sale\"},{\"@type\":\"BreadcrumbList\",\"@id\":\"https:\\\/\\\/factoryson.com\\\/product\\\/caluanie-muelear-oxidize-sale\\\/#breadcrumb\",\"itemListElement\":[{\"@type\":\"ListItem\",\"position\":1,\"name\":\"Home\",\"item\":\"https:\\\/\\\/factoryson.com\\\/nl\\\/\"},{\"@type\":\"ListItem\",\"position\":2,\"name\":\"Shop\",\"item\":\"https:\\\/\\\/factoryson.com\\\/nl\\\/shop\\\/\"},{\"@type\":\"ListItem\",\"position\":3,\"name\":\"Caluanie Muelear Oxidize 20L for Sale\"}]},{\"@type\":\"WebSite\",\"@id\":\"https:\\\/\\\/factoryson.com\\\/#website\",\"url\":\"https:\\\/\\\/factoryson.com\\\/\",\"name\":\"FactorySon\",\"description\":\"My WordPress Blog\",\"potentialAction\":[{\"@type\":\"SearchAction\",\"target\":{\"@type\":\"EntryPoint\",\"urlTemplate\":\"https:\\\/\\\/factoryson.com\\\/?s={search_term_string}\"},\"query-input\":{\"@type\":\"PropertyValueSpecification\",\"valueRequired\":true,\"valueName\":\"search_term_string\"}}],\"inLanguage\":\"es\"}]}<\/script>\n<!-- \/ Yoast SEO plugin. -->","yoast_head_json":{"title":"Caluanie Muelear Oxidize 20L en venta en l\u00ednea - FactorySon","description":"Compre caluanie muelear oxidize 20L en l\u00ednea de forma c\u00f3moda y segura, con un sencillo proceso de pedido de caluanie muelear oxidize 20L en venta. Haga su pedido ahora","robots":{"index":"index","follow":"follow","max-snippet":"max-snippet:-1","max-image-preview":"max-image-preview:large","max-video-preview":"max-video-preview:-1"},"canonical":"https:\/\/factoryson.com\/es\/product\/caluanie-muelear-oxidize-sale\/","og_locale":"es_ES","og_type":"article","og_title":"Caluanie Muelear Oxidize 20L for Sale Online - FactorySon","og_description":"Buy caluanie muelear oxidize 20L online conveniently and securely, with a straightforward ordering process for caluanie muelear oxidize 20L for sale. Order now!","og_url":"https:\/\/factoryson.com\/es\/product\/caluanie-muelear-oxidize-sale\/","og_site_name":"FactorySon","article_modified_time":"2026-04-01T17:35:52+00:00","og_image":[{"width":600,"height":600,"url":"https:\/\/factoryson.com\/wp-content\/uploads\/2024\/11\/Caluanie-Muelear-Oxidize-20L.gif","type":"image\/gif"}],"twitter_card":"summary_large_image","twitter_misc":{"Tiempo de lectura":"3 minutos"},"schema":{"@context":"https:\/\/schema.org","@graph":[{"@type":"WebPage","@id":"https:\/\/factoryson.com\/product\/caluanie-muelear-oxidize-sale\/","url":"https:\/\/factoryson.com\/product\/caluanie-muelear-oxidize-sale\/","name":"Caluanie Muelear Oxidize 20L en venta en l\u00ednea - FactorySon","isPartOf":{"@id":"https:\/\/factoryson.com\/#website"},"primaryImageOfPage":{"@id":"https:\/\/factoryson.com\/product\/caluanie-muelear-oxidize-sale\/#primaryimage"},"image":{"@id":"https:\/\/factoryson.com\/product\/caluanie-muelear-oxidize-sale\/#primaryimage"},"thumbnailUrl":"https:\/\/factoryson.com\/wp-content\/uploads\/2024\/11\/Caluanie-Muelear-Oxidize-20L.gif","datePublished":"2024-11-08T05:03:38+00:00","dateModified":"2026-04-01T17:35:52+00:00","description":"Compre caluanie muelear oxidize 20L en l\u00ednea de forma c\u00f3moda y segura, con un sencillo proceso de pedido de caluanie muelear oxidize 20L en venta. Haga su pedido ahora","breadcrumb":{"@id":"https:\/\/factoryson.com\/product\/caluanie-muelear-oxidize-sale\/#breadcrumb"},"inLanguage":"es","potentialAction":[{"@type":"ReadAction","target":["https:\/\/factoryson.com\/product\/caluanie-muelear-oxidize-sale\/"]}]},{"@type":"ImageObject","inLanguage":"es","@id":"https:\/\/factoryson.com\/product\/caluanie-muelear-oxidize-sale\/#primaryimage","url":"https:\/\/factoryson.com\/wp-content\/uploads\/2024\/11\/Caluanie-Muelear-Oxidize-20L.gif","contentUrl":"https:\/\/factoryson.com\/wp-content\/uploads\/2024\/11\/Caluanie-Muelear-Oxidize-20L.gif","width":600,"height":600,"caption":"Caluanie Muelear Oxidize 20L for Sale"},{"@type":"BreadcrumbList","@id":"https:\/\/factoryson.com\/product\/caluanie-muelear-oxidize-sale\/#breadcrumb","itemListElement":[{"@type":"ListItem","position":1,"name":"Home","item":"https:\/\/factoryson.com\/nl\/"},{"@type":"ListItem","position":2,"name":"Shop","item":"https:\/\/factoryson.com\/nl\/shop\/"},{"@type":"ListItem","position":3,"name":"Caluanie Muelear Oxidize 20L for Sale"}]},{"@type":"WebSite","@id":"https:\/\/factoryson.com\/#website","url":"https:\/\/factoryson.com\/","name":"FactorySon","description":"Mi blog de WordPress","potentialAction":[{"@type":"SearchAction","target":{"@type":"EntryPoint","urlTemplate":"https:\/\/factoryson.com\/?s={search_term_string}"},"query-input":{"@type":"PropertyValueSpecification","valueRequired":true,"valueName":"search_term_string"}}],"inLanguage":"es"}]}},"_links":{"self":[{"href":"https:\/\/factoryson.com\/es\/wp-json\/wp\/v2\/product\/667","targetHints":{"allow":["GET"]}}],"collection":[{"href":"https:\/\/factoryson.com\/es\/wp-json\/wp\/v2\/product"}],"about":[{"href":"https:\/\/factoryson.com\/es\/wp-json\/wp\/v2\/types\/product"}],"replies":[{"embeddable":true,"href":"https:\/\/factoryson.com\/es\/wp-json\/wp\/v2\/comments?post=667"}],"wp:featuredmedia":[{"embeddable":true,"href":"https:\/\/factoryson.com\/es\/wp-json\/wp\/v2\/media\/736"}],"wp:attachment":[{"href":"https:\/\/factoryson.com\/es\/wp-json\/wp\/v2\/media?parent=667"}],"wp:term":[{"taxonomy":"product_brand","embeddable":true,"href":"https:\/\/factoryson.com\/es\/wp-json\/wp\/v2\/product_brand?post=667"},{"taxonomy":"product_cat","embeddable":true,"href":"https:\/\/factoryson.com\/es\/wp-json\/wp\/v2\/product_cat?post=667"},{"taxonomy":"product_tag","embeddable":true,"href":"https:\/\/factoryson.com\/es\/wp-json\/wp\/v2\/product_tag?post=667"}],"curies":[{"name":"wp","href":"https:\/\/api.w.org\/{rel}","templated":true}]}}