{"id":666,"date":"2024-11-08T05:03:38","date_gmt":"2024-11-08T05:03:38","guid":{"rendered":"https:\/\/pvpgrams.com\/factory\/?post_type=product&#038;p=666"},"modified":"2026-04-01T05:47:28","modified_gmt":"2026-04-01T05:47:28","slug":"buy-isocyanic-acid-caluanie","status":"publish","type":"product","link":"https:\/\/factoryson.com\/es\/product\/buy-isocyanic-acid-caluanie\/","title":{"rendered":"\u00c1cido isoci\u00e1nico A-B Caluanie"},"content":{"rendered":"<h2>Comprar \u00e1cido isoci\u00e1nico A-B Caluanie en l\u00ednea <a href=\"https:\/\/factoryson.com\/es\/product\/5l-caluanie-muelear-pasteurize\/\">-<\/a> Compuesto industrial de alto rendimiento para revestimientos y aislamiento<\/h2>\n<p>Con vistas a <strong>b<\/strong><strong>u<\/strong><strong>y <\/strong><strong>\u00c1cido isoci\u00e1nico A-B Caluanie<\/strong> <strong>en l\u00ednea<\/strong>? Tambi\u00e9n conocido como <strong>Caluanie Muelear Oxidar<\/strong>Este compuesto vers\u00e1til es famoso por su gran capacidad de enlace y su reactividad qu\u00edmica, lo que lo hace ideal para <strong>revestimientos industriales, aislamiento y producci\u00f3n de poliuretano<\/strong>. Disponible para <strong>pedidos a granel, al por mayor y especializados<\/strong>FactorySon suministra \u00e1cido isoci\u00e1nico A-B Caluanie de primera calidad para satisfacer las necesidades de automoci\u00f3n, construcci\u00f3n y fabricaci\u00f3n. <strong>\u00c1cido isoci\u00e1nico A-B Caluanie a la venta en l\u00ednea<\/strong>.<\/p>\n<h3>\u00bfPor qu\u00e9 elegir el \u00e1cido isoci\u00e1nico A-B Caluanie?<\/h3>\n<p>El \u00e1cido isoci\u00e1nico A-B Caluanie es una potente soluci\u00f3n para las industrias que requieren <strong>fuertes propiedades adhesivas y de revestimiento<\/strong>. Gracias a su capacidad para formar isocianatos, se utiliza ampliamente en la creaci\u00f3n de <strong>espumas r\u00edgidas, elast\u00f3meros y revestimientos protectores<\/strong>. Conocido por <strong>durabilidad, resistencia a la corrosi\u00f3n y a la intemperie<\/strong>es una opci\u00f3n a la que recurren los profesionales de <strong>reparaciones de autom\u00f3viles, aislamiento de edificios y revestimientos de superficies<\/strong>.<\/p>\n<h4>Principales ventajas del \u00e1cido isoci\u00e1nico A-B Caluanie en venta<\/h4>\n<ul>\n<li><strong>Alta reactividad y adherencia<\/strong>: Excelente para pegar materiales como <strong>aluminio, fibra de vidrio, acero, madera y cemento<\/strong>.<\/li>\n<li><strong>Duradero y resistente<\/strong>: Resistente a la corrosi\u00f3n y a la intemperie, por lo que es adecuado para <strong>revestimientos protectores de estructuras y veh\u00edculos<\/strong>.<\/li>\n<li><strong>Amplias aplicaciones industriales<\/strong>: Utilizado en <strong>producci\u00f3n de espuma de poliuretano<\/strong> para el aislamiento, y en <strong>revestimientos para suelos, cubiertas, plataformas de camiones y remolques<\/strong>.<\/li>\n<li><strong>Soluci\u00f3n rentable<\/strong>: Ideal para la producci\u00f3n en masa de diisocianatos como <strong>IDH, IDT e IDM<\/strong>Utilizado en espumas flexibles, adhesivos y elast\u00f3meros.<\/li>\n<\/ul>\n<h3>Aplicaciones del \u00e1cido isoci\u00e1nico A-B Caluanie en venta<\/h3>\n<ol>\n<li><strong>Producci\u00f3n de poliuretano<\/strong>: Clave en la producci\u00f3n de diisocianatos utilizados en <strong>espumas de poliuretano para aislamiento<\/strong>, ropa de cama, envases y sellantes.<\/li>\n<li><strong>Recubrimientos industriales y para automoci\u00f3n<\/strong>: Proporciona revestimientos de alto rendimiento para <strong>plataformas de camiones, estructuras de acero y otros equipos pesados<\/strong>Protege contra el desgaste.<\/li>\n<li><strong>Aislamiento de edificios<\/strong>: Esencial en la creaci\u00f3n de espumas r\u00edgidas para <strong>aislamiento dom\u00e9stico, frigor\u00edficos y entornos industriales<\/strong>.<\/li>\n<li><strong>Adhesi\u00f3n de materiales diversos<\/strong>: Adecuado para el pegado <strong>vidrio, caucho, cart\u00f3n, madera y metal<\/strong> superficies, con excelente adherencia y durabilidad.<\/li>\n<\/ol>\n<h3>Disponible a granel - Pedidos al por mayor y precios competitivos<\/h3>\n<p>FactorySon ofrece <strong>\u00c1cido isoci\u00e1nico A-B Caluanie<\/strong> en <strong>cantidades a granel y al por mayor<\/strong>lo que la convierte en una opci\u00f3n rentable para fabricantes e industrias que requieren grandes vol\u00famenes. Con precios competitivos y env\u00edos r\u00e1pidos, FactorySon garantiza una entrega fiable y un suministro de alta calidad.<\/p>\n<h4>Ventajas de la compra al por mayor:<\/h4>\n<ul>\n<li><strong>Ahorro de costes en pedidos de gran volumen<\/strong>: Ideal para aplicaciones industriales a gran escala.<\/li>\n<li><strong>Env\u00edos fiables y r\u00e1pidos<\/strong>: Entrega puntual para mantener su producci\u00f3n en marcha.<\/li>\n<li><strong>Cantidades flexibles<\/strong>: Pida la cantidad justa para las necesidades de su empresa, con opciones tanto para pedidos peque\u00f1os como grandes.<\/li>\n<\/ul>\n<p><strong>Pida \u00e1cido isoci\u00e1nico A-B Caluanie en l\u00ednea de FactorySon hoy<\/strong><\/p>\n<p>\u00bfDesea realizar un pedido? P\u00f3ngase en contacto con <strong>FactorySon<\/strong> a <strong>comprar<\/strong> <strong>\u00c1cido isoci\u00e1nico A-B Caluanie en l\u00ednea<\/strong> y aprenda m\u00e1s sobre <strong>precios, datos de seguridad y opciones de env\u00edo<\/strong>. Tanto si lo necesita para automoci\u00f3n, construcci\u00f3n o fabricaci\u00f3n, el \u00e1cido isoci\u00e1nico A-B Caluanie de FactorySon es la soluci\u00f3n industrial que ofrece calidad y consistencia en todo momento.<\/p>\n<h3><strong>Gu\u00eda de seguridad para la manipulaci\u00f3n del \u00e1cido isoci\u00e1nico A-B Caluanie<\/strong><\/h3>\n<p>Manipulaci\u00f3n adecuada de <a href=\"https:\/\/en.wikipedia.org\/wiki\/Isocyanic_acid\"><strong>\u00c1cido isoci\u00e1nico A-B Caluanie<\/strong><\/a> es esencial para garantizar la seguridad y un rendimiento \u00f3ptimo. He aqu\u00ed algunas directrices clave:<\/p>\n<ul>\n<li>Llevar equipo de protecci\u00f3n adecuado, incluidos guantes y gafas.<\/li>\n<li>Conservar en lugar fresco y seco, protegido del calor y de la luz solar.<\/li>\n<li>Utilizar en una zona bien ventilada para evitar la inhalaci\u00f3n de vapores.<\/li>\n<li>Elimine el producto no utilizado de acuerdo con la normativa medioambiental local.<\/li>\n<\/ul>\n<p>Consulte nuestro <strong>gu\u00eda de seguridad para la manipulaci\u00f3n del \u00e1cido isoci\u00e1nico A-B Caluanie<\/strong> para obtener instrucciones detalladas.<\/p>\n<h3><strong>Contacte con Factoryson hoy mismo<\/strong><\/h3>\n<p>Para <strong>proveedores de confianza de \u00c1cido isoci\u00e1nico A-B Caluanie<\/strong>, choose Factoryson. Whether you need <strong>\u00c1cido isoci\u00e1nico A-B de gran pureza Caluanie<\/strong> para <strong>soluciones qu\u00edmicas para la trituraci\u00f3n de metales<\/strong> o <strong>productos qu\u00edmicos mineros para la extracci\u00f3n de metales<\/strong>tenemos los productos adecuados para su negocio. P\u00f3ngase en contacto con nosotros hoy mismo para <strong>comprar \u00e1cido isoci\u00e1nico A-B Caluanie en l\u00ednea<\/strong>explorar <strong>opciones de compra al por mayor<\/strong>y mejore sus procesos industriales.<\/p>\n<p>Factoryson-Su socio de confianza para <a href=\"https:\/\/factoryson.com\/es\/product\/isocyanic-acid-a-b-caluanie\/\"><strong>Venta de \u00e1cido isoci\u00e1nico A-B Caluanie<\/strong><\/a>!<\/p>","protected":false},"excerpt":{"rendered":"<h4><strong>\u00c1cido isoci\u00e1nico (HNCO)<\/strong><\/h4>\n<p><strong>\u00c1cido isoci\u00e1nico<\/strong> es un compuesto org\u00e1nico simple cuya f\u00f3rmula qu\u00edmica es HNCO. Es un is\u00f3mero del \u00e1cido cianh\u00eddrico (HOCN) y participa en diversos procesos qu\u00edmicos. He aqu\u00ed un resumen de sus propiedades y usos:<\/p>\n<p><strong>Nombre qu\u00edmico:<\/strong> \u00c1cido isoci\u00e1nico A - B<br \/>\n<strong>Tipo:<\/strong> \u00c1CIDO ISOCIANO<br \/>\n<strong>Densidad:<\/strong> 1450 g\/l.<br \/>\n<strong>F\u00f3rmula qu\u00edmica:<\/strong> HN = C = O<br \/>\n<strong>F\u00f3rmula racional:<\/strong> CHNO<br \/>\n<strong>N\u00famero de registro CAS:<\/strong> 75-13-8<br \/>\n<strong>PubChem:<\/strong> 6347<br \/>\nN\u00famero de registro EINECS: 616-189-3<br \/>\nEs un is\u00f3mero del \u00e1cido fulmi...noico (H-C\u2261N \u2192 O).<\/p>\n<p><strong>Aplicaciones:<\/strong><\/p>\n<ul>\n<li><strong>Producci\u00f3n de poliuretano:<\/strong> El \u00e1cido isoci\u00e1nico se utiliza en la fabricaci\u00f3n de poliuretanos para ropa de cama, bases de alfombras y materiales de envasado.<\/li>\n<li><strong>Selladores y adhesivos:<\/strong> Sirve como precursor en la producci\u00f3n de sellantes, adhesivos y elast\u00f3meros.<\/li>\n<li><strong>Espumas r\u00edgidas:<\/strong> El compuesto se emplea en la creaci\u00f3n de espumas r\u00edgidas para el aislamiento de frigor\u00edficos y viviendas.<\/li>\n<li><strong>Recubrimientos superficiales:<\/strong> Por su durabilidad, resistencia a la intemperie y a la corrosi\u00f3n, el \u00e1cido isoci\u00e1nico es ideal para recubrir superficies de materiales como aluminio, acero, fibra de vidrio, madera y cemento.<\/li>\n<li><strong>Industria del autom\u00f3vil:<\/strong> Se utiliza cada vez m\u00e1s en la reparaci\u00f3n de carrocer\u00edas y el aislamiento de edificios.<\/li>\n<\/ul>","protected":false},"featured_media":735,"comment_status":"closed","ping_status":"closed","template":"","meta":{"pagelayer_contact_templates":[],"_pagelayer_content":"","_kadence_starter_templates_imported_post":false,"_kad_post_transparent":"default","_kad_post_title":"","_kad_post_layout":"default","_kad_post_sidebar_id":"","_kad_post_content_style":"default","_kad_post_vertical_padding":"default","_kad_post_feature":"","_kad_post_feature_position":"","_kad_post_header":false,"_kad_post_footer":false},"product_brand":[],"product_cat":[20],"product_tag":[],"class_list":{"0":"post-666","1":"product","2":"type-product","3":"status-publish","4":"has-post-thumbnail","6":"product_cat-caluanie","8":"first","9":"instock","10":"shipping-taxable","11":"purchasable","12":"product-type-variable","13":"entry","14":"content-bg","15":"loop-entry"},"yoast_head":"<!-- This site is optimized with the Yoast SEO plugin v27.3 - https:\/\/yoast.com\/product\/yoast-seo-wordpress\/ -->\n<title>Buy Isocyanic Acid A-B Caluanie - Isocyanic Acid A-B for Sale<\/title>\n<meta name=\"description\" content=\"If you want to buy isocyanic acid a-b caluanie online and looking for a reliable online store, then buy here. We offer only high-quality isocyanic acid a-b caluanie for sale at an affordable price. Order isocyanic acid a-b caluanie Now!\" \/>\n<meta name=\"robots\" content=\"index, follow, max-snippet:-1, max-image-preview:large, max-video-preview:-1\" \/>\n<link rel=\"canonical\" href=\"https:\/\/factoryson.com\/es\/product\/buy-isocyanic-acid-caluanie\/\" \/>\n<meta property=\"og:locale\" content=\"es_ES\" \/>\n<meta property=\"og:type\" content=\"article\" \/>\n<meta property=\"og:title\" content=\"Buy Isocyanic Acid A-B Caluanie - Isocyanic Acid A-B for Sale\" \/>\n<meta property=\"og:description\" content=\"If you want to buy isocyanic acid a-b caluanie online and looking for a reliable online store, then buy here. We offer only high-quality isocyanic acid a-b caluanie for sale at an affordable price. Order isocyanic acid a-b caluanie Now!\" \/>\n<meta property=\"og:url\" content=\"https:\/\/factoryson.com\/es\/product\/buy-isocyanic-acid-caluanie\/\" \/>\n<meta property=\"og:site_name\" content=\"FactorySon\" \/>\n<meta property=\"article:modified_time\" content=\"2026-04-01T05:47:28+00:00\" \/>\n<meta property=\"og:image\" content=\"https:\/\/factoryson.com\/wp-content\/uploads\/2024\/11\/Isocyanic-Acid-A-B-Caluanie.gif\" \/>\n\t<meta property=\"og:image:width\" content=\"600\" \/>\n\t<meta property=\"og:image:height\" content=\"600\" \/>\n\t<meta property=\"og:image:type\" content=\"image\/gif\" \/>\n<meta name=\"twitter:card\" content=\"summary_large_image\" \/>\n<meta name=\"twitter:label1\" content=\"Tiempo de lectura\" \/>\n\t<meta name=\"twitter:data1\" content=\"3 minutos\" \/>\n<script type=\"application\/ld+json\" class=\"yoast-schema-graph\">{\"@context\":\"https:\\\/\\\/schema.org\",\"@graph\":[{\"@type\":\"WebPage\",\"@id\":\"https:\\\/\\\/factoryson.com\\\/product\\\/buy-isocyanic-acid-caluanie\\\/\",\"url\":\"https:\\\/\\\/factoryson.com\\\/product\\\/buy-isocyanic-acid-caluanie\\\/\",\"name\":\"Buy Isocyanic Acid A-B Caluanie - Isocyanic Acid A-B for Sale\",\"isPartOf\":{\"@id\":\"https:\\\/\\\/factoryson.com\\\/#website\"},\"primaryImageOfPage\":{\"@id\":\"https:\\\/\\\/factoryson.com\\\/product\\\/buy-isocyanic-acid-caluanie\\\/#primaryimage\"},\"image\":{\"@id\":\"https:\\\/\\\/factoryson.com\\\/product\\\/buy-isocyanic-acid-caluanie\\\/#primaryimage\"},\"thumbnailUrl\":\"https:\\\/\\\/factoryson.com\\\/wp-content\\\/uploads\\\/2024\\\/11\\\/Isocyanic-Acid-A-B-Caluanie.gif\",\"datePublished\":\"2024-11-08T05:03:38+00:00\",\"dateModified\":\"2026-04-01T05:47:28+00:00\",\"description\":\"If you want to buy isocyanic acid a-b caluanie online and looking for a reliable online store, then buy here. We offer only high-quality isocyanic acid a-b caluanie for sale at an affordable price. Order isocyanic acid a-b caluanie Now!\",\"breadcrumb\":{\"@id\":\"https:\\\/\\\/factoryson.com\\\/product\\\/buy-isocyanic-acid-caluanie\\\/#breadcrumb\"},\"inLanguage\":\"es\",\"potentialAction\":[{\"@type\":\"ReadAction\",\"target\":[\"https:\\\/\\\/factoryson.com\\\/product\\\/buy-isocyanic-acid-caluanie\\\/\"]}]},{\"@type\":\"ImageObject\",\"inLanguage\":\"es\",\"@id\":\"https:\\\/\\\/factoryson.com\\\/product\\\/buy-isocyanic-acid-caluanie\\\/#primaryimage\",\"url\":\"https:\\\/\\\/factoryson.com\\\/wp-content\\\/uploads\\\/2024\\\/11\\\/Isocyanic-Acid-A-B-Caluanie.gif\",\"contentUrl\":\"https:\\\/\\\/factoryson.com\\\/wp-content\\\/uploads\\\/2024\\\/11\\\/Isocyanic-Acid-A-B-Caluanie.gif\",\"width\":600,\"height\":600,\"caption\":\"Buy Isocyanic Acid A-B Caluanie Online\"},{\"@type\":\"BreadcrumbList\",\"@id\":\"https:\\\/\\\/factoryson.com\\\/product\\\/buy-isocyanic-acid-caluanie\\\/#breadcrumb\",\"itemListElement\":[{\"@type\":\"ListItem\",\"position\":1,\"name\":\"Home\",\"item\":\"https:\\\/\\\/factoryson.com\\\/nl\\\/\"},{\"@type\":\"ListItem\",\"position\":2,\"name\":\"Shop\",\"item\":\"https:\\\/\\\/factoryson.com\\\/nl\\\/shop\\\/\"},{\"@type\":\"ListItem\",\"position\":3,\"name\":\"Isocyanic Acid A-B Caluanie\"}]},{\"@type\":\"WebSite\",\"@id\":\"https:\\\/\\\/factoryson.com\\\/#website\",\"url\":\"https:\\\/\\\/factoryson.com\\\/\",\"name\":\"FactorySon\",\"description\":\"My WordPress Blog\",\"potentialAction\":[{\"@type\":\"SearchAction\",\"target\":{\"@type\":\"EntryPoint\",\"urlTemplate\":\"https:\\\/\\\/factoryson.com\\\/?s={search_term_string}\"},\"query-input\":{\"@type\":\"PropertyValueSpecification\",\"valueRequired\":true,\"valueName\":\"search_term_string\"}}],\"inLanguage\":\"es\"}]}<\/script>\n<!-- \/ Yoast SEO plugin. -->","yoast_head_json":{"title":"Comprar \u00e1cido isoci\u00e1nico A-B Caluanie - Venta de \u00e1cido isoci\u00e1nico A-B","description":"Si desea comprar \u00e1cido isoci\u00e1nico a-b caluanie en l\u00ednea y en busca de una tienda en l\u00ednea confiable, a continuaci\u00f3n, comprar aqu\u00ed. Ofrecemos s\u00f3lo el \u00e1cido isoci\u00e1nico a-b caluanie de alta calidad para la venta a un precio asequible. Pedir \u00e1cido isoci\u00e1nico a-b caluanie \u00a1Ahora!","robots":{"index":"index","follow":"follow","max-snippet":"max-snippet:-1","max-image-preview":"max-image-preview:large","max-video-preview":"max-video-preview:-1"},"canonical":"https:\/\/factoryson.com\/es\/product\/buy-isocyanic-acid-caluanie\/","og_locale":"es_ES","og_type":"article","og_title":"Buy Isocyanic Acid A-B Caluanie - Isocyanic Acid A-B for Sale","og_description":"If you want to buy isocyanic acid a-b caluanie online and looking for a reliable online store, then buy here. We offer only high-quality isocyanic acid a-b caluanie for sale at an affordable price. Order isocyanic acid a-b caluanie Now!","og_url":"https:\/\/factoryson.com\/es\/product\/buy-isocyanic-acid-caluanie\/","og_site_name":"FactorySon","article_modified_time":"2026-04-01T05:47:28+00:00","og_image":[{"width":600,"height":600,"url":"https:\/\/factoryson.com\/wp-content\/uploads\/2024\/11\/Isocyanic-Acid-A-B-Caluanie.gif","type":"image\/gif"}],"twitter_card":"summary_large_image","twitter_misc":{"Tiempo de lectura":"3 minutos"},"schema":{"@context":"https:\/\/schema.org","@graph":[{"@type":"WebPage","@id":"https:\/\/factoryson.com\/product\/buy-isocyanic-acid-caluanie\/","url":"https:\/\/factoryson.com\/product\/buy-isocyanic-acid-caluanie\/","name":"Comprar \u00e1cido isoci\u00e1nico A-B Caluanie - Venta de \u00e1cido isoci\u00e1nico A-B","isPartOf":{"@id":"https:\/\/factoryson.com\/#website"},"primaryImageOfPage":{"@id":"https:\/\/factoryson.com\/product\/buy-isocyanic-acid-caluanie\/#primaryimage"},"image":{"@id":"https:\/\/factoryson.com\/product\/buy-isocyanic-acid-caluanie\/#primaryimage"},"thumbnailUrl":"https:\/\/factoryson.com\/wp-content\/uploads\/2024\/11\/Isocyanic-Acid-A-B-Caluanie.gif","datePublished":"2024-11-08T05:03:38+00:00","dateModified":"2026-04-01T05:47:28+00:00","description":"Si desea comprar \u00e1cido isoci\u00e1nico a-b caluanie en l\u00ednea y en busca de una tienda en l\u00ednea confiable, a continuaci\u00f3n, comprar aqu\u00ed. Ofrecemos s\u00f3lo el \u00e1cido isoci\u00e1nico a-b caluanie de alta calidad para la venta a un precio asequible. Pedir \u00e1cido isoci\u00e1nico a-b caluanie \u00a1Ahora!","breadcrumb":{"@id":"https:\/\/factoryson.com\/product\/buy-isocyanic-acid-caluanie\/#breadcrumb"},"inLanguage":"es","potentialAction":[{"@type":"ReadAction","target":["https:\/\/factoryson.com\/product\/buy-isocyanic-acid-caluanie\/"]}]},{"@type":"ImageObject","inLanguage":"es","@id":"https:\/\/factoryson.com\/product\/buy-isocyanic-acid-caluanie\/#primaryimage","url":"https:\/\/factoryson.com\/wp-content\/uploads\/2024\/11\/Isocyanic-Acid-A-B-Caluanie.gif","contentUrl":"https:\/\/factoryson.com\/wp-content\/uploads\/2024\/11\/Isocyanic-Acid-A-B-Caluanie.gif","width":600,"height":600,"caption":"Buy Isocyanic Acid A-B Caluanie Online"},{"@type":"BreadcrumbList","@id":"https:\/\/factoryson.com\/product\/buy-isocyanic-acid-caluanie\/#breadcrumb","itemListElement":[{"@type":"ListItem","position":1,"name":"Home","item":"https:\/\/factoryson.com\/nl\/"},{"@type":"ListItem","position":2,"name":"Shop","item":"https:\/\/factoryson.com\/nl\/shop\/"},{"@type":"ListItem","position":3,"name":"Isocyanic Acid A-B Caluanie"}]},{"@type":"WebSite","@id":"https:\/\/factoryson.com\/#website","url":"https:\/\/factoryson.com\/","name":"FactorySon","description":"Mi blog de WordPress","potentialAction":[{"@type":"SearchAction","target":{"@type":"EntryPoint","urlTemplate":"https:\/\/factoryson.com\/?s={search_term_string}"},"query-input":{"@type":"PropertyValueSpecification","valueRequired":true,"valueName":"search_term_string"}}],"inLanguage":"es"}]}},"_links":{"self":[{"href":"https:\/\/factoryson.com\/es\/wp-json\/wp\/v2\/product\/666","targetHints":{"allow":["GET"]}}],"collection":[{"href":"https:\/\/factoryson.com\/es\/wp-json\/wp\/v2\/product"}],"about":[{"href":"https:\/\/factoryson.com\/es\/wp-json\/wp\/v2\/types\/product"}],"replies":[{"embeddable":true,"href":"https:\/\/factoryson.com\/es\/wp-json\/wp\/v2\/comments?post=666"}],"wp:featuredmedia":[{"embeddable":true,"href":"https:\/\/factoryson.com\/es\/wp-json\/wp\/v2\/media\/735"}],"wp:attachment":[{"href":"https:\/\/factoryson.com\/es\/wp-json\/wp\/v2\/media?parent=666"}],"wp:term":[{"taxonomy":"product_brand","embeddable":true,"href":"https:\/\/factoryson.com\/es\/wp-json\/wp\/v2\/product_brand?post=666"},{"taxonomy":"product_cat","embeddable":true,"href":"https:\/\/factoryson.com\/es\/wp-json\/wp\/v2\/product_cat?post=666"},{"taxonomy":"product_tag","embeddable":true,"href":"https:\/\/factoryson.com\/es\/wp-json\/wp\/v2\/product_tag?post=666"}],"curies":[{"name":"wp","href":"https:\/\/api.w.org\/{rel}","templated":true}]}}