{"id":1810,"date":"2026-04-06T17:56:21","date_gmt":"2026-04-06T17:56:21","guid":{"rendered":"https:\/\/factoryson.com\/?post_type=product&#038;p=1810"},"modified":"2026-04-18T06:51:52","modified_gmt":"2026-04-18T06:51:52","slug":"glyphosate","status":"publish","type":"product","link":"https:\/\/factoryson.com\/es\/product\/glyphosate\/","title":{"rendered":"Glyphosate"},"content":{"rendered":"<p data-start=\"0\" data-end=\"961\"><strong><a href=\"https:\/\/factoryson.com\/es\/product\/glyphosate\/\">Comprar glifosato en l\u00ednea<\/a><\/strong> Es un potente regulador del crecimiento vegetal y herbicida. Su modo de acci\u00f3n consiste en interferir con la v\u00eda del shikimato al inhibir la sintasa de 5-enolpiruvilshikimato-3-fosfato (EPSP) (Steinr\u00fccken y Amrhein, 1980), que es responsable de la bios\u00edntesis de los compuestos arom\u00e1ticos (p. ej., tript\u00f3fano, fenilalanina y tirosina) y la isoenzima sintasa de 3-desoxi-d-arabino-heptulosonato 7-fosfato (DAHP). <a href=\"https:\/\/en.wikipedia.org\/wiki\/Glyphosate\"><strong data-start=\"434\" data-end=\"458\">Herbicida de glifosato<\/strong><\/a>, tambi\u00e9n conocido como herbicida a base de glifosato, se clasifica como un herbicida de amplio espectro, sist\u00e9mico y no selectivo, lo que lo convierte en un producto qu\u00edmico eficaz para el control de malezas. Al funcionar como inhibidor de la EPSP sintasa y de la v\u00eda del shikimato, act\u00faa como inhibidor del 5-enolpiruvilshikimato-3-fosfato y de la bios\u00edntesis de amino\u00e1cidos arom\u00e1ticos, sirviendo as\u00ed como un inhibidor metab\u00f3lico vegetal con un modo de acci\u00f3n herbicida bien definido. <strong><a href=\"https:\/\/factoryson.com\/es\/\">Factoryson.com<\/a><\/strong><\/p>\n<p data-start=\"963\" data-end=\"1407\" data-is-last-node=\"\" data-is-only-node=\"\">Un gen EPSP que confiere resistencia al glifosato fue aislado por primera vez de *Salmonella* sp. (Comei et al. 1983). El glifosato es estable frente a la esterilizaci\u00f3n en autoclave (Haderlie et al. 1977). Se ha demostrado actividad herbicida a una concentraci\u00f3n de 0,5 mM en soja (Hinchee et al. 1988) y de 1 mM en tabaco (Singer y McDaniel, 1985). En cuanto a su adquisici\u00f3n, se encuentra ampliamente disponible a trav\u00e9s de <strong data-start=\"1304\" data-end=\"1337\"><a href=\"https:\/\/www.sciencedirect.com\/topics\/pharmacology-toxicology-and-pharmaceutical-science\/glyphosate\">Productos qu\u00edmicos agr\u00edcolas<\/a><\/strong>En l\u00ednea: distribuidores de herbicidas y proveedores mayoristas de matamalezas.<\/p>\n<table>\n<tbody>\n<tr class=\"rowBgui\">\n<td class=\"tdwdt\">Tama\u00f1o del envase<\/td>\n<td class=\"tdwdt1 color6\"><span class=\"datatooltip\">1, 500, 250, 100<\/span><\/td>\n<\/tr>\n<tr class=\"\">\n<td class=\"tdwdt\">Nombre t\u00e9cnico<\/td>\n<td class=\"tdwdt1 color6\"><span class=\"datatooltip\">Glifosato t\u00e9cnico<\/span><\/td>\n<\/tr>\n<tr class=\"rowBgui\">\n<td class=\"tdwdt\">Forma<\/td>\n<td class=\"tdwdt1 color6\"><span class=\"datatooltip\">: L\u00edquido<\/span><\/td>\n<\/tr>\n<tr class=\"\">\n<td class=\"tdwdt\">Formulaci\u00f3n<\/td>\n<td class=\"tdwdt1 color6\"><span class=\"datatooltip\">Glifosato<\/span><\/td>\n<\/tr>\n<tr class=\"rowBgui\">\n<td class=\"tdwdt\">Marca<\/td>\n<td class=\"tdwdt1 color6\"><span class=\"datatooltip\">ACE 41<\/span><\/td>\n<\/tr>\n<tr class=\"\">\n<td class=\"tdwdt\">Grupo qu\u00edmico<\/td>\n<td class=\"tdwdt1 color6\"><span class=\"datatooltip\">Glifosato<\/span><\/td>\n<\/tr>\n<tr class=\"rowBgui\">\n<td class=\"tdwdt\">Amplia disponibilidad<\/td>\n<td class=\"tdwdt1 color6\"><span class=\"datatooltip\">En stock<\/span><\/td>\n<\/tr>\n<tr class=\"\">\n<td class=\"tdwdt\"><\/td>\n<td class=\"tdwdt1 color6\"><\/td>\n<\/tr>\n<\/tbody>\n<\/table>\n<div>\n<div>\n<div id=\"descp2\">\n<div class=\"pro-descN\">\n<p>Muy buen material.<\/p>\n<ul>\n<li>El glifosato es un herbicida que se utiliza en el hogar y <strong><a href=\"https:\/\/factoryson.com\/es\/product\/paraquat-dichloride\/\">Marihuana comercial<\/a><\/strong> ...herbicida, comercializado bajo la marca Roundup, entre otras. Tambi\u00e9n se utiliza en la agricultura como desecante de cultivos para acelerar el secado de las cosechas antes de la recolecci\u00f3n, con el fin de mejorar el rendimiento. La Agencia de Protecci\u00f3n Ambiental de los Estados Unidos (EPA) declar\u00f3 que, cuando se utiliza seg\u00fan las indicaciones, el glifosato es seguro y no representa...<a href=\"https:\/\/factoryson.com\/es\/product\/glyphosate\/\"><strong>Compra ahora<\/strong><\/a><\/li>\n<\/ul>\n<\/div>\n<\/div>\n<\/div>\n<\/div>","protected":false},"excerpt":{"rendered":"<p>Buy Glyphosate Online is a potent plant growth regulator and herbicide. Its mode of action is to interfere with the shikimate pathway by inhibiting the 5-enolpyruvylshikimate-3-phosphate (EPSP) synthase (Steinr\u00fccken and Amrhein, 1980), which is responsible for the biosynthesis of the aromatic compounds (e.g., tryptophan, phenylalanine, and tyrosine) and the 3-deoxy-d-arabino-heptulosonate 7-phosphate (DAHP) synthase isozyme. This&#8230;<\/p>","protected":false},"featured_media":1856,"comment_status":"closed","ping_status":"closed","template":"","meta":{"pagelayer_contact_templates":[],"_pagelayer_content":"","_kadence_starter_templates_imported_post":false,"_kad_post_transparent":"default","_kad_post_title":"","_kad_post_layout":"default","_kad_post_sidebar_id":"","_kad_post_content_style":"default","_kad_post_vertical_padding":"default","_kad_post_feature":"","_kad_post_feature_position":"","_kad_post_header":false,"_kad_post_footer":false},"product_brand":[],"product_cat":[117],"product_tag":[],"class_list":{"0":"post-1810","1":"product","2":"type-product","3":"status-publish","4":"has-post-thumbnail","6":"product_cat-agrochemicals-pesticides","8":"first","9":"instock","10":"shipping-taxable","11":"purchasable","12":"product-type-variable","13":"entry","14":"content-bg","15":"loop-entry"},"yoast_head":"<!-- This site is optimized with the Yoast SEO plugin v27.3 - https:\/\/yoast.com\/product\/yoast-seo-wordpress\/ -->\n<title>Buy Glyphosate Online - Herbicides<\/title>\n<meta name=\"description\" content=\"Buy Glyphosate Online, Find glyphosate concentrate for controlling annual and perennial weeds. Ideal for driveways, walkways, and garden areas. Browse options now.\" \/>\n<meta name=\"robots\" content=\"index, follow, max-snippet:-1, max-image-preview:large, max-video-preview:-1\" \/>\n<link rel=\"canonical\" href=\"https:\/\/factoryson.com\/es\/product\/glyphosate\/\" \/>\n<meta property=\"og:locale\" content=\"es_ES\" \/>\n<meta property=\"og:type\" content=\"article\" \/>\n<meta property=\"og:title\" content=\"Buy Glyphosate Online - Herbicides\" \/>\n<meta property=\"og:description\" content=\"Buy Glyphosate Online, Find glyphosate concentrate for controlling annual and perennial weeds. Ideal for driveways, walkways, and garden areas. Browse options now.\" \/>\n<meta property=\"og:url\" content=\"https:\/\/factoryson.com\/es\/product\/glyphosate\/\" \/>\n<meta property=\"og:site_name\" content=\"FactorySon\" \/>\n<meta property=\"article:modified_time\" content=\"2026-04-18T06:51:52+00:00\" \/>\n<meta property=\"og:image\" content=\"https:\/\/factoryson.com\/wp-content\/uploads\/2026\/04\/glyphosate-41-sl.jpeg\" \/>\n\t<meta property=\"og:image:width\" content=\"1860\" \/>\n\t<meta property=\"og:image:height\" content=\"2000\" \/>\n\t<meta property=\"og:image:type\" content=\"image\/jpeg\" \/>\n<meta name=\"twitter:card\" content=\"summary_large_image\" \/>\n<meta name=\"twitter:label1\" content=\"Tiempo de lectura\" \/>\n\t<meta name=\"twitter:data1\" content=\"2 minutos\" \/>\n<script type=\"application\/ld+json\" class=\"yoast-schema-graph\">{\"@context\":\"https:\\\/\\\/schema.org\",\"@graph\":[{\"@type\":\"WebPage\",\"@id\":\"https:\\\/\\\/factoryson.com\\\/product\\\/glyphosate\\\/\",\"url\":\"https:\\\/\\\/factoryson.com\\\/product\\\/glyphosate\\\/\",\"name\":\"Buy Glyphosate Online - Herbicides\",\"isPartOf\":{\"@id\":\"https:\\\/\\\/factoryson.com\\\/#website\"},\"primaryImageOfPage\":{\"@id\":\"https:\\\/\\\/factoryson.com\\\/product\\\/glyphosate\\\/#primaryimage\"},\"image\":{\"@id\":\"https:\\\/\\\/factoryson.com\\\/product\\\/glyphosate\\\/#primaryimage\"},\"thumbnailUrl\":\"https:\\\/\\\/factoryson.com\\\/wp-content\\\/uploads\\\/2026\\\/04\\\/glyphosate-41-sl.jpeg\",\"datePublished\":\"2026-04-06T17:56:21+00:00\",\"dateModified\":\"2026-04-18T06:51:52+00:00\",\"description\":\"Buy Glyphosate Online, Find glyphosate concentrate for controlling annual and perennial weeds. Ideal for driveways, walkways, and garden areas. Browse options now.\",\"breadcrumb\":{\"@id\":\"https:\\\/\\\/factoryson.com\\\/product\\\/glyphosate\\\/#breadcrumb\"},\"inLanguage\":\"es\",\"potentialAction\":[{\"@type\":\"ReadAction\",\"target\":[\"https:\\\/\\\/factoryson.com\\\/product\\\/glyphosate\\\/\"]}]},{\"@type\":\"ImageObject\",\"inLanguage\":\"es\",\"@id\":\"https:\\\/\\\/factoryson.com\\\/product\\\/glyphosate\\\/#primaryimage\",\"url\":\"https:\\\/\\\/factoryson.com\\\/wp-content\\\/uploads\\\/2026\\\/04\\\/glyphosate-41-sl.jpeg\",\"contentUrl\":\"https:\\\/\\\/factoryson.com\\\/wp-content\\\/uploads\\\/2026\\\/04\\\/glyphosate-41-sl.jpeg\",\"width\":1860,\"height\":2000,\"caption\":\"Buy Glyphosate Online\"},{\"@type\":\"BreadcrumbList\",\"@id\":\"https:\\\/\\\/factoryson.com\\\/product\\\/glyphosate\\\/#breadcrumb\",\"itemListElement\":[{\"@type\":\"ListItem\",\"position\":1,\"name\":\"Home\",\"item\":\"https:\\\/\\\/factoryson.com\\\/nl\\\/\"},{\"@type\":\"ListItem\",\"position\":2,\"name\":\"Shop\",\"item\":\"https:\\\/\\\/factoryson.com\\\/nl\\\/shop\\\/\"},{\"@type\":\"ListItem\",\"position\":3,\"name\":\"Glyphosate\"}]},{\"@type\":\"WebSite\",\"@id\":\"https:\\\/\\\/factoryson.com\\\/#website\",\"url\":\"https:\\\/\\\/factoryson.com\\\/\",\"name\":\"FactorySon\",\"description\":\"My WordPress Blog\",\"potentialAction\":[{\"@type\":\"SearchAction\",\"target\":{\"@type\":\"EntryPoint\",\"urlTemplate\":\"https:\\\/\\\/factoryson.com\\\/?s={search_term_string}\"},\"query-input\":{\"@type\":\"PropertyValueSpecification\",\"valueRequired\":true,\"valueName\":\"search_term_string\"}}],\"inLanguage\":\"es\"}]}<\/script>\n<!-- \/ Yoast SEO plugin. -->","yoast_head_json":{"title":"Buy Glyphosate Online - Herbicides","description":"Buy Glyphosate Online, Find glyphosate concentrate for controlling annual and perennial weeds. Ideal for driveways, walkways, and garden areas. Browse options now.","robots":{"index":"index","follow":"follow","max-snippet":"max-snippet:-1","max-image-preview":"max-image-preview:large","max-video-preview":"max-video-preview:-1"},"canonical":"https:\/\/factoryson.com\/es\/product\/glyphosate\/","og_locale":"es_ES","og_type":"article","og_title":"Buy Glyphosate Online - Herbicides","og_description":"Buy Glyphosate Online, Find glyphosate concentrate for controlling annual and perennial weeds. Ideal for driveways, walkways, and garden areas. Browse options now.","og_url":"https:\/\/factoryson.com\/es\/product\/glyphosate\/","og_site_name":"FactorySon","article_modified_time":"2026-04-18T06:51:52+00:00","og_image":[{"width":1860,"height":2000,"url":"https:\/\/factoryson.com\/wp-content\/uploads\/2026\/04\/glyphosate-41-sl.jpeg","type":"image\/jpeg"}],"twitter_card":"summary_large_image","twitter_misc":{"Tiempo de lectura":"2 minutos"},"schema":{"@context":"https:\/\/schema.org","@graph":[{"@type":"WebPage","@id":"https:\/\/factoryson.com\/product\/glyphosate\/","url":"https:\/\/factoryson.com\/product\/glyphosate\/","name":"Buy Glyphosate Online - Herbicides","isPartOf":{"@id":"https:\/\/factoryson.com\/#website"},"primaryImageOfPage":{"@id":"https:\/\/factoryson.com\/product\/glyphosate\/#primaryimage"},"image":{"@id":"https:\/\/factoryson.com\/product\/glyphosate\/#primaryimage"},"thumbnailUrl":"https:\/\/factoryson.com\/wp-content\/uploads\/2026\/04\/glyphosate-41-sl.jpeg","datePublished":"2026-04-06T17:56:21+00:00","dateModified":"2026-04-18T06:51:52+00:00","description":"Buy Glyphosate Online, Find glyphosate concentrate for controlling annual and perennial weeds. Ideal for driveways, walkways, and garden areas. Browse options now.","breadcrumb":{"@id":"https:\/\/factoryson.com\/product\/glyphosate\/#breadcrumb"},"inLanguage":"es","potentialAction":[{"@type":"ReadAction","target":["https:\/\/factoryson.com\/product\/glyphosate\/"]}]},{"@type":"ImageObject","inLanguage":"es","@id":"https:\/\/factoryson.com\/product\/glyphosate\/#primaryimage","url":"https:\/\/factoryson.com\/wp-content\/uploads\/2026\/04\/glyphosate-41-sl.jpeg","contentUrl":"https:\/\/factoryson.com\/wp-content\/uploads\/2026\/04\/glyphosate-41-sl.jpeg","width":1860,"height":2000,"caption":"Buy Glyphosate Online"},{"@type":"BreadcrumbList","@id":"https:\/\/factoryson.com\/product\/glyphosate\/#breadcrumb","itemListElement":[{"@type":"ListItem","position":1,"name":"Home","item":"https:\/\/factoryson.com\/nl\/"},{"@type":"ListItem","position":2,"name":"Shop","item":"https:\/\/factoryson.com\/nl\/shop\/"},{"@type":"ListItem","position":3,"name":"Glyphosate"}]},{"@type":"WebSite","@id":"https:\/\/factoryson.com\/#website","url":"https:\/\/factoryson.com\/","name":"FactorySon","description":"Mi blog de WordPress","potentialAction":[{"@type":"SearchAction","target":{"@type":"EntryPoint","urlTemplate":"https:\/\/factoryson.com\/?s={search_term_string}"},"query-input":{"@type":"PropertyValueSpecification","valueRequired":true,"valueName":"search_term_string"}}],"inLanguage":"es"}]}},"_links":{"self":[{"href":"https:\/\/factoryson.com\/es\/wp-json\/wp\/v2\/product\/1810","targetHints":{"allow":["GET"]}}],"collection":[{"href":"https:\/\/factoryson.com\/es\/wp-json\/wp\/v2\/product"}],"about":[{"href":"https:\/\/factoryson.com\/es\/wp-json\/wp\/v2\/types\/product"}],"replies":[{"embeddable":true,"href":"https:\/\/factoryson.com\/es\/wp-json\/wp\/v2\/comments?post=1810"}],"wp:featuredmedia":[{"embeddable":true,"href":"https:\/\/factoryson.com\/es\/wp-json\/wp\/v2\/media\/1856"}],"wp:attachment":[{"href":"https:\/\/factoryson.com\/es\/wp-json\/wp\/v2\/media?parent=1810"}],"wp:term":[{"taxonomy":"product_brand","embeddable":true,"href":"https:\/\/factoryson.com\/es\/wp-json\/wp\/v2\/product_brand?post=1810"},{"taxonomy":"product_cat","embeddable":true,"href":"https:\/\/factoryson.com\/es\/wp-json\/wp\/v2\/product_cat?post=1810"},{"taxonomy":"product_tag","embeddable":true,"href":"https:\/\/factoryson.com\/es\/wp-json\/wp\/v2\/product_tag?post=1810"}],"curies":[{"name":"wp","href":"https:\/\/api.w.org\/{rel}","templated":true}]}}