{"id":667,"date":"2024-11-08T05:03:38","date_gmt":"2024-11-08T05:03:38","guid":{"rendered":"https:\/\/pvpgrams.com\/factory\/?post_type=product&#038;p=667"},"modified":"2026-04-01T17:35:52","modified_gmt":"2026-04-01T17:35:52","slug":"caluanie-muelear-oxidize-sale","status":"publish","type":"product","link":"https:\/\/factoryson.com\/de\/product\/caluanie-muelear-oxidize-sale\/","title":{"rendered":"Caluanie Muelear Oxidize 20L zu verkaufen"},"content":{"rendered":"<h3>Caluanie Muelear Oxidize 20L: Ihre industrielle L\u00f6sung<\/h3>\n<p>Suchen Sie Caluanie Muelear Oxidize 20L zum besten Preis aus vertrauensw\u00fcrdiger Quelle? Bei Factoryson sind wir spezialisiert auf die Bereitstellung <strong>high-purity<a href=\"https:\/\/factoryson.com\/de\/product\/benzyl-cyanide-for-sale\/\"> Caluanie Muelear Oxidieren<\/a><\/strong> f\u00fcr Branchen weltweit. Ob Sie in der <strong>Metallrecycling<\/strong>, <strong>Bergbau<\/strong>, oder <strong>stoffverarbeitende Industrien<\/strong>unser <strong>Caluanie Muelear Oxidieren 20L<\/strong> bietet die perfekte L\u00f6sung f\u00fcr Ihre hohen Anforderungen. Mit <strong>Caluanie Muelear Oxidize 20L zu verkaufen<\/strong>Wir garantieren Ihnen erstklassige Qualit\u00e4t und wettbewerbsf\u00e4hige Preise f\u00fcr Ihren gesamten industriellen Bedarf.<a href=\"https:\/\/moleculeminds.com\/shop\/1l-caluanie-muelear-oxidize\/\">.<\/a><\/p>\n<h3>Warum Factoryson f\u00fcr Caluanie Muelear Oxidize w\u00e4hlen?<\/h3>\n<p>Wir sind eine der gr\u00f6\u00dften <strong>vertrauensw\u00fcrdige Lieferanten von Caluanie Muelear <a href=\"https:\/\/en.wikipedia.org\/wiki\/Oxidizing_acid\">Oxidieren<\/a><\/strong>und bietet <strong>Bulk Caluanie Muelear Oxidize Bestellungen<\/strong> f\u00fcr <strong>Metallindustrien<\/strong> und <strong>Materialverarbeitungsanwendungen<\/strong>. Als zuverl\u00e4ssig <strong>Caluanie Online-Anbieter<\/strong>bieten wir schnellen Versand, flexible Optionen und <strong>Verf\u00fcgbarkeit von Caluanie f\u00fcr den Export<\/strong> um Kunden auf der ganzen Welt zu bedienen. Unser <strong>Caluanie Muelear Oxidize Preis pro Liter<\/strong> ist wettbewerbsf\u00e4hig, so dass es f\u00fcr Unternehmen einfacher ist, sich f\u00fcr Factoryson als Partner der ersten Wahl zu entscheiden.<\/p>\n<h4>Anwendungen von Caluanie Muelear Oxidize 20L<\/h4>\n<p><strong>Caluanie Muelear Oxidize in Industriequalit\u00e4t<\/strong> ist f\u00fcr eine Vielzahl von Schwerlastanwendungen in verschiedenen Branchen konzipiert. Und so funktioniert's:<\/p>\n<ol>\n<li><strong>Metall-Erweichung<\/strong>: Wesentlich f\u00fcr <strong>Lieferanten f\u00fcr Metallerweichungsreagenzien<\/strong>Caluanie wird verwendet in <strong>Metallrecycling-Chemikalien<\/strong> um Metalle spr\u00f6de und leichter zerbrechlich zu machen.<\/li>\n<li><strong>Erze und Mineralienverarbeitung<\/strong>: Wenn Sie <strong>Caluanie f\u00fcr den Bergbau und die Erzaufbereitung kaufen<\/strong>Es vereinfacht die Extraktionsprozesse und verbessert die Effizienz.<\/li>\n<li><strong>Chemikalien f\u00fcr die Hochleistungszerkleinerung<\/strong>: Mit seinen starken Eigenschaften ist Caluanie ein unverzichtbares <strong>chemische L\u00f6sung f\u00fcr die Zerkleinerung von Metallen<\/strong> und anderen harten Materialien.<\/li>\n<li><strong>Recycling und Bergbau<\/strong>: Seine Verwendung in <strong>Recycling- und Bergbauindustrie<\/strong> macht es zu einem Favoriten f\u00fcr <strong>industrielle Abnehmer von Caluanie Muelear Oxidize<\/strong>.<\/li>\n<\/ol>\n<h4>Gro\u00dfbestellungen f\u00fcr die Schwerindustrie<\/h4>\n<p>Factoryson ist spezialisiert auf <strong>Bulk Caluanie Muelear Oxidize Bestellungen<\/strong> f\u00fcr <strong>Schwerindustrien<\/strong>. Ob Sie brauchen <strong>Caluanie Schwerwasserreagenz<\/strong> f\u00fcr Gro\u00dfbetriebe oder kleinere Mengen f\u00fcr Nischenanwendungen, wir haben das Richtige f\u00fcr Sie. Unsere Rolle als <strong>Caluanie-Lieferant f\u00fcr die Metallindustrie<\/strong> gew\u00e4hrleistet eine reibungslose Lieferung und zuverl\u00e4ssige Leistung bei jeder Lieferung.<\/p>\n<h3>Sicherheitsleitfaden f\u00fcr die Handhabung von Caluanie Muelear Oxidize<\/h3>\n<p>Sicherheit ist unsere oberste Priorit\u00e4t. Bei der Verwendung <strong>Caluanie Muelear Oxidieren 20L<\/strong>befolgen Sie diese Leitlinien:<\/p>\n<ul>\n<li>Tragen Sie geeignete Schutzkleidung, einschlie\u00dflich Handschuhe und Schutzbrille.<\/li>\n<li>In einem gut bel\u00fcfteten Bereich verwenden, um das Einatmen von D\u00e4mpfen zu vermeiden.<\/li>\n<li>An einem sicheren, k\u00fchlen und trockenen Ort aufbewahren.<\/li>\n<li>Siehe unser detailliertes <strong>Sicherheitsleitfaden f\u00fcr die Handhabung von Caluanie Muelear Oxidize<\/strong> um die besten Praktiken zu gew\u00e4hrleisten.<\/li>\n<\/ul>\n<h3>Kontaktieren Sie uns f\u00fcr Caluanie Muelear Oxidize 20L<\/h3>\n<p>Auf der Suche nach dem <strong>Bester Ort zum Kauf von Caluanie<a href=\"https:\/\/factoryson.com\/de\/product\/sodium-benzoate-powder-sale\/\"> Muelear Oxidize 20L<\/a> online<\/strong>? Factoryson bietet <strong>hochreines Caluanie Muelear Oxidize<\/strong> die auf Ihre spezifischen Bed\u00fcrfnisse zugeschnitten sind. Mit unserem Know-how in <strong>Industrielle Verwendung von Caluanie Muelear Oxidize<\/strong>liefern wir au\u00dfergew\u00f6hnliche Werte f\u00fcr alle industriellen Anwendungen. Kontaktieren Sie uns noch heute und erfahren Sie mehr \u00fcber <strong><a href=\"https:\/\/factoryson.com\/de\/product\/benzyl-cyanide-for-sale\/\">Caluanie Muelear Oxidieren<\/a> 20L for sale<\/strong>eine Bestellung aufgeben, oder erkunden Sie unser <strong>Gro\u00dfeinkaufsoptionen<\/strong>. Kaufen Caluanie Muelear Oxidize 20L<\/p>\n<p>Factorys - Ihr zuverl\u00e4ssiger Partner f\u00fcr <strong>Caluanie Muelear Oxidize 20L zu verkaufen<\/strong>!<\/p>","protected":false},"excerpt":{"rendered":"<p>Willkommen in der Zukunft der chemischen Innovation mit <strong>20L Caluanie Muelear Oxidieren<\/strong>. Mit der Weiterentwicklung der Industrie steigt die Nachfrage nach hochleistungsf\u00e4higen Chemikalien, die die Produktionseffizienz und Produktqualit\u00e4t steigern k\u00f6nnen, weiter an. Caluanie Muelear Oxidize steht an vorderster Front und dient als vielseitiges Oxidationsmittel, das f\u00fcr verschiedene Anwendungen wie Pharmazeutika, Landwirtschaft und chemische Produktion entscheidend ist.<\/p>\n<ul>\n<li><strong>Molekulare Formel<\/strong>: C\u2087H\u2085N<\/li>\n<li><strong>CAS-Nummer<\/strong>: 100-52-7<\/li>\n<li><strong>Physischer Zustand<\/strong>: Fl\u00fcssigkeit<\/li>\n<li><strong>Farbe<\/strong>: Farblos bis blassgelb<strong>Wesentliche Merkmale:<\/strong>\n<ul>\n<li><strong>Lautst\u00e4rke:<\/strong> 20 Liter<\/li>\n<li><strong>Anwendungen:<\/strong> Ideal f\u00fcr Metallbearbeitung, Materialverarbeitung und andere schwere Industriearbeiten<\/li>\n<li><strong>Eigenschaften:<\/strong> Wirksame Ver\u00e4nderung der Metalleigenschaften zur Verbesserung der Verformbarkeit und der Verarbeitungsfreundlichkeit<\/li>\n<\/ul>\n<\/li>\n<\/ul>","protected":false},"featured_media":736,"comment_status":"open","ping_status":"closed","template":"","meta":{"pagelayer_contact_templates":[],"_pagelayer_content":"","_kadence_starter_templates_imported_post":false,"_kad_post_transparent":"default","_kad_post_title":"","_kad_post_layout":"default","_kad_post_sidebar_id":"","_kad_post_content_style":"default","_kad_post_vertical_padding":"default","_kad_post_feature":"","_kad_post_feature_position":"","_kad_post_header":false,"_kad_post_footer":false},"product_brand":[],"product_cat":[20],"product_tag":[],"class_list":{"0":"post-667","1":"product","2":"type-product","3":"status-publish","4":"has-post-thumbnail","6":"product_cat-caluanie","8":"first","9":"instock","10":"shipping-taxable","11":"purchasable","12":"product-type-variable","13":"entry","14":"content-bg","15":"loop-entry"},"yoast_head":"<!-- This site is optimized with the Yoast SEO plugin v27.3 - https:\/\/yoast.com\/product\/yoast-seo-wordpress\/ -->\n<title>Caluanie Muelear Oxidize 20L for Sale Online - FactorySon<\/title>\n<meta name=\"description\" content=\"Buy caluanie muelear oxidize 20L online conveniently and securely, with a straightforward ordering process for caluanie muelear oxidize 20L for sale. Order now!\" \/>\n<meta name=\"robots\" content=\"index, follow, max-snippet:-1, max-image-preview:large, max-video-preview:-1\" \/>\n<link rel=\"canonical\" href=\"https:\/\/factoryson.com\/de\/product\/caluanie-muelear-oxidize-sale\/\" \/>\n<meta property=\"og:locale\" content=\"de_DE\" \/>\n<meta property=\"og:type\" content=\"article\" \/>\n<meta property=\"og:title\" content=\"Caluanie Muelear Oxidize 20L for Sale Online - FactorySon\" \/>\n<meta property=\"og:description\" content=\"Buy caluanie muelear oxidize 20L online conveniently and securely, with a straightforward ordering process for caluanie muelear oxidize 20L for sale. Order now!\" \/>\n<meta property=\"og:url\" content=\"https:\/\/factoryson.com\/de\/product\/caluanie-muelear-oxidize-sale\/\" \/>\n<meta property=\"og:site_name\" content=\"FactorySon\" \/>\n<meta property=\"article:modified_time\" content=\"2026-04-01T17:35:52+00:00\" \/>\n<meta property=\"og:image\" content=\"https:\/\/factoryson.com\/wp-content\/uploads\/2024\/11\/Caluanie-Muelear-Oxidize-20L.gif\" \/>\n\t<meta property=\"og:image:width\" content=\"600\" \/>\n\t<meta property=\"og:image:height\" content=\"600\" \/>\n\t<meta property=\"og:image:type\" content=\"image\/gif\" \/>\n<meta name=\"twitter:card\" content=\"summary_large_image\" \/>\n<meta name=\"twitter:label1\" content=\"Gesch\u00e4tzte Lesezeit\" \/>\n\t<meta name=\"twitter:data1\" content=\"3\u00a0Minuten\" \/>\n<script type=\"application\/ld+json\" class=\"yoast-schema-graph\">{\"@context\":\"https:\\\/\\\/schema.org\",\"@graph\":[{\"@type\":\"WebPage\",\"@id\":\"https:\\\/\\\/factoryson.com\\\/product\\\/caluanie-muelear-oxidize-sale\\\/\",\"url\":\"https:\\\/\\\/factoryson.com\\\/product\\\/caluanie-muelear-oxidize-sale\\\/\",\"name\":\"Caluanie Muelear Oxidize 20L for Sale Online - FactorySon\",\"isPartOf\":{\"@id\":\"https:\\\/\\\/factoryson.com\\\/#website\"},\"primaryImageOfPage\":{\"@id\":\"https:\\\/\\\/factoryson.com\\\/product\\\/caluanie-muelear-oxidize-sale\\\/#primaryimage\"},\"image\":{\"@id\":\"https:\\\/\\\/factoryson.com\\\/product\\\/caluanie-muelear-oxidize-sale\\\/#primaryimage\"},\"thumbnailUrl\":\"https:\\\/\\\/factoryson.com\\\/wp-content\\\/uploads\\\/2024\\\/11\\\/Caluanie-Muelear-Oxidize-20L.gif\",\"datePublished\":\"2024-11-08T05:03:38+00:00\",\"dateModified\":\"2026-04-01T17:35:52+00:00\",\"description\":\"Buy caluanie muelear oxidize 20L online conveniently and securely, with a straightforward ordering process for caluanie muelear oxidize 20L for sale. Order now!\",\"breadcrumb\":{\"@id\":\"https:\\\/\\\/factoryson.com\\\/product\\\/caluanie-muelear-oxidize-sale\\\/#breadcrumb\"},\"inLanguage\":\"de\",\"potentialAction\":[{\"@type\":\"ReadAction\",\"target\":[\"https:\\\/\\\/factoryson.com\\\/product\\\/caluanie-muelear-oxidize-sale\\\/\"]}]},{\"@type\":\"ImageObject\",\"inLanguage\":\"de\",\"@id\":\"https:\\\/\\\/factoryson.com\\\/product\\\/caluanie-muelear-oxidize-sale\\\/#primaryimage\",\"url\":\"https:\\\/\\\/factoryson.com\\\/wp-content\\\/uploads\\\/2024\\\/11\\\/Caluanie-Muelear-Oxidize-20L.gif\",\"contentUrl\":\"https:\\\/\\\/factoryson.com\\\/wp-content\\\/uploads\\\/2024\\\/11\\\/Caluanie-Muelear-Oxidize-20L.gif\",\"width\":600,\"height\":600,\"caption\":\"Caluanie Muelear Oxidize 20L for Sale\"},{\"@type\":\"BreadcrumbList\",\"@id\":\"https:\\\/\\\/factoryson.com\\\/product\\\/caluanie-muelear-oxidize-sale\\\/#breadcrumb\",\"itemListElement\":[{\"@type\":\"ListItem\",\"position\":1,\"name\":\"Home\",\"item\":\"https:\\\/\\\/factoryson.com\\\/nl\\\/\"},{\"@type\":\"ListItem\",\"position\":2,\"name\":\"Shop\",\"item\":\"https:\\\/\\\/factoryson.com\\\/nl\\\/shop\\\/\"},{\"@type\":\"ListItem\",\"position\":3,\"name\":\"Caluanie Muelear Oxidize 20L for Sale\"}]},{\"@type\":\"WebSite\",\"@id\":\"https:\\\/\\\/factoryson.com\\\/#website\",\"url\":\"https:\\\/\\\/factoryson.com\\\/\",\"name\":\"FactorySon\",\"description\":\"My WordPress Blog\",\"potentialAction\":[{\"@type\":\"SearchAction\",\"target\":{\"@type\":\"EntryPoint\",\"urlTemplate\":\"https:\\\/\\\/factoryson.com\\\/?s={search_term_string}\"},\"query-input\":{\"@type\":\"PropertyValueSpecification\",\"valueRequired\":true,\"valueName\":\"search_term_string\"}}],\"inLanguage\":\"de\"}]}<\/script>\n<!-- \/ Yoast SEO plugin. -->","yoast_head_json":{"title":"Caluanie Muelear Oxidize 20L zum Online-Verkauf - FactorySon","description":"Kaufen Sie caluanie muelear oxidize 20L bequem und sicher online, mit einem unkomplizierten Bestellvorgang f\u00fcr caluanie muelear oxidize 20L zum Verkauf. Jetzt bestellen!","robots":{"index":"index","follow":"follow","max-snippet":"max-snippet:-1","max-image-preview":"max-image-preview:large","max-video-preview":"max-video-preview:-1"},"canonical":"https:\/\/factoryson.com\/de\/product\/caluanie-muelear-oxidize-sale\/","og_locale":"de_DE","og_type":"article","og_title":"Caluanie Muelear Oxidize 20L for Sale Online - FactorySon","og_description":"Buy caluanie muelear oxidize 20L online conveniently and securely, with a straightforward ordering process for caluanie muelear oxidize 20L for sale. Order now!","og_url":"https:\/\/factoryson.com\/de\/product\/caluanie-muelear-oxidize-sale\/","og_site_name":"FactorySon","article_modified_time":"2026-04-01T17:35:52+00:00","og_image":[{"width":600,"height":600,"url":"https:\/\/factoryson.com\/wp-content\/uploads\/2024\/11\/Caluanie-Muelear-Oxidize-20L.gif","type":"image\/gif"}],"twitter_card":"summary_large_image","twitter_misc":{"Gesch\u00e4tzte Lesezeit":"3\u00a0Minuten"},"schema":{"@context":"https:\/\/schema.org","@graph":[{"@type":"WebPage","@id":"https:\/\/factoryson.com\/product\/caluanie-muelear-oxidize-sale\/","url":"https:\/\/factoryson.com\/product\/caluanie-muelear-oxidize-sale\/","name":"Caluanie Muelear Oxidize 20L zum Online-Verkauf - FactorySon","isPartOf":{"@id":"https:\/\/factoryson.com\/#website"},"primaryImageOfPage":{"@id":"https:\/\/factoryson.com\/product\/caluanie-muelear-oxidize-sale\/#primaryimage"},"image":{"@id":"https:\/\/factoryson.com\/product\/caluanie-muelear-oxidize-sale\/#primaryimage"},"thumbnailUrl":"https:\/\/factoryson.com\/wp-content\/uploads\/2024\/11\/Caluanie-Muelear-Oxidize-20L.gif","datePublished":"2024-11-08T05:03:38+00:00","dateModified":"2026-04-01T17:35:52+00:00","description":"Kaufen Sie caluanie muelear oxidize 20L bequem und sicher online, mit einem unkomplizierten Bestellvorgang f\u00fcr caluanie muelear oxidize 20L zum Verkauf. Jetzt bestellen!","breadcrumb":{"@id":"https:\/\/factoryson.com\/product\/caluanie-muelear-oxidize-sale\/#breadcrumb"},"inLanguage":"de","potentialAction":[{"@type":"ReadAction","target":["https:\/\/factoryson.com\/product\/caluanie-muelear-oxidize-sale\/"]}]},{"@type":"ImageObject","inLanguage":"de","@id":"https:\/\/factoryson.com\/product\/caluanie-muelear-oxidize-sale\/#primaryimage","url":"https:\/\/factoryson.com\/wp-content\/uploads\/2024\/11\/Caluanie-Muelear-Oxidize-20L.gif","contentUrl":"https:\/\/factoryson.com\/wp-content\/uploads\/2024\/11\/Caluanie-Muelear-Oxidize-20L.gif","width":600,"height":600,"caption":"Caluanie Muelear Oxidize 20L for Sale"},{"@type":"BreadcrumbList","@id":"https:\/\/factoryson.com\/product\/caluanie-muelear-oxidize-sale\/#breadcrumb","itemListElement":[{"@type":"ListItem","position":1,"name":"Home","item":"https:\/\/factoryson.com\/nl\/"},{"@type":"ListItem","position":2,"name":"Shop","item":"https:\/\/factoryson.com\/nl\/shop\/"},{"@type":"ListItem","position":3,"name":"Caluanie Muelear Oxidize 20L for Sale"}]},{"@type":"WebSite","@id":"https:\/\/factoryson.com\/#website","url":"https:\/\/factoryson.com\/","name":"FabrikSon","description":"Mein WordPress-Blog","potentialAction":[{"@type":"SearchAction","target":{"@type":"EntryPoint","urlTemplate":"https:\/\/factoryson.com\/?s={search_term_string}"},"query-input":{"@type":"PropertyValueSpecification","valueRequired":true,"valueName":"search_term_string"}}],"inLanguage":"de"}]}},"_links":{"self":[{"href":"https:\/\/factoryson.com\/de\/wp-json\/wp\/v2\/product\/667","targetHints":{"allow":["GET"]}}],"collection":[{"href":"https:\/\/factoryson.com\/de\/wp-json\/wp\/v2\/product"}],"about":[{"href":"https:\/\/factoryson.com\/de\/wp-json\/wp\/v2\/types\/product"}],"replies":[{"embeddable":true,"href":"https:\/\/factoryson.com\/de\/wp-json\/wp\/v2\/comments?post=667"}],"wp:featuredmedia":[{"embeddable":true,"href":"https:\/\/factoryson.com\/de\/wp-json\/wp\/v2\/media\/736"}],"wp:attachment":[{"href":"https:\/\/factoryson.com\/de\/wp-json\/wp\/v2\/media?parent=667"}],"wp:term":[{"taxonomy":"product_brand","embeddable":true,"href":"https:\/\/factoryson.com\/de\/wp-json\/wp\/v2\/product_brand?post=667"},{"taxonomy":"product_cat","embeddable":true,"href":"https:\/\/factoryson.com\/de\/wp-json\/wp\/v2\/product_cat?post=667"},{"taxonomy":"product_tag","embeddable":true,"href":"https:\/\/factoryson.com\/de\/wp-json\/wp\/v2\/product_tag?post=667"}],"curies":[{"name":"wp","href":"https:\/\/api.w.org\/{rel}","templated":true}]}}