{"id":666,"date":"2024-11-08T05:03:38","date_gmt":"2024-11-08T05:03:38","guid":{"rendered":"https:\/\/pvpgrams.com\/factory\/?post_type=product&#038;p=666"},"modified":"2026-04-01T05:47:28","modified_gmt":"2026-04-01T05:47:28","slug":"buy-isocyanic-acid-caluanie","status":"publish","type":"product","link":"https:\/\/factoryson.com\/de\/product\/buy-isocyanic-acid-caluanie\/","title":{"rendered":"Isocyans\u00e4ure A-B Caluanie"},"content":{"rendered":"<h2>Isocyans\u00e4ure A-B Caluanie online kaufen <a href=\"https:\/\/factoryson.com\/de\/product\/5l-caluanie-muelear-pasteurize\/\">-<\/a> Hochleistungsf\u00e4higes Industriecompound f\u00fcr Beschichtungen und Isolierungen<\/h2>\n<p>Auf der Suche nach <strong>b<\/strong><strong>u<\/strong><strong>y <\/strong><strong>Isocyans\u00e4ure A-B Caluanie<\/strong> <strong>online<\/strong>? Auch bekannt als <strong>Caluanie Muelear Oxidieren<\/strong>Diese vielseitige Verbindung ist bekannt f\u00fcr ihre starken Bindungsf\u00e4higkeiten und ihre chemische Reaktivit\u00e4t, wodurch sie sich ideal eignet f\u00fcr <strong>industrielle Beschichtungen, Isolierung und Polyurethanherstellung<\/strong>. Verf\u00fcgbar f\u00fcr <strong>Massen-, Gro\u00dfhandels- und Spezialauftr\u00e4ge<\/strong>FactorySon liefert Isocyans\u00e4ure A-B Caluanie in Premium-Qualit\u00e4t, um den hohen Bedarf in der Automobil-, Bau- und Fertigungsindustrie zu decken. <strong>Isocyans\u00e4ure A-B Caluanie zum Online-Verkauf<\/strong>.<\/p>\n<h3>Warum Isocyans\u00e4ure A-B Caluanie w\u00e4hlen?<\/h3>\n<p>Isocyans\u00e4ure A-B Caluanie ist eine leistungsstarke L\u00f6sung f\u00fcr Branchen, die <strong>starke Klebe- und Beschichtungseigenschaften<\/strong>. Aufgrund seiner F\u00e4higkeit, Isocyanate zu bilden, wird es h\u00e4ufig zur Herstellung von <strong>Hartschaumstoffe, Elastomere und Schutzbeschichtungen<\/strong>. Bekannt f\u00fcr <strong>Haltbarkeit, Korrosionsbest\u00e4ndigkeit und Witterungsbest\u00e4ndigkeit<\/strong>ist es die erste Wahl f\u00fcr Fachleute in <strong>Autoreparaturen, Geb\u00e4udeisolierung und Oberfl\u00e4chenbeschichtungen<\/strong>.<\/p>\n<h4>Die wichtigsten Vorteile von Isocyans\u00e4ure A-B Caluanie zum Verkauf<\/h4>\n<ul>\n<li><strong>Hohe Reaktivit\u00e4t und Bindung<\/strong>: Hervorragend geeignet zum Verkleben von Materialien wie <strong>Aluminium, Glasfaser, Stahl, Holz und Zement<\/strong>.<\/li>\n<li><strong>Langlebig und widerstandsf\u00e4hig<\/strong>: Korrosions- und witterungsbest\u00e4ndig, daher geeignet f\u00fcr <strong>Schutzbeschichtungen f\u00fcr Bauwerke und Fahrzeuge<\/strong>.<\/li>\n<li><strong>Breite industrielle Anwendungen<\/strong>: Verwendet in <strong>Herstellung von Polyurethanschaum<\/strong> f\u00fcr die Isolierung, und in <strong>Beschichtungen f\u00fcr Fu\u00dfb\u00f6den, Decks, Ladefl\u00e4chen von Lastkraftwagen und Anh\u00e4ngern<\/strong>.<\/li>\n<li><strong>Kosteneffiziente L\u00f6sung<\/strong>: Ideal f\u00fcr die Massenproduktion von Diisocyanaten wie <strong>HDI, TDI und MDI<\/strong>die in Weichschaumstoffen, Klebstoffen und Elastomeren verwendet werden.<\/li>\n<\/ul>\n<h3>Anwendungen von Isocyans\u00e4ure A-B Caluanie zum Verkauf<\/h3>\n<ol>\n<li><strong>Polyurethan-Produktion<\/strong>: Schl\u00fcssel zur Herstellung von Diisocyanatos, das in <strong>Polyurethan-Schaumstoffe f\u00fcr die Isolierung<\/strong>Einstreu, Verpackungen und Dichtungsmittel.<\/li>\n<li><strong>Automobil- und Industrielacke<\/strong>: Bietet Hochleistungsbeschichtungen f\u00fcr <strong>Lkw-Ladefl\u00e4chen, Stahlkonstruktionen und andere Schwerlastger\u00e4te<\/strong>zum Schutz vor Abnutzung und Verschlei\u00df.<\/li>\n<li><strong>Geb\u00e4udeisolierung<\/strong>: Unverzichtbar bei der Herstellung von Hartschaumstoffen f\u00fcr <strong>Isolierung von Wohnungen, K\u00fchlschr\u00e4nken und Industrieanlagen<\/strong>.<\/li>\n<li><strong>Kleben verschiedener Materialien<\/strong>: Geeignet f\u00fcr die Verklebung <strong>Glas, Gummi, Karton, Holz und Metall<\/strong> Oberfl\u00e4chen, mit ausgezeichneter Haftung und Haltbarkeit.<\/li>\n<\/ol>\n<h3>In gro\u00dfen Mengen erh\u00e4ltlich - Gro\u00dfhandelsbestellungen und wettbewerbsf\u00e4hige Preise<\/h3>\n<p>FactorySon bietet <strong>Isocyans\u00e4ure A-B Caluanie<\/strong> in <strong>Massen- und Gro\u00dfhandelsmengen<\/strong>Damit ist FactorySon eine kosteng\u00fcnstige Option f\u00fcr Hersteller und Branchen, die gro\u00dfe Mengen ben\u00f6tigen. Mit wettbewerbsf\u00e4higen Preisen und schnellem Versand gew\u00e4hrleistet FactorySon eine zuverl\u00e4ssige Lieferung und hohe Qualit\u00e4t.<\/p>\n<h4>Vorteile beim Gro\u00dfeinkauf:<\/h4>\n<ul>\n<li><strong>Kosteneinsparungen bei Auftr\u00e4gen mit hohem Volumen<\/strong>: Ideal f\u00fcr industrielle Gro\u00dfanwendungen.<\/li>\n<li><strong>Zuverl\u00e4ssiger und schneller Versand<\/strong>: Rechtzeitige Lieferung, damit Ihre Produktion auf Kurs bleibt.<\/li>\n<li><strong>Flexible Mengen<\/strong>: Bestellen Sie genau die richtige Menge f\u00fcr Ihren Gesch\u00e4ftsbedarf, mit Optionen f\u00fcr kleine und gro\u00dfe Bestellungen.<\/li>\n<\/ul>\n<p><strong>Bestellen Sie Isocyans\u00e4ure A-B Caluanie online bei FactorySon Today<\/strong><\/p>\n<p>M\u00f6chten Sie eine Bestellung aufgeben? Kontaktieren Sie <strong>FabrikSon<\/strong> zu <strong>kaufen<\/strong> <strong>Isocyans\u00e4ure A-B Caluanie online<\/strong> und erfahren Sie mehr \u00fcber <strong>Preise, Sicherheitsdaten und Versandoptionen<\/strong>. Ganz gleich, ob Sie es f\u00fcr die Automobilindustrie, das Baugewerbe oder die Fertigung ben\u00f6tigen, FactorySon's Isocyans\u00e4ure A-B Caluanie ist die industrielle L\u00f6sung, die jedes Mal Qualit\u00e4t und Konsistenz liefert.<\/p>\n<h3><strong>Sicherheitsleitfaden f\u00fcr die Handhabung von Isocyans\u00e4ure A-B Caluanie<\/strong><\/h3>\n<p>Richtige Handhabung von <a href=\"https:\/\/en.wikipedia.org\/wiki\/Isocyanic_acid\"><strong>Isocyans\u00e4ure A-B Caluanie<\/strong><\/a> ist wichtig, um Sicherheit und optimale Leistung zu gew\u00e4hrleisten. Hier sind die wichtigsten Leitlinien:<\/p>\n<ul>\n<li>Tragen Sie geeignete Schutzkleidung, einschlie\u00dflich Handschuhe und Schutzbrille.<\/li>\n<li>An einem k\u00fchlen, trockenen Ort aufbewahren, fern von Hitze und Sonnenlicht.<\/li>\n<li>In einem gut bel\u00fcfteten Bereich verwenden, um das Einatmen von D\u00e4mpfen zu vermeiden.<\/li>\n<li>Entsorgen Sie das unbenutzte Produkt gem\u00e4\u00df den \u00f6rtlichen Umweltvorschriften.<\/li>\n<\/ul>\n<p>Siehe unser <strong>Sicherheitsleitfaden f\u00fcr den Umgang mit Isocyans\u00e4ure A-B Caluanie<\/strong> f\u00fcr detaillierte Anweisungen.<\/p>\n<h3><strong>Kontaktieren Sie Factoryson noch heute<\/strong><\/h3>\n<p>F\u00fcr <strong>vertrauensw\u00fcrdige Lieferanten von Isocyans\u00e4ure A-B Caluanie<\/strong>, choose Factoryson. Whether you need <strong>hochreine Isocyans\u00e4ure A-B Caluanie<\/strong> f\u00fcr <strong>chemische L\u00f6sungen f\u00fcr die Zerkleinerung von Metallen<\/strong> oder <strong>Bergbauchemikalien f\u00fcr die Metallgewinnung<\/strong>haben wir die richtigen Produkte f\u00fcr Ihr Unternehmen. Kontaktieren Sie uns noch heute, um <strong>Isocyans\u00e4ure A-B Caluanie online kaufen<\/strong>erkunden <strong>Gro\u00dfeinkaufsoptionen<\/strong>und verbessern Ihre industriellen Prozesse.<\/p>\n<p>Factoryson-Ihr zuverl\u00e4ssiger Partner f\u00fcr <a href=\"https:\/\/factoryson.com\/de\/product\/isocyanic-acid-a-b-caluanie\/\"><strong>Isocyans\u00e4ure A-B Caluanie zu verkaufen<\/strong><\/a>!<\/p>","protected":false},"excerpt":{"rendered":"<h4><strong>Isocyans\u00e4ure (HNCO)<\/strong><\/h4>\n<p><strong>Isocyans\u00e4ure<\/strong> ist eine einfache organische Verbindung mit der chemischen Formel HNCO. Sie ist ein Isomer der Cyans\u00e4ure (HOCN) und spielt in verschiedenen chemischen Prozessen eine Rolle. Hier finden Sie einen \u00dcberblick \u00fcber ihre Eigenschaften und Verwendungen:<\/p>\n<p><strong>Chemische Bezeichnung:<\/strong> Isocyans\u00e4ure A - B<br \/>\n<strong>Art:<\/strong> S\u00e4ure ISOCIAN<br \/>\n<strong>Die Dichte:<\/strong> 1450 g\/l.<br \/>\n<strong>Chemische Formel:<\/strong> HN = C = O<br \/>\n<strong>Rationale Formel:<\/strong> CHNO<br \/>\n<strong>CAS-Registrierungsnummer:<\/strong> 75-13-8<br \/>\n<strong>PubChem:<\/strong> 6347<br \/>\nEINECS-Registrierungsnummer: 616-189-3<br \/>\nSie ist ein Isomer der Fulmi...noins\u00e4ure (H-C\u2261N \u2192 O).<\/p>\n<p><strong>Anwendungen:<\/strong><\/p>\n<ul>\n<li><strong>Polyurethan-Produktion:<\/strong> Isocyans\u00e4ure wird bei der Herstellung von Polyurethanen f\u00fcr Bettwaren, Teppichb\u00f6den und Verpackungsmaterialien verwendet.<\/li>\n<li><strong>Dichtstoffe und Klebstoffe:<\/strong> Es dient als Vorprodukt f\u00fcr die Herstellung von Dichtstoffen, Klebstoffen und Elastomeren.<\/li>\n<li><strong>Hartschaumstoffe:<\/strong> Die Verbindung wird zur Herstellung von Hartschaumstoffen f\u00fcr die Isolierung von K\u00fchlschr\u00e4nken und Wohnungen verwendet.<\/li>\n<li><strong>Oberfl\u00e4chenbeschichtungen:<\/strong> Aufgrund ihrer Langlebigkeit, Witterungs- und Korrosionsbest\u00e4ndigkeit ist Isocyans\u00e4ure ideal f\u00fcr Oberfl\u00e4chenbeschichtungen von Materialien wie Aluminium, Stahl, Glasfaser, Holz und Zement.<\/li>\n<li><strong>Automobilindustrie:<\/strong> Es wird zunehmend in der Karosseriereparatur und in der Geb\u00e4uded\u00e4mmung eingesetzt.<\/li>\n<\/ul>","protected":false},"featured_media":735,"comment_status":"closed","ping_status":"closed","template":"","meta":{"pagelayer_contact_templates":[],"_pagelayer_content":"","_kadence_starter_templates_imported_post":false,"_kad_post_transparent":"default","_kad_post_title":"","_kad_post_layout":"default","_kad_post_sidebar_id":"","_kad_post_content_style":"default","_kad_post_vertical_padding":"default","_kad_post_feature":"","_kad_post_feature_position":"","_kad_post_header":false,"_kad_post_footer":false},"product_brand":[],"product_cat":[20],"product_tag":[],"class_list":{"0":"post-666","1":"product","2":"type-product","3":"status-publish","4":"has-post-thumbnail","6":"product_cat-caluanie","8":"first","9":"instock","10":"shipping-taxable","11":"purchasable","12":"product-type-variable","13":"entry","14":"content-bg","15":"loop-entry"},"yoast_head":"<!-- This site is optimized with the Yoast SEO plugin v27.3 - https:\/\/yoast.com\/product\/yoast-seo-wordpress\/ -->\n<title>Buy Isocyanic Acid A-B Caluanie - Isocyanic Acid A-B for Sale<\/title>\n<meta name=\"description\" content=\"If you want to buy isocyanic acid a-b caluanie online and looking for a reliable online store, then buy here. We offer only high-quality isocyanic acid a-b caluanie for sale at an affordable price. Order isocyanic acid a-b caluanie Now!\" \/>\n<meta name=\"robots\" content=\"index, follow, max-snippet:-1, max-image-preview:large, max-video-preview:-1\" \/>\n<link rel=\"canonical\" href=\"https:\/\/factoryson.com\/de\/product\/buy-isocyanic-acid-caluanie\/\" \/>\n<meta property=\"og:locale\" content=\"de_DE\" \/>\n<meta property=\"og:type\" content=\"article\" \/>\n<meta property=\"og:title\" content=\"Buy Isocyanic Acid A-B Caluanie - Isocyanic Acid A-B for Sale\" \/>\n<meta property=\"og:description\" content=\"If you want to buy isocyanic acid a-b caluanie online and looking for a reliable online store, then buy here. We offer only high-quality isocyanic acid a-b caluanie for sale at an affordable price. Order isocyanic acid a-b caluanie Now!\" \/>\n<meta property=\"og:url\" content=\"https:\/\/factoryson.com\/de\/product\/buy-isocyanic-acid-caluanie\/\" \/>\n<meta property=\"og:site_name\" content=\"FactorySon\" \/>\n<meta property=\"article:modified_time\" content=\"2026-04-01T05:47:28+00:00\" \/>\n<meta property=\"og:image\" content=\"https:\/\/factoryson.com\/wp-content\/uploads\/2024\/11\/Isocyanic-Acid-A-B-Caluanie.gif\" \/>\n\t<meta property=\"og:image:width\" content=\"600\" \/>\n\t<meta property=\"og:image:height\" content=\"600\" \/>\n\t<meta property=\"og:image:type\" content=\"image\/gif\" \/>\n<meta name=\"twitter:card\" content=\"summary_large_image\" \/>\n<meta name=\"twitter:label1\" content=\"Gesch\u00e4tzte Lesezeit\" \/>\n\t<meta name=\"twitter:data1\" content=\"3\u00a0Minuten\" \/>\n<script type=\"application\/ld+json\" class=\"yoast-schema-graph\">{\"@context\":\"https:\\\/\\\/schema.org\",\"@graph\":[{\"@type\":\"WebPage\",\"@id\":\"https:\\\/\\\/factoryson.com\\\/product\\\/buy-isocyanic-acid-caluanie\\\/\",\"url\":\"https:\\\/\\\/factoryson.com\\\/product\\\/buy-isocyanic-acid-caluanie\\\/\",\"name\":\"Buy Isocyanic Acid A-B Caluanie - Isocyanic Acid A-B for Sale\",\"isPartOf\":{\"@id\":\"https:\\\/\\\/factoryson.com\\\/#website\"},\"primaryImageOfPage\":{\"@id\":\"https:\\\/\\\/factoryson.com\\\/product\\\/buy-isocyanic-acid-caluanie\\\/#primaryimage\"},\"image\":{\"@id\":\"https:\\\/\\\/factoryson.com\\\/product\\\/buy-isocyanic-acid-caluanie\\\/#primaryimage\"},\"thumbnailUrl\":\"https:\\\/\\\/factoryson.com\\\/wp-content\\\/uploads\\\/2024\\\/11\\\/Isocyanic-Acid-A-B-Caluanie.gif\",\"datePublished\":\"2024-11-08T05:03:38+00:00\",\"dateModified\":\"2026-04-01T05:47:28+00:00\",\"description\":\"If you want to buy isocyanic acid a-b caluanie online and looking for a reliable online store, then buy here. We offer only high-quality isocyanic acid a-b caluanie for sale at an affordable price. Order isocyanic acid a-b caluanie Now!\",\"breadcrumb\":{\"@id\":\"https:\\\/\\\/factoryson.com\\\/product\\\/buy-isocyanic-acid-caluanie\\\/#breadcrumb\"},\"inLanguage\":\"de\",\"potentialAction\":[{\"@type\":\"ReadAction\",\"target\":[\"https:\\\/\\\/factoryson.com\\\/product\\\/buy-isocyanic-acid-caluanie\\\/\"]}]},{\"@type\":\"ImageObject\",\"inLanguage\":\"de\",\"@id\":\"https:\\\/\\\/factoryson.com\\\/product\\\/buy-isocyanic-acid-caluanie\\\/#primaryimage\",\"url\":\"https:\\\/\\\/factoryson.com\\\/wp-content\\\/uploads\\\/2024\\\/11\\\/Isocyanic-Acid-A-B-Caluanie.gif\",\"contentUrl\":\"https:\\\/\\\/factoryson.com\\\/wp-content\\\/uploads\\\/2024\\\/11\\\/Isocyanic-Acid-A-B-Caluanie.gif\",\"width\":600,\"height\":600,\"caption\":\"Buy Isocyanic Acid A-B Caluanie Online\"},{\"@type\":\"BreadcrumbList\",\"@id\":\"https:\\\/\\\/factoryson.com\\\/product\\\/buy-isocyanic-acid-caluanie\\\/#breadcrumb\",\"itemListElement\":[{\"@type\":\"ListItem\",\"position\":1,\"name\":\"Home\",\"item\":\"https:\\\/\\\/factoryson.com\\\/nl\\\/\"},{\"@type\":\"ListItem\",\"position\":2,\"name\":\"Shop\",\"item\":\"https:\\\/\\\/factoryson.com\\\/nl\\\/shop\\\/\"},{\"@type\":\"ListItem\",\"position\":3,\"name\":\"Isocyanic Acid A-B Caluanie\"}]},{\"@type\":\"WebSite\",\"@id\":\"https:\\\/\\\/factoryson.com\\\/#website\",\"url\":\"https:\\\/\\\/factoryson.com\\\/\",\"name\":\"FactorySon\",\"description\":\"My WordPress Blog\",\"potentialAction\":[{\"@type\":\"SearchAction\",\"target\":{\"@type\":\"EntryPoint\",\"urlTemplate\":\"https:\\\/\\\/factoryson.com\\\/?s={search_term_string}\"},\"query-input\":{\"@type\":\"PropertyValueSpecification\",\"valueRequired\":true,\"valueName\":\"search_term_string\"}}],\"inLanguage\":\"de\"}]}<\/script>\n<!-- \/ Yoast SEO plugin. -->","yoast_head_json":{"title":"Isocyans\u00e4ure A-B Caluanie kaufen - Isocyans\u00e4ure A-B zu verkaufen","description":"Wenn Sie Isocyans\u00e4ure a-b caluanie online kaufen m\u00f6chten und nach einem zuverl\u00e4ssigen Online-Shop suchen, dann kaufen Sie hier. Wir bieten nur hochwertige Isocyans\u00e4ure a-b caluanie zum Verkauf zu einem g\u00fcnstigen Preis. Bestellen Sie Isocyans\u00e4ure a-b caluanie jetzt!","robots":{"index":"index","follow":"follow","max-snippet":"max-snippet:-1","max-image-preview":"max-image-preview:large","max-video-preview":"max-video-preview:-1"},"canonical":"https:\/\/factoryson.com\/de\/product\/buy-isocyanic-acid-caluanie\/","og_locale":"de_DE","og_type":"article","og_title":"Buy Isocyanic Acid A-B Caluanie - Isocyanic Acid A-B for Sale","og_description":"If you want to buy isocyanic acid a-b caluanie online and looking for a reliable online store, then buy here. We offer only high-quality isocyanic acid a-b caluanie for sale at an affordable price. Order isocyanic acid a-b caluanie Now!","og_url":"https:\/\/factoryson.com\/de\/product\/buy-isocyanic-acid-caluanie\/","og_site_name":"FactorySon","article_modified_time":"2026-04-01T05:47:28+00:00","og_image":[{"width":600,"height":600,"url":"https:\/\/factoryson.com\/wp-content\/uploads\/2024\/11\/Isocyanic-Acid-A-B-Caluanie.gif","type":"image\/gif"}],"twitter_card":"summary_large_image","twitter_misc":{"Gesch\u00e4tzte Lesezeit":"3\u00a0Minuten"},"schema":{"@context":"https:\/\/schema.org","@graph":[{"@type":"WebPage","@id":"https:\/\/factoryson.com\/product\/buy-isocyanic-acid-caluanie\/","url":"https:\/\/factoryson.com\/product\/buy-isocyanic-acid-caluanie\/","name":"Isocyans\u00e4ure A-B Caluanie kaufen - Isocyans\u00e4ure A-B zu verkaufen","isPartOf":{"@id":"https:\/\/factoryson.com\/#website"},"primaryImageOfPage":{"@id":"https:\/\/factoryson.com\/product\/buy-isocyanic-acid-caluanie\/#primaryimage"},"image":{"@id":"https:\/\/factoryson.com\/product\/buy-isocyanic-acid-caluanie\/#primaryimage"},"thumbnailUrl":"https:\/\/factoryson.com\/wp-content\/uploads\/2024\/11\/Isocyanic-Acid-A-B-Caluanie.gif","datePublished":"2024-11-08T05:03:38+00:00","dateModified":"2026-04-01T05:47:28+00:00","description":"Wenn Sie Isocyans\u00e4ure a-b caluanie online kaufen m\u00f6chten und nach einem zuverl\u00e4ssigen Online-Shop suchen, dann kaufen Sie hier. Wir bieten nur hochwertige Isocyans\u00e4ure a-b caluanie zum Verkauf zu einem g\u00fcnstigen Preis. Bestellen Sie Isocyans\u00e4ure a-b caluanie jetzt!","breadcrumb":{"@id":"https:\/\/factoryson.com\/product\/buy-isocyanic-acid-caluanie\/#breadcrumb"},"inLanguage":"de","potentialAction":[{"@type":"ReadAction","target":["https:\/\/factoryson.com\/product\/buy-isocyanic-acid-caluanie\/"]}]},{"@type":"ImageObject","inLanguage":"de","@id":"https:\/\/factoryson.com\/product\/buy-isocyanic-acid-caluanie\/#primaryimage","url":"https:\/\/factoryson.com\/wp-content\/uploads\/2024\/11\/Isocyanic-Acid-A-B-Caluanie.gif","contentUrl":"https:\/\/factoryson.com\/wp-content\/uploads\/2024\/11\/Isocyanic-Acid-A-B-Caluanie.gif","width":600,"height":600,"caption":"Buy Isocyanic Acid A-B Caluanie Online"},{"@type":"BreadcrumbList","@id":"https:\/\/factoryson.com\/product\/buy-isocyanic-acid-caluanie\/#breadcrumb","itemListElement":[{"@type":"ListItem","position":1,"name":"Home","item":"https:\/\/factoryson.com\/nl\/"},{"@type":"ListItem","position":2,"name":"Shop","item":"https:\/\/factoryson.com\/nl\/shop\/"},{"@type":"ListItem","position":3,"name":"Isocyanic Acid A-B Caluanie"}]},{"@type":"WebSite","@id":"https:\/\/factoryson.com\/#website","url":"https:\/\/factoryson.com\/","name":"FabrikSon","description":"Mein WordPress-Blog","potentialAction":[{"@type":"SearchAction","target":{"@type":"EntryPoint","urlTemplate":"https:\/\/factoryson.com\/?s={search_term_string}"},"query-input":{"@type":"PropertyValueSpecification","valueRequired":true,"valueName":"search_term_string"}}],"inLanguage":"de"}]}},"_links":{"self":[{"href":"https:\/\/factoryson.com\/de\/wp-json\/wp\/v2\/product\/666","targetHints":{"allow":["GET"]}}],"collection":[{"href":"https:\/\/factoryson.com\/de\/wp-json\/wp\/v2\/product"}],"about":[{"href":"https:\/\/factoryson.com\/de\/wp-json\/wp\/v2\/types\/product"}],"replies":[{"embeddable":true,"href":"https:\/\/factoryson.com\/de\/wp-json\/wp\/v2\/comments?post=666"}],"wp:featuredmedia":[{"embeddable":true,"href":"https:\/\/factoryson.com\/de\/wp-json\/wp\/v2\/media\/735"}],"wp:attachment":[{"href":"https:\/\/factoryson.com\/de\/wp-json\/wp\/v2\/media?parent=666"}],"wp:term":[{"taxonomy":"product_brand","embeddable":true,"href":"https:\/\/factoryson.com\/de\/wp-json\/wp\/v2\/product_brand?post=666"},{"taxonomy":"product_cat","embeddable":true,"href":"https:\/\/factoryson.com\/de\/wp-json\/wp\/v2\/product_cat?post=666"},{"taxonomy":"product_tag","embeddable":true,"href":"https:\/\/factoryson.com\/de\/wp-json\/wp\/v2\/product_tag?post=666"}],"curies":[{"name":"wp","href":"https:\/\/api.w.org\/{rel}","templated":true}]}}